{"id":11107,"date":"2024-01-26T16:29:16","date_gmt":"2024-01-26T16:29:16","guid":{"rendered":"https:\/\/wsisme.com\/services-de-marketing-numerique\/email-marketing-with-constant-contact\/"},"modified":"2024-02-07T21:45:07","modified_gmt":"2024-02-07T21:45:07","slug":"marketing-par-courriel-avec-constant-contact","status":"publish","type":"page","link":"https:\/\/wsisme.com\/fr\/services-de-marketing-numerique\/marketing-par-courriel-avec-constant-contact\/","title":{"rendered":"Marketing par courriel avec Constant Contact"},"content":{"rendered":"<div class=\"wpb-content-wrapper\">[vc_row full_width=\u00a0\u00bbstretch_row\u00a0\u00bb css=\u00a0\u00bb.vc_custom_1707155147931{margin-top: -20px !important;margin-bottom: -20px !important;padding-top: 40px !important;background-image: url(https:\/\/wsisme.com\/wp-content\/uploads\/2023\/11\/Header_Gradient.webp?id=10869) !important;background-position: center !important;background-repeat: no-repeat !important;background-size: cover !important;}\u00a0\u00bb min_height=\u00a0\u00bb660px\u00a0\u00bb visibility=\u00a0\u00bbvisible-desktop\u00a0\u00bb][vc_column width=\u00a0\u00bb1\/2&Prime; css=\u00a0\u00bb.vc_custom_1700762998595{padding-top: 60px !important;}\u00a0\u00bb][vc_column_text css=\u00a0\u00bb.vc_custom_1707341783021{padding-right: 20px !important;padding-left: 20px !important;}\u00a0\u00bb color=\u00a0\u00bb#ffffff\u00a0\u00bb]\r\n<p class=\"page-title-email-marketing\">Constant Contact : La plateforme de marketing par courriel pour rester engag\u00e9 avec vos clients<\/p>\r\n<p class=\"w60pad\">Profitez de cette puissante plateforme de marketing pour g\u00e9n\u00e9rer des campagnes de courriels percutantes gr\u00e2ce \u00e0 notre r\u00e9duction de 15 % sur tous les plans !<\/p>\r\n[\/vc_column_text][\/vc_column][vc_column width=\u00a0\u00bb1\/2&Prime; css=\u00a0\u00bb.vc_custom_1700751917387{margin-top: 40px !important;}\u00a0\u00bb][vc_single_image image=\u00a0\u00bb11089&Prime; alignment=\u00a0\u00bbcenter\u00a0\u00bb][\/vc_column][\/vc_row][vc_row full_width=\u00a0\u00bbstretch_row\u00a0\u00bb content_placement=\u00a0\u00bbmiddle\u00a0\u00bb css=\u00a0\u00bb.vc_custom_1707155433122{margin-top: -20px !important;margin-bottom: -20px !important;padding-top: 40px !important;background-position: center !important;background-repeat: no-repeat !important;background-size: cover !important;}\u00a0\u00bb min_height=\u00a0\u00bb660px\u00a0\u00bb visibility=\u00a0\u00bbvisible-tablet\u00a0\u00bb][vc_column width=\u00a0\u00bb1\/2&Prime; css=\u00a0\u00bb.vc_custom_1700762998595{padding-top: 60px !important;}\u00a0\u00bb][vc_column_text css=\u00a0\u00bb.vc_custom_1707341792333{padding-right: 20px !important;padding-left: 20px !important;}\u00a0\u00bb]\r\n<p class=\"page-title-email-marketing-alt\">Constant Contact : La plateforme de marketing par courriel pour rester engag\u00e9 avec vos clients<\/p>\r\n<p class=\"w60pad\">Profitez de cette puissante plateforme de marketing pour g\u00e9n\u00e9rer des campagnes de courriels percutantes gr\u00e2ce \u00e0 notre r\u00e9duction de 15 % sur tous les plans !<\/p>\r\n[\/vc_column_text][\/vc_column][vc_column width=\u00a0\u00bb1\/2&Prime;][vc_single_image image=\u00a0\u00bb11089&Prime; img_size=\u00a0\u00bbmedium\u00a0\u00bb alignment=\u00a0\u00bbcenter\u00a0\u00bb][\/vc_column][\/vc_row][vc_row full_width=\u00a0\u00bbstretch_row\u00a0\u00bb css=\u00a0\u00bb.vc_custom_1707155156795{margin-top: -20px !important;margin-bottom: -20px !important;padding-top: 40px !important;background-image: url(https:\/\/wsisme.com\/wp-content\/uploads\/2023\/11\/Header_Gradient.webp?id=10869) !important;background-position: center !important;background-repeat: no-repeat !important;background-size: cover !important;}\u00a0\u00bb min_height=\u00a0\u00bb660px\u00a0\u00bb visibility=\u00a0\u00bbvisible-phone\u00a0\u00bb][vc_column width=\u00a0\u00bb1\/2&Prime; css=\u00a0\u00bb.vc_custom_1700762998595{padding-top: 60px !important;}\u00a0\u00bb][vc_column_text css=\u00a0\u00bb.vc_custom_1707341812789{padding-right: 20px !important;padding-left: 20px !important;}\u00a0\u00bb color=\u00a0\u00bb#ffffff\u00a0\u00bb]\r\n<p class=\"page-title-email-marketing\">Constant Contact : La plateforme de marketing par courriel pour rester engag\u00e9 avec vos clients<\/p>\r\n<p class=\"w60pad\">Profitez de cette puissante plateforme de marketing pour g\u00e9n\u00e9rer des campagnes de courriels percutantes gr\u00e2ce \u00e0 notre r\u00e9duction de 15 % sur tous les plans !<\/p>\r\n[\/vc_column_text][\/vc_column][vc_column width=\u00a0\u00bb1\/2&Prime; css=\u00a0\u00bb.vc_custom_1700751917387{margin-top: 40px !important;}\u00a0\u00bb][vc_single_image image=\u00a0\u00bb11089&Prime; alignment=\u00a0\u00bbcenter\u00a0\u00bb][\/vc_column][\/vc_row][vc_row content_placement=\u00a0\u00bbmiddle\u00a0\u00bb css=\u00a0\u00bb.vc_custom_1706286958591{margin-top: 40px !important;background-color: #ffffff !important;}\u00a0\u00bb][vc_column][vc_column_text css=\u00a0\u00bb.vc_custom_1707341873949{padding-right: 20px !important;padding-left: 20px !important;}\u00a0\u00bb]\r\n<h1 style=\"text-align: center; color: #004876;\">D\u00e9couvrez la puissance du marketing par courriel avec Constant Contact<\/h1>\r\nUne communication efficace avec votre public est essentielle \u00e0 la r\u00e9ussite de votre entreprise. Selon <a href=\"https:\/\/blog.hubspot.com\/marketing\/email-marketing-stats#Ai%20Email%20Marketing%20Statistics\" target=\"_blank\" rel=\"noopener\"><span style=\"font-weight: 400;\">Hubspot<\/span><\/a><span style=\"font-weight: 400;\">, le marketing par courriel a un retour sur investissement impressionnant de 36 $ pour chaque dollar d\u00e9pens\u00e9. Constant Contact, une plateforme renomm\u00e9e de marketing par courriel, offre des outils robustes pour am\u00e9liorer vos strat\u00e9gies de marketing. Que vous soyez propri\u00e9taire d&rsquo;une petite entreprise, un sp\u00e9cialiste du marketing ou un entrepreneur, Constant Contact vous offre une solution intuitive et puissante pour vous connecter avec vos clients et d\u00e9velopper votre entreprise. C&rsquo;est l&rsquo;occasion de commencer avec 15% de r\u00e9duction sur tous les plans ![\/vc_column_text][\/vc_column][\/vc_row][vc_row full_width=\u00a0\u00bbstretch_row\u00a0\u00bb content_placement=\u00a0\u00bbmiddle\u00a0\u00bb css=\u00a0\u00bb.vc_custom_1706637270286{margin-top: 20px !important;margin-bottom: 0px !important;padding-top: 50px !important;padding-bottom: 20px !important;background-color: #f1f1f1 !important;background-position: 0 0 !important;background-repeat: no-repeat !important;}\u00a0\u00bb el_class=\u00a0\u00bblist-sty\u00a0\u00bb][vc_column][vc_column_text]\u00a0<\/span>\r\n<h2 style=\"text-align: center;\">Essayez Constant Contact aujourd&rsquo;hui et obtenez 15 % de rabais!<\/h2>\r\n<p style=\"text-align: center;\">Pr\u00eat \u00e0 am\u00e9liorer votre marketing par courriel? Inscrivez-vous \u00e0 Constant Contact d\u00e8s aujourd&rsquo;hui en utilisant notre lien d&rsquo;affiliation pour b\u00e9n\u00e9ficier d&rsquo;une remise de 15 % et faire le premier pas vers des communications par courriel plus efficaces et plus attrayantes. Vous \u00e9tablirez des relations en un rien de temps !<\/p>\r\n[\/vc_column_text][vc_column_text color=\u00a0\u00bb#ffffff\u00a0\u00bb font_weight=\u00a0\u00bbnormal\u00a0\u00bb css=\u00a0\u00bb.vc_custom_1707341940709{margin-top: 20px !important;margin-bottom: 20px !important;}\u00a0\u00bb]\r\n<p style=\"text-align: center;\"><a id=\"cta_button_434177_b29aaa79-2f7e-4cdf-b541-a125c172c0d0\" class=\"cta_button solid-green large-button\" title=\"LET&#039;S GET STARTED\" href=\"https:\/\/go.constantcontact.com\/signup.jsp?pn=worldsitesmontreal\" target=\"_blank\" rel=\"noopener\">Obtenir 15 % off de rabais sur Constant Contact! <\/a><\/p>\r\n[\/vc_column_text][vc_column_text]\r\n<p style=\"text-align: center;\"><strong>Vous \u00eates d\u00e9j\u00e0 abonn\u00e9 \u00e0 Constant Contact?<\/strong><\/p>\r\n<p style=\"text-align: center;\">Vous n&rsquo;avez pas manqu\u00e9 l\u2019opportunit\u00e9. Vous pouvez <a href=\"https:\/\/wsisme.com\/fr\/nous-joindre\/\">contacter notre \u00e9quipe de support<\/a> et nous vous ferons b\u00e9n\u00e9ficier de cette offre !<\/p>\r\n[\/vc_column_text][\/vc_column][\/vc_row][vc_row css=\u00a0\u00bb.vc_custom_1706638377485{margin-top: 40px !important;}\u00a0\u00bb][vc_column][vc_column_text css=\u00a0\u00bb.vc_custom_1707341999373{padding-right: 20px !important;padding-left: 20px !important;}\u00a0\u00bb]\r\n<h2 style=\"text-align: center; color: #004876;\">Pourquoi nous recommandons le marketing par courriel de Constant Contact aux propri\u00e9taires d&rsquo;entreprise<\/h2>\r\n[\/vc_column_text][vc_row_inner content_placement=\u00a0\u00bbtop\u00a0\u00bb el_class=\u00a0\u00bbbg-section\u00a0\u00bb css=\u00a0\u00bb.vc_custom_1706638597012{margin-top: 60px !important;margin-bottom: 0px !important;}\u00a0\u00bb][vc_column_inner width=\u00a0\u00bb1\/2&Prime; css=\u00a0\u00bb.vc_custom_1700760666612{margin-bottom: 0px !important;padding-top: 0px !important;padding-bottom: 0px !important;}\u00a0\u00bb][vc_single_image image=\u00a0\u00bb11068&Prime; img_size=\u00a0\u00bbthumbnail\u00a0\u00bb alignment=\u00a0\u00bbcenter\u00a0\u00bb css=\u00a0\u00bb.vc_custom_1706638505346{padding-right: 20px !important;padding-bottom: 10px !important;padding-left: 20px !important;}\u00a0\u00bb][vc_column_text css=\u00a0\u00bb.vc_custom_1707342017117{margin-top: 20px !important;padding-right: 20px !important;padding-bottom: 20px !important;padding-left: 20px !important;}\u00a0\u00bb color=\u00a0\u00bb#004876&Prime;]\r\n<p style=\"text-align: center;\"><strong>Interface conviviale<\/strong><\/p>\r\n<p style=\"text-align: center;\">Constant Contact a \u00e9t\u00e9 con\u00e7u dans un souci de facilit\u00e9 d&rsquo;utilisation. Son interface intuitive vous permet de cr\u00e9er de superbes campagnes de courriels sans effort, m\u00eame sans connaissances techniques pr\u00e9alables.<\/p>\r\n[\/vc_column_text][\/vc_column_inner][vc_column_inner width=\u00a0\u00bb1\/2&Prime; css=\u00a0\u00bb.vc_custom_1706637359486{padding-top: 0px !important;padding-right: 20px !important;padding-bottom: 0px !important;padding-left: 20px !important;background-position: center !important;background-repeat: no-repeat !important;background-size: cover !important;}\u00a0\u00bb][vc_single_image image=\u00a0\u00bb11074&Prime; img_size=\u00a0\u00bbthumbnail\u00a0\u00bb alignment=\u00a0\u00bbcenter\u00a0\u00bb css=\u00a0\u00bb.vc_custom_1706638349999{padding-top: 0px !important;padding-right: 20px !important;padding-bottom: 10px !important;padding-left: 20px !important;}\u00a0\u00bb][vc_column_text css=\u00a0\u00bb.vc_custom_1707342092829{margin-top: 20px !important;padding-right: 20px !important;padding-bottom: 20px !important;padding-left: 20px !important;}\u00a0\u00bb color=\u00a0\u00bb#004876&Prime;]\r\n<p style=\"text-align: center;\"><strong>Gestion efficace des listes<\/strong><\/p>\r\n<p style=\"text-align: center;\">Organisez et segmentez vos listes d&#8217;emails en toute simplicit\u00e9. Les outils de gestion de listes de Constant Contact vous permettent de cibler le bon public avec le bon message, augmentant ainsi les taux d&rsquo;engagement et de conversion. Les listes organisables de la plateforme facilitent le respect des lois sur la protection de la vie priv\u00e9e telles que <a href=\"https:\/\/ised-isde.canada.ca\/site\/loi-canadienne-anti-pourriel\/fr\" target=\"_blank\" rel=\"noopener\">CASL<\/a> et <a href=\"https:\/\/wsisme.com\/fr\/blogue\/loi-25-effet-sur-votre-site-web\/\">Law 25<\/a> !<\/p>\r\n[\/vc_column_text][\/vc_column_inner][\/vc_row_inner][vc_row_inner content_placement=\u00a0\u00bbtop\u00a0\u00bb el_class=\u00a0\u00bbbg-section\u00a0\u00bb css=\u00a0\u00bb.vc_custom_1706638465828{margin-bottom: 0px !important;}\u00a0\u00bb][vc_column_inner width=\u00a0\u00bb1\/2&Prime; css=\u00a0\u00bb.vc_custom_1700760666612{margin-bottom: 0px !important;padding-top: 0px !important;padding-bottom: 0px !important;}\u00a0\u00bb][vc_single_image image=\u00a0\u00bb11072&Prime; img_size=\u00a0\u00bbthumbnail\u00a0\u00bb alignment=\u00a0\u00bbcenter\u00a0\u00bb css=\u00a0\u00bb.vc_custom_1706638509527{padding-right: 20px !important;padding-bottom: 10px !important;padding-left: 20px !important;}\u00a0\u00bb][vc_column_text css=\u00a0\u00bb.vc_custom_1707342147564{margin-top: 20px !important;padding-right: 20px !important;padding-bottom: 20px !important;padding-left: 20px !important;}\u00a0\u00bb color=\u00a0\u00bb#004876&Prime;]\r\n<p style=\"text-align: center;\"><strong>Outils d&rsquo;automatisation<\/strong><\/p>\r\n<p style=\"text-align: center;\">Gagnez du temps et augmentez votre efficacit\u00e9 gr\u00e2ce \u00e0 l&rsquo;automatisation. Qu&rsquo;il s&rsquo;agisse de courriels de bienvenue ou de s\u00e9ries d\u00e9clench\u00e9es en fonction des actions de l&rsquo;utilisateur, l&rsquo;automatisation garantit une communication opportune et pertinente avec vos abonn\u00e9s.<\/p>\r\n[\/vc_column_text][\/vc_column_inner][vc_column_inner width=\u00a0\u00bb1\/2&Prime; css=\u00a0\u00bb.vc_custom_1706637359486{padding-top: 0px !important;padding-right: 20px !important;padding-bottom: 0px !important;padding-left: 20px !important;background-position: center !important;background-repeat: no-repeat !important;background-size: cover !important;}\u00a0\u00bb][vc_single_image image=\u00a0\u00bb11078&Prime; img_size=\u00a0\u00bbthumbnail\u00a0\u00bb alignment=\u00a0\u00bbcenter\u00a0\u00bb css=\u00a0\u00bb.vc_custom_1706638270152{padding-top: 0px !important;padding-right: 20px !important;padding-bottom: 10px !important;padding-left: 20px !important;}\u00a0\u00bb][vc_column_text css=\u00a0\u00bb.vc_custom_1707342108700{margin-top: 20px !important;padding-right: 20px !important;padding-bottom: 20px !important;padding-left: 20px !important;}\u00a0\u00bb color=\u00a0\u00bb#004876&Prime;]\r\n<p style=\"text-align: center;\"><strong>Mod\u00e8les personnalisables<\/strong><\/p>\r\n<p style=\"text-align: center;\">Gr\u00e2ce \u00e0 une large gamme de mod\u00e8les personnalisables, vous pouvez facilement concevoir des courriels qui correspondent parfaitement \u00e0 l&rsquo;identit\u00e9 de votre marque. Ces mod\u00e8les sont r\u00e9actifs, ce qui garantit la qualit\u00e9 de vos emails sur n&rsquo;importe quel appareil.<\/p>\r\n[\/vc_column_text][\/vc_column_inner][\/vc_row_inner][vc_row_inner content_placement=\u00a0\u00bbtop\u00a0\u00bb el_class=\u00a0\u00bbbg-section\u00a0\u00bb css=\u00a0\u00bb.vc_custom_1706638470453{margin-bottom: 0px !important;}\u00a0\u00bb][vc_column_inner width=\u00a0\u00bb1\/2&Prime; css=\u00a0\u00bb.vc_custom_1700760666612{margin-bottom: 0px !important;padding-top: 0px !important;padding-bottom: 0px !important;}\u00a0\u00bb][vc_single_image image=\u00a0\u00bb11070&Prime; img_size=\u00a0\u00bbthumbnail\u00a0\u00bb alignment=\u00a0\u00bbcenter\u00a0\u00bb css=\u00a0\u00bb.vc_custom_1706638514625{padding-right: 20px !important;padding-bottom: 10px !important;padding-left: 20px !important;}\u00a0\u00bb][vc_column_text css=\u00a0\u00bb.vc_custom_1707342164004{margin-top: 20px !important;padding-right: 20px !important;padding-bottom: 20px !important;padding-left: 20px !important;}\u00a0\u00bb color=\u00a0\u00bb#004876&Prime;]\r\n<p style=\"text-align: center;\"><strong>Analyse avanc\u00e9e<\/strong><\/p>\r\n<p style=\"text-align: center;\">Suivez le succ\u00e8s de vos campagnes gr\u00e2ce \u00e0 des analyses d\u00e9taill\u00e9es. Comprenez comment votre public interagit avec vos courriels, obtenez des informations sur les taux d&rsquo;ouverture, les taux de clics, et plus encore pour affiner vos strat\u00e9gies.<\/p>\r\n[\/vc_column_text][\/vc_column_inner][vc_column_inner width=\u00a0\u00bb1\/2&Prime; css=\u00a0\u00bb.vc_custom_1706637359486{padding-top: 0px !important;padding-right: 20px !important;padding-bottom: 0px !important;padding-left: 20px !important;background-position: center !important;background-repeat: no-repeat !important;background-size: cover !important;}\u00a0\u00bb][vc_single_image image=\u00a0\u00bb11076&Prime; img_size=\u00a0\u00bbthumbnail\u00a0\u00bb alignment=\u00a0\u00bbcenter\u00a0\u00bb css=\u00a0\u00bb.vc_custom_1706638551790{padding-right: 20px !important;padding-bottom: 10px !important;padding-left: 20px !important;}\u00a0\u00bb][vc_column_text css=\u00a0\u00bb.vc_custom_1707342179261{margin-top: 20px !important;padding-right: 20px !important;padding-bottom: 20px !important;padding-left: 20px !important;}\u00a0\u00bb color=\u00a0\u00bb#004876&Prime;]\r\n<p style=\"text-align: center;\"><strong>Capacit\u00e9s d&rsquo;int\u00e9gration<\/strong><\/p>\r\n<p style=\"text-align: center;\">Constant Contact s&rsquo;int\u00e8gre de mani\u00e8re transparente \u00e0 divers outils et applications professionnels, am\u00e9liorant ainsi votre flux de travail et la gestion de vos donn\u00e9es.<\/p>\r\n[\/vc_column_text][\/vc_column_inner][\/vc_row_inner][\/vc_column][\/vc_row][vc_row content_placement=\u00a0\u00bbmiddle\u00a0\u00bb css=\u00a0\u00bb.vc_custom_1700747608516{margin-top: 40px !important;background-color: #ffffff !important;background-position: 0 0 !important;background-repeat: no-repeat !important;}\u00a0\u00bb min_height=\u00a0\u00bb400px\u00a0\u00bb el_class=\u00a0\u00bbset-bg-right\u00a0\u00bb wpex_bg_position=\u00a0\u00bbright\u00a0\u00bb visibility=\u00a0\u00bbhidden-phone\u00a0\u00bb][vc_column width=\u00a0\u00bb2\/3&Prime;][vc_column_text]\r\n<h3 style=\"color: #016e31;\">Am\u00e9liorez votre strat\u00e9gie de marketing par\r\ncourriel avec WSI Montr\u00e9al<\/h3>\r\nBien que Constant Contact vous offre des outils de marketing par courriel exceptionnels, le v\u00e9ritable potentiel de vos campagnes peut \u00eatre pleinement r\u00e9alis\u00e9 gr\u00e2ce \u00e0 l&rsquo;expertise de WSI Montr\u00e9al. Nous vous invitons \u00e0 explorer nos services de <a href=\"https:\/\/wsisme.com\/fr\/services-de-marketing-numerique\/marketing-par-courriel\/\">marketing par courriel<\/a>, o\u00f9 nous offrons un soutien personnalis\u00e9 et des id\u00e9es strat\u00e9giques pour rehausser vos efforts de marketing par courriel. Notre \u00e9quipe peut vous aider \u00e0 concevoir des campagnes de courriels plus efficaces et plus cibl\u00e9es qui s&rsquo;int\u00e8grent parfaitement \u00e0 votre strat\u00e9gie globale de marketing num\u00e9rique. Nous cr\u00e9ons des campagnes personnalis\u00e9es et percutantes qui trouvent un \u00e9cho aupr\u00e8s de votre public et s&rsquo;alignent sur vos objectifs commerciaux plus larges. Qu&rsquo;il s&rsquo;agisse d&rsquo;affiner votre message, de segmenter votre public pour mieux le cibler ou d&rsquo;int\u00e9grer votre marketing par courriel \u00e0 d&rsquo;autres services de <a href=\"https:\/\/wsisme.com\/fr\/services-de-marketing-numerique\/\">marketing num\u00e9rique<\/a>, notre expertise garantit le succ\u00e8s de votre strat\u00e9gie de marketing par courriel.[\/vc_column_text][\/vc_column][vc_column width=\u00a0\u00bb1\/3&Prime; min_height=\u00a0\u00bb400px\u00a0\u00bb][vc_single_image image=\u00a0\u00bb11043&Prime; img_size=\u00a0\u00bb600&#215;600&Prime;][\/vc_column][\/vc_row][vc_row full_width=\u00a0\u00bbstretch_row\u00a0\u00bb content_placement=\u00a0\u00bbmiddle\u00a0\u00bb css=\u00a0\u00bb.vc_custom_1700648894191{padding-top: 80px !important;padding-bottom: 40px !important;background-color: #004876 !important;}\u00a0\u00bb][vc_column][vc_column_text text_align=\u00a0\u00bbcenter\u00a0\u00bb color=\u00a0\u00bb#ffffff\u00a0\u00bb]<strong>Laissez-nous vous aider \u00e0 lib\u00e9rer le plein potentiel de vos initiatives de marketing par courriel. Gr\u00e2ce aux conseils de WSI Montr\u00e9al et \u00e0 la puissante plateforme de Constant Contact, votre entreprise peut obtenir un plus grand engagement, des relations clients plus solides et une croissance mesurable.<\/strong>[\/vc_column_text][\/vc_column][\/vc_row]<\/div>","protected":false},"excerpt":{"rendered":"[vc_row full_width=\u00a0\u00bbstretch_row\u00a0\u00bb css=\u00a0\u00bb.vc_custom_1707155147931{margin-top: -20px !important;margin-bottom: -20px !important;padding-top: 40px !important;background-image: url(https:\/\/wsisme.com\/wp-content\/uploads\/2023\/11\/Header_Gradient.webp?id=10869) !important;background-position: center !important;background-repeat: no-repeat !important;background-size: cover !important;}\u00a0\u00bb min_height=\u00a0\u00bb660px\u00a0\u00bb visibility=\u00a0\u00bbvisible-desktop\u00a0\u00bb][vc_column width=\u00a0\u00bb1\/2&Prime; css=\u00a0\u00bb.vc_custom_1700762998595{padding-top: 60px !important;}\u00a0\u00bb][vc_column_text css=\u00a0\u00bb.vc_custom_1707341783021{padding-right: 20px !important;padding-left: 20px !important;}\u00a0\u00bb color=\u00a0\u00bb#ffffff\u00a0\u00bb] Constant Contact : La plateforme de marketing par courriel pour rester&hellip;","protected":false},"author":2,"featured_media":0,"parent":8046,"menu_order":26,"comment_status":"closed","ping_status":"closed","template":"","meta":{"_acf_changed":false,"footnotes":""},"class_list":["post-11107","page","type-page","status-publish","hentry","entry","no-media"],"acf":[],"_links":{"self":[{"href":"https:\/\/wsisme.com\/fr\/wp-json\/wp\/v2\/pages\/11107","targetHints":{"allow":["GET"]}}],"collection":[{"href":"https:\/\/wsisme.com\/fr\/wp-json\/wp\/v2\/pages"}],"about":[{"href":"https:\/\/wsisme.com\/fr\/wp-json\/wp\/v2\/types\/page"}],"author":[{"embeddable":true,"href":"https:\/\/wsisme.com\/fr\/wp-json\/wp\/v2\/users\/2"}],"replies":[{"embeddable":true,"href":"https:\/\/wsisme.com\/fr\/wp-json\/wp\/v2\/comments?post=11107"}],"version-history":[{"count":4,"href":"https:\/\/wsisme.com\/fr\/wp-json\/wp\/v2\/pages\/11107\/revisions"}],"predecessor-version":[{"id":11112,"href":"https:\/\/wsisme.com\/fr\/wp-json\/wp\/v2\/pages\/11107\/revisions\/11112"}],"up":[{"embeddable":true,"href":"https:\/\/wsisme.com\/fr\/wp-json\/wp\/v2\/pages\/8046"}],"wp:attachment":[{"href":"https:\/\/wsisme.com\/fr\/wp-json\/wp\/v2\/media?parent=11107"}],"curies":[{"name":"wp","href":"https:\/\/api.w.org\/{rel}","templated":true}]}}