{"id":11540,"date":"2023-05-12T15:49:43","date_gmt":"2023-05-12T15:49:43","guid":{"rendered":"https:\/\/wsisme.com\/chatgpt\/chatgpt-book-thank-you\/"},"modified":"2025-11-25T15:43:07","modified_gmt":"2025-11-25T15:43:07","slug":"chatgpt-ebook-merci","status":"publish","type":"page","link":"https:\/\/wsisme.com\/fr\/chatgpt\/chatgpt-ebook-merci\/","title":{"rendered":"ChatGPT e-book merci"},"content":{"rendered":"<div class=\"wpb-content-wrapper\">[vc_row][vc_column]<h1 class=\"vcex-module vcex-heading vcex-heading-plain\" style=\"text-align:center;\"><span class=\"vcex-heading-inner clr\">Vous \u00eates pr\u00eat !<\/span><\/h1>[vc_column_text css=\u00a0\u00bb.vc_custom_1715027654978{margin-top: 40px !important;margin-bottom: 40px !important;}\u00a0\u00bb]\r\n<p style=\"text-align: center;\">Exploiter la puissance de l&rsquo;IA n&rsquo;a jamais \u00e9t\u00e9 aussi facile ! Nous esp\u00e9rons que vous prendrez plaisir \u00e0 exploiter tout le potentiel de ChatGPT dans votre vie professionnelle et personnelle.<\/p>\r\n[\/vc_column_text][\/vc_column][\/vc_row][vc_row content_placement=\u00a0\u00bbmiddle\u00a0\u00bb][vc_column width=\u00a0\u00bb1\/2&Prime;][vc_column_text]Vous pouvez acc\u00e9der \u00e0 votre exemplaire <strong>gratuit<\/strong> de <em>Unlocking the Potential of ChatGPT : Un guide pour int\u00e9grer l&rsquo;IA dans votre entreprise et votre vie en cliquant sur le bouton ci-dessous.<\/em>[\/vc_column_text][vc_column_text css=\u00a0\u00bb.vc_custom_1764085341324{margin-top: 60px !important;}\u00a0\u00bb]\r\n<p style=\"text-align: center;\"><a class=\"wsi-text-button text-green\" href=\"https:\/\/wsisme.com\/wp-content\/uploads\/2025\/11\/ChatGPT-Ebook-5th-Edition-French.pdf\">TELECHARGER MAINTENANT<\/a><\/p>\r\n[\/vc_column_text][\/vc_column][vc_column width=\u00a0\u00bb1\/2&Prime;][vc_raw_html css=\u00a0\u00bb\u00a0\u00bb]JTNDaW1nJTIwc3JjJTNEJTIyaHR0cHMlM0ElMkYlMkZ3c2lzbWUuY29tJTJGd3AtY29udGVudCUyRnVwbG9hZHMlMkYyMDI1JTJGMTElMkZGUi1DaGF0R1BULTV0aC1FZGl0aW9uLUNvdmVyLVNwcmVhZC53ZWJwJTIyJTIwYWx0JTNEJTIyQ2hhdEdQVCUyMiUzRQ==[\/vc_raw_html][\/vc_column][\/vc_row]\r\n<\/div>","protected":false},"excerpt":{"rendered":"[vc_row][vc_column][vc_column_text css=\u00a0\u00bb.vc_custom_1715027654978{margin-top: 40px !important;margin-bottom: 40px !important;}\u00a0\u00bb] Exploiter la puissance de l&rsquo;IA n&rsquo;a jamais \u00e9t\u00e9 aussi facile ! Nous esp\u00e9rons que vous prendrez plaisir \u00e0 exploiter tout le potentiel de ChatGPT dans votre vie professionnelle et personnelle. [\/vc_column_text][\/vc_column][\/vc_row][vc_row content_placement=\u00a0\u00bbmiddle\u00a0\u00bb][vc_column width=\u00a0\u00bb1\/2&Prime;][vc_column_text]Vous pouvez&hellip;","protected":false},"author":2,"featured_media":0,"parent":11531,"menu_order":0,"comment_status":"closed","ping_status":"closed","template":"","meta":{"_acf_changed":false,"footnotes":""},"class_list":["post-11540","page","type-page","status-publish","hentry","entry","no-media"],"acf":[],"_links":{"self":[{"href":"https:\/\/wsisme.com\/fr\/wp-json\/wp\/v2\/pages\/11540","targetHints":{"allow":["GET"]}}],"collection":[{"href":"https:\/\/wsisme.com\/fr\/wp-json\/wp\/v2\/pages"}],"about":[{"href":"https:\/\/wsisme.com\/fr\/wp-json\/wp\/v2\/types\/page"}],"author":[{"embeddable":true,"href":"https:\/\/wsisme.com\/fr\/wp-json\/wp\/v2\/users\/2"}],"replies":[{"embeddable":true,"href":"https:\/\/wsisme.com\/fr\/wp-json\/wp\/v2\/comments?post=11540"}],"version-history":[{"count":4,"href":"https:\/\/wsisme.com\/fr\/wp-json\/wp\/v2\/pages\/11540\/revisions"}],"predecessor-version":[{"id":12675,"href":"https:\/\/wsisme.com\/fr\/wp-json\/wp\/v2\/pages\/11540\/revisions\/12675"}],"up":[{"embeddable":true,"href":"https:\/\/wsisme.com\/fr\/wp-json\/wp\/v2\/pages\/11531"}],"wp:attachment":[{"href":"https:\/\/wsisme.com\/fr\/wp-json\/wp\/v2\/media?parent=11540"}],"curies":[{"name":"wp","href":"https:\/\/api.w.org\/{rel}","templated":true}]}}