{"id":11819,"date":"2024-06-07T16:40:22","date_gmt":"2024-06-07T16:40:22","guid":{"rendered":"https:\/\/wsisme.com\/realisations\/colorectal-cancer-canada\/"},"modified":"2026-03-24T15:51:11","modified_gmt":"2026-03-24T15:51:11","slug":"cancer-colorectal-canada","status":"publish","type":"page","link":"https:\/\/wsisme.com\/fr\/realisations\/cancer-colorectal-canada\/","title":{"rendered":"Cancer colorectal Canada"},"content":{"rendered":"<div class=\"wpb-content-wrapper\">[vc_row full_width=\u00a0\u00bbstretch_row\u00a0\u00bb css=\u00a0\u00bb.vc_custom_1574887905100{padding-top: 50px !important;padding-bottom: 100px !important;}\u00a0\u00bb][vc_column width=\u00a0\u00bb1\/2&Prime; css=\u00a0\u00bb.vc_custom_1574891451760{padding-right: 30px !important;}\u00a0\u00bb]<h2 class=\"vcex-module vcex-heading vcex-heading-plain portfolio\" style=\"text-align:left;\"><span class=\"vcex-heading-inner clr\">Nouveau site optimis\u00e9 pour Cancer colorectal Canada<\/span><\/h2>[vc_column_text css=\u00a0\u00bb.vc_custom_1774367464706{margin-top: 40px !important;}\u00a0\u00bb el_class=\u00a0\u00bbmore\u00a0\u00bb]Cancer colorectal Canada est l\u2019organisme sans but lucratif vou\u00e9 \u00e0 la sensibilisation, au soutien et \u00e0 la d\u00e9fense des int\u00e9r\u00eats des Canadiens touch\u00e9s par le <a href=\"https:\/\/www.colorectalcancercanada.com\/fr\/\" target=\"_blank\" rel=\"noopener\">cancer colorectal<\/a>. L&rsquo;organisme avait besoin d&rsquo;un site Web plus convivial, optimis\u00e9 pour les moteurs de recherche afin d&rsquo;\u00e9largir sa port\u00e9e et que leur excellente \u00e9quipe d&rsquo;experts m\u00e9dicaux puisse facilement modifier le site eux-m\u00eame pour que le contenu reste frais et \u00e0 jour.\r\n\r\nNous avons cr\u00e9\u00e9 un <a href=\"https:\/\/wsisme.com\/fr\/services-de-marketing-numerique\/developpement-et-entretien-wordpress\/\">site web WordPress r\u00e9actif<\/a>, dot\u00e9 d&rsquo;un design moderne et d&rsquo;un syst\u00e8me de gestion de contenu int\u00e9gr\u00e9. Une base SEO compl\u00e8te a \u00e9t\u00e9 con\u00e7ue, et nous fournissons des efforts continus pour optimiser le contenu et les m\u00e9tadonn\u00e9es afin d&rsquo;am\u00e9liorer le classement dans les moteurs de recherche et le trafic organique.\r\n\r\nLe r\u00e9sultat est un site web rationalis\u00e9 qui am\u00e9liore l&rsquo;exp\u00e9rience de l&rsquo;utilisateur, la visibilit\u00e9 dans les moteurs de recherche, l&rsquo;engagement de la communaut\u00e9 et la sensibilisation au cancer colorectal. Cette puissante plateforme en ligne soutient efficacement leur mission <a href=\"https:\/\/www.colorectalcancercanada.com\/fr\/ce-que-nous-faisons\/\" target=\"_blank\" rel=\"noopener\">d&rsquo;\u00e9ducation et de d\u00e9fense des int\u00e9r\u00eats des Canadiens touch\u00e9s par le cancer colorectal<\/a>.[\/vc_column_text][vc_column_text css=\u00a0\u00bb.vc_custom_1717780630761{margin-top: 40px !important;}\u00a0\u00bb]<a class=\"ic2-link wsi-button border-green medium-button\" href=\"https:\/\/www.colorectalcancercanada.com\/fr\/\" target=\"_blank\" rel=\"noopener\">VISITER LE SITE<\/a>[\/vc_column_text][\/vc_column][vc_column width=\u00a0\u00bb1\/2&Prime; css=\u00a0\u00bb.vc_custom_1574889544288{padding-left: 20px !important;}\u00a0\u00bb][vc_column_text]<strong class=\"green\">Notre travail pour Cancer colorectal Canada comprend plusieurs strat\u00e9gies cl\u00e9s de marketing num\u00e9rique :<\/strong>\r\n<ul class=\"portfolio\">\r\n \t<li><i class=\"fas fa-long-arrow-alt-right\"><\/i>D\u00e9veloppement WordPress<\/li>\r\n \t<li><i class=\"fas fa-long-arrow-alt-right\"><\/i>R\u00e9f\u00e9rencement naturel (SEO)<\/li>\r\n \t<li><i class=\"fas fa-long-arrow-alt-right\"><\/i>R\u00e9f\u00e9rencement local<\/li>\r\n<\/ul>\r\n[\/vc_column_text][\/vc_column][\/vc_row][vc_row full_width=\u00a0\u00bbstretch_row_content\u00a0\u00bb][vc_column css=\u00a0\u00bb.vc_custom_1574967114395{margin-bottom: 0px !important;}\u00a0\u00bb el_class=\u00a0\u00bbnomob\u00a0\u00bb][vc_raw_html]JTNDZGl2JTIwY2xhc3MlM0QlMjJzbGFudGVkLWVsZW1lbnQlMjBsYXllcjMlMjIlM0UlMEElMjAlMjAlMjAlMjAlM0NzdmclMjB2ZXJzaW9uJTNEJTIyMS4yJTIyJTIwcHJlc2VydmVBc3BlY3RSYXRpbyUzRCUyMm5vbmUlMjIlMjB2aWV3Qm94JTNEJTIyMCUyMDAlMjA1NiUyMDU2JTIyJTNFJTBBJTIwJTIwJTIwJTIwJTIwJTIwJTNDcG9seWdvbiUyMGNsYXNzJTNEJTIyZmlsbC1jb2xvcjQlMjIlMjBwb2ludHMlM0QlMjIwJTJDNTYlMjA1NiUyQzAlMjA1NiUyQzU2JTIyJTNFJTNDJTJGcG9seWdvbiUzRSUwQSUyMCUyMCUyMCUyMCUzQyUyRnN2ZyUzRSUwQSUyMCUyMCUzQyUyRmRpdiUzRQ==[\/vc_raw_html][\/vc_column][\/vc_row][vc_row full_width=\u00a0\u00bbstretch_row\u00a0\u00bb css=\u00a0\u00bb.vc_custom_1574888035316{margin-top: -1px !important;background-color: #f2f2f2 !important;}\u00a0\u00bb][vc_column css=\u00a0\u00bb.vc_custom_1574888689097{padding-top: 50px !important;padding-bottom: 50px !important;}\u00a0\u00bb]<h2 class=\"vcex-module vcex-heading vcex-heading-plain portfolio w640\" style=\"text-align:center;\"><span class=\"vcex-heading-inner clr\">Actifs num\u00e9riques cr\u00e9\u00e9s<\/span><\/h2>[vc_single_image image=\u00a0\u00bb11927&Prime; alignment=\u00a0\u00bbcenter\u00a0\u00bb css=\u00a0\u00bb.vc_custom_1718285519171{padding-top: 50px !important;padding-bottom: 50px !important;}\u00a0\u00bb][\/vc_column][\/vc_row][vc_row full_width=\u00a0\u00bbstretch_row\u00a0\u00bb disable_element=\u00a0\u00bbyes\u00a0\u00bb css=\u00a0\u00bb.vc_custom_1620740177382{margin-top: -1px !important;padding-bottom: 50px !important;background-color: #f2f2f2 !important;}\u00a0\u00bb][vc_column][vc_single_image image=\u00a0\u00bb7787&Prime; el_class=\u00a0\u00bbquoteup posrelative\u00a0\u00bb]<h2 class=\"vcex-module vcex-heading vcex-heading-plain portfolio w640\" style=\"text-align:center;\"><span class=\"vcex-heading-inner clr\">They took the time to get to know us, and evaluate our needs.<\/span><\/h2>[vc_column_text css=\u00a0\u00bb.vc_custom_1577985116868{margin-top: 40px !important;}\u00a0\u00bb]\r\n<p style=\"text-align: center;\">WSI Digital Marketing has proven to be a powerful marketing partner for our firm and I can confidently say that they are \u00ab\u00a0the real deal\u00a0\u00bb. We&rsquo;ve worked with other SEO people previously that did not deliver as compared to the results that we are now getting. We&rsquo;ve worked with Chris and the WSI team for close to 2 years now and over that time, we&rsquo;ve evolved the approach by adding tactics, such as Local Optimization and content marketing to increase our leads. WSI has delivered a consistent stream of leads and phone calls and my team closes the deals resulting in a substantial increase on our bottom line. Thank you WSI for making such a positive impact on our business and always being there when we reach out. We&rsquo;re looking forward to what the next year will bring.<\/p>\r\n<p style=\"text-align: center;\"><strong>Robert Brideau \/ Owner, Access Protection <\/strong><\/p>\r\n[\/vc_column_text][vc_separator color=\u00a0\u00bbcustom\u00a0\u00bb border_width=\u00a0\u00bb4&Prime; el_width=\u00a0\u00bb10&Prime; css=\u00a0\u00bb.vc_custom_1574888908783{margin-top: 40px !important;}\u00a0\u00bb accent_color=\u00a0\u00bb#65a5be\u00a0\u00bb][\/vc_column][\/vc_row][vc_row][vc_column][vc_column_text]\r\n<div class=\"wsi-module shoutbox-cta bg-color4\">\r\n<div class=\"split-bg bg-color5\"><\/div>\r\n<div class=\"wsi-site-wrapper h-padding\">\r\n<div class=\"wsi-content-wrapper\">\r\n<div class=\"sbcta-wrapper col12 tab8 mob4 halign-center shadow border-radius flex flex-wrap flex-center space-between bg-color5\">\r\n<div class=\"sbcta-text col8 tab5 mob4\">\r\n<h3 class=\"title-3\">Vous avez une vision. Nous vous aidons \u00e0 la concr\u00e9tiser.<\/h3>\r\n<\/div>\r\n<div class=\"sbcta-button col4 tab3 mob4 text-right\">\r\n\r\n<span id=\"hs-cta-wrapper-5232abdf-93a8-4de9-b6db-e65a0340d753\" class=\"hs-cta-wrapper\"><span id=\"hs-cta-5232abdf-93a8-4de9-b6db-e65a0340d753\" class=\"hs-cta-node hs-cta-5232abdf-93a8-4de9-b6db-e65a0340d753\" data-hs-drop=\"true\"><a id=\"cta_button_434177_b29aaa79-2f7e-4cdf-b541-a125c172c0d0\" class=\"cta_button solid-green large-button\" title=\"LET&#039;S GET STARTED\" href=\"https:\/\/wsisme.com\/fr\/parlez-nous\/\">COMMEN\u00c7ONS<\/a><\/span><\/span>\r\n\r\n<\/div>\r\n<\/div>\r\n<\/div>\r\n<\/div>\r\n<\/div>\r\n[\/vc_column_text][\/vc_column][\/vc_row]<\/div>","protected":false},"excerpt":{"rendered":"[vc_row full_width=\u00a0\u00bbstretch_row\u00a0\u00bb css=\u00a0\u00bb.vc_custom_1574887905100{padding-top: 50px !important;padding-bottom: 100px !important;}\u00a0\u00bb][vc_column width=\u00a0\u00bb1\/2&Prime; css=\u00a0\u00bb.vc_custom_1574891451760{padding-right: 30px !important;}\u00a0\u00bb][vc_column_text css=\u00a0\u00bb.vc_custom_1774367464706{margin-top: 40px !important;}\u00a0\u00bb el_class=\u00a0\u00bbmore\u00a0\u00bb]Cancer colorectal Canada est l\u2019organisme sans but lucratif vou\u00e9 \u00e0 la sensibilisation, au soutien et \u00e0 la d\u00e9fense des int\u00e9r\u00eats des Canadiens touch\u00e9s par le cancer&hellip;","protected":false},"author":2,"featured_media":0,"parent":8026,"menu_order":0,"comment_status":"closed","ping_status":"closed","template":"templates\/no-sidebar.php","meta":{"_acf_changed":false,"footnotes":""},"class_list":["post-11819","page","type-page","status-publish","hentry","entry","no-media"],"acf":[],"_links":{"self":[{"href":"https:\/\/wsisme.com\/fr\/wp-json\/wp\/v2\/pages\/11819","targetHints":{"allow":["GET"]}}],"collection":[{"href":"https:\/\/wsisme.com\/fr\/wp-json\/wp\/v2\/pages"}],"about":[{"href":"https:\/\/wsisme.com\/fr\/wp-json\/wp\/v2\/types\/page"}],"author":[{"embeddable":true,"href":"https:\/\/wsisme.com\/fr\/wp-json\/wp\/v2\/users\/2"}],"replies":[{"embeddable":true,"href":"https:\/\/wsisme.com\/fr\/wp-json\/wp\/v2\/comments?post=11819"}],"version-history":[{"count":7,"href":"https:\/\/wsisme.com\/fr\/wp-json\/wp\/v2\/pages\/11819\/revisions"}],"predecessor-version":[{"id":12847,"href":"https:\/\/wsisme.com\/fr\/wp-json\/wp\/v2\/pages\/11819\/revisions\/12847"}],"up":[{"embeddable":true,"href":"https:\/\/wsisme.com\/fr\/wp-json\/wp\/v2\/pages\/8026"}],"wp:attachment":[{"href":"https:\/\/wsisme.com\/fr\/wp-json\/wp\/v2\/media?parent=11819"}],"curies":[{"name":"wp","href":"https:\/\/api.w.org\/{rel}","templated":true}]}}