{"id":12208,"date":"2025-04-07T20:15:25","date_gmt":"2025-04-07T20:15:25","guid":{"rendered":"https:\/\/wsisme.com\/a-propos\/community-involvement\/"},"modified":"2026-01-29T19:30:52","modified_gmt":"2026-01-29T19:30:52","slug":"engagement-communautaire","status":"publish","type":"page","link":"https:\/\/wsisme.com\/fr\/a-propos\/engagement-communautaire\/","title":{"rendered":"Engagement communautaire"},"content":{"rendered":"<div class=\"wpb-content-wrapper\">[vc_row content_placement=\u00a0\u00bbmiddle\u00a0\u00bb][vc_column width=\u00a0\u00bb1\/2&Prime;][vc_column_text css=\u00a0\u00bb\u00a0\u00bb]\r\n<h1>Engagement communautaire<\/h1>\r\nChez WSI Digital Marketing, nous sommes une \u00e9quipe d&rsquo;<a href=\"https:\/\/wsisme.com\/fr\/\">experts en marketing num\u00e9rique<\/a> qui croient en l&rsquo;importance de redonner \u00e0 la communaut\u00e9 et de soutenir les initiatives locales qui font une diff\u00e9rence. Notre engagement envers l&rsquo;<a href=\"https:\/\/wsisme.com\/fr\/services-de-marketing-numerique\/experts-en-marketing-numerique-ouest-de-lile\/\">implication communautaire dans l&rsquo;Ouest-de-l&rsquo;\u00cele<\/a> repose sur la conviction que des communaut\u00e9s fortes b\u00e2tissent des entreprises solides. Nous sommes fiers de nous associer \u00e0 plusieurs organisations impactantes et de soutenir leurs efforts pour cr\u00e9er un changement positif. Voici une liste de plusieurs initiatives que nous sommes ravis de soutenir, et que nous esp\u00e9rons accro\u00eetre! :[\/vc_column_text][\/vc_column][vc_column width=\u00a0\u00bb1\/2&Prime;][vc_single_image image=\u00a0\u00bb6584&Prime; css=\u00a0\u00bb\u00a0\u00bb][\/vc_column][\/vc_row][vc_row full_width=\u00a0\u00bbstretch_row_content\u00a0\u00bb css=\u00a0\u00bb.vc_custom_1744206094764{margin-top: 40px !important;}\u00a0\u00bb][vc_column][vc_raw_html css=\u00a0\u00bb\u00a0\u00bb]JTNDZGl2JTIwY2xhc3MlM0QlMjJzbGFudGVkLWVsZW1lbnQlMjBsYXllcjMlMjIlM0UlMEElMjAlMjAlMjAlMjAlM0NzdmclMjB2ZXJzaW9uJTNEJTIyMS4yJTIyJTIwcHJlc2VydmVBc3BlY3RSYXRpbyUzRCUyMm5vbmUlMjIlMjB2aWV3Qm94JTNEJTIyMCUyMDAlMjA1NiUyMDU2JTIyJTNFJTBBJTIwJTIwJTIwJTIwJTIwJTIwJTNDcG9seWdvbiUyMGNsYXNzJTNEJTIyZmlsbC1jb2xvcjQlMjIlMjBwb2ludHMlM0QlMjIwJTJDNTYlMjA1NiUyQzAlMjA1NiUyQzU2JTIyJTNFJTNDJTJGcG9seWdvbiUzRSUwQSUyMCUyMCUyMCUyMCUzQyUyRnN2ZyUzRSUwQSUyMCUyMCUzQyUyRmRpdiUzRQ==[\/vc_raw_html][\/vc_column][\/vc_row][vc_row full_width=\u00a0\u00bbstretch_row\u00a0\u00bb css=\u00a0\u00bb.vc_custom_1744206118100{margin-top: -40px !important;background-color: #F2F2F2 !important;}\u00a0\u00bb][vc_column width=\u00a0\u00bb1\/2&Prime; css=\u00a0\u00bb.vc_custom_1744205981186{padding-right: 40px !important;}\u00a0\u00bb][vc_column_text css=\u00a0\u00bb\u00a0\u00bb]\r\n<h2>Scouts de Beaconsfield<\/h2>\r\nNous soutenons fi\u00e8rement les Scouts de Beaconsfield en les aidant \u00e0 maintenir et \u00e0 am\u00e9liorer leur site web et en les assistant dans leur plus grande collecte de fonds annuelle : la Vente de Jardin en Ligne. Notre \u00e9quipe assure non seulement le bon fonctionnement du site web, mais aide \u00e9galement \u00e0 configurer les produits pour la vente, rendant l&rsquo;exp\u00e9rience d&rsquo;achat en ligne fluide. De plus, nous contribuons \u00e0 leurs efforts de marketing en cr\u00e9ant des campagnes par courriel et en g\u00e9rant la publicit\u00e9 sur les r\u00e9seaux sociaux pour augmenter la visibilit\u00e9 et l&rsquo;engagement. Nous sommes honor\u00e9s de soutenir les Scouts de Beaconsfield alors qu&rsquo;ils inspirent le leadership et l&rsquo;esprit communautaire chez les jeunes locaux. En savoir plus sur les <a href=\"https:\/\/beaconsfieldscouts.com\/scouts\/\" target=\"_blank\" rel=\"noopener\">Scouts de Beaconsfield<\/a>.[\/vc_column_text][\/vc_column][vc_column width=\u00a0\u00bb1\/2&Prime;][vc_single_image image=\u00a0\u00bb12196&Prime; css=\u00a0\u00bb\u00a0\u00bb][\/vc_column][\/vc_row][vc_row full_width=\u00a0\u00bbstretch_row\u00a0\u00bb css=\u00a0\u00bb.vc_custom_1744205976388{background-color: #F2F2F2 !important;}\u00a0\u00bb][vc_column width=\u00a0\u00bb1\/2&Prime; css=\u00a0\u00bb.vc_custom_1744205985562{padding-right: 40px !important;}\u00a0\u00bb][vc_single_image image=\u00a0\u00bb12198&Prime; css=\u00a0\u00bb\u00a0\u00bb][\/vc_column][vc_column width=\u00a0\u00bb1\/2&Prime;][vc_column_text css=\u00a0\u00bb\u00a0\u00bb]\r\n<h2>Ricochet\/AJOI<\/h2>\r\nNous sommes heureux de soutenir Ricochet (AJOI), une organisation d\u00e9di\u00e9e \u00e0 offrir un refuge et des ressources aux jeunes et jeunes adultes confront\u00e9s \u00e0 l&rsquo;itin\u00e9rance et \u00e0 l&rsquo;instabilit\u00e9 dans l&rsquo;Ouest-de-l&rsquo;\u00cele de Montr\u00e9al. Dans le cadre de notre engagement, nous contribuons \u00e0 leur campagne annuelle, aidant \u00e0 sensibiliser et \u00e0 collecter des fonds pour assurer la continuit\u00e9 de leurs services vitaux. D\u00e9couvrez-en plus sur leur mission chez <a href=\"https:\/\/www.ajoi.info\/ricochet-hebergement-homes\" target=\"_blank\" rel=\"noopener\">Ricochet\/AJOI<\/a>.[\/vc_column_text][\/vc_column][\/vc_row][vc_row full_width=\u00a0\u00bbstretch_row\u00a0\u00bb content_placement=\u00a0\u00bbmiddle\u00a0\u00bb css=\u00a0\u00bb.vc_custom_1769714636078{padding-top: 30px !important;background-color: #052148 !important;}\u00a0\u00bb][vc_column][vc_column_text css=\u00a0\u00bb\u00a0\u00bb el_class=\u00a0\u00bbwhite\u00a0\u00bb]\r\n<h3 class=\"white\">Alphab\u00e9tisation sans limites<\/h3>\r\n<p class=\"white\">Nous sommes fiers de commanditer l&rsquo;\u00e9v\u00e9nement \u201cUnder the Cover\u201d d&rsquo;Alphab\u00e9tisation sans limites, qui aura lieu mai 2026. Cet \u00e9v\u00e9nement soutient les programmes d&rsquo;alphab\u00e9tisation des adultes qui aident les individus \u00e0 acqu\u00e9rir des comp\u00e9tences essentielles en lecture, en \u00e9criture et en num\u00e9rique. En tant que partenaires de croissance B2B, nous comprenons l&rsquo;importance de l&rsquo;alphab\u00e9tisation dans la cr\u00e9ation d&rsquo;opportunit\u00e9s et l&rsquo;am\u00e9lioration de la qualit\u00e9 de vie. Nous sommes ravis de faire partie de cette initiative et encourageons tout le monde \u00e0 s&rsquo;impliquer. En savoir plus sur l&rsquo;\u00e9v\u00e9nement et l&rsquo;organisation chez <a href=\"https:\/\/literacyunlimited.ca\/\" target=\"_blank\" rel=\"noopener\">Alphab\u00e9tisation sans limites<\/a>.<\/p>\r\n[\/vc_column_text][\/vc_column][\/vc_row][vc_row css=\u00a0\u00bb.vc_custom_1744206351021{padding-top: 30px !important;}\u00a0\u00bb][vc_column][vc_column_text css=\u00a0\u00bb\u00a0\u00bb]\r\n<h2>Redonner chez WSI<\/h2>\r\nNous nous r\u00e9jouissons d&rsquo;approfondir notre implication communautaire et de continuer \u00e0 soutenir des initiatives qui cr\u00e9ent un impact durable. Si vous \u00eates int\u00e9ress\u00e9 \u00e0 en savoir plus sur la mani\u00e8re dont nous combinons notre expertise professionnelle avec un soutien communautaire significatif, ou si vous souhaitez explorer une collaboration avec nous, nous vous invitons \u00e0 <a href=\"https:\/\/wsisme.com\/fr\/nous-joindre\/\">nous contacter<\/a>. Vous pouvez \u00e9galement en savoir plus sur la mani\u00e8re dont nous aidons les organisations \u00e0 cro\u00eetre gr\u00e2ce \u00e0 des strat\u00e9gies de r\u00e9f\u00e9rencement cibl\u00e9es en visitant notre page sur les <a href=\"https:\/\/wsisme.com\/fr\/services-de-marketing-numerique\/referencement-naturel-seo\/\">services de r\u00e9f\u00e9rencement \u00e0 Montr\u00e9al<\/a>.[\/vc_column_text][\/vc_column][\/vc_row]<\/div>","protected":false},"excerpt":{"rendered":"[vc_row content_placement=\u00a0\u00bbmiddle\u00a0\u00bb][vc_column width=\u00a0\u00bb1\/2&Prime;][vc_column_text css=\u00a0\u00bb\u00a0\u00bb] Engagement communautaire Chez WSI Digital Marketing, nous sommes une \u00e9quipe d&rsquo;experts en marketing num\u00e9rique qui croient en l&rsquo;importance de redonner \u00e0 la communaut\u00e9 et de soutenir les initiatives locales qui font une diff\u00e9rence. Notre engagement envers&hellip;","protected":false},"author":2,"featured_media":0,"parent":7702,"menu_order":0,"comment_status":"closed","ping_status":"closed","template":"","meta":{"_acf_changed":false,"footnotes":""},"class_list":["post-12208","page","type-page","status-publish","hentry","entry","no-media"],"acf":[],"_links":{"self":[{"href":"https:\/\/wsisme.com\/fr\/wp-json\/wp\/v2\/pages\/12208","targetHints":{"allow":["GET"]}}],"collection":[{"href":"https:\/\/wsisme.com\/fr\/wp-json\/wp\/v2\/pages"}],"about":[{"href":"https:\/\/wsisme.com\/fr\/wp-json\/wp\/v2\/types\/page"}],"author":[{"embeddable":true,"href":"https:\/\/wsisme.com\/fr\/wp-json\/wp\/v2\/users\/2"}],"replies":[{"embeddable":true,"href":"https:\/\/wsisme.com\/fr\/wp-json\/wp\/v2\/comments?post=12208"}],"version-history":[{"count":9,"href":"https:\/\/wsisme.com\/fr\/wp-json\/wp\/v2\/pages\/12208\/revisions"}],"predecessor-version":[{"id":12750,"href":"https:\/\/wsisme.com\/fr\/wp-json\/wp\/v2\/pages\/12208\/revisions\/12750"}],"up":[{"embeddable":true,"href":"https:\/\/wsisme.com\/fr\/wp-json\/wp\/v2\/pages\/7702"}],"wp:attachment":[{"href":"https:\/\/wsisme.com\/fr\/wp-json\/wp\/v2\/media?parent=12208"}],"curies":[{"name":"wp","href":"https:\/\/api.w.org\/{rel}","templated":true}]}}