{"id":12214,"date":"2025-04-08T15:20:14","date_gmt":"2025-04-08T15:20:14","guid":{"rendered":"https:\/\/wsisme.com\/nous-joindre\/carrieres\/summer-2025-marketing-coordinator\/"},"modified":"2026-04-05T15:30:58","modified_gmt":"2026-04-05T15:30:58","slug":"offre-demploi-etudiant-ete-2026","status":"publish","type":"page","link":"https:\/\/wsisme.com\/fr\/nous-joindre\/carrieres\/offre-demploi-etudiant-ete-2026\/","title":{"rendered":"Offre d&#8217;emploi \u00e9tudiant \u2013 \u00e9t\u00e9 2026"},"content":{"rendered":"<div class=\"wpb-content-wrapper\">[vc_row][vc_column]<h1 class=\"vcex-module vcex-heading vcex-heading-plain\" style=\"text-align:center;\"><span class=\"vcex-heading-inner clr\">Offre d&#8217;emploi \u00e9tudiant \u2013 \u00e9t\u00e9 2026<\/span><\/h1>[vc_column_text css=\u00a0\u00bb\u00a0\u00bb]\r\n<p style=\"text-align: center;\">WSI Digital Marketing cherche \u00e0 embaucher un \u00e9tudiant talentueux dans le domaine du marketing et des communications pour l\u2019\u00e9t\u00e9 2026. Nous recherchons un \u00e9tudiant proactif, bilingue, soucieux du d\u00e9tail, qui \u00e9tudie actuellement en marketing ou communications et souhaite travailler avec une \u00e9quipe dynamique en marketing num\u00e9rique pour acqu\u00e9rir de l&rsquo;exp\u00e9rience et contribuer au succ\u00e8s des campagnes de marketing de nos clients.<\/p>\r\n<p style=\"text-align: center;\"><a class=\"hmpagebtn cta_button solid-green large-button\" href=\"#apply\">Postuler maintenant<\/a><\/p>\r\n[\/vc_column_text][\/vc_column][\/vc_row][vc_row][vc_column][vc_separator border_width=\u00a0\u00bb3&Prime;][\/vc_column][\/vc_row][vc_row][vc_column][vc_column_text css=\u00a0\u00bb.vc_custom_1775150928203{margin-top: 40px !important;}\u00a0\u00bb]\r\n<h2>Coordinatrice(eur) marketing<\/h2>\r\n[\/vc_column_text][vc_column_text css=\u00a0\u00bb.vc_custom_1775150979429{margin-top: 40px !important;}\u00a0\u00bb]\r\n<h2>Responsabilit\u00e9s<\/h2>\r\n<ul>\r\n \t<li>Travailler en collaboration avec notre \u00e9quipe pour soutenir les initiatives de marketing num\u00e9rique de nos clients.<\/li>\r\n \t<li>Cr\u00e9er des textes engageants pour des blogues ou du contenu Web, incluant des graphiques, en fran\u00e7ais et en anglais.<\/li>\r\n \t<li>Participer \u00e0 la coordination des projets en cours<\/li>\r\n \t<li>Aider \u00e0 la cr\u00e9ation de mat\u00e9riels de marketing num\u00e9rique afin d\u2019am\u00e9liorer la visibilit\u00e9 en ligne.<\/li>\r\n \t<li>Cr\u00e9er du contenu et g\u00e9rer les comptes de r\u00e9seaux sociaux de nos clients.<\/li>\r\n \t<li>Int\u00e9grer de nouveaux contenus dans les sites WordPress au besoin.<\/li>\r\n \t<li>Cr\u00e9er et ex\u00e9cuter des campagnes de marketing par courriel.<\/li>\r\n \t<li>Cr\u00e9er et optimiser les profils en ligne de nos clients.<\/li>\r\n \t<li>Travailler avec notre \u00e9quipe de services \u00e0 la client\u00e8le pour communiquer avec les clients, au besoin.<\/li>\r\n \t<li>Communiquer avec notre \u00e9quipe via nos plateformes virtuelles, notamment un syst\u00e8me de gestion de projets et nos plateformes de r\u00e9unions virtuelles, et travailler dans notre CRM.<\/li>\r\n \t<li>Participez \u00e0 nos r\u00e9unions d&rsquo;\u00e9quipe hebdomadaires pour passer en revue le statut des mandats des clients en cours.<\/li>\r\n<\/ul>\r\n[\/vc_column_text][vc_column_text css=\u00a0\u00bb.vc_custom_1775151002589{margin-top: 40px !important;}\u00a0\u00bb]\r\n<h2>Exigences<\/h2>\r\n<ul>\r\n \t<li aria-level=\"1\"><span style=\"font-weight: 400;\">Capacit\u00e9 \u00e0 r\u00e9diger des textes cr\u00e9atifs et \u00e0 cr\u00e9er des visuels et des graphiques.<\/span><span style=\"font-weight: 400;\">\r\n<\/span><\/li>\r\n \t<li aria-level=\"1\"><span style=\"font-weight: 400;\">Ma\u00eetrise de l&rsquo;anglais et du fran\u00e7ais de pr\u00e9f\u00e9rence, tant \u00e0 l&rsquo;oral qu&rsquo;\u00e0 l&rsquo;\u00e9crit.<\/span><span style=\"font-weight: 400;\">\r\n<\/span><\/li>\r\n \t<li aria-level=\"1\"><span style=\"font-weight: 400;\">La ma\u00eetrise de divers outils d&rsquo;intelligence artificielle constitue un atout. <\/span><span style=\"font-weight: 400;\">\r\n<\/span><\/li>\r\n \t<li aria-level=\"1\"><span style=\"font-weight: 400;\">Connaissance pratique de Word, Excel et Google Docs.<\/span><span style=\"font-weight: 400;\">\r\n<\/span><\/li>\r\n \t<li aria-level=\"1\"><span style=\"font-weight: 400;\">Connaissance de Canva, PowerPoint et Photoshop un atout. <\/span><span style=\"font-weight: 400;\">\r\n<\/span><\/li>\r\n \t<li aria-level=\"1\"><span style=\"font-weight: 400;\">Exp\u00e9rience dans le domaine des r\u00e9seaux sociaux serait un atout.<\/span><span style=\"font-weight: 400;\">\r\n<\/span><\/li>\r\n \t<li aria-level=\"1\"><span style=\"font-weight: 400;\">Exp\u00e9rience avec WordPress et les outils de marketing par courriel un atout.<\/span><\/li>\r\n<\/ul>\r\n[\/vc_column_text][vc_column_text css=\u00a0\u00bb.vc_custom_1775151026549{margin-top: 40px !important;}\u00a0\u00bb]\r\n<h2>Comp\u00e9tences<\/h2>\r\n<ul>\r\n \t<li aria-level=\"1\">Esprit d&rsquo;\u00e9quipe<\/li>\r\n \t<li aria-level=\"1\">Excellentes aptitudes interpersonnelles<\/li>\r\n \t<li aria-level=\"1\">Comp\u00e9tences en r\u00e9daction d&rsquo;articles, un atout<\/li>\r\n \t<li aria-level=\"1\">Hautement organis\u00e9 avec un souci du d\u00e9tail<\/li>\r\n \t<li aria-level=\"1\">Cr\u00e9atif, d\u00e9brouillard, proactif et autonome<\/li>\r\n \t<li aria-level=\"1\">Apprentissage rapide des outils technologiques et Web<\/li>\r\n<\/ul>\r\n[\/vc_column_text][vc_raw_js]JTNDYSUyMG5hbWUlM0QlMjJhcHBseSUyMiUzRSUzQyUyRmElM0U=[\/vc_raw_js][vc_column_text css=\u00a0\u00bb.vc_custom_1775402992827{margin-top: 40px !important;}\u00a0\u00bb]\r\n<h3>Informations suppl\u00e9mentaires<\/h3>\r\n<strong>Horaire<\/strong> : 37.5 heures\/semaine\r\n<strong>Salaire<\/strong> : 20$\/h\r\n<strong>Emplacement<\/strong> : Bureau situ\u00e9 au centre de Pointe Claire, plusieurs options de transport public.\r\n\r\nCette opportunit\u00e9 est offerte aux \u00e9tudiants inscrits \u00e0 l&rsquo;universit\u00e9 ou au c\u00e9gep. Pour postuler, veuillez nous envoyer votre c.v. accompagn\u00e9 d&rsquo;une lettre de pr\u00e9sentation d\u00e9crivant comment vous correspondez \u00e0 ce r\u00f4le \u00e0 <a href=\"mailto:info@wsisme.com\">info@wsisme.com<\/a>. Toutes les candidatures seront examin\u00e9es, mais seuls les candidats qualifi\u00e9s seront contact\u00e9s.[\/vc_column_text][\/vc_column][\/vc_row][vc_row][vc_column]<script type=\"text\/javascript\">\n\/* <![CDATA[ *\/\nvar gform;gform||(document.addEventListener(\"gform_main_scripts_loaded\",function(){gform.scriptsLoaded=!0}),document.addEventListener(\"gform\/theme\/scripts_loaded\",function(){gform.themeScriptsLoaded=!0}),window.addEventListener(\"DOMContentLoaded\",function(){gform.domLoaded=!0}),gform={domLoaded:!1,scriptsLoaded:!1,themeScriptsLoaded:!1,isFormEditor:()=>\"function\"==typeof InitializeEditor,callIfLoaded:function(o){return!(!gform.domLoaded||!gform.scriptsLoaded||!gform.themeScriptsLoaded&&!gform.isFormEditor()||(gform.isFormEditor()&&console.warn(\"The use of gform.initializeOnLoaded() is deprecated in the form editor context and will be removed in Gravity Forms 3.1.\"),o(),0))},initializeOnLoaded:function(o){gform.callIfLoaded(o)||(document.addEventListener(\"gform_main_scripts_loaded\",()=>{gform.scriptsLoaded=!0,gform.callIfLoaded(o)}),document.addEventListener(\"gform\/theme\/scripts_loaded\",()=>{gform.themeScriptsLoaded=!0,gform.callIfLoaded(o)}),window.addEventListener(\"DOMContentLoaded\",()=>{gform.domLoaded=!0,gform.callIfLoaded(o)}))},hooks:{action:{},filter:{}},addAction:function(o,r,e,t){gform.addHook(\"action\",o,r,e,t)},addFilter:function(o,r,e,t){gform.addHook(\"filter\",o,r,e,t)},doAction:function(o){gform.doHook(\"action\",o,arguments)},applyFilters:function(o){return gform.doHook(\"filter\",o,arguments)},removeAction:function(o,r){gform.removeHook(\"action\",o,r)},removeFilter:function(o,r,e){gform.removeHook(\"filter\",o,r,e)},addHook:function(o,r,e,t,n){null==gform.hooks[o][r]&&(gform.hooks[o][r]=[]);var d=gform.hooks[o][r];null==n&&(n=r+\"_\"+d.length),gform.hooks[o][r].push({tag:n,callable:e,priority:t=null==t?10:t})},doHook:function(r,o,e){var t;if(e=Array.prototype.slice.call(e,1),null!=gform.hooks[r][o]&&((o=gform.hooks[r][o]).sort(function(o,r){return o.priority-r.priority}),o.forEach(function(o){\"function\"!=typeof(t=o.callable)&&(t=window[t]),\"action\"==r?t.apply(null,e):e[0]=t.apply(null,e)})),\"filter\"==r)return e[0]},removeHook:function(o,r,t,n){var e;null!=gform.hooks[o][r]&&(e=(e=gform.hooks[o][r]).filter(function(o,r,e){return!!(null!=n&&n!=o.tag||null!=t&&t!=o.priority)}),gform.hooks[o][r]=e)}});\n\/* ]]> *\/\n<\/script>\n\n                <div class='gf_browser_gecko gform_wrapper gravity-theme gform-theme--no-framework' data-form-theme='gravity-theme' data-form-index='0' id='gform_wrapper_4' ><form method='post' enctype='multipart\/form-data'  id='gform_4'  action='\/fr\/wp-json\/wp\/v2\/pages\/12214' data-formid='4' novalidate><div class='gf_invisible ginput_recaptchav3' data-sitekey='6Lc5rQQlAAAAAD3M1AaJPL6w4GH6Hm74rvOIqIEl' data-tabindex='0'><input id=\"input_35be03f21148cf7daf00d9edcddf7231\" class=\"gfield_recaptcha_response\" type=\"hidden\" name=\"input_35be03f21148cf7daf00d9edcddf7231\" value=\"\"\/><\/div>\n                        <div class='gform-body gform_body'><div id='gform_fields_4' class='gform_fields top_label form_sublabel_below description_below validation_below'><div id=\"field_4_1\" class=\"gfield gfield--type-text gfield_contains_required field_sublabel_below gfield--no-description field_description_below field_validation_below gfield_visibility_visible\"  ><label class='gfield_label gform-field-label' for='input_4_1'>Nom<span class=\"gfield_required\"><span class=\"gfield_required gfield_required_text\">(Requis)<\/span><\/span><\/label><div class='ginput_container ginput_container_text'><input name='input_1' id='input_4_1' type='text' value='' class='large'     aria-required=\"true\" aria-invalid=\"false\"   \/><\/div><\/div><div id=\"field_4_3\" class=\"gfield gfield--type-email gfield--width-full gfield_contains_required field_sublabel_below gfield--no-description field_description_below field_validation_below gfield_visibility_visible\"  ><label class='gfield_label gform-field-label' for='input_4_3'>Courriel<span class=\"gfield_required\"><span class=\"gfield_required gfield_required_text\">(Requis)<\/span><\/span><\/label><div class='ginput_container ginput_container_email'>\n                            <input name='input_3' id='input_4_3' type='email' value='' class='large'    aria-required=\"true\" aria-invalid=\"false\"  \/>\n                        <\/div><\/div><div id=\"field_4_4\" class=\"gfield gfield--type-phone gfield--width-full gfield_contains_required field_sublabel_below gfield--no-description field_description_below field_validation_below gfield_visibility_visible\"  ><label class='gfield_label gform-field-label' for='input_4_4'>T\u00e9l\u00e9phone<span class=\"gfield_required\"><span class=\"gfield_required gfield_required_text\">(Requis)<\/span><\/span><\/label><div class='ginput_container ginput_container_phone'><input name='input_4' id='input_4_4' type='tel' value='' class='large'   aria-required=\"true\" aria-invalid=\"false\"   \/><\/div><\/div><div id=\"field_4_5\" class=\"gfield gfield--type-textarea gfield--width-full gfield_contains_required field_sublabel_below gfield--no-description field_description_below field_validation_below gfield_visibility_visible\"  ><label class='gfield_label gform-field-label' for='input_4_5'>Message<span class=\"gfield_required\"><span class=\"gfield_required gfield_required_text\">(Requis)<\/span><\/span><\/label><div class='ginput_container ginput_container_textarea'><textarea name='input_5' id='input_4_5' class='textarea large'     aria-required=\"true\" aria-invalid=\"false\"   rows='10' cols='50'><\/textarea><\/div><\/div><div id=\"field_4_6\" class=\"gfield gfield--type-fileupload gfield--width-half gfield_contains_required field_sublabel_below gfield--no-description field_description_below field_validation_below gfield_visibility_visible\"  ><label class='gfield_label gform-field-label' for='input_4_6'>T\u00e9l\u00e9chargement lettre d&#039;accompagnement<span class=\"gfield_required\"><span class=\"gfield_required gfield_required_text\">(Requis)<\/span><\/span><\/label><div class='ginput_container ginput_container_fileupload'><input type='hidden' name='MAX_FILE_SIZE' value='134217728' \/><input name='input_6' id='input_4_6' type='file' class='large' aria-describedby=\"gfield_upload_rules_4_6\" onchange='javascript:gformValidateFileSize( this, 134217728 );'  \/><span class='gfield_description gform_fileupload_rules' id='gfield_upload_rules_4_6'>Taille max. des fichiers\u00a0: 128 MB.<\/span><div class='gfield_description validation_message gfield_validation_message validation_message--hidden-on-empty' id='live_validation_message_4_6'><\/div> <\/div><\/div><div id=\"field_4_7\" class=\"gfield gfield--type-fileupload gfield--width-half gfield_contains_required field_sublabel_below gfield--no-description field_description_below field_validation_below gfield_visibility_visible\"  ><label class='gfield_label gform-field-label' for='input_4_7'>T\u00e9l\u00e9chargement CV<span class=\"gfield_required\"><span class=\"gfield_required gfield_required_text\">(Requis)<\/span><\/span><\/label><div class='ginput_container ginput_container_fileupload'><input type='hidden' name='MAX_FILE_SIZE' value='134217728' \/><input name='input_7' id='input_4_7' type='file' class='large' aria-describedby=\"gfield_upload_rules_4_7\" onchange='javascript:gformValidateFileSize( this, 134217728 );'  \/><span class='gfield_description gform_fileupload_rules' id='gfield_upload_rules_4_7'>Taille max. des fichiers\u00a0: 128 MB.<\/span><div class='gfield_description validation_message gfield_validation_message validation_message--hidden-on-empty' id='live_validation_message_4_7'><\/div> <\/div><\/div><\/div><\/div>\n        <div class='gform-footer gform_footer top_label'> <input type='submit' id='gform_submit_button_4' class='gform_button button' onclick='gform.submission.handleButtonClick(this);' data-submission-type='submit' value='SOUMETTRE'  \/> \n            <input type='hidden' class='gform_hidden' name='gform_submission_method' data-js='gform_submission_method_4' value='postback' \/>\n            <input type='hidden' class='gform_hidden' name='gform_theme' data-js='gform_theme_4' id='gform_theme_4' value='gravity-theme' \/>\n            <input type='hidden' class='gform_hidden' name='gform_style_settings' data-js='gform_style_settings_4' id='gform_style_settings_4' value='[]' \/>\n            <input type='hidden' class='gform_hidden' name='is_submit_4' value='1' \/>\n            <input type='hidden' class='gform_hidden' name='gform_submit' value='4' \/>\n            \n            <input type='hidden' class='gform_hidden' name='gform_currency' data-currency='CAD' value='RPbYPrlwx6ckiLrJtyLwbcJG23WFRbVgDecOnferkjeE5HSuIgZI\/R2HnfMBz+NYEStddrvwPyCb7fjPaVEbLQeKD5nhwj+dlbEmLyET7f2SYHY=' \/>\n            <input type='hidden' class='gform_hidden' name='gform_unique_id' value='' \/>\n            <input type='hidden' class='gform_hidden' name='state_4' value='WyJbXSIsIjQxYmEzNzY1MDU5ZDdhNzM0NjBiODVhMWYzZTViYzEwIl0=' \/>\n            <input type='hidden' autocomplete='off' class='gform_hidden' name='gform_target_page_number_4' id='gform_target_page_number_4' value='0' \/>\n            <input type='hidden' autocomplete='off' class='gform_hidden' name='gform_source_page_number_4' id='gform_source_page_number_4' value='1' \/>\n            <input type='hidden' name='gform_field_values' value='' \/>\n            \n        <\/div>\n                        <\/form>\n                        <\/div><script type=\"text\/javascript\">\n\/* <![CDATA[ *\/\n gform.initializeOnLoaded( function() {gformInitSpinner( 4, 'https:\/\/wsisme.com\/wp-content\/plugins\/gravityforms\/images\/spinner.svg', true );jQuery('#gform_ajax_frame_4').on('load',function(){var contents = jQuery(this).contents().find('*').html();var is_postback = contents.indexOf('GF_AJAX_POSTBACK') >= 0;if(!is_postback){return;}var form_content = jQuery(this).contents().find('#gform_wrapper_4');var is_confirmation = jQuery(this).contents().find('#gform_confirmation_wrapper_4').length > 0;var is_redirect = contents.indexOf('gformRedirect(){') >= 0;var is_form = form_content.length > 0 && ! is_redirect && ! is_confirmation;var mt = parseInt(jQuery('html').css('margin-top'), 10) + parseInt(jQuery('body').css('margin-top'), 10) + 100;if(is_form){jQuery('#gform_wrapper_4').html(form_content.html());if(form_content.hasClass('gform_validation_error')){jQuery('#gform_wrapper_4').addClass('gform_validation_error');} else {jQuery('#gform_wrapper_4').removeClass('gform_validation_error');}setTimeout( function() { \/* delay the scroll by 50 milliseconds to fix a bug in chrome *\/  }, 50 );if(window['gformInitDatepicker']) {gformInitDatepicker();}if(window['gformInitPriceFields']) {gformInitPriceFields();}var current_page = jQuery('#gform_source_page_number_4').val();gformInitSpinner( 4, 'https:\/\/wsisme.com\/wp-content\/plugins\/gravityforms\/images\/spinner.svg', true );jQuery(document).trigger('gform_page_loaded', [4, current_page]);window['gf_submitting_4'] = false;}else if(!is_redirect){var confirmation_content = jQuery(this).contents().find('.GF_AJAX_POSTBACK').html();if(!confirmation_content){confirmation_content = contents;}jQuery('#gform_wrapper_4').replaceWith(confirmation_content);jQuery(document).trigger('gform_confirmation_loaded', [4]);window['gf_submitting_4'] = false;wp.a11y.speak(jQuery('#gform_confirmation_message_4').text());}else{jQuery('#gform_4').append(contents);if(window['gformRedirect']) {gformRedirect();}}jQuery(document).trigger(\"gform_pre_post_render\", [{ formId: \"4\", currentPage: \"current_page\", abort: function() { this.preventDefault(); } }]);        if (event && event.defaultPrevented) {                return;        }        const gformWrapperDiv = document.getElementById( \"gform_wrapper_4\" );        if ( gformWrapperDiv ) {            const visibilitySpan = document.createElement( \"span\" );            visibilitySpan.id = \"gform_visibility_test_4\";            gformWrapperDiv.insertAdjacentElement( \"afterend\", visibilitySpan );        }        const visibilityTestDiv = document.getElementById( \"gform_visibility_test_4\" );        let postRenderFired = false;        function triggerPostRender() {            if ( postRenderFired ) {                return;            }            postRenderFired = true;            gform.core.triggerPostRenderEvents( 4, current_page );            if ( visibilityTestDiv ) {                visibilityTestDiv.parentNode.removeChild( visibilityTestDiv );            }        }        function debounce( func, wait, immediate ) {            var timeout;            return function() {                var context = this, args = arguments;                var later = function() {                    timeout = null;                    if ( !immediate ) func.apply( context, args );                };                var callNow = immediate && !timeout;                clearTimeout( timeout );                timeout = setTimeout( later, wait );                if ( callNow ) func.apply( context, args );            };        }        const debouncedTriggerPostRender = debounce( function() {            triggerPostRender();        }, 200 );        if ( visibilityTestDiv && visibilityTestDiv.offsetParent === null ) {            const observer = new MutationObserver( ( mutations ) => {                mutations.forEach( ( mutation ) => {                    if ( mutation.type === 'attributes' && visibilityTestDiv.offsetParent !== null ) {                        debouncedTriggerPostRender();                        observer.disconnect();                    }                });            });            observer.observe( document.body, {                attributes: true,                childList: false,                subtree: true,                attributeFilter: [ 'style', 'class' ],            });        } else {            triggerPostRender();        }    } );} ); \n\/* ]]> *\/\n<\/script>\n[vc_column_text css=\u00a0\u00bb.vc_custom_1775151076420{margin-top: 40px !important;}\u00a0\u00bb]\r\n<h3>\u00c9galit\u00e9 des chances<\/h3>\r\nWSI Digital Marketing est un employeur qui respecte l&rsquo;\u00e9galit\u00e9 des chances et s&rsquo;engage \u00e0 promouvoir la diversit\u00e9 et l&rsquo;int\u00e9gration sur le lieu de travail. Nous interdisons toute forme de discrimination et de harc\u00e8lement fond\u00e9e sur la race, la couleur, le sexe, la religion, l&rsquo;orientation sexuelle, l&rsquo;origine nationale, le handicap, la grossesse ou toute autre caract\u00e9ristique prot\u00e9g\u00e9e par les lois f\u00e9d\u00e9rales et provinciales.\r\n\r\nCette politique s&rsquo;applique \u00e0 toutes les pratiques d&#8217;emploi au sein de notre organisation, y compris l&#8217;embauche, le recrutement, la promotion, le licenciement, la mise \u00e0 pied, le rappel, les cong\u00e9s, la r\u00e9mun\u00e9ration, les avantages sociaux et la formation. WSI Digital Marketing prend ses d\u00e9cisions d&#8217;embauche uniquement en fonction des qualifications, du m\u00e9rite et des besoins de l&rsquo;entreprise \u00e0 ce moment-l\u00e0.[\/vc_column_text][\/vc_column][\/vc_row]<\/div>","protected":false},"excerpt":{"rendered":"[vc_row][vc_column][vc_column_text css=\u00a0\u00bb\u00a0\u00bb] WSI Digital Marketing cherche \u00e0 embaucher un \u00e9tudiant talentueux dans le domaine du marketing et des communications pour l\u2019\u00e9t\u00e9 2026. Nous recherchons un \u00e9tudiant proactif, bilingue, soucieux du d\u00e9tail, qui \u00e9tudie actuellement en marketing ou communications et souhaite&hellip;","protected":false},"author":2,"featured_media":0,"parent":6557,"menu_order":0,"comment_status":"closed","ping_status":"closed","template":"","meta":{"_acf_changed":false,"footnotes":""},"class_list":["post-12214","page","type-page","status-publish","hentry","entry","no-media"],"acf":[],"_links":{"self":[{"href":"https:\/\/wsisme.com\/fr\/wp-json\/wp\/v2\/pages\/12214","targetHints":{"allow":["GET"]}}],"collection":[{"href":"https:\/\/wsisme.com\/fr\/wp-json\/wp\/v2\/pages"}],"about":[{"href":"https:\/\/wsisme.com\/fr\/wp-json\/wp\/v2\/types\/page"}],"author":[{"embeddable":true,"href":"https:\/\/wsisme.com\/fr\/wp-json\/wp\/v2\/users\/2"}],"replies":[{"embeddable":true,"href":"https:\/\/wsisme.com\/fr\/wp-json\/wp\/v2\/comments?post=12214"}],"version-history":[{"count":6,"href":"https:\/\/wsisme.com\/fr\/wp-json\/wp\/v2\/pages\/12214\/revisions"}],"predecessor-version":[{"id":12988,"href":"https:\/\/wsisme.com\/fr\/wp-json\/wp\/v2\/pages\/12214\/revisions\/12988"}],"up":[{"embeddable":true,"href":"https:\/\/wsisme.com\/fr\/wp-json\/wp\/v2\/pages\/6557"}],"wp:attachment":[{"href":"https:\/\/wsisme.com\/fr\/wp-json\/wp\/v2\/media?parent=12214"}],"curies":[{"name":"wp","href":"https:\/\/api.w.org\/{rel}","templated":true}]}}