{"id":12815,"date":"2026-03-24T13:03:49","date_gmt":"2026-03-24T13:03:49","guid":{"rendered":"https:\/\/wsisme.com\/?page_id=12815"},"modified":"2026-03-24T15:06:29","modified_gmt":"2026-03-24T15:06:29","slug":"kreadar-enterprises","status":"publish","type":"page","link":"https:\/\/wsisme.com\/fr\/realisations\/kreadar-enterprises\/","title":{"rendered":"Kreadar Enterprises"},"content":{"rendered":"<div class=\"wpb-content-wrapper\">[vc_row full_width=\u00a0\u00bbstretch_row\u00a0\u00bb css=\u00a0\u00bb.vc_custom_1649358680077{padding-top: 50px !important;}\u00a0\u00bb][vc_column width=\u00a0\u00bb1\/2&Prime; css=\u00a0\u00bb.vc_custom_1574891451760{padding-right: 30px !important;}\u00a0\u00bb]<h1 class=\"vcex-module vcex-heading vcex-heading-plain portfolio\" style=\"font-size:35px;text-align:left;\"><span class=\"vcex-heading-inner clr\">Kreadar sur Fullum, une destination de choix pour les entreprises \u00e0 la recherche d'espaces industrielles et commerciaux modulables.<\/span><\/h1>[vc_column_text css=\u00a0\u00bb.vc_custom_1774364777757{margin-top: 40px !important;}\u00a0\u00bb el_class=\u00a0\u00bbmore1&Prime;]Nous avons r\u00e9cemment \u00e9tabli un partenariat avec Kreadar Enterprises, une entreprise locale proposant des locaux adaptables destin\u00e9s \u00e0 l&rsquo;industrie l\u00e9g\u00e8re et \u00e0 la fabrication, r\u00e9partis dans deux b\u00e2timents situ\u00e9s dans le quartier dynamique de Rosemont-La Petite-Patrie, \u00e0 Montr\u00e9al. Le nouveau site web a \u00e9t\u00e9 con\u00e7u pour mettre en avant leur communaut\u00e9 unique et florissante de fabricants, de cr\u00e9ateurs de contenu, et d&rsquo;artisans, tout en pr\u00e9sentant les \u00e9quipements et les espaces flexibles de leurs \u00e9difices.\r\n\r\nAfin de g\u00e9n\u00e9rer des prospects pour de nouveaux locataires, nous avons mis en place une strat\u00e9gie de marketing num\u00e9rique compl\u00e8te. Nos services comprenaient la <a href=\"https:\/\/wsisme.com\/fr\/services-de-marketing-numerique\/conception-et-developpement-de-sites-web\/\">conception et le d\u00e9veloppement web<\/a> complets pour \u00e9tablir une pr\u00e9sence en ligne moderne et dynamique \u00e0 partir de z\u00e9ro, car ils ne disposaient auparavant d\u2019aucun site web. Nous avons mis en \u0153uvre une strat\u00e9gie de r\u00e9f\u00e9rencement naturel (SEO) cibl\u00e9e pour capter le trafic de recherche local, en nous concentrant sur des termes \u00e0 forte valeur ajout\u00e9e tels que \u00ab <a href=\"https:\/\/kreadarsurfullum.com\/fr\/\" target=\"_blank\" rel=\"noopener\">espace industriel Montr\u00e9al<\/a> \u00bb.\r\n\r\nAfin de maximiser la visibilit\u00e9 imm\u00e9diate, nous avons lanc\u00e9 des campagnes PPC bilingues ciblant des audiences de niche recherchant activement un <a href=\"https:\/\/kreadarsurfullum.com\/fr\/local-commercial-industriel\/ateliers-a-louer-montreal\/\" target=\"_blank\" rel=\"noopener\">atelier \u00e0 louer \u00e0 Montr\u00e9al<\/a> ou un studio. Enfin, nos efforts sur les r\u00e9seaux sociaux ont amplifi\u00e9 leur image de marque ax\u00e9e sur la communaut\u00e9, les connectant directement \u00e0 l&rsquo;\u00e9cosyst\u00e8me entrepreneurial local. Cette approche int\u00e9gr\u00e9e a permis de positionner avec succ\u00e8s Kreadar sur Fullum comme une destination de choix pour les entreprises \u00e0 la recherche d&rsquo;espaces commerciaux flexibles.[\/vc_column_text][vc_column_text css=\u00a0\u00bb.vc_custom_1774357621780{margin-top: 40px !important;}\u00a0\u00bb]<a class=\"ic2-link wsi-button border-green medium-button\" href=\"https:\/\/kreadarsurfullum.com\/fr\/\" target=\"_blank\" rel=\"noopener noreferrer\">VOIR LE SITE<\/a>[\/vc_column_text][\/vc_column][vc_column width=\u00a0\u00bb1\/2&Prime; css=\u00a0\u00bb.vc_custom_1574889544288{padding-left: 20px !important;}\u00a0\u00bb][vc_column_text css=\u00a0\u00bb\u00a0\u00bb]<strong class=\"green\">Notre travail pour Kreadar s&rsquo;articule autour de\r\nplusieurs strat\u00e9gies cl\u00e9s de marketing num\u00e9rique :<\/strong>\r\n<ul class=\"portfolio\">\r\n \t<li><i class=\"fas fa-long-arrow-alt-right\"><\/i> Conception et d\u00e9veloppement web<\/li>\r\n \t<li><i class=\"fas fa-long-arrow-alt-right\"><\/i> Vid\u00e9o et photographie<\/li>\r\n \t<li><i class=\"fas fa-long-arrow-alt-right\"><\/i> SEO<\/li>\r\n \t<li><i class=\"fas fa-long-arrow-alt-right\"><\/i> Marketing payant<\/li>\r\n \t<li><i class=\"fas fa-long-arrow-alt-right\"><\/i> R\u00e9seaux sociaux<\/li>\r\n<\/ul>\r\n[\/vc_column_text][\/vc_column][\/vc_row][vc_row full_width=\u00a0\u00bbstretch_row\u00a0\u00bb][vc_column css=\u00a0\u00bb.vc_custom_1574888689097{padding-top: 50px !important;padding-bottom: 50px !important;}\u00a0\u00bb]<h2 class=\"vcex-module vcex-heading vcex-heading-plain portfolio w640\" style=\"text-align:center;\"><span class=\"vcex-heading-inner clr\">Conception de sites web adaptatifs<\/span><\/h2>[vc_single_image image=\u00a0\u00bb12819&Prime; alignment=\u00a0\u00bbcenter\u00a0\u00bb css=\u00a0\u00bb.vc_custom_1774357541956{padding-top: 50px !important;padding-bottom: 50px !important;}\u00a0\u00bb][\/vc_column][\/vc_row][vc_row full_width=\u00a0\u00bbstretch_row\u00a0\u00bb css=\u00a0\u00bb.vc_custom_1774363539678{margin-top: -1px !important;padding-top: 40px !important;padding-bottom: 50px !important;background-color: #f2f2f2 !important;}\u00a0\u00bb][vc_column][vc_single_image image=\u00a0\u00bb7787&Prime; el_class=\u00a0\u00bbquoteup posrelative\u00a0\u00bb]<h2 class=\"vcex-module vcex-heading vcex-heading-plain portfolio w640\" style=\"text-align:center;\"><span class=\"vcex-heading-inner clr\">Ce que disent nos clients<\/span><\/h2>[vc_column_text css=\u00a0\u00bb.vc_custom_1774357421181{margin-top: 40px !important;}\u00a0\u00bb]\r\n<p style=\"text-align: center;\">Je travaille avec WSI depuis 10 mois et je n&rsquo;ai que des \u00e9loges \u00e0 leur faire. Ils ont cr\u00e9\u00e9 un nouveau site web pour Kreadar et, sans aucun doute, celui-ci nous apporte de nouveaux prospects et g\u00e9n\u00e8re des ventes. Je les recommande vivement !!!<\/p>\r\n<p style=\"text-align: center;\"><strong>Ross Arbuck &#8211; Propri\u00e9taire<\/strong><\/p>\r\n[\/vc_column_text][vc_separator color=\u00a0\u00bbcustom\u00a0\u00bb border_width=\u00a0\u00bb4&Prime; el_width=\u00a0\u00bb10&Prime; css=\u00a0\u00bb.vc_custom_1574888908783{margin-top: 40px !important;}\u00a0\u00bb accent_color=\u00a0\u00bb#65a5be\u00a0\u00bb][\/vc_column][\/vc_row][vc_row][vc_column][vc_column_text css=\u00a0\u00bb\u00a0\u00bb]\r\n<div class=\"wsi-module shoutbox-cta bg-color4\">\r\n<div class=\"split-bg bg-color5\"><\/div>\r\n<div class=\"wsi-site-wrapper h-padding\">\r\n<div class=\"wsi-content-wrapper\">\r\n<div class=\"sbcta-wrapper col12 tab8 mob4 halign-center shadow border-radius flex flex-wrap flex-center space-between bg-color5\">\r\n<div class=\"sbcta-text col8 tab5 mob4\">\r\n<h3 class=\"title-3\">Vous avez une vision. Nous vous aidons \u00e0 la concr\u00e9tiser.<\/h3>\r\n<\/div>\r\n<div class=\"sbcta-button col4 tab3 mob4 text-right\">\r\n\r\n<span id=\"hs-cta-wrapper-5232abdf-93a8-4de9-b6db-e65a0340d753\" class=\"hs-cta-wrapper\"><span id=\"hs-cta-5232abdf-93a8-4de9-b6db-e65a0340d753\" class=\"hs-cta-node hs-cta-5232abdf-93a8-4de9-b6db-e65a0340d753\" data-hs-drop=\"true\"><a id=\"cta_button_434177_b29aaa79-2f7e-4cdf-b541-a125c172c0d0\" class=\"cta_button solid-green large-button\" title=\"LET'S GET STARTED\" href=\"\/fr\/parlez-nous\/\">COMMEN\u00c7ONS<\/a><\/span><\/span>\r\n\r\n<\/div>\r\n<\/div>\r\n<\/div>\r\n<\/div>\r\n<\/div>\r\n[\/vc_column_text][\/vc_column][\/vc_row]<\/div>","protected":false},"excerpt":{"rendered":"[vc_row full_width=\u00a0\u00bbstretch_row\u00a0\u00bb css=\u00a0\u00bb.vc_custom_1649358680077{padding-top: 50px !important;}\u00a0\u00bb][vc_column width=\u00a0\u00bb1\/2&Prime; css=\u00a0\u00bb.vc_custom_1574891451760{padding-right: 30px !important;}\u00a0\u00bb][vc_column_text css=\u00a0\u00bb.vc_custom_1774364777757{margin-top: 40px !important;}\u00a0\u00bb el_class=\u00a0\u00bbmore1&Prime;]Nous avons r\u00e9cemment \u00e9tabli un partenariat avec Kreadar Enterprises, une entreprise locale proposant des locaux adaptables destin\u00e9s \u00e0 l&rsquo;industrie l\u00e9g\u00e8re et \u00e0 la fabrication, r\u00e9partis dans deux b\u00e2timents&hellip;","protected":false},"author":2,"featured_media":0,"parent":8026,"menu_order":0,"comment_status":"closed","ping_status":"closed","template":"templates\/no-sidebar.php","meta":{"_acf_changed":false,"footnotes":""},"class_list":["post-12815","page","type-page","status-publish","hentry","entry","no-media"],"acf":[],"_links":{"self":[{"href":"https:\/\/wsisme.com\/fr\/wp-json\/wp\/v2\/pages\/12815","targetHints":{"allow":["GET"]}}],"collection":[{"href":"https:\/\/wsisme.com\/fr\/wp-json\/wp\/v2\/pages"}],"about":[{"href":"https:\/\/wsisme.com\/fr\/wp-json\/wp\/v2\/types\/page"}],"author":[{"embeddable":true,"href":"https:\/\/wsisme.com\/fr\/wp-json\/wp\/v2\/users\/2"}],"replies":[{"embeddable":true,"href":"https:\/\/wsisme.com\/fr\/wp-json\/wp\/v2\/comments?post=12815"}],"version-history":[{"count":11,"href":"https:\/\/wsisme.com\/fr\/wp-json\/wp\/v2\/pages\/12815\/revisions"}],"predecessor-version":[{"id":12842,"href":"https:\/\/wsisme.com\/fr\/wp-json\/wp\/v2\/pages\/12815\/revisions\/12842"}],"up":[{"embeddable":true,"href":"https:\/\/wsisme.com\/fr\/wp-json\/wp\/v2\/pages\/8026"}],"wp:attachment":[{"href":"https:\/\/wsisme.com\/fr\/wp-json\/wp\/v2\/media?parent=12815"}],"curies":[{"name":"wp","href":"https:\/\/api.w.org\/{rel}","templated":true}]}}