{"id":12870,"date":"2026-03-24T19:14:53","date_gmt":"2026-03-24T19:14:53","guid":{"rendered":"https:\/\/wsisme.com\/?page_id=12870"},"modified":"2026-03-24T19:28:57","modified_gmt":"2026-03-24T19:28:57","slug":"beaconsfield-construction","status":"publish","type":"page","link":"https:\/\/wsisme.com\/fr\/realisations\/beaconsfield-construction\/","title":{"rendered":"Beaconsfield Construction"},"content":{"rendered":"<div class=\"wpb-content-wrapper\">[vc_row full_width=\u00a0\u00bbstretch_row\u00a0\u00bb css=\u00a0\u00bb.vc_custom_1649358680077{padding-top: 50px !important;}\u00a0\u00bb][vc_column width=\u00a0\u00bb1\/2&Prime; css=\u00a0\u00bb.vc_custom_1574891451760{padding-right: 30px !important;}\u00a0\u00bb]<h1 class=\"vcex-module vcex-heading vcex-heading-plain portfolio\" style=\"font-size:35px;text-align:left;\"><span class=\"vcex-heading-inner clr\">Beaconsfield Construction est un constructeur de maisons sur mesure de premier choix dans l'Ouest-de-l'\u00cele.<\/span><\/h1>[vc_column_text css=\u00a0\u00bb.vc_custom_1774379783736{margin-top: 40px !important;}\u00a0\u00bb]Beaconsfield Construction est un <a href=\"https:\/\/www.beaconsfieldconstruction.ca\/fr-ca\" target=\"_blank\" rel=\"noopener\">constructeur de maisons sur mesure de l&rsquo;Ouest-de-l&rsquo;\u00cele de Montr\u00e9al<\/a> sp\u00e9cialis\u00e9 dans les projets r\u00e9sidentiels haut de gamme enti\u00e8rement g\u00e9r\u00e9s, de la conception \u00e0 la livraison. Son site web met en avant son expertise en mati\u00e8re de construction de maisons sur mesure, sa gestion de projets, ses r\u00e9alisations r\u00e9centes et le processus de construction \u00e9tape par \u00e9tape. Dans le cadre de ce projet, nous avons assur\u00e9 la conception et le d\u00e9veloppement du site web, ainsi que le r\u00e9f\u00e9rencement local (SEO), afin de renforcer sa visibilit\u00e9 en ligne et d&rsquo;attirer un trafic local cibl\u00e9. Visitez la page d&rsquo;accueil ici : <a href=\"http:\/\/beaconsfieldconstruction.ca\/\" target=\"_blank\" rel=\"noopener\">beaconsfieldconstruction.ca<\/a>[\/vc_column_text][vc_column_text css=\u00a0\u00bb.vc_custom_1774379800208{margin-top: 40px !important;}\u00a0\u00bb]<a class=\"ic2-link wsi-button border-green medium-button\" href=\"https:\/\/www.beaconsfieldconstruction.ca\/fr-ca\" target=\"_blank\" rel=\"noopener\">VOIR LE SITE<\/a>[\/vc_column_text][\/vc_column][vc_column width=\u00a0\u00bb1\/2&Prime; css=\u00a0\u00bb.vc_custom_1574889544288{padding-left: 20px !important;}\u00a0\u00bb][vc_column_text css=\u00a0\u00bb\u00a0\u00bb]<strong class=\"green\">Notre travail pour Beaconsfield Construction s&rsquo;articule autour de plusieurs strat\u00e9gies cl\u00e9s de marketing num\u00e9rique :<\/strong>\r\n<ul class=\"portfolio\">\r\n \t<li><i class=\"fas fa-long-arrow-alt-right\"><\/i> Conception et d\u00e9veloppement web<\/li>\r\n \t<li><i class=\"fas fa-long-arrow-alt-right\"><\/i> SEO<\/li>\r\n<\/ul>\r\n[\/vc_column_text][\/vc_column][\/vc_row][vc_row full_width=\u00a0\u00bbstretch_row\u00a0\u00bb][vc_column css=\u00a0\u00bb.vc_custom_1574888689097{padding-top: 50px !important;padding-bottom: 50px !important;}\u00a0\u00bb]<h2 class=\"vcex-module vcex-heading vcex-heading-plain portfolio w640\" style=\"text-align:center;\"><span class=\"vcex-heading-inner clr\">Conception de sites web adaptatifs<\/span><\/h2>[vc_single_image image=\u00a0\u00bb12871&Prime; alignment=\u00a0\u00bbcenter\u00a0\u00bb css=\u00a0\u00bb.vc_custom_1774379953404{padding-top: 50px !important;padding-bottom: 50px !important;}\u00a0\u00bb][\/vc_column][\/vc_row][vc_row full_width=\u00a0\u00bbstretch_row\u00a0\u00bb css=\u00a0\u00bb.vc_custom_1774363539678{margin-top: -1px !important;padding-top: 40px !important;padding-bottom: 50px !important;background-color: #f2f2f2 !important;}\u00a0\u00bb][vc_column][vc_single_image image=\u00a0\u00bb7787&Prime; el_class=\u00a0\u00bbquoteup posrelative\u00a0\u00bb]<h2 class=\"vcex-module vcex-heading vcex-heading-plain portfolio w640\" style=\"text-align:center;\"><span class=\"vcex-heading-inner clr\">Ce que disent nos clients<\/span><\/h2>[vc_column_text css=\u00a0\u00bb.vc_custom_1774380534528{margin-top: 40px !important;}\u00a0\u00bb]\r\n<p style=\"text-align: center;\">&#8230;. Ma d\u00e9cision de faire appel \u00e0 WSI pour prendre les r\u00eanes, repartir de z\u00e9ro et cr\u00e9er un tout nouveau site web pour mon entreprise de construction s&rsquo;est av\u00e9r\u00e9e \u00eatre l&rsquo;une des meilleures d\u00e9cisions que j&rsquo;ai jamais prises. Je suis d\u00e9sormais l&rsquo;heureux propri\u00e9taire d&rsquo;un superbe site web qui pr\u00e9sente de mani\u00e8re visuellement attrayante et informative mon entreprise \u00e0 mes futurs clients, ainsi que les services que nous proposons\u2026<\/p>\r\n<p style=\"text-align: center;\"><strong>Karl Wockner &#8211; Propri\u00e9taire<\/strong><\/p>\r\n[\/vc_column_text][vc_separator color=\u00a0\u00bbcustom\u00a0\u00bb border_width=\u00a0\u00bb4&Prime; el_width=\u00a0\u00bb10&Prime; css=\u00a0\u00bb.vc_custom_1574888908783{margin-top: 40px !important;}\u00a0\u00bb accent_color=\u00a0\u00bb#65a5be\u00a0\u00bb][\/vc_column][\/vc_row][vc_row][vc_column][vc_column_text css=\u00a0\u00bb\u00a0\u00bb]\r\n<div class=\"wsi-module shoutbox-cta bg-color4\">\r\n<div class=\"split-bg bg-color5\"><\/div>\r\n<div class=\"wsi-site-wrapper h-padding\">\r\n<div class=\"wsi-content-wrapper\">\r\n<div class=\"sbcta-wrapper col12 tab8 mob4 halign-center shadow border-radius flex flex-wrap flex-center space-between bg-color5\">\r\n<div class=\"sbcta-text col8 tab5 mob4\">\r\n<h3 class=\"title-3\">Vous avez une vision. Nous vous aidons \u00e0 la concr\u00e9tiser.<\/h3>\r\n<\/div>\r\n<div class=\"sbcta-button col4 tab3 mob4 text-right\">\r\n\r\n<span id=\"hs-cta-wrapper-5232abdf-93a8-4de9-b6db-e65a0340d753\" class=\"hs-cta-wrapper\"><span id=\"hs-cta-5232abdf-93a8-4de9-b6db-e65a0340d753\" class=\"hs-cta-node hs-cta-5232abdf-93a8-4de9-b6db-e65a0340d753\" data-hs-drop=\"true\"><a id=\"cta_button_434177_b29aaa79-2f7e-4cdf-b541-a125c172c0d0\" class=\"cta_button solid-green large-button\" title=\"LET'S GET STARTED\" href=\"\/fr\/parlez-nous\/\">COMMEN\u00c7ONS<\/a><\/span><\/span>\r\n\r\n<\/div>\r\n<\/div>\r\n<\/div>\r\n<\/div>\r\n<\/div>\r\n[\/vc_column_text][\/vc_column][\/vc_row]<\/div>","protected":false},"excerpt":{"rendered":"[vc_row full_width=\u00a0\u00bbstretch_row\u00a0\u00bb css=\u00a0\u00bb.vc_custom_1649358680077{padding-top: 50px !important;}\u00a0\u00bb][vc_column width=\u00a0\u00bb1\/2&Prime; css=\u00a0\u00bb.vc_custom_1574891451760{padding-right: 30px !important;}\u00a0\u00bb][vc_column_text css=\u00a0\u00bb.vc_custom_1774379783736{margin-top: 40px !important;}\u00a0\u00bb]Beaconsfield Construction est un constructeur de maisons sur mesure de l&rsquo;Ouest-de-l&rsquo;\u00cele de Montr\u00e9al sp\u00e9cialis\u00e9 dans les projets r\u00e9sidentiels haut de gamme enti\u00e8rement g\u00e9r\u00e9s, de la conception \u00e0 la livraison.&hellip;","protected":false},"author":2,"featured_media":0,"parent":8026,"menu_order":0,"comment_status":"closed","ping_status":"closed","template":"templates\/no-sidebar.php","meta":{"_acf_changed":false,"footnotes":""},"class_list":["post-12870","page","type-page","status-publish","hentry","entry","no-media"],"acf":[],"_links":{"self":[{"href":"https:\/\/wsisme.com\/fr\/wp-json\/wp\/v2\/pages\/12870","targetHints":{"allow":["GET"]}}],"collection":[{"href":"https:\/\/wsisme.com\/fr\/wp-json\/wp\/v2\/pages"}],"about":[{"href":"https:\/\/wsisme.com\/fr\/wp-json\/wp\/v2\/types\/page"}],"author":[{"embeddable":true,"href":"https:\/\/wsisme.com\/fr\/wp-json\/wp\/v2\/users\/2"}],"replies":[{"embeddable":true,"href":"https:\/\/wsisme.com\/fr\/wp-json\/wp\/v2\/comments?post=12870"}],"version-history":[{"count":7,"href":"https:\/\/wsisme.com\/fr\/wp-json\/wp\/v2\/pages\/12870\/revisions"}],"predecessor-version":[{"id":12881,"href":"https:\/\/wsisme.com\/fr\/wp-json\/wp\/v2\/pages\/12870\/revisions\/12881"}],"up":[{"embeddable":true,"href":"https:\/\/wsisme.com\/fr\/wp-json\/wp\/v2\/pages\/8026"}],"wp:attachment":[{"href":"https:\/\/wsisme.com\/fr\/wp-json\/wp\/v2\/media?parent=12870"}],"curies":[{"name":"wp","href":"https:\/\/api.w.org\/{rel}","templated":true}]}}