{"id":6557,"date":"2019-08-14T16:53:56","date_gmt":"2019-08-14T16:53:56","guid":{"rendered":"http:\/\/wsisme.com\/careers\/"},"modified":"2026-04-02T17:46:36","modified_gmt":"2026-04-02T17:46:36","slug":"carrieres","status":"publish","type":"page","link":"https:\/\/wsisme.com\/fr\/nous-joindre\/carrieres\/","title":{"rendered":"Carri\u00e8res"},"content":{"rendered":"<div class=\"wpb-content-wrapper\">[vc_row][vc_column]<h1 class=\"vcex-module vcex-heading vcex-heading-plain\" style=\"text-align:center;\"><span class=\"vcex-heading-inner clr\">Carri\u00e8res<\/span><\/h1>[vc_column_text]\r\n<p style=\"text-align: center;\">\u00c0 WSI Montr\u00e9al, nous recherchons occasionnellement des personnes talentueuses \u00e0 rejoindre notre \u00e9quipe de conception et d\u00e9veloppement de sites web, de marketing Internet, et de r\u00e9seaux sociaux. Nous offrons des d\u00e9fis enrichissants dans un environnement rapide et cr\u00e9atif, de m\u00eame que des salaires comp\u00e9titifs. La culture d\u2019entreprise et un bon ajustement sont importants pour nous alors que nous continuons \u00e0 b\u00e2tir notre \u00e9quipe de marketing num\u00e9rique \u00e0 Montr\u00e9al. Nous sommes situ\u00e9s au centre de l\u2019ouest de l\u2019\u00cele, avec beaucoup de stationnement gratuit.<\/p>\r\n[\/vc_column_text][\/vc_column][\/vc_row][vc_row][vc_column][vc_separator border_width=\u00a0\u00bb3&Prime;][\/vc_column][\/vc_row][vc_row][vc_column width=\u00a0\u00bb1\/3&Prime;][vc_column_text]\r\n<h3>Poste(s)\r\ndisponible :<\/h3>\r\n[\/vc_column_text][\/vc_column][vc_column width=\u00a0\u00bb2\/3&Prime;][vc_column_text css=\u00a0\u00bb\u00a0\u00bb]<strong><a href=\"https:\/\/wsisme.com\/fr\/nous-joindre\/carrieres\/offre-demploi-etudiant-ete-2026\/\">\u00c9t\u00e9 2026 \u2013 Coordinateur(trice) Marketing<\/a>\r\n<\/strong>\r\n\r\n\u00cates-vous un(e) \u00e9tudiant(e) universitaire motiv\u00e9(e) en marketing, communications ou dans un domaine connexe, \u00e0 la recherche d\u2019une exp\u00e9rience professionnelle concr\u00e8te cet \u00e9t\u00e9? WSI Digital Marketing, une agence de marketing num\u00e9rique de premier plan situ\u00e9e dans l\u2019Ouest de l\u2019\u00eele de Montr\u00e9al, recherche un(e) Coordinateur(trice) Marketing pour rejoindre notre \u00e9quipe collaborative.\r\n\r\n<a href=\"https:\/\/wsisme.com\/fr\/nous-joindre\/carrieres\/offre-demploi-etudiant-ete-2026\/\">En savoir plus<\/a>[\/vc_column_text][\/vc_column][\/vc_row][vc_row][vc_column][vc_separator border_width=\u00a0\u00bb3&Prime;][\/vc_column][\/vc_row][vc_row][vc_column width=\u00a0\u00bb1\/2&Prime;][vc_column_text]\r\n<h3>Avez-vous ce qu\u2019il faut ?<\/h3>\r\nSi vos comp\u00e9tences et votre exp\u00e9rience correspondent \u00e0 nos besoins, SVP soumettez votre CV et votre lettre d\u2019accompagnement \u00e0 info@wsisme.com\u00a0. SVP notez que nous contacterons seulement les candidats consid\u00e9r\u00e9s pour l\u2019\u00e9tape d\u2019entrevue t\u00e9l\u00e9phonique. Nous attendons avec impatience votre prise de contact.[\/vc_column_text][vc_column_text css=\u00a0\u00bb.vc_custom_1638459928532{margin-top: 40px !important;}\u00a0\u00bb]\r\n<h3>\u00cates-vous int\u00e9ress\u00e9s \u00e0 compl\u00e9t\u00e9 un stage ?<\/h3>\r\nVenez-vous tout juste de compl\u00e9t\u00e9 une programme de formation ou un certificat dans un domaine reli\u00e9 ? Nous consid\u00e9rons occasionnellement d\u2019avoir un ou une stagiaire dans certaines disciplines ; plusieurs stagiaires ont \u00e9t\u00e9 embauch\u00e9s \u00e0 temps plein apr\u00e8s leurs stages. SVP envoyez-nous un courriel \u00e0 info@wsisme.com et parlez-nous de vous-m\u00eame.[\/vc_column_text][\/vc_column][vc_column width=\u00a0\u00bb1\/2&Prime;]<script type=\"text\/javascript\">\n\/* <![CDATA[ *\/\nvar gform;gform||(document.addEventListener(\"gform_main_scripts_loaded\",function(){gform.scriptsLoaded=!0}),document.addEventListener(\"gform\/theme\/scripts_loaded\",function(){gform.themeScriptsLoaded=!0}),window.addEventListener(\"DOMContentLoaded\",function(){gform.domLoaded=!0}),gform={domLoaded:!1,scriptsLoaded:!1,themeScriptsLoaded:!1,isFormEditor:()=>\"function\"==typeof InitializeEditor,callIfLoaded:function(o){return!(!gform.domLoaded||!gform.scriptsLoaded||!gform.themeScriptsLoaded&&!gform.isFormEditor()||(gform.isFormEditor()&&console.warn(\"The use of gform.initializeOnLoaded() is deprecated in the form editor context and will be removed in Gravity Forms 3.1.\"),o(),0))},initializeOnLoaded:function(o){gform.callIfLoaded(o)||(document.addEventListener(\"gform_main_scripts_loaded\",()=>{gform.scriptsLoaded=!0,gform.callIfLoaded(o)}),document.addEventListener(\"gform\/theme\/scripts_loaded\",()=>{gform.themeScriptsLoaded=!0,gform.callIfLoaded(o)}),window.addEventListener(\"DOMContentLoaded\",()=>{gform.domLoaded=!0,gform.callIfLoaded(o)}))},hooks:{action:{},filter:{}},addAction:function(o,r,e,t){gform.addHook(\"action\",o,r,e,t)},addFilter:function(o,r,e,t){gform.addHook(\"filter\",o,r,e,t)},doAction:function(o){gform.doHook(\"action\",o,arguments)},applyFilters:function(o){return gform.doHook(\"filter\",o,arguments)},removeAction:function(o,r){gform.removeHook(\"action\",o,r)},removeFilter:function(o,r,e){gform.removeHook(\"filter\",o,r,e)},addHook:function(o,r,e,t,n){null==gform.hooks[o][r]&&(gform.hooks[o][r]=[]);var d=gform.hooks[o][r];null==n&&(n=r+\"_\"+d.length),gform.hooks[o][r].push({tag:n,callable:e,priority:t=null==t?10:t})},doHook:function(r,o,e){var t;if(e=Array.prototype.slice.call(e,1),null!=gform.hooks[r][o]&&((o=gform.hooks[r][o]).sort(function(o,r){return o.priority-r.priority}),o.forEach(function(o){\"function\"!=typeof(t=o.callable)&&(t=window[t]),\"action\"==r?t.apply(null,e):e[0]=t.apply(null,e)})),\"filter\"==r)return e[0]},removeHook:function(o,r,t,n){var e;null!=gform.hooks[o][r]&&(e=(e=gform.hooks[o][r]).filter(function(o,r,e){return!!(null!=n&&n!=o.tag||null!=t&&t!=o.priority)}),gform.hooks[o][r]=e)}});\n\/* ]]> *\/\n<\/script>\n\n                <div class='gf_browser_gecko gform_wrapper gravity-theme gform-theme--no-framework' data-form-theme='gravity-theme' data-form-index='0' id='gform_wrapper_4' ><form method='post' enctype='multipart\/form-data'  id='gform_4'  action='\/fr\/wp-json\/wp\/v2\/pages\/6557' data-formid='4' novalidate><div class='gf_invisible ginput_recaptchav3' data-sitekey='6Lc5rQQlAAAAAD3M1AaJPL6w4GH6Hm74rvOIqIEl' data-tabindex='0'><input id=\"input_35be03f21148cf7daf00d9edcddf7231\" class=\"gfield_recaptcha_response\" type=\"hidden\" name=\"input_35be03f21148cf7daf00d9edcddf7231\" value=\"\"\/><\/div>\n                        <div class='gform-body gform_body'><div id='gform_fields_4' class='gform_fields top_label form_sublabel_below description_below validation_below'><div id=\"field_4_1\" class=\"gfield gfield--type-text gfield_contains_required field_sublabel_below gfield--no-description field_description_below field_validation_below gfield_visibility_visible\"  ><label class='gfield_label gform-field-label' for='input_4_1'>Nom<span class=\"gfield_required\"><span class=\"gfield_required gfield_required_text\">(Requis)<\/span><\/span><\/label><div class='ginput_container ginput_container_text'><input name='input_1' id='input_4_1' type='text' value='' class='large'     aria-required=\"true\" aria-invalid=\"false\"   \/><\/div><\/div><div id=\"field_4_3\" class=\"gfield gfield--type-email gfield--width-full gfield_contains_required field_sublabel_below gfield--no-description field_description_below field_validation_below gfield_visibility_visible\"  ><label class='gfield_label gform-field-label' for='input_4_3'>Courriel<span class=\"gfield_required\"><span class=\"gfield_required gfield_required_text\">(Requis)<\/span><\/span><\/label><div class='ginput_container ginput_container_email'>\n                            <input name='input_3' id='input_4_3' type='email' value='' class='large'    aria-required=\"true\" aria-invalid=\"false\"  \/>\n                        <\/div><\/div><div id=\"field_4_4\" class=\"gfield gfield--type-phone gfield--width-full gfield_contains_required field_sublabel_below gfield--no-description field_description_below field_validation_below gfield_visibility_visible\"  ><label class='gfield_label gform-field-label' for='input_4_4'>T\u00e9l\u00e9phone<span class=\"gfield_required\"><span class=\"gfield_required gfield_required_text\">(Requis)<\/span><\/span><\/label><div class='ginput_container ginput_container_phone'><input name='input_4' id='input_4_4' type='tel' value='' class='large'   aria-required=\"true\" aria-invalid=\"false\"   \/><\/div><\/div><div id=\"field_4_5\" class=\"gfield gfield--type-textarea gfield--width-full gfield_contains_required field_sublabel_below gfield--no-description field_description_below field_validation_below gfield_visibility_visible\"  ><label class='gfield_label gform-field-label' for='input_4_5'>Message<span class=\"gfield_required\"><span class=\"gfield_required gfield_required_text\">(Requis)<\/span><\/span><\/label><div class='ginput_container ginput_container_textarea'><textarea name='input_5' id='input_4_5' class='textarea large'     aria-required=\"true\" aria-invalid=\"false\"   rows='10' cols='50'><\/textarea><\/div><\/div><div id=\"field_4_6\" class=\"gfield gfield--type-fileupload gfield--width-half gfield_contains_required field_sublabel_below gfield--no-description field_description_below field_validation_below gfield_visibility_visible\"  ><label class='gfield_label gform-field-label' for='input_4_6'>T\u00e9l\u00e9chargement lettre d&#039;accompagnement<span class=\"gfield_required\"><span class=\"gfield_required gfield_required_text\">(Requis)<\/span><\/span><\/label><div class='ginput_container ginput_container_fileupload'><input type='hidden' name='MAX_FILE_SIZE' value='134217728' \/><input name='input_6' id='input_4_6' type='file' class='large' aria-describedby=\"gfield_upload_rules_4_6\" onchange='javascript:gformValidateFileSize( this, 134217728 );'  \/><span class='gfield_description gform_fileupload_rules' id='gfield_upload_rules_4_6'>Taille max. des fichiers\u00a0: 128 MB.<\/span><div class='gfield_description validation_message gfield_validation_message validation_message--hidden-on-empty' id='live_validation_message_4_6'><\/div> <\/div><\/div><div id=\"field_4_7\" class=\"gfield gfield--type-fileupload gfield--width-half gfield_contains_required field_sublabel_below gfield--no-description field_description_below field_validation_below gfield_visibility_visible\"  ><label class='gfield_label gform-field-label' for='input_4_7'>T\u00e9l\u00e9chargement CV<span class=\"gfield_required\"><span class=\"gfield_required gfield_required_text\">(Requis)<\/span><\/span><\/label><div class='ginput_container ginput_container_fileupload'><input type='hidden' name='MAX_FILE_SIZE' value='134217728' \/><input name='input_7' id='input_4_7' type='file' class='large' aria-describedby=\"gfield_upload_rules_4_7\" onchange='javascript:gformValidateFileSize( this, 134217728 );'  \/><span class='gfield_description gform_fileupload_rules' id='gfield_upload_rules_4_7'>Taille max. des fichiers\u00a0: 128 MB.<\/span><div class='gfield_description validation_message gfield_validation_message validation_message--hidden-on-empty' id='live_validation_message_4_7'><\/div> <\/div><\/div><\/div><\/div>\n        <div class='gform-footer gform_footer top_label'> <input type='submit' id='gform_submit_button_4' class='gform_button button' onclick='gform.submission.handleButtonClick(this);' data-submission-type='submit' value='SOUMETTRE'  \/> \n            <input type='hidden' class='gform_hidden' name='gform_submission_method' data-js='gform_submission_method_4' value='postback' \/>\n            <input type='hidden' class='gform_hidden' name='gform_theme' data-js='gform_theme_4' id='gform_theme_4' value='gravity-theme' \/>\n            <input type='hidden' class='gform_hidden' name='gform_style_settings' data-js='gform_style_settings_4' id='gform_style_settings_4' value='[]' \/>\n            <input type='hidden' class='gform_hidden' name='is_submit_4' value='1' \/>\n            <input type='hidden' class='gform_hidden' name='gform_submit' value='4' \/>\n            \n            <input type='hidden' class='gform_hidden' name='gform_currency' data-currency='CAD' value='b8q4uSw\/1vI24Dl25KoJSw1HLNSyvELz5FgXgXxZVbKZJEDSsvXmb\/isKl9WKZLixdX0u+tqb7k3lVTeDtlA8Bzqa2KDzWYrQv7hdkPRqxPD1is=' \/>\n            <input type='hidden' class='gform_hidden' name='gform_unique_id' value='' \/>\n            <input type='hidden' class='gform_hidden' name='state_4' value='WyJbXSIsIjQxYmEzNzY1MDU5ZDdhNzM0NjBiODVhMWYzZTViYzEwIl0=' \/>\n            <input type='hidden' autocomplete='off' class='gform_hidden' name='gform_target_page_number_4' id='gform_target_page_number_4' value='0' \/>\n            <input type='hidden' autocomplete='off' class='gform_hidden' name='gform_source_page_number_4' id='gform_source_page_number_4' value='1' \/>\n            <input type='hidden' name='gform_field_values' value='' \/>\n            \n        <\/div>\n                        <\/form>\n                        <\/div><script type=\"text\/javascript\">\n\/* <![CDATA[ *\/\n gform.initializeOnLoaded( function() {gformInitSpinner( 4, 'https:\/\/wsisme.com\/wp-content\/plugins\/gravityforms\/images\/spinner.svg', true );jQuery('#gform_ajax_frame_4').on('load',function(){var contents = jQuery(this).contents().find('*').html();var is_postback = contents.indexOf('GF_AJAX_POSTBACK') >= 0;if(!is_postback){return;}var form_content = jQuery(this).contents().find('#gform_wrapper_4');var is_confirmation = jQuery(this).contents().find('#gform_confirmation_wrapper_4').length > 0;var is_redirect = contents.indexOf('gformRedirect(){') >= 0;var is_form = form_content.length > 0 && ! is_redirect && ! is_confirmation;var mt = parseInt(jQuery('html').css('margin-top'), 10) + parseInt(jQuery('body').css('margin-top'), 10) + 100;if(is_form){jQuery('#gform_wrapper_4').html(form_content.html());if(form_content.hasClass('gform_validation_error')){jQuery('#gform_wrapper_4').addClass('gform_validation_error');} else {jQuery('#gform_wrapper_4').removeClass('gform_validation_error');}setTimeout( function() { \/* delay the scroll by 50 milliseconds to fix a bug in chrome *\/  }, 50 );if(window['gformInitDatepicker']) {gformInitDatepicker();}if(window['gformInitPriceFields']) {gformInitPriceFields();}var current_page = jQuery('#gform_source_page_number_4').val();gformInitSpinner( 4, 'https:\/\/wsisme.com\/wp-content\/plugins\/gravityforms\/images\/spinner.svg', true );jQuery(document).trigger('gform_page_loaded', [4, current_page]);window['gf_submitting_4'] = false;}else if(!is_redirect){var confirmation_content = jQuery(this).contents().find('.GF_AJAX_POSTBACK').html();if(!confirmation_content){confirmation_content = contents;}jQuery('#gform_wrapper_4').replaceWith(confirmation_content);jQuery(document).trigger('gform_confirmation_loaded', [4]);window['gf_submitting_4'] = false;wp.a11y.speak(jQuery('#gform_confirmation_message_4').text());}else{jQuery('#gform_4').append(contents);if(window['gformRedirect']) {gformRedirect();}}jQuery(document).trigger(\"gform_pre_post_render\", [{ formId: \"4\", currentPage: \"current_page\", abort: function() { this.preventDefault(); } }]);        if (event && event.defaultPrevented) {                return;        }        const gformWrapperDiv = document.getElementById( \"gform_wrapper_4\" );        if ( gformWrapperDiv ) {            const visibilitySpan = document.createElement( \"span\" );            visibilitySpan.id = \"gform_visibility_test_4\";            gformWrapperDiv.insertAdjacentElement( \"afterend\", visibilitySpan );        }        const visibilityTestDiv = document.getElementById( \"gform_visibility_test_4\" );        let postRenderFired = false;        function triggerPostRender() {            if ( postRenderFired ) {                return;            }            postRenderFired = true;            gform.core.triggerPostRenderEvents( 4, current_page );            if ( visibilityTestDiv ) {                visibilityTestDiv.parentNode.removeChild( visibilityTestDiv );            }        }        function debounce( func, wait, immediate ) {            var timeout;            return function() {                var context = this, args = arguments;                var later = function() {                    timeout = null;                    if ( !immediate ) func.apply( context, args );                };                var callNow = immediate && !timeout;                clearTimeout( timeout );                timeout = setTimeout( later, wait );                if ( callNow ) func.apply( context, args );            };        }        const debouncedTriggerPostRender = debounce( function() {            triggerPostRender();        }, 200 );        if ( visibilityTestDiv && visibilityTestDiv.offsetParent === null ) {            const observer = new MutationObserver( ( mutations ) => {                mutations.forEach( ( mutation ) => {                    if ( mutation.type === 'attributes' && visibilityTestDiv.offsetParent !== null ) {                        debouncedTriggerPostRender();                        observer.disconnect();                    }                });            });            observer.observe( document.body, {                attributes: true,                childList: false,                subtree: true,                attributeFilter: [ 'style', 'class' ],            });        } else {            triggerPostRender();        }    } );} ); \n\/* ]]> *\/\n<\/script>\n[\/vc_column][\/vc_row]<\/div>","protected":false},"excerpt":{"rendered":"[vc_row][vc_column][vc_column_text] \u00c0 WSI Montr\u00e9al, nous recherchons occasionnellement des personnes talentueuses \u00e0 rejoindre notre \u00e9quipe de conception et d\u00e9veloppement de sites web, de marketing Internet, et de r\u00e9seaux sociaux. Nous offrons des d\u00e9fis enrichissants dans un environnement rapide et cr\u00e9atif, de&hellip;","protected":false},"author":2,"featured_media":0,"parent":7628,"menu_order":0,"comment_status":"closed","ping_status":"closed","template":"","meta":{"_acf_changed":false,"footnotes":""},"class_list":["post-6557","page","type-page","status-publish","hentry","entry","no-media"],"acf":[],"_links":{"self":[{"href":"https:\/\/wsisme.com\/fr\/wp-json\/wp\/v2\/pages\/6557","targetHints":{"allow":["GET"]}}],"collection":[{"href":"https:\/\/wsisme.com\/fr\/wp-json\/wp\/v2\/pages"}],"about":[{"href":"https:\/\/wsisme.com\/fr\/wp-json\/wp\/v2\/types\/page"}],"author":[{"embeddable":true,"href":"https:\/\/wsisme.com\/fr\/wp-json\/wp\/v2\/users\/2"}],"replies":[{"embeddable":true,"href":"https:\/\/wsisme.com\/fr\/wp-json\/wp\/v2\/comments?post=6557"}],"version-history":[{"count":24,"href":"https:\/\/wsisme.com\/fr\/wp-json\/wp\/v2\/pages\/6557\/revisions"}],"predecessor-version":[{"id":12985,"href":"https:\/\/wsisme.com\/fr\/wp-json\/wp\/v2\/pages\/6557\/revisions\/12985"}],"up":[{"embeddable":true,"href":"https:\/\/wsisme.com\/fr\/wp-json\/wp\/v2\/pages\/7628"}],"wp:attachment":[{"href":"https:\/\/wsisme.com\/fr\/wp-json\/wp\/v2\/media?parent=6557"}],"curies":[{"name":"wp","href":"https:\/\/api.w.org\/{rel}","templated":true}]}}