{"id":7701,"date":"2019-07-02T18:12:15","date_gmt":"2019-07-02T18:12:15","guid":{"rendered":"http:\/\/wsisme.com\/?page_id=7701"},"modified":"2023-09-11T21:59:15","modified_gmt":"2023-09-11T21:59:15","slug":"prix","status":"publish","type":"page","link":"https:\/\/wsisme.com\/fr\/a-propos\/prix\/","title":{"rendered":"Prix"},"content":{"rendered":"<div class=\"wpb-content-wrapper\">[vc_row][vc_column][vc_column_text]\r\n<h1 style=\"text-align: center;\">Prix et distinctions<\/h1>\r\n<p class=\"w60pad\" style=\"text-align: center;\">Notre \u00e9quipe de marketing num\u00e9rique de Montr\u00e9al est fi\u00e8re de partager certaines des distinctions que nous avons eu l\u2019honneur de recevoir au fil des ans.<\/p>\r\n[\/vc_column_text][vc_single_image image=\u00a0\u00bb6601&Prime; alignment=\u00a0\u00bbcenter\u00a0\u00bb css=\u00a0\u00bb.vc_custom_1567175351606{margin-top: 20px !important;}\u00a0\u00bb][\/vc_column][\/vc_row][vc_row full_width=\u00a0\u00bbstretch_row\u00a0\u00bb css=\u00a0\u00bb.vc_custom_1694469440497{margin-left: 50px !important;padding-top: 40px !important;padding-bottom: 30px !important;}\u00a0\u00bb][vc_column width=\u00a0\u00bb1\/12&Prime;][\/vc_column][vc_column width=\u00a0\u00bb10\/12&Prime;][vc_column_text css=\u00a0\u00bb.vc_custom_1694157389654{margin-bottom: 40px !important;}\u00a0\u00bb]\r\n<h2 style=\"text-align: center;\">Les prix et distinctions de WSI Montr\u00e9al<\/h2>\r\n[\/vc_column_text][vc_column_text css=\u00a0\u00bb.vc_custom_1694157561269{margin-top: -20px !important;}\u00a0\u00bb]\r\n<h4>Prix The Professional Services Standard of Excellence 2022, WebAwards 2022<\/h4>\r\n[\/vc_column_text][vc_row_inner equal_height=\u00a0\u00bbyes\u00a0\u00bb css=\u00a0\u00bb.vc_custom_1694097682642{margin-top: 20px !important;}\u00a0\u00bb][vc_column_inner width=\u00a0\u00bb2\/3&Prime; css=\u00a0\u00bb.vc_custom_1567715211769{margin-bottom: 0px !important;padding-right: 50px !important;}\u00a0\u00bb][vc_column_text]Reconnaissance de notre travail innovateur pour notre client, Exceleris, une agence de recrutement bien connue dans le domaine de la comptabilit\u00e9 et de la finance \u00e0 Montr\u00e9al.\r\n<a class=\"ic2-link wsi-button green-button medium-button\" href=\"https:\/\/wsisme.com\/fr\/blogue\/nouvelles\/webawards-2022-prix-excellence-services-professionnels\/\">PLUS D\u2019INFO SUR CE PRIX<\/a>[\/vc_column_text][\/vc_column_inner][vc_column_inner width=\u00a0\u00bb1\/3&Prime;][vc_single_image image=\u00a0\u00bb9469&Prime; alignment=\u00a0\u00bbright\u00a0\u00bb el_class=\u00a0\u00bbw50&Prime;][\/vc_column_inner][\/vc_row_inner][vc_column_text]\r\n<h4>Prix Outstanding Website 2019, WebAwards 2019<\/h4>\r\n[\/vc_column_text][vc_row_inner css=\u00a0\u00bb.vc_custom_1694097670347{margin-top: 20px !important;padding-bottom: 30px !important;}\u00a0\u00bb][vc_column_inner width=\u00a0\u00bb1\/3&Prime;][vc_single_image image=\u00a0\u00bb7710&Prime; alignment=\u00a0\u00bbleft\u00a0\u00bb el_class=\u00a0\u00bbw50&Prime;][\/vc_column_inner][vc_column_inner width=\u00a0\u00bb2\/3&Prime;][vc_column_text]Prix attribu\u00e9 pour la conception du site Web de Mistassini Outfitting Camps, une organisation qui, depuis 1975, offre aux p\u00eacheurs des voyages de p\u00eache de classe mondiale dans les eaux exclusives du plus long lac du Qu\u00e9bec.[\/vc_column_text][\/vc_column_inner][\/vc_row_inner][vc_column_text css=\u00a0\u00bb.vc_custom_1694156746804{margin-top: -20px !important;}\u00a0\u00bb]\r\n<h4>Prix Automobile Standard Award of Excellence 2018, WebAwards 2018<\/h4>\r\n[\/vc_column_text][vc_row_inner equal_height=\u00a0\u00bbyes\u00a0\u00bb css=\u00a0\u00bb.vc_custom_1570708839842{margin-top: 20px !important;padding-bottom: 30px !important;}\u00a0\u00bb][vc_column_inner width=\u00a0\u00bb2\/3&Prime; css=\u00a0\u00bb.vc_custom_1567715211769{margin-bottom: 0px !important;padding-right: 50px !important;}\u00a0\u00bb][vc_column_text]Prix reconnaissant nos r\u00e9alisations exceptionnelles en mati\u00e8re de d\u00e9veloppement Web dans le domaine de l&rsquo;automobile pour notre client de longue date Pneus Gordons, un m\u00e9canicien bas\u00e9 \u00e0 Montr\u00e9al et l&rsquo;un des meilleurs endroits pour acheter des pneus \u00e0 Montr\u00e9al, qui op\u00e8re au m\u00eame endroit depuis plus de 60 ans.[\/vc_column_text][\/vc_column_inner][vc_column_inner width=\u00a0\u00bb1\/3&Prime;][vc_single_image image=\u00a0\u00bb7558&Prime; alignment=\u00a0\u00bbright\u00a0\u00bb el_class=\u00a0\u00bbw50&Prime;][\/vc_column_inner][\/vc_row_inner][vc_column_text]\r\n<h4>Prix Healthcare Provider Standard of Excellence 2017, WebAwards 2017<\/h4>\r\n[\/vc_column_text][vc_row_inner css=\u00a0\u00bb.vc_custom_1570709283161{margin-top: 20px !important;padding-bottom: 30px !important;}\u00a0\u00bb][vc_column_inner width=\u00a0\u00bb1\/3&Prime;][vc_single_image image=\u00a0\u00bb7557&Prime; alignment=\u00a0\u00bbleft\u00a0\u00bb el_class=\u00a0\u00bbw50&Prime;][\/vc_column_inner][vc_column_inner width=\u00a0\u00bb2\/3&Prime;][vc_column_text]Prix pour une r\u00e9alisation exceptionnelle en mati\u00e8re de d\u00e9veloppement web dans le domaine des soins de sant\u00e9 pour le Centre Dentaire Pierrefonds, une clinique dentaire situ\u00e9e au c\u0153ur de l&rsquo;ouest de l&rsquo;\u00eele de Montr\u00e9al.[\/vc_column_text][\/vc_column_inner][\/vc_row_inner][vc_column_text css=\u00a0\u00bb.vc_custom_1694156804796{margin-top: -20px !important;}\u00a0\u00bb]\r\n<h4>WSI Network Top Gun<\/h4>\r\n[\/vc_column_text][vc_row_inner equal_height=\u00a0\u00bbyes\u00a0\u00bb css=\u00a0\u00bb.vc_custom_1570708839842{margin-top: 20px !important;padding-bottom: 30px !important;}\u00a0\u00bb][vc_column_inner width=\u00a0\u00bb2\/3&Prime; css=\u00a0\u00bb.vc_custom_1567715211769{margin-bottom: 0px !important;padding-right: 50px !important;}\u00a0\u00bb][vc_column_text]Notre \u00e9quipe de marketing num\u00e9rique de Montr\u00e9al et <a href=\"https:\/\/wsisme.com\/fr\/services-de-marketing-numerique\/referencement-naturel-seo\/\">agence de r\u00e9f\u00e9rencement de premier plan<\/a> sont fi\u00e8res de faire partie des Top Guns de WSI, un groupe de consultants qui ont atteint le plus haut niveau de succ\u00e8s dans le r\u00e9seau WSI. En tant que groupe, nous partageons nos connaissances, les nouvelles technologies et les meilleures pratiques avec les autres membres de notre r\u00e9seau dans le but commun d&rsquo;am\u00e9liorer le retour sur investissement de nos clients.[\/vc_column_text][\/vc_column_inner][vc_column_inner width=\u00a0\u00bb1\/3&Prime;][vc_single_image image=\u00a0\u00bb10187&Prime; alignment=\u00a0\u00bbright\u00a0\u00bb el_class=\u00a0\u00bbw50&Prime;][\/vc_column_inner][\/vc_row_inner][vc_column_text css=\u00a0\u00bb.vc_custom_1694158307532{margin-top: 20px !important;}\u00a0\u00bb]\r\n<h4>CCOIM 2010 Accolades \u2013 Petites entreprises, Accolades 2010<\/h4>\r\n[\/vc_column_text][vc_row_inner css=\u00a0\u00bb.vc_custom_1570709283161{margin-top: 20px !important;padding-bottom: 30px !important;}\u00a0\u00bb][vc_column_inner width=\u00a0\u00bb1\/3&Prime;][vc_single_image image=\u00a0\u00bb6609&Prime; alignment=\u00a0\u00bbleft\u00a0\u00bb el_class=\u00a0\u00bbw50&Prime;][\/vc_column_inner][vc_column_inner width=\u00a0\u00bb2\/3&Prime;][vc_column_text]Prix attribu\u00e9 par la <a href=\"https:\/\/www.ccoim.ca\/\" target=\"_blank\" rel=\"noopener\">Chambre de commerce de l&rsquo;Ouest-de-l&rsquo;\u00cele de Montr\u00e9al<\/a> dans la cat\u00e9gorie petite entreprise \u00e0 notre <a href=\"https:\/\/wsisme.com\/fr\/\">agence de marketing num\u00e9rique<\/a>. Ce concours annuel reconna\u00eet les entreprises locales qui se sont distingu\u00e9es dans notre communaut\u00e9.[\/vc_column_text][\/vc_column_inner][\/vc_row_inner][\/vc_column][vc_column width=\u00a0\u00bb1\/12&Prime;][\/vc_column][\/vc_row][vc_row full_width=\u00a0\u00bbstretch_row\u00a0\u00bb css=\u00a0\u00bb.vc_custom_1694469447935{margin-left: 50px !important;padding-top: 40px !important;padding-bottom: 30px !important;background-color: #f2f2f2 !important;}\u00a0\u00bb][vc_column][vc_column_text css=\u00a0\u00bb.vc_custom_1694156943869{margin-bottom: 20px !important;}\u00a0\u00bb]\r\n<h3 style=\"text-align: center;\">\u00cates-vous pr\u00eat \u00e0 atteindre de nouveaux sommets ?<\/h3>\r\n[\/vc_column_text][vc_column_text]Lib\u00e9rez le potentiel de votre entreprise gr\u00e2ce aux <a href=\"https:\/\/wsisme.com\/fr\/services-de-marketing-numerique\/\">services de marketing num\u00e9rique<\/a> prim\u00e9s de WSI Montr\u00e9al ! Notre \u00e9quipe d&rsquo;experts offre des solutions compl\u00e8tes, y compris la conception de sites Web, le r\u00e9f\u00e9rencement, la <a href=\"https:\/\/wsisme.com\/fr\/services-de-marketing-numerique\/referencement-payant\/\">recherche pay\u00e9e<\/a> et le marketing des m\u00e9dias sociaux. Laissez-nous vous aider \u00e0 cr\u00e9er une strat\u00e9gie num\u00e9rique gagnante adapt\u00e9e \u00e0 vos objectifs uniques. Communiquez avec nous d\u00e8s maintenant et faites passer votre entreprise au niveau sup\u00e9rieur !\r\n<p style=\"text-align: center;\"><a class=\"ic2-link wsi-button green-button medium-button text-center\" href=\"https:\/\/wsisme.com\/fr\/nous-joindre\/\">CONTACTEZ-NOUS<\/a><\/p>\r\n[\/vc_column_text][\/vc_column][\/vc_row][vc_row full_width=\u00a0\u00bbstretch_row\u00a0\u00bb css=\u00a0\u00bb.vc_custom_1694469453738{margin-left: 50px !important;padding-top: 40px !important;padding-bottom: 30px !important;}\u00a0\u00bb][vc_column width=\u00a0\u00bb1\/12&Prime;][\/vc_column][vc_column width=\u00a0\u00bb10\/12&Prime;][vc_column_text css=\u00a0\u00bb.vc_custom_1694157031387{margin-top: 40px !important;margin-bottom: 20px !important;}\u00a0\u00bb]\r\n<h2 style=\"text-align: center;\">Les prix de notre r\u00e9seau WSI<\/h2>\r\n[\/vc_column_text][vc_column_text css=\u00a0\u00bb.vc_custom_1694157050780{margin-top: 20px !important;}\u00a0\u00bb]\r\n<h4>13 Awards pour le r\u00e9seau WSI, WebAwards 2022<\/h4>\r\n[\/vc_column_text][vc_row_inner equal_height=\u00a0\u00bbyes\u00a0\u00bb css=\u00a0\u00bb.vc_custom_1666112657533{margin-top: 20px !important;margin-bottom: 0px !important;padding-bottom: 30px !important;}\u00a0\u00bb][vc_column_inner width=\u00a0\u00bb1\/2&Prime; css=\u00a0\u00bb.vc_custom_1666112645364{margin-bottom: 0px !important;padding-right: 50px !important;}\u00a0\u00bb][vc_column_text css=\u00a0\u00bb.vc_custom_1694157894301{margin-top: 10px !important;}\u00a0\u00bb]Le r\u00e9seau WSI a remport\u00e9 13 nouveaux prix lors des <a href=\"http:\/\/www.webaward.org\/winners.asp#.YzMXyXbMKUl\" target=\"_blank\" rel=\"noopener\">WMA WebAwards 2022<\/a>, ce qui porte le total \u00e0 plus de 145 prix. Notre r\u00e9seau a \u00e9galement remport\u00e9 l&rsquo;un des prix \u00ab\u00a0Outstanding Website Developer\u00a0\u00bb.[\/vc_column_text][\/vc_column_inner][vc_column_inner width=\u00a0\u00bb1\/2&Prime; css=\u00a0\u00bb.vc_custom_1666112649013{margin-bottom: 0px !important;}\u00a0\u00bb][vc_raw_html css=\u00a0\u00bb.vc_custom_1666112305798{margin-top: 10px !important;}\u00a0\u00bb]JTNDaWZyYW1lJTIwY2xhc3MlM0QlMjJ2aWR5YXJkX2lmcmFtZSUyMiUyMHNyYyUzRCUyMiUyRiUyRnBsYXkudmlkeWFyZC5jb20lMkZkWnNaSmE5UUpXblpvRmJRenVLdzdoLmh0bWwlM0YlMjIlMjB3aWR0aCUzRDY0MCUyMGhlaWdodCUzRDI0OCUyMHNjcm9sbGluZyUzRCUyMm5vJTIyJTIwZnJhbWVib3JkZXIlM0QlMjIwJTIyJTIwYWxsb3d0cmFuc3BhcmVuY3klM0QlMjJ0cnVlJTIyJTIwYWxsb3dmdWxsc2NyZWVuJTNFJTNDJTJGaWZyYW1lJTNF[\/vc_raw_html][\/vc_column_inner][\/vc_row_inner][vc_column_text css=\u00a0\u00bb.vc_custom_1694157126606{margin-top: 20px !important;}\u00a0\u00bb]\r\n<h4>Prix de la meilleure agence pour le r\u00e9seau WSI, WebAwards 2020<\/h4>\r\n[\/vc_column_text][vc_row_inner equal_height=\u00a0\u00bbyes\u00a0\u00bb css=\u00a0\u00bb.vc_custom_1570708839842{margin-top: 20px !important;padding-bottom: 30px !important;}\u00a0\u00bb][vc_column_inner width=\u00a0\u00bb1\/2&Prime;][vc_raw_html css=\u00a0\u00bb.vc_custom_1694101192307{margin-top: 10px !important;}\u00a0\u00bb]JTNDJTIxLS0lMjBQdXQlMjB0aGlzJTIwd2hlcmV2ZXIlMjB5b3UlMjB3b3VsZCUyMGxpa2UlMjB5b3VyJTIwcGxheWVyJTIwdG8lMjBhcHBlYXIlMjAtLSUzRSUwQSUzQ2ltZyUwQSUyMCUyMHN0eWxlJTNEJTIyd2lkdGglM0ElMjAxMDAlMjUlM0IlMjBtYXJnaW4lM0ElMjBhdXRvJTNCJTIwZGlzcGxheSUzQSUyMGJsb2NrJTNCJTIyJTBBJTIwJTIwY2xhc3MlM0QlMjJ2aWR5YXJkLXBsYXllci1lbWJlZCUyMiUwQSUyMCUyMHNyYyUzRCUyMmh0dHBzJTNBJTJGJTJGcGxheS52aWR5YXJkLmNvbSUyRnhrVFBGZExyREFaS2FSMlMxRWFxSlguanBnJTIyJTBBJTIwJTIwZGF0YS11dWlkJTNEJTIyeGtUUEZkTHJEQVpLYVIyUzFFYXFKWCUyMiUwQSUyMCUyMGRhdGEtdiUzRCUyMjQlMjIlMEElMjAlMjBkYXRhLXR5cGUlM0QlMjJpbmxpbmUlMjIlMEElMkYlM0U=[\/vc_raw_html][\/vc_column_inner][vc_column_inner width=\u00a0\u00bb1\/2&Prime; css=\u00a0\u00bb.vc_custom_1567715211769{margin-bottom: 0px !important;padding-right: 50px !important;}\u00a0\u00bb][vc_column_text]Pour la deuxi\u00e8me ann\u00e9e cons\u00e9cutive, le r\u00e9seau WSI a \u00e9t\u00e9 couronn\u00e9 Top Agency par la Web Marketing Association. Le prix Top Agency r\u00e9compense le d\u00e9veloppement exceptionnel et constant des entreprises de marketing num\u00e9rique interactif. WSI a surpass\u00e9 ses concurrents mondiaux et a remport\u00e9 le plus grand nombre de WebAwards dans cette comp\u00e9tition, avec un total de 115 prix remport\u00e9s par notre r\u00e9seau.[\/vc_column_text][\/vc_column_inner][\/vc_row_inner][vc_column_text css=\u00a0\u00bb.vc_custom_1694157161006{margin-top: 20px !important;}\u00a0\u00bb]\r\n<h4>Prix de la meilleure agence pour le r\u00e9seau WSI, WebAwards 2019<\/h4>\r\n[\/vc_column_text][vc_row_inner content_placement=\u00a0\u00bbtop\u00a0\u00bb css=\u00a0\u00bb.vc_custom_1694469202733{margin-top: 20px !important;padding-bottom: 30px !important;}\u00a0\u00bb][vc_column_inner width=\u00a0\u00bb1\/2&Prime; css=\u00a0\u00bb.vc_custom_1694098950703{margin-bottom: 0px !important;}\u00a0\u00bb][vc_column_text]Le r\u00e9seau WSI a remport\u00e9 le prix Top Agency lors des WMA Awards, remportant ainsi plus de prix que toute autre agence de marketing. Notre r\u00e9seau WSI a remport\u00e9 15 prix web, ce qui porte \u00e0 plus de 100 le nombre total de prix remport\u00e9s depuis 2007.[\/vc_column_text][\/vc_column_inner][vc_column_inner width=\u00a0\u00bb1\/2&Prime; css=\u00a0\u00bb.vc_custom_1603381230664{margin-top: -20px !important;margin-bottom: 0px !important;}\u00a0\u00bb][vc_raw_html]JTNDaWZyYW1lJTIwY2xhc3MlM0QlMjJ2aWR5YXJkX2lmcmFtZSUyMiUyMHNyYyUzRCUyMiUyRiUyRnBsYXkudmlkeWFyZC5jb20lMkZBQzFodjFTd1V6ck1qTGJUTmt5ZEpzLmh0bWwlM0YlMjIlMjB3aWR0aCUzRCUyMjY0MCUyMiUyMGhlaWdodCUzRCUyMjM2MCUyMiUyMHNjcm9sbGluZyUzRCUyMm5vJTIyJTIwZnJhbWVib3JkZXIlM0QlMjIwJTIyJTIwYWxsb3d0cmFuc3BhcmVuY3klM0QlMjJ0cnVlJTIyJTIwYWxsb3dmdWxsc2NyZWVuJTNFJTNDJTJGaWZyYW1lJTNF[\/vc_raw_html][\/vc_column_inner][\/vc_row_inner][\/vc_column][vc_column width=\u00a0\u00bb1\/12&Prime;][\/vc_column][\/vc_row][vc_row full_width=\u00a0\u00bbstretch_row\u00a0\u00bb css=\u00a0\u00bb.vc_custom_1694469394511{padding-top: 40px !important;padding-bottom: 30px !important;background-color: #f2f2f2 !important;}\u00a0\u00bb][vc_column][vc_column_text css=\u00a0\u00bb.vc_custom_1694157986835{margin-top: 40px !important;margin-bottom: 20px !important;}\u00a0\u00bb]\r\n<h3 style=\"text-align: center;\">D\u00e9couvrez la puissance de notre r\u00e9seau<\/h3>\r\n[\/vc_column_text][vc_column_text]WSI Montr\u00e9al est fi\u00e8re de faire partie de l&rsquo;incroyable r\u00e9seau mondial d&rsquo;agences de marketing num\u00e9rique WSI. Notre cerveau collectif est \u00e0 votre disposition pour vous aider \u00e0 am\u00e9liorer votre performance en marketing num\u00e9rique. Contactez notre \u00e9quipe pour en savoir plus sur notre <a href=\"https:\/\/wsisme.com\/fr\/\">agence de marketing num\u00e9rique \u00e0 Montr\u00e9al<\/a>.\r\n<p style=\"text-align: center;\"><a class=\"ic2-link wsi-button green-button medium-button text-center\" href=\"https:\/\/wsisme.com\/fr\/nous-joindre\/\">CONTACTEZ-NOUS<\/a><\/p>\r\n[\/vc_column_text][\/vc_column][\/vc_row]<\/div>","protected":false},"excerpt":{"rendered":"[vc_row][vc_column][vc_column_text] Prix et distinctions Notre \u00e9quipe de marketing num\u00e9rique de Montr\u00e9al est fi\u00e8re de partager certaines des distinctions que nous avons eu l\u2019honneur de recevoir au fil des ans. [\/vc_column_text][vc_single_image image=\u00a0\u00bb6601&Prime; alignment=\u00a0\u00bbcenter\u00a0\u00bb css=\u00a0\u00bb.vc_custom_1567175351606{margin-top: 20px !important;}\u00a0\u00bb][\/vc_column][\/vc_row][vc_row full_width=\u00a0\u00bbstretch_row\u00a0\u00bb css=\u00a0\u00bb.vc_custom_1694469440497{margin-left: 50px !important;padding-top: 40px&hellip;","protected":false},"author":2,"featured_media":0,"parent":7702,"menu_order":4,"comment_status":"closed","ping_status":"closed","template":"","meta":{"_acf_changed":false,"footnotes":""},"class_list":["post-7701","page","type-page","status-publish","hentry","entry","no-media"],"acf":[],"_links":{"self":[{"href":"https:\/\/wsisme.com\/fr\/wp-json\/wp\/v2\/pages\/7701","targetHints":{"allow":["GET"]}}],"collection":[{"href":"https:\/\/wsisme.com\/fr\/wp-json\/wp\/v2\/pages"}],"about":[{"href":"https:\/\/wsisme.com\/fr\/wp-json\/wp\/v2\/types\/page"}],"author":[{"embeddable":true,"href":"https:\/\/wsisme.com\/fr\/wp-json\/wp\/v2\/users\/2"}],"replies":[{"embeddable":true,"href":"https:\/\/wsisme.com\/fr\/wp-json\/wp\/v2\/comments?post=7701"}],"version-history":[{"count":25,"href":"https:\/\/wsisme.com\/fr\/wp-json\/wp\/v2\/pages\/7701\/revisions"}],"predecessor-version":[{"id":10202,"href":"https:\/\/wsisme.com\/fr\/wp-json\/wp\/v2\/pages\/7701\/revisions\/10202"}],"up":[{"embeddable":true,"href":"https:\/\/wsisme.com\/fr\/wp-json\/wp\/v2\/pages\/7702"}],"wp:attachment":[{"href":"https:\/\/wsisme.com\/fr\/wp-json\/wp\/v2\/media?parent=7701"}],"curies":[{"name":"wp","href":"https:\/\/api.w.org\/{rel}","templated":true}]}}