{"id":7702,"date":"2019-10-04T14:33:23","date_gmt":"2019-10-04T14:33:23","guid":{"rendered":"http:\/\/wsisme.com\/?page_id=7702"},"modified":"2022-04-29T16:03:36","modified_gmt":"2022-04-29T16:03:36","slug":"a-propos","status":"publish","type":"page","link":"https:\/\/wsisme.com\/fr\/a-propos\/","title":{"rendered":"\u00c0 propos"},"content":{"rendered":"<div class=\"wpb-content-wrapper\">[vc_row full_width=\u00a0\u00bbstretch_row\u00a0\u00bb content_placement=\u00a0\u00bbmiddle\u00a0\u00bb css=\u00a0\u00bb.vc_custom_1571768210025{margin-bottom: 40px !important;}\u00a0\u00bb][vc_column][vc_column_text]\r\n<h1 style=\"text-align: center;\">\u00c0 propos de notre agence web \u00e0 Montr\u00e9al<\/h1>\r\n[\/vc_column_text][\/vc_column][\/vc_row][vc_row full_width=\u00a0\u00bbstretch_row\u00a0\u00bb content_placement=\u00a0\u00bbmiddle\u00a0\u00bb css=\u00a0\u00bb.vc_custom_1571768210025{margin-bottom: 40px !important;}\u00a0\u00bb][vc_column width=\u00a0\u00bb1\/2&Prime;][vc_column_text]\r\n<h2>Une agence \u00e0 services complets de marketing num\u00e9rique<\/h2>\r\n<p style=\"text-align: justify;\">En tant qu\u2019<a href=\"http:\/\/wsisme.com\/fr\/a-propos\/prix\/\">agence de marketing<\/a> reconnue \u00e0 Montr\u00e9al avec plus de 25 ans d\u2019exp\u00e9rience, nos objectifs sont de vous aider \u00e0 g\u00e9n\u00e9rer plus de prospects de qualit\u00e9s, \u00e0 augmenter le trafic du site Web, \u00e0 accro\u00eetre la notori\u00e9t\u00e9 de votre marque, \u00e0 am\u00e9liorer votre r\u00e9putation et vos chiffres d\u2019affaires en ligne. Nous mesurons et analysons les r\u00e9sultats, pour voir ce qui fonctionne et ce qui ne fonctionne pas, et nous ajustons les tactiques au besoin.<\/p>\r\n[\/vc_column_text][\/vc_column][vc_column width=\u00a0\u00bb1\/2&Prime;][vc_column_text]<img decoding=\"async\" class=\"aligncenter\" src=\"https:\/\/wsisme.com\/wp-content\/uploads\/2021\/11\/FR-Over-25-Years-Seal-WEB-optimized.png\" alt=\"WSI 25 years badge\" title=\"\">[\/vc_column_text][\/vc_column][\/vc_row][vc_row css=\u00a0\u00bb.vc_custom_1577736958640{margin-bottom: 50px !important;}\u00a0\u00bb][vc_column][vc_raw_html]JTNDZGl2JTIwY2xhc3MlM0QlMjJ3c2ktc2l0ZS13cmFwcGVyJTIwaC1wYWRkaW5nJTIyJTNFJTBBJTIwJTIwJTIwJTIwJTNDZGl2JTIwY2xhc3MlM0QlMjJ3c2ktY29udGVudC13cmFwcGVyJTIyJTNFJTBBJTIwJTIwJTIwJTIwJTIwJTIwJTNDZGl2JTIwY2xhc3MlM0QlMjJ0YjEtdGV4dC13cmFwcGVyJTIwd2lkdGgxMCUyMGhhbGlnbi1jZW50ZXIlMjB0ZXh0LWNlbnRlciUyMiUzRSUwQSUyMCUyMCUyMCUyMCUyMCUyMCUyMCUyMCUzQ2RpdiUyMGNsYXNzJTNEJTIydGIxLXRleHQlMjBtZWRpdW0tdGV4dCUyMHRleHQtY29sLTElMjIlM0UlM0NoMyUyMGNsYXNzJTNEJTIydGV4dC1ncmVlbiUyMiUzRU5vdXMlMjBvZmZyb25zJTIwdW5lJTIwZ2FtbWUlMjBjb21wbCVDMyVBOHRlJTIwZGUlMjBzb2x1dGlvbnMlMjBkZSUyMG1hcmtldGluZyUyMG51bSVDMyVBOXJpcXVlJTIwYWRhcHQlQzMlQTllcyUyMCVDMyVBMCUyMHZvdHJlJTIwZW50cmVwcmlzZSUyQyUyMGRvbnQlMjBjZXJ0YWluZXMlMjBjb21wcmVubmVudCUyMCUzQSUzQyUyRmgzJTNFJTBBJTIwJTIwJTIwJTIwJTIwJTIwJTIwJTIwJTBBJTIwJTIwJTIwJTIwJTIwJTIwJTNDJTJGZGl2JTNFJTBBJTIwJTIwJTIwJTIwJTNDJTJGZGl2JTNFJTBBJTIwJTIwJTNDJTJGZGl2JTNFJTBBJTNDJTJGZGl2JTNF[\/vc_raw_html][\/vc_column][\/vc_row][vc_row full_width=\u00a0\u00bbstretch_row_content\u00a0\u00bb][vc_column css=\u00a0\u00bb.vc_custom_1571768105717{margin-bottom: 0px !important;}\u00a0\u00bb][vc_raw_html]JTNDZGl2JTIwY2xhc3MlM0QlMjJzbGFudGVkLWVsZW1lbnQlMjBsYXllcjMlMjIlM0UlMEElMjAlMjAlMjAlMjAlM0NzdmclMjB2ZXJzaW9uJTNEJTIyMS4yJTIyJTIwcHJlc2VydmVBc3BlY3RSYXRpbyUzRCUyMm5vbmUlMjIlMjB2aWV3Qm94JTNEJTIyMCUyMDAlMjA1NiUyMDU2JTIyJTNFJTBBJTIwJTIwJTIwJTIwJTIwJTIwJTNDcG9seWdvbiUyMGNsYXNzJTNEJTIyZmlsbC1jb2xvcjQlMjIlMjBwb2ludHMlM0QlMjIwJTJDNTYlMjA1NiUyQzAlMjA1NiUyQzU2JTIyJTNFJTNDJTJGcG9seWdvbiUzRSUwQSUyMCUyMCUyMCUyMCUzQyUyRnN2ZyUzRSUwQSUyMCUyMCUzQyUyRmRpdiUzRQ==[\/vc_raw_html][\/vc_column][\/vc_row][vc_row full_width=\u00a0\u00bbstretch_row\u00a0\u00bb css=\u00a0\u00bb.vc_custom_1635867923026{margin-top: -5px !important;padding-bottom: 80px !important;background-color: #f2f2f2 !important;}\u00a0\u00bb][vc_column css=\u00a0\u00bb.vc_custom_1577737580068{margin-bottom: 0px !important;}\u00a0\u00bb][vc_raw_html]JTNDc2VjdGlvbiUyMGlkJTNEJTIyNDk4NzU0NCUyMiUyMGNsYXNzJTNEJTIyd3NpLW1vZHVsZSUyMGxpbmstbGlzdC0yJTIyJTIwc3R5bGUlM0QlMjIlMjIlM0UlMEElMjAlMjAlM0NkaXYlMjBjbGFzcyUzRCUyMndzaS1zaXRlLXdyYXBwZXIlMjIlM0UlMEElMjAlMjAlMjAlMjAlM0NkaXYlMjBjbGFzcyUzRCUyMndzaS1jb250ZW50LXdyYXBwZXIlMjIlM0UlMEElMjAlMjAlMjAlMjAlMjAlMjAlM0NkaXYlMjBjbGFzcyUzRCUyMmxsMi13cmFwcGVyJTIwY29sMTAlMjB0YWI4JTIwbW9iNCUyMGhhbGlnbi1jZW50ZXIlMjIlM0UlMEElMjAlMjAlMjAlMjAlMjAlMjAlMjAlMjAlM0N1bCUyMGNsYXNzJTNEJTIybGwyLWxpc3QlMjBmbGV4JTIwZmxleC13cmFwJTIwZmxleC1zdHJldGNoJTIwc3BhY2UtYmV0d2VlbiUyMiUzRSUwQSUwOSUwOSUwQSUwOSUwOSUzQ2xpJTIwY2xhc3MlM0QlMjJsbDItaXRlbSUyMGNvbDYlMjB0YWI0JTIwbW9iNCUyMG1lZGl1bS10ZXh0JTIyJTNFJTNDYSUyMGNsYXNzJTNEJTIybGwyLWxpbmslMjB0cmFuc2l0aW9uJTIyJTIwaHJlZiUzRCUyMmh0dHBzJTNBJTJGJTJGd3Npc21lLmNvbSUyRmZyJTJGc2VydmljZXMtZGUtbWFya2V0aW5nLW51bWVyaXF1ZSUyRnJlZmVyZW5jZW1lbnQtbmF0dXJlbC1zZW8lMkYlMjIlM0VSJUMzJUE5ZiVDMyVBOXJlbmNlbWVudCUyMG5hdHVyZWwlMjAlMjhTRU8lMjklM0MlMkZhJTNFJTNDJTJGbGklM0UlMEElMjAlMjAlMjAlMjAlMjAlMEElMjAlMjAlMjAlMjAlMjAlMjAlMjAlMjAlMjAlMjAlM0NsaSUyMGNsYXNzJTNEJTIybGwyLWl0ZW0lMjBjb2w2JTIwdGFiNCUyMG1vYjQlMjBtZWRpdW0tdGV4dCUyMiUzRSUzQ2ElMjBjbGFzcyUzRCUyMmxsMi1saW5rJTIwdHJhbnNpdGlvbiUyMiUyMGhyZWYlM0QlMjJodHRwJTNBJTJGJTJGd3Npc21lLmNvbSUyRmZyJTJGc2VydmljZXMtZGUtbWFya2V0aW5nLW51bWVyaXF1ZSUyRmNvbmNlcHRpb24tZXQtZGV2ZWxvcHBlbWVudC1kZS1zaXRlcy13ZWIlMkYlMjIlM0VDb25jZXB0aW9uJTIwZXQlMjBkJUMzJUE5dmVsb3BwZW1lbnQlMjBXZWIlM0MlMkZhJTNFJTNDJTJGbGklM0UlMEElMjAlMjAlMjAlMjAlMjAlMjAlMjAlMjAlMEElMDklMDklMjAlMjAlMjAlMjAlMjAlMjAlMjAlMjAlMjAlMjAlM0NsaSUyMGNsYXNzJTNEJTIybGwyLWl0ZW0lMjBjb2w2JTIwdGFiNCUyMG1vYjQlMjBtZWRpdW0tdGV4dCUyMiUzRSUzQ2ElMjBjbGFzcyUzRCUyMmxsMi1saW5rJTIwdHJhbnNpdGlvbiUyMiUyMGhyZWYlM0QlMjJodHRwcyUzQSUyRiUyRndzaXNtZS5jb20lMkZmciUyRnNlcnZpY2VzLWRlLW1hcmtldGluZy1udW1lcmlxdWUlMkZyZWZlcmVuY2VtZW50LWxvY2FsJTJGJTIyJTNFUiVDMyVBOWYlQzMlQTlyZW5jZW1lbnQlMjBsb2NhbCUzQyUyRmElM0UlM0MlMkZsaSUzRSUwQSUwOSUwOSUwOSUwOSUyMCUyMCUwQSUwOSUwOSUwOSUyMCUyMCUyMCUyMCUyMCUyMCUyMCUyMCUzQ2xpJTIwY2xhc3MlM0QlMjJsbDItaXRlbSUyMGNvbDYlMjB0YWI0JTIwbW9iNCUyMG1lZGl1bS10ZXh0JTIyJTNFJTNDYSUyMGNsYXNzJTNEJTIybGwyLWxpbmslMjB0cmFuc2l0aW9uJTIyJTIwaHJlZiUzRCUyMmh0dHBzJTNBJTJGJTJGd3Npc21lLmNvbSUyRmZyJTJGc2VydmljZXMtZGUtbWFya2V0aW5nLW51bWVyaXF1ZSUyRmRldmVsb3BwZW1lbnQtZXQtZW50cmV0aWVuLXdvcmRwcmVzcyUyRiUyMiUzRUQlQzMlQTl2ZWxvcHBlbWVudCUyMGV0JTIwc291dGllbiUyMGRlJTIwV29yZFByZXNzJTNDJTJGYSUzRSUzQyUyRmxpJTNFJTBBJTA5JTA5JTA5JTA5JTA5JTBBJTA5JTA5JTA5JTA5JTA5JTIwJTIwJTIwJTIwJTIwJTIwJTIwJTNDbGklMjBjbGFzcyUzRCUyMmxsMi1pdGVtJTIwY29sNiUyMHRhYjQlMjBtb2I0JTIwbWVkaXVtLXRleHQlMjIlM0UlM0NhJTIwY2xhc3MlM0QlMjJsbDItbGluayUyMHRyYW5zaXRpb24lMjIlMjBocmVmJTNEJTIyaHR0cHMlM0ElMkYlMkZ3c2lzbWUuY29tJTJGZnIlMkZzZXJ2aWNlcy1kZS1tYXJrZXRpbmctbnVtZXJpcXVlJTJGcmVmZXJlbmNlbWVudC1wYXlhbnRlJTJGJTIyJTNFUiVDMyVBOWYlQzMlQTlyZW5jZW1lbnQlMjBwYXlhbnQlM0MlMkZhJTNFJTNDJTJGbGklM0UlMEElMjAlMjAlMjAlMjAlMjAlMjAlMjAlMjAlMEElMjAlMjAlMjAlMjAlMjAlMjAlMjAlMjAlMjAlMjAlM0NsaSUyMGNsYXNzJTNEJTIybGwyLWl0ZW0lMjBjb2w2JTIwdGFiNCUyMG1vYjQlMjBtZWRpdW0tdGV4dCUyMiUzRSUzQ2ElMjBjbGFzcyUzRCUyMmxsMi1saW5rJTIwdHJhbnNpdGlvbiUyMiUyMGhyZWYlM0QlMjJodHRwcyUzQSUyRiUyRndzaXNtZS5jb20lMkZmciUyRnNlcnZpY2VzLWRlLW1hcmtldGluZy1udW1lcmlxdWUlMkZvcHRpbWlzYXRpb24tZGVzLXBhZ2VzLWRlLWRlc3RpbmF0aW9uJTJGJTIyJTNFT3B0aW1pc2F0aW9uJTIwZGVzJTIwcGFnZXMlMjBkZSUyMGRlc3RpbmF0aW9uJTNDJTJGYSUzRSUzQyUyRmxpJTNFJTBBJTA5JTA5JTIwJTIwJTBBJTA5JTA5JTIwJTIwJTIwJTIwJTIwJTIwJTIwJTIwJTIwJTIwJTIwJTIwJTNDbGklMjBjbGFzcyUzRCUyMmxsMi1pdGVtJTIwY29sNiUyMHRhYjQlMjBtb2I0JTIwbWVkaXVtLXRleHQlMjIlM0UlM0NhJTIwY2xhc3MlM0QlMjJsbDItbGluayUyMHRyYW5zaXRpb24lMjIlMjBocmVmJTNEJTIyaHR0cHMlM0ElMkYlMkZ3c2lzbWUuY29tJTJGZnIlMkZzZXJ2aWNlcy1kZS1tYXJrZXRpbmctbnVtZXJpcXVlJTJGbWFya2V0aW5nLWRlcy1tZWRpYXMtc29jaWF1eCUyRiUyMiUzRU1hcmtldGluZyUyMGRlcyUyMG0lQzMlQTlkaWFzJTIwc29jaWF1eCUzQyUyRmElM0UlM0MlMkZsaSUzRSUwQSUwOSUwOSUwOSUwOSUwOSUwQSUwOSUwOSUwOSUwOSUwOSUyMCUyMCUyMCUyMCUyMCUyMCUyMCUyMCUyMCUyMCUyMCUyMCUyMCUzQ2xpJTIwY2xhc3MlM0QlMjJsbDItaXRlbSUyMGNvbDYlMjB0YWI0JTIwbW9iNCUyMG1lZGl1bS10ZXh0JTIyJTNFJTNDYSUyMGNsYXNzJTNEJTIybGwyLWxpbmslMjB0cmFuc2l0aW9uJTIyJTIwaHJlZiUzRCUyMmh0dHBzJTNBJTJGJTJGd3Npc21lLmNvbSUyRmZyJTJGc2VydmljZXMtZGUtbWFya2V0aW5nLW51bWVyaXF1ZSUyRmluYm91bmQtbWFya2V0aW5nJTJGJTIyJTNFSW5ib3VuZCUyME1hcmtldGluZyUzQyUyRmElM0UlM0MlMkZsaSUzRSUwQSUyMCUyMCUyMCUyMCUyMCUyMCUyMCUyMCUwQSUyMCUyMCUyMCUyMCUyMCUyMCUyMCUyMCUyMCUyMCUzQ2xpJTIwY2xhc3MlM0QlMjJsbDItaXRlbSUyMGNvbDYlMjB0YWI0JTIwbW9iNCUyMG1lZGl1bS10ZXh0JTIyJTNFJTNDYSUyMGNsYXNzJTNEJTIybGwyLWxpbmslMjB0cmFuc2l0aW9uJTIyJTIwaHJlZiUzRCUyMmh0dHAlM0ElMkYlMkZ3c2lzbWUuY29tJTJGZnIlMkZzZXJ2aWNlcy1kZS1tYXJrZXRpbmctbnVtZXJpcXVlJTJGbWFya2V0aW5nLWRlLWNvbnRlbnUlMkYlMjIlM0VNYXJrZXRpbmclMjBkZSUyMGNvbnRlbnUlM0MlMkZhJTNFJTNDJTJGbGklM0UlMEElMDklMDklMjAlMjAlMEElMDklMDklMjAlMjAlMjAlMjAlMjAlMjAlMjAlMjAlMjAlMjAlMjAlMjAlM0NsaSUyMGNsYXNzJTNEJTIybGwyLWl0ZW0lMjBjb2w2JTIwdGFiNCUyMG1vYjQlMjBtZWRpdW0tdGV4dCUyMiUzRSUzQ2ElMjBjbGFzcyUzRCUyMmxsMi1saW5rJTIwdHJhbnNpdGlvbiUyMiUyMGhyZWYlM0QlMjJodHRwJTNBJTJGJTJGd3Npc21lLmNvbSUyRmZyJTJGc2VydmljZXMtZGUtbWFya2V0aW5nLW51bWVyaXF1ZSUyRmFuYWx5c2VzLWV0LXJhcHBvcnRzJTJGJTIyJTNFQW5hbHlzZSUyMGV0JTIwcmFwcG9ydHMlM0MlMkZhJTNFJTNDJTJGbGklM0UlMEElMDklMDklMDklMDklMDklMEElMDklMDklMDklMDklMDklMDklMDklMjAlMjAlM0NsaSUyMGNsYXNzJTNEJTIybGwyLWl0ZW0lMjBjb2w2JTIwdGFiNCUyMG1vYjQlMjBtZWRpdW0tdGV4dCUyMiUzRSUzQ2ElMjBjbGFzcyUzRCUyMmxsMi1saW5rJTIwdHJhbnNpdGlvbiUyMiUyMGhyZWYlM0QlMjJodHRwcyUzQSUyRiUyRndzaXNtZS5jb20lMkZmciUyRnNlcnZpY2VzLWRlLW1hcmtldGluZy1udW1lcmlxdWUlMkZkZWZpbml0aW9uLWRlLXZvcy1wcm9maWxzLWFjaGV0ZXVyJTJGJTIyJTNFRCVDMyVBOWZpbml0aW9uJTIwZGUlMjB2b3MlMjBwcm9maWxzJTIwZCVFMiU4MCU5OWFjaGV0ZXVycyUzQyUyRmElM0UlM0MlMkZsaSUzRSUwQSUwOSUwOSUwOSUwOSUwOSUwOSUwOSUyMCUyMCUwQSUwOSUwOSUwOSUwOSUwOSUwOSUwOSUyMCUyMCUyMCUyMCUyMCUyMCUyMCUyMCUyMCUyMCUyMCUyMCUzQ2xpJTIwY2xhc3MlM0QlMjJsbDItaXRlbSUyMGNvbDYlMjB0YWI0JTIwbW9iNCUyMG1lZGl1bS10ZXh0JTIyJTNFJTNDYSUyMGNsYXNzJTNEJTIybGwyLWxpbmslMjB0cmFuc2l0aW9uJTIyJTIwaHJlZiUzRCUyMmh0dHAlM0ElMkYlMkZ3c2lzbWUuY29tJTJGZnIlMkZzZXJ2aWNlcy1kZS1tYXJrZXRpbmctbnVtZXJpcXVlJTJGbWFya2V0aW5nLW1vYmlsZSUyRiUyMiUzRU1hcmtldGluZyUyMG1vYmlsZSUzQyUyRmElM0UlM0MlMkZsaSUzRSUwQSUwQSUwOSUwOSUyMCUyMCUyMCUyMCUyMCUyMCUyMCUyMCUyMCUyMCUyMCUyMCUzQ2xpJTIwY2xhc3MlM0QlMjJsbDItaXRlbSUyMGNvbDYlMjB0YWI0JTIwbW9iNCUyMG1lZGl1bS10ZXh0JTIyJTNFJTNDYSUyMGNsYXNzJTNEJTIybGwyLWxpbmslMjB0cmFuc2l0aW9uJTIyJTIwaHJlZiUzRCUyMmh0dHAlM0ElMkYlMkZ3c2lzbWUuY29tJTJGZnIlMkZzZXJ2aWNlcy1kZS1tYXJrZXRpbmctbnVtZXJpcXVlJTJGYW5hbHlzZS1jb25jdXJyZW50aWVsbGUlMkYlMjIlM0VBbmFseXNlJTIwY29uY3VycmVudGllbGxlJTBBJTNDJTJGYSUzRSUzQyUyRmxpJTNFJTBBJTIwJTIwJTIwJTIwJTIwJTIwJTIwJTIwJTIwJTIwJTIwJTIwJTIwJTIwJTIwJTBBJTIwJTIwJTIwJTIwJTIwJTIwJTIwJTIwJTIwJTIwJTNDbGklMjBjbGFzcyUzRCUyMmxsMi1pdGVtJTIwY29sNiUyMHRhYjQlMjBtb2I0JTIwbWVkaXVtLXRleHQlMjIlM0UlM0NhJTIwY2xhc3MlM0QlMjJsbDItbGluayUyMHRyYW5zaXRpb24lMjIlMjBocmVmJTNEJTIyaHR0cCUzQSUyRiUyRndzaXNtZS5jb20lMkZmciUyRnNlcnZpY2VzLWRlLW1hcmtldGluZy1udW1lcmlxdWUlMkZtYXJrZXRpbmctcGFyLWNvdXJyaWVsJTJGJTIyJTNFTWFya2V0aW5nJTIwcGFyJTIwY291cnJpZWwlM0MlMkZhJTNFJTNDJTJGbGklM0UlMjAlMjAlMjAlMjAlMjAlMEElMEElMDklMDklMjAlMjAlM0NsaSUyMGNsYXNzJTNEJTIybGwyLWl0ZW0lMjBjb2w2JTIwdGFiNCUyMG1vYjQlMjBtZWRpdW0tdGV4dCUyMiUzRSUzQ2ElMjBjbGFzcyUzRCUyMmxsMi1saW5rJTIwdHJhbnNpdGlvbiUyMiUyMGhyZWYlM0QlMjJodHRwcyUzQSUyRiUyRndzaXNtZS5jb20lMkZmciUyRnNlcnZpY2VzLWRlLW1hcmtldGluZy1udW1lcmlxdWUlMkZtYXJrZXRpbmctbWFudWZhY3R1cmllciUyRiUyMiUzRU1hcmtldGluZyUyMG1hbnVmYWN0dXJpZXIlM0MlMkZhJTNFJTNDJTJGbGklM0UlMjAlMjAlMjAlMjAlMjAlMjAlMjAlMjAlMEElMjAlMjAlMjAlMjAlMjAlMjAlMjAlMjAlMjAlMjAlM0MlMkZ1bCUzRSUwQSUyMCUyMCUyMCUyMCUyMCUyMCUzQyUyRmRpdiUzRSUwQSUyMCUyMCUyMCUyMCUzQyUyRmRpdiUzRSUwQSUyMCUyMCUzQyUyRmRpdiUzRSUwQSUzQyUyRnNlY3Rpb24lM0U=[\/vc_raw_html][\/vc_column][\/vc_row][vc_row full_width=\u00a0\u00bbstretch_row\u00a0\u00bb content_placement=\u00a0\u00bbmiddle\u00a0\u00bb css=\u00a0\u00bb.vc_custom_1635871506141{padding-top: 60px !important;padding-bottom: 40px !important;background-image: url(http:\/\/wsisme.com\/wp-content\/uploads\/2021\/11\/About-Us-Our-Experience-Panel-1.jpg?id=8684) !important;background-position: center !important;background-repeat: no-repeat !important;background-size: cover !important;}\u00a0\u00bb visibility=\u00a0\u00bbvisible-desktop\u00a0\u00bb][vc_column width=\u00a0\u00bb1\/2&Prime;][\/vc_column][vc_column width=\u00a0\u00bb1\/2&Prime;][vc_column_text]\r\n<h3 style=\"color: #fff;\">Notre exp\u00e9rience<\/h3>\r\n<p class=\"white\">Nous aimons apprendre \u00e0 conna\u00eetre nos clients, leurs entreprises et nous apprenons \u00e0 propos de leur march\u00e9 cible et leurs objectifs et nous nous investissons dans leur succ\u00e8s. Nous travaillons en partenariat avec nos clients et sommes fiers de les compter parmi nos clients estim\u00e9s, dont beaucoup nous travaillons en partenariat depuis de nombreuses ann\u00e9es.<\/p>\r\n<p class=\"white\">Visitez la page de<a href=\"http:\/\/wsisme.com\/fr\/realisations\/\"> nos r\u00e9alisations<\/a>, pour en savoir plus sur quelques-uns de nos clients avec qui nous avons le plaisir de travailler.<\/p>\r\n[\/vc_column_text][\/vc_column][\/vc_row][vc_row full_width=\u00a0\u00bbstretch_row\u00a0\u00bb content_placement=\u00a0\u00bbmiddle\u00a0\u00bb css=\u00a0\u00bb.vc_custom_1635862218894{padding-top: 70px !important;background-color: #f2f2f2 !important;}\u00a0\u00bb visibility=\u00a0\u00bbvisible-phone\u00a0\u00bb][vc_column width=\u00a0\u00bb1\/2&Prime;][vc_single_image image=\u00a0\u00bb7661&Prime;][\/vc_column][vc_column width=\u00a0\u00bb1\/2&Prime;][vc_column_text]\r\n<h3 style=\"color: #016e31;\">Notre exp\u00e9rience<\/h3>\r\nNous aimons apprendre \u00e0 conna\u00eetre nos clients, leurs entreprises et nous apprenons \u00e0 propos de leur march\u00e9 cible et leurs objectifs et nous nous investissons dans leur succ\u00e8s. Nous travaillons en partenariat avec nos clients et sommes fiers de les compter parmi nos clients estim\u00e9s, dont beaucoup nous travaillons en partenariat depuis de nombreuses ann\u00e9es.\r\n\r\nVisitez la page de<a href=\"http:\/\/wsisme.com\/fr\/realisations\/\"> nos r\u00e9alisations<\/a>, pour en savoir plus sur quelques-uns de nos clients avec qui nous avons le plaisir de travailler.[\/vc_column_text][\/vc_column][\/vc_row][vc_row full_width=\u00a0\u00bbstretch_row\u00a0\u00bb content_placement=\u00a0\u00bbmiddle\u00a0\u00bb css=\u00a0\u00bb.vc_custom_1635867937058{padding-top: 80px !important;background-color: #f2f2f2 !important;}\u00a0\u00bb][vc_column width=\u00a0\u00bb1\/2&Prime;][vc_column_text]\r\n<h3 style=\"color: #016e31;\">Notre force<\/h3>\r\nNotre \u00e9quipe de marketing de Montr\u00e9al fait partie du plus important r\u00e9seau de consultants en marketing num\u00e9rique au monde. Le marketing num\u00e9rique est un r\u00e9seau complexe d\u2019outils et est en constante \u00e9volution, et notre r\u00e9seau de professionnels sont une excellente ressource pour l\u2019autre en partageant les meilleures pratiques et en trouvant les meilleurs outils en ligne disponibles pour nous aider \u00e0 fournir des services rentables qui seront r\u00e9sultats mesurables.\r\n\r\nD\u00e9couvrez plus sur <a href=\"http:\/\/wsisme.com\/fr\/a-propos\/pourquoi-wsi\/\">pourquoi choisir WSI. <\/a>[\/vc_column_text][\/vc_column][vc_column width=\u00a0\u00bb1\/2&Prime;][vc_single_image image=\u00a0\u00bb6590&Prime;][\/vc_column][\/vc_row][vc_row full_width=\u00a0\u00bbstretch_row\u00a0\u00bb css=\u00a0\u00bb.vc_custom_1577737832312{padding-top: 30px !important;background-color: #f2f2f2 !important;}\u00a0\u00bb][vc_column][vc_column_text]\r\n<p style=\"text-align: center;\"><a class=\"ic2-link wsi-button border-green medium-button\" href=\"\/fr\/parlez-nous\/\">Communiquez avec notre agence de marketing Web \u00e0 Montr\u00e9al et nous vous aiderons \u00e0 faire de votre entreprise une r\u00e9ussite.<\/a><\/p>\r\n[\/vc_column_text][\/vc_column][\/vc_row]<\/div>","protected":false},"excerpt":{"rendered":"[vc_row full_width=\u00a0\u00bbstretch_row\u00a0\u00bb content_placement=\u00a0\u00bbmiddle\u00a0\u00bb css=\u00a0\u00bb.vc_custom_1571768210025{margin-bottom: 40px !important;}\u00a0\u00bb][vc_column][vc_column_text] \u00c0 propos de notre agence web \u00e0 Montr\u00e9al [\/vc_column_text][\/vc_column][\/vc_row][vc_row full_width=\u00a0\u00bbstretch_row\u00a0\u00bb content_placement=\u00a0\u00bbmiddle\u00a0\u00bb css=\u00a0\u00bb.vc_custom_1571768210025{margin-bottom: 40px !important;}\u00a0\u00bb][vc_column width=\u00a0\u00bb1\/2&Prime;][vc_column_text] Une agence \u00e0 services complets de marketing num\u00e9rique En tant qu\u2019agence de marketing reconnue \u00e0 Montr\u00e9al avec plus de&hellip;","protected":false},"author":2,"featured_media":0,"parent":0,"menu_order":1,"comment_status":"closed","ping_status":"closed","template":"templates\/no-sidebar.php","meta":{"_acf_changed":false,"footnotes":""},"class_list":["post-7702","page","type-page","status-publish","hentry","entry","no-media"],"acf":[],"_links":{"self":[{"href":"https:\/\/wsisme.com\/fr\/wp-json\/wp\/v2\/pages\/7702","targetHints":{"allow":["GET"]}}],"collection":[{"href":"https:\/\/wsisme.com\/fr\/wp-json\/wp\/v2\/pages"}],"about":[{"href":"https:\/\/wsisme.com\/fr\/wp-json\/wp\/v2\/types\/page"}],"author":[{"embeddable":true,"href":"https:\/\/wsisme.com\/fr\/wp-json\/wp\/v2\/users\/2"}],"replies":[{"embeddable":true,"href":"https:\/\/wsisme.com\/fr\/wp-json\/wp\/v2\/comments?post=7702"}],"version-history":[{"count":2,"href":"https:\/\/wsisme.com\/fr\/wp-json\/wp\/v2\/pages\/7702\/revisions"}],"predecessor-version":[{"id":9193,"href":"https:\/\/wsisme.com\/fr\/wp-json\/wp\/v2\/pages\/7702\/revisions\/9193"}],"wp:attachment":[{"href":"https:\/\/wsisme.com\/fr\/wp-json\/wp\/v2\/media?parent=7702"}],"curies":[{"name":"wp","href":"https:\/\/api.w.org\/{rel}","templated":true}]}}