{"id":8014,"date":"2020-02-07T13:50:06","date_gmt":"2020-02-07T13:50:06","guid":{"rendered":"http:\/\/wsisme.com\/?page_id=8014"},"modified":"2021-11-16T19:57:31","modified_gmt":"2021-11-16T19:57:31","slug":"pourquoi-wsi","status":"publish","type":"page","link":"https:\/\/wsisme.com\/fr\/a-propos\/pourquoi-wsi\/","title":{"rendered":"Pourquoi WSI"},"content":{"rendered":"<div class=\"wpb-content-wrapper\">[vc_row][vc_column]<h1 class=\"vcex-module vcex-heading vcex-heading-plain\" style=\"text-align:center;\"><span class=\"vcex-heading-inner clr\">Pourquoi choisir WSI ?<\/span><\/h1><h3 class=\"vcex-module vcex-heading vcex-heading-plain vc_custom_1588685577561\" style=\"color:#016e31;text-align:center;\"><span class=\"vcex-heading-inner clr\">Vous avez besoin d'une agence de marketing digital en qui vous pouvez avoir confiance<\/span><\/h3>[vc_row_inner][vc_column_inner][vc_column_text css=\u00a0\u00bb.vc_custom_1582832812183{padding-right: 100px !important;padding-left: 100px !important;}\u00a0\u00bb]\r\n<p style=\"text-align: center;\">Il peut \u00eatre difficile de trouver la bonne agence de marketing pour votre entreprise, qui plus est quand il s&rsquo;agit d&rsquo;investir l&rsquo;argent durement gagn\u00e9 dans des strat\u00e9gies de marketing digital porteuses. Mais <strong>WSI a d\u00e9velopp\u00e9 une connaissance approfondie et un vaste r\u00e9seau de leaders d&rsquo;opinion de l&rsquo;industrie<\/strong> qui permettent \u00e0 nos clients d&rsquo;\u00e9viter que leurs solutions ne s&rsquo;essoufflent. Et nous voulons faire de m\u00eame pour vous.<\/p>\r\n[\/vc_column_text][\/vc_column_inner][\/vc_row_inner][vc_separator border_width=\u00a0\u00bb3&Prime;][\/vc_column][\/vc_row][vc_row content_placement=\u00a0\u00bbmiddle\u00a0\u00bb][vc_column width=\u00a0\u00bb1\/3&Prime;][vc_single_image image=\u00a0\u00bb7712&Prime; alignment=\u00a0\u00bbcenter\u00a0\u00bb][\/vc_column][vc_column width=\u00a0\u00bb2\/3&Prime;][vc_column_text css=\u00a0\u00bb.vc_custom_1582832824516{margin-bottom: 10px !important;}\u00a0\u00bb]\r\n<h4>Notre avantage concurrentiel, c&rsquo;est votre avantage concurrentiel<\/h4>\r\n[\/vc_column_text][vc_column_text]Une agence WSI peut sembler n&rsquo;\u00eatre qu&rsquo;une agence de marketing locale de plus. Mais nous avons un avantage concurrentiel significatif dont vous profiterez imm\u00e9diatement. Lorsque vous travaillez avec WSI, vous b\u00e9n\u00e9ficiez non seulement de l&rsquo;expertise de votre consultant WSI local, mais votre strat\u00e9gie est \u00e9galement bas\u00e9e sur l&rsquo;exp\u00e9rience en marketing digital de notre r\u00e9seau mondial.[\/vc_column_text][\/vc_column][\/vc_row][vc_row content_placement=\u00a0\u00bbmiddle\u00a0\u00bb][vc_column width=\u00a0\u00bb2\/3&Prime;][vc_column_text css=\u00a0\u00bb.vc_custom_1582832847516{margin-bottom: 10px !important;}\u00a0\u00bb]\r\n<h4>Votre entreprise est unique, notre approche l&rsquo;est aussi<\/h4>\r\n[\/vc_column_text][vc_column_text]Nous ne croyons pas aux strat\u00e9gies de marketing digital \u00e0 l&#8217;emporte-pi\u00e8ce. Vous avez peut-\u00eatre les m\u00eames points faibles que les autres entreprises, mais vos objectifs sont uniques. C&rsquo;est pourquoi notre approche de d\u00e9finition de plans de marketing digital (par exemple le WSI Internet Solutions Lifecycle\u00ae) comprend une phase enti\u00e8rement consacr\u00e9e \u00e0 la compr\u00e9hension de vos probl\u00e8mes de marketing, pour lesquels vous avez besoin d\u2019aide.<\/p>\r\n[\/vc_column_text][\/vc_column][vc_column width=\u00a0\u00bb1\/3&Prime;][vc_single_image image=\u00a0\u00bb7715&Prime; alignment=\u00a0\u00bbcenter\u00a0\u00bb][\/vc_column][\/vc_row][vc_row content_placement=\u00a0\u00bbmiddle\u00a0\u00bb][vc_column width=\u00a0\u00bb1\/3&Prime;][vc_single_image image=\u00a0\u00bb8699&Prime; alignment=\u00a0\u00bbcenter\u00a0\u00bb el_class=\u00a0\u00bbw80&Prime;][\/vc_column][vc_column width=\u00a0\u00bb2\/3&Prime;][vc_column_text css=\u00a0\u00bb.vc_custom_1582832873563{margin-bottom: 10px !important;}\u00a0\u00bb]\r\n<h4>Votre strat\u00e9gie s&rsquo;appuie sur une organisation globale<\/h4>\r\n[\/vc_column_text][vc_column_text]Au cours des derni\u00e8res ann\u00e9es, nous avons vu plusieurs entreprises de marketing digital se cr\u00e9er puis dispara\u00eetre. Lorsque vous faites \u00e9quipe avec WSI, vous pouvez \u00eatre rassur\u00e9 car vous travaillez avec une entreprise qui existe depuis 25 ans et qui s&rsquo;engage \u00e0 relever les d\u00e9fis, \u00e0 prendre des risques et \u00e0 c\u00e9l\u00e9brer les succ\u00e8s \u2013 avec vous.[\/vc_column_text][\/vc_column][\/vc_row][vc_row full_width=\u00a0\u00bbstretch_row\u00a0\u00bb][vc_column][vc_raw_html el_class=\u00a0\u00bbaligncenter\u00a0\u00bb]JTNDZGl2JTIwY2xhc3MlM0QlMjJ3c2ktc2l0ZS13cmFwcGVyJTIyJTNFJTBBJTIwJTIwJTIwJTIwJTNDZGl2JTIwY2xhc3MlM0QlMjJ3c2ktY29udGVudC13cmFwcGVyJTIyJTNFJTBBJTIwJTIwJTIwJTIwJTIwJTIwJTNDYSUyMGNsYXNzJTNEJTIyc2Etc2Nyb2xsJTIwdHJhbnNpdGlvbiUyMiUyMGhyZWYlM0QlMjIlMjNjdGElMjIlM0UlMEElMjAlMjAlMjAlMjAlMjAlMjAlM0NpJTIwY2xhc3MlM0QlMjJmYSUyMGZhLWNoZXZyb24tZG93biUyMGZnLWNvbG9yMiUyMiUyMHN0eWxlJTNEJTIyZm9udC1zaXplJTNBJTIwMzBweCUyMCUyMWltcG9ydGFudCUzQiUyMiUzRSUzQyUyRmklM0UlMEElMjAlMjAlMjAlMjAlMjAlMjAlM0MlMkZhJTNFJTBBJTIwJTIwJTIwJTIwJTNDJTJGZGl2JTNFJTBBJTIwJTIwJTNDJTJGZGl2JTNF[\/vc_raw_html][\/vc_column][\/vc_row][vc_row css=\u00a0\u00bb.vc_custom_1570719225008{margin-top: 50px !important;}\u00a0\u00bb][vc_column][vc_column_text]\r\n<div class=\"wsi-module shoutbox-cta bg-color4\">\r\n<div class=\"split-bg bg-color5\"><\/div>\r\n<div class=\"wsi-site-wrapper h-padding\">\r\n<div class=\"wsi-content-wrapper\">\r\n<div class=\"sbcta-wrapper col12 tab8 mob4 halign-center shadow border-radius flex flex-wrap flex-center space-between bg-color5\">\r\n<div class=\"sbcta-text col8 tab5 mob4\">\r\n<h3>D\u00e9couvrez pourquoi d&rsquo;autres entreprises travaillent avec WSI.<\/h3>\r\n<\/div>\r\n<div class=\"sbcta-button col4 tab3 mob4 text-right\">\r\n<p><!--HubSpot Call-to-Action Code --><span id=\"hs-cta-wrapper-5232abdf-93a8-4de9-b6db-e65a0340d753\" class=\"hs-cta-wrapper\"><span id=\"hs-cta-5232abdf-93a8-4de9-b6db-e65a0340d753\" class=\"hs-cta-node hs-cta-5232abdf-93a8-4de9-b6db-e65a0340d753\" style=\"visibility: visible;\" data-hs-drop=\"true\"><a id=\"cta_button_434177_b29aaa79-2f7e-4cdf-b541-a125c172c0d0\" class=\"cta_button solid-green large-button\" title=\"CONTACTEZ-NOUS D\u00c8S AUJOURD'HUI\" href=\"\/fr\/parlez-nous\/\">CONTACTEZ-NOUS D\u00c8S AUJOURD&rsquo;HUI<\/a><\/span><\/span><\/div>\r\n<\/div>\r\n<\/div>\r\n<\/div>\r\n<\/div>\r\n[\/vc_column_text][\/vc_column][\/vc_row][vc_row full_width=\u00a0\u00bbstretch_row\u00a0\u00bb css=\u00a0\u00bb.vc_custom_1570719439193{margin-top: -90px !important;padding-top: 80px !important;background-color: #052148 !important;}\u00a0\u00bb el_id=\u00a0\u00bbcta\u00a0\u00bb][vc_column css=\u00a0\u00bb.vc_custom_1570719664438{margin-bottom: 80px !important;}\u00a0\u00bb]<h2 class=\"vcex-module vcex-heading vcex-heading-plain vc_custom_1588685607499\" style=\"color:#ffffff;text-align:center;\"><span class=\"vcex-heading-inner clr\">La puissance du r\u00e9seau WSI<\/span><\/h2>[vc_column_text color=\u00a0\u00bb#ffffff\u00a0\u00bb]\r\n<p style=\"text-align: center;\">WSI est le plus grand r\u00e9seau de marketing digital de son genre. Nous avons des partenaires et des clients aux quatre coins du monde. Nous avons la passion et l&rsquo;exp\u00e9rience pour aider n&rsquo;importe quelle entreprise, quel que soit l\u2019endroit o\u00f9 elle se trouve, \u00e0 mettre en place un marketing efficace.<\/p>\r\n[\/vc_column_text][vc_raw_html]JTNDZGl2JTIwY2xhc3MlM0QlMjJ0YjEtY3RhJTIyJTIwc3R5bGUlM0QlMjJ0ZXh0LWFsaWduJTNBY2VudGVyJTNCJTIyJTNFJTBBJTIwJTIwJTIwJTIwJTIwJTIwJTIwJTIwJTIwJTIwJTNDYSUyMGNsYXNzJTNEJTIyd3NpLXRleHQtYnV0dG9uJTIwdGV4dC13aGl0ZSUyMiUyMGhyZWYlM0QlMjJodHRwJTNBJTJGJTJGd3Npc21lLmNvbSUyRmZyJTJGcmVhbGlzYXRpb25zJTJGJTIyJTNFQ09OU1VMVEVaJTIwTk9TJTIwUiVDMyU4OUFMSVNBVElPTlMlM0MlMkZhJTNFJTBBJTIwJTIwJTIwJTIwJTIwJTIwJTIwJTIwJTNDJTJGZGl2JTNF[\/vc_raw_html][\/vc_column][\/vc_row]\r\n<\/div>","protected":false},"excerpt":{"rendered":"[vc_row][vc_column][vc_row_inner][vc_column_inner][vc_column_text css=\u00a0\u00bb.vc_custom_1582832812183{padding-right: 100px !important;padding-left: 100px !important;}\u00a0\u00bb] Il peut \u00eatre difficile de trouver la bonne agence de marketing pour votre entreprise, qui plus est quand il s&rsquo;agit d&rsquo;investir l&rsquo;argent durement gagn\u00e9 dans des strat\u00e9gies de marketing digital porteuses. Mais WSI a&hellip;","protected":false},"author":2,"featured_media":0,"parent":7702,"menu_order":2,"comment_status":"closed","ping_status":"closed","template":"","meta":{"_acf_changed":false,"footnotes":""},"class_list":["post-8014","page","type-page","status-publish","hentry","entry","no-media"],"acf":[],"_links":{"self":[{"href":"https:\/\/wsisme.com\/fr\/wp-json\/wp\/v2\/pages\/8014","targetHints":{"allow":["GET"]}}],"collection":[{"href":"https:\/\/wsisme.com\/fr\/wp-json\/wp\/v2\/pages"}],"about":[{"href":"https:\/\/wsisme.com\/fr\/wp-json\/wp\/v2\/types\/page"}],"author":[{"embeddable":true,"href":"https:\/\/wsisme.com\/fr\/wp-json\/wp\/v2\/users\/2"}],"replies":[{"embeddable":true,"href":"https:\/\/wsisme.com\/fr\/wp-json\/wp\/v2\/comments?post=8014"}],"version-history":[{"count":1,"href":"https:\/\/wsisme.com\/fr\/wp-json\/wp\/v2\/pages\/8014\/revisions"}],"predecessor-version":[{"id":8620,"href":"https:\/\/wsisme.com\/fr\/wp-json\/wp\/v2\/pages\/8014\/revisions\/8620"}],"up":[{"embeddable":true,"href":"https:\/\/wsisme.com\/fr\/wp-json\/wp\/v2\/pages\/7702"}],"wp:attachment":[{"href":"https:\/\/wsisme.com\/fr\/wp-json\/wp\/v2\/media?parent=8014"}],"curies":[{"name":"wp","href":"https:\/\/api.w.org\/{rel}","templated":true}]}}