{"id":8023,"date":"2020-02-07T17:57:34","date_gmt":"2020-02-07T17:57:34","guid":{"rendered":"http:\/\/wsisme.com\/?page_id=8023"},"modified":"2021-11-16T20:02:17","modified_gmt":"2021-11-16T20:02:17","slug":"inbound-marketing","status":"publish","type":"page","link":"https:\/\/wsisme.com\/fr\/services-de-marketing-numerique\/inbound-marketing\/","title":{"rendered":"Inbound Marketing"},"content":{"rendered":"<div class=\"wpb-content-wrapper\">[vc_row][vc_column][vc_column_text]\r\n<h1 style=\"text-align: center;\">Inbound marketing<\/h1>\r\n<p style=\"text-align: center;\">Les appels \u00e0 froid, le publipostage et les envois de mails g\u00e9n\u00e9riques font partie du pass\u00e9 et rebutent les\r\ngens. Les strat\u00e9gies de marketing efficaces d&rsquo;aujourd&rsquo;hui permettent aux clients potentiels de vous trouver\r\nnaturellement, peu importe la taille de votre entreprise.<\/p>\r\n[\/vc_column_text][vc_separator border_width=\u00a0\u00bb2&Prime; css=\u00a0\u00bb.vc_custom_1567613887739{margin-top: 40px !important;}\u00a0\u00bb][\/vc_column][\/vc_row][vc_row full_width=\u00a0\u00bbstretch_row\u00a0\u00bb css=\u00a0\u00bb.vc_custom_1567613779173{margin-top: -40px !important;}\u00a0\u00bb][vc_column][vc_row_inner equal_height=\u00a0\u00bbyes\u00a0\u00bb css=\u00a0\u00bb.vc_custom_1561637540703{margin-top: 20px !important;}\u00a0\u00bb][vc_column_inner width=\u00a0\u00bb1\/2&Prime; css=\u00a0\u00bb.vc_custom_1561554324219{margin-bottom: 0px !important;}\u00a0\u00bb][vc_single_image image=\u00a0\u00bb6641&Prime;][\/vc_column_inner][vc_column_inner width=\u00a0\u00bb1\/2&Prime; css=\u00a0\u00bb.vc_custom_1566573656651{margin-top: 80px !important;margin-bottom: 0px !important;}\u00a0\u00bb][vc_column_text]\r\n<h4 class=\"green\">Attirez les bonnes personnes sur votre site<\/h4>\r\nEn utilisant des blogs, podcasts, vid\u00e9os, SEO, m\u00e9dias sociaux et autres tactiques d\u2019Inbound marketing, vous attirerez non seulement un grand nombre de visiteurs, mais aussi les bons visiteurs &#8211; ceux qui correspondent aux personnalit\u00e9s d\u2019acheteurs que vous avez d\u00e9velopp\u00e9s.[\/vc_column_text][\/vc_column_inner][\/vc_row_inner][vc_row_inner equal_height=\u00a0\u00bbyes\u00a0\u00bb css=\u00a0\u00bb.vc_custom_1561637540703{margin-top: 20px !important;}\u00a0\u00bb][vc_column_inner width=\u00a0\u00bb1\/2&Prime; css=\u00a0\u00bb.vc_custom_1561554324219{margin-bottom: 0px !important;}\u00a0\u00bb][vc_column_text css=\u00a0\u00bb.vc_custom_1587570149274{margin-top: 80px !important;}\u00a0\u00bb]\r\n<h4 class=\"green\">Engagez le dialogue avec les visiteurs pour b\u00e2tir votre relation<\/h4>\r\nUne fois que les acheteurs potentiels ont trouv\u00e9 votre site, votre but est de les garder l\u00e0 pendant que vous \u00e9tablissez la confiance. Pour convertir plus de visiteurs en prospects, nous vous aiderons \u00e0 utiliser les pages d&rsquo;accueil, les formulaires et les appels \u00e0 l&rsquo;action pour garder les clients potentiels engag\u00e9s et revenir pour plus.[\/vc_column_text][\/vc_column_inner][vc_column_inner width=\u00a0\u00bb1\/2&Prime; css=\u00a0\u00bb.vc_custom_1561554331456{margin-bottom: 0px !important;}\u00a0\u00bb][vc_single_image image=\u00a0\u00bb6645&Prime;][\/vc_column_inner][\/vc_row_inner][vc_row_inner equal_height=\u00a0\u00bbyes\u00a0\u00bb css=\u00a0\u00bb.vc_custom_1561637540703{margin-top: 20px !important;}\u00a0\u00bb][vc_column_inner width=\u00a0\u00bb1\/2&Prime; css=\u00a0\u00bb.vc_custom_1561554324219{margin-bottom: 0px !important;}\u00a0\u00bb][vc_single_image image=\u00a0\u00bb6643&Prime;][\/vc_column_inner][vc_column_inner width=\u00a0\u00bb1\/2&Prime; css=\u00a0\u00bb.vc_custom_1561554331456{margin-bottom: 0px !important;}\u00a0\u00bb][vc_column_text css=\u00a0\u00bb.vc_custom_1587570169881{margin-top: 80px !important;}\u00a0\u00bb]\r\n<h4 class=\"green\">Enchantez vos clients potentiels<\/h4>\r\nUne fois que vous aurez attir\u00e9 l&rsquo;attention de vos clients potentiels, nous vous aiderons \u00e0 d\u00e9velopper vos prospects jusqu&rsquo;\u00e0 la vente. En plus de cela, vous les enchanterez tellement qu&rsquo;ils partageront leur exp\u00e9rience avec les autres.\r\n\r\n[\/vc_column_text][\/vc_column_inner][\/vc_row_inner][vc_row_inner][vc_column_inner][vc_column_text]\r\n<p style=\"text-align: center;\"><a class=\"sa-scroll transition\" href=\"#cta\">\r\n<i class=\"fa fa-chevron-down fg-color2\"><\/i>\r\n<\/a><\/p>\r\n[\/vc_column_text][\/vc_column_inner][\/vc_row_inner][\/vc_column][\/vc_row][vc_row full_width=\u00a0\u00bbstretch_row\u00a0\u00bb css=\u00a0\u00bb.vc_custom_1566573583282{padding-top: 30px !important;background-color: #052148 !important;}\u00a0\u00bb el_id=\u00a0\u00bbcta\u00a0\u00bb][vc_column]<h2 class=\"vcex-module vcex-heading vcex-heading-plain\" style=\"color:#ffffff;text-align:center;\"><span class=\"vcex-heading-inner clr\">Le saviez-vous ?<\/span><\/h2>[vc_column_text color=\u00a0\u00bb#ffffff\u00a0\u00bb]\r\n<p style=\"text-align: center;\">Le Inbound marketing est la strat\u00e9gie d&rsquo;aujourd&rsquo;hui qui vous aide \u00e0 construire votre avenir.\r\nSi vous avez besoin d&rsquo;inspiration pour votre strat\u00e9gie de Inbound marketing, consid\u00e9rez ces statistiques:<\/p>\r\n[\/vc_column_text][vc_row_inner][vc_column_inner width=\u00a0\u00bb1\/4&Prime;][vc_raw_html]JTNDZGl2JTIwY2xhc3MlM0QlMjJmbmItZmFjdC1pdGVtJTIwdGV4dC1jZW50ZXIlMjB3aWR0aDMlMjIlM0UlMEElMjAlMjAlMjAlMjAlMjAlMjAlMjAlMjAlMjAlMjAlM0NkaXYlMjBjbGFzcyUzRCUyMmZuYi1mYWN0LXdyYXBwZXIlMjBmbGV4JTIwZmxleC13cmFwJTIyJTNFJTBBJTIwJTIwJTIwJTIwJTIwJTIwJTIwJTIwJTIwJTIwJTIwJTIwJTNDZGl2JTIwY2xhc3MlM0QlMjJmbmItdG9wJTIyJTNFJTBBJTIwJTIwJTIwJTIwJTIwJTIwJTIwJTIwJTIwJTIwJTIwJTIwJTIwJTIwJTBBJTIwJTIwJTIwJTIwJTIwJTIwJTIwJTIwJTIwJTIwJTIwJTIwJTIwJTIwJTNDZGl2JTIwY2xhc3MlM0QlMjJmbmItaWNvbiUyMGhhbGlnbi1jZW50ZXIlMjIlMjBzdHlsZSUzRCUyMndpZHRoJTNBNDBweCUzQmhlaWdodCUzQTQwcHglM0JsaW5lLWhlaWdodCUzQTQwcHglM0IlMjIlM0UlMEElMjAlMjAlMjAlMjAlMjAlMjAlMjAlMjAlMjAlMjAlMjAlMjAlMjAlMjAlMjAlMjAlMEElMjAlMjAlMjAlMjAlMjAlMjAlMjAlMjAlMjAlMjAlMjAlMjAlMjAlMjAlMjAlMjAlM0NzdmclMjB2ZXJzaW9uJTNEJTIyMS4wJTIyJTIweG1sbnMlM0QlMjJodHRwJTNBJTJGJTJGd3d3LnczLm9yZyUyRjIwMDAlMkZzdmclMjIlMjB2aWV3Qm94JTNEJTIyMCUyMDAlMjA1MTIlMjA1MTIlMjIlMjBhcmlhLWhpZGRlbiUzRCUyMnRydWUlMjIlM0UlM0NnJTIwaWQlM0QlMjJsYXllcjElMjIlM0UlM0NwYXRoJTIwZCUzRCUyMk00ODcuOTc2JTIwMEgyNC4wMjhDMi43MSUyMDAtOC4wNDclMjAyNS44NjYlMjA3LjA1OCUyMDQwLjk3MUwxOTIlMjAyMjUuOTQxVjQzMmMwJTIwNy44MzElMjAzLjgyMSUyMDE1LjE3JTIwMTAuMjM3JTIwMTkuNjYybDgwJTIwNTUuOThDMjk4LjAyJTIwNTE4LjY5JTIwMzIwJTIwNTA3LjQ5MyUyMDMyMCUyMDQ4Ny45OFYyMjUuOTQxbDE4NC45NDctMTg0Ljk3QzUyMC4wMjElMjAyNS44OTYlMjA1MDkuMzM4JTIwMCUyMDQ4Ny45NzYlMjAweiUyMiUzRSUzQyUyRnBhdGglM0UlM0MlMkZnJTNFJTNDJTJGc3ZnJTNFJTBBJTIwJTIwJTIwJTIwJTIwJTIwJTIwJTIwJTIwJTIwJTIwJTIwJTIwJTIwJTIwJTIwJTBBJTIwJTIwJTIwJTIwJTIwJTIwJTIwJTIwJTIwJTIwJTIwJTIwJTIwJTIwJTNDJTJGZGl2JTNFJTBBJTIwJTIwJTIwJTIwJTIwJTIwJTIwJTIwJTIwJTIwJTIwJTIwJTIwJTIwJTBBJTIwJTIwJTIwJTIwJTIwJTIwJTIwJTIwJTIwJTIwJTIwJTIwJTIwJTIwJTNDZGl2JTIwY2xhc3MlM0QlMjJmbmItbnVtYmVyJTIwc2Vjb25kYXJ5LWZvbnQlMjBib2xkJTIyJTNFNzYlMjUlM0MlMkZkaXYlM0UlMEElMjAlMjAlMjAlMjAlMjAlMjAlMjAlMjAlMjAlMjAlMjAlMjAlMjAlMjAlMEElMjAlMjAlMjAlMjAlMjAlMjAlMjAlMjAlMjAlMjAlMjAlMjAlMjAlMjAlM0NkaXYlMjBjbGFzcyUzRCUyMmZuYi1zdW1tYXJ5JTIwc21hbGwtdGV4dCUyMiUzRTc2JTIwJTI1JTIwZGVzJTIwc3AlQzMlQTljaWFsaXN0ZXMlMjBkdSUyMG1hcmtldGluZyUyMGQlMjdhdWpvdXJkJTI3aHVpJTIwdXRpbGlzZW50JTIwbGUlMjBJbmJvdW5kJTIwbWFya2V0aW5nJTIwY29tbWUlMjBwcmluY2lwYWxlJTIwc3RyYXQlQzMlQTlnaWUlMjBkZSUyMG1hcmtldGluZyUzQyUyRmRpdiUzRSUwQSUyMCUyMCUyMCUyMCUyMCUyMCUyMCUyMCUyMCUyMCUyMCUyMCUzQyUyRmRpdiUzRSUwQSUyMCUyMCUyMCUyMCUyMCUyMCUyMCUyMCUyMCUyMCUyMCUyMCUwQSUyMCUyMCUyMCUyMCUyMCUyMCUyMCUyMCUyMCUyMCUzQyUyRmRpdiUzRSUwQSUyMCUyMCUyMCUyMCUyMCUyMCUyMCUyMCUzQyUyRmRpdiUzRQ==[\/vc_raw_html][\/vc_column_inner][vc_column_inner width=\u00a0\u00bb1\/4&Prime;][vc_raw_html]JTNDZGl2JTIwY2xhc3MlM0QlMjJmbmItZmFjdC1pdGVtJTIwdGV4dC1jZW50ZXIlMjB3aWR0aDMlMjIlM0UlMEElMjAlMjAlMjAlMjAlMjAlMjAlMjAlMjAlMjAlMjAlM0NkaXYlMjBjbGFzcyUzRCUyMmZuYi1mYWN0LXdyYXBwZXIlMjBmbGV4JTIwZmxleC13cmFwJTIyJTNFJTBBJTIwJTIwJTIwJTIwJTIwJTIwJTIwJTIwJTIwJTIwJTIwJTIwJTNDZGl2JTIwY2xhc3MlM0QlMjJmbmItdG9wJTIyJTNFJTBBJTIwJTIwJTIwJTIwJTIwJTIwJTIwJTIwJTIwJTIwJTIwJTIwJTIwJTIwJTBBJTIwJTIwJTIwJTIwJTIwJTIwJTIwJTIwJTIwJTIwJTIwJTIwJTIwJTIwJTNDZGl2JTIwY2xhc3MlM0QlMjJmbmItaWNvbiUyMGhhbGlnbi1jZW50ZXIlMjIlMjBzdHlsZSUzRCUyMndpZHRoJTNBNDBweCUzQmhlaWdodCUzQTQwcHglM0JsaW5lLWhlaWdodCUzQTQwcHglM0IlMjIlM0UlMEElMjAlMjAlMjAlMjAlMjAlMjAlMjAlMjAlMjAlMjAlMjAlMjAlMjAlMjAlMjAlMjAlMEElMjAlMjAlMjAlMjAlMjAlMjAlMjAlMjAlMjAlMjAlMjAlMjAlMjAlMjAlMjAlMjAlM0NzdmclMjB2ZXJzaW9uJTNEJTIyMS4wJTIyJTIweG1sbnMlM0QlMjJodHRwJTNBJTJGJTJGd3d3LnczLm9yZyUyRjIwMDAlMkZzdmclMjIlMjB2aWV3Qm94JTNEJTIyMCUyMDAlMjA2NDAlMjA1MTIlMjIlMjBhcmlhLWhpZGRlbiUzRCUyMnRydWUlMjIlM0UlM0NnJTIwaWQlM0QlMjJsYXllcjElMjIlM0UlM0NwYXRoJTIwZCUzRCUyMk0zMjAlMjAxNDRjLTUzLjAyMSUyMDAtOTYlMjA1MC4xNDMtOTYlMjAxMTIlMjAwJTIwNjEuODQ3JTIwNDIuOTc3JTIwMTEyJTIwOTYlMjAxMTIlMjA1MyUyMDAlMjA5Ni01MC4xMyUyMDk2LTExMiUyMDAtNjEuODU3LTQyLjk3OS0xMTItOTYtMTEyem00OCUyMDE2NC40MjhjMCUyMDcuNDc3LTMuOTE3JTIwMTEuNTcyLTExLjU3MiUyMDExLjU3MmgtNjcuMjkzYy03LjY1NiUyMDAtMTEuNTczLTQuMDk1LTExLjU3My0xMS41NzJ2LTguOTAxYzAtNy40NzclMjAzLjkxNy0xMS41NzIlMjAxMS41NzMtMTEuNTcyaDE1LjEzMXYtMzkuODc4YzAtNS4xNjMuNTM0LTEwLjUwMy41MzQtMTAuNTAzaC0uMzU2cy0xLjc3OSUyMDIuNjctMi44NDglMjAzLjczOGMtNC40NTElMjA0LjI3My0xMC41MDQlMjA0LjQ1MS0xNS42NjYtMS4wNjhsLTUuNTE4LTYuMjMxYy01LjM0Mi01LjM0MS00Ljk4NC0xMS4yMTYuNTM0LTE2LjM3OWwyMS43Mi0xOS45MzljNC40NDktNC4wOTUlMjA4LjM2Ni01LjY5NyUyMDE0LjQyLTUuNjk3aDEyLjEwNWM3LjY1NiUyMDAlMjAxMS43NSUyMDMuOTE2JTIwMTEuNzUlMjAxMS41NzJ2ODQuMzg0aDE1LjQ4OGM3LjY1NSUyMDAlMjAxMS41NzIlMjA0LjA5NCUyMDExLjU3MiUyMDExLjU3MnY4LjkwMnpNNjE2JTIwNjRIMjRDMTAuNzQ1JTIwNjQlMjAwJTIwNzQuNzQ1JTIwMCUyMDg4djMzNWMwJTIwMTMuMjU1JTIwMTAuNzQ1JTIwMjQlMjAyNCUyMDI0aDU5MmMxMy4yNTUlMjAwJTIwMjQtMTAuNzQ1JTIwMjQtMjRWODhjMC0xMy4yNTUtMTAuNzQ1LTI0LTI0LTI0ek01MTIlMjA0MDBIMTI4YzAtNDQuMTgzLTM1LjgxNy04MC04MC04MFYxOTJjNDQuMTgzJTIwMCUyMDgwLTM1LjgxNyUyMDgwLTgwaDM4NGMwJTIwNDQuMTgzJTIwMzUuODE3JTIwODAlMjA4MCUyMDgwdjEyOGMtNDQuMTgzJTIwMC04MCUyMDM1LjgxNy04MCUyMDgweiUyMiUzRSUzQyUyRnBhdGglM0UlM0MlMkZnJTNFJTNDJTJGc3ZnJTNFJTBBJTIwJTIwJTIwJTIwJTIwJTIwJTIwJTIwJTIwJTIwJTIwJTIwJTIwJTIwJTIwJTIwJTBBJTIwJTIwJTIwJTIwJTIwJTIwJTIwJTIwJTIwJTIwJTIwJTIwJTIwJTIwJTNDJTJGZGl2JTNFJTBBJTIwJTIwJTIwJTIwJTIwJTIwJTIwJTIwJTIwJTIwJTIwJTIwJTIwJTIwJTBBJTIwJTIwJTIwJTIwJTIwJTIwJTIwJTIwJTIwJTIwJTIwJTIwJTIwJTIwJTNDZGl2JTIwY2xhc3MlM0QlMjJmbmItbnVtYmVyJTIwc2Vjb25kYXJ5LWZvbnQlMjBib2xkJTIyJTNFNzUlMjUlM0MlMkZkaXYlM0UlMEElMjAlMjAlMjAlMjAlMjAlMjAlMjAlMjAlMjAlMjAlMjAlMjAlMjAlMjAlMEElMjAlMjAlMjAlMjAlMjAlMjAlMjAlMjAlMjAlMjAlMjAlMjAlMjAlMjAlM0NkaXYlMjBjbGFzcyUzRCUyMmZuYi1zdW1tYXJ5JTIwc21hbGwtdGV4dCUyMiUzRTMlMjBjYW5hdXglMjBkZSUyMEluYm91bmQlMjBtYXJrZXRpbmclMjBzdXIlMjA0JTIwY28lQzMlQkJ0ZW50JTIwbW9pbnMlMjBjaGVyJTIwcXVlJTIwbGVzJTIwY2FuYXV4JTIwZGUlMjBtYXJrZXRpbmclMjBzb3J0YW50JTNDJTJGZGl2JTNFJTBBJTIwJTIwJTIwJTIwJTIwJTIwJTIwJTIwJTIwJTIwJTIwJTIwJTNDJTJGZGl2JTNFJTBBJTIwJTIwJTIwJTIwJTIwJTIwJTIwJTIwJTIwJTIwJTIwJTIwJTBBJTIwJTIwJTIwJTIwJTIwJTIwJTIwJTIwJTIwJTIwJTNDJTJGZGl2JTNFJTBBJTIwJTIwJTIwJTIwJTIwJTIwJTIwJTIwJTNDJTJGZGl2JTNF[\/vc_raw_html][\/vc_column_inner][vc_column_inner width=\u00a0\u00bb1\/4&Prime;][vc_raw_html]JTNDZGl2JTIwY2xhc3MlM0QlMjJmbmItZmFjdC1pdGVtJTIwdGV4dC1jZW50ZXIlMjB3aWR0aDMlMjIlM0UlMEElMjAlMjAlMjAlMjAlMjAlMjAlMjAlMjAlMjAlMjAlM0NkaXYlMjBjbGFzcyUzRCUyMmZuYi1mYWN0LXdyYXBwZXIlMjBmbGV4JTIwZmxleC13cmFwJTIyJTNFJTBBJTIwJTIwJTIwJTIwJTIwJTIwJTIwJTIwJTIwJTIwJTIwJTIwJTNDZGl2JTIwY2xhc3MlM0QlMjJmbmItdG9wJTIyJTNFJTBBJTIwJTIwJTIwJTIwJTIwJTIwJTIwJTIwJTIwJTIwJTIwJTIwJTIwJTIwJTBBJTIwJTIwJTIwJTIwJTIwJTIwJTIwJTIwJTIwJTIwJTIwJTIwJTIwJTIwJTNDZGl2JTIwY2xhc3MlM0QlMjJmbmItaWNvbiUyMGhhbGlnbi1jZW50ZXIlMjIlMjBzdHlsZSUzRCUyMndpZHRoJTNBNDBweCUzQmhlaWdodCUzQTQwcHglM0JsaW5lLWhlaWdodCUzQTQwcHglM0IlMjIlM0UlMEElMjAlMjAlMjAlMjAlMjAlMjAlMjAlMjAlMjAlMjAlMjAlMjAlMjAlMjAlMjAlMjAlMEElMjAlMjAlMjAlMjAlMjAlMjAlMjAlMjAlMjAlMjAlMjAlMjAlMjAlMjAlMjAlMjAlM0NzdmclMjB2ZXJzaW9uJTNEJTIyMS4wJTIyJTIweG1sbnMlM0QlMjJodHRwJTNBJTJGJTJGd3d3LnczLm9yZyUyRjIwMDAlMkZzdmclMjIlMjB2aWV3Qm94JTNEJTIyMCUyMDAlMjAzODQlMjA1MTIlMjIlMjBhcmlhLWhpZGRlbiUzRCUyMnRydWUlMjIlM0UlM0NnJTIwaWQlM0QlMjJsYXllcjElMjIlM0UlM0NwYXRoJTIwZCUzRCUyMk0yMjQlMjAxMzZWMEgyNEMxMC43JTIwMCUyMDAlMjAxMC43JTIwMCUyMDI0djQ2NGMwJTIwMTMuMyUyMDEwLjclMjAyNCUyMDI0JTIwMjRoMzM2YzEzLjMlMjAwJTIwMjQtMTAuNyUyMDI0LTI0VjE2MEgyNDhjLTEzLjIlMjAwLTI0LTEwLjgtMjQtMjR6bTY0JTIwMjM2YzAlMjA2LjYtNS40JTIwMTItMTIlMjAxMkgxMDhjLTYuNiUyMDAtMTItNS40LTEyLTEydi04YzAtNi42JTIwNS40LTEyJTIwMTItMTJoMTY4YzYuNiUyMDAlMjAxMiUyMDUuNCUyMDEyJTIwMTJ2OHptMC02NGMwJTIwNi42LTUuNCUyMDEyLTEyJTIwMTJIMTA4Yy02LjYlMjAwLTEyLTUuNC0xMi0xMnYtOGMwLTYuNiUyMDUuNC0xMiUyMDEyLTEyaDE2OGM2LjYlMjAwJTIwMTIlMjA1LjQlMjAxMiUyMDEydjh6bTAtNzJ2OGMwJTIwNi42LTUuNCUyMDEyLTEyJTIwMTJIMTA4Yy02LjYlMjAwLTEyLTUuNC0xMi0xMnYtOGMwLTYuNiUyMDUuNC0xMiUyMDEyLTEyaDE2OGM2LjYlMjAwJTIwMTIlMjA1LjQlMjAxMiUyMDEyem05Ni0xMTQuMXY2LjFIMjU2VjBoNi4xYzYuNCUyMDAlMjAxMi41JTIwMi41JTIwMTclMjA3bDk3LjklMjA5OGM0LjUlMjA0LjUlMjA3JTIwMTAuNiUyMDclMjAxNi45eiUyMiUzRSUzQyUyRnBhdGglM0UlM0MlMkZnJTNFJTNDJTJGc3ZnJTNFJTBBJTIwJTIwJTIwJTIwJTIwJTIwJTIwJTIwJTIwJTIwJTIwJTIwJTIwJTIwJTIwJTIwJTBBJTIwJTIwJTIwJTIwJTIwJTIwJTIwJTIwJTIwJTIwJTIwJTIwJTIwJTIwJTNDJTJGZGl2JTNFJTBBJTIwJTIwJTIwJTIwJTIwJTIwJTIwJTIwJTIwJTIwJTIwJTIwJTIwJTIwJTBBJTIwJTIwJTIwJTIwJTIwJTIwJTIwJTIwJTIwJTIwJTIwJTIwJTIwJTIwJTNDZGl2JTIwY2xhc3MlM0QlMjJmbmItbnVtYmVyJTIwc2Vjb25kYXJ5LWZvbnQlMjBib2xkJTIyJTNFODAlMjUlM0MlMkZkaXYlM0UlMEElMjAlMjAlMjAlMjAlMjAlMjAlMjAlMjAlMjAlMjAlMjAlMjAlMjAlMjAlMEElMjAlMjAlMjAlMjAlMjAlMjAlMjAlMjAlMjAlMjAlMjAlMjAlMjAlMjAlM0NkaXYlMjBjbGFzcyUzRCUyMmZuYi1zdW1tYXJ5JTIwc21hbGwtdGV4dCUyMiUzRTgwJTI1JTIwZGVzJTIwZCVDMyVBOWNpZGV1cnMlMjBkJTI3YWZmYWlyZXMlMjBwciVDMyVBOWYlQzMlQThyZW50JTIwb2J0ZW5pciUyMGRlJTIwbCUyN2luZm9ybWF0aW9uJTIwc3VyJTIwbGElMjBtYXJxdWUlMjAlQzMlQTAlMjBwYXJ0aXIlMjBkJTI3YXJ0aWNsZXMlMjBwbHV0JUMzJUI0dCUyMHF1ZSUyMGRlJTIwcHVibGljaXQlQzMlQTlzJTNDJTJGZGl2JTNFJTBBJTIwJTIwJTIwJTIwJTIwJTIwJTIwJTIwJTIwJTIwJTIwJTIwJTNDJTJGZGl2JTNFJTBBJTIwJTIwJTIwJTIwJTIwJTIwJTIwJTIwJTIwJTIwJTIwJTIwJTBBJTIwJTIwJTIwJTIwJTIwJTIwJTIwJTIwJTIwJTIwJTNDJTJGZGl2JTNFJTBBJTIwJTIwJTIwJTIwJTIwJTIwJTIwJTIwJTNDJTJGZGl2JTNF[\/vc_raw_html][\/vc_column_inner][vc_column_inner width=\u00a0\u00bb1\/4&Prime;][vc_raw_html]JTNDZGl2JTIwY2xhc3MlM0QlMjJmbmItZmFjdC1pdGVtJTIwdGV4dC1jZW50ZXIlMjB3aWR0aDMlMjIlM0UlMEElMjAlMjAlMjAlMjAlMjAlMjAlMjAlMjAlMjAlMjAlM0NkaXYlMjBjbGFzcyUzRCUyMmZuYi1mYWN0LXdyYXBwZXIlMjBmbGV4JTIwZmxleC13cmFwJTIyJTNFJTBBJTIwJTIwJTIwJTIwJTIwJTIwJTIwJTIwJTIwJTIwJTIwJTIwJTNDZGl2JTIwY2xhc3MlM0QlMjJmbmItdG9wJTIyJTNFJTBBJTIwJTIwJTIwJTIwJTIwJTIwJTIwJTIwJTIwJTIwJTIwJTIwJTIwJTIwJTBBJTIwJTIwJTIwJTIwJTIwJTIwJTIwJTIwJTIwJTIwJTIwJTIwJTIwJTIwJTNDZGl2JTIwY2xhc3MlM0QlMjJmbmItaWNvbiUyMGhhbGlnbi1jZW50ZXIlMjIlMjBzdHlsZSUzRCUyMndpZHRoJTNBNDBweCUzQmhlaWdodCUzQTQwcHglM0JsaW5lLWhlaWdodCUzQTQwcHglM0IlMjIlM0UlMEElMjAlMjAlMjAlMjAlMjAlMjAlMjAlMjAlMjAlMjAlMjAlMjAlMjAlMjAlMjAlMjAlMEElMjAlMjAlMjAlMjAlMjAlMjAlMjAlMjAlMjAlMjAlMjAlMjAlMjAlMjAlMjAlMjAlM0NzdmclMjB2ZXJzaW9uJTNEJTIyMS4wJTIyJTIweG1sbnMlM0QlMjJodHRwJTNBJTJGJTJGd3d3LnczLm9yZyUyRjIwMDAlMkZzdmclMjIlMjB2aWV3Qm94JTNEJTIyMCUyMDAlMjA1MTIlMjA1MTIlMjIlMjBhcmlhLWhpZGRlbiUzRCUyMnRydWUlMjIlM0UlM0NnJTIwaWQlM0QlMjJsYXllcjElMjIlM0UlM0NwYXRoJTIwZCUzRCUyMk01MDAlMjAzODRjNi42JTIwMCUyMDEyJTIwNS40JTIwMTIlMjAxMnY0MGMwJTIwNi42LTUuNCUyMDEyLTEyJTIwMTJIMTJjLTYuNiUyMDAtMTItNS40LTEyLTEyVjc2YzAtNi42JTIwNS40LTEyJTIwMTItMTJoNDBjNi42JTIwMCUyMDEyJTIwNS40JTIwMTIlMjAxMnYzMDhoNDM2ek00NTYlMjA5NkgzNDRjLTIxLjQlMjAwLTMyLjElMjAyNS45LTE3JTIwNDFsMzIuOSUyMDMyLjktNzIlMjA3Mi45LTU1LjYtNTUuNmMtNC43LTQuNy0xMi4yLTQuNy0xNi45JTIwMEw5Ni40JTIwMzA1Yy00LjclMjA0LjYtNC44JTIwMTIuMi0uMiUyMDE2LjlsMjguNSUyMDI5LjRjNC43JTIwNC44JTIwMTIuNCUyMDQuOSUyMDE3LjEuMWw4Mi4xLTgyLjElMjA1NS41JTIwNTUuNWM0LjclMjA0LjclMjAxMi4zJTIwNC43JTIwMTclMjAwbDEwOS4yLTEwOS4yTDQzOSUyMDI0OWMxNS4xJTIwMTUuMSUyMDQxJTIwNC40JTIwNDEtMTdWMTIwYzAtMTMuMy0xMC43LTI0LTI0LTI0eiUyMiUzRSUzQyUyRnBhdGglM0UlM0MlMkZnJTNFJTNDJTJGc3ZnJTNFJTBBJTIwJTIwJTIwJTIwJTIwJTIwJTIwJTIwJTIwJTIwJTIwJTIwJTIwJTIwJTIwJTIwJTBBJTIwJTIwJTIwJTIwJTIwJTIwJTIwJTIwJTIwJTIwJTIwJTIwJTIwJTIwJTNDJTJGZGl2JTNFJTBBJTIwJTIwJTIwJTIwJTIwJTIwJTIwJTIwJTIwJTIwJTIwJTIwJTIwJTIwJTBBJTIwJTIwJTIwJTIwJTIwJTIwJTIwJTIwJTIwJTIwJTIwJTIwJTIwJTIwJTNDZGl2JTIwY2xhc3MlM0QlMjJmbmItbnVtYmVyJTIwc2Vjb25kYXJ5LWZvbnQlMjBib2xkJTIyJTNFM1glM0MlMkZkaXYlM0UlMEElMjAlMjAlMjAlMjAlMjAlMjAlMjAlMjAlMjAlMjAlMjAlMjAlMjAlMjAlMEElMjAlMjAlMjAlMjAlMjAlMjAlMjAlMjAlMjAlMjAlMjAlMjAlMjAlMjAlM0NkaXYlMjBjbGFzcyUzRCUyMmZuYi1zdW1tYXJ5JTIwc21hbGwtdGV4dCUyMiUzRUxlJTIwSW5ib3VuZCUyMG1hcmtldGluZyUyMHJhcHBvcnRlJTIwdHJvaXMlMjBmb2lzJTIwcGx1cyUyMGRlJTIwcHJvc3BlY3RzJTIwcXVlJTIwbGVzJTIwbSVDMyVBOXRob2RlcyUyMGRlJTIwbWFya2V0aW5nJTIwdHJhZGl0aW9ubmVsbGVzJTNDJTJGZGl2JTNFJTBBJTIwJTIwJTIwJTIwJTIwJTIwJTIwJTIwJTIwJTIwJTIwJTIwJTNDJTJGZGl2JTNFJTBBJTIwJTIwJTIwJTIwJTIwJTIwJTIwJTIwJTIwJTIwJTIwJTIwJTBBJTIwJTIwJTIwJTIwJTIwJTIwJTIwJTIwJTIwJTIwJTNDJTJGZGl2JTNFJTBBJTIwJTIwJTIwJTIwJTIwJTIwJTIwJTIwJTNDJTJGZGl2JTNF[\/vc_raw_html][\/vc_column_inner][\/vc_row_inner][\/vc_column][\/vc_row][vc_row full_width=\u00a0\u00bbstretch_row\u00a0\u00bb css=\u00a0\u00bb.vc_custom_1560950265302{margin-top: -40px !important;background-color: #f2f2f2 !important;}\u00a0\u00bb][vc_column][vc_row_inner][vc_column_inner][vc_raw_html]JTNDZGl2JTIwY2xhc3MlM0QlMjJ0YjEtdGV4dC13cmFwcGVyJTIwd2lkdGgxMiUyMGhhbGlnbi1jZW50ZXIlMjB0ZXh0LWNlbnRlciUyMiUzRSUwQSUyMCUyMCUyMCUyMCUyMCUyMCUyMCUyMCUzQ2RpdiUyMGNsYXNzJTNEJTIydGIxLXRleHQlMjByZWd1bGFyLXRleHQlMjB0ZXh0LWNvbC0xJTIyJTNFJTNDaDIlM0VOb3VzJTIwZmFpc29ucyUyMHBsdXMlMjBxdWUlMjBkdSUyMGluYm91bmQlMjBtYXJrZXRpbmclM0MlMkZoMiUzRSUzQyUyRmRpdiUzRSUwQSUyMCUyMCUyMCUyMCUyMCUyMCUyMCUyMCUwQSUyMCUyMCUyMCUyMCUyMCUyMCUyMCUyMCUzQ3AlMjBzdHlsZSUzRCUyMnRleHQtYWxpZ24lM0FjZW50ZXIlM0IlMjJEaXNwb3NlciUyMGQlMjd1biUyMHBsYW4lMjBJbmJvdW5kJTIwbWFya2V0aW5nJTIwZWZmaWNhY2UlMjBuJTI3ZXN0JTIwcXUlMjd1biUyMCVDMyVBOWwlQzMlQTltZW50JTIwZGUlMjB2b3RyZSUyMHN0cmF0JUMzJUE5Z2llJTIwZGUlMjBtYXJrZXRpbmclMjBkaWdpdGFsLiUyMFZvdXMlMjBuJTI3ZXNzYWllcmlleiUyMHBhcyUyMGRlJTIwcGxhbnRlciUyMHVuZSUyMHRlbnRlJTIwYXZlYyUyMHVuJTIwc2V1bCUyMHBvdGVhdSUyMCUzQiUyMGlsJTIwZW4lMjB2YSUyMGRlJTIwbSVDMyVBQW1lJTIwcG91ciUyMGxlJTIwbWFya2V0aW5nJTIwZGlnaXRhbC4lMjBTaSUyMHZvdXMlMjB2b3VsZXolMjB2b2lyJTIwbGVzJTIwciVDMyVBOXN1bHRhdHMlMjBkZSUyMHZvcyUyMGVmZm9ydHMlMjBudW0lQzMlQTlyaXF1ZXMlMkMlMjB2b3VzJTIwZGV2ZXolMjBwZW5zZXIlMjBhdS1kZWwlQzMlQTAlMjBkZSUyMHZvcyUyMGFjdGl2aXQlQzMlQTlzJTIwZGUlMjBJbmJvdW5kJTIwbWFya2V0aW5nLiUzQyUyRnAlM0UlMEElMjAlMjAlMjAlMjAlMjAlMjAlMjAlMjAlMEElMjAlMjAlMjAlMjAlMjAlMjAlMjAlMjAlMEElMjAlMjAlMjAlMjAlMjAlMjAlMjAlMjAlM0NkaXYlMjBjbGFzcyUzRCUyMnRiMS1jdGElMjIlM0UlMEElMjAlMjAlMjAlMjAlMjAlMjAlMjAlMjAlMjAlMjAlM0NhJTIwY2xhc3MlM0QlMjJ3c2ktdGV4dC1idXR0b24lMjB0ZXh0LWdyZWVuJTIyJTIwaHJlZiUzRCUyMmh0dHAlM0ElMkYlMkZ3c2lzbWUuY29tJTJGZnIlMkZzZXJ2aWNlcy1kZS1tYXJrZXRpbmctbnVtZXJpcXVlJTJGJTIyJTNFRCVDMyU4OUNPVVZSRVolMjBOT1RSRSUyMEdBTU1FJTIwQ09NUEwlQzMlODhURSUyMERFJTIwU0VSVklDRVMlMjBERSUyME1BUktFVElORyUyMERJR0lUQUwlM0MlMkZhJTNFJTBBJTIwJTIwJTIwJTIwJTIwJTIwJTIwJTIwJTNDJTJGZGl2JTNFJTBBJTIwJTIwJTIwJTIwJTIwJTIwJTIwJTIwJTBBJTIwJTIwJTIwJTIwJTIwJTIwJTNDJTJGZGl2JTNF[\/vc_raw_html][\/vc_column_inner][\/vc_row_inner][\/vc_column][\/vc_row]<\/div>","protected":false},"excerpt":{"rendered":"[vc_row][vc_column][vc_column_text] Inbound marketing Les appels \u00e0 froid, le publipostage et les envois de mails g\u00e9n\u00e9riques font partie du pass\u00e9 et rebutent les gens. Les strat\u00e9gies de marketing efficaces d&rsquo;aujourd&rsquo;hui permettent aux clients potentiels de vous trouver naturellement, peu importe la&hellip;","protected":false},"author":2,"featured_media":0,"parent":8046,"menu_order":23,"comment_status":"closed","ping_status":"closed","template":"","meta":{"_acf_changed":false,"footnotes":""},"class_list":["post-8023","page","type-page","status-publish","hentry","entry","no-media"],"acf":[],"_links":{"self":[{"href":"https:\/\/wsisme.com\/fr\/wp-json\/wp\/v2\/pages\/8023","targetHints":{"allow":["GET"]}}],"collection":[{"href":"https:\/\/wsisme.com\/fr\/wp-json\/wp\/v2\/pages"}],"about":[{"href":"https:\/\/wsisme.com\/fr\/wp-json\/wp\/v2\/types\/page"}],"author":[{"embeddable":true,"href":"https:\/\/wsisme.com\/fr\/wp-json\/wp\/v2\/users\/2"}],"replies":[{"embeddable":true,"href":"https:\/\/wsisme.com\/fr\/wp-json\/wp\/v2\/comments?post=8023"}],"version-history":[{"count":0,"href":"https:\/\/wsisme.com\/fr\/wp-json\/wp\/v2\/pages\/8023\/revisions"}],"up":[{"embeddable":true,"href":"https:\/\/wsisme.com\/fr\/wp-json\/wp\/v2\/pages\/8046"}],"wp:attachment":[{"href":"https:\/\/wsisme.com\/fr\/wp-json\/wp\/v2\/media?parent=8023"}],"curies":[{"name":"wp","href":"https:\/\/api.w.org\/{rel}","templated":true}]}}