{"id":8024,"date":"2019-07-02T18:17:08","date_gmt":"2019-07-02T18:17:08","guid":{"rendered":"http:\/\/wsisme.com\/?page_id=8024"},"modified":"2021-11-16T20:01:27","modified_gmt":"2021-11-16T20:01:27","slug":"conception-et-developpement-de-sites-web","status":"publish","type":"page","link":"https:\/\/wsisme.com\/fr\/services-de-marketing-numerique\/conception-et-developpement-de-sites-web\/","title":{"rendered":"Conception et d\u00e9veloppement de site Web"},"content":{"rendered":"<div class=\"wpb-content-wrapper\">[vc_row][vc_column][vc_column_text]\r\n<h1>Design et d\u00e9veloppement de sites Web \u00e0 Montr\u00e9al<\/h1>\r\n[\/vc_column_text][\/vc_column][\/vc_row][vc_row css=\u00a0\u00bb.vc_custom_1610546751228{margin-bottom: 0px !important;}\u00a0\u00bb visibility=\u00a0\u00bbvisible-desktop\u00a0\u00bb][vc_column width=\u00a0\u00bb1\/2&Prime; css=\u00a0\u00bb.vc_custom_1560800064203{margin-bottom: 0px !important;}\u00a0\u00bb][vc_column_text css=\u00a0\u00bb.vc_custom_1610548585758{margin-top: 120px !important;}\u00a0\u00bb]Notre \u00e9quipe de design Web et de d\u00e9veloppement Web \u00e0 Montr\u00e9al vous cr\u00e9era un site Web personnalis\u00e9 qui est visuellement agr\u00e9able, qui s\u2019adresse \u00e0 votre march\u00e9 cible et qui permettra d\u2019atteindre vos objectifs d\u2019affaires. Dans le monde d\u2019aujourd\u2019hui, votre site Web devrait \u00eatre le fondement commercial de votre entreprise. [\/vc_column_text][\/vc_column][vc_column width=\u00a0\u00bb1\/2&Prime; css=\u00a0\u00bb.vc_custom_1560800068379{margin-bottom: 0px !important;}\u00a0\u00bb][vc_raw_html]JTNDaW1nJTIwc3JjJTNEJTIyJTJGd3AtY29udGVudCUyRnVwbG9hZHMlMkYyMDIxJTJGMDElMkYwMS1XU0lTTUUtZGVzaWduLWFuZC1kZXZlbG9wbWVudC1NT05JVE9SLnBuZyUyMiUyMGFsdCUzRCUyMk9ubGluZS1SZXB1dGF0aW9uJTIyJTIwd2lkdGglM0QlMjIxMDAwJTIyJTIwc3Jjc2V0JTNEJTIyJTJGd3AtY29udGVudCUyRnVwbG9hZHMlMkYyMDIxJTJGMDElMkYwMS1XU0lTTUUtZGVzaWduLWFuZC1kZXZlbG9wbWVudC1NT05JVE9SLnBuZyUyMDUwMHclMkMlMjAlMkZ3cC1jb250ZW50JTJGdXBsb2FkcyUyRjIwMjElMkYwMSUyRjAxLVdTSVNNRS1kZXNpZ24tYW5kLWRldmVsb3BtZW50LU1PTklUT1IucG5nJTIwMTAwMHclMkMlMjAlMkZ3cC1jb250ZW50JTJGdXBsb2FkcyUyRjIwMjElMkYwMSUyRjAxLVdTSVNNRS1kZXNpZ24tYW5kLWRldmVsb3BtZW50LU1PTklUT1IucG5nJTIwMTUwMHclMkMlMjAlMkZ3cC1jb250ZW50JTJGdXBsb2FkcyUyRjIwMjElMkYwMSUyRjAxLVdTSVNNRS1kZXNpZ24tYW5kLWRldmVsb3BtZW50LU1PTklUT1IucG5nJTIwMjAwMHclMkMlMjAlMkZ3cC1jb250ZW50JTJGdXBsb2FkcyUyRjIwMjElMkYwMSUyRjAxLVdTSVNNRS1kZXNpZ24tYW5kLWRldmVsb3BtZW50LU1PTklUT1IucG5nJTIwMjUwMHclMkMlMjAlMkZ3cC1jb250ZW50JTJGdXBsb2FkcyUyRjIwMjElMkYwMSUyRjAxLVdTSVNNRS1kZXNpZ24tYW5kLWRldmVsb3BtZW50LU1PTklUT1IucG5nJTIwMzAwMHclMjIlMjBzaXplcyUzRCUyMiUyOG1heC13aWR0aCUzQSUyMDEwMDBweCUyOSUyMDEwMHZ3JTJDJTIwMTAwMHB4JTIyJTNF[\/vc_raw_html][\/vc_column][\/vc_row][vc_row visibility=\u00a0\u00bbhidden-desktop\u00a0\u00bb][vc_column css=\u00a0\u00bb.vc_custom_1560800064203{margin-bottom: 0px !important;}\u00a0\u00bb][vc_column_text]Notre \u00e9quipe de design Web et de d\u00e9veloppement Web \u00e0 Montr\u00e9al vous cr\u00e9era un site Web personnalis\u00e9 qui est visuellement agr\u00e9able, qui s\u2019adresse \u00e0 votre march\u00e9 cible et qui permettra d\u2019atteindre vos objectifs d\u2019affaires. Dans le monde d\u2019aujourd\u2019hui, votre site Web devrait \u00eatre le fondement commercial de votre entreprise. [\/vc_column_text][vc_single_image image=\u00a0\u00bb8387&Prime; css=\u00a0\u00bb.vc_custom_1610547313834{margin-bottom: 60px !important;}\u00a0\u00bb][\/vc_column][\/vc_row][vc_row full_width=\u00a0\u00bbstretch_row_content\u00a0\u00bb css=\u00a0\u00bb.vc_custom_1610546862610{margin-top: -100px !important;}\u00a0\u00bb el_class=\u00a0\u00bbz-index-minus\u00a0\u00bb visibility=\u00a0\u00bbvisible-desktop\u00a0\u00bb][vc_column][vc_raw_html]JTNDZGl2JTIwY2xhc3MlM0QlMjJzbGFudGVkLWVsZW1lbnQlMjBsYXllcjMlMjIlM0UlMEElMjAlMjAlMjAlMjAlM0NzdmclMjB2ZXJzaW9uJTNEJTIyMS4yJTIyJTIwcHJlc2VydmVBc3BlY3RSYXRpbyUzRCUyMm5vbmUlMjIlMjB2aWV3Qm94JTNEJTIyMCUyMDAlMjA1NiUyMDU2JTIyJTNFJTBBJTIwJTIwJTIwJTIwJTIwJTIwJTNDcG9seWdvbiUyMGNsYXNzJTNEJTIyZmlsbC1jb2xvcjQlMjIlMjBwb2ludHMlM0QlMjIwJTJDNTYlMjA1NiUyQzAlMjA1NiUyQzU2JTIyJTNFJTNDJTJGcG9seWdvbiUzRSUwQSUyMCUyMCUyMCUyMCUzQyUyRnN2ZyUzRSUwQSUyMCUyMCUzQyUyRmRpdiUzRQ==[\/vc_raw_html][\/vc_column][\/vc_row][vc_row full_width=\u00a0\u00bbstretch_row\u00a0\u00bb css=\u00a0\u00bb.vc_custom_1610472941411{margin-top: -40px !important;padding-bottom: 40px !important;background-color: #f2f2f2 !important;}\u00a0\u00bb][vc_column css=\u00a0\u00bb.vc_custom_1610547492151{padding-top: 40px !important;}\u00a0\u00bb][vc_column_text]\r\n<h3>Conception Web personnalis\u00e9e<\/h3>\r\nVotre site Web devrait \u00eatre votre meilleur outil de vente\u2009; il devrait inciter les visiteurs \u00e0 passer plus de temps sur votre site, repr\u00e9senter votre marque, communiquer vos valeurs, fournir des informations de qualit\u00e9 sur vos produits ou services, et d\u00e9tailler les probl\u00e8mes que vous pouvez r\u00e9soudre pour votre march\u00e9 cible. Non seulement devrait-il \u00eatre \u00e9l\u00e9gant, mais il devrait \u00eatre bien construit, \u00e0 chargement rapide et fiable avec un accent sur les conversions.[\/vc_column_text][\/vc_column][\/vc_row][vc_row full_width=\u00a0\u00bbstretch_row\u00a0\u00bb content_placement=\u00a0\u00bbmiddle\u00a0\u00bb css=\u00a0\u00bb.vc_custom_1610472849270{padding-top: 80px !important;padding-bottom: 40px !important;background-position: 0 0 !important;background-repeat: no-repeat !important;}\u00a0\u00bb][vc_column width=\u00a0\u00bb1\/2&Prime;][vc_single_image image=\u00a0\u00bb8404&Prime; alignment=\u00a0\u00bbleft\u00a0\u00bb][\/vc_column][vc_column width=\u00a0\u00bb1\/2&Prime; css=\u00a0\u00bb.vc_custom_1610459927614{padding-left: 20px !important;}\u00a0\u00bb][vc_column_text]\r\n<h3>SGC WordPress<\/h3>\r\nNous sommes avant tout une boutique WordPress \u00e0 Montr\u00e9al, l\u2019une des meilleures plateformes SGC disponibles aujourd\u2019hui qui peuvent \u00eatre facilement g\u00e9r\u00e9es par le client dans l\u2019avenir. Non seulement offrons-nous une formation sur la plateforme, mais nous offrons \u00e9galement des services de support et de maintenance WordPress, des services continus essentiels qui sont fortement recommand\u00e9s pour minimiser le risque d\u2019\u00eatre pirat\u00e9 ou de faire face \u00e0 des probl\u00e8mes technologiques plus tard. [\/vc_column_text][\/vc_column][\/vc_row][vc_row full_width=\u00a0\u00bbstretch_row\u00a0\u00bb css=\u00a0\u00bb.vc_custom_1610564067282{margin-top: 0px !important;margin-bottom: 0px !important;padding-top: 30px !important;background: #052148 url(http:\/\/wsisme.com\/wp-content\/uploads\/2021\/01\/04-WSISME-design-and-development-HOLISTIC-BACKGROUND-v2-1.jpg?id=8402) !important;background-position: 0 0 !important;background-repeat: no-repeat !important;}\u00a0\u00bb el_class=\u00a0\u00bblist-sty\u00a0\u00bb][vc_column]<h2 class=\"vcex-module vcex-heading vcex-heading-plain vc_custom_1610548656279\" style=\"color:#ffffff;text-align:center;\"><span class=\"vcex-heading-inner clr\">Notre approche holistique pour am\u00e9liorer vos initiatives de marketing en ligne<\/span><\/h2>[vc_column_text color=\u00a0\u00bb#ffffff\u00a0\u00bb]Notre \u00e9quipe de marketing num\u00e9rique rencontrera les propri\u00e9taires d\u2019entreprise et les parties prenantes pour comprendre vos objectifs d\u2019affaires, pour en apprendre davantage sur les produits ou les services offerts, et pour avoir une id\u00e9e de ce que sont vos march\u00e9s et vos profils cibles. \u00c0 partir de l\u00e0, nous proposerons une strat\u00e9gie qui pourrait \u00e9galement inclure quelques-uns des \u00e9l\u00e9ments suivants :\r\n<ul>\r\n \t<li>Nouveau design Web et d\u00e9veloppement ou modernisation de votre site Web actuel<\/li>\r\n \t<li>SEO pour am\u00e9liorer les classements de recherche Google de votre site par rapport \u00e0 vos concurrents<\/li>\r\n \t<li>Campagnes de marketing payantes qui g\u00e9n\u00e8rent plus de trafic vers votre site Web et, en fin de compte, augmentent vos prospects de vente<\/li>\r\n \t<li>Optimisation de la recherche locale pour optimiser votre profil Google My Business et pour am\u00e9liorer vos classements dans Google Maps.<\/li>\r\n \t<li>Services de marketing de contenu pour vous aider \u00e0 \u00e9duquer vos visiteurs sur les avantages de vos produits.<\/li>\r\n \t<li>Services de m\u00e9dias sociaux pour vous aider \u00e0 communiquer et \u00e0 amplifier votre message ainsi que pour interagir avec votre communaut\u00e9 et vos clients.<\/li>\r\n<\/ul>\r\n[\/vc_column_text][\/vc_column][\/vc_row][vc_row full_width=\u00a0\u00bbstretch_row\u00a0\u00bb content_placement=\u00a0\u00bbmiddle\u00a0\u00bb css=\u00a0\u00bb.vc_custom_1610547370004{padding-top: 200px !important;padding-bottom: 200px !important;background-image: url(http:\/\/wsisme.com\/wp-content\/uploads\/2021\/01\/WSISME-design-and-development-Why-Partner.jpg?id=8397) !important;background-position: center !important;background-repeat: no-repeat !important;background-size: cover !important;}\u00a0\u00bb visibility=\u00a0\u00bbvisible-desktop\u00a0\u00bb][vc_column width=\u00a0\u00bb2\/3&Prime; css=\u00a0\u00bb.vc_custom_1560800064203{margin-bottom: 0px !important;}\u00a0\u00bb][vc_column_text]\r\n<h3>Pourquoi s\u2019associer \u00e0 notre \u00e9quipe pour am\u00e9liorer votre visibilit\u00e9 en ligne ?<\/h3>\r\nL\u2019une des raisons pour lesquelles les clients choisissent de travailler avec notre \u00e9quipe, c\u2019est que nous sommes une agence r\u00e9put\u00e9e de r\u00e9f\u00e9rencement \u00e0 Montr\u00e9al. Nous avons les connaissances et l\u2019exp\u00e9rience en SEO pour savoir qu\u2019un site Web doit r\u00e9pondre aux normes de Google afin d\u2019atteindre un classement de recherche plus \u00e9lev\u00e9. Vous pouvez compter sur notre \u00e9quipe de d\u00e9veloppement Web pour vous assurer que votre site est \u00e0 chargement rapide, enti\u00e8rement adaptatif pour toutes les tailles d\u2019\u00e9cran, cod\u00e9 proprement et dispose d\u2019une hi\u00e9rarchie de page simple et logique. Au-del\u00e0 de ces \u00e9l\u00e9ments de bases, nous effectuons une recherche par mots cl\u00e9s pour savoir quels sont les meilleurs mots cl\u00e9s \u00e0 cibler, puis proc\u00e9dons \u00e0 l\u2019optimisation du site afin de surclasser votre concurrence.[\/vc_column_text][\/vc_column][vc_column width=\u00a0\u00bb1\/3&Prime; css=\u00a0\u00bb.vc_custom_1560800068379{margin-bottom: 0px !important;}\u00a0\u00bb][\/vc_column][\/vc_row][vc_row full_width=\u00a0\u00bbstretch_row\u00a0\u00bb content_placement=\u00a0\u00bbmiddle\u00a0\u00bb css=\u00a0\u00bb.vc_custom_1610548107158{padding-top: 40px !important;padding-bottom: 40px !important;background-color: #ebebeb !important;background-position: center !important;background-repeat: no-repeat !important;background-size: cover !important;}\u00a0\u00bb visibility=\u00a0\u00bbhidden-desktop\u00a0\u00bb el_class=\u00a0\u00bbgreyy\u00a0\u00bb][vc_column css=\u00a0\u00bb.vc_custom_1560800064203{margin-bottom: 0px !important;}\u00a0\u00bb][vc_column_text]\r\n<h3>Pourquoi s\u2019associer \u00e0 notre \u00e9quipe pour am\u00e9liorer votre visibilit\u00e9 en ligne ?<\/h3>\r\nL\u2019une des raisons pour lesquelles les clients choisissent de travailler avec notre \u00e9quipe, c\u2019est que nous sommes une agence r\u00e9put\u00e9e de r\u00e9f\u00e9rencement \u00e0 Montr\u00e9al. Nous avons les connaissances et l\u2019exp\u00e9rience en SEO pour savoir qu\u2019un site Web doit r\u00e9pondre aux normes de Google afin d\u2019atteindre un classement de recherche plus \u00e9lev\u00e9. Vous pouvez compter sur notre \u00e9quipe de d\u00e9veloppement Web pour vous assurer que votre site est \u00e0 chargement rapide, enti\u00e8rement adaptatif pour toutes les tailles d\u2019\u00e9cran, cod\u00e9 proprement et dispose d\u2019une hi\u00e9rarchie de page simple et logique. Au-del\u00e0 de ces \u00e9l\u00e9ments de bases, nous effectuons une recherche par mots cl\u00e9s pour savoir quels sont les meilleurs mots cl\u00e9s \u00e0 cibler, puis proc\u00e9dons \u00e0 l\u2019optimisation du site afin de surclasser votre concurrence.[\/vc_column_text][vc_single_image image=\u00a0\u00bb8391&Prime;][\/vc_column][\/vc_row][vc_row full_width=\u00a0\u00bbstretch_row\u00a0\u00bb css=\u00a0\u00bb.vc_custom_1610459520112{padding-top: 30px !important;background-color: #052148 !important;background-position: 0 0 !important;background-repeat: no-repeat !important;}\u00a0\u00bb][vc_column][vc_column_text color=\u00a0\u00bb#ffffff\u00a0\u00bb]\r\n<h4 style=\"color: #fff !important; text-align: center;\">Communiquez avec notre \u00e9quipe de <a href=\"\/fr\/nous-joindre\/\">conception Web de Montr\u00e9al<\/a> et parlez-nous de vos objectifs et d\u00e9fis d\u2019affaires. Nous pouvons apprendre \u00e0 nous conna\u00eetre et partager nos id\u00e9es sur les opportunit\u00e9s de marketing num\u00e9rique qui profiteraient \u00e0 votre entreprise ou \u00e0 votre organisation.<\/h4>\r\n[\/vc_column_text][\/vc_column][\/vc_row]<\/div>","protected":false},"excerpt":{"rendered":"[vc_row][vc_column][vc_column_text] Design et d\u00e9veloppement de sites Web \u00e0 Montr\u00e9al [\/vc_column_text][\/vc_column][\/vc_row][vc_row css=\u00a0\u00bb.vc_custom_1610546751228{margin-bottom: 0px !important;}\u00a0\u00bb visibility=\u00a0\u00bbvisible-desktop\u00a0\u00bb][vc_column width=\u00a0\u00bb1\/2&Prime; css=\u00a0\u00bb.vc_custom_1560800064203{margin-bottom: 0px !important;}\u00a0\u00bb][vc_column_text css=\u00a0\u00bb.vc_custom_1610548585758{margin-top: 120px !important;}\u00a0\u00bb]Notre \u00e9quipe de design Web et de d\u00e9veloppement Web \u00e0 Montr\u00e9al vous cr\u00e9era un site Web personnalis\u00e9 qui est visuellement&hellip;","protected":false},"author":2,"featured_media":0,"parent":8046,"menu_order":20,"comment_status":"closed","ping_status":"closed","template":"","meta":{"_acf_changed":false,"footnotes":""},"class_list":["post-8024","page","type-page","status-publish","hentry","entry","no-media"],"acf":[],"_links":{"self":[{"href":"https:\/\/wsisme.com\/fr\/wp-json\/wp\/v2\/pages\/8024","targetHints":{"allow":["GET"]}}],"collection":[{"href":"https:\/\/wsisme.com\/fr\/wp-json\/wp\/v2\/pages"}],"about":[{"href":"https:\/\/wsisme.com\/fr\/wp-json\/wp\/v2\/types\/page"}],"author":[{"embeddable":true,"href":"https:\/\/wsisme.com\/fr\/wp-json\/wp\/v2\/users\/2"}],"replies":[{"embeddable":true,"href":"https:\/\/wsisme.com\/fr\/wp-json\/wp\/v2\/comments?post=8024"}],"version-history":[{"count":0,"href":"https:\/\/wsisme.com\/fr\/wp-json\/wp\/v2\/pages\/8024\/revisions"}],"up":[{"embeddable":true,"href":"https:\/\/wsisme.com\/fr\/wp-json\/wp\/v2\/pages\/8046"}],"wp:attachment":[{"href":"https:\/\/wsisme.com\/fr\/wp-json\/wp\/v2\/media?parent=8024"}],"curies":[{"name":"wp","href":"https:\/\/api.w.org\/{rel}","templated":true}]}}