{"id":8026,"date":"2020-02-07T18:02:20","date_gmt":"2020-02-07T18:02:20","guid":{"rendered":"http:\/\/wsisme.com\/?page_id=8026"},"modified":"2026-03-30T14:33:31","modified_gmt":"2026-03-30T14:33:31","slug":"realisations","status":"publish","type":"page","link":"https:\/\/wsisme.com\/fr\/realisations\/","title":{"rendered":"R\u00e9alisations"},"content":{"rendered":"<div class=\"wpb-content-wrapper\">[vc_row full_width=\u00a0\u00bbstretch_row\u00a0\u00bb css=\u00a0\u00bb.vc_custom_1566311518733{padding-top: 50px !important;padding-bottom: 100px !important;background-color: #f2f2f2 !important;}\u00a0\u00bb][vc_column]<h1 class=\"vcex-module vcex-heading vcex-heading-plain\" style=\"text-align:center;\"><span class=\"vcex-heading-inner clr\">R\u00e9alisations<\/span><\/h1>[vc_column_text]\r\n<p style=\"text-align: center;\">Le marketing num\u00e9rique peut inclure une grande vari\u00e9t\u00e9 d\u2019actifs num\u00e9riques, de propri\u00e9t\u00e9s et de profils en ligne.<br \/>\r\nD\u00e9couvrez les derni\u00e8res r\u00e9alisations de notre \u00e9quipe de marketing num\u00e9rique de Montr\u00e9al.<\/p>\r\n[\/vc_column_text][\/vc_column][\/vc_row][vc_row full_width=\u00a0\u00bbstretch_row_content\u00a0\u00bb css=\u00a0\u00bb.vc_custom_1566312050278{background-color: #f2f2f2 !important;}\u00a0\u00bb el_class=\u00a0\u00bbtop-100&Prime; el_id=\u00a0\u00bbcta\u00a0\u00bb][vc_column][vc_raw_html]JTNDZGl2JTIwY2xhc3MlM0QlMjJzbGFudGVkLWVsZW1lbnQlMjBsYXllcjElMjIlM0UlMEElMjAlMjAlMjAlMjAlMjAlMjAlM0NzdmclMjB2ZXJzaW9uJTNEJTIyMS4yJTIyJTIwcHJlc2VydmVBc3BlY3RSYXRpbyUzRCUyMm5vbmUlMjIlMjB2aWV3Qm94JTNEJTIyMCUyMDAlMjA1NiUyMDU2JTIyJTNFJTBBJTIwJTIwJTIwJTIwJTIwJTIwJTIwJTIwJTNDcG9seWdvbiUyMGNsYXNzJTNEJTIyZmlsbC1jb2xvcjUlMjIlMjBwb2ludHMlM0QlMjIwJTJDNTYlMjA1NiUyQzAlMjA1NiUyQzU2JTIyJTNFJTNDJTJGcG9seWdvbiUzRSUwQSUyMCUyMCUyMCUyMCUyMCUyMCUzQyUyRnN2ZyUzRSUwQSUyMCUyMCUyMCUyMCUzQyUyRmRpdiUzRQ==[\/vc_raw_html][\/vc_column][\/vc_row][vc_row full_width=\u00a0\u00bbstretch_row_content\u00a0\u00bb css=\u00a0\u00bb.vc_custom_1566312050278{background-color: #f2f2f2 !important;}\u00a0\u00bb el_class=\u00a0\u00bbtop-100&Prime;][vc_column][vc_raw_html]JTNDZGl2JTIwY2xhc3MlM0QlMjJzbGFudGVkLWVsZW1lbnQlMjBsYXllcjElMjIlM0UlMEElMjAlMjAlMjAlMjAlMjAlMjAlM0NzdmclMjB2ZXJzaW9uJTNEJTIyMS4yJTIyJTIwcHJlc2VydmVBc3BlY3RSYXRpbyUzRCUyMm5vbmUlMjIlMjB2aWV3Qm94JTNEJTIyNTYlMjA1NiUyMDAlMjAwJTIyJTNFJTBBJTIwJTIwJTIwJTIwJTIwJTIwJTIwJTIwJTNDcG9seWdvbiUyMGNsYXNzJTNEJTIyZmlsbC1jb2xvcjUlMjIlMjBwb2ludHMlM0QlMjI1NiUyQzAlMjAwJTJDNTYlMjA1NiUyQzU2JTIyJTNFJTNDJTJGcG9seWdvbiUzRSUwQSUyMCUyMCUyMCUyMCUyMCUyMCUzQyUyRnN2ZyUzRSUwQSUyMCUyMCUyMCUyMCUzQyUyRmRpdiUzRQ==[\/vc_raw_html][\/vc_column][\/vc_row][vc_row el_class=\u00a0\u00bbmob-tabs\u00a0\u00bb][vc_column][vc_tta_tabs][vc_tta_section title=\u00a0\u00bbTous\u00a0\u00bb tab_id=\u00a0\u00bb1578498858075-2c689f58-395a\u00a0\u00bb][vc_row_inner][vc_column_inner width=\u00a0\u00bb1\/3&Prime;][vc_single_image image=\u00a0\u00bb11940&Prime; onclick=\u00a0\u00bbcustom_link\u00a0\u00bb link=\u00a0\u00bbhttps:\/\/wsisme.com\/fr\/realisations\/cancer-colorectal-canada\/\u00a0\u00bb img_hover=\u00a0\u00bbfade-out\u00a0\u00bb][\/vc_column_inner][vc_column_inner width=\u00a0\u00bb1\/3&Prime;][vc_single_image image=\u00a0\u00bb12701&Prime; onclick=\u00a0\u00bbcustom_link\u00a0\u00bb css=\u00a0\u00bb\u00a0\u00bb link=\u00a0\u00bbhttp:\/\/wsisme.com\/fr\/realisations\/paquette-associes-avocats\/\u00a0\u00bb img_hover=\u00a0\u00bbfade-out\u00a0\u00bb][\/vc_column_inner][vc_column_inner width=\u00a0\u00bb1\/3&Prime;][vc_single_image image=\u00a0\u00bb11942&Prime; onclick=\u00a0\u00bbcustom_link\u00a0\u00bb link=\u00a0\u00bbhttps:\/\/wsisme.com\/fr\/realisations\/precikam\/\u00a0\u00bb img_hover=\u00a0\u00bbfade-out\u00a0\u00bb][\/vc_column_inner][\/vc_row_inner][vc_row_inner][vc_column_inner width=\u00a0\u00bb1\/3&Prime;][vc_single_image image=\u00a0\u00bb10507&Prime; onclick=\u00a0\u00bbcustom_link\u00a0\u00bb link=\u00a0\u00bbhttps:\/\/wsisme.com\/fr\/realisations\/equipements-marshall-ltee\/\u00a0\u00bb img_hover=\u00a0\u00bbfade-out\u00a0\u00bb][\/vc_column_inner][vc_column_inner width=\u00a0\u00bb1\/3&Prime;][vc_single_image image=\u00a0\u00bb12827&Prime; onclick=\u00a0\u00bbcustom_link\u00a0\u00bb css=\u00a0\u00bb\u00a0\u00bb link=\u00a0\u00bbhttps:\/\/wsisme.com\/fr\/realisations\/kreadar-enterprises\/\u00a0\u00bb img_hover=\u00a0\u00bbfade-out\u00a0\u00bb][\/vc_column_inner][vc_column_inner width=\u00a0\u00bb1\/3&Prime;][vc_single_image image=\u00a0\u00bb10503&Prime; onclick=\u00a0\u00bbcustom_link\u00a0\u00bb link=\u00a0\u00bbhttps:\/\/wsisme.com\/fr\/realisations\/dorfin\/\u00a0\u00bb img_hover=\u00a0\u00bbfade-out\u00a0\u00bb][\/vc_column_inner][\/vc_row_inner][vc_row_inner][vc_column_inner width=\u00a0\u00bb1\/3&Prime;][vc_single_image image=\u00a0\u00bb10501&Prime; onclick=\u00a0\u00bbcustom_link\u00a0\u00bb link=\u00a0\u00bbhttps:\/\/wsisme.com\/fr\/realisations\/plomberie-mchenry-inc\/\u00a0\u00bb img_hover=\u00a0\u00bbfade-out\u00a0\u00bb][\/vc_column_inner][vc_column_inner width=\u00a0\u00bb1\/3&Prime;][vc_single_image image=\u00a0\u00bb8418&Prime; onclick=\u00a0\u00bbcustom_link\u00a0\u00bb link=\u00a0\u00bb\/fr\/realisations\/viable-power\/\u00a0\u00bb img_hover=\u00a0\u00bbfade-out\u00a0\u00bb][\/vc_column_inner][vc_column_inner width=\u00a0\u00bb1\/3&Prime;][vc_single_image image=\u00a0\u00bb9098&Prime; onclick=\u00a0\u00bbcustom_link\u00a0\u00bb link=\u00a0\u00bbhttps:\/\/wsisme.com\/fr\/realisations\/st-georges-group\/\u00a0\u00bb img_hover=\u00a0\u00bbfade-out\u00a0\u00bb][\/vc_column_inner][\/vc_row_inner][vc_row_inner][vc_column_inner width=\u00a0\u00bb1\/3&Prime;][vc_single_image image=\u00a0\u00bb8365&Prime; onclick=\u00a0\u00bbcustom_link\u00a0\u00bb link=\u00a0\u00bbhttp:\/\/wsisme.com\/fr\/realisations\/norgas-controls\/\u00a0\u00bb img_hover=\u00a0\u00bbfade-out\u00a0\u00bb][\/vc_column_inner][vc_column_inner width=\u00a0\u00bb1\/3&Prime;][vc_single_image image=\u00a0\u00bb6660&Prime; onclick=\u00a0\u00bbcustom_link\u00a0\u00bb link=\u00a0\u00bbhttp:\/\/wsisme.com\/fr\/realisations\/micom\/\u00a0\u00bb img_hover=\u00a0\u00bbfade-out\u00a0\u00bb][\/vc_column_inner][vc_column_inner width=\u00a0\u00bb1\/3&Prime;][vc_single_image image=\u00a0\u00bb6662&Prime; onclick=\u00a0\u00bbcustom_link\u00a0\u00bb link=\u00a0\u00bb\/fr\/realisations\/centre-dentaire-pierrefonds\/\u00a0\u00bb img_hover=\u00a0\u00bbfade-out\u00a0\u00bb][\/vc_column_inner][\/vc_row_inner][vc_row_inner][vc_column_inner width=\u00a0\u00bb1\/3&Prime;][vc_single_image image=\u00a0\u00bb12890&Prime; onclick=\u00a0\u00bbcustom_link\u00a0\u00bb css=\u00a0\u00bb\u00a0\u00bb link=\u00a0\u00bbhttps:\/\/wsisme.com\/fr\/realisations\/beaconsfield-construction\/\u00a0\u00bb img_hover=\u00a0\u00bbfade-out\u00a0\u00bb][\/vc_column_inner][vc_column_inner width=\u00a0\u00bb1\/3&Prime;][vc_single_image image=\u00a0\u00bb8753&Prime; onclick=\u00a0\u00bbcustom_link\u00a0\u00bb link=\u00a0\u00bbhttp:\/\/wsisme.com\/fr\/realisations\/exceleris\/\u00a0\u00bb img_hover=\u00a0\u00bbfade-out\u00a0\u00bb][\/vc_column_inner][vc_column_inner width=\u00a0\u00bb1\/3&Prime;][vc_single_image image=\u00a0\u00bb6664&Prime; onclick=\u00a0\u00bbcustom_link\u00a0\u00bb link=\u00a0\u00bbhttp:\/\/wsisme.com\/fr\/realisations\/conteneurs-conterm\/\u00a0\u00bb img_hover=\u00a0\u00bbfade-out\u00a0\u00bb][\/vc_column_inner][\/vc_row_inner][vc_row_inner][vc_column_inner width=\u00a0\u00bb1\/3&Prime;][vc_single_image image=\u00a0\u00bb6672&Prime; onclick=\u00a0\u00bbcustom_link\u00a0\u00bb link=\u00a0\u00bbhttp:\/\/wsisme.com\/fr\/realisations\/planit-canada\/\u00a0\u00bb img_hover=\u00a0\u00bbfade-out\u00a0\u00bb][\/vc_column_inner][vc_column_inner width=\u00a0\u00bb1\/3&Prime;][vc_single_image image=\u00a0\u00bb6669&Prime; onclick=\u00a0\u00bbcustom_link\u00a0\u00bb css=\u00a0\u00bb\u00a0\u00bb link=\u00a0\u00bbhttps:\/\/wsisme.com\/fr\/realisations\/pneus-gordons\/\u00a0\u00bb img_hover=\u00a0\u00bbfade-out\u00a0\u00bb][\/vc_column_inner][vc_column_inner width=\u00a0\u00bb1\/3&Prime;][vc_single_image image=\u00a0\u00bb6673&Prime; onclick=\u00a0\u00bbcustom_link\u00a0\u00bb link=\u00a0\u00bbhttp:\/\/wsisme.com\/fr\/realisations\/pourvoirie-des-camps-mistassini\/\u00a0\u00bb img_hover=\u00a0\u00bbfade-out\u00a0\u00bb][\/vc_column_inner][\/vc_row_inner][vc_row_inner][vc_column_inner width=\u00a0\u00bb1\/3&Prime;][vc_single_image image=\u00a0\u00bb12963&Prime; onclick=\u00a0\u00bbcustom_link\u00a0\u00bb css=\u00a0\u00bb\u00a0\u00bb link=\u00a0\u00bbhttp:\/\/wsisme.com\/fr\/realisations\/la-chambre-de-commerce-de-louest-de-lile-de-montreal\/\u00a0\u00bb img_hover=\u00a0\u00bbfade-out\u00a0\u00bb][\/vc_column_inner][vc_column_inner width=\u00a0\u00bb1\/3&Prime;][vc_single_image image=\u00a0\u00bb6668&Prime; onclick=\u00a0\u00bbcustom_link\u00a0\u00bb link=\u00a0\u00bbhttp:\/\/wsisme.com\/fr\/realisations\/steri-mobile\/\u00a0\u00bb img_hover=\u00a0\u00bbfade-out\u00a0\u00bb][\/vc_column_inner][vc_column_inner width=\u00a0\u00bb1\/3&Prime;][\/vc_column_inner][\/vc_row_inner][\/vc_tta_section][vc_tta_section title=\u00a0\u00bbCommerce interentreprises\u00a0\u00bb tab_id=\u00a0\u00bbcommerce-interentreprises\u00a0\u00bb][vc_row_inner][vc_column_inner width=\u00a0\u00bb1\/3&Prime;][vc_single_image image=\u00a0\u00bb11942&Prime; onclick=\u00a0\u00bbcustom_link\u00a0\u00bb link=\u00a0\u00bbhttps:\/\/wsisme.com\/fr\/realisations\/precikam\/\u00a0\u00bb img_hover=\u00a0\u00bbfade-out\u00a0\u00bb][\/vc_column_inner][vc_column_inner width=\u00a0\u00bb1\/3&Prime;][vc_single_image image=\u00a0\u00bb10507&Prime; onclick=\u00a0\u00bbcustom_link\u00a0\u00bb link=\u00a0\u00bbhttps:\/\/wsisme.com\/fr\/realisations\/equipements-marshall-ltee\/\u00a0\u00bb img_hover=\u00a0\u00bbfade-out\u00a0\u00bb][\/vc_column_inner][vc_column_inner width=\u00a0\u00bb1\/3&Prime;][vc_single_image image=\u00a0\u00bb12827&Prime; onclick=\u00a0\u00bbcustom_link\u00a0\u00bb css=\u00a0\u00bb\u00a0\u00bb link=\u00a0\u00bbhttps:\/\/wsisme.com\/fr\/realisations\/kreadar-enterprises\/\u00a0\u00bb img_hover=\u00a0\u00bbfade-out\u00a0\u00bb][\/vc_column_inner][\/vc_row_inner][vc_row_inner][vc_column_inner width=\u00a0\u00bb1\/3&Prime;][vc_single_image image=\u00a0\u00bb10503&Prime; onclick=\u00a0\u00bbcustom_link\u00a0\u00bb link=\u00a0\u00bbhttps:\/\/wsisme.com\/fr\/realisations\/dorfin\/\u00a0\u00bb img_hover=\u00a0\u00bbfade-out\u00a0\u00bb][\/vc_column_inner][vc_column_inner width=\u00a0\u00bb1\/3&Prime;][vc_single_image image=\u00a0\u00bb10501&Prime; onclick=\u00a0\u00bbcustom_link\u00a0\u00bb link=\u00a0\u00bbhttps:\/\/wsisme.com\/fr\/realisations\/plomberie-mchenry-inc\/\u00a0\u00bb img_hover=\u00a0\u00bbfade-out\u00a0\u00bb][\/vc_column_inner][vc_column_inner width=\u00a0\u00bb1\/3&Prime;][vc_single_image image=\u00a0\u00bb6660&Prime; onclick=\u00a0\u00bbcustom_link\u00a0\u00bb link=\u00a0\u00bbhttp:\/\/wsisme.com\/fr\/realisations\/micom\/\u00a0\u00bb img_hover=\u00a0\u00bbfade-out\u00a0\u00bb][\/vc_column_inner][\/vc_row_inner][vc_row_inner][vc_column_inner width=\u00a0\u00bb1\/3&Prime;][vc_single_image image=\u00a0\u00bb6664&Prime; onclick=\u00a0\u00bbcustom_link\u00a0\u00bb link=\u00a0\u00bbhttp:\/\/wsisme.com\/fr\/realisations\/conteneurs-conterm\/\u00a0\u00bb img_hover=\u00a0\u00bbfade-out\u00a0\u00bb][\/vc_column_inner][vc_column_inner width=\u00a0\u00bb1\/3&Prime;][vc_single_image image=\u00a0\u00bb12701&Prime; onclick=\u00a0\u00bbcustom_link\u00a0\u00bb css=\u00a0\u00bb\u00a0\u00bb link=\u00a0\u00bbhttp:\/\/wsisme.com\/fr\/realisations\/paquette-associes-avocats\/\u00a0\u00bb img_hover=\u00a0\u00bbfade-out\u00a0\u00bb][\/vc_column_inner][vc_column_inner width=\u00a0\u00bb1\/3&Prime;][vc_single_image image=\u00a0\u00bb12963&Prime; onclick=\u00a0\u00bbcustom_link\u00a0\u00bb css=\u00a0\u00bb\u00a0\u00bb link=\u00a0\u00bbhttp:\/\/wsisme.com\/fr\/realisations\/la-chambre-de-commerce-de-louest-de-lile-de-montreal\/\u00a0\u00bb img_hover=\u00a0\u00bbfade-out\u00a0\u00bb][\/vc_column_inner][\/vc_row_inner][vc_row_inner][vc_column_inner width=\u00a0\u00bb1\/3&Prime;][vc_single_image image=\u00a0\u00bb6668&Prime; onclick=\u00a0\u00bbcustom_link\u00a0\u00bb link=\u00a0\u00bbhttp:\/\/wsisme.com\/fr\/realisations\/steri-mobile\/\u00a0\u00bb img_hover=\u00a0\u00bbfade-out\u00a0\u00bb][\/vc_column_inner][vc_column_inner width=\u00a0\u00bb1\/3&Prime;][vc_single_image image=\u00a0\u00bb6669&Prime; onclick=\u00a0\u00bbcustom_link\u00a0\u00bb css=\u00a0\u00bb\u00a0\u00bb link=\u00a0\u00bbhttps:\/\/wsisme.com\/fr\/realisations\/pneus-gordons\/\u00a0\u00bb img_hover=\u00a0\u00bbfade-out\u00a0\u00bb][\/vc_column_inner][vc_column_inner width=\u00a0\u00bb1\/3&Prime;][vc_single_image image=\u00a0\u00bb8365&Prime; onclick=\u00a0\u00bbcustom_link\u00a0\u00bb link=\u00a0\u00bbhttp:\/\/wsisme.com\/fr\/realisations\/norgas-controls\/\u00a0\u00bb img_hover=\u00a0\u00bbfade-out\u00a0\u00bb][\/vc_column_inner][\/vc_row_inner][vc_row_inner][vc_column_inner width=\u00a0\u00bb1\/3&Prime;][vc_single_image image=\u00a0\u00bb12890&Prime; onclick=\u00a0\u00bbcustom_link\u00a0\u00bb css=\u00a0\u00bb\u00a0\u00bb link=\u00a0\u00bbhttps:\/\/wsisme.com\/fr\/realisations\/beaconsfield-construction\/\u00a0\u00bb img_hover=\u00a0\u00bbfade-out\u00a0\u00bb][\/vc_column_inner][vc_column_inner width=\u00a0\u00bb1\/3&Prime;][vc_single_image image=\u00a0\u00bb8753&Prime; onclick=\u00a0\u00bbcustom_link\u00a0\u00bb link=\u00a0\u00bbhttp:\/\/wsisme.com\/fr\/realisations\/exceleris\/\u00a0\u00bb img_hover=\u00a0\u00bbfade-out\u00a0\u00bb][\/vc_column_inner][vc_column_inner width=\u00a0\u00bb1\/3&Prime;][\/vc_column_inner][\/vc_row_inner][\/vc_tta_section][vc_tta_section title=\u00a0\u00bbEntreprises \u00e0 consommateurs\u00a0\u00bb tab_id=\u00a0\u00bbentreprises-a-consommateurs\u00a0\u00bb][vc_row_inner][vc_column_inner width=\u00a0\u00bb1\/3&Prime;][vc_single_image image=\u00a0\u00bb10501&Prime; onclick=\u00a0\u00bbcustom_link\u00a0\u00bb link=\u00a0\u00bbhttps:\/\/wsisme.com\/fr\/realisations\/plomberie-mchenry-inc\/\u00a0\u00bb img_hover=\u00a0\u00bbfade-out\u00a0\u00bb][\/vc_column_inner][vc_column_inner width=\u00a0\u00bb1\/3&Prime;][vc_single_image image=\u00a0\u00bb6662&Prime; onclick=\u00a0\u00bbcustom_link\u00a0\u00bb link=\u00a0\u00bb\/fr\/realisations\/centre-dentaire-pierrefonds\/\u00a0\u00bb img_hover=\u00a0\u00bbfade-out\u00a0\u00bb][\/vc_column_inner][vc_column_inner width=\u00a0\u00bb1\/3&Prime;][vc_single_image image=\u00a0\u00bb12701&Prime; onclick=\u00a0\u00bbcustom_link\u00a0\u00bb css=\u00a0\u00bb\u00a0\u00bb link=\u00a0\u00bbhttp:\/\/wsisme.com\/fr\/realisations\/paquette-associes-avocats\/\u00a0\u00bb img_hover=\u00a0\u00bbfade-out\u00a0\u00bb][\/vc_column_inner][\/vc_row_inner][vc_row_inner][vc_column_inner width=\u00a0\u00bb1\/3&Prime;][vc_single_image image=\u00a0\u00bb6668&Prime; onclick=\u00a0\u00bbcustom_link\u00a0\u00bb link=\u00a0\u00bbhttp:\/\/wsisme.com\/fr\/realisations\/steri-mobile\/\u00a0\u00bb img_hover=\u00a0\u00bbfade-out\u00a0\u00bb][\/vc_column_inner][vc_column_inner width=\u00a0\u00bb1\/3&Prime;][vc_single_image image=\u00a0\u00bb12963&Prime; onclick=\u00a0\u00bbcustom_link\u00a0\u00bb css=\u00a0\u00bb\u00a0\u00bb link=\u00a0\u00bbhttp:\/\/wsisme.com\/fr\/realisations\/la-chambre-de-commerce-de-louest-de-lile-de-montreal\/\u00a0\u00bb img_hover=\u00a0\u00bbfade-out\u00a0\u00bb][\/vc_column_inner][vc_column_inner width=\u00a0\u00bb1\/3&Prime;][vc_single_image image=\u00a0\u00bb6669&Prime; onclick=\u00a0\u00bbcustom_link\u00a0\u00bb css=\u00a0\u00bb\u00a0\u00bb link=\u00a0\u00bbhttps:\/\/wsisme.com\/fr\/realisations\/pneus-gordons\/\u00a0\u00bb img_hover=\u00a0\u00bbfade-out\u00a0\u00bb][\/vc_column_inner][\/vc_row_inner][vc_row_inner][vc_column_inner width=\u00a0\u00bb1\/3&Prime;][vc_single_image image=\u00a0\u00bb12890&Prime; onclick=\u00a0\u00bbcustom_link\u00a0\u00bb css=\u00a0\u00bb\u00a0\u00bb link=\u00a0\u00bbhttps:\/\/wsisme.com\/fr\/realisations\/beaconsfield-construction\/\u00a0\u00bb img_hover=\u00a0\u00bbfade-out\u00a0\u00bb][\/vc_column_inner][vc_column_inner width=\u00a0\u00bb1\/3&Prime;][vc_single_image image=\u00a0\u00bb6673&Prime; onclick=\u00a0\u00bbcustom_link\u00a0\u00bb link=\u00a0\u00bbhttp:\/\/wsisme.com\/fr\/realisations\/pourvoirie-des-camps-mistassini\/\u00a0\u00bb img_hover=\u00a0\u00bbfade-out\u00a0\u00bb][\/vc_column_inner][vc_column_inner width=\u00a0\u00bb1\/3&Prime;][\/vc_column_inner][\/vc_row_inner][\/vc_tta_section][vc_tta_section title=\u00a0\u00bbServices professionnels\u00a0\u00bb tab_id=\u00a0\u00bbservices-professionnels\u00a0\u00bb][vc_row_inner][vc_column_inner width=\u00a0\u00bb1\/3&Prime;][vc_single_image image=\u00a0\u00bb10501&Prime; onclick=\u00a0\u00bbcustom_link\u00a0\u00bb link=\u00a0\u00bbhttps:\/\/wsisme.com\/digital-marketing-portfolio\/dorfin\/\u00a0\u00bb img_hover=\u00a0\u00bbfade-out\u00a0\u00bb][\/vc_column_inner][vc_column_inner width=\u00a0\u00bb1\/3&Prime;][vc_single_image image=\u00a0\u00bb6660&Prime; onclick=\u00a0\u00bbcustom_link\u00a0\u00bb link=\u00a0\u00bbhttp:\/\/wsisme.com\/fr\/realisations\/micom\/\u00a0\u00bb img_hover=\u00a0\u00bbfade-out\u00a0\u00bb][\/vc_column_inner][vc_column_inner width=\u00a0\u00bb1\/3&Prime;][vc_single_image image=\u00a0\u00bb6662&Prime; onclick=\u00a0\u00bbcustom_link\u00a0\u00bb link=\u00a0\u00bb\/fr\/realisations\/centre-dentaire-pierrefonds\/\u00a0\u00bb img_hover=\u00a0\u00bbfade-out\u00a0\u00bb][\/vc_column_inner][\/vc_row_inner][vc_row_inner][vc_column_inner width=\u00a0\u00bb1\/3&Prime;][vc_single_image image=\u00a0\u00bb12701&Prime; onclick=\u00a0\u00bbcustom_link\u00a0\u00bb css=\u00a0\u00bb\u00a0\u00bb link=\u00a0\u00bbhttp:\/\/wsisme.com\/fr\/realisations\/paquette-associes-avocats\/\u00a0\u00bb img_hover=\u00a0\u00bbfade-out\u00a0\u00bb][\/vc_column_inner][vc_column_inner width=\u00a0\u00bb1\/3&Prime;][vc_single_image image=\u00a0\u00bb8753&Prime; onclick=\u00a0\u00bbcustom_link\u00a0\u00bb link=\u00a0\u00bbhttp:\/\/wsisme.com\/fr\/realisations\/exceleris\/\u00a0\u00bb img_hover=\u00a0\u00bbfade-out\u00a0\u00bb][\/vc_column_inner][vc_column_inner width=\u00a0\u00bb1\/3&Prime;][vc_single_image image=\u00a0\u00bb9098&Prime; onclick=\u00a0\u00bbcustom_link\u00a0\u00bb link=\u00a0\u00bbhttps:\/\/wsisme.com\/fr\/realisations\/st-georges-group\/\u00a0\u00bb img_hover=\u00a0\u00bbfade-out\u00a0\u00bb][\/vc_column_inner][\/vc_row_inner][vc_row_inner][vc_column_inner width=\u00a0\u00bb1\/3&Prime;][vc_single_image image=\u00a0\u00bb12890&Prime; onclick=\u00a0\u00bbcustom_link\u00a0\u00bb css=\u00a0\u00bb\u00a0\u00bb link=\u00a0\u00bbhttps:\/\/wsisme.com\/fr\/realisations\/beaconsfield-construction\/\u00a0\u00bb img_hover=\u00a0\u00bbfade-out\u00a0\u00bb][\/vc_column_inner][vc_column_inner width=\u00a0\u00bb1\/3&Prime;][vc_single_image image=\u00a0\u00bb12827&Prime; onclick=\u00a0\u00bbcustom_link\u00a0\u00bb css=\u00a0\u00bb\u00a0\u00bb link=\u00a0\u00bbhttps:\/\/wsisme.com\/fr\/realisations\/kreadar-enterprises\/\u00a0\u00bb img_hover=\u00a0\u00bbfade-out\u00a0\u00bb][\/vc_column_inner][vc_column_inner width=\u00a0\u00bb1\/3&Prime;][\/vc_column_inner][\/vc_row_inner][\/vc_tta_section][vc_tta_section title=\u00a0\u00bbIndustriel\u00a0\u00bb tab_id=\u00a0\u00bbindustriel\u00a0\u00bb][vc_row_inner][vc_column_inner width=\u00a0\u00bb1\/3&Prime;][vc_single_image image=\u00a0\u00bb11942&Prime; onclick=\u00a0\u00bbcustom_link\u00a0\u00bb link=\u00a0\u00bbhttps:\/\/wsisme.com\/fr\/realisations\/precikam\/\u00a0\u00bb img_hover=\u00a0\u00bbfade-out\u00a0\u00bb][\/vc_column_inner][vc_column_inner width=\u00a0\u00bb1\/3&Prime;][vc_single_image image=\u00a0\u00bb10507&Prime; onclick=\u00a0\u00bbcustom_link\u00a0\u00bb link=\u00a0\u00bbhttps:\/\/wsisme.com\/fr\/realisations\/equipements-marshall-ltee\/\u00a0\u00bb img_hover=\u00a0\u00bbfade-out\u00a0\u00bb][\/vc_column_inner][vc_column_inner width=\u00a0\u00bb1\/3&Prime;][vc_single_image image=\u00a0\u00bb12827&Prime; onclick=\u00a0\u00bbcustom_link\u00a0\u00bb css=\u00a0\u00bb\u00a0\u00bb link=\u00a0\u00bbhttps:\/\/wsisme.com\/fr\/realisations\/kreadar-enterprises\/\u00a0\u00bb img_hover=\u00a0\u00bbfade-out\u00a0\u00bb][\/vc_column_inner][\/vc_row_inner][vc_row_inner][vc_column_inner width=\u00a0\u00bb1\/3&Prime;][vc_single_image image=\u00a0\u00bb10503&Prime; onclick=\u00a0\u00bbcustom_link\u00a0\u00bb link=\u00a0\u00bbhttps:\/\/wsisme.com\/fr\/realisations\/dorfin\/\u00a0\u00bb img_hover=\u00a0\u00bbfade-out\u00a0\u00bb][\/vc_column_inner][vc_column_inner width=\u00a0\u00bb1\/3&Prime;][vc_single_image image=\u00a0\u00bb6664&Prime; onclick=\u00a0\u00bbcustom_link\u00a0\u00bb link=\u00a0\u00bbhttp:\/\/wsisme.com\/fr\/realisations\/conteneurs-conterm\/\u00a0\u00bb img_hover=\u00a0\u00bbfade-out\u00a0\u00bb][\/vc_column_inner][vc_column_inner width=\u00a0\u00bb1\/3&Prime;][vc_single_image image=\u00a0\u00bb6672&Prime; onclick=\u00a0\u00bbcustom_link\u00a0\u00bb link=\u00a0\u00bbhttp:\/\/wsisme.com\/fr\/realisations\/planit-canada\/\u00a0\u00bb img_hover=\u00a0\u00bbfade-out\u00a0\u00bb][\/vc_column_inner][\/vc_row_inner][vc_row_inner][vc_column_inner width=\u00a0\u00bb1\/3&Prime;][vc_single_image image=\u00a0\u00bb8365&Prime; onclick=\u00a0\u00bbcustom_link\u00a0\u00bb link=\u00a0\u00bbhttp:\/\/wsisme.com\/fr\/realisations\/norgas-controls\/\u00a0\u00bb img_hover=\u00a0\u00bbfade-out\u00a0\u00bb][\/vc_column_inner][vc_column_inner width=\u00a0\u00bb1\/3&Prime;][vc_single_image image=\u00a0\u00bb8418&Prime; onclick=\u00a0\u00bbcustom_link\u00a0\u00bb link=\u00a0\u00bbhttp:\/\/wsisme.com\/fr\/realisations\/viable-power\/\u00a0\u00bb img_hover=\u00a0\u00bbfade-out\u00a0\u00bb][\/vc_column_inner][vc_column_inner width=\u00a0\u00bb1\/3&Prime;][\/vc_column_inner][\/vc_row_inner][\/vc_tta_section][vc_tta_section title=\u00a0\u00bbOrganismes sans but lucratif\u00a0\u00bb tab_id=\u00a0\u00bb1718291284357-d272c142-007a\u00a0\u00bb][vc_row_inner][vc_column_inner width=\u00a0\u00bb1\/3&Prime;][vc_single_image image=\u00a0\u00bb11944&Prime; onclick=\u00a0\u00bbcustom_link\u00a0\u00bb link=\u00a0\u00bbhttps:\/\/wsisme.com\/fr\/realisations\/cancer-colorectal-canada\/\u00a0\u00bb img_hover=\u00a0\u00bbfade-out\u00a0\u00bb][\/vc_column_inner][vc_column_inner width=\u00a0\u00bb1\/3&Prime;][\/vc_column_inner][vc_column_inner width=\u00a0\u00bb1\/3&Prime;][\/vc_column_inner][\/vc_row_inner][\/vc_tta_section][\/vc_tta_tabs][\/vc_column][\/vc_row]\r\n<\/div>","protected":false},"excerpt":{"rendered":"[vc_row full_width=\u00a0\u00bbstretch_row\u00a0\u00bb css=\u00a0\u00bb.vc_custom_1566311518733{padding-top: 50px !important;padding-bottom: 100px !important;background-color: #f2f2f2 !important;}\u00a0\u00bb][vc_column][vc_column_text] Le marketing num\u00e9rique peut inclure une grande vari\u00e9t\u00e9 d\u2019actifs num\u00e9riques, de propri\u00e9t\u00e9s et de profils en ligne. D\u00e9couvrez les derni\u00e8res r\u00e9alisations de notre \u00e9quipe de marketing num\u00e9rique de Montr\u00e9al. [\/vc_column_text][\/vc_column][\/vc_row][vc_row full_width=\u00a0\u00bbstretch_row_content\u00a0\u00bb&hellip;","protected":false},"author":2,"featured_media":0,"parent":0,"menu_order":27,"comment_status":"closed","ping_status":"closed","template":"templates\/no-sidebar.php","meta":{"_acf_changed":false,"footnotes":""},"class_list":["post-8026","page","type-page","status-publish","hentry","entry","no-media"],"acf":[],"_links":{"self":[{"href":"https:\/\/wsisme.com\/fr\/wp-json\/wp\/v2\/pages\/8026","targetHints":{"allow":["GET"]}}],"collection":[{"href":"https:\/\/wsisme.com\/fr\/wp-json\/wp\/v2\/pages"}],"about":[{"href":"https:\/\/wsisme.com\/fr\/wp-json\/wp\/v2\/types\/page"}],"author":[{"embeddable":true,"href":"https:\/\/wsisme.com\/fr\/wp-json\/wp\/v2\/users\/2"}],"replies":[{"embeddable":true,"href":"https:\/\/wsisme.com\/fr\/wp-json\/wp\/v2\/comments?post=8026"}],"version-history":[{"count":29,"href":"https:\/\/wsisme.com\/fr\/wp-json\/wp\/v2\/pages\/8026\/revisions"}],"predecessor-version":[{"id":12975,"href":"https:\/\/wsisme.com\/fr\/wp-json\/wp\/v2\/pages\/8026\/revisions\/12975"}],"wp:attachment":[{"href":"https:\/\/wsisme.com\/fr\/wp-json\/wp\/v2\/media?parent=8026"}],"curies":[{"name":"wp","href":"https:\/\/api.w.org\/{rel}","templated":true}]}}