{"id":8028,"date":"2020-02-07T18:06:04","date_gmt":"2020-02-07T18:06:04","guid":{"rendered":"http:\/\/wsisme.com\/?page_id=8028"},"modified":"2022-04-29T13:45:44","modified_gmt":"2022-04-29T13:45:44","slug":"referencement-local","status":"publish","type":"page","link":"https:\/\/wsisme.com\/fr\/services-de-marketing-numerique\/referencement-local\/","title":{"rendered":"R\u00e9f\u00e9rencement Local"},"content":{"rendered":"<div class=\"wpb-content-wrapper\">[vc_row full_width=\u00a0\u00bbstretch_row\u00a0\u00bb content_placement=\u00a0\u00bbmiddle\u00a0\u00bb css=\u00a0\u00bb.vc_custom_1571768210025{margin-bottom: 40px !important;}\u00a0\u00bb][vc_column css=\u00a0\u00bb.vc_custom_1577993038687{margin-bottom: 0px !important;}\u00a0\u00bb][vc_column_text]\r\n<h1 style=\"text-align: center;\">Expert en r\u00e9f\u00e9rencement local \u00e0 Montr\u00e9al<\/h1>\r\n<h2 style=\"text-align: center;\">Surclassez votre concurrence locale et am\u00e9liorez votre r\u00e9putation en ligne<\/h2>\r\n[\/vc_column_text][\/vc_column][\/vc_row][vc_row full_width=\u00a0\u00bbstretch_row\u00a0\u00bb content_placement=\u00a0\u00bbmiddle\u00a0\u00bb css=\u00a0\u00bb.vc_custom_1577993116530{margin-bottom: 40px !important;}\u00a0\u00bb][vc_column width=\u00a0\u00bb1\/2&Prime;][vc_column_text]\r\n<p style=\"text-align: justify;\">Qu\u2019est-ce que le r\u00e9f\u00e9rencement local\u2009? Le r\u00e9f\u00e9rencement local est le processus d\u2019am\u00e9lioration de votre classement de recherche local par rapport \u00e0 votre concurrence sur le pack Google Local et la liste des cartes. Nos services de SEO locaux \u00e9prouv\u00e9s sont con\u00e7us pour g\u00e9n\u00e9rer un trafic plus cibl\u00e9 vers votre page Google My Business et g\u00e9n\u00e9rer plus de prospects et de ventes pour votre entreprise. Notre <a href=\"https:\/\/wsisme.com\/fr\/services-de-marketing-numerique\/referencement-naturel-seo\/\">agence de r\u00e9f\u00e9rencement naturel SEO \u00e0 Montr\u00e9al<\/a> peut \u00e9galement vous aider \u00e0 am\u00e9liorer vos classements de recherche de site Web et \u00e0 surclasser vos concurrents.<\/p>\r\n[\/vc_column_text][\/vc_column][vc_column width=\u00a0\u00bb1\/2&Prime;][vc_single_image image=\u00a0\u00bb7820&Prime; alignment=\u00a0\u00bbcenter\u00a0\u00bb el_class=\u00a0\u00bbw85&Prime; css=\u00a0\u00bb.vc_custom_1577993195497{margin-left: 120px !important;}\u00a0\u00bb][\/vc_column][\/vc_row][vc_row full_width=\u00a0\u00bbstretch_row_content\u00a0\u00bb][vc_column css=\u00a0\u00bb.vc_custom_1571768105717{margin-bottom: 0px !important;}\u00a0\u00bb][vc_raw_html]JTNDZGl2JTIwY2xhc3MlM0QlMjJzbGFudGVkLWVsZW1lbnQlMjBsYXllcjMlMjIlM0UlMEElMjAlMjAlMjAlMjAlM0NzdmclMjB2ZXJzaW9uJTNEJTIyMS4yJTIyJTIwcHJlc2VydmVBc3BlY3RSYXRpbyUzRCUyMm5vbmUlMjIlMjB2aWV3Qm94JTNEJTIyMCUyMDAlMjA1NiUyMDU2JTIyJTNFJTBBJTIwJTIwJTIwJTIwJTIwJTIwJTNDcG9seWdvbiUyMGNsYXNzJTNEJTIyZmlsbC1jb2xvcjQlMjIlMjBwb2ludHMlM0QlMjIwJTJDNTYlMjA1NiUyQzAlMjA1NiUyQzU2JTIyJTNFJTNDJTJGcG9seWdvbiUzRSUwQSUyMCUyMCUyMCUyMCUzQyUyRnN2ZyUzRSUwQSUyMCUyMCUzQyUyRmRpdiUzRQ==[\/vc_raw_html][\/vc_column][\/vc_row][vc_row full_width=\u00a0\u00bbstretch_row\u00a0\u00bb css=\u00a0\u00bb.vc_custom_1571768121993{margin-top: -5px !important;background-color: #f2f2f2 !important;}\u00a0\u00bb][vc_column][vc_row_inner][vc_column_inner width=\u00a0\u00bb1\/2&Prime;][vc_single_image image=\u00a0\u00bb8304&Prime; el_class=\u00a0\u00bbw90&Prime;][\/vc_column_inner][vc_column_inner width=\u00a0\u00bb1\/2&Prime; css=\u00a0\u00bb.vc_custom_1575570967212{padding-left: 75px !important;}\u00a0\u00bb][vc_column_text css=\u00a0\u00bb.vc_custom_1635300639754{padding-top: 40px !important;background-color: #f2f2f2 !important;}\u00a0\u00bb]\r\n<h3 style=\"text-align: left;\">Avantages des services de r\u00e9f\u00e9rencement local \u00e0 Montr\u00e9al<\/h3>\r\n<ul class=\"services\" style=\"text-align: left;\">\r\n \t<li>Obtenir plus d\u2019appels ou de visites sur site<\/li>\r\n \t<li>Augmenter vos prospects locaux qualifi\u00e9s<\/li>\r\n \t<li>Am\u00e9liorer votre r\u00e9putation en ligne<\/li>\r\n \t<li>Plus de prospects pour vous \u00e0 convertir<\/li>\r\n \t<li>Stimuler le trafic vers votre site<\/li>\r\n \t<li>\u00c9tablir la cr\u00e9dibilit\u00e9 de la marque<\/li>\r\n<\/ul>\r\n[\/vc_column_text][\/vc_column_inner][\/vc_row_inner][vc_row_inner equal_height=\u00a0\u00bbyes\u00a0\u00bb content_placement=\u00a0\u00bbmiddle\u00a0\u00bb css=\u00a0\u00bb.vc_custom_1575570989508{margin-top: 20px !important;}\u00a0\u00bb][vc_column_inner width=\u00a0\u00bb2\/3&Prime; css=\u00a0\u00bb.vc_custom_1571765728990{margin-top: 40px !important;margin-bottom: 0px !important;}\u00a0\u00bb][vc_column_text]\r\n<h3>Un aper\u00e7u de nos services de r\u00e9f\u00e9rencement local \u00e0 Montr\u00e9al<\/h3>\r\n<ul class=\"services\">\r\n \t<li><strong>Configuration de Google My Business<\/strong> &#8211; Nous allons r\u00e9clamer votre fiche et l\u2019optimiser<\/li>\r\n \t<li><strong>\u00c9tablir les donn\u00e9es NAP <\/strong>&#8211; Meilleure utilisation du nom de l\u2019entreprise, de l\u2019adresse et des informations t\u00e9l\u00e9phoniques<\/li>\r\n \t<li><strong>Configuration de sch\u00e9ma <\/strong>&#8211; Assurer que le balisage est int\u00e9gr\u00e9 sur le site Web<\/li>\r\n \t<li><strong>Optimisation localis\u00e9e des mots cl\u00e9s<\/strong> \u2013 S\u2019assurer que l\u2019information sur le site Web correspond au GMB<\/li>\r\n \t<li><strong>Construire des r\u00e9f\u00e9rences &#8211;<\/strong> Cr\u00e9er de nouveaux r\u00e9pertoires locaux ou normaliser les r\u00e9pertoires locaux existants<\/li>\r\n \t<li><strong>Blogs localis\u00e9s<\/strong> &#8211; Publications blogs qui sont optimis\u00e9s pour l\u2019emplacement<\/li>\r\n \t<li><strong>Construire et g\u00e9rer les avis<\/strong> &#8211; Les avis comptent ! Nous vous aiderons \u00e0 les obtenir<\/li>\r\n \t<li><strong>Google Search Console &amp; Analytics<\/strong> &#8211; Pour mesurer et ajuster<\/li>\r\n<\/ul>\r\n[\/vc_column_text][\/vc_column_inner][vc_column_inner width=\u00a0\u00bb1\/3&Prime; css=\u00a0\u00bb.vc_custom_1575571099044{margin-top: 40px !important;margin-bottom: 0px !important;}\u00a0\u00bb][vc_single_image image=\u00a0\u00bb8302&Prime;][\/vc_column_inner][\/vc_row_inner][vc_column_text]\r\n<p style=\"text-align: center;\"><a class=\"sa-scroll transition\" href=\"#cta\">\r\n<i class=\"fa fa-chevron-down fg-color2\"><\/i>\r\n<\/a><\/p>\r\n[\/vc_column_text][\/vc_column][\/vc_row][vc_row full_width=\u00a0\u00bbstretch_row\u00a0\u00bb css=\u00a0\u00bb.vc_custom_1566573583282{padding-top: 30px !important;background-color: #052148 !important;}\u00a0\u00bb el_id=\u00a0\u00bbcta\u00a0\u00bb][vc_column]<h2 class=\"vcex-module vcex-heading vcex-heading-plain\" style=\"color:#ffffff;text-align:center;\"><span class=\"vcex-heading-inner clr\">Quels types d\u2019entreprises peuvent le plus b\u00e9n\u00e9ficier des services de r\u00e9f\u00e9rencement locale \u00e0 Montr\u00e9al\u2009?<\/span><\/h2>[vc_row_inner css=\u00a0\u00bb.vc_custom_1577957915017{margin-top: 30px !important;}\u00a0\u00bb][vc_column_inner width=\u00a0\u00bb1\/6&Prime;][\/vc_column_inner][vc_column_inner width=\u00a0\u00bb2\/6&Prime;][vc_column_text color=\u00a0\u00bb#ffffff\u00a0\u00bb]\r\n<ul>\r\n \t<li>Dentistes<\/li>\r\n \t<li>Cliniques de chirurgie esth\u00e9tique<\/li>\r\n \t<li>Notaires<\/li>\r\n \t<li>Plombiers<\/li>\r\n \t<li>Spas<\/li>\r\n<\/ul>\r\n[\/vc_column_text][\/vc_column_inner][vc_column_inner width=\u00a0\u00bb2\/6&Prime;][vc_column_text color=\u00a0\u00bb#ffffff\u00a0\u00bb]\r\n<ul>\r\n \t<li>Avocats<\/li>\r\n \t<li>Physioth\u00e9rapeutes<\/li>\r\n \t<li>Cliniques m\u00e9dicales<\/li>\r\n \t<li>Experts en r\u00e9novation domiciliaire<\/li>\r\n<\/ul>\r\n[\/vc_column_text][\/vc_column_inner][vc_column_inner width=\u00a0\u00bb1\/6&Prime;][\/vc_column_inner][\/vc_row_inner][\/vc_column][\/vc_row][vc_row css=\u00a0\u00bb.vc_custom_1575571074519{margin-top: 50px !important;}\u00a0\u00bb][vc_column width=\u00a0\u00bb1\/6&Prime;][\/vc_column][vc_column width=\u00a0\u00bb2\/3&Prime;][vc_column_text]\r\n<h2 style=\"text-align: center;\">\u00cates-vous pr\u00eat \u00e0 obtenir des prospects plus qualifi\u00e9s\u2009?<\/h2>\r\n<p class=\"w60pad\" style=\"text-align: center;\">Rejoignez des prospects plus qualifi\u00e9s au bon moment avec l\u2019aide de nos services de r\u00e9f\u00e9rencement local \u00e0 Montr\u00e9al ou nos autres <a href=\"http:\/\/wsisme.com\/fr\/services-de-marketing-numerique\/\">services de marketing num\u00e9rique<\/a>. Nous v\u00e9rifierons et optimiserons votre fiche Google My Business et vous aiderons \u00e0 obtenir des avis pour am\u00e9liorer votre r\u00e9putation en ligne.<\/p>\r\n\r\n<div class=\"tb1-cta\" style=\"text-align: center;\"><a class=\"wsi-button solid-blue large-button\" href=\"\/fr\/parlez-nous\/\">Au plaisir de discuter avec vous !\r\n<\/a><\/div>\r\n[\/vc_column_text][\/vc_column][vc_column width=\u00a0\u00bb1\/6&Prime;][\/vc_column][\/vc_row]<\/div>","protected":false},"excerpt":{"rendered":"[vc_row full_width=\u00a0\u00bbstretch_row\u00a0\u00bb content_placement=\u00a0\u00bbmiddle\u00a0\u00bb css=\u00a0\u00bb.vc_custom_1571768210025{margin-bottom: 40px !important;}\u00a0\u00bb][vc_column css=\u00a0\u00bb.vc_custom_1577993038687{margin-bottom: 0px !important;}\u00a0\u00bb][vc_column_text] Expert en r\u00e9f\u00e9rencement local \u00e0 Montr\u00e9al Surclassez votre concurrence locale et am\u00e9liorez votre r\u00e9putation en ligne [\/vc_column_text][\/vc_column][\/vc_row][vc_row full_width=\u00a0\u00bbstretch_row\u00a0\u00bb content_placement=\u00a0\u00bbmiddle\u00a0\u00bb css=\u00a0\u00bb.vc_custom_1577993116530{margin-bottom: 40px !important;}\u00a0\u00bb][vc_column width=\u00a0\u00bb1\/2&Prime;][vc_column_text] Qu\u2019est-ce que le r\u00e9f\u00e9rencement local\u2009? Le r\u00e9f\u00e9rencement local&hellip;","protected":false},"author":2,"featured_media":0,"parent":8046,"menu_order":13,"comment_status":"closed","ping_status":"closed","template":"","meta":{"_acf_changed":false,"footnotes":""},"class_list":["post-8028","page","type-page","status-publish","hentry","entry","no-media"],"acf":[],"_links":{"self":[{"href":"https:\/\/wsisme.com\/fr\/wp-json\/wp\/v2\/pages\/8028","targetHints":{"allow":["GET"]}}],"collection":[{"href":"https:\/\/wsisme.com\/fr\/wp-json\/wp\/v2\/pages"}],"about":[{"href":"https:\/\/wsisme.com\/fr\/wp-json\/wp\/v2\/types\/page"}],"author":[{"embeddable":true,"href":"https:\/\/wsisme.com\/fr\/wp-json\/wp\/v2\/users\/2"}],"replies":[{"embeddable":true,"href":"https:\/\/wsisme.com\/fr\/wp-json\/wp\/v2\/comments?post=8028"}],"version-history":[{"count":2,"href":"https:\/\/wsisme.com\/fr\/wp-json\/wp\/v2\/pages\/8028\/revisions"}],"predecessor-version":[{"id":9181,"href":"https:\/\/wsisme.com\/fr\/wp-json\/wp\/v2\/pages\/8028\/revisions\/9181"}],"up":[{"embeddable":true,"href":"https:\/\/wsisme.com\/fr\/wp-json\/wp\/v2\/pages\/8046"}],"wp:attachment":[{"href":"https:\/\/wsisme.com\/fr\/wp-json\/wp\/v2\/media?parent=8028"}],"curies":[{"name":"wp","href":"https:\/\/api.w.org\/{rel}","templated":true}]}}