{"id":8030,"date":"2020-02-07T18:07:19","date_gmt":"2020-02-07T18:07:19","guid":{"rendered":"http:\/\/wsisme.com\/?page_id=8030"},"modified":"2021-11-16T20:00:16","modified_gmt":"2021-11-16T20:00:16","slug":"marketing-des-medias-sociaux","status":"publish","type":"page","link":"https:\/\/wsisme.com\/fr\/services-de-marketing-numerique\/marketing-des-medias-sociaux\/","title":{"rendered":"Marketing de m\u00e9dias sociaux"},"content":{"rendered":"<div class=\"wpb-content-wrapper\">[vc_row full_width=\u00a0\u00bbstretch_row\u00a0\u00bb content_placement=\u00a0\u00bbmiddle\u00a0\u00bb css=\u00a0\u00bb.vc_custom_1635353866729{margin-bottom: 40px !important;}\u00a0\u00bb][vc_column css=\u00a0\u00bb.vc_custom_1577993038687{margin-bottom: 0px !important;}\u00a0\u00bb][vc_column_text]\r\n<h1 style=\"text-align: center;\">Marketing de m\u00e9dias sociaux pour\r\nentreprises \u00e0 Montr\u00e9al<\/h1>\r\n[\/vc_column_text][\/vc_column][\/vc_row][vc_row full_width=\u00a0\u00bbstretch_row\u00a0\u00bb content_placement=\u00a0\u00bbmiddle\u00a0\u00bb css=\u00a0\u00bb.vc_custom_1601991515702{margin-bottom: 60px !important;}\u00a0\u00bb visibility=\u00a0\u00bbvisible-desktop-large\u00a0\u00bb][vc_column width=\u00a0\u00bb1\/2&Prime;][vc_column_text]Avoir une forte empreinte num\u00e9rique sur de nombreuses plates-formes en ligne est crucial pour soutenir la pr\u00e9sence en ligne de votre marque et pour aider \u00e0 promouvoir vos produits et services. Le marketing de m\u00e9dias sociaux vous permet d\u2019atteindre des clients et des prospects sur les plates-formes qu\u2019ils fr\u00e9quentent d\u00e9j\u00e0. C\u2019est un outil puissant pour g\u00e9n\u00e9rer du trafic vers votre site Web, pour am\u00e9liorer votre r\u00e9putation en ligne et pour interagir avec votre march\u00e9 cible.[\/vc_column_text][\/vc_column][vc_column width=\u00a0\u00bb1\/2&Prime;][vc_single_image image=\u00a0\u00bb8293&Prime; alignment=\u00a0\u00bbcenter\u00a0\u00bb el_class=\u00a0\u00bbw85&Prime; css=\u00a0\u00bb.vc_custom_1602185206553{margin-left: 120px !important;}\u00a0\u00bb][\/vc_column][\/vc_row][vc_row content_placement=\u00a0\u00bbtop\u00a0\u00bb css=\u00a0\u00bb.vc_custom_1602185664851{margin-bottom: 60px !important;}\u00a0\u00bb visibility=\u00a0\u00bbhidden-desktop\u00a0\u00bb][vc_column][vc_single_image image=\u00a0\u00bb8293&Prime;][vc_column_text]Avoir une forte empreinte num\u00e9rique sur de nombreuses plates-formes en ligne est crucial pour soutenir la pr\u00e9sence en ligne de votre marque et pour aider \u00e0 promouvoir vos produits et services. Le marketing de m\u00e9dias sociaux vous permet d\u2019atteindre des clients et des prospects sur les plates-formes qu\u2019ils fr\u00e9quentent d\u00e9j\u00e0. C\u2019est un outil puissant pour g\u00e9n\u00e9rer du trafic vers votre site Web, pour am\u00e9liorer votre r\u00e9putation en ligne et pour interagir avec votre march\u00e9 cible pour cr\u00e9er de bonnes relations.[\/vc_column_text][\/vc_column][\/vc_row][vc_row full_width=\u00a0\u00bbstretch_row_content\u00a0\u00bb css=\u00a0\u00bb.vc_custom_1601991399886{margin-top: -76px !important;}\u00a0\u00bb wpex_zindex=\u00a0\u00bb-9&Prime; visibility=\u00a0\u00bbvisible-desktop\u00a0\u00bb][vc_column css=\u00a0\u00bb.vc_custom_1571768105717{margin-bottom: 0px !important;}\u00a0\u00bb][vc_raw_html]JTNDZGl2JTIwY2xhc3MlM0QlMjJzbGFudGVkLWVsZW1lbnQlMjBsYXllcjMlMjIlM0UlMEElMjAlMjAlMjAlMjAlM0NzdmclMjB2ZXJzaW9uJTNEJTIyMS4yJTIyJTIwcHJlc2VydmVBc3BlY3RSYXRpbyUzRCUyMm5vbmUlMjIlMjB2aWV3Qm94JTNEJTIyMCUyMDAlMjA1NiUyMDU2JTIyJTNFJTBBJTIwJTIwJTIwJTIwJTIwJTIwJTNDcG9seWdvbiUyMGNsYXNzJTNEJTIyZmlsbC1jb2xvcjQlMjIlMjBwb2ludHMlM0QlMjIwJTJDNTYlMjA1NiUyQzAlMjA1NiUyQzU2JTIyJTNFJTNDJTJGcG9seWdvbiUzRSUwQSUyMCUyMCUyMCUyMCUzQyUyRnN2ZyUzRSUwQSUyMCUyMCUzQyUyRmRpdiUzRQ==[\/vc_raw_html][\/vc_column][\/vc_row][vc_row full_width=\u00a0\u00bbstretch_row\u00a0\u00bb css=\u00a0\u00bb.vc_custom_1601925385575{margin-top: -5px !important;padding-bottom: 40px !important;background-color: #f2f2f2 !important;}\u00a0\u00bb][vc_column][vc_row_inner][vc_column_inner][vc_column_text css=\u00a0\u00bb.vc_custom_1602248537838{padding-top: 40px !important;background-color: #f2f2f2 !important;}\u00a0\u00bb]\r\n<h3 style=\"text-align: left;\">Se lancer dans les m\u00e9dias sociaux<\/h3>\r\nLes m\u00e9dias sociaux peuvent prendre beaucoup de temps et n\u00e9cessitent de nombreuses comp\u00e9tences pour \u00eatre faits efficacement. Vous pouvez compter sur notre <a href=\"\/fr\/\"><u>agence de marketing num\u00e9rique \u00e0 Montr\u00e9al<\/u><\/a> pour vous aider \u00e0 \u00e9laborer une strat\u00e9gie de m\u00e9dias sociaux qui vous permettra de raconter votre histoire, de promouvoir vos produits ou services, d\u2019aider votre entreprise \u00e0 cro\u00eetre et d\u2019am\u00e9liorer votre cr\u00e9dibilit\u00e9 en ligne. Nous allons voir qui est votre march\u00e9 cible et recommander les meilleures plates-formes de m\u00e9dias sociaux pour vous aider \u00e0 atteindre votre client\u00e8le id\u00e9ale.[\/vc_column_text][\/vc_column_inner][\/vc_row_inner][vc_row_inner equal_height=\u00a0\u00bbyes\u00a0\u00bb content_placement=\u00a0\u00bbmiddle\u00a0\u00bb css=\u00a0\u00bb.vc_custom_1575570989508{margin-top: 20px !important;}\u00a0\u00bb][vc_column_inner css=\u00a0\u00bb.vc_custom_1571765728990{margin-top: 40px !important;margin-bottom: 0px !important;}\u00a0\u00bb][vc_column_text]\r\n<h3>Designers cr\u00e9atifs et sp\u00e9cialistes en cr\u00e9ation de contenu<\/h3>\r\nWSI Montr\u00e9al dispose d\u2019une \u00e9quipe de talentueux sp\u00e9cialistes du <a href=\"\/fr\/services-de-marketing-numerique\/marketing-de-contenu\/\"><u>marketing de contenu<\/u> <\/a>et graphistes bilingues qui \u00e9criront du contenu attrayant et informatif et l\u2019habilleront pour cr\u00e9er du graphisme impressionnant qui repr\u00e9sente le mieux votre marque, vos produits et vos services. Notre \u00e9quipe de marketing des m\u00e9dias sociaux \u00e0 Montr\u00e9al peut interagir avec votre public qui manifeste de l\u2019int\u00e9r\u00eat en publiant des commentaires, des avis ou en posant des questions \u00e0 propos de vos produits et services.[\/vc_column_text][\/vc_column_inner][\/vc_row_inner][\/vc_column][\/vc_row][vc_row full_width=\u00a0\u00bbstretch_row\u00a0\u00bb css=\u00a0\u00bb.vc_custom_1601992861255{margin-top: -5px !important;margin-bottom: 80px !important;background-color: #ffffff !important;}\u00a0\u00bb visibility=\u00a0\u00bbvisible-desktop\u00a0\u00bb][vc_column css=\u00a0\u00bb.vc_custom_1601924550222{margin-top: 0px !important;}\u00a0\u00bb][vc_row_inner][vc_column_inner width=\u00a0\u00bb1\/2&Prime;][vc_single_image image=\u00a0\u00bb8295&Prime;][\/vc_column_inner][vc_column_inner width=\u00a0\u00bb1\/2&Prime; css=\u00a0\u00bb.vc_custom_1575570967212{padding-left: 75px !important;}\u00a0\u00bb][vc_column_text css=\u00a0\u00bb.vc_custom_1602248565982{padding-top: 40px !important;}\u00a0\u00bb]\r\n<h3 style=\"text-align: left;\">Publicit\u00e9 sur les m\u00e9dias sociaux<\/h3>\r\nVoulez-vous atteindre un march\u00e9 cible sp\u00e9cifique\u2009? Nous travaillerons avec vous afin d\u2019identifier et d\u2019atteindre votre march\u00e9 cible, que ce soit bas\u00e9 sur l\u2019\u00e2ge, le sexe, la r\u00e9gion, les int\u00e9r\u00eats et la profession, etc., et cr\u00e9era des messages de marketing sp\u00e9cifiques ou des promotions pour ces prospects id\u00e9aux. Selon l\u2019endroit dans le parcours d\u2019achat o\u00f9 se trouvent ces clients, nous vous aiderons \u00e0 cr\u00e9er le type de contenu qu\u2019ils cherchent afin de les avancer le long du processus d\u2019achat.[\/vc_column_text][\/vc_column_inner][\/vc_row_inner][vc_row_inner equal_height=\u00a0\u00bbyes\u00a0\u00bb content_placement=\u00a0\u00bbmiddle\u00a0\u00bb css=\u00a0\u00bb.vc_custom_1575570989508{margin-top: 20px !important;}\u00a0\u00bb][vc_column_inner width=\u00a0\u00bb1\/2&Prime; css=\u00a0\u00bb.vc_custom_1571765728990{margin-top: 40px !important;margin-bottom: 0px !important;}\u00a0\u00bb][vc_column_text]\r\n<h3>Gestion de la r\u00e9putation<\/h3>\r\nLa gestion de la r\u00e9putation en ligne est essentielle pour que les entreprises conservent une identit\u00e9 de marque positive aux yeux de clients potentiels. Plus vous avez de recommandations et d\u2019avis, et plus les cotes sont \u00e9lev\u00e9es, mieux les gens per\u00e7oivent votre marque et Google utilise ses facteurs cl\u00e9 pour classer votre fiche locale Google My Business par rapport \u00e0 votre concurrence. Avoir de meilleurs commentaires d\u00e9termine \u00e9galement si quelqu\u2019un d\u00e9croche le t\u00e9l\u00e9phone pour appeler votre entreprise, par rapport \u00e0 votre concurrent.\r\n\r\n<strong>WSI vous aidera \u00e0 communiquer de fa\u00e7on proactive avec vos clients pour vous aider \u00e0 obtenir des avis en ligne pour votre entreprise ou notre \u00e9quipe peut le faire en votre nom.<\/strong>[\/vc_column_text][\/vc_column_inner][vc_column_inner width=\u00a0\u00bb1\/2&Prime; css=\u00a0\u00bb.vc_custom_1575571099044{margin-top: 40px !important;margin-bottom: 0px !important;}\u00a0\u00bb][vc_single_image image=\u00a0\u00bb8297&Prime; alignment=\u00a0\u00bbright\u00a0\u00bb][\/vc_column_inner][\/vc_row_inner][\/vc_column][\/vc_row][vc_row full_width=\u00a0\u00bbstretch_row\u00a0\u00bb css=\u00a0\u00bb.vc_custom_1601991665230{margin-top: -5px !important;margin-bottom: 40px !important;background-color: #ffffff !important;}\u00a0\u00bb visibility=\u00a0\u00bbhidden-desktop\u00a0\u00bb][vc_column css=\u00a0\u00bb.vc_custom_1601924550222{margin-top: 0px !important;}\u00a0\u00bb][vc_row_inner][vc_column_inner][vc_single_image image=\u00a0\u00bb8295&Prime;][vc_column_text css=\u00a0\u00bb.vc_custom_1602248593452{padding-top: 40px !important;}\u00a0\u00bb]\r\n<h3 style=\"text-align: left;\">Publicit\u00e9 sur les m\u00e9dias sociaux<\/h3>\r\nVoulez-vous atteindre un march\u00e9 cible sp\u00e9cifique\u2009? Nous travaillerons avec vous afin d\u2019identifier et d\u2019atteindre votre march\u00e9 cible, que ce soit bas\u00e9 sur l\u2019\u00e2ge, le sexe, la r\u00e9gion, les int\u00e9r\u00eats et la profession, etc., et cr\u00e9era des messages de marketing sp\u00e9cifiques ou des promotions pour ces prospects id\u00e9aux. Selon l\u2019endroit dans le parcours d\u2019achat o\u00f9 se trouvent ces clients, nous vous aiderons \u00e0 cr\u00e9er le type de contenu qu\u2019ils cherchent afin de les avancer le long du processus d\u2019achat.[\/vc_column_text][\/vc_column_inner][\/vc_row_inner][vc_row_inner equal_height=\u00a0\u00bbyes\u00a0\u00bb content_placement=\u00a0\u00bbmiddle\u00a0\u00bb css=\u00a0\u00bb.vc_custom_1575570989508{margin-top: 20px !important;}\u00a0\u00bb][vc_column_inner css=\u00a0\u00bb.vc_custom_1571765728990{margin-top: 40px !important;margin-bottom: 0px !important;}\u00a0\u00bb][vc_single_image image=\u00a0\u00bb8297&Prime;][vc_column_text]\r\n<h3>Gestion de la r\u00e9putation<\/h3>\r\nLa gestion de la r\u00e9putation en ligne est essentielle pour que les entreprises conservent une identit\u00e9 de marque positive aux yeux de clients potentiels. Plus vous avez de recommandations et d\u2019avis, et plus les cotes sont \u00e9lev\u00e9es, mieux les gens per\u00e7oivent votre marque et Google utilise ses facteurs cl\u00e9 pour classer votre fiche locale Google My Business par rapport \u00e0 votre concurrence. Avoir de meilleurs commentaires d\u00e9termine \u00e9galement si quelqu\u2019un d\u00e9croche le t\u00e9l\u00e9phone pour appeler votre entreprise, par rapport \u00e0 votre concurrent.\r\n\r\n<strong>WSI vous aidera \u00e0 communiquer de fa\u00e7on proactive avec vos clients pour vous aider \u00e0 obtenir des avis en ligne pour votre entreprise.<\/strong>[\/vc_column_text][\/vc_column_inner][\/vc_row_inner][\/vc_column][\/vc_row][vc_row full_width=\u00a0\u00bbstretch_row_content\u00a0\u00bb visibility=\u00a0\u00bbvisible-desktop\u00a0\u00bb][vc_column css=\u00a0\u00bb.vc_custom_1571768105717{margin-bottom: 0px !important;}\u00a0\u00bb][vc_raw_html]JTNDZGl2JTIwY2xhc3MlM0QlMjJzbGFudGVkLWVsZW1lbnQlMjBsYXllcjMlMjIlM0UlMEElMjAlMjAlMjAlMjAlM0NzdmclMjB2ZXJzaW9uJTNEJTIyMS4yJTIyJTIwcHJlc2VydmVBc3BlY3RSYXRpbyUzRCUyMm5vbmUlMjIlMjB2aWV3Qm94JTNEJTIyMCUyMDAlMjA1NiUyMDU2JTIyJTNFJTBBJTIwJTIwJTIwJTIwJTIwJTIwJTNDcG9seWdvbiUyMGNsYXNzJTNEJTIyZmlsbC1jb2xvcjEwJTIyJTIwcG9pbnRzJTNEJTIyMCUyQzU2JTIwNTYlMkMwJTIwNTYlMkM1NiUyMiUzRSUzQyUyRnBvbHlnb24lM0UlMEElMjAlMjAlMjAlMjAlM0MlMkZzdmclM0UlMEElMjAlMjAlM0MlMkZkaXYlM0U=[\/vc_raw_html][\/vc_column][\/vc_row][vc_row full_width=\u00a0\u00bbstretch_row\u00a0\u00bb css=\u00a0\u00bb.vc_custom_1601919928635{margin-top: -5px !important;background-color: #052148 !important;}\u00a0\u00bb][vc_column][vc_column_text color=\u00a0\u00bb#ffffff\u00a0\u00bb css=\u00a0\u00bb.vc_custom_1602248618611{margin-bottom: 40px !important;}\u00a0\u00bb el_class=\u00a0\u00bbmobiletop40&Prime;]\r\n<h3 style=\"text-align: center;\">Nos services de m\u00e9dias sociaux comprennent<\/h3>\r\n[\/vc_column_text][vc_row_inner][vc_column_inner width=\u00a0\u00bb1\/2&Prime;]<div class=\"vcex-image vcex-module vcex-clr textcenter\"><span class=\"vcex-image-inner vc_custom_1601922091682\"><img decoding=\"async\" src=\"https:\/\/wsisme.com\/wp-content\/uploads\/2020\/10\/WSISME-social-media-page-ICON-1.png\" alt=\"WSISME - Social Media Page - ICON 1\" width=\"75\" height=\"76\" data-no-retina title=\"\"><\/span><\/div>[vc_column_text color=\u00a0\u00bb#ffffff\u00a0\u00bb css=\u00a0\u00bb.vc_custom_1602244446424{padding-right: 40px !important;padding-left: 40px !important;}\u00a0\u00bb]D\u00e9couverte de votre profil client id\u00e9al, ce qui nous permettra de mieux \u00e9valuer quelle plate-forme de m\u00e9dias sociaux serait la mieux adapt\u00e9e pour cibler votre client id\u00e9al. Le marketing des m\u00e9dias sociaux prend beaucoup de temps\u2009; ne perdez pas votre temps sur le mauvais march\u00e9 cible\u2009![\/vc_column_text][\/vc_column_inner][vc_column_inner width=\u00a0\u00bb1\/2&Prime;]<div class=\"vcex-image vcex-module vcex-clr textcenter\"><span class=\"vcex-image-inner vc_custom_1601922207260\"><img decoding=\"async\" src=\"https:\/\/wsisme.com\/wp-content\/uploads\/2020\/10\/WSISME-social-media-page-ICON-2.png\" alt=\"WSISME - Social Media Page - ICON 2\" width=\"75\" height=\"76\" data-no-retina title=\"\"><\/span><\/div>[vc_column_text color=\u00a0\u00bb#ffffff\u00a0\u00bb css=\u00a0\u00bb.vc_custom_1602244466785{padding-right: 40px !important;padding-left: 40px !important;}\u00a0\u00bb]Cr\u00e9ation de profils de marque avec un contenu optimis\u00e9 qui repr\u00e9sente le mieux qui vous \u00eates, ce que vous avez \u00e0 offrir, ce que vous mettez en valeur, et comment vous aidez vos clients.[\/vc_column_text][\/vc_column_inner][\/vc_row_inner][vc_row_inner][vc_column_inner width=\u00a0\u00bb1\/2&Prime;]<div class=\"vcex-image vcex-module vcex-clr textcenter\"><span class=\"vcex-image-inner vc_custom_1601922358280\"><img decoding=\"async\" src=\"https:\/\/wsisme.com\/wp-content\/uploads\/2020\/10\/WSISME-social-media-page-ICON-3.png\" alt=\"WSISME - Social Media Page - ICON 3\" width=\"75\" height=\"76\" data-no-retina title=\"\"><\/span><\/div>[vc_column_text color=\u00a0\u00bb#ffffff\u00a0\u00bb css=\u00a0\u00bb.vc_custom_1602244480108{padding-right: 40px !important;padding-left: 40px !important;}\u00a0\u00bb]Aider \u00e0 cr\u00e9er le graphisme et \u00e0 \u00e9crire du contenu attrayant qui vous aide \u00e0 atteindre de nouveaux prospects, \u00e0 attirer de nouvelles pistes et \u00e0 renforcer votre cr\u00e9dibilit\u00e9 en ligne avec des avis en ligne.[\/vc_column_text][\/vc_column_inner][vc_column_inner width=\u00a0\u00bb1\/2&Prime;]<div class=\"vcex-image vcex-module vcex-clr textcenter\"><span class=\"vcex-image-inner vc_custom_1601922392456\"><img decoding=\"async\" src=\"https:\/\/wsisme.com\/wp-content\/uploads\/2020\/10\/WSISME-social-media-page-ICON-4.png\" alt=\"WSISME - Social Media Page - ICON 4\" width=\"75\" height=\"76\" data-no-retina title=\"\"><\/span><\/div>[vc_column_text color=\u00a0\u00bb#ffffff\u00a0\u00bb css=\u00a0\u00bb.vc_custom_1602244493759{padding-right: 40px !important;padding-left: 40px !important;}\u00a0\u00bb]Mesurer et analyser les r\u00e9sultats des publications et des campagnes pour vous assurer que votre strat\u00e9gie continue d\u2019\u00e9voluer et de s\u2019am\u00e9liorer.[\/vc_column_text][\/vc_column_inner][\/vc_row_inner][\/vc_column][\/vc_row][vc_row full_width=\u00a0\u00bbstretch_row\u00a0\u00bb css=\u00a0\u00bb.vc_custom_1601924049473{margin-top: 40px !important;padding-top: 30px !important;}\u00a0\u00bb el_id=\u00a0\u00bbcta\u00a0\u00bb][vc_column]<h2 class=\"vcex-module vcex-heading vcex-heading-plain\" style=\"color:#005485;text-align:center;\"><span class=\"vcex-heading-inner clr\">Pourquoi investir dans le marketing des m\u00e9dias sociaux est une sage d\u00e9cision d\u2019affaires<\/span><\/h2>[vc_row_inner css=\u00a0\u00bb.vc_custom_1577957915017{margin-top: 30px !important;}\u00a0\u00bb][vc_column_inner width=\u00a0\u00bb5\/12&Prime;]<div class=\"vcex-module vcex-bullets custom-icon\">\r\n<ul>\r\n \t<li><div class=\"vcex-bullets-ci-wrap\"><span class=\"vcex-icon-wrap\"><span class=\"vcex-icon ticon ticon-check\" style=\"color:#052148\" aria-hidden=\"true\"><\/span><\/span><div class=\"vcex-content\">Augmentation la notori\u00e9t\u00e9 de votre marque<\/div><\/div><\/li>\r\n \t<li><div class=\"vcex-bullets-ci-wrap\"><span class=\"vcex-icon-wrap\"><span class=\"vcex-icon ticon ticon-check\" style=\"color:#052148\" aria-hidden=\"true\"><\/span><\/span><div class=\"vcex-content\">Faire preuve de votre expertise<\/div><\/div><\/li>\r\n \t<li><div class=\"vcex-bullets-ci-wrap\"><span class=\"vcex-icon-wrap\"><span class=\"vcex-icon ticon ticon-check\" style=\"color:#052148\" aria-hidden=\"true\"><\/span><\/span><div class=\"vcex-content\">Augmenter les visites de sites Web<\/div><\/div><\/li>\r\n \t<li><div class=\"vcex-bullets-ci-wrap\"><span class=\"vcex-icon-wrap\"><span class=\"vcex-icon ticon ticon-check\" style=\"color:#052148\" aria-hidden=\"true\"><\/span><\/span><div class=\"vcex-content\">Augmenter les prospects et stimuler les ventes<\/div><\/div><\/li>\r\n<\/ul>\r\n<\/div>[\/vc_column_inner][vc_column_inner width=\u00a0\u00bb7\/12&Prime;]<div class=\"vcex-module vcex-bullets custom-icon\">\r\n<ul>\r\n \t<li><div class=\"vcex-bullets-ci-wrap\"><span class=\"vcex-icon-wrap\"><span class=\"vcex-icon ticon ticon-check\" style=\"color:#052148\" aria-hidden=\"true\"><\/span><\/span><div class=\"vcex-content\">Partager du contenu g\u00e9n\u00e9r\u00e9 par l\u2019utilisateur<\/div><\/div><\/li>\r\n \t<li><div class=\"vcex-bullets-ci-wrap\"><span class=\"vcex-icon-wrap\"><span class=\"vcex-icon ticon ticon-check\" style=\"color:#052148\" aria-hidden=\"true\"><\/span><\/span><div class=\"vcex-content\">Partager du contenu de marketing et amplifier votre message<\/div><\/div><\/li>\r\n \t<li><div class=\"vcex-bullets-ci-wrap\"><span class=\"vcex-icon-wrap\"><span class=\"vcex-icon ticon ticon-check\" style=\"color:#052148\" aria-hidden=\"true\"><\/span><\/span><div class=\"vcex-content\">Gestion de la r\u00e9putation<\/div><\/div><\/li>\r\n \t<li><div class=\"vcex-bullets-ci-wrap\"><span class=\"vcex-icon-wrap\"><span class=\"vcex-icon ticon ticon-check\" style=\"color:#052148\" aria-hidden=\"true\"><\/span><\/span><div class=\"vcex-content\">Rester \u00e0 l\u2019esprit<\/div><\/div><\/li>\r\n \t<li><div class=\"vcex-bullets-ci-wrap\"><span class=\"vcex-icon-wrap\"><span class=\"vcex-icon ticon ticon-check\" style=\"color:#052148\" aria-hidden=\"true\"><\/span><\/span><div class=\"vcex-content\">Fournir un forum pour le service \u00e0 la client\u00e8le et le soutien<\/div><\/div><\/li>\r\n<\/ul>\r\n<\/div>[\/vc_column_inner][\/vc_row_inner][\/vc_column][\/vc_row][vc_row full_width=\u00a0\u00bbstretch_row\u00a0\u00bb css=\u00a0\u00bb.vc_custom_1566573583282{padding-top: 30px !important;background-color: #052148 !important;}\u00a0\u00bb][vc_column][vc_column_text text_align=\u00a0\u00bbcenter\u00a0\u00bb color=\u00a0\u00bb#ffffff\u00a0\u00bb]\r\n\r\nAugmentez la notori\u00e9t\u00e9 de votre marque, connectez et interagissez avec votre public cible et amplifiez votre message avec les services de marketing de m\u00e9dias sociaux \u00e0 Montr\u00e9al fournis par les experts en marketing de WSI Digital Marketing \u00e0 Montr\u00e9al.\r\n\r\nAppelez-nous d\u00e8s aujourd\u2019hui au <a class=\"numberclick\" href=\"tel:(514) 693-9339\">(514) 693-9339<\/a> pour plus d\u2019informations.\r\n\r\n[\/vc_column_text][\/vc_column][\/vc_row]<\/div>","protected":false},"excerpt":{"rendered":"[vc_row full_width=\u00a0\u00bbstretch_row\u00a0\u00bb content_placement=\u00a0\u00bbmiddle\u00a0\u00bb css=\u00a0\u00bb.vc_custom_1635353866729{margin-bottom: 40px !important;}\u00a0\u00bb][vc_column css=\u00a0\u00bb.vc_custom_1577993038687{margin-bottom: 0px !important;}\u00a0\u00bb][vc_column_text] Marketing de m\u00e9dias sociaux pour entreprises \u00e0 Montr\u00e9al [\/vc_column_text][\/vc_column][\/vc_row][vc_row full_width=\u00a0\u00bbstretch_row\u00a0\u00bb content_placement=\u00a0\u00bbmiddle\u00a0\u00bb css=\u00a0\u00bb.vc_custom_1601991515702{margin-bottom: 60px !important;}\u00a0\u00bb visibility=\u00a0\u00bbvisible-desktop-large\u00a0\u00bb][vc_column width=\u00a0\u00bb1\/2&Prime;][vc_column_text]Avoir une forte empreinte num\u00e9rique sur de nombreuses plates-formes en ligne est crucial pour soutenir la&hellip;","protected":false},"author":2,"featured_media":0,"parent":8046,"menu_order":15,"comment_status":"closed","ping_status":"closed","template":"","meta":{"_acf_changed":false,"footnotes":""},"class_list":["post-8030","page","type-page","status-publish","hentry","entry","no-media"],"acf":[],"_links":{"self":[{"href":"https:\/\/wsisme.com\/fr\/wp-json\/wp\/v2\/pages\/8030","targetHints":{"allow":["GET"]}}],"collection":[{"href":"https:\/\/wsisme.com\/fr\/wp-json\/wp\/v2\/pages"}],"about":[{"href":"https:\/\/wsisme.com\/fr\/wp-json\/wp\/v2\/types\/page"}],"author":[{"embeddable":true,"href":"https:\/\/wsisme.com\/fr\/wp-json\/wp\/v2\/users\/2"}],"replies":[{"embeddable":true,"href":"https:\/\/wsisme.com\/fr\/wp-json\/wp\/v2\/comments?post=8030"}],"version-history":[{"count":1,"href":"https:\/\/wsisme.com\/fr\/wp-json\/wp\/v2\/pages\/8030\/revisions"}],"predecessor-version":[{"id":8692,"href":"https:\/\/wsisme.com\/fr\/wp-json\/wp\/v2\/pages\/8030\/revisions\/8692"}],"up":[{"embeddable":true,"href":"https:\/\/wsisme.com\/fr\/wp-json\/wp\/v2\/pages\/8046"}],"wp:attachment":[{"href":"https:\/\/wsisme.com\/fr\/wp-json\/wp\/v2\/media?parent=8030"}],"curies":[{"name":"wp","href":"https:\/\/api.w.org\/{rel}","templated":true}]}}