{"id":8031,"date":"2020-02-07T18:08:27","date_gmt":"2020-02-07T18:08:27","guid":{"rendered":"http:\/\/wsisme.com\/?page_id=8031"},"modified":"2021-11-16T20:00:27","modified_gmt":"2021-11-16T20:00:27","slug":"marketing-de-contenu","status":"publish","type":"page","link":"https:\/\/wsisme.com\/fr\/services-de-marketing-numerique\/marketing-de-contenu\/","title":{"rendered":"Marketing de contenu"},"content":{"rendered":"<div class=\"wpb-content-wrapper\">[vc_row][vc_column][vc_column_text]\r\n<h1 style=\"text-align: center;\">Marketing de contenu \u00e0 Montr\u00e9al<\/h1>\r\n[\/vc_column_text][\/vc_column][\/vc_row][vc_row css=\u00a0\u00bb.vc_custom_1603828166166{margin-bottom: 0px !important;}\u00a0\u00bb][vc_column width=\u00a0\u00bb1\/2&Prime; css=\u00a0\u00bb.vc_custom_1560800064203{margin-bottom: 0px !important;}\u00a0\u00bb][vc_column_text el_class=\u00a0\u00bbtablettoponly\u00a0\u00bb]On dit que le contenu est roi et pour une bonne raison. Une des choses les plus importantes que Google et vos visiteurs aiment sur votre site Web est du contenu facile \u00e0 lire, unique et engageant. Cependant, trouver des r\u00e9dacteurs ou avoir un membre de l\u2019\u00e9quipe qui peut cr\u00e9er du contenu g\u00e9nial en temps opportun qui est \u00e9galement enti\u00e8rement optimis\u00e9 pour le SEO peut \u00eatre un d\u00e9fi.[\/vc_column_text][\/vc_column][vc_column width=\u00a0\u00bb1\/2&Prime; css=\u00a0\u00bb.vc_custom_1560800068379{margin-bottom: 0px !important;}\u00a0\u00bb][vc_single_image image=\u00a0\u00bb8310&Prime; alignment=\u00a0\u00bbright\u00a0\u00bb][\/vc_column][\/vc_row][vc_row full_width=\u00a0\u00bbstretch_row_content\u00a0\u00bb css=\u00a0\u00bb.vc_custom_1603798722207{margin-top: -100px !important;}\u00a0\u00bb el_class=\u00a0\u00bbz-index-minus\u00a0\u00bb visibility=\u00a0\u00bbhidden-phone\u00a0\u00bb][vc_column][vc_raw_html]JTNDZGl2JTIwY2xhc3MlM0QlMjJzbGFudGVkLWVsZW1lbnQlMjBsYXllcjMlMjIlM0UlMEElMjAlMjAlMjAlMjAlM0NzdmclMjB2ZXJzaW9uJTNEJTIyMS4yJTIyJTIwcHJlc2VydmVBc3BlY3RSYXRpbyUzRCUyMm5vbmUlMjIlMjB2aWV3Qm94JTNEJTIyMCUyMDAlMjA1NiUyMDU2JTIyJTNFJTBBJTIwJTIwJTIwJTIwJTIwJTIwJTNDcG9seWdvbiUyMGNsYXNzJTNEJTIyZmlsbC1jb2xvcjQlMjIlMjBwb2ludHMlM0QlMjIwJTJDNTYlMjA1NiUyQzAlMjA1NiUyQzU2JTIyJTNFJTNDJTJGcG9seWdvbiUzRSUwQSUyMCUyMCUyMCUyMCUzQyUyRnN2ZyUzRSUwQSUyMCUyMCUzQyUyRmRpdiUzRQ==[\/vc_raw_html][\/vc_column][\/vc_row][vc_row full_width=\u00a0\u00bbstretch_row\u00a0\u00bb css=\u00a0\u00bb.vc_custom_1603829957200{margin-top: -40px !important;background-color: #f2f2f2 !important;}\u00a0\u00bb visibility=\u00a0\u00bbhidden-phone\u00a0\u00bb][vc_column][vc_row_inner][vc_column_inner][vc_column_text css=\u00a0\u00bb.vc_custom_1603890556716{background-color: #f2f2f2 !important;}\u00a0\u00bb]\r\n<h2 style=\"text-align: left;\">On s\u2019occupe de vos besoins\r\nde r\u00e9daction<\/h2>\r\n<p style=\"text-align: left;\">En tant qu\u2019<a href=\"\/fr\/\">agence de marketing num\u00e9rique \u00e0 Montr\u00e9al<\/a>, nos r\u00e9dacteurs ont les comp\u00e9tences et la cr\u00e9ativit\u00e9 n\u00e9cessaires pour faire d\u00e9marquer votre site Web, avec les connaissances n\u00e9cessaires pour s\u2019assurer qu\u2019il se classe bien dans les r\u00e9sultats des moteurs de recherche, vous apportant plus de visiteurs et augmentant le nombre de prospects de vente \u00e0 partir de votre site Web. Notre \u00e9quipe de marketing de contenu \u00e0 Montr\u00e9al offre des services de r\u00e9daction pour le contenu de site Web, pour l\u2019\u00e9criture de contenu pour blog et pour la r\u00e9daction de SEO.<\/p>\r\n[\/vc_column_text][\/vc_column_inner][\/vc_row_inner][\/vc_column][\/vc_row][vc_row full_width=\u00a0\u00bbstretch_row\u00a0\u00bb css=\u00a0\u00bb.vc_custom_1603829965210{background-color: #f2f2f2 !important;}\u00a0\u00bb visibility=\u00a0\u00bbvisible-phone\u00a0\u00bb][vc_column][vc_row_inner][vc_column_inner][vc_column_text css=\u00a0\u00bb.vc_custom_1603890562464{padding-top: 40px !important;background-color: #f2f2f2 !important;}\u00a0\u00bb]\r\n<h2 style=\"text-align: left;\">On s\u2019occupe de vos besoins\r\nde r\u00e9daction<\/h2>\r\n<p style=\"text-align: left;\"><span style=\"font-weight: 400;\">En tant qu\u2019<a href=\"\/fr\/\">agence de marketing num\u00e9rique \u00e0 Montr\u00e9al<\/a>, nos r\u00e9dacteurs ont les comp\u00e9tences et la cr\u00e9ativit\u00e9 n\u00e9cessaires pour faire d\u00e9marquer votre site Web, avec les connaissances n\u00e9cessaires pour s\u2019assurer qu\u2019il se classe bien dans les r\u00e9sultats des moteurs de recherche, vous apportant plus de visiteurs et augmentant le nombre de prospects de vente \u00e0 partir de votre site Web. Notre \u00e9quipe de marketing de contenu \u00e0 Montr\u00e9al offre des services de r\u00e9daction pour le contenu de site Web, pour l\u2019\u00e9criture de contenu pour blog et pour la r\u00e9daction de SEO.<\/span><\/p>\r\n[\/vc_column_text][\/vc_column_inner][\/vc_row_inner][\/vc_column][\/vc_row][vc_row content_placement=\u00a0\u00bbmiddle\u00a0\u00bb css=\u00a0\u00bb.vc_custom_1603829040917{margin-bottom: 40px !important;padding-top: 60px !important;}\u00a0\u00bb visibility=\u00a0\u00bbvisible-desktop\u00a0\u00bb][vc_column width=\u00a0\u00bb1\/2&Prime;][vc_single_image image=\u00a0\u00bb8312&Prime;][\/vc_column][vc_column width=\u00a0\u00bb1\/2&Prime;][vc_column_text]\r\n<h3 style=\"text-align: left;\">Cr\u00e9er du contenu qui s\u2019adresse aux\r\nbonnes personnes au bon moment<\/h3>\r\nNous savons que les prospects recherchent diff\u00e9rents types de contenu en fonction de l\u2019\u00e9tape du parcours d\u2019achat dans lequel ils se trouvent. Qu\u2019il s\u2019agisse de contenu d\u2019information sur un site Web, d\u2019une \u00e9tude de cas ou de livres \u00e9lectroniques pour les visiteurs qui recherchent des d\u00e9tails de produits plus approfondis ou des publications de blog sur les plus r\u00e9centes innovations, nous pouvons vous aider \u00e0 cr\u00e9er la copie et les actifs num\u00e9riques pour guider vos prospects \u00e0 travers leur parcours, de la consid\u00e9ration de votre service \u00e0 devenir un client.[\/vc_column_text][\/vc_column][\/vc_row][vc_row content_placement=\u00a0\u00bbmiddle\u00a0\u00bb css=\u00a0\u00bb.vc_custom_1603829049246{margin-bottom: 40px !important;padding-top: 60px !important;}\u00a0\u00bb visibility=\u00a0\u00bbhidden-desktop\u00a0\u00bb][vc_column][vc_column_text css=\u00a0\u00bb.vc_custom_1603831102104{margin-bottom: 20px !important;}\u00a0\u00bb]\r\n<h3 style=\"text-align: left;\">Cr\u00e9er du contenu qui s\u2019adresse aux bonnes personnes au bon moment<\/h3>\r\n[\/vc_column_text][vc_row_inner][vc_column_inner width=\u00a0\u00bb1\/2&Prime;][vc_single_image image=\u00a0\u00bb8312&Prime;][\/vc_column_inner][vc_column_inner width=\u00a0\u00bb1\/2&Prime;][vc_column_text]Nous savons que les prospects recherchent diff\u00e9rents types de contenu en fonction de l\u2019\u00e9tape du parcours d\u2019achat dans lequel ils se trouvent. Qu\u2019il s\u2019agisse de contenu d\u2019information sur un site Web, d\u2019une \u00e9tude de cas ou de livres \u00e9lectroniques pour les visiteurs qui recherchent des d\u00e9tails de produits plus approfondis ou des publications de blog sur les plus r\u00e9centes innovations, nous pouvons vous aider \u00e0 cr\u00e9er la copie et les actifs num\u00e9riques pour guider vos prospects \u00e0 travers leur parcours, de la consid\u00e9ration de votre service \u00e0 devenir un client.[\/vc_column_text][\/vc_column_inner][\/vc_row_inner][\/vc_column][\/vc_row][vc_row visibility=\u00a0\u00bbvisible-desktop\u00a0\u00bb][vc_column][vc_column_text css=\u00a0\u00bb.vc_custom_1603831130329{margin-bottom: 40px !important;}\u00a0\u00bb]\r\n<h3 style=\"text-align: center;\">Nous pouvons \u00e9crire n\u2019importe quel type de copie<\/h3>\r\n[\/vc_column_text][vc_row_inner][vc_column_inner width=\u00a0\u00bb2\/12&Prime;][\/vc_column_inner][vc_column_inner width=\u00a0\u00bb4\/12&Prime;]<div class=\"vcex-module vcex-bullets vcex-bullets-check\">\r\n<ul>\r\n \t<li>R\u00e9daction de site Web<\/li>\r\n \t<li>R\u00e9daction de blog<\/li>\r\n \t<li>Infographie<\/li>\r\n \t<li>Livres \u00e9lectroniques<\/li>\r\n<\/ul>\r\n<\/div>[\/vc_column_inner][vc_column_inner width=\u00a0\u00bb4\/12&Prime; css=\u00a0\u00bb.vc_custom_1603799040152{padding-left: 50px !important;}\u00a0\u00bb]<div class=\"vcex-module vcex-bullets vcex-bullets-check\">\r\n<ul>\r\n \t<li>Contenu optimis\u00e9 pour le SEO<\/li>\r\n \t<li>Textes de marketing par courriel<\/li>\r\n \t<li>Feuilles de produits<\/li>\r\n \t<li>Publications sur m\u00e9dias sociaux<\/li>\r\n<\/ul>\r\n<\/div>[\/vc_column_inner][vc_column_inner width=\u00a0\u00bb2\/12&Prime;][\/vc_column_inner][\/vc_row_inner][\/vc_column][\/vc_row][vc_row visibility=\u00a0\u00bbvisible-tablet\u00a0\u00bb][vc_column][vc_column_text css=\u00a0\u00bb.vc_custom_1603831137073{margin-bottom: 40px !important;}\u00a0\u00bb]\r\n<h3 style=\"text-align: center;\">Nous pouvons \u00e9crire n\u2019importe quel type de copie<\/h3>\r\n[\/vc_column_text][vc_row_inner][vc_column_inner width=\u00a0\u00bb1\/2&Prime;]<div class=\"vcex-module vcex-bullets vcex-bullets-check\">\r\n<ul>\r\n \t<li style=\"font-weight: 400\"><span style=\"font-weight: 400\">Website copywriting<\/span><\/li>\r\n \t<li style=\"font-weight: 400\"><span style=\"font-weight: 400\">Blog writing<\/span><\/li>\r\n \t<li style=\"font-weight: 400\"><span style=\"font-weight: 400\">Infographics<\/span><\/li>\r\n \t<li style=\"font-weight: 400\"><span style=\"font-weight: 400\">E-books<\/span><\/li>\r\n<\/ul>\r\n<\/div>[\/vc_column_inner][vc_column_inner width=\u00a0\u00bb1\/2&Prime;]<div class=\"vcex-module vcex-bullets vcex-bullets-check\">\r\n<ul>\r\n \t<li>Contenu optimis\u00e9 pour le SEO<\/li>\r\n \t<li>Textes de marketing par courriel<\/li>\r\n \t<li>Feuilles de produits<\/li>\r\n \t<li>Publications sur m\u00e9dias sociaux<\/li>\r\n<\/ul>\r\n<\/div>[\/vc_column_inner][\/vc_row_inner][\/vc_column][\/vc_row][vc_row visibility=\u00a0\u00bbvisible-phone\u00a0\u00bb css=\u00a0\u00bb.vc_custom_1603830136841{margin-top: -60px !important;}\u00a0\u00bb][vc_column][vc_column_text css=\u00a0\u00bb.vc_custom_1603831177712{margin-bottom: 40px !important;}\u00a0\u00bb]\r\n<h3 style=\"text-align: center;\">Nous pouvons \u00e9crire n\u2019importe quel type de copie<\/h3>\r\n[\/vc_column_text][vc_row_inner][vc_column_inner]<div class=\"vcex-module vcex-bullets vcex-bullets-check\">\r\n<ul>\r\n \t<li>R\u00e9daction de site Web<\/li>\r\n \t<li>R\u00e9daction de blog<\/li>\r\n \t<li>Infographie<\/li>\r\n \t<li>Livres \u00e9lectroniques<\/li>\r\n<\/ul>\r\n<\/div><div class=\"vcex-module vcex-bullets vcex-bullets-check\">\r\n<ul>\r\n \t<li>Contenu optimis\u00e9 pour le SEO<\/li>\r\n \t<li>Textes de marketing par courriel<\/li>\r\n \t<li>Feuilles de produits<\/li>\r\n \t<li>Publications sur m\u00e9dias sociaux<\/li>\r\n<\/ul>\r\n<\/div>[\/vc_column_inner][\/vc_row_inner][\/vc_column][\/vc_row][vc_row content_placement=\u00a0\u00bbmiddle\u00a0\u00bb][vc_column width=\u00a0\u00bb1\/2&Prime;][vc_column_text]\r\n<h3>Marketing de contenu guid\u00e9 par les donn\u00e9es<\/h3>\r\nPour atteindre de nouveaux prospects, vous devez cr\u00e9er du contenude valeur r\u00e9guli\u00e8rement. Nos experts en SEO vous guideront dans la cr\u00e9ation d\u2019une strat\u00e9gie de contenu pour fournir le bon type de contenu bas\u00e9 sur les renseignements de recherche recueillis au d\u00e9but de tout mandat SEO et nos r\u00e9dacteurs s\u2019occupent d\u2019examiner et d\u2019affiner la copie pour vous, si n\u00e9cessaire. [\/vc_column_text][\/vc_column][vc_column width=\u00a0\u00bb1\/2&Prime;][vc_single_image image=\u00a0\u00bb8314&Prime;][\/vc_column][\/vc_row][vc_row full_width=\u00a0\u00bbstretch_row\u00a0\u00bb content_placement=\u00a0\u00bbmiddle\u00a0\u00bb css=\u00a0\u00bb.vc_custom_1603831836962{padding-top: 80px !important;padding-bottom: 100px !important;background-image: url(http:\/\/wsisme.com\/wp-content\/uploads\/2020\/10\/content-marketing-montreal-3.jpg?id=8315) !important;background-position: 0 0 !important;background-repeat: no-repeat !important;}\u00a0\u00bb visibility=\u00a0\u00bbvisible-desktop\u00a0\u00bb][vc_column width=\u00a0\u00bb1\/2&Prime;][vc_column_text color=\u00a0\u00bb#ffffff\u00a0\u00bb]\r\n<h3 style=\"color: #fff;\">R\u00e9daction de site Web<\/h3>\r\nNotre agence de marketing num\u00e9rique est en activit\u00e9 depuis plus de 20 ans et nous pouvons attester que le plus grand d\u00e9fi auquel sont confront\u00e9s les propri\u00e9taires d\u2019entreprise est de r\u00e9aliser la r\u00e9daction en temps opportun. On le sait\u2009; vous avez une entreprise \u00e0 g\u00e9rer et vous n\u2019\u00eates pas r\u00e9dacteurs\u2009! Nos r\u00e9dacteurs et traducteurs peuvent s\u2019occuper de cette partie importante de tout projet de d\u00e9veloppement Web et le tout en temps opportun.\r\n\r\nLaissez nos r\u00e9dacteurs et traducteurs s\u2019en occuper. Votre copie sera \u00e9crite dans quelques semaines au lieu de mois, ce qui nous permettra de lancer le nouveau site plus rapidement afin que vous puissiez commencer \u00e0 obtenir plus de pistes qualifi\u00e9es plus t\u00f4t ![\/vc_column_text][\/vc_column][vc_column width=\u00a0\u00bb1\/2&Prime;][vc_column_text color=\u00a0\u00bb#ffffff\u00a0\u00bb el_class=\u00a0\u00bbspecialfontpanel\u00a0\u00bb]\r\n<p style=\"text-align: right;\">En travaillant avec un r\u00e9dacteur,\r\nle contenu sera \u00e9crit plus rapidement, ce qui\r\nnous permettra de lancer le nouveau site plus\r\nt\u00f4t et aussi de commencer \u00e0 g\u00e9n\u00e9rer des\r\nprospects de vente plus t\u00f4t.<\/p>\r\n[\/vc_column_text][\/vc_column][\/vc_row][vc_row full_width=\u00a0\u00bbstretch_row\u00a0\u00bb content_placement=\u00a0\u00bbmiddle\u00a0\u00bb css=\u00a0\u00bb.vc_custom_1603831840386{margin-bottom: 40px !important;padding-top: 40px !important;padding-bottom: 40px !important;background-color: #052148 !important;background-position: 0 0 !important;background-repeat: no-repeat !important;}\u00a0\u00bb visibility=\u00a0\u00bbhidden-desktop\u00a0\u00bb el_class=\u00a0\u00bbh560 h750&Prime;][vc_column][vc_column_text color=\u00a0\u00bb#ffffff\u00a0\u00bb]\r\n<h3 style=\"color: #fff;\">R\u00e9daction de site Web<\/h3>\r\nNotre agence de marketing num\u00e9rique est en activit\u00e9 depuis plus de 20 ans et nous pouvons attester que le plus grand d\u00e9fi auquel sont confront\u00e9s les propri\u00e9taires d\u2019entreprise est de r\u00e9aliser la r\u00e9daction en temps opportun. On le sait\u2009; vous avez une entreprise \u00e0 g\u00e9rer et vous n\u2019\u00eates pas r\u00e9dacteurs\u2009! Nos r\u00e9dacteurs et traducteurs peuvent s\u2019occuper de cette partie importante de tout projet de d\u00e9veloppement Web et le tout en temps opportun.\r\n\r\nLaissez nos r\u00e9dacteurs et traducteurs s\u2019en occuper. Votre copie sera \u00e9crite dans quelques semaines au lieu de mois, ce qui nous permettra de lancer le nouveau site plus rapidement afin que vous puissiez commencer \u00e0 obtenir plus de pistes qualifi\u00e9es plus t\u00f4t ![\/vc_column_text][vc_column_text color=\u00a0\u00bb#ffffff\u00a0\u00bb css=\u00a0\u00bb.vc_custom_1603831722436{margin-top: 20px !important;}\u00a0\u00bb]<em><strong>En travaillant avec un r\u00e9dacteur, le contenu sera \u00e9crit plus rapidement, ce qui nous permettra de lancer le nouveau site plust\u00f4t et aussi de commencer \u00e0 g\u00e9n\u00e9rer des prospects de vente plus t\u00f4t.<\/strong><\/em>[\/vc_column_text][\/vc_column][\/vc_row][vc_row content_placement=\u00a0\u00bbmiddle\u00a0\u00bb][vc_column width=\u00a0\u00bb1\/2&Prime;][vc_column_text]\r\n<h3>R\u00e9daction SEO<\/h3>\r\nNotre agence <a href=\"http:\/\/wsisme.com\/fr\/services-de-marketing-numerique\/referencement-naturel-seo\/\">r\u00e9f\u00e9rencement naturel \u00e0 Montr\u00e9al<\/a> sait qu\u2019avoir un contenu unique, utile et pertinent qui est optimis\u00e9 pour les moteurs de recherche aidera \u00e0 am\u00e9liorer vos classements de recherche par rapport \u00e0 vos concurrents. Nos experts en r\u00e9f\u00e9rencement vous recommanderont les sujets et les mots cl\u00e9s que votre client id\u00e9al recherche, selon l\u2019information bas\u00e9e sur les donn\u00e9es.[\/vc_column_text][\/vc_column][vc_column width=\u00a0\u00bb1\/2&Prime;][vc_single_image image=\u00a0\u00bb8318&Prime;][\/vc_column][\/vc_row][vc_row full_width=\u00a0\u00bbstretch_row\u00a0\u00bb css=\u00a0\u00bb.vc_custom_1603740193256{margin-top: 0px !important;margin-bottom: 0px !important;padding-top: 50px !important;padding-bottom: 20px !important;background-color: #052148 !important;}\u00a0\u00bb][vc_column][vc_column_text color=\u00a0\u00bb#ffffff\u00a0\u00bb]\r\n<p style=\"text-align: center;\">Offerts dans le cadre de nos <a href=\"\/fr\/services-de-marketing-numerique\/\">services de marketing num\u00e9rique<\/a>, nos services de marketing de contenu \u00e0 Montr\u00e9al simplifieront la vie de votre \u00e9quipe, afin que vous puissiez vous concentrer sur ce que vous faites le mieux, la gestion de votre entreprise.<\/p>\r\n<p style=\"text-align: center;\">Appelez-nous d\u00e8s aujourd\u2019hui au <a class=\"telmobile\" href=\"tel:(514) 693-9339\">(514) 693-9339<\/a> pour plus d\u2019informations.<\/p>\r\n[\/vc_column_text][\/vc_column][\/vc_row]<\/div>","protected":false},"excerpt":{"rendered":"[vc_row][vc_column][vc_column_text] Marketing de contenu \u00e0 Montr\u00e9al [\/vc_column_text][\/vc_column][\/vc_row][vc_row css=\u00a0\u00bb.vc_custom_1603828166166{margin-bottom: 0px !important;}\u00a0\u00bb][vc_column width=\u00a0\u00bb1\/2&Prime; css=\u00a0\u00bb.vc_custom_1560800064203{margin-bottom: 0px !important;}\u00a0\u00bb][vc_column_text el_class=\u00a0\u00bbtablettoponly\u00a0\u00bb]On dit que le contenu est roi et pour une bonne raison. Une des choses les plus importantes que Google et vos visiteurs aiment sur votre&hellip;","protected":false},"author":2,"featured_media":0,"parent":8046,"menu_order":16,"comment_status":"closed","ping_status":"closed","template":"","meta":{"_acf_changed":false,"footnotes":""},"class_list":["post-8031","page","type-page","status-publish","hentry","entry","no-media"],"acf":[],"_links":{"self":[{"href":"https:\/\/wsisme.com\/fr\/wp-json\/wp\/v2\/pages\/8031","targetHints":{"allow":["GET"]}}],"collection":[{"href":"https:\/\/wsisme.com\/fr\/wp-json\/wp\/v2\/pages"}],"about":[{"href":"https:\/\/wsisme.com\/fr\/wp-json\/wp\/v2\/types\/page"}],"author":[{"embeddable":true,"href":"https:\/\/wsisme.com\/fr\/wp-json\/wp\/v2\/users\/2"}],"replies":[{"embeddable":true,"href":"https:\/\/wsisme.com\/fr\/wp-json\/wp\/v2\/comments?post=8031"}],"version-history":[{"count":0,"href":"https:\/\/wsisme.com\/fr\/wp-json\/wp\/v2\/pages\/8031\/revisions"}],"up":[{"embeddable":true,"href":"https:\/\/wsisme.com\/fr\/wp-json\/wp\/v2\/pages\/8046"}],"wp:attachment":[{"href":"https:\/\/wsisme.com\/fr\/wp-json\/wp\/v2\/media?parent=8031"}],"curies":[{"name":"wp","href":"https:\/\/api.w.org\/{rel}","templated":true}]}}