{"id":8034,"date":"2020-02-07T18:11:20","date_gmt":"2020-02-07T18:11:20","guid":{"rendered":"http:\/\/wsisme.com\/?page_id=8034"},"modified":"2021-11-16T20:02:07","modified_gmt":"2021-11-16T20:02:07","slug":"optimisation-des-pages-de-destination","status":"publish","type":"page","link":"https:\/\/wsisme.com\/fr\/services-de-marketing-numerique\/optimisation-des-pages-de-destination\/","title":{"rendered":"Optimisation de la page de renvoi"},"content":{"rendered":"<div class=\"wpb-content-wrapper\">[vc_row full_width=\u00a0\u00bbstretch_row\u00a0\u00bb content_placement=\u00a0\u00bbmiddle\u00a0\u00bb css=\u00a0\u00bb.vc_custom_1571768210025{margin-bottom: 40px !important;}\u00a0\u00bb][vc_column css=\u00a0\u00bb.vc_custom_1576875326799{margin-bottom: 0px !important;}\u00a0\u00bb][vc_column_text]\r\n<h1 style=\"text-align: center;\">Optimisation des pages d&rsquo;atterrissage<\/h1>\r\n[\/vc_column_text][\/vc_column][\/vc_row][vc_row full_width=\u00a0\u00bbstretch_row\u00a0\u00bb content_placement=\u00a0\u00bbmiddle\u00a0\u00bb][vc_column][vc_column_text]\r\n<p style=\"text-align: center;\">Votre site internet est un outil capable de convertir les visiteurs organiques en prospects qualifi\u00e9s. Nous\r\nvous aiderons \u00e0 d\u00e9velopper des pages d&rsquo;atterrissage d\u00e9di\u00e9es, convaincantes et qui engagent les lecteurs\r\n\u00e0 passer \u00e0 l&rsquo;action.<\/p>\r\n[\/vc_column_text][\/vc_column][\/vc_row][vc_row full_width=\u00a0\u00bbstretch_row\u00a0\u00bb content_placement=\u00a0\u00bbmiddle\u00a0\u00bb][vc_column][vc_column_text]\r\n<div id=\"hs_cos_wrapper_widget_1554986507176\" class=\"hs_cos_wrapper hs_cos_wrapper_widget hs_cos_wrapper_type_module\" data-hs-cos-general-type=\"widget\" data-hs-cos-type=\"module\">\r\n<div class=\"wsi-module wsi-divider-module\">\r\n<div class=\"wsi-site-wrapper\">\r\n<div class=\"wsi-divider black-divider\"><\/div>\r\n<\/div>\r\n<\/div>\r\n<\/div>\r\n[\/vc_column_text][\/vc_column][\/vc_row][vc_row full_width=\u00a0\u00bbstretch_row\u00a0\u00bb content_placement=\u00a0\u00bbmiddle\u00a0\u00bb css=\u00a0\u00bb.vc_custom_1571768210025{margin-bottom: 40px !important;}\u00a0\u00bb][vc_column width=\u00a0\u00bb1\/2&Prime;][vc_single_image image=\u00a0\u00bb7941&Prime; alignment=\u00a0\u00bbright\u00a0\u00bb][\/vc_column][vc_column width=\u00a0\u00bb1\/2&Prime;][vc_column_text]\r\n<h3 style=\"text-align: left; color: #016e31;\">Les temps de chargement sont importants<\/h3>\r\nPeu importe que votre page d&rsquo;atterrissage soit superbe si personne ne la lit. Si votre page d&rsquo;accueil ne se charge pas en quelques secondes, les visiteurs potentiels vont s&rsquo;impatienter et passer \u00e0 autre chose.[\/vc_column_text][\/vc_column][\/vc_row][vc_row full_width=\u00a0\u00bbstretch_row\u00a0\u00bb css=\u00a0\u00bb.vc_custom_1576874280257{margin-top: -5px !important;}\u00a0\u00bb][vc_column][vc_row_inner content_placement=\u00a0\u00bbmiddle\u00a0\u00bb][vc_column_inner width=\u00a0\u00bb1\/2&Prime;][vc_column_text]\r\n<h3 style=\"text-align: left; color: #016e31;\">Formulaires et DEC<\/h3>\r\nTout comme obtenir un num\u00e9ro de t\u00e9l\u00e9phone lorsque vous demandez \u00e0 quelqu&rsquo;un de sortir avec vous, Vous devez fournir des d&rsquo;informations de contact \u00e0 vos visiteurs si vous voulez qu\u2019une relation se cr\u00e9e avec votre entreprise. Les formulaires et les boutons d&rsquo;appel \u00e0 l&rsquo;action vous permettent de capturer cette adresse mail tant convoit\u00e9e &#8211; mais ne soyez pas trop indiscret au premier contact pour ne pas effrayer vos prospects ![\/vc_column_text][\/vc_column_inner][vc_column_inner width=\u00a0\u00bb1\/2&Prime;][vc_single_image image=\u00a0\u00bb7943&Prime;][\/vc_column_inner][\/vc_row_inner][\/vc_column][\/vc_row][vc_row content_placement=\u00a0\u00bbmiddle\u00a0\u00bb][vc_column width=\u00a0\u00bb1\/2&Prime;][vc_single_image image=\u00a0\u00bb7945&Prime;][\/vc_column][vc_column width=\u00a0\u00bb1\/2&Prime;][vc_column_text]\r\n<h3 style=\"color: #016e31;\">Testez pour voir ce qui fonctionne<\/h3>\r\nTester, mesurer et ajuster la conception de vos pages de destination, c\u2019est essentiel pour le succ\u00e8s de vos campagnes. Nous vous aiderons \u00e0 identifier ce qu&rsquo;il faut am\u00e9liorer, puis nous vous montrerons comment surveiller vos r\u00e9sultats.[\/vc_column_text][\/vc_column][\/vc_row][vc_row][vc_column][vc_raw_html]JTNDcCUyMHN0eWxlJTNEJTIydGV4dC1hbGlnbiUzQSUyMGNlbnRlciUzQiUyMiUzRSUzQ2ElMjBjbGFzcyUzRCUyMnNhLXNjcm9sbCUyMHRyYW5zaXRpb24lMjIlMjBocmVmJTNEJTIyJTIzY3RhJTIyJTNFJTBBJTNDaSUyMGNsYXNzJTNEJTIyZmElMjBmYS1jaGV2cm9uLWRvd24lMjBmZy1jb2xvcjIlMjIlM0UlM0MlMkZpJTNFJTBBJTNDJTJGYSUzRSUzQyUyRnAlM0U=[\/vc_raw_html][\/vc_column][\/vc_row][vc_row full_width=\u00a0\u00bbstretch_row\u00a0\u00bb css=\u00a0\u00bb.vc_custom_1566573583282{padding-top: 30px !important;background-color: #052148 !important;}\u00a0\u00bb el_id=\u00a0\u00bbcta\u00a0\u00bb][vc_column]<h2 class=\"vcex-module vcex-heading vcex-heading-plain\" style=\"color:#ffffff;text-align:center;\"><span class=\"vcex-heading-inner clr\">Le saviez-vous ?<\/span><\/h2>[vc_column_text color=\u00a0\u00bb#ffffff\u00a0\u00bb]\r\n<p style=\"text-align: center;\">Parce qu&rsquo;un grand nombre d&rsquo;entreprises ne ma\u00eetrisent pas les pages d&rsquo;atterrissage, elles ne les utilisent pas toujours de mani\u00e8re efficace. Voici quelques statistiques r\u00e9v\u00e9latrices:<\/p>\r\n[\/vc_column_text][vc_row_inner][vc_column_inner width=\u00a0\u00bb1\/4&Prime;][vc_raw_html]JTNDZGl2JTIwY2xhc3MlM0QlMjJmbmItZmFjdC1pdGVtJTIwdGV4dC1jZW50ZXIlMjB3aWR0aDMlMjIlM0UlMEElMjAlMjAlMjAlMjAlMjAlMjAlMjAlMjAlMjAlMjAlM0NkaXYlMjBjbGFzcyUzRCUyMmZuYi1mYWN0LXdyYXBwZXIlMjBmbGV4JTIwZmxleC13cmFwJTIyJTNFJTBBJTIwJTIwJTIwJTIwJTIwJTIwJTIwJTIwJTIwJTIwJTIwJTIwJTNDZGl2JTIwY2xhc3MlM0QlMjJmbmItdG9wJTIyJTNFJTBBJTIwJTIwJTIwJTIwJTIwJTIwJTIwJTIwJTIwJTIwJTIwJTIwJTIwJTIwJTBBJTIwJTIwJTIwJTIwJTIwJTIwJTIwJTIwJTIwJTIwJTIwJTIwJTIwJTIwJTNDZGl2JTIwY2xhc3MlM0QlMjJmbmItaWNvbiUyMGhhbGlnbi1jZW50ZXIlMjIlMjBzdHlsZSUzRCUyMndpZHRoJTNBNDBweCUzQmhlaWdodCUzQTQwcHglM0JsaW5lLWhlaWdodCUzQTQwcHglM0IlMjIlM0UlMEElMjAlMjAlMjAlMjAlMjAlMjAlMjAlMjAlMjAlMjAlMjAlMjAlMjAlMjAlMjAlMjAlMEElMjAlMjAlMjAlMjAlMjAlMjAlMjAlMjAlMjAlMjAlMjAlMjAlMjAlMjAlMjAlMjAlM0NzdmclMjB2ZXJzaW9uJTNEJTIyMS4wJTIyJTIweG1sbnMlM0QlMjJodHRwJTNBJTJGJTJGd3d3LnczLm9yZyUyRjIwMDAlMkZzdmclMjIlMjB2aWV3Qm94JTNEJTIyMCUyMDAlMjA0NDglMjA1MTIlMjIlMjBhcmlhLWhpZGRlbiUzRCUyMnRydWUlMjIlM0UlM0NnJTIwaWQlM0QlMjJsYXllcjElMjIlM0UlM0NwYXRoJTIwZCUzRCUyMk0xNiUyMDEzMmg0MTZjOC44MzclMjAwJTIwMTYtNy4xNjMlMjAxNi0xNlY3NmMwLTguODM3LTcuMTYzLTE2LTE2LTE2SDE2QzcuMTYzJTIwNjAlMjAwJTIwNjcuMTYzJTIwMCUyMDc2djQwYzAlMjA4LjgzNyUyMDcuMTYzJTIwMTYlMjAxNiUyMDE2em0wJTIwMTYwaDQxNmM4LjgzNyUyMDAlMjAxNi03LjE2MyUyMDE2LTE2di00MGMwLTguODM3LTcuMTYzLTE2LTE2LTE2SDE2Yy04LjgzNyUyMDAtMTYlMjA3LjE2My0xNiUyMDE2djQwYzAlMjA4LjgzNyUyMDcuMTYzJTIwMTYlMjAxNiUyMDE2em0wJTIwMTYwaDQxNmM4LjgzNyUyMDAlMjAxNi03LjE2MyUyMDE2LTE2di00MGMwLTguODM3LTcuMTYzLTE2LTE2LTE2SDE2Yy04LjgzNyUyMDAtMTYlMjA3LjE2My0xNiUyMDE2djQwYzAlMjA4LjgzNyUyMDcuMTYzJTIwMTYlMjAxNiUyMDE2eiUyMiUzRSUzQyUyRnBhdGglM0UlM0MlMkZnJTNFJTNDJTJGc3ZnJTNFJTBBJTIwJTIwJTIwJTIwJTIwJTIwJTIwJTIwJTIwJTIwJTIwJTIwJTIwJTIwJTIwJTIwJTBBJTIwJTIwJTIwJTIwJTIwJTIwJTIwJTIwJTIwJTIwJTIwJTIwJTIwJTIwJTNDJTJGZGl2JTNFJTBBJTIwJTIwJTIwJTIwJTIwJTIwJTIwJTIwJTIwJTIwJTIwJTIwJTIwJTIwJTBBJTIwJTIwJTIwJTIwJTIwJTIwJTIwJTIwJTIwJTIwJTIwJTIwJTIwJTIwJTNDZGl2JTIwY2xhc3MlM0QlMjJmbmItbnVtYmVyJTIwc2Vjb25kYXJ5LWZvbnQlMjBib2xkJTIyJTNFMTYlMjUlM0MlMkZkaXYlM0UlMEElMjAlMjAlMjAlMjAlMjAlMjAlMjAlMjAlMjAlMjAlMjAlMjAlMjAlMjAlMEElMjAlMjAlMjAlMjAlMjAlMjAlMjAlMjAlMjAlMjAlMjAlMjAlMjAlMjAlM0NkaXYlMjBjbGFzcyUzRCUyMmZuYi1zdW1tYXJ5JTIwc21hbGwtdGV4dCUyMiUzRUxlcyUyMHBhZ2VzJTIwZCUyN2F0dGVycmlzc2FnZSUyMG5lJTIwZGV2cmFpZW50JTIwcGFzJTIwY29tcG9ydGVyJTIwZGUlMjBiYXJyZSUyMGRlJTIwbmF2aWdhdGlvbiUyQyUyMG1haXMlMjBzZXVsZW1lbnQlMjAxNiUyMCUyNSUyMGQlMjdlbnRyZSUyMGVsbGVzJTIwciVDMyVBOXBvbmRlbnQlMjAlQzMlQTAlMjBjZXR0ZSUyMGNvbmRpdGlvbiUzQyUyRmRpdiUzRSUwQSUyMCUyMCUyMCUyMCUyMCUyMCUyMCUyMCUyMCUyMCUyMCUyMCUzQyUyRmRpdiUzRSUwQSUyMCUyMCUyMCUyMCUyMCUyMCUyMCUyMCUyMCUyMCUyMCUyMCUwQSUyMCUyMCUyMCUyMCUyMCUyMCUyMCUyMCUyMCUyMCUzQyUyRmRpdiUzRSUwQSUyMCUyMCUyMCUyMCUyMCUyMCUyMCUyMCUzQyUyRmRpdiUzRQ==[\/vc_raw_html][\/vc_column_inner][vc_column_inner width=\u00a0\u00bb1\/4&Prime;][vc_raw_html]JTNDZGl2JTIwY2xhc3MlM0QlMjJmbmItZmFjdC1pdGVtJTIwdGV4dC1jZW50ZXIlMjB3aWR0aDMlMjIlM0UlMEElMjAlMjAlMjAlMjAlMjAlMjAlMjAlMjAlMjAlMjAlM0NkaXYlMjBjbGFzcyUzRCUyMmZuYi1mYWN0LXdyYXBwZXIlMjBmbGV4JTIwZmxleC13cmFwJTIyJTNFJTBBJTIwJTIwJTIwJTIwJTIwJTIwJTIwJTIwJTIwJTIwJTIwJTIwJTNDZGl2JTIwY2xhc3MlM0QlMjJmbmItdG9wJTIyJTNFJTBBJTIwJTIwJTIwJTIwJTIwJTIwJTIwJTIwJTIwJTIwJTIwJTIwJTIwJTIwJTBBJTIwJTIwJTIwJTIwJTIwJTIwJTIwJTIwJTIwJTIwJTIwJTIwJTIwJTIwJTNDZGl2JTIwY2xhc3MlM0QlMjJmbmItaWNvbiUyMGhhbGlnbi1jZW50ZXIlMjIlMjBzdHlsZSUzRCUyMndpZHRoJTNBNDBweCUzQmhlaWdodCUzQTQwcHglM0JsaW5lLWhlaWdodCUzQTQwcHglM0IlMjIlM0UlMEElMjAlMjAlMjAlMjAlMjAlMjAlMjAlMjAlMjAlMjAlMjAlMjAlMjAlMjAlMjAlMjAlMEElMjAlMjAlMjAlMjAlMjAlMjAlMjAlMjAlMjAlMjAlMjAlMjAlMjAlMjAlMjAlMjAlM0NzdmclMjB2ZXJzaW9uJTNEJTIyMS4wJTIyJTIweG1sbnMlM0QlMjJodHRwJTNBJTJGJTJGd3d3LnczLm9yZyUyRjIwMDAlMkZzdmclMjIlMjB2aWV3Qm94JTNEJTIyMCUyMDAlMjA0NDglMjA1MTIlMjIlMjBhcmlhLWhpZGRlbiUzRCUyMnRydWUlMjIlM0UlM0NnJTIwaWQlM0QlMjJsYXllcjElMjIlM0UlM0NwYXRoJTIwZCUzRCUyMk0xMjglMjAxNDh2LTQwYzAtNi42JTIwNS40LTEyJTIwMTItMTJoNDBjNi42JTIwMCUyMDEyJTIwNS40JTIwMTIlMjAxMnY0MGMwJTIwNi42LTUuNCUyMDEyLTEyJTIwMTJoLTQwYy02LjYlMjAwLTEyLTUuNC0xMi0xMnptMTQwJTIwMTJoNDBjNi42JTIwMCUyMDEyLTUuNCUyMDEyLTEydi00MGMwLTYuNi01LjQtMTItMTItMTJoLTQwYy02LjYlMjAwLTEyJTIwNS40LTEyJTIwMTJ2NDBjMCUyMDYuNiUyMDUuNCUyMDEyJTIwMTIlMjAxMnptLTEyOCUyMDk2aDQwYzYuNiUyMDAlMjAxMi01LjQlMjAxMi0xMnYtNDBjMC02LjYtNS40LTEyLTEyLTEyaC00MGMtNi42JTIwMC0xMiUyMDUuNC0xMiUyMDEydjQwYzAlMjA2LjYlMjA1LjQlMjAxMiUyMDEyJTIwMTJ6bTEyOCUyMDBoNDBjNi42JTIwMCUyMDEyLTUuNCUyMDEyLTEydi00MGMwLTYuNi01LjQtMTItMTItMTJoLTQwYy02LjYlMjAwLTEyJTIwNS40LTEyJTIwMTJ2NDBjMCUyMDYuNiUyMDUuNCUyMDEyJTIwMTIlMjAxMnptLTc2JTIwODR2LTQwYzAtNi42LTUuNC0xMi0xMi0xMmgtNDBjLTYuNiUyMDAtMTIlMjA1LjQtMTIlMjAxMnY0MGMwJTIwNi42JTIwNS40JTIwMTIlMjAxMiUyMDEyaDQwYzYuNiUyMDAlMjAxMi01LjQlMjAxMi0xMnptNzYlMjAxMmg0MGM2LjYlMjAwJTIwMTItNS40JTIwMTItMTJ2LTQwYzAtNi42LTUuNC0xMi0xMi0xMmgtNDBjLTYuNiUyMDAtMTIlMjA1LjQtMTIlMjAxMnY0MGMwJTIwNi42JTIwNS40JTIwMTIlMjAxMiUyMDEyem0xODAlMjAxMjR2MzZIMHYtMzZjMC02LjYlMjA1LjQtMTIlMjAxMi0xMmgxOS41VjI0YzAtMTMuMyUyMDEwLjctMjQlMjAyNC0yNGgzMzdjMTMuMyUyMDAlMjAyNCUyMDEwLjclMjAyNCUyMDI0djQ0MEg0MzZjNi42JTIwMCUyMDEyJTIwNS40JTIwMTIlMjAxMnpNNzkuNSUyMDQ2M0gxOTJ2LTY3YzAtNi42JTIwNS40LTEyJTIwMTItMTJoNDBjNi42JTIwMCUyMDEyJTIwNS40JTIwMTIlMjAxMnY2N2gxMTIuNVY0OUw4MCUyMDQ4bC0uNSUyMDQxNXolMjIlM0UlM0MlMkZwYXRoJTNFJTNDJTJGZyUzRSUzQyUyRnN2ZyUzRSUwQSUyMCUyMCUyMCUyMCUyMCUyMCUyMCUyMCUyMCUyMCUyMCUyMCUyMCUyMCUyMCUyMCUwQSUyMCUyMCUyMCUyMCUyMCUyMCUyMCUyMCUyMCUyMCUyMCUyMCUyMCUyMCUzQyUyRmRpdiUzRSUwQSUyMCUyMCUyMCUyMCUyMCUyMCUyMCUyMCUyMCUyMCUyMCUyMCUyMCUyMCUwQSUyMCUyMCUyMCUyMCUyMCUyMCUyMCUyMCUyMCUyMCUyMCUyMCUyMCUyMCUzQ2RpdiUyMGNsYXNzJTNEJTIyZm5iLW51bWJlciUyMHNlY29uZGFyeS1mb250JTIwYm9sZCUyMiUzRSUyMzElM0MlMkZkaXYlM0UlMEElMjAlMjAlMjAlMjAlMjAlMjAlMjAlMjAlMjAlMjAlMjAlMjAlMjAlMjAlMEElMjAlMjAlMjAlMjAlMjAlMjAlMjAlMjAlMjAlMjAlMjAlMjAlMjAlMjAlM0NkaXYlMjBjbGFzcyUzRCUyMmZuYi1zdW1tYXJ5JTIwc21hbGwtdGV4dCUyMiUzRUwlMjdvcHRpbWlzYXRpb24lMjBkZXMlMjBwYWdlcyUyMGQlMjdhdHRlcnJpc3NhZ2UlMjBlc3QlMjBsJTI3dW4lMjBkZXMlMjBjaW5xJTIwcHJpbmNpcGF1eCUyMGQlQzMlQTlmaXMlMjBkdSUyMG1hcmtldGluZyUyMEIyQiUzQyUyRmRpdiUzRSUwQSUyMCUyMCUyMCUyMCUyMCUyMCUyMCUyMCUyMCUyMCUyMCUyMCUzQyUyRmRpdiUzRSUwQSUyMCUyMCUyMCUyMCUyMCUyMCUyMCUyMCUyMCUyMCUyMCUyMCUwQSUyMCUyMCUyMCUyMCUyMCUyMCUyMCUyMCUyMCUyMCUzQyUyRmRpdiUzRSUwQSUyMCUyMCUyMCUyMCUyMCUyMCUyMCUyMCUzQyUyRmRpdiUzRQ==[\/vc_raw_html][\/vc_column_inner][vc_column_inner width=\u00a0\u00bb1\/4&Prime;][vc_raw_html]JTNDZGl2JTIwY2xhc3MlM0QlMjJmbmItZmFjdC1pdGVtJTIwdGV4dC1jZW50ZXIlMjB3aWR0aDMlMjIlM0UlMEElMjAlMjAlMjAlMjAlMjAlMjAlMjAlMjAlMjAlMjAlM0NkaXYlMjBjbGFzcyUzRCUyMmZuYi1mYWN0LXdyYXBwZXIlMjBmbGV4JTIwZmxleC13cmFwJTIyJTNFJTBBJTIwJTIwJTIwJTIwJTIwJTIwJTIwJTIwJTIwJTIwJTIwJTIwJTNDZGl2JTIwY2xhc3MlM0QlMjJmbmItdG9wJTIyJTNFJTBBJTIwJTIwJTIwJTIwJTIwJTIwJTIwJTIwJTIwJTIwJTIwJTIwJTIwJTIwJTBBJTIwJTIwJTIwJTIwJTIwJTIwJTIwJTIwJTIwJTIwJTIwJTIwJTIwJTIwJTNDZGl2JTIwY2xhc3MlM0QlMjJmbmItaWNvbiUyMGhhbGlnbi1jZW50ZXIlMjIlMjBzdHlsZSUzRCUyMndpZHRoJTNBNDBweCUzQmhlaWdodCUzQTQwcHglM0JsaW5lLWhlaWdodCUzQTQwcHglM0IlMjIlM0UlMEElMjAlMjAlMjAlMjAlMjAlMjAlMjAlMjAlMjAlMjAlMjAlMjAlMjAlMjAlMjAlMjAlMEElMjAlMjAlMjAlMjAlMjAlMjAlMjAlMjAlMjAlMjAlMjAlMjAlMjAlMjAlMjAlMjAlM0NzdmclMjB2ZXJzaW9uJTNEJTIyMS4wJTIyJTIweG1sbnMlM0QlMjJodHRwJTNBJTJGJTJGd3d3LnczLm9yZyUyRjIwMDAlMkZzdmclMjIlMjB2aWV3Qm94JTNEJTIyMCUyMDAlMjA0NDglMjA1MTIlMjIlMjBhcmlhLWhpZGRlbiUzRCUyMnRydWUlMjIlM0UlM0NnJTIwaWQlM0QlMjJsYXllcjElMjIlM0UlM0NwYXRoJTIwZCUzRCUyMk0yMjQlMjAwYzc3LjMyJTIwMCUyMDE0MCUyMDYyLjY4JTIwMTQwJTIwMTQwcy02Mi42OCUyMDE0MC0xNDAlMjAxNDBTODQlMjAyMTcuMzIlMjA4NCUyMDE0MCUyMDE0Ni42OCUyMDAlMjAyMjQlMjAwek04MCUyMDQxNmMwJTIwMTcuNjQ1JTIwMTQuMzU1JTIwMzIlMjAzMiUyMDMyczMyLTE0LjM1NSUyMDMyLTMyLTE0LjM1NS0zMi0zMi0zMi0zMiUyMDE0LjM1NS0zMiUyMDMyem0yOTUuMjgzLTEyNi4xNzlMMzUyJTIwMjg0djM3LjYxYzM2LjQ3MSUyMDcuNDMzJTIwNjQlMjAzOS43NTYlMjA2NCUyMDc4LjM5djU5LjI3OWExMiUyMDEyJTIwMCUyMDAlMjAxLTkuNjQ2JTIwMTEuNzY3bC0zMS40NDklMjA2LjI5Yy02LjQ5OSUyMDEuMy0xMi44MjEtMi45MTUtMTQuMTItOS40MTRsLTEuNTY5LTcuODQ1Yy0xLjMtNi40OTklMjAyLjkxNS0xMi44MjElMjA5LjQxNC0xNC4xMmwxNS4zNy0zLjA3NFY0MDBjMC0yNi43NzYtMjIuMDM5LTQ4LjUwMi00OC45MjktNDcuOTkxLTI2LjI3OC40OTktNDcuMDcxJTIwMjIuNTEzLTQ3LjA3MSUyMDQ4Ljc5N3Y0Mi4wNzhsMTUuMzcxJTIwMy4wNzRjNi40OTklMjAxLjMlMjAxMC43MTMlMjA3LjYyMiUyMDkuNDE0JTIwMTQuMTJsLTEuNTY5JTIwNy44NDVjLTEuMyUyMDYuNDk5LTcuNjIyJTIwMTAuNzEzLTE0LjEyJTIwOS40MTRsLTMxLjQ0OS02LjI5QTEyJTIwMTIlMjAwJTIwMCUyMDElMjAyNTYlMjA0NTkuMjhWNDAwYzAtMzguNjM0JTIwMjcuNTI5LTcwLjk1NyUyMDY0LTc4LjM5di00My43MjhjLTY0LjMzJTIwNDQuOTUzLTE0MS41MjclMjAzNS4xNDEtMTkyJTIwLjAwNHY3Ni4xNGMyOC40OTUlMjA3LjM2MSUyMDQ5LjM1OSUyMDMzLjkwNiUyMDQ3LjkzMSUyMDY0Ljk3Ny0xLjUwNiUyMDMyLjc3OC0yOC4wOTclMjA1OS4zOTItNjAuODc0JTIwNjAuOTI2Qzc4LjM4MyUyMDQ4MS42NDQlMjA0OCUyMDQ1Mi4zMDMlMjA0OCUyMDQxNmMwLTI5Ljc2NyUyMDIwLjQyNy01NC44NTIlMjA0OC02MS45NzVWMjg0bC0yMy4yODMlMjA1LjgyMUMyOS45ODElMjAzMDAuNTA1JTIwMCUyMDMzOC45MDMlMjAwJTIwMzgyLjk1NVY0NjRjMCUyMDI2LjUxJTIwMjEuNDklMjA0OCUyMDQ4JTIwNDhoMzUyYzI2LjUxJTIwMCUyMDQ4LTIxLjQ5JTIwNDgtNDh2LTgxLjA0NWMwLTQ0LjA1Mi0yOS45ODEtODIuNDUtNzIuNzE3LTkzLjEzNHolMjIlM0UlM0MlMkZwYXRoJTNFJTNDJTJGZyUzRSUzQyUyRnN2ZyUzRSUwQSUyMCUyMCUyMCUyMCUyMCUyMCUyMCUyMCUyMCUyMCUyMCUyMCUyMCUyMCUyMCUyMCUwQSUyMCUyMCUyMCUyMCUyMCUyMCUyMCUyMCUyMCUyMCUyMCUyMCUyMCUyMCUzQyUyRmRpdiUzRSUwQSUyMCUyMCUyMCUyMCUyMCUyMCUyMCUyMCUyMCUyMCUyMCUyMCUyMCUyMCUwQSUyMCUyMCUyMCUyMCUyMCUyMCUyMCUyMCUyMCUyMCUyMCUyMCUyMCUyMCUzQ2RpdiUyMGNsYXNzJTNEJTIyZm5iLW51bWJlciUyMHNlY29uZGFyeS1mb250JTIwYm9sZCUyMiUzRTc1JTI1JTNDJTJGZGl2JTNFJTBBJTIwJTIwJTIwJTIwJTIwJTIwJTIwJTIwJTIwJTIwJTIwJTIwJTIwJTIwJTBBJTIwJTIwJTIwJTIwJTIwJTIwJTIwJTIwJTIwJTIwJTIwJTIwJTIwJTIwJTNDZGl2JTIwY2xhc3MlM0QlMjJmbmItc3VtbWFyeSUyMHNtYWxsLXRleHQlMjIlM0VFbnZpcm9uJTIwNzUlMjAlMjUlMjBkZXMlMjBlbnRyZXByaXNlcyUyMG9udCUyMGR1JTIwbWFsJTIwJUMzJUEwJTIwdHJvdXZlciUyMGwlMjdleHBlcnRpc2UlMjBhcHByb3ByaSVDMyVBOWUlMjBwb3VyJTIwbCUyN29wdGltaXNhdGlvbiUyMGRlcyUyMHBhZ2VzJTIwZCUyN2F0dGVycmlzc2FnZSUzQyUyRmRpdiUzRSUwQSUyMCUyMCUyMCUyMCUyMCUyMCUyMCUyMCUyMCUyMCUyMCUyMCUzQyUyRmRpdiUzRSUwQSUyMCUyMCUyMCUyMCUyMCUyMCUyMCUyMCUyMCUyMCUyMCUyMCUwQSUyMCUyMCUyMCUyMCUyMCUyMCUyMCUyMCUyMCUyMCUzQyUyRmRpdiUzRSUwQSUyMCUyMCUyMCUyMCUyMCUyMCUyMCUyMCUzQyUyRmRpdiUzRQ==[\/vc_raw_html][\/vc_column_inner][vc_column_inner width=\u00a0\u00bb1\/4&Prime;][vc_raw_html]JTNDZGl2JTIwY2xhc3MlM0QlMjJmbmItZmFjdC1pdGVtJTIwdGV4dC1jZW50ZXIlMjB3aWR0aDMlMjIlM0UlMEElMjAlMjAlMjAlMjAlMjAlMjAlMjAlMjAlMjAlMjAlM0NkaXYlMjBjbGFzcyUzRCUyMmZuYi1mYWN0LXdyYXBwZXIlMjBmbGV4JTIwZmxleC13cmFwJTIyJTNFJTBBJTIwJTIwJTIwJTIwJTIwJTIwJTIwJTIwJTIwJTIwJTIwJTIwJTNDZGl2JTIwY2xhc3MlM0QlMjJmbmItdG9wJTIyJTNFJTBBJTIwJTIwJTIwJTIwJTIwJTIwJTIwJTIwJTIwJTIwJTIwJTIwJTIwJTIwJTBBJTIwJTIwJTIwJTIwJTIwJTIwJTIwJTIwJTIwJTIwJTIwJTIwJTIwJTIwJTNDZGl2JTIwY2xhc3MlM0QlMjJmbmItaWNvbiUyMGhhbGlnbi1jZW50ZXIlMjIlMjBzdHlsZSUzRCUyMndpZHRoJTNBNDBweCUzQmhlaWdodCUzQTQwcHglM0JsaW5lLWhlaWdodCUzQTQwcHglM0IlMjIlM0UlMEElMjAlMjAlMjAlMjAlMjAlMjAlMjAlMjAlMjAlMjAlMjAlMjAlMjAlMjAlMjAlMjAlMEElMjAlMjAlMjAlMjAlMjAlMjAlMjAlMjAlMjAlMjAlMjAlMjAlMjAlMjAlMjAlMjAlM0NzdmclMjB2ZXJzaW9uJTNEJTIyMS4wJTIyJTIweG1sbnMlM0QlMjJodHRwJTNBJTJGJTJGd3d3LnczLm9yZyUyRjIwMDAlMkZzdmclMjIlMjB2aWV3Qm94JTNEJTIyMCUyMDAlMjA1NzYlMjA1MTIlMjIlMjBhcmlhLWhpZGRlbiUzRCUyMnRydWUlMjIlM0UlM0NnJTIwaWQlM0QlMjJsYXllcjElMjIlM0UlM0NwYXRoJTIwZCUzRCUyMk01MjglMjA2NGgtMTIuMTE4YTQ4JTIwNDglMjAwJTIwMCUyMDAtMzMuOTQxJTIwMTQuMDU5TDM4NCUyMDE3NnYtNjRjMC0yNi41MS0yMS40OS00OC00OC00OEg0OEMyMS40OSUyMDY0JTIwMCUyMDg1LjQ5JTIwMCUyMDExMnYyODhjMCUyMDI2LjUxJTIwMjEuNDklMjA0OCUyMDQ4JTIwNDhoMjg4YzI2LjUxJTIwMCUyMDQ4LTIxLjQ5JTIwNDgtNDh2LTY0bDk3Ljk0MSUyMDk3Ljk0MUE0OCUyMDQ4JTIwMCUyMDAlMjAwJTIwNTE1Ljg4MiUyMDQ0OEg1MjhjMjYuNTElMjAwJTIwNDgtMjEuNDklMjA0OC00OFYxMTJjMC0yNi41MS0yMS40OS00OC00OC00OHolMjIlM0UlM0MlMkZwYXRoJTNFJTNDJTJGZyUzRSUzQyUyRnN2ZyUzRSUwQSUyMCUyMCUyMCUyMCUyMCUyMCUyMCUyMCUyMCUyMCUyMCUyMCUyMCUyMCUyMCUyMCUwQSUyMCUyMCUyMCUyMCUyMCUyMCUyMCUyMCUyMCUyMCUyMCUyMCUyMCUyMCUzQyUyRmRpdiUzRSUwQSUyMCUyMCUyMCUyMCUyMCUyMCUyMCUyMCUyMCUyMCUyMCUyMCUyMCUyMCUwQSUyMCUyMCUyMCUyMCUyMCUyMCUyMCUyMCUyMCUyMCUyMCUyMCUyMCUyMCUzQ2RpdiUyMGNsYXNzJTNEJTIyZm5iLW51bWJlciUyMHNlY29uZGFyeS1mb250JTIwYm9sZCUyMiUzRTg2JTI1JTNDJTJGZGl2JTNFJTBBJTIwJTIwJTIwJTIwJTIwJTIwJTIwJTIwJTIwJTIwJTIwJTIwJTIwJTIwJTBBJTIwJTIwJTIwJTIwJTIwJTIwJTIwJTIwJTIwJTIwJTIwJTIwJTIwJTIwJTNDZGl2JTIwY2xhc3MlM0QlMjJmbmItc3VtbWFyeSUyMHNtYWxsLXRleHQlMjIlM0VMJTI3dXRpbGlzYXRpb24lMjBkZSUyMHZpZCVDMyVBOW9zJTIwc3VyJTIwbGVzJTIwcGFnZXMlMjBkJTI3YXR0ZXJyaXNzYWdlJTIwcGV1dCUyMGF1Z21lbnRlciUyMGxlcyUyMGNvbnZlcnNpb25zJTIwZGUlMjA4NiUyNSUzQyUyRmRpdiUzRSUwQSUyMCUyMCUyMCUyMCUyMCUyMCUyMCUyMCUyMCUyMCUyMCUyMCUzQyUyRmRpdiUzRSUwQSUyMCUyMCUyMCUyMCUyMCUyMCUyMCUyMCUyMCUyMCUyMCUyMCUwQSUyMCUyMCUyMCUyMCUyMCUyMCUyMCUyMCUyMCUyMCUzQyUyRmRpdiUzRSUwQSUyMCUyMCUyMCUyMCUyMCUyMCUyMCUyMCUzQyUyRmRpdiUzRQ==[\/vc_raw_html][\/vc_column_inner][\/vc_row_inner][\/vc_column][\/vc_row][vc_row full_width=\u00a0\u00bbstretch_row\u00a0\u00bb css=\u00a0\u00bb.vc_custom_1560950265302{margin-top: -40px !important;background-color: #f2f2f2 !important;}\u00a0\u00bb][vc_column][vc_column_text css=\u00a0\u00bb.vc_custom_1588690369677{padding-bottom: 20px !important;background-color: #f2f2f2 !important;}\u00a0\u00bb]\r\n<h2 style=\"text-align: center;\">Nous faisons plus qu\u2019optimiser des pages d&rsquo;atterrissage<\/h2>\r\n<p style=\"text-align: center;\">L&rsquo;optimisation des pages d&rsquo;atterrissage pour les conversions n&rsquo;est qu&rsquo;un \u00e9l\u00e9ment de votre strat\u00e9gie de marketing digital. Vous n&rsquo;essaieriez pas de planter une tente avec un seul poteau ; il en va de m\u00eame pour le marketing digital. Si vous voulez voir les r\u00e9sultats de vos efforts, vous devez penser au-del\u00e0 de vos pages d&rsquo;atterrissage.<\/p>\r\n[\/vc_column_text][vc_raw_html]JTNDZGl2JTIwY2xhc3MlM0QlMjJ0YjEtY3RhJTIyJTIwc3R5bGUlM0QlMjJ0ZXh0LWFsaWduJTNBY2VudGVyJTNCJTIyJTNFJTBBJTIwJTIwJTIwJTIwJTIwJTIwJTIwJTIwJTIwJTIwJTNDYSUyMGNsYXNzJTNEJTIyd3NpLXRleHQtYnV0dG9uJTIwdGV4dC1ncmVlbiUyMiUyMGhyZWYlM0QlMjJodHRwJTNBJTJGJTJGd3Npc21lLmNvbSUyRmZyJTJGc2VydmljZXMtZGUtbWFya2V0aW5nLW51bWVyaXF1ZSUyRiUyMiUzRUV4cGxvcmUlMjBvdXIlMjBmdWxsJTIwc3VpdGUlMjBvZiUyMGRpZ2l0YWwlMjBtYXJrZXRpbmclMjBzZXJ2aWNlcyUzQyUyRmElM0UlMEElMjAlMjAlMjAlMjAlMjAlMjAlMjAlMjAlM0MlMkZkaXYlM0U=[\/vc_raw_html][\/vc_column][\/vc_row]<\/div>","protected":false},"excerpt":{"rendered":"[vc_row full_width=\u00a0\u00bbstretch_row\u00a0\u00bb content_placement=\u00a0\u00bbmiddle\u00a0\u00bb css=\u00a0\u00bb.vc_custom_1571768210025{margin-bottom: 40px !important;}\u00a0\u00bb][vc_column css=\u00a0\u00bb.vc_custom_1576875326799{margin-bottom: 0px !important;}\u00a0\u00bb][vc_column_text] Optimisation des pages d&rsquo;atterrissage [\/vc_column_text][\/vc_column][\/vc_row][vc_row full_width=\u00a0\u00bbstretch_row\u00a0\u00bb content_placement=\u00a0\u00bbmiddle\u00a0\u00bb][vc_column][vc_column_text] Votre site internet est un outil capable de convertir les visiteurs organiques en prospects qualifi\u00e9s. Nous vous aiderons \u00e0 d\u00e9velopper des pages d&rsquo;atterrissage d\u00e9di\u00e9es,&hellip;","protected":false},"author":2,"featured_media":0,"parent":8046,"menu_order":22,"comment_status":"closed","ping_status":"closed","template":"","meta":{"_acf_changed":false,"footnotes":""},"class_list":["post-8034","page","type-page","status-publish","hentry","entry","no-media"],"acf":[],"_links":{"self":[{"href":"https:\/\/wsisme.com\/fr\/wp-json\/wp\/v2\/pages\/8034","targetHints":{"allow":["GET"]}}],"collection":[{"href":"https:\/\/wsisme.com\/fr\/wp-json\/wp\/v2\/pages"}],"about":[{"href":"https:\/\/wsisme.com\/fr\/wp-json\/wp\/v2\/types\/page"}],"author":[{"embeddable":true,"href":"https:\/\/wsisme.com\/fr\/wp-json\/wp\/v2\/users\/2"}],"replies":[{"embeddable":true,"href":"https:\/\/wsisme.com\/fr\/wp-json\/wp\/v2\/comments?post=8034"}],"version-history":[{"count":0,"href":"https:\/\/wsisme.com\/fr\/wp-json\/wp\/v2\/pages\/8034\/revisions"}],"up":[{"embeddable":true,"href":"https:\/\/wsisme.com\/fr\/wp-json\/wp\/v2\/pages\/8046"}],"wp:attachment":[{"href":"https:\/\/wsisme.com\/fr\/wp-json\/wp\/v2\/media?parent=8034"}],"curies":[{"name":"wp","href":"https:\/\/api.w.org\/{rel}","templated":true}]}}