{"id":8035,"date":"2020-02-07T18:11:48","date_gmt":"2020-02-07T18:11:48","guid":{"rendered":"http:\/\/wsisme.com\/?page_id=8035"},"modified":"2021-11-16T20:02:36","modified_gmt":"2021-11-16T20:02:36","slug":"marketing-mobile","status":"publish","type":"page","link":"https:\/\/wsisme.com\/fr\/services-de-marketing-numerique\/marketing-mobile\/","title":{"rendered":"Marketing Mobile"},"content":{"rendered":"<div class=\"wpb-content-wrapper\">[vc_row full_width=\u00a0\u00bbstretch_row\u00a0\u00bb content_placement=\u00a0\u00bbmiddle\u00a0\u00bb css=\u00a0\u00bb.vc_custom_1571768210025{margin-bottom: 40px !important;}\u00a0\u00bb][vc_column css=\u00a0\u00bb.vc_custom_1576875326799{margin-bottom: 0px !important;}\u00a0\u00bb][vc_column_text]\r\n<h1 style=\"text-align: center;\">Marketing mobile<\/h1>\r\n[\/vc_column_text][\/vc_column][\/vc_row][vc_row full_width=\u00a0\u00bbstretch_row\u00a0\u00bb content_placement=\u00a0\u00bbmiddle\u00a0\u00bb][vc_column][vc_column_text]\r\n<p style=\"text-align: center;\">L&rsquo;utilisation des appareils mobiles continue de d\u00e9passer celle des ordinateurs portables et des ordinateurs de bureau.\r\nPour rester concurrentielle, votre entreprise doit \u00eatre pr\u00e9sente partout o\u00f9 se trouvent vos clients cibles.\r\nNous pouvons vous aider \u00e0 mettre en place une strat\u00e9gie de marketing mobile adapt\u00e9e \u00e0 tout type d\u2019appareil.<\/p>\r\n[\/vc_column_text][\/vc_column][\/vc_row][vc_row full_width=\u00a0\u00bbstretch_row\u00a0\u00bb content_placement=\u00a0\u00bbmiddle\u00a0\u00bb][vc_column][vc_column_text]\r\n<div id=\"hs_cos_wrapper_widget_1554986507176\" class=\"hs_cos_wrapper hs_cos_wrapper_widget hs_cos_wrapper_type_module\" data-hs-cos-general-type=\"widget\" data-hs-cos-type=\"module\">\r\n<div class=\"wsi-module wsi-divider-module\">\r\n<div class=\"wsi-site-wrapper\">\r\n<div class=\"wsi-divider black-divider\"><\/div>\r\n<\/div>\r\n<\/div>\r\n<\/div>\r\n[\/vc_column_text][\/vc_column][\/vc_row][vc_row full_width=\u00a0\u00bbstretch_row\u00a0\u00bb content_placement=\u00a0\u00bbmiddle\u00a0\u00bb css=\u00a0\u00bb.vc_custom_1571768210025{margin-bottom: 40px !important;}\u00a0\u00bb][vc_column width=\u00a0\u00bb1\/2&Prime;][vc_single_image image=\u00a0\u00bb7934&Prime; alignment=\u00a0\u00bbright\u00a0\u00bb][\/vc_column][vc_column width=\u00a0\u00bb1\/2&Prime;][vc_column_text]\r\n<h3 style=\"text-align: left; color: #016e31;\">Rendez votre entreprise omnipr\u00e9sente<\/h3>\r\nGr\u00e2ces aux strat\u00e9gies de marketing mobile, vous pouvez atteindre vos clients cibles o\u00f9 qu\u2019ils soient. Notre \u00e9quipe peut vous transporter partout avec un plan de marketing mobile intelligent et rentable.\r\n\r\n[\/vc_column_text][\/vc_column][\/vc_row][vc_row full_width=\u00a0\u00bbstretch_row\u00a0\u00bb css=\u00a0\u00bb.vc_custom_1576874280257{margin-top: -5px !important;}\u00a0\u00bb][vc_column][vc_row_inner content_placement=\u00a0\u00bbmiddle\u00a0\u00bb][vc_column_inner width=\u00a0\u00bb1\/2&Prime;][vc_column_text]\r\n<h3 style=\"text-align: left; color: #016e31;\">Profitez des micro-moments<\/h3>\r\nPour toucher vos clients cibles avec le marketing mobile, pensez \u00e0 exploiter certains moments. Ils incluent les: \u00abJe veux savoir, je veux partir, je veux acheter.\u00bb Qu\u2019il s\u2019agisse de recherche d&rsquo;information, de p\u00e9dagogie ou d&rsquo;id\u00e9es, vous pouvez vous mettre \u00e0 la disposition de clients potentiels gr\u00e2ce au marketing mobile.[\/vc_column_text][\/vc_column_inner][vc_column_inner width=\u00a0\u00bb1\/2&Prime;][vc_single_image image=\u00a0\u00bb7936&Prime;][\/vc_column_inner][\/vc_row_inner][\/vc_column][\/vc_row][vc_row content_placement=\u00a0\u00bbmiddle\u00a0\u00bb][vc_column width=\u00a0\u00bb1\/2&Prime;][vc_single_image image=\u00a0\u00bb7938&Prime;][\/vc_column][vc_column width=\u00a0\u00bb1\/2&Prime;][vc_column_text]\r\n<h3 style=\"color: #016e31;\">Rapidit\u00e9 de connexion<\/h3>\r\nNous vivons \u00e0 l&rsquo;\u00e8re de l&rsquo;instantan\u00e9, alors pourquoi ne pas en profiter en utilisant le marketing mobile ? Vous pourrez communiquer rapidement avec votre public cible, en \u00e9tant bref, spontan\u00e9 et informel.[\/vc_column_text][\/vc_column][\/vc_row][vc_row][vc_column][vc_raw_html]JTNDcCUyMHN0eWxlJTNEJTIydGV4dC1hbGlnbiUzQSUyMGNlbnRlciUzQiUyMiUzRSUzQ2ElMjBjbGFzcyUzRCUyMnNhLXNjcm9sbCUyMHRyYW5zaXRpb24lMjIlMjBocmVmJTNEJTIyJTIzY3RhJTIyJTNFJTBBJTNDaSUyMGNsYXNzJTNEJTIyZmElMjBmYS1jaGV2cm9uLWRvd24lMjBmZy1jb2xvcjIlMjIlM0UlM0MlMkZpJTNFJTBBJTNDJTJGYSUzRSUzQyUyRnAlM0U=[\/vc_raw_html][\/vc_column][\/vc_row][vc_row full_width=\u00a0\u00bbstretch_row\u00a0\u00bb css=\u00a0\u00bb.vc_custom_1566573583282{padding-top: 30px !important;background-color: #052148 !important;}\u00a0\u00bb el_id=\u00a0\u00bbcta\u00a0\u00bb][vc_column]<h2 class=\"vcex-module vcex-heading vcex-heading-plain\" style=\"color:#ffffff;text-align:center;\"><span class=\"vcex-heading-inner clr\">Le saviez-vous ?<\/span><\/h2>[vc_column_text color=\u00a0\u00bb#ffffff\u00a0\u00bb]\r\n\r\n<header class=\"fnb-headline width10 halign-center text-center\">\r\n<p style=\"text-align: center;\">Vous souhaitez toucher plus de consommateurs, c&rsquo;est-\u00e0-dire couvrir tous les canaux qu\u2019ils utilisent. Si vous h\u00e9sitez encore, lisez ces statistiques :<\/p>\r\n\r\n<\/header>[\/vc_column_text][vc_row_inner][vc_column_inner width=\u00a0\u00bb1\/4&Prime;][vc_raw_html]JTNDZGl2JTIwY2xhc3MlM0QlMjJmbmItZmFjdC1pdGVtJTIwdGV4dC1jZW50ZXIlMjB3aWR0aDMlMjIlM0UlMEElMjAlMjAlMjAlMjAlMjAlMjAlMjAlMjAlMjAlMjAlM0NkaXYlMjBjbGFzcyUzRCUyMmZuYi1mYWN0LXdyYXBwZXIlMjBmbGV4JTIwZmxleC13cmFwJTIyJTNFJTBBJTIwJTIwJTIwJTIwJTIwJTIwJTIwJTIwJTIwJTIwJTIwJTIwJTNDZGl2JTIwY2xhc3MlM0QlMjJmbmItdG9wJTIyJTNFJTBBJTIwJTIwJTIwJTIwJTIwJTIwJTIwJTIwJTIwJTIwJTIwJTIwJTIwJTIwJTBBJTIwJTIwJTIwJTIwJTIwJTIwJTIwJTIwJTIwJTIwJTIwJTIwJTIwJTIwJTNDZGl2JTIwY2xhc3MlM0QlMjJmbmItaWNvbiUyMGhhbGlnbi1jZW50ZXIlMjIlMjBzdHlsZSUzRCUyMndpZHRoJTNBNDBweCUzQmhlaWdodCUzQTQwcHglM0JsaW5lLWhlaWdodCUzQTQwcHglM0IlMjIlM0UlMEElMjAlMjAlMjAlMjAlMjAlMjAlMjAlMjAlMjAlMjAlMjAlMjAlMjAlMjAlMjAlMjAlMEElMjAlMjAlMjAlMjAlMjAlMjAlMjAlMjAlMjAlMjAlMjAlMjAlMjAlMjAlMjAlMjAlM0NzdmclMjB2ZXJzaW9uJTNEJTIyMS4wJTIyJTIweG1sbnMlM0QlMjJodHRwJTNBJTJGJTJGd3d3LnczLm9yZyUyRjIwMDAlMkZzdmclMjIlMjB2aWV3Qm94JTNEJTIyMCUyMDAlMjA1MTIlMjA1MTIlMjIlMjBhcmlhLWhpZGRlbiUzRCUyMnRydWUlMjIlM0UlM0NnJTIwaWQlM0QlMjJsYXllcjElMjIlM0UlM0NwYXRoJTIwZCUzRCUyMk0yNTYlMjA1MDRjMTM3JTIwMCUyMDI0OC0xMTElMjAyNDgtMjQ4UzM5MyUyMDglMjAyNTYlMjA4JTIwOCUyMDExOSUyMDglMjAyNTZzMTExJTIwMjQ4JTIwMjQ4JTIwMjQ4em0wLTQ0OGMxMTAuNSUyMDAlMjAyMDAlMjA4OS41JTIwMjAwJTIwMjAwcy04OS41JTIwMjAwLTIwMCUyMDIwMFM1NiUyMDM2Ni41JTIwNTYlMjAyNTYlMjAxNDUuNSUyMDU2JTIwMjU2JTIwNTZ6bTIwJTIwMzI4aC00MGMtNi42JTIwMC0xMi01LjQtMTItMTJWMjU2aC02N2MtMTAuNyUyMDAtMTYtMTIuOS04LjUtMjAuNWw5OS05OWM0LjctNC43JTIwMTIuMy00LjclMjAxNyUyMDBsOTklMjA5OWM3LjYlMjA3LjYlMjAyLjIlMjAyMC41LTguNSUyMDIwLjVoLTY3djExNmMwJTIwNi42LTUuNCUyMDEyLTEyJTIwMTJ6JTIyJTNFJTNDJTJGcGF0aCUzRSUzQyUyRmclM0UlM0MlMkZzdmclM0UlMEElMjAlMjAlMjAlMjAlMjAlMjAlMjAlMjAlMjAlMjAlMjAlMjAlMjAlMjAlMjAlMjAlMEElMjAlMjAlMjAlMjAlMjAlMjAlMjAlMjAlMjAlMjAlMjAlMjAlMjAlMjAlM0MlMkZkaXYlM0UlMEElMjAlMjAlMjAlMjAlMjAlMjAlMjAlMjAlMjAlMjAlMjAlMjAlMjAlMjAlMEElMjAlMjAlMjAlMjAlMjAlMjAlMjAlMjAlMjAlMjAlMjAlMjAlMjAlMjAlM0NkaXYlMjBjbGFzcyUzRCUyMmZuYi1udW1iZXIlMjBzZWNvbmRhcnktZm9udCUyMGJvbGQlMjIlM0U4OCUyMCUyNSUzQyUyRmRpdiUzRSUwQSUyMCUyMCUyMCUyMCUyMCUyMCUyMCUyMCUyMCUyMCUyMCUyMCUyMCUyMCUwQSUyMCUyMCUyMCUyMCUyMCUyMCUyMCUyMCUyMCUyMCUyMCUyMCUyMCUyMCUzQ2RpdiUyMGNsYXNzJTNEJTIyZm5iLXN1bW1hcnklMjBzbWFsbC10ZXh0JTIyJTNFTGVzJTIwY29uc29tbWF0ZXVycyUyMHBhc3NlbnQlMjBhY3R1ZWxsZW1lbnQlMjBwbHVzJTIwZGUlMjB0ZW1wcyUyMHF1ZSUyMGphbWFpcyUyMHN1ciUyMGxldXJzJTIwc21hcnRwaG9uZXMlMkMlMjBhdmVjJTIwdW5lJTIwY3JvaXNzYW5jZSUyMGRlJTIwODglMjAlMjUlMjBkJTI3dW5lJTIwYW5uJUMzJUE5ZSUyMHN1ciUyMGwlMjdhdXRyZSUzQyUyRmRpdiUzRSUwQSUyMCUyMCUyMCUyMCUyMCUyMCUyMCUyMCUyMCUyMCUyMCUyMCUzQyUyRmRpdiUzRSUwQSUyMCUyMCUyMCUyMCUyMCUyMCUyMCUyMCUyMCUyMCUyMCUyMCUwQSUyMCUyMCUyMCUyMCUyMCUyMCUyMCUyMCUyMCUyMCUzQyUyRmRpdiUzRSUwQSUyMCUyMCUyMCUyMCUyMCUyMCUyMCUyMCUzQyUyRmRpdiUzRQ==[\/vc_raw_html][\/vc_column_inner][vc_column_inner width=\u00a0\u00bb1\/4&Prime;][vc_raw_html]JTNDZGl2JTIwY2xhc3MlM0QlMjJmbmItZmFjdC1pdGVtJTIwdGV4dC1jZW50ZXIlMjB3aWR0aDMlMjIlM0UlMEElMjAlMjAlMjAlMjAlMjAlMjAlMjAlMjAlMjAlMjAlM0NkaXYlMjBjbGFzcyUzRCUyMmZuYi1mYWN0LXdyYXBwZXIlMjBmbGV4JTIwZmxleC13cmFwJTIyJTNFJTBBJTIwJTIwJTIwJTIwJTIwJTIwJTIwJTIwJTIwJTIwJTIwJTIwJTNDZGl2JTIwY2xhc3MlM0QlMjJmbmItdG9wJTIyJTNFJTBBJTIwJTIwJTIwJTIwJTIwJTIwJTIwJTIwJTIwJTIwJTIwJTIwJTIwJTIwJTBBJTIwJTIwJTIwJTIwJTIwJTIwJTIwJTIwJTIwJTIwJTIwJTIwJTIwJTIwJTNDZGl2JTIwY2xhc3MlM0QlMjJmbmItaWNvbiUyMGhhbGlnbi1jZW50ZXIlMjIlMjBzdHlsZSUzRCUyMndpZHRoJTNBNDBweCUzQmhlaWdodCUzQTQwcHglM0JsaW5lLWhlaWdodCUzQTQwcHglM0IlMjIlM0UlMEElMjAlMjAlMjAlMjAlMjAlMjAlMjAlMjAlMjAlMjAlMjAlMjAlMjAlMjAlMjAlMjAlMEElMjAlMjAlMjAlMjAlMjAlMjAlMjAlMjAlMjAlMjAlMjAlMjAlMjAlMjAlMjAlMjAlM0NzdmclMjB2ZXJzaW9uJTNEJTIyMS4wJTIyJTIweG1sbnMlM0QlMjJodHRwJTNBJTJGJTJGd3d3LnczLm9yZyUyRjIwMDAlMkZzdmclMjIlMjB2aWV3Qm94JTNEJTIyMCUyMDAlMjAzMjAlMjA1MTIlMjIlMjBhcmlhLWhpZGRlbiUzRCUyMnRydWUlMjIlM0UlM0NnJTIwaWQlM0QlMjJsYXllcjElMjIlM0UlM0NwYXRoJTIwZCUzRCUyMk0yNzIlMjAwSDQ4QzIxLjUlMjAwJTIwMCUyMDIxLjUlMjAwJTIwNDh2NDE2YzAlMjAyNi41JTIwMjEuNSUyMDQ4JTIwNDglMjA0OGgyMjRjMjYuNSUyMDAlMjA0OC0yMS41JTIwNDgtNDhWNDhjMC0yNi41LTIxLjUtNDgtNDgtNDh6TTE2MCUyMDQ4MGMtMTcuNyUyMDAtMzItMTQuMy0zMi0zMnMxNC4zLTMyJTIwMzItMzIlMjAzMiUyMDE0LjMlMjAzMiUyMDMyLTE0LjMlMjAzMi0zMiUyMDMyem0xMTItMTA4YzAlMjA2LjYtNS40JTIwMTItMTIlMjAxMkg2MGMtNi42JTIwMC0xMi01LjQtMTItMTJWNjBjMC02LjYlMjA1LjQtMTIlMjAxMi0xMmgyMDBjNi42JTIwMCUyMDEyJTIwNS40JTIwMTIlMjAxMnYzMTJ6JTIyJTNFJTNDJTJGcGF0aCUzRSUzQyUyRmclM0UlM0MlMkZzdmclM0UlMEElMjAlMjAlMjAlMjAlMjAlMjAlMjAlMjAlMjAlMjAlMjAlMjAlMjAlMjAlMjAlMjAlMEElMjAlMjAlMjAlMjAlMjAlMjAlMjAlMjAlMjAlMjAlMjAlMjAlMjAlMjAlM0MlMkZkaXYlM0UlMEElMjAlMjAlMjAlMjAlMjAlMjAlMjAlMjAlMjAlMjAlMjAlMjAlMjAlMjAlMEElMjAlMjAlMjAlMjAlMjAlMjAlMjAlMjAlMjAlMjAlMjAlMjAlMjAlMjAlM0NkaXYlMjBjbGFzcyUzRCUyMmZuYi1udW1iZXIlMjBzZWNvbmRhcnktZm9udCUyMGJvbGQlMjIlM0U3MCUyMCUyNSUzQyUyRmRpdiUzRSUwQSUyMCUyMCUyMCUyMCUyMCUyMCUyMCUyMCUyMCUyMCUyMCUyMCUyMCUyMCUwQSUyMCUyMCUyMCUyMCUyMCUyMCUyMCUyMCUyMCUyMCUyMCUyMCUyMCUyMCUzQ2RpdiUyMGNsYXNzJTNEJTIyZm5iLXN1bW1hcnklMjBzbWFsbC10ZXh0JTIyJTNFSnVzcXUlMjclQzMlQTAlMjA3MCUyMCUyNSUyMGR1JTIwdHJhZmljJTIwV2ViJTIwc2UlMjBmYWl0JTIwc3VyJTIwdW4lMjBhcHBhcmVpbCUyMG1vYmlsZSUzQyUyRmRpdiUzRSUwQSUyMCUyMCUyMCUyMCUyMCUyMCUyMCUyMCUyMCUyMCUyMCUyMCUzQyUyRmRpdiUzRSUwQSUyMCUyMCUyMCUyMCUyMCUyMCUyMCUyMCUyMCUyMCUyMCUyMCUwQSUyMCUyMCUyMCUyMCUyMCUyMCUyMCUyMCUyMCUyMCUzQyUyRmRpdiUzRSUwQSUyMCUyMCUyMCUyMCUyMCUyMCUyMCUyMCUzQyUyRmRpdiUzRQ==[\/vc_raw_html][\/vc_column_inner][vc_column_inner width=\u00a0\u00bb1\/4&Prime;][vc_raw_html]JTNDZGl2JTIwY2xhc3MlM0QlMjJmbmItZmFjdC1pdGVtJTIwdGV4dC1jZW50ZXIlMjB3aWR0aDMlMjIlM0UlMEElMjAlMjAlMjAlMjAlMjAlMjAlMjAlMjAlMjAlMjAlM0NkaXYlMjBjbGFzcyUzRCUyMmZuYi1mYWN0LXdyYXBwZXIlMjBmbGV4JTIwZmxleC13cmFwJTIyJTNFJTBBJTIwJTIwJTIwJTIwJTIwJTIwJTIwJTIwJTIwJTIwJTIwJTIwJTNDZGl2JTIwY2xhc3MlM0QlMjJmbmItdG9wJTIyJTNFJTBBJTIwJTIwJTIwJTIwJTIwJTIwJTIwJTIwJTIwJTIwJTIwJTIwJTIwJTIwJTBBJTIwJTIwJTIwJTIwJTIwJTIwJTIwJTIwJTIwJTIwJTIwJTIwJTIwJTIwJTNDZGl2JTIwY2xhc3MlM0QlMjJmbmItaWNvbiUyMGhhbGlnbi1jZW50ZXIlMjIlMjBzdHlsZSUzRCUyMndpZHRoJTNBNDBweCUzQmhlaWdodCUzQTQwcHglM0JsaW5lLWhlaWdodCUzQTQwcHglM0IlMjIlM0UlMEElMjAlMjAlMjAlMjAlMjAlMjAlMjAlMjAlMjAlMjAlMjAlMjAlMjAlMjAlMjAlMjAlMEElMjAlMjAlMjAlMjAlMjAlMjAlMjAlMjAlMjAlMjAlMjAlMjAlMjAlMjAlMjAlMjAlM0NzdmclMjB2ZXJzaW9uJTNEJTIyMS4wJTIyJTIweG1sbnMlM0QlMjJodHRwJTNBJTJGJTJGd3d3LnczLm9yZyUyRjIwMDAlMkZzdmclMjIlMjB2aWV3Qm94JTNEJTIyMCUyMDAlMjA2NDAlMjA1MTIlMjIlMjBhcmlhLWhpZGRlbiUzRCUyMnRydWUlMjIlM0UlM0NnJTIwaWQlM0QlMjJsYXllcjElMjIlM0UlM0NwYXRoJTIwZCUzRCUyMk0zMjAlMjAxNDRjLTUzLjAyMSUyMDAtOTYlMjA1MC4xNDMtOTYlMjAxMTIlMjAwJTIwNjEuODQ3JTIwNDIuOTc3JTIwMTEyJTIwOTYlMjAxMTIlMjA1MyUyMDAlMjA5Ni01MC4xMyUyMDk2LTExMiUyMDAtNjEuODU3LTQyLjk3OS0xMTItOTYtMTEyem00OCUyMDE2NC40MjhjMCUyMDcuNDc3LTMuOTE3JTIwMTEuNTcyLTExLjU3MiUyMDExLjU3MmgtNjcuMjkzYy03LjY1NiUyMDAtMTEuNTczLTQuMDk1LTExLjU3My0xMS41NzJ2LTguOTAxYzAtNy40NzclMjAzLjkxNy0xMS41NzIlMjAxMS41NzMtMTEuNTcyaDE1LjEzMXYtMzkuODc4YzAtNS4xNjMuNTM0LTEwLjUwMy41MzQtMTAuNTAzaC0uMzU2cy0xLjc3OSUyMDIuNjctMi44NDglMjAzLjczOGMtNC40NTElMjA0LjI3My0xMC41MDQlMjA0LjQ1MS0xNS42NjYtMS4wNjhsLTUuNTE4LTYuMjMxYy01LjM0Mi01LjM0MS00Ljk4NC0xMS4yMTYuNTM0LTE2LjM3OWwyMS43Mi0xOS45MzljNC40NDktNC4wOTUlMjA4LjM2Ni01LjY5NyUyMDE0LjQyLTUuNjk3aDEyLjEwNWM3LjY1NiUyMDAlMjAxMS43NSUyMDMuOTE2JTIwMTEuNzUlMjAxMS41NzJ2ODQuMzg0aDE1LjQ4OGM3LjY1NSUyMDAlMjAxMS41NzIlMjA0LjA5NCUyMDExLjU3MiUyMDExLjU3MnY4LjkwMnpNNjE2JTIwNjRIMjRDMTAuNzQ1JTIwNjQlMjAwJTIwNzQuNzQ1JTIwMCUyMDg4djMzNWMwJTIwMTMuMjU1JTIwMTAuNzQ1JTIwMjQlMjAyNCUyMDI0aDU5MmMxMy4yNTUlMjAwJTIwMjQtMTAuNzQ1JTIwMjQtMjRWODhjMC0xMy4yNTUtMTAuNzQ1LTI0LTI0LTI0ek01MTIlMjA0MDBIMTI4YzAtNDQuMTgzLTM1LjgxNy04MC04MC04MFYxOTJjNDQuMTgzJTIwMCUyMDgwLTM1LjgxNyUyMDgwLTgwaDM4NGMwJTIwNDQuMTgzJTIwMzUuODE3JTIwODAlMjA4MCUyMDgwdjEyOGMtNDQuMTgzJTIwMC04MCUyMDM1LjgxNy04MCUyMDgweiUyMiUzRSUzQyUyRnBhdGglM0UlM0MlMkZnJTNFJTNDJTJGc3ZnJTNFJTBBJTIwJTIwJTIwJTIwJTIwJTIwJTIwJTIwJTIwJTIwJTIwJTIwJTIwJTIwJTIwJTIwJTBBJTIwJTIwJTIwJTIwJTIwJTIwJTIwJTIwJTIwJTIwJTIwJTIwJTIwJTIwJTNDJTJGZGl2JTNFJTBBJTIwJTIwJTIwJTIwJTIwJTIwJTIwJTIwJTIwJTIwJTIwJTIwJTIwJTIwJTBBJTIwJTIwJTIwJTIwJTIwJTIwJTIwJTIwJTIwJTIwJTIwJTIwJTIwJTIwJTNDZGl2JTIwY2xhc3MlM0QlMjJmbmItbnVtYmVyJTIwc2Vjb25kYXJ5LWZvbnQlMjBib2xkJTIyJTNFJTI0MjQ3QiUzQyUyRmRpdiUzRSUwQSUyMCUyMCUyMCUyMCUyMCUyMCUyMCUyMCUyMCUyMCUyMCUyMCUyMCUyMCUwQSUyMCUyMCUyMCUyMCUyMCUyMCUyMCUyMCUyMCUyMCUyMCUyMCUyMCUyMCUzQ2RpdiUyMGNsYXNzJTNEJTIyZm5iLXN1bW1hcnklMjBzbWFsbC10ZXh0JTIyJTNFTGVzJTIwZCVDMyVBOXBlbnNlcyUyMG1vbmRpYWxlcyUyMGVuJTIwcHVibGljaXQlQzMlQTklMjBtb2JpbGUlMjBkZXZyYWllbnQlMjBhdHRlaW5kcmUlMjBwbHVzJTIwZGUlMjAyNDclMjBtaWxsaWFyZHMlMjBkZSUyMGRvbGxhcnMlMjBkJTI3aWNpJTIwMjAyMCUzQyUyRmRpdiUzRSUwQSUyMCUyMCUyMCUyMCUyMCUyMCUyMCUyMCUyMCUyMCUyMCUyMCUzQyUyRmRpdiUzRSUwQSUyMCUyMCUyMCUyMCUyMCUyMCUyMCUyMCUyMCUyMCUyMCUyMCUwQSUyMCUyMCUyMCUyMCUyMCUyMCUyMCUyMCUyMCUyMCUzQyUyRmRpdiUzRSUwQSUyMCUyMCUyMCUyMCUyMCUyMCUyMCUyMCUzQyUyRmRpdiUzRQ==[\/vc_raw_html][\/vc_column_inner][vc_column_inner width=\u00a0\u00bb1\/4&Prime;][vc_raw_html]JTNDZGl2JTIwY2xhc3MlM0QlMjJmbmItZmFjdC1pdGVtJTIwdGV4dC1jZW50ZXIlMjB3aWR0aDMlMjIlM0UlMEElMjAlMjAlMjAlMjAlMjAlMjAlMjAlMjAlMjAlMjAlM0NkaXYlMjBjbGFzcyUzRCUyMmZuYi1mYWN0LXdyYXBwZXIlMjBmbGV4JTIwZmxleC13cmFwJTIyJTNFJTBBJTIwJTIwJTIwJTIwJTIwJTIwJTIwJTIwJTIwJTIwJTIwJTIwJTNDZGl2JTIwY2xhc3MlM0QlMjJmbmItdG9wJTIyJTNFJTBBJTIwJTIwJTIwJTIwJTIwJTIwJTIwJTIwJTIwJTIwJTIwJTIwJTIwJTIwJTBBJTIwJTIwJTIwJTIwJTIwJTIwJTIwJTIwJTIwJTIwJTIwJTIwJTIwJTIwJTNDZGl2JTIwY2xhc3MlM0QlMjJmbmItaWNvbiUyMGhhbGlnbi1jZW50ZXIlMjIlMjBzdHlsZSUzRCUyMndpZHRoJTNBNDBweCUzQmhlaWdodCUzQTQwcHglM0JsaW5lLWhlaWdodCUzQTQwcHglM0IlMjIlM0UlMEElMjAlMjAlMjAlMjAlMjAlMjAlMjAlMjAlMjAlMjAlMjAlMjAlMjAlMjAlMjAlMjAlMEElMjAlMjAlMjAlMjAlMjAlMjAlMjAlMjAlMjAlMjAlMjAlMjAlMjAlMjAlMjAlMjAlM0NzdmclMjB2ZXJzaW9uJTNEJTIyMS4wJTIyJTIweG1sbnMlM0QlMjJodHRwJTNBJTJGJTJGd3d3LnczLm9yZyUyRjIwMDAlMkZzdmclMjIlMjB2aWV3Qm94JTNEJTIyMCUyMDAlMjA1MTIlMjA1MTIlMjIlMjBhcmlhLWhpZGRlbiUzRCUyMnRydWUlMjIlM0UlM0NnJTIwaWQlM0QlMjJsYXllcjElMjIlM0UlM0NwYXRoJTIwZCUzRCUyMk01MDAlMjAzODRjNi42JTIwMCUyMDEyJTIwNS40JTIwMTIlMjAxMnY0MGMwJTIwNi42LTUuNCUyMDEyLTEyJTIwMTJIMTJjLTYuNiUyMDAtMTItNS40LTEyLTEyVjc2YzAtNi42JTIwNS40LTEyJTIwMTItMTJoNDBjNi42JTIwMCUyMDEyJTIwNS40JTIwMTIlMjAxMnYzMDhoNDM2ek00NTYlMjA5NkgzNDRjLTIxLjQlMjAwLTMyLjElMjAyNS45LTE3JTIwNDFsMzIuOSUyMDMyLjktNzIlMjA3Mi45LTU1LjYtNTUuNmMtNC43LTQuNy0xMi4yLTQuNy0xNi45JTIwMEw5Ni40JTIwMzA1Yy00LjclMjA0LjYtNC44JTIwMTIuMi0uMiUyMDE2LjlsMjguNSUyMDI5LjRjNC43JTIwNC44JTIwMTIuNCUyMDQuOSUyMDE3LjEuMWw4Mi4xLTgyLjElMjA1NS41JTIwNTUuNWM0LjclMjA0LjclMjAxMi4zJTIwNC43JTIwMTclMjAwbDEwOS4yLTEwOS4yTDQzOSUyMDI0OWMxNS4xJTIwMTUuMSUyMDQxJTIwNC40JTIwNDEtMTdWMTIwYzAtMTMuMy0xMC43LTI0LTI0LTI0eiUyMiUzRSUzQyUyRnBhdGglM0UlM0MlMkZnJTNFJTNDJTJGc3ZnJTNFJTBBJTIwJTIwJTIwJTIwJTIwJTIwJTIwJTIwJTIwJTIwJTIwJTIwJTIwJTIwJTIwJTIwJTBBJTIwJTIwJTIwJTIwJTIwJTIwJTIwJTIwJTIwJTIwJTIwJTIwJTIwJTIwJTNDJTJGZGl2JTNFJTBBJTIwJTIwJTIwJTIwJTIwJTIwJTIwJTIwJTIwJTIwJTIwJTIwJTIwJTIwJTBBJTIwJTIwJTIwJTIwJTIwJTIwJTIwJTIwJTIwJTIwJTIwJTIwJTIwJTIwJTNDZGl2JTIwY2xhc3MlM0QlMjJmbmItbnVtYmVyJTIwc2Vjb25kYXJ5LWZvbnQlMjBib2xkJTIyJTNFQ1IlRTIlODYlOTElM0MlMkZkaXYlM0UlMEElMjAlMjAlMjAlMjAlMjAlMjAlMjAlMjAlMjAlMjAlMjAlMjAlMjAlMjAlMEElMjAlMjAlMjAlMjAlMjAlMjAlMjAlMjAlMjAlMjAlMjAlMjAlMjAlMjAlM0NkaXYlMjBjbGFzcyUzRCUyMmZuYi1zdW1tYXJ5JTIwc21hbGwtdGV4dCUyMiUzRUxlcyUyMHRhdXglMjBkZSUyMGNvbnZlcnNpb24lMjB2aWElMjBsZSUyMG1hcmtldGluZyUyMG1vYmlsZSUyMGF1Z21lbnRlbnQlMjBhbG9ycyUyMHF1ZSUyMGNldXglMjBnJUMzJUE5biVDMyVBOXIlQzMlQTlzJTIwcGFyJTIwbGVzJTIwbSVDMyVBOXRob2RlcyUyMHRyYWRpdGlvbm5lbGxlcyUyMGRpbWludWVudCUzQyUyRmRpdiUzRSUwQSUyMCUyMCUyMCUyMCUyMCUyMCUyMCUyMCUyMCUyMCUyMCUyMCUzQyUyRmRpdiUzRSUwQSUyMCUyMCUyMCUyMCUyMCUyMCUyMCUyMCUyMCUyMCUyMCUyMCUwQSUyMCUyMCUyMCUyMCUyMCUyMCUyMCUyMCUyMCUyMCUzQyUyRmRpdiUzRSUwQSUyMCUyMCUyMCUyMCUyMCUyMCUyMCUyMCUzQyUyRmRpdiUzRQ==[\/vc_raw_html][\/vc_column_inner][\/vc_row_inner][\/vc_column][\/vc_row][vc_row full_width=\u00a0\u00bbstretch_row\u00a0\u00bb css=\u00a0\u00bb.vc_custom_1560950265302{margin-top: -40px !important;background-color: #f2f2f2 !important;}\u00a0\u00bb][vc_column][vc_column_text css=\u00a0\u00bb.vc_custom_1588690461727{padding-bottom: 20px !important;background-color: #f2f2f2 !important;}\u00a0\u00bb]\r\n<h2 style=\"text-align: center;\">Nous faisons plus que du marketing mobile<\/h2>\r\n<p style=\"text-align: center;\">Un plan de marketing mobile efficace n&rsquo;est qu&rsquo;un \u00e9l\u00e9ment de votre strat\u00e9gie de marketing digital. Vous n&rsquo;essaieriez pas de planter une tente avec un seul poteau ; il en va de m\u00eame pour le marketing digital. Si vous voulez voir les r\u00e9sultats de vos efforts, vous devez penser au-del\u00e0 du mobile.<\/p>\r\n[\/vc_column_text][vc_raw_html]JTNDZGl2JTIwY2xhc3MlM0QlMjJ0YjEtY3RhJTIyJTIwc3R5bGUlM0QlMjJ0ZXh0LWFsaWduJTNBY2VudGVyJTNCJTIyJTNFJTBBJTIwJTIwJTIwJTIwJTIwJTIwJTIwJTIwJTIwJTIwJTNDYSUyMGNsYXNzJTNEJTIyd3NpLXRleHQtYnV0dG9uJTIwdGV4dC1ncmVlbiUyMiUyMGhyZWYlM0QlMjJodHRwJTNBJTJGJTJGd3Npc21lLmNvbSUyRmZyJTJGc2VydmljZXMtZGUtbWFya2V0aW5nLW51bWVyaXF1ZSUyRiUyMiUzRUQlQzMlODlDT1VWUkVaJTIwTk9UUkUlMjBHQU1NRSUyMENPTVBMJUMzJTg4VEUlMjBERSUyMFNFUlZJQ0VTJTIwREUlMjBNQVJLRVRJTkclMjBESUdJVEFMJTNDJTJGYSUzRSUwQSUyMCUyMCUyMCUyMCUyMCUyMCUyMCUyMCUzQyUyRmRpdiUzRQ==[\/vc_raw_html][\/vc_column][\/vc_row]<\/div>","protected":false},"excerpt":{"rendered":"[vc_row full_width=\u00a0\u00bbstretch_row\u00a0\u00bb content_placement=\u00a0\u00bbmiddle\u00a0\u00bb css=\u00a0\u00bb.vc_custom_1571768210025{margin-bottom: 40px !important;}\u00a0\u00bb][vc_column css=\u00a0\u00bb.vc_custom_1576875326799{margin-bottom: 0px !important;}\u00a0\u00bb][vc_column_text] Marketing mobile [\/vc_column_text][\/vc_column][\/vc_row][vc_row full_width=\u00a0\u00bbstretch_row\u00a0\u00bb content_placement=\u00a0\u00bbmiddle\u00a0\u00bb][vc_column][vc_column_text] L&rsquo;utilisation des appareils mobiles continue de d\u00e9passer celle des ordinateurs portables et des ordinateurs de bureau. Pour rester concurrentielle, votre entreprise doit \u00eatre pr\u00e9sente partout o\u00f9&hellip;","protected":false},"author":2,"featured_media":0,"parent":8046,"menu_order":25,"comment_status":"closed","ping_status":"closed","template":"","meta":{"_acf_changed":false,"footnotes":""},"class_list":["post-8035","page","type-page","status-publish","hentry","entry","no-media"],"acf":[],"_links":{"self":[{"href":"https:\/\/wsisme.com\/fr\/wp-json\/wp\/v2\/pages\/8035","targetHints":{"allow":["GET"]}}],"collection":[{"href":"https:\/\/wsisme.com\/fr\/wp-json\/wp\/v2\/pages"}],"about":[{"href":"https:\/\/wsisme.com\/fr\/wp-json\/wp\/v2\/types\/page"}],"author":[{"embeddable":true,"href":"https:\/\/wsisme.com\/fr\/wp-json\/wp\/v2\/users\/2"}],"replies":[{"embeddable":true,"href":"https:\/\/wsisme.com\/fr\/wp-json\/wp\/v2\/comments?post=8035"}],"version-history":[{"count":0,"href":"https:\/\/wsisme.com\/fr\/wp-json\/wp\/v2\/pages\/8035\/revisions"}],"up":[{"embeddable":true,"href":"https:\/\/wsisme.com\/fr\/wp-json\/wp\/v2\/pages\/8046"}],"wp:attachment":[{"href":"https:\/\/wsisme.com\/fr\/wp-json\/wp\/v2\/media?parent=8035"}],"curies":[{"name":"wp","href":"https:\/\/api.w.org\/{rel}","templated":true}]}}