{"id":8038,"date":"2020-02-07T18:13:26","date_gmt":"2020-02-07T18:13:26","guid":{"rendered":"http:\/\/wsisme.com\/?page_id=8038"},"modified":"2021-11-16T20:01:02","modified_gmt":"2021-11-16T20:01:02","slug":"definition-de-vos-profils-acheteur","status":"publish","type":"page","link":"https:\/\/wsisme.com\/fr\/services-de-marketing-numerique\/definition-de-vos-profils-acheteur\/","title":{"rendered":"D\u00e9veloppement de profil-client"},"content":{"rendered":"<div class=\"wpb-content-wrapper\">[vc_row full_width=\u00a0\u00bbstretch_row\u00a0\u00bb content_placement=\u00a0\u00bbmiddle\u00a0\u00bb css=\u00a0\u00bb.vc_custom_1571768210025{margin-bottom: 40px !important;}\u00a0\u00bb][vc_column css=\u00a0\u00bb.vc_custom_1576875326799{margin-bottom: 0px !important;}\u00a0\u00bb][vc_column_text]\r\n<h1 style=\"text-align: center;\">D\u00e9veloppement de la personnalit\u00e9 de l\u2019acheteur<\/h1>\r\n[\/vc_column_text][\/vc_column][\/vc_row][vc_row full_width=\u00a0\u00bbstretch_row\u00a0\u00bb content_placement=\u00a0\u00bbmiddle\u00a0\u00bb][vc_column][vc_column_text]\r\n<p style=\"text-align: center;\">Tout ce que fait votre entreprise, en mati\u00e8re de ventes, de marketing, de produits et services, doit\r\n\u00eatre adapt\u00e9 \u00e0 la personnalit\u00e9 de vos acheteurs. Nous pouvons vous aider \u00e0 cr\u00e9er des\r\npersonnalit\u00e9s d\u2019acheteur (personas) pour vos clients sp\u00e9cifiques.<\/p>\r\n[\/vc_column_text][\/vc_column][\/vc_row][vc_row full_width=\u00a0\u00bbstretch_row\u00a0\u00bb content_placement=\u00a0\u00bbmiddle\u00a0\u00bb][vc_column][vc_column_text]\r\n<div id=\"hs_cos_wrapper_widget_1554986507176\" class=\"hs_cos_wrapper hs_cos_wrapper_widget hs_cos_wrapper_type_module\" data-hs-cos-general-type=\"widget\" data-hs-cos-type=\"module\">\r\n<div class=\"wsi-module wsi-divider-module\">\r\n<div class=\"wsi-site-wrapper\">\r\n<div class=\"wsi-divider black-divider\"><\/div>\r\n<\/div>\r\n<\/div>\r\n<\/div>\r\n[\/vc_column_text][\/vc_column][\/vc_row][vc_row full_width=\u00a0\u00bbstretch_row\u00a0\u00bb content_placement=\u00a0\u00bbmiddle\u00a0\u00bb css=\u00a0\u00bb.vc_custom_1571768210025{margin-bottom: 40px !important;}\u00a0\u00bb][vc_column width=\u00a0\u00bb1\/2&Prime;][vc_single_image image=\u00a0\u00bb7955&Prime; alignment=\u00a0\u00bbright\u00a0\u00bb][\/vc_column][vc_column width=\u00a0\u00bb1\/2&Prime;][vc_column_text]\r\n<h3 style=\"text-align: left; color: #016e31;\">Posez les bonnes questions<\/h3>\r\nCommencez par trouver les moindres d\u00e9tails sur vos clients id\u00e9aux. Quels sont leurs int\u00e9r\u00eats ? Quels sont leurs ant\u00e9c\u00e9dents et leur niveau d\u2019\u00e9tudes ? De quoi ont-ils besoin ? Quels sont les d\u00e9fis auxquels ils sont confront\u00e9s ?&#8230; Les r\u00e9ponses \u00e0 ces questions vous aideront \u00e0 mieux conna\u00eetre vos clients.[\/vc_column_text][\/vc_column][\/vc_row][vc_row full_width=\u00a0\u00bbstretch_row\u00a0\u00bb css=\u00a0\u00bb.vc_custom_1576874280257{margin-top: -5px !important;}\u00a0\u00bb][vc_column][vc_row_inner content_placement=\u00a0\u00bbmiddle\u00a0\u00bb][vc_column_inner width=\u00a0\u00bb1\/2&Prime;][vc_column_text]\r\n<h3 style=\"text-align: left; color: #016e31;\">Fouillez dans votre base de donn\u00e9es<\/h3>\r\nExaminez en profondeur les renseignements que vous poss\u00e9dez sur vos clients actuels et pass\u00e9s pour faire \u00e9merger des tendances. Int\u00e9ressez-vous \u00e0 la fa\u00e7on dont ils pr\u00e9f\u00e8rent interagir avec vous, au temps qu&rsquo;il leur faut pour faire un achat et \u00e0 la quantit\u00e9 de contenu qu&rsquo;ils consomment avant de vous contacter.[\/vc_column_text][\/vc_column_inner][vc_column_inner width=\u00a0\u00bb1\/2&Prime;][vc_single_image image=\u00a0\u00bb7959&Prime;][\/vc_column_inner][\/vc_row_inner][\/vc_column][\/vc_row][vc_row content_placement=\u00a0\u00bbmiddle\u00a0\u00bb][vc_column width=\u00a0\u00bb1\/2&Prime;][vc_single_image image=\u00a0\u00bb7961&Prime;][\/vc_column][vc_column width=\u00a0\u00bb1\/2&Prime;][vc_column_text]\r\n<h3 style=\"color: #016e31;\">Utilisez votre \u00e9quipe de vente<\/h3>\r\nDemandez \u00e0 votre \u00e9quipe de vente quelles sont les caract\u00e9ristiques des prospects les plus prometteurs avec lesquels elle interagit. Comprenez ce qui les motive, quelles sont leurs aspirations et commencez \u00e0 compl\u00e9ter les profils de vos deux ou trois types de clients les plus courants.[\/vc_column_text][\/vc_column][\/vc_row][vc_row][vc_column][vc_raw_html]JTNDcCUyMHN0eWxlJTNEJTIydGV4dC1hbGlnbiUzQSUyMGNlbnRlciUzQiUyMiUzRSUzQ2ElMjBjbGFzcyUzRCUyMnNhLXNjcm9sbCUyMHRyYW5zaXRpb24lMjIlMjBocmVmJTNEJTIyJTIzY3RhJTIyJTNFJTBBJTNDaSUyMGNsYXNzJTNEJTIyZmElMjBmYS1jaGV2cm9uLWRvd24lMjBmZy1jb2xvcjIlMjIlM0UlM0MlMkZpJTNFJTBBJTNDJTJGYSUzRSUzQyUyRnAlM0U=[\/vc_raw_html][\/vc_column][\/vc_row][vc_row full_width=\u00a0\u00bbstretch_row\u00a0\u00bb css=\u00a0\u00bb.vc_custom_1566573583282{padding-top: 30px !important;background-color: #052148 !important;}\u00a0\u00bb el_id=\u00a0\u00bbcta\u00a0\u00bb][vc_column]<h2 class=\"vcex-module vcex-heading vcex-heading-plain\" style=\"color:#ffffff;text-align:center;\"><span class=\"vcex-heading-inner clr\">Le saviez-vous ?<\/span><\/h2>[vc_column_text color=\u00a0\u00bb#ffffff\u00a0\u00bb]\r\n<p style=\"text-align: center;\">Les entreprises qui ont adopt\u00e9 tr\u00e8s t\u00f4t la m\u00e9thode de la personnalit\u00e9 de l&rsquo;acheteur constatent une bien\r\nmeilleure efficacit\u00e9 de leur processus marketing. Quelques statistiques int\u00e9ressantes r\u00e9v\u00e8lent l&rsquo;importance des\r\npersonnalit\u00e9s de l&rsquo;acheteur:<\/p>\r\n[\/vc_column_text][vc_row_inner][vc_column_inner width=\u00a0\u00bb1\/4&Prime;][vc_raw_html]JTNDZGl2JTIwY2xhc3MlM0QlMjJmbmItZmFjdC1pdGVtJTIwdGV4dC1jZW50ZXIlMjB3aWR0aDMlMjIlM0UlMEElMjAlMjAlMjAlMjAlMjAlMjAlMjAlMjAlMjAlMjAlM0NkaXYlMjBjbGFzcyUzRCUyMmZuYi1mYWN0LXdyYXBwZXIlMjBmbGV4JTIwZmxleC13cmFwJTIyJTNFJTBBJTIwJTIwJTIwJTIwJTIwJTIwJTIwJTIwJTIwJTIwJTIwJTIwJTNDZGl2JTIwY2xhc3MlM0QlMjJmbmItdG9wJTIyJTNFJTBBJTIwJTIwJTIwJTIwJTIwJTIwJTIwJTIwJTIwJTIwJTIwJTIwJTIwJTIwJTBBJTIwJTIwJTIwJTIwJTIwJTIwJTIwJTIwJTIwJTIwJTIwJTIwJTIwJTIwJTNDZGl2JTIwY2xhc3MlM0QlMjJmbmItaWNvbiUyMGhhbGlnbi1jZW50ZXIlMjIlMjBzdHlsZSUzRCUyMndpZHRoJTNBNDBweCUzQmhlaWdodCUzQTQwcHglM0JsaW5lLWhlaWdodCUzQTQwcHglM0IlMjIlM0UlMEElMjAlMjAlMjAlMjAlMjAlMjAlMjAlMjAlMjAlMjAlMjAlMjAlMjAlMjAlMjAlMjAlMEElMjAlMjAlMjAlMjAlMjAlMjAlMjAlMjAlMjAlMjAlMjAlMjAlMjAlMjAlMjAlMjAlM0NzdmclMjB2ZXJzaW9uJTNEJTIyMS4wJTIyJTIweG1sbnMlM0QlMjJodHRwJTNBJTJGJTJGd3d3LnczLm9yZyUyRjIwMDAlMkZzdmclMjIlMjB2aWV3Qm94JTNEJTIyMCUyMDAlMjAzODQlMjA1MTIlMjIlMjBhcmlhLWhpZGRlbiUzRCUyMnRydWUlMjIlM0UlM0NnJTIwaWQlM0QlMjJsYXllcjElMjIlM0UlM0NwYXRoJTIwZCUzRCUyMk0xMjAlMjA3MmMwLTM5Ljc2NSUyMDMyLjIzNS03MiUyMDcyLTcyczcyJTIwMzIuMjM1JTIwNzIlMjA3MmMwJTIwMzkuNzY0LTMyLjIzNSUyMDcyLTcyJTIwNzJzLTcyLTMyLjIzNi03Mi03MnptMjU0LjYyNyUyMDEuMzczYy0xMi40OTYtMTIuNDk3LTMyLjc1OC0xMi40OTctNDUuMjU0JTIwMEwyNDIuNzQ1JTIwMTYwSDE0MS4yNTRMNTQuNjI3JTIwNzMuMzczYy0xMi40OTYtMTIuNDk3LTMyLjc1OC0xMi40OTctNDUuMjU0JTIwMC0xMi40OTclMjAxMi40OTctMTIuNDk3JTIwMzIuNzU4JTIwMCUyMDQ1LjI1NUwxMDQlMjAyMTMuMjU0VjQ4MGMwJTIwMTcuNjczJTIwMTQuMzI3JTIwMzIlMjAzMiUyMDMyaDE2YzE3LjY3MyUyMDAlMjAzMi0xNC4zMjclMjAzMi0zMlYzNjhoMTZ2MTEyYzAlMjAxNy42NzMlMjAxNC4zMjclMjAzMiUyMDMyJTIwMzJoMTZjMTcuNjczJTIwMCUyMDMyLTE0LjMyNyUyMDMyLTMyVjIxMy4yNTRsOTQuNjI3LTk0LjYyN2MxMi40OTctMTIuNDk3JTIwMTIuNDk3LTMyLjc1NyUyMDAtNDUuMjU0eiUyMiUzRSUzQyUyRnBhdGglM0UlM0MlMkZnJTNFJTNDJTJGc3ZnJTNFJTBBJTIwJTIwJTIwJTIwJTIwJTIwJTIwJTIwJTIwJTIwJTIwJTIwJTIwJTIwJTIwJTIwJTBBJTIwJTIwJTIwJTIwJTIwJTIwJTIwJTIwJTIwJTIwJTIwJTIwJTIwJTIwJTNDJTJGZGl2JTNFJTBBJTIwJTIwJTIwJTIwJTIwJTIwJTIwJTIwJTIwJTIwJTIwJTIwJTIwJTIwJTBBJTIwJTIwJTIwJTIwJTIwJTIwJTIwJTIwJTIwJTIwJTIwJTIwJTIwJTIwJTNDZGl2JTIwY2xhc3MlM0QlMjJmbmItbnVtYmVyJTIwc2Vjb25kYXJ5LWZvbnQlMjBib2xkJTIyJTNFMi01eCUzQyUyRmRpdiUzRSUwQSUyMCUyMCUyMCUyMCUyMCUyMCUyMCUyMCUyMCUyMCUyMCUyMCUyMCUyMCUwQSUyMCUyMCUyMCUyMCUyMCUyMCUyMCUyMCUyMCUyMCUyMCUyMCUyMCUyMCUzQ2RpdiUyMGNsYXNzJTNEJTIyZm5iLXN1bW1hcnklMjBzbWFsbC10ZXh0JTIyJTNFTCUyN3V0aWxpc2F0aW9uJTIwZGUlMjBwZXJzb25uYWxpdCVDMyVBOXMlMjBkJTI3YWNoZXRldXJzJTIwYSUyMHJlbmR1JTIwbGVzJTIwc2l0ZXMlMjBXZWIlMjAyJTIwJUMzJUEwJTIwNSUyMGZvaXMlMjBwbHVzJTIwZWZmaWNhY2VzJTIwZXQlMjBwbHVzJTIwZmFjaWxlcyUyMCVDMyVBMCUyMHV0aWxpc2VyJTNDJTJGZGl2JTNFJTBBJTIwJTIwJTIwJTIwJTIwJTIwJTIwJTIwJTIwJTIwJTIwJTIwJTNDJTJGZGl2JTNFJTBBJTIwJTIwJTIwJTIwJTIwJTIwJTIwJTIwJTIwJTIwJTIwJTIwJTBBJTIwJTIwJTIwJTIwJTIwJTIwJTIwJTIwJTIwJTIwJTNDJTJGZGl2JTNFJTBBJTIwJTIwJTIwJTIwJTIwJTIwJTIwJTIwJTNDJTJGZGl2JTNF[\/vc_raw_html][\/vc_column_inner][vc_column_inner width=\u00a0\u00bb1\/4&Prime;][vc_raw_html]JTNDZGl2JTIwY2xhc3MlM0QlMjJmbmItZmFjdC1pdGVtJTIwdGV4dC1jZW50ZXIlMjB3aWR0aDMlMjIlM0UlMEElMjAlMjAlMjAlMjAlMjAlMjAlMjAlMjAlMjAlMjAlM0NkaXYlMjBjbGFzcyUzRCUyMmZuYi1mYWN0LXdyYXBwZXIlMjBmbGV4JTIwZmxleC13cmFwJTIyJTNFJTBBJTIwJTIwJTIwJTIwJTIwJTIwJTIwJTIwJTIwJTIwJTIwJTIwJTNDZGl2JTIwY2xhc3MlM0QlMjJmbmItdG9wJTIyJTNFJTBBJTIwJTIwJTIwJTIwJTIwJTIwJTIwJTIwJTIwJTIwJTIwJTIwJTIwJTIwJTBBJTIwJTIwJTIwJTIwJTIwJTIwJTIwJTIwJTIwJTIwJTIwJTIwJTIwJTIwJTNDZGl2JTIwY2xhc3MlM0QlMjJmbmItaWNvbiUyMGhhbGlnbi1jZW50ZXIlMjIlMjBzdHlsZSUzRCUyMndpZHRoJTNBNDBweCUzQmhlaWdodCUzQTQwcHglM0JsaW5lLWhlaWdodCUzQTQwcHglM0IlMjIlM0UlMEElMjAlMjAlMjAlMjAlMjAlMjAlMjAlMjAlMjAlMjAlMjAlMjAlMjAlMjAlMjAlMjAlMEElMjAlMjAlMjAlMjAlMjAlMjAlMjAlMjAlMjAlMjAlMjAlMjAlMjAlMjAlMjAlMjAlM0NzdmclMjB2ZXJzaW9uJTNEJTIyMS4wJTIyJTIweG1sbnMlM0QlMjJodHRwJTNBJTJGJTJGd3d3LnczLm9yZyUyRjIwMDAlMkZzdmclMjIlMjB2aWV3Qm94JTNEJTIyMCUyMDAlMjA1MTIlMjA1MTIlMjIlMjBhcmlhLWhpZGRlbiUzRCUyMnRydWUlMjIlM0UlM0NnJTIwaWQlM0QlMjJsYXllcjElMjIlM0UlM0NwYXRoJTIwZCUzRCUyMk00NjQlMjA2NEg0OEMyMS40OSUyMDY0JTIwMCUyMDg1LjQ5JTIwMCUyMDExMnYyODhjMCUyMDI2LjUxJTIwMjEuNDklMjA0OCUyMDQ4JTIwNDhoNDE2YzI2LjUxJTIwMCUyMDQ4LTIxLjQ5JTIwNDgtNDhWMTEyYzAtMjYuNTEtMjEuNDktNDgtNDgtNDh6bS0yODglMjA4MGMzOC42NiUyMDAlMjA3MCUyMDMxLjM0JTIwNzAlMjA3MHMtMzEuMzQlMjA3MC03MCUyMDcwLTcwLTMxLjM0LTcwLTcwJTIwMzEuMzQtNzAlMjA3MC03MHptMTEyJTIwMjAzYzAlMjAxMS41OTgtOS40MDIlMjAyMS0yMSUyMDIxSDg1Yy0xMS41OTglMjAwLTIxLTkuNDAyLTIxLTIxdi0xNi4yMDdjMC0xOS4yNzIlMjAxMy4xMTYtMzYuMDcyJTIwMzEuODEzLTQwLjc0NmwzMS4yLTcuOGMyNS40NjQlMjAxOC4zMTYlMjA2NS4xOTUlMjAyMy41NzclMjA5Ny45NzQlMjAwbDMxLjIlMjA3LjhDMjc0Ljg4NCUyMDI5NC43MjElMjAyODglMjAzMTEuNTIlMjAyODglMjAzMzAuNzkzVjM0N3ptMTYwLTM5YzAlMjA2LjYyNy01LjM3MyUyMDEyLTEyJTIwMTJIMzMyYy02LjYyNyUyMDAtMTItNS4zNzMtMTItMTJ2LThjMC02LjYyNyUyMDUuMzczLTEyJTIwMTItMTJoMTA0YzYuNjI3JTIwMCUyMDEyJTIwNS4zNzMlMjAxMiUyMDEydjh6bTAtNjRjMCUyMDYuNjI3LTUuMzczJTIwMTItMTIlMjAxMkgzMzJjLTYuNjI3JTIwMC0xMi01LjM3My0xMi0xMnYtOGMwLTYuNjI3JTIwNS4zNzMtMTIlMjAxMi0xMmgxMDRjNi42MjclMjAwJTIwMTIlMjA1LjM3MyUyMDEyJTIwMTJ2OHptMC02NGMwJTIwNi42MjctNS4zNzMlMjAxMi0xMiUyMDEySDMzMmMtNi42MjclMjAwLTEyLTUuMzczLTEyLTEydi04YzAtNi42MjclMjA1LjM3My0xMiUyMDEyLTEyaDEwNGM2LjYyNyUyMDAlMjAxMiUyMDUuMzczJTIwMTIlMjAxMnY4eiUyMiUzRSUzQyUyRnBhdGglM0UlM0MlMkZnJTNFJTNDJTJGc3ZnJTNFJTBBJTIwJTIwJTIwJTIwJTIwJTIwJTIwJTIwJTIwJTIwJTIwJTIwJTIwJTIwJTIwJTIwJTBBJTIwJTIwJTIwJTIwJTIwJTIwJTIwJTIwJTIwJTIwJTIwJTIwJTIwJTIwJTNDJTJGZGl2JTNFJTBBJTIwJTIwJTIwJTIwJTIwJTIwJTIwJTIwJTIwJTIwJTIwJTIwJTIwJTIwJTBBJTIwJTIwJTIwJTIwJTIwJTIwJTIwJTIwJTIwJTIwJTIwJTIwJTIwJTIwJTNDZGl2JTIwY2xhc3MlM0QlMjJmbmItbnVtYmVyJTIwc2Vjb25kYXJ5LWZvbnQlMjBib2xkJTIyJTNFMnglM0MlMkZkaXYlM0UlMEElMjAlMjAlMjAlMjAlMjAlMjAlMjAlMjAlMjAlMjAlMjAlMjAlMjAlMjAlMEElMjAlMjAlMjAlMjAlMjAlMjAlMjAlMjAlMjAlMjAlMjAlMjAlMjAlMjAlM0NkaXYlMjBjbGFzcyUzRCUyMmZuYi1zdW1tYXJ5JTIwc21hbGwtdGV4dCUyMiUzRUxlcyUyMGVudHJlcHJpc2VzJTIwcXVpJTIwZCVDMyVBOXBhc3NlbnQlMjBsZXVycyUyMG9iamVjdGlmcyUyMGVuJTIwdGVybWVzJTIwZGUlMjBjaGlmZnJlJTIwZCUyN2FmZmFpcmVzJTIwZXQlMjBkZSUyMGxlYWRlcnNoaXAlMjBzb250JTIwZGV1eCUyMGZvaXMlMjBwbHVzJTIwc3VzY2VwdGlibGVzJTIwZCUyN3V0aWxpc2VyJTIwZGVzJTIwcGVyc29ubmFsaXQlQzMlQTlzJTNDJTJGZGl2JTNFJTBBJTIwJTIwJTIwJTIwJTIwJTIwJTIwJTIwJTIwJTIwJTIwJTIwJTNDJTJGZGl2JTNFJTBBJTIwJTIwJTIwJTIwJTIwJTIwJTIwJTIwJTIwJTIwJTIwJTIwJTBBJTIwJTIwJTIwJTIwJTIwJTIwJTIwJTIwJTIwJTIwJTNDJTJGZGl2JTNFJTBBJTIwJTIwJTIwJTIwJTIwJTIwJTIwJTIwJTNDJTJGZGl2JTNF[\/vc_raw_html][\/vc_column_inner][vc_column_inner width=\u00a0\u00bb1\/4&Prime;][vc_raw_html]JTNDZGl2JTIwY2xhc3MlM0QlMjJmbmItZmFjdC1pdGVtJTIwdGV4dC1jZW50ZXIlMjB3aWR0aDMlMjIlM0UlMEElMjAlMjAlMjAlMjAlMjAlMjAlMjAlMjAlMjAlMjAlM0NkaXYlMjBjbGFzcyUzRCUyMmZuYi1mYWN0LXdyYXBwZXIlMjBmbGV4JTIwZmxleC13cmFwJTIyJTNFJTBBJTIwJTIwJTIwJTIwJTIwJTIwJTIwJTIwJTIwJTIwJTIwJTIwJTNDZGl2JTIwY2xhc3MlM0QlMjJmbmItdG9wJTIyJTNFJTBBJTIwJTIwJTIwJTIwJTIwJTIwJTIwJTIwJTIwJTIwJTIwJTIwJTIwJTIwJTBBJTIwJTIwJTIwJTIwJTIwJTIwJTIwJTIwJTIwJTIwJTIwJTIwJTIwJTIwJTNDZGl2JTIwY2xhc3MlM0QlMjJmbmItaWNvbiUyMGhhbGlnbi1jZW50ZXIlMjIlMjBzdHlsZSUzRCUyMndpZHRoJTNBNDBweCUzQmhlaWdodCUzQTQwcHglM0JsaW5lLWhlaWdodCUzQTQwcHglM0IlMjIlM0UlMEElMjAlMjAlMjAlMjAlMjAlMjAlMjAlMjAlMjAlMjAlMjAlMjAlMjAlMjAlMjAlMjAlMEElMjAlMjAlMjAlMjAlMjAlMjAlMjAlMjAlMjAlMjAlMjAlMjAlMjAlMjAlMjAlMjAlM0NzdmclMjB2ZXJzaW9uJTNEJTIyMS4wJTIyJTIweG1sbnMlM0QlMjJodHRwJTNBJTJGJTJGd3d3LnczLm9yZyUyRjIwMDAlMkZzdmclMjIlMjB2aWV3Qm94JTNEJTIyMCUyMDAlMjA1MTIlMjA1MTIlMjIlMjBhcmlhLWhpZGRlbiUzRCUyMnRydWUlMjIlM0UlM0NnJTIwaWQlM0QlMjJsYXllcjElMjIlM0UlM0NwYXRoJTIwZCUzRCUyMk00LjcwMiUyMDExNi42ODZsNzkuOTg0LTgwLjAwMmM2LjI0OC02LjI0NyUyMDE2LjM4My02LjI0NSUyMDIyLjYyNyUyMDBsNzkuOTgxJTIwODAuMDAyYzEwLjA3JTIwMTAuMDclMjAyLjg5OSUyMDI3LjMxNC0xMS4zMTQlMjAyNy4zMTRIMTI4djMyMGMwJTIwOC44MzctNy4xNjMlMjAxNi0xNiUyMDE2SDgwYy04LjgzNyUyMDAtMTYtNy4xNjMtMTYtMTZWMTQ0SDE2LjAxNmMtMTQuMjQxJTIwMC0yMS4zNjMtMTcuMjY0LTExLjMxNC0yNy4zMTR6TTI0MCUyMDk2aDI1NmM4LjgzNyUyMDAlMjAxNi03LjE2MyUyMDE2LTE2VjQ4YzAtOC44MzctNy4xNjMtMTYtMTYtMTZIMjQwYy04LjgzNyUyMDAtMTYlMjA3LjE2My0xNiUyMDE2djMyYzAlMjA4LjgzNyUyMDcuMTYzJTIwMTYlMjAxNiUyMDE2em0tMTYlMjAxMTJ2LTMyYzAtOC44MzclMjA3LjE2My0xNiUyMDE2LTE2aDE5MmM4LjgzNyUyMDAlMjAxNiUyMDcuMTYzJTIwMTYlMjAxNnYzMmMwJTIwOC44MzctNy4xNjMlMjAxNi0xNiUyMDE2SDI0MGMtOC44MzclMjAwLTE2LTcuMTYzLTE2LTE2em0wJTIwMjU2di0zMmMwLTguODM3JTIwNy4xNjMtMTYlMjAxNi0xNmg2NGM4LjgzNyUyMDAlMjAxNiUyMDcuMTYzJTIwMTYlMjAxNnYzMmMwJTIwOC44MzctNy4xNjMlMjAxNi0xNiUyMDE2aC02NGMtOC44MzclMjAwLTE2LTcuMTYzLTE2LTE2em0wLTEyOHYtMzJjMC04LjgzNyUyMDcuMTYzLTE2JTIwMTYtMTZoMTI4YzguODM3JTIwMCUyMDE2JTIwNy4xNjMlMjAxNiUyMDE2djMyYzAlMjA4LjgzNy03LjE2MyUyMDE2LTE2JTIwMTZIMjQwYy04LjgzNyUyMDAtMTYtNy4xNjMtMTYtMTZ6JTIyJTNFJTNDJTJGcGF0aCUzRSUzQyUyRmclM0UlM0MlMkZzdmclM0UlMEElMjAlMjAlMjAlMjAlMjAlMjAlMjAlMjAlMjAlMjAlMjAlMjAlMjAlMjAlMjAlMjAlMEElMjAlMjAlMjAlMjAlMjAlMjAlMjAlMjAlMjAlMjAlMjAlMjAlMjAlMjAlM0MlMkZkaXYlM0UlMEElMjAlMjAlMjAlMjAlMjAlMjAlMjAlMjAlMjAlMjAlMjAlMjAlMjAlMjAlMEElMjAlMjAlMjAlMjAlMjAlMjAlMjAlMjAlMjAlMjAlMjAlMjAlMjAlMjAlM0NkaXYlMjBjbGFzcyUzRCUyMmZuYi1udW1iZXIlMjBzZWNvbmRhcnktZm9udCUyMGJvbGQlMjIlM0U5MDAlMjUlM0MlMkZkaXYlM0UlMEElMjAlMjAlMjAlMjAlMjAlMjAlMjAlMjAlMjAlMjAlMjAlMjAlMjAlMjAlMEElMjAlMjAlMjAlMjAlMjAlMjAlMjAlMjAlMjAlMjAlMjAlMjAlMjAlMjAlM0NkaXYlMjBjbGFzcyUzRCUyMmZuYi1zdW1tYXJ5JTIwc21hbGwtdGV4dCUyMiUzRUwlMjd1dGlsaXNhdGlvbiUyMGRlJTIwcGVyc29ubmFsaXQlQzMlQTlzJTIwZCUyN2FjaGV0ZXVycyUyMGElMjBhdWdtZW50JUMzJUE5JTIwbGElMjBkdXIlQzMlQTllJTIwZGVzJTIwdmlzaXRlcyUyMHN1ciUyMGxlJTIwV2ViJTIwZGUlMjA5MDAlMjUlMjAlMjElM0MlMkZkaXYlM0UlMEElMjAlMjAlMjAlMjAlMjAlMjAlMjAlMjAlMjAlMjAlMjAlMjAlM0MlMkZkaXYlM0UlMEElMjAlMjAlMjAlMjAlMjAlMjAlMjAlMjAlMjAlMjAlMjAlMjAlMEElMjAlMjAlMjAlMjAlMjAlMjAlMjAlMjAlMjAlMjAlM0MlMkZkaXYlM0UlMEElMjAlMjAlMjAlMjAlMjAlMjAlMjAlMjAlM0MlMkZkaXYlM0U=[\/vc_raw_html][\/vc_column_inner][vc_column_inner width=\u00a0\u00bb1\/4&Prime;][vc_raw_html]JTNDZGl2JTIwY2xhc3MlM0QlMjJmbmItZmFjdC1pdGVtJTIwdGV4dC1jZW50ZXIlMjB3aWR0aDMlMjIlM0UlMEElMjAlMjAlMjAlMjAlMjAlMjAlMjAlMjAlMjAlMjAlM0NkaXYlMjBjbGFzcyUzRCUyMmZuYi1mYWN0LXdyYXBwZXIlMjBmbGV4JTIwZmxleC13cmFwJTIyJTNFJTBBJTIwJTIwJTIwJTIwJTIwJTIwJTIwJTIwJTIwJTIwJTIwJTIwJTNDZGl2JTIwY2xhc3MlM0QlMjJmbmItdG9wJTIyJTNFJTBBJTIwJTIwJTIwJTIwJTIwJTIwJTIwJTIwJTIwJTIwJTIwJTIwJTIwJTIwJTBBJTIwJTIwJTIwJTIwJTIwJTIwJTIwJTIwJTIwJTIwJTIwJTIwJTIwJTIwJTNDZGl2JTIwY2xhc3MlM0QlMjJmbmItaWNvbiUyMGhhbGlnbi1jZW50ZXIlMjIlMjBzdHlsZSUzRCUyMndpZHRoJTNBNDBweCUzQmhlaWdodCUzQTQwcHglM0JsaW5lLWhlaWdodCUzQTQwcHglM0IlMjIlM0UlMEElMjAlMjAlMjAlMjAlMjAlMjAlMjAlMjAlMjAlMjAlMjAlMjAlMjAlMjAlMjAlMjAlMEElMjAlMjAlMjAlMjAlMjAlMjAlMjAlMjAlMjAlMjAlMjAlMjAlMjAlMjAlMjAlMjAlM0NzdmclMjB2ZXJzaW9uJTNEJTIyMS4wJTIyJTIweG1sbnMlM0QlMjJodHRwJTNBJTJGJTJGd3d3LnczLm9yZyUyRjIwMDAlMkZzdmclMjIlMjB2aWV3Qm94JTNEJTIyMCUyMDAlMjA2NDAlMjA1MTIlMjIlMjBhcmlhLWhpZGRlbiUzRCUyMnRydWUlMjIlM0UlM0NnJTIwaWQlM0QlMjJsYXllcjElMjIlM0UlM0NwYXRoJTIwZCUzRCUyMk0zMjAlMjA2NGM1Ny45OSUyMDAlMjAxMDUlMjA0Ny4wMSUyMDEwNSUyMDEwNXMtNDcuMDElMjAxMDUtMTA1JTIwMTA1LTEwNS00Ny4wMS0xMDUtMTA1UzI2Mi4wMSUyMDY0JTIwMzIwJTIwNjR6bTExMy40NjMlMjAyMTcuMzY2bC0zOS45ODItOS45OTZjLTQ5LjE2OCUyMDM1LjM2NS0xMDguNzY2JTIwMjcuNDczLTE0Ni45NjElMjAwbC0zOS45ODIlMjA5Ljk5NkMxNzQuNDg1JTIwMjg5LjM3OSUyMDE1MiUyMDMxOC4xNzclMjAxNTIlMjAzNTEuMjE2VjQxMmMwJTIwMTkuODgyJTIwMTYuMTE4JTIwMzYlMjAzNiUyMDM2aDI2NGMxOS44ODIlMjAwJTIwMzYtMTYuMTE4JTIwMzYtMzZ2LTYwLjc4NGMwLTMzLjAzOS0yMi40ODUtNjEuODM3LTU0LjUzNy02OS44NXpNNTI4JTIwMzAwYzM4LjY2JTIwMCUyMDcwLTMxLjM0JTIwNzAtNzBzLTMxLjM0LTcwLTcwLTcwLTcwJTIwMzEuMzQtNzAlMjA3MCUyMDMxLjM0JTIwNzAlMjA3MCUyMDcwem0tNDE2JTIwMGMzOC42NiUyMDAlMjA3MC0zMS4zNCUyMDcwLTcwcy0zMS4zNC03MC03MC03MC03MCUyMDMxLjM0LTcwJTIwNzAlMjAzMS4zNCUyMDcwJTIwNzAlMjA3MHptMjQlMjAxMTJ2LTYwLjc4NGMwLTE2LjU1MSUyMDQuNTkzLTMyLjIwNCUyMDEyLjcwMy00NS41OTktMjkuOTg4JTIwMTQuNzItNjMuMzM2JTIwOC43MDgtODUuNjktNy4zN2wtMjYuNjU1JTIwNi42NjRDMTQuOTklMjAzMTAuMjUyJTIwMCUyMDMyOS40NTIlMjAwJTIwMzUxLjQ3N1YzOTJjMCUyMDEzLjI1NSUyMDEwLjc0NSUyMDI0JTIwMjQlMjAyNGgxMTIuMTY5YTUyLjQxNyUyMDUyLjQxNyUyMDAlMjAwJTIwMS0uMTY5LTR6bTQ2Ny42NDItMTA3LjA5bC0yNi42NTUtNi42NjRjLTI3LjkyNSUyMDIwLjA4Ni02MC44OSUyMDE5LjIzMy04NS43ODYlMjA3LjIxOEM0OTkuMzY5JTIwMzE4Ljg5MyUyMDUwNCUyMDMzNC42MDElMjA1MDQlMjAzNTEuMjE2VjQxMmMwJTIwMS4zNDctLjA2OCUyMDIuNjc4LS4xNjklMjA0SDYxNmMxMy4yNTUlMjAwJTIwMjQtMTAuNzQ1JTIwMjQtMjR2LTQwLjUyM2MwLTIyLjAyNS0xNC45OS00MS4yMjUtMzYuMzU4LTQ2LjU2N3olMjIlM0UlM0MlMkZwYXRoJTNFJTNDJTJGZyUzRSUzQyUyRnN2ZyUzRSUwQSUyMCUyMCUyMCUyMCUyMCUyMCUyMCUyMCUyMCUyMCUyMCUyMCUyMCUyMCUyMCUyMCUwQSUyMCUyMCUyMCUyMCUyMCUyMCUyMCUyMCUyMCUyMCUyMCUyMCUyMCUyMCUzQyUyRmRpdiUzRSUwQSUyMCUyMCUyMCUyMCUyMCUyMCUyMCUyMCUyMCUyMCUyMCUyMCUyMCUyMCUwQSUyMCUyMCUyMCUyMCUyMCUyMCUyMCUyMCUyMCUyMCUyMCUyMCUyMCUyMCUzQ2RpdiUyMGNsYXNzJTNEJTIyZm5iLW51bWJlciUyMHNlY29uZGFyeS1mb250JTIwYm9sZCUyMiUzRTd4JTNDJTJGZGl2JTNFJTBBJTIwJTIwJTIwJTIwJTIwJTIwJTIwJTIwJTIwJTIwJTIwJTIwJTIwJTIwJTBBJTIwJTIwJTIwJTIwJTIwJTIwJTIwJTIwJTIwJTIwJTIwJTIwJTIwJTIwJTNDZGl2JTIwY2xhc3MlM0QlMjJmbmItc3VtbWFyeSUyMHNtYWxsLXRleHQlMjIlM0VMZXMlMjBvcmdhbmlzYXRpb25zJTIwJUMzJUEwJTIwaGF1dCUyMHJlbmRlbWVudCUyMHNvbnQlMjA3JTIwZm9pcyUyMHBsdXMlMjBzdXNjZXB0aWJsZXMlMjBkJTI3YXZvaXIlMjBtaXMlMjAlQzMlQTAlMjBqb3VyJTIwbGV1cnMlMjBwZXJzb25uYWxpdCVDMyVBOXMlMjBkJUUyJTgwJTk5YWNoZXRldXJzJTIwYXUlMjBjb3VycyUyMGRlcyUyMHNpeCUyMGRlcm5pZXJzJTIwbW9pcy4lM0MlMkZkaXYlM0UlMEElMjAlMjAlMjAlMjAlMjAlMjAlMjAlMjAlMjAlMjAlMjAlMjAlM0MlMkZkaXYlM0UlMEElMjAlMjAlMjAlMjAlMjAlMjAlMjAlMjAlMjAlMjAlMjAlMjAlMEElMjAlMjAlMjAlMjAlMjAlMjAlMjAlMjAlMjAlMjAlM0MlMkZkaXYlM0UlMEElMjAlMjAlMjAlMjAlMjAlMjAlMjAlMjAlM0MlMkZkaXYlM0U=[\/vc_raw_html][\/vc_column_inner][\/vc_row_inner][\/vc_column][\/vc_row][vc_row full_width=\u00a0\u00bbstretch_row\u00a0\u00bb css=\u00a0\u00bb.vc_custom_1560950265302{margin-top: -40px !important;background-color: #f2f2f2 !important;}\u00a0\u00bb][vc_column][vc_column_text css=\u00a0\u00bb.vc_custom_1588690898689{padding-bottom: 20px !important;background-color: #f2f2f2 !important;}\u00a0\u00bb]\r\n<h2 style=\"text-align: center;\">Nous faisons plus qu&rsquo;un simple d\u00e9veloppement de personnalit\u00e9 d\u2019acheteur<\/h2>\r\n<p style=\"text-align: center;\">La mise en \u00e9vidence de votre personnalit\u00e9 d&rsquo;acheteur n&rsquo;est qu&rsquo;un \u00e9l\u00e9ment de votre strat\u00e9gie de marketing\r\ndigital. C&rsquo;est un bon d\u00e9but, mais si vous voulez voir les r\u00e9sultats de vos efforts, vous devez int\u00e9grer votre\r\npersonnalit\u00e9 d&rsquo;acheteur dans tous les aspects de votre strat\u00e9gie de marketing digital.<\/p>\r\n[\/vc_column_text][vc_raw_html]JTNDZGl2JTIwY2xhc3MlM0QlMjJ0YjEtY3RhJTIyJTIwc3R5bGUlM0QlMjJ0ZXh0LWFsaWduJTNBY2VudGVyJTNCJTIyJTNFJTBBJTIwJTIwJTIwJTIwJTIwJTIwJTIwJTIwJTIwJTIwJTNDYSUyMGNsYXNzJTNEJTIyd3NpLXRleHQtYnV0dG9uJTIwdGV4dC1ncmVlbiUyMiUyMGhyZWYlM0QlMjJodHRwJTNBJTJGJTJGd3Npc21lLmNvbSUyRmZyJTJGc2VydmljZXMtZGUtbWFya2V0aW5nLW51bWVyaXF1ZSUyRiUyMiUzRUQlQzMlODlDT1VWUkVaJTIwTk9UUkUlMjBHQU1NRSUyMENPTVBMJUMzJTg4VEUlMjBERSUyMFNFUlZJQ0VTJTIwREUlMjBNQVJLRVRJTkclMjBESUdJVEFMJTNDJTJGYSUzRSUwQSUyMCUyMCUyMCUyMCUyMCUyMCUyMCUyMCUzQyUyRmRpdiUzRQ==[\/vc_raw_html][\/vc_column][\/vc_row]<\/div>","protected":false},"excerpt":{"rendered":"[vc_row full_width=\u00a0\u00bbstretch_row\u00a0\u00bb content_placement=\u00a0\u00bbmiddle\u00a0\u00bb css=\u00a0\u00bb.vc_custom_1571768210025{margin-bottom: 40px !important;}\u00a0\u00bb][vc_column css=\u00a0\u00bb.vc_custom_1576875326799{margin-bottom: 0px !important;}\u00a0\u00bb][vc_column_text] D\u00e9veloppement de la personnalit\u00e9 de l\u2019acheteur [\/vc_column_text][\/vc_column][\/vc_row][vc_row full_width=\u00a0\u00bbstretch_row\u00a0\u00bb content_placement=\u00a0\u00bbmiddle\u00a0\u00bb][vc_column][vc_column_text] Tout ce que fait votre entreprise, en mati\u00e8re de ventes, de marketing, de produits et services, doit \u00eatre adapt\u00e9 \u00e0 la personnalit\u00e9&hellip;","protected":false},"author":2,"featured_media":0,"parent":8046,"menu_order":17,"comment_status":"closed","ping_status":"closed","template":"","meta":{"_acf_changed":false,"footnotes":""},"class_list":["post-8038","page","type-page","status-publish","hentry","entry","no-media"],"acf":[],"_links":{"self":[{"href":"https:\/\/wsisme.com\/fr\/wp-json\/wp\/v2\/pages\/8038","targetHints":{"allow":["GET"]}}],"collection":[{"href":"https:\/\/wsisme.com\/fr\/wp-json\/wp\/v2\/pages"}],"about":[{"href":"https:\/\/wsisme.com\/fr\/wp-json\/wp\/v2\/types\/page"}],"author":[{"embeddable":true,"href":"https:\/\/wsisme.com\/fr\/wp-json\/wp\/v2\/users\/2"}],"replies":[{"embeddable":true,"href":"https:\/\/wsisme.com\/fr\/wp-json\/wp\/v2\/comments?post=8038"}],"version-history":[{"count":0,"href":"https:\/\/wsisme.com\/fr\/wp-json\/wp\/v2\/pages\/8038\/revisions"}],"up":[{"embeddable":true,"href":"https:\/\/wsisme.com\/fr\/wp-json\/wp\/v2\/pages\/8046"}],"wp:attachment":[{"href":"https:\/\/wsisme.com\/fr\/wp-json\/wp\/v2\/media?parent=8038"}],"curies":[{"name":"wp","href":"https:\/\/api.w.org\/{rel}","templated":true}]}}