{"id":8039,"date":"2020-02-07T18:14:46","date_gmt":"2020-02-07T18:14:46","guid":{"rendered":"http:\/\/wsisme.com\/?page_id=8039"},"modified":"2021-11-16T20:02:28","modified_gmt":"2021-11-16T20:02:28","slug":"analyses-et-rapports","status":"publish","type":"page","link":"https:\/\/wsisme.com\/fr\/services-de-marketing-numerique\/analyses-et-rapports\/","title":{"rendered":"Analyses et rapports"},"content":{"rendered":"<div class=\"wpb-content-wrapper\">[vc_row full_width=\u00a0\u00bbstretch_row\u00a0\u00bb content_placement=\u00a0\u00bbmiddle\u00a0\u00bb css=\u00a0\u00bb.vc_custom_1571768210025{margin-bottom: 40px !important;}\u00a0\u00bb][vc_column css=\u00a0\u00bb.vc_custom_1576875326799{margin-bottom: 0px !important;}\u00a0\u00bb][vc_column_text]\r\n<h1 style=\"text-align: center;\">Analyse et rapports<\/h1>\r\n[\/vc_column_text][\/vc_column][\/vc_row][vc_row full_width=\u00a0\u00bbstretch_row\u00a0\u00bb content_placement=\u00a0\u00bbmiddle\u00a0\u00bb][vc_column][vc_column_text]\r\n<p style=\"text-align: center;\">Si vous investissez de l&rsquo;argent dans le marketing de votre entreprise, vous devez suivre et\r\nmesurer l&rsquo;efficacit\u00e9 des efforts produits pour conqu\u00e9rir des prospects et r\u00e9ussir des ventes. Nous\r\nvous aidons \u00e0 donner un sens \u00e0 vos analyses et \u00e0 vos rapports de campagne.<\/p>\r\n[\/vc_column_text][\/vc_column][\/vc_row][vc_row full_width=\u00a0\u00bbstretch_row\u00a0\u00bb content_placement=\u00a0\u00bbmiddle\u00a0\u00bb][vc_column][vc_column_text]\r\n<div id=\"hs_cos_wrapper_widget_1554986507176\" class=\"hs_cos_wrapper hs_cos_wrapper_widget hs_cos_wrapper_type_module\" data-hs-cos-general-type=\"widget\" data-hs-cos-type=\"module\">\r\n<div class=\"wsi-module wsi-divider-module\">\r\n<div class=\"wsi-site-wrapper\">\r\n<div class=\"wsi-divider black-divider\"><\/div>\r\n<\/div>\r\n<\/div>\r\n<\/div>\r\n[\/vc_column_text][\/vc_column][\/vc_row][vc_row full_width=\u00a0\u00bbstretch_row\u00a0\u00bb content_placement=\u00a0\u00bbmiddle\u00a0\u00bb css=\u00a0\u00bb.vc_custom_1571768210025{margin-bottom: 40px !important;}\u00a0\u00bb][vc_column width=\u00a0\u00bb1\/2&Prime;][vc_single_image image=\u00a0\u00bb7825&Prime; alignment=\u00a0\u00bbright\u00a0\u00bb][\/vc_column][vc_column width=\u00a0\u00bb1\/2&Prime;][vc_column_text]\r\n<h3 style=\"text-align: left; color: #016e31;\">Les rapports regroupent les donn\u00e9es en un seul endroit pour faciliter leur exploitation<\/h3>\r\nPour conna\u00eetre pr\u00e9cis\u00e9ment les performances de vos campagnes, vous devez compiler, organiser et comparer de nombreuses donn\u00e9es. Nous vous aiderons \u00e0 mettre en place des moyens efficaces pour suivre toutes les informations sans \u00eatre submerg\u00e9 et en tirer des enseignements.[\/vc_column_text][\/vc_column][\/vc_row][vc_row full_width=\u00a0\u00bbstretch_row\u00a0\u00bb css=\u00a0\u00bb.vc_custom_1576874280257{margin-top: -5px !important;}\u00a0\u00bb][vc_column][vc_row_inner content_placement=\u00a0\u00bbmiddle\u00a0\u00bb][vc_column_inner width=\u00a0\u00bb1\/2&Prime;][vc_column_text]\r\n<h3 style=\"text-align: left; color: #016e31;\">Le travail d&rsquo;analyse dans les coulisses<\/h3>\r\nPour optimiser la performance de vos campagnes de marketing digital, vous devrez savoir comment tirer parti de toutes ces donn\u00e9es. Nous pouvons vous aider, avec les outils n\u00e9cessaires, \u00e0 rep\u00e9rer les campagnes qui fonctionnent et \u00e0 rechercher des moyens de les am\u00e9liorer.\r\n\r\n[\/vc_column_text][\/vc_column_inner][vc_column_inner width=\u00a0\u00bb1\/2&Prime;][vc_single_image image=\u00a0\u00bb7827&Prime;][\/vc_column_inner][\/vc_row_inner][\/vc_column][\/vc_row][vc_row content_placement=\u00a0\u00bbmiddle\u00a0\u00bb][vc_column width=\u00a0\u00bb1\/2&Prime;][vc_single_image image=\u00a0\u00bb7829&Prime;][\/vc_column][vc_column width=\u00a0\u00bb1\/2&Prime;][vc_column_text]\r\n<h3 style=\"color: #016e31;\">L&rsquo;analyse compl\u00e8te des donn\u00e9es pour ne manquer aucune opportunit\u00e9<\/h3>\r\nGr\u00e2ce \u00e0 notre large gamme de solutions, nous pouvons vous aider \u00e0 comparer et \u00e0 analyser vos efforts de marketing. Ce travail permettra de d\u00e9terminer le retour sur investissement par rapport \u00e0 votre budget et de proc\u00e9der aux ajustements n\u00e9cessaires.\r\n\r\n[\/vc_column_text][\/vc_column][\/vc_row][vc_row][vc_column][vc_raw_html]JTNDcCUyMHN0eWxlJTNEJTIydGV4dC1hbGlnbiUzQSUyMGNlbnRlciUzQiUyMiUzRSUzQ2ElMjBjbGFzcyUzRCUyMnNhLXNjcm9sbCUyMHRyYW5zaXRpb24lMjIlMjBocmVmJTNEJTIyJTIzY3RhJTIyJTNFJTBBJTNDaSUyMGNsYXNzJTNEJTIyZmElMjBmYS1jaGV2cm9uLWRvd24lMjBmZy1jb2xvcjIlMjIlM0UlM0MlMkZpJTNFJTBBJTNDJTJGYSUzRSUzQyUyRnAlM0U=[\/vc_raw_html][\/vc_column][\/vc_row][vc_row full_width=\u00a0\u00bbstretch_row\u00a0\u00bb css=\u00a0\u00bb.vc_custom_1566573583282{padding-top: 30px !important;background-color: #052148 !important;}\u00a0\u00bb el_id=\u00a0\u00bbcta\u00a0\u00bb][vc_column]<h2 class=\"vcex-module vcex-heading vcex-heading-plain\" style=\"color:#ffffff;text-align:center;\"><span class=\"vcex-heading-inner clr\">Le saviez-vous ?<\/span><\/h2>[vc_column_text color=\u00a0\u00bb#ffffff\u00a0\u00bb]\r\n<p style=\"text-align: center;\">Quand vos d\u00e9cisions en mati\u00e8re de campagne de marketing ne sont pas bas\u00e9es sur les donn\u00e9es, vous vous limitez \u00e0 des suppositions. Voici quelques statistiques li\u00e9es \u00e0 l&rsquo;analyse et au reporting qui pourraient vous faire r\u00e9fl\u00e9chir \u00e0 l&rsquo;importance des donn\u00e9es:<\/p>\r\n[\/vc_column_text][vc_row_inner][vc_column_inner width=\u00a0\u00bb1\/4&Prime;][vc_raw_html]JTNDZGl2JTIwY2xhc3MlM0QlMjJmbmItZmFjdC1pdGVtJTIwdGV4dC1jZW50ZXIlMjB3aWR0aDMlMjIlM0UlMEElMjAlMjAlMjAlMjAlMjAlMjAlMjAlMjAlMjAlMjAlM0NkaXYlMjBjbGFzcyUzRCUyMmZuYi1mYWN0LXdyYXBwZXIlMjBmbGV4JTIwZmxleC13cmFwJTIyJTNFJTBBJTIwJTIwJTIwJTIwJTIwJTIwJTIwJTIwJTIwJTIwJTIwJTIwJTNDZGl2JTIwY2xhc3MlM0QlMjJmbmItdG9wJTIyJTNFJTBBJTIwJTIwJTIwJTIwJTIwJTIwJTIwJTIwJTIwJTIwJTIwJTIwJTIwJTIwJTBBJTIwJTIwJTIwJTIwJTIwJTIwJTIwJTIwJTIwJTIwJTIwJTIwJTIwJTIwJTNDZGl2JTIwY2xhc3MlM0QlMjJmbmItaWNvbiUyMGhhbGlnbi1jZW50ZXIlMjIlMjBzdHlsZSUzRCUyMndpZHRoJTNBNDBweCUzQmhlaWdodCUzQTQwcHglM0JsaW5lLWhlaWdodCUzQTQwcHglM0IlMjIlM0UlMEElMjAlMjAlMjAlMjAlMjAlMjAlMjAlMjAlMjAlMjAlMjAlMjAlMjAlMjAlMjAlMjAlMEElMjAlMjAlMjAlMjAlMjAlMjAlMjAlMjAlMjAlMjAlMjAlMjAlMjAlMjAlMjAlMjAlM0NzdmclMjB2ZXJzaW9uJTNEJTIyMS4wJTIyJTIweG1sbnMlM0QlMjJodHRwJTNBJTJGJTJGd3d3LnczLm9yZyUyRjIwMDAlMkZzdmclMjIlMjB2aWV3Qm94JTNEJTIyMCUyMDAlMjA1MTIlMjA1MTIlMjIlMjBhcmlhLWhpZGRlbiUzRCUyMnRydWUlMjIlM0UlM0NnJTIwaWQlM0QlMjJsYXllcjElMjIlM0UlM0NwYXRoJTIwZCUzRCUyMk01MDAlMjAzODRjNi42JTIwMCUyMDEyJTIwNS40JTIwMTIlMjAxMnY0MGMwJTIwNi42LTUuNCUyMDEyLTEyJTIwMTJIMTJjLTYuNiUyMDAtMTItNS40LTEyLTEyVjc2YzAtNi42JTIwNS40LTEyJTIwMTItMTJoNDBjNi42JTIwMCUyMDEyJTIwNS40JTIwMTIlMjAxMnYzMDhoNDM2ek00NTYlMjA5NkgzNDRjLTIxLjQlMjAwLTMyLjElMjAyNS45LTE3JTIwNDFsMzIuOSUyMDMyLjktNzIlMjA3Mi45LTU1LjYtNTUuNmMtNC43LTQuNy0xMi4yLTQuNy0xNi45JTIwMEw5Ni40JTIwMzA1Yy00LjclMjA0LjYtNC44JTIwMTIuMi0uMiUyMDE2LjlsMjguNSUyMDI5LjRjNC43JTIwNC44JTIwMTIuNCUyMDQuOSUyMDE3LjEuMWw4Mi4xLTgyLjElMjA1NS41JTIwNTUuNWM0LjclMjA0LjclMjAxMi4zJTIwNC43JTIwMTclMjAwbDEwOS4yLTEwOS4yTDQzOSUyMDI0OWMxNS4xJTIwMTUuMSUyMDQxJTIwNC40JTIwNDEtMTdWMTIwYzAtMTMuMy0xMC43LTI0LTI0LTI0eiUyMiUzRSUzQyUyRnBhdGglM0UlM0MlMkZnJTNFJTNDJTJGc3ZnJTNFJTBBJTIwJTIwJTIwJTIwJTIwJTIwJTIwJTIwJTIwJTIwJTIwJTIwJTIwJTIwJTIwJTIwJTBBJTIwJTIwJTIwJTIwJTIwJTIwJTIwJTIwJTIwJTIwJTIwJTIwJTIwJTIwJTNDJTJGZGl2JTNFJTBBJTIwJTIwJTIwJTIwJTIwJTIwJTIwJTIwJTIwJTIwJTIwJTIwJTIwJTIwJTBBJTIwJTIwJTIwJTIwJTIwJTIwJTIwJTIwJTIwJTIwJTIwJTIwJTIwJTIwJTNDZGl2JTIwY2xhc3MlM0QlMjJmbmItbnVtYmVyJTIwc2Vjb25kYXJ5LWZvbnQlMjBib2xkJTIyJTNFNlglM0MlMkZkaXYlM0UlMEElMjAlMjAlMjAlMjAlMjAlMjAlMjAlMjAlMjAlMjAlMjAlMjAlMjAlMjAlMEElMjAlMjAlMjAlMjAlMjAlMjAlMjAlMjAlMjAlMjAlMjAlMjAlMjAlMjAlM0NkaXYlMjBjbGFzcyUzRCUyMmZuYi1zdW1tYXJ5JTIwc21hbGwtdGV4dCUyMiUzRUxlcyUyMGVudHJlcHJpc2VzJTIwcXVpJTIwYWRvcHRlbnQlMjBsZSUyMG1hcmtldGluZyUyMGF4JUMzJUE5JTIwc3VyJTIwbGVzJTIwZG9ubiVDMyVBOWVzJTIwc29udCUyMHNpeCUyMGZvaXMlMjBwbHVzJTIwc3VzY2VwdGlibGVzJTIwZCUyNyVDMyVBQXRyZSUyMHJlbnRhYmxlcyUyMGQlMjd1bmUlMjBhbm4lQzMlQTllJTIwJUMzJUEwJTIwbCUyN2F1dHJlJTNDJTJGZGl2JTNFJTBBJTIwJTIwJTIwJTIwJTIwJTIwJTIwJTIwJTIwJTIwJTIwJTIwJTNDJTJGZGl2JTNFJTBBJTIwJTIwJTIwJTIwJTIwJTIwJTIwJTIwJTIwJTIwJTIwJTIwJTBBJTIwJTIwJTIwJTIwJTIwJTIwJTIwJTIwJTIwJTIwJTNDJTJGZGl2JTNFJTBBJTIwJTIwJTIwJTIwJTIwJTIwJTIwJTIwJTNDJTJGZGl2JTNF[\/vc_raw_html][\/vc_column_inner][vc_column_inner width=\u00a0\u00bb1\/4&Prime;][vc_raw_html]JTNDZGl2JTIwY2xhc3MlM0QlMjJmbmItZmFjdC1pdGVtJTIwdGV4dC1jZW50ZXIlMjB3aWR0aDMlMjIlM0UlMEElMjAlMjAlMjAlMjAlMjAlMjAlMjAlMjAlMjAlMjAlM0NkaXYlMjBjbGFzcyUzRCUyMmZuYi1mYWN0LXdyYXBwZXIlMjBmbGV4JTIwZmxleC13cmFwJTIyJTNFJTBBJTIwJTIwJTIwJTIwJTIwJTIwJTIwJTIwJTIwJTIwJTIwJTIwJTNDZGl2JTIwY2xhc3MlM0QlMjJmbmItdG9wJTIyJTNFJTBBJTIwJTIwJTIwJTIwJTIwJTIwJTIwJTIwJTIwJTIwJTIwJTIwJTIwJTIwJTBBJTIwJTIwJTIwJTIwJTIwJTIwJTIwJTIwJTIwJTIwJTIwJTIwJTIwJTIwJTNDZGl2JTIwY2xhc3MlM0QlMjJmbmItaWNvbiUyMGhhbGlnbi1jZW50ZXIlMjIlMjBzdHlsZSUzRCUyMndpZHRoJTNBNDBweCUzQmhlaWdodCUzQTQwcHglM0JsaW5lLWhlaWdodCUzQTQwcHglM0IlMjIlM0UlMEElMjAlMjAlMjAlMjAlMjAlMjAlMjAlMjAlMjAlMjAlMjAlMjAlMjAlMjAlMjAlMjAlMEElMjAlMjAlMjAlMjAlMjAlMjAlMjAlMjAlMjAlMjAlMjAlMjAlMjAlMjAlMjAlMjAlM0NzdmclMjB2ZXJzaW9uJTNEJTIyMS4wJTIyJTIweG1sbnMlM0QlMjJodHRwJTNBJTJGJTJGd3d3LnczLm9yZyUyRjIwMDAlMkZzdmclMjIlMjB2aWV3Qm94JTNEJTIyMCUyMDAlMjA1MTIlMjA1MTIlMjIlMjBhcmlhLWhpZGRlbiUzRCUyMnRydWUlMjIlM0UlM0NnJTIwaWQlM0QlMjJsYXllcjElMjIlM0UlM0NwYXRoJTIwZCUzRCUyMk0xNzMuODk4JTIwNDM5LjQwNGwtMTY2LjQtMTY2LjRjLTkuOTk3LTkuOTk3LTkuOTk3LTI2LjIwNiUyMDAtMzYuMjA0bDM2LjIwMy0zNi4yMDRjOS45OTctOS45OTglMjAyNi4yMDctOS45OTglMjAzNi4yMDQlMjAwTDE5MiUyMDMxMi42OSUyMDQzMi4wOTUlMjA3Mi41OTZjOS45OTctOS45OTclMjAyNi4yMDctOS45OTclMjAzNi4yMDQlMjAwbDM2LjIwMyUyMDM2LjIwNGM5Ljk5NyUyMDkuOTk3JTIwOS45OTclMjAyNi4yMDYlMjAwJTIwMzYuMjA0bC0yOTQuNCUyMDI5NC40MDFjLTkuOTk4JTIwOS45OTctMjYuMjA3JTIwOS45OTctMzYuMjA0LS4wMDF6JTIyJTNFJTNDJTJGcGF0aCUzRSUzQyUyRmclM0UlM0MlMkZzdmclM0UlMEElMjAlMjAlMjAlMjAlMjAlMjAlMjAlMjAlMjAlMjAlMjAlMjAlMjAlMjAlMjAlMjAlMEElMjAlMjAlMjAlMjAlMjAlMjAlMjAlMjAlMjAlMjAlMjAlMjAlMjAlMjAlM0MlMkZkaXYlM0UlMEElMjAlMjAlMjAlMjAlMjAlMjAlMjAlMjAlMjAlMjAlMjAlMjAlMjAlMjAlMEElMjAlMjAlMjAlMjAlMjAlMjAlMjAlMjAlMjAlMjAlMjAlMjAlMjAlMjAlM0NkaXYlMjBjbGFzcyUzRCUyMmZuYi1udW1iZXIlMjBzZWNvbmRhcnktZm9udCUyMGJvbGQlMjIlM0U2NyUyMCUyNSUzQyUyRmRpdiUzRSUwQSUyMCUyMCUyMCUyMCUyMCUyMCUyMCUyMCUyMCUyMCUyMCUyMCUyMCUyMCUwQSUyMCUyMCUyMCUyMCUyMCUyMCUyMCUyMCUyMCUyMCUyMCUyMCUyMCUyMCUzQ2RpdiUyMGNsYXNzJTNEJTIyZm5iLXN1bW1hcnklMjBzbWFsbC10ZXh0JTIyJTNFNjclMjAlMjUlMjBkZXMlMjBzcCVDMyVBOWNpYWxpc3RlcyUyMGR1JTIwbWFya2V0aW5nJTIwcGVuc2VudCUyMHF1ZSUyMGxhJTIwciVDMyVBOWFjdGl2aXQlQzMlQTklMjBlc3QlMjBsJTI3dW4lMjBkZXMlMjBwcmluY2lwYXV4JTIwYXZhbnRhZ2VzJTIwZGUlMjBsJTI3dXRpbGlzYXRpb24lMjBkZSUyMGwlMjdhbmFseXNlJTIwbWFya2V0aW5nJTNDJTJGZGl2JTNFJTBBJTIwJTIwJTIwJTIwJTIwJTIwJTIwJTIwJTIwJTIwJTIwJTIwJTNDJTJGZGl2JTNFJTBBJTIwJTIwJTIwJTIwJTIwJTIwJTIwJTIwJTIwJTIwJTIwJTIwJTBBJTIwJTIwJTIwJTIwJTIwJTIwJTIwJTIwJTIwJTIwJTNDJTJGZGl2JTNFJTBBJTIwJTIwJTIwJTIwJTIwJTIwJTIwJTIwJTNDJTJGZGl2JTNF[\/vc_raw_html][\/vc_column_inner][vc_column_inner width=\u00a0\u00bb1\/4&Prime;][vc_raw_html]JTNDZGl2JTIwY2xhc3MlM0QlMjJmbmItZmFjdC1pdGVtJTIwdGV4dC1jZW50ZXIlMjB3aWR0aDMlMjIlM0UlMEElMjAlMjAlMjAlMjAlMjAlMjAlMjAlMjAlMjAlMjAlM0NkaXYlMjBjbGFzcyUzRCUyMmZuYi1mYWN0LXdyYXBwZXIlMjBmbGV4JTIwZmxleC13cmFwJTIyJTNFJTBBJTIwJTIwJTIwJTIwJTIwJTIwJTIwJTIwJTIwJTIwJTIwJTIwJTNDZGl2JTIwY2xhc3MlM0QlMjJmbmItdG9wJTIyJTNFJTBBJTIwJTIwJTIwJTIwJTIwJTIwJTIwJTIwJTIwJTIwJTIwJTIwJTIwJTIwJTBBJTIwJTIwJTIwJTIwJTIwJTIwJTIwJTIwJTIwJTIwJTIwJTIwJTIwJTIwJTNDZGl2JTIwY2xhc3MlM0QlMjJmbmItaWNvbiUyMGhhbGlnbi1jZW50ZXIlMjIlMjBzdHlsZSUzRCUyMndpZHRoJTNBNDBweCUzQmhlaWdodCUzQTQwcHglM0JsaW5lLWhlaWdodCUzQTQwcHglM0IlMjIlM0UlMEElMjAlMjAlMjAlMjAlMjAlMjAlMjAlMjAlMjAlMjAlMjAlMjAlMjAlMjAlMjAlMjAlMEElMjAlMjAlMjAlMjAlMjAlMjAlMjAlMjAlMjAlMjAlMjAlMjAlMjAlMjAlMjAlMjAlM0NzdmclMjB2ZXJzaW9uJTNEJTIyMS4wJTIyJTIweG1sbnMlM0QlMjJodHRwJTNBJTJGJTJGd3d3LnczLm9yZyUyRjIwMDAlMkZzdmclMjIlMjB2aWV3Qm94JTNEJTIyMCUyMDAlMjA1MTIlMjA1MTIlMjIlMjBhcmlhLWhpZGRlbiUzRCUyMnRydWUlMjIlM0UlM0NnJTIwaWQlM0QlMjJsYXllcjElMjIlM0UlM0NwYXRoJTIwZCUzRCUyMk01MDAlMjA0MDBjNi42JTIwMCUyMDEyJTIwNS40JTIwMTIlMjAxMnYyNGMwJTIwNi42LTUuNCUyMDEyLTEyJTIwMTJIMTJjLTYuNiUyMDAtMTItNS40LTEyLTEyVjc2YzAtNi42JTIwNS40LTEyJTIwMTItMTJoMjRjNi42JTIwMCUyMDEyJTIwNS40JTIwMTIlMjAxMnYzMjRoNDUyem0tMzU2LTYwdi03MmMwLTYuNi01LjQtMTItMTItMTJoLTI0Yy02LjYlMjAwLTEyJTIwNS40LTEyJTIwMTJ2NzJjMCUyMDYuNiUyMDUuNCUyMDEyJTIwMTIlMjAxMmgyNGM2LjYlMjAwJTIwMTItNS40JTIwMTItMTJ6bTk2JTIwMFYxNDBjMC02LjYtNS40LTEyLTEyLTEyaC0yNGMtNi42JTIwMC0xMiUyMDUuNC0xMiUyMDEydjIwMGMwJTIwNi42JTIwNS40JTIwMTIlMjAxMiUyMDEyaDI0YzYuNiUyMDAlMjAxMi01LjQlMjAxMi0xMnptOTYlMjAwVjIwNGMwLTYuNi01LjQtMTItMTItMTJoLTI0Yy02LjYlMjAwLTEyJTIwNS40LTEyJTIwMTJ2MTM2YzAlMjA2LjYlMjA1LjQlMjAxMiUyMDEyJTIwMTJoMjRjNi42JTIwMCUyMDEyLTUuNCUyMDEyLTEyem05NiUyMDBWMTA4YzAtNi42LTUuNC0xMi0xMi0xMmgtMjRjLTYuNiUyMDAtMTIlMjA1LjQtMTIlMjAxMnYyMzJjMCUyMDYuNiUyMDUuNCUyMDEyJTIwMTIlMjAxMmgyNGM2LjYlMjAwJTIwMTItNS40JTIwMTItMTJ6JTIyJTNFJTNDJTJGcGF0aCUzRSUzQyUyRmclM0UlM0MlMkZzdmclM0UlMEElMjAlMjAlMjAlMjAlMjAlMjAlMjAlMjAlMjAlMjAlMjAlMjAlMjAlMjAlMjAlMjAlMEElMjAlMjAlMjAlMjAlMjAlMjAlMjAlMjAlMjAlMjAlMjAlMjAlMjAlMjAlM0MlMkZkaXYlM0UlMEElMjAlMjAlMjAlMjAlMjAlMjAlMjAlMjAlMjAlMjAlMjAlMjAlMjAlMjAlMEElMjAlMjAlMjAlMjAlMjAlMjAlMjAlMjAlMjAlMjAlMjAlMjAlMjAlMjAlM0NkaXYlMjBjbGFzcyUzRCUyMmZuYi1udW1iZXIlMjBzZWNvbmRhcnktZm9udCUyMGJvbGQlMjIlM0U0NiUyMCUyNSUzQyUyRmRpdiUzRSUwQSUyMCUyMCUyMCUyMCUyMCUyMCUyMCUyMCUyMCUyMCUyMCUyMCUyMCUyMCUwQSUyMCUyMCUyMCUyMCUyMCUyMCUyMCUyMCUyMCUyMCUyMCUyMCUyMCUyMCUzQ2RpdiUyMGNsYXNzJTNEJTIyZm5iLXN1bW1hcnklMjBzbWFsbC10ZXh0JTIyJTNFNDYlMjAlMjUlMjBkZXMlMjBzcCVDMyVBOWNpYWxpc3RlcyUyMGR1JTIwbWFya2V0aW5nJTIwcmVjb25uYWlzc2VudCUyMHF1ZSUyMHByb3V2ZXIlMjBsZSUyMHJldG91ciUyMHN1ciUyMGludmVzdGlzc2VtZW50JTIwZHUlMjBtYXJrZXRpbmclMjBlc3QlMjBsZXVyJTIwcGx1cyUyMGdyYW5kJTIwZCVDMyVBOWZpJTIwZW4lMjBjb25zZWlsJTIwZCVFMiU4MCU5OWFkbWluaXN0cmF0aW9uJTNDJTJGZGl2JTNFJTBBJTIwJTIwJTIwJTIwJTIwJTIwJTIwJTIwJTIwJTIwJTIwJTIwJTNDJTJGZGl2JTNFJTBBJTIwJTIwJTIwJTIwJTIwJTIwJTIwJTIwJTIwJTIwJTIwJTIwJTBBJTIwJTIwJTIwJTIwJTIwJTIwJTIwJTIwJTIwJTIwJTNDJTJGZGl2JTNFJTBBJTIwJTIwJTIwJTIwJTIwJTIwJTIwJTIwJTNDJTJGZGl2JTNF[\/vc_raw_html][\/vc_column_inner][vc_column_inner width=\u00a0\u00bb1\/4&Prime;][vc_raw_html]JTNDZGl2JTIwY2xhc3MlM0QlMjJmbmItZmFjdC1pdGVtJTIwdGV4dC1jZW50ZXIlMjB3aWR0aDMlMjIlM0UlMEElMjAlMjAlMjAlMjAlMjAlMjAlMjAlMjAlMjAlMjAlM0NkaXYlMjBjbGFzcyUzRCUyMmZuYi1mYWN0LXdyYXBwZXIlMjBmbGV4JTIwZmxleC13cmFwJTIyJTNFJTBBJTIwJTIwJTIwJTIwJTIwJTIwJTIwJTIwJTIwJTIwJTIwJTIwJTNDZGl2JTIwY2xhc3MlM0QlMjJmbmItdG9wJTIyJTNFJTBBJTIwJTIwJTIwJTIwJTIwJTIwJTIwJTIwJTIwJTIwJTIwJTIwJTIwJTIwJTBBJTIwJTIwJTIwJTIwJTIwJTIwJTIwJTIwJTIwJTIwJTIwJTIwJTIwJTIwJTNDZGl2JTIwY2xhc3MlM0QlMjJmbmItaWNvbiUyMGhhbGlnbi1jZW50ZXIlMjIlMjBzdHlsZSUzRCUyMndpZHRoJTNBNDBweCUzQmhlaWdodCUzQTQwcHglM0JsaW5lLWhlaWdodCUzQTQwcHglM0IlMjIlM0UlMEElMjAlMjAlMjAlMjAlMjAlMjAlMjAlMjAlMjAlMjAlMjAlMjAlMjAlMjAlMjAlMjAlMEElMjAlMjAlMjAlMjAlMjAlMjAlMjAlMjAlMjAlMjAlMjAlMjAlMjAlMjAlMjAlMjAlM0NzdmclMjB2ZXJzaW9uJTNEJTIyMS4wJTIyJTIweG1sbnMlM0QlMjJodHRwJTNBJTJGJTJGd3d3LnczLm9yZyUyRjIwMDAlMkZzdmclMjIlMjB2aWV3Qm94JTNEJTIyMCUyMDAlMjA1MTIlMjA1MTIlMjIlMjBhcmlhLWhpZGRlbiUzRCUyMnRydWUlMjIlM0UlM0NnJTIwaWQlM0QlMjJsYXllcjElMjIlM0UlM0NwYXRoJTIwZCUzRCUyMk01MDAlMjAyMjRoLTMwLjM2NEM0NTUuNzI0JTIwMTMwLjMyNSUyMDM4MS42NzUlMjA1Ni4yNzYlMjAyODglMjA0Mi4zNjRWMTJjMC02LjYyNy01LjM3My0xMi0xMi0xMmgtNDBjLTYuNjI3JTIwMC0xMiUyMDUuMzczLTEyJTIwMTJ2MzAuMzY0QzEzMC4zMjUlMjA1Ni4yNzYlMjA1Ni4yNzYlMjAxMzAuMzI1JTIwNDIuMzY0JTIwMjI0SDEyYy02LjYyNyUyMDAtMTIlMjA1LjM3My0xMiUyMDEydjQwYzAlMjA2LjYyNyUyMDUuMzczJTIwMTIlMjAxMiUyMDEyaDMwLjM2NEM1Ni4yNzYlMjAzODEuNjc1JTIwMTMwLjMyNSUyMDQ1NS43MjQlMjAyMjQlMjA0NjkuNjM2VjUwMGMwJTIwNi42MjclMjA1LjM3MyUyMDEyJTIwMTIlMjAxMmg0MGM2LjYyNyUyMDAlMjAxMi01LjM3MyUyMDEyLTEydi0zMC4zNjRDMzgxLjY3NSUyMDQ1NS43MjQlMjA0NTUuNzI0JTIwMzgxLjY3NSUyMDQ2OS42MzYlMjAyODhINTAwYzYuNjI3JTIwMCUyMDEyLTUuMzczJTIwMTItMTJ2LTQwYzAtNi42MjctNS4zNzMtMTItMTItMTJ6TTI4OCUyMDQwNC42MzRWMzY0YzAtNi42MjctNS4zNzMtMTItMTItMTJoLTQwYy02LjYyNyUyMDAtMTIlMjA1LjM3My0xMiUyMDEydjQwLjYzNEMxNjUuODI2JTIwMzkyLjIzMiUyMDExOS43ODMlMjAzNDYuMjQzJTIwMTA3LjM2NiUyMDI4OEgxNDhjNi42MjclMjAwJTIwMTItNS4zNzMlMjAxMi0xMnYtNDBjMC02LjYyNy01LjM3My0xMi0xMi0xMmgtNDAuNjM0QzExOS43NjglMjAxNjUuODI2JTIwMTY1Ljc1NyUyMDExOS43ODMlMjAyMjQlMjAxMDcuMzY2VjE0OGMwJTIwNi42MjclMjA1LjM3MyUyMDEyJTIwMTIlMjAxMmg0MGM2LjYyNyUyMDAlMjAxMi01LjM3MyUyMDEyLTEydi00MC42MzRDMzQ2LjE3NCUyMDExOS43NjglMjAzOTIuMjE3JTIwMTY1Ljc1NyUyMDQwNC42MzQlMjAyMjRIMzY0Yy02LjYyNyUyMDAtMTIlMjA1LjM3My0xMiUyMDEydjQwYzAlMjA2LjYyNyUyMDUuMzczJTIwMTIlMjAxMiUyMDEyaDQwLjYzNEMzOTIuMjMyJTIwMzQ2LjE3NCUyMDM0Ni4yNDMlMjAzOTIuMjE3JTIwMjg4JTIwNDA0LjYzNHpNMjg4JTIwMjU2YzAlMjAxNy42NzMtMTQuMzI3JTIwMzItMzIlMjAzMnMtMzItMTQuMzI3LTMyLTMyYzAtMTcuNjczJTIwMTQuMzI3LTMyJTIwMzItMzJzMzIlMjAxNC4zMjclMjAzMiUyMDMyeiUyMiUzRSUzQyUyRnBhdGglM0UlM0MlMkZnJTNFJTNDJTJGc3ZnJTNFJTBBJTIwJTIwJTIwJTIwJTIwJTIwJTIwJTIwJTIwJTIwJTIwJTIwJTIwJTIwJTIwJTIwJTBBJTIwJTIwJTIwJTIwJTIwJTIwJTIwJTIwJTIwJTIwJTIwJTIwJTIwJTIwJTNDJTJGZGl2JTNFJTBBJTIwJTIwJTIwJTIwJTIwJTIwJTIwJTIwJTIwJTIwJTIwJTIwJTIwJTIwJTBBJTIwJTIwJTIwJTIwJTIwJTIwJTIwJTIwJTIwJTIwJTIwJTIwJTIwJTIwJTNDZGl2JTIwY2xhc3MlM0QlMjJmbmItbnVtYmVyJTIwc2Vjb25kYXJ5LWZvbnQlMjBib2xkJTIyJTNFOTAlMjAlMjUlM0MlMkZkaXYlM0UlMEElMjAlMjAlMjAlMjAlMjAlMjAlMjAlMjAlMjAlMjAlMjAlMjAlMjAlMjAlMEElMjAlMjAlMjAlMjAlMjAlMjAlMjAlMjAlMjAlMjAlMjAlMjAlMjAlMjAlM0NkaXYlMjBjbGFzcyUzRCUyMmZuYi1zdW1tYXJ5JTIwc21hbGwtdGV4dCUyMiUzRTkwJTIwJTI1JTIwZGVzJTIwZG9ubiVDMyVBOWVzJTIwc2VjdG9yaWVsbGVzJTIwZGVzJTIwc3AlQzMlQTljaWFsaXN0ZXMlMjBkdSUyMG1hcmtldGluZyUyMGF1eCUyMCVDMyU4OXRhdHMtVW5pcyUyMHNlZ21lbnRlbnQlMjBsZXMlMjBkb25uJUMzJUE5ZXMlMjBwb3VyJTIwbWlldXglMjBjaWJsZXIlMjBldCUyMGZpZCVDMyVBOWxpc2VyJTIwbGVzJTIwY2xpZW50cyUzQyUyRmRpdiUzRSUwQSUyMCUyMCUyMCUyMCUyMCUyMCUyMCUyMCUyMCUyMCUyMCUyMCUzQyUyRmRpdiUzRSUwQSUyMCUyMCUyMCUyMCUyMCUyMCUyMCUyMCUyMCUyMCUyMCUyMCUwQSUyMCUyMCUyMCUyMCUyMCUyMCUyMCUyMCUyMCUyMCUzQyUyRmRpdiUzRSUwQSUyMCUyMCUyMCUyMCUyMCUyMCUyMCUyMCUzQyUyRmRpdiUzRQ==[\/vc_raw_html][\/vc_column_inner][\/vc_row_inner][\/vc_column][\/vc_row][vc_row full_width=\u00a0\u00bbstretch_row\u00a0\u00bb css=\u00a0\u00bb.vc_custom_1560950265302{margin-top: -40px !important;background-color: #f2f2f2 !important;}\u00a0\u00bb][vc_column][vc_column_text css=\u00a0\u00bb.vc_custom_1588690746293{padding-bottom: 20px !important;background-color: #f2f2f2 !important;}\u00a0\u00bb]\r\n<h2 style=\"text-align: center;\">Nous ne nous contentons pas de faire de l&rsquo;analyse et du reporting<\/h2>\r\n<p style=\"text-align: center;\">Il est essentiel de mettre en place des analyses et un suivi appropri\u00e9 pour vos campagnes num\u00e9riques. Mais \u00e0 quoi bon le faire si vous ne ciblez pas les bons publics, avec le message d\u00e9di\u00e9 et si vous n\u2019optimisez pas vos propri\u00e9t\u00e9s en ligne pour les conversions ? Pour voir les r\u00e9sultats de vos efforts, vous devez relier vos analyses \u00e0 vos autres activit\u00e9s de marketing digital.<\/p>\r\n[\/vc_column_text][vc_raw_html]JTNDZGl2JTIwY2xhc3MlM0QlMjJ0YjEtY3RhJTIyJTIwc3R5bGUlM0QlMjJ0ZXh0LWFsaWduJTNBY2VudGVyJTNCJTIyJTNFJTBBJTIwJTIwJTIwJTIwJTIwJTIwJTIwJTIwJTIwJTIwJTNDYSUyMGNsYXNzJTNEJTIyd3NpLXRleHQtYnV0dG9uJTIwdGV4dC1ncmVlbiUyMiUyMGhyZWYlM0QlMjJodHRwJTNBJTJGJTJGd3Npc21lLmNvbSUyRmZyJTJGc2VydmljZXMtZGUtbWFya2V0aW5nLW51bWVyaXF1ZSUyRiUyMiUzRUQlQzMlODlDT1VWUkVaJTIwTk9UUkUlMjBHQU1NRSUyMENPTVBMJUMzJTg4VEUlMjBERSUyMFNFUlZJQ0VTJTIwREUlMjBNQVJLRVRJTkclMjBESUdJVEFMJTNDJTJGYSUzRSUwQSUyMCUyMCUyMCUyMCUyMCUyMCUyMCUyMCUzQyUyRmRpdiUzRQ==[\/vc_raw_html][\/vc_column][\/vc_row]<\/div>","protected":false},"excerpt":{"rendered":"[vc_row full_width=\u00a0\u00bbstretch_row\u00a0\u00bb content_placement=\u00a0\u00bbmiddle\u00a0\u00bb css=\u00a0\u00bb.vc_custom_1571768210025{margin-bottom: 40px !important;}\u00a0\u00bb][vc_column css=\u00a0\u00bb.vc_custom_1576875326799{margin-bottom: 0px !important;}\u00a0\u00bb][vc_column_text] Analyse et rapports [\/vc_column_text][\/vc_column][\/vc_row][vc_row full_width=\u00a0\u00bbstretch_row\u00a0\u00bb content_placement=\u00a0\u00bbmiddle\u00a0\u00bb][vc_column][vc_column_text] Si vous investissez de l&rsquo;argent dans le marketing de votre entreprise, vous devez suivre et mesurer l&rsquo;efficacit\u00e9 des efforts produits pour conqu\u00e9rir des prospects et&hellip;","protected":false},"author":2,"featured_media":0,"parent":8046,"menu_order":24,"comment_status":"closed","ping_status":"closed","template":"","meta":{"_acf_changed":false,"footnotes":""},"class_list":["post-8039","page","type-page","status-publish","hentry","entry","no-media"],"acf":[],"_links":{"self":[{"href":"https:\/\/wsisme.com\/fr\/wp-json\/wp\/v2\/pages\/8039","targetHints":{"allow":["GET"]}}],"collection":[{"href":"https:\/\/wsisme.com\/fr\/wp-json\/wp\/v2\/pages"}],"about":[{"href":"https:\/\/wsisme.com\/fr\/wp-json\/wp\/v2\/types\/page"}],"author":[{"embeddable":true,"href":"https:\/\/wsisme.com\/fr\/wp-json\/wp\/v2\/users\/2"}],"replies":[{"embeddable":true,"href":"https:\/\/wsisme.com\/fr\/wp-json\/wp\/v2\/comments?post=8039"}],"version-history":[{"count":0,"href":"https:\/\/wsisme.com\/fr\/wp-json\/wp\/v2\/pages\/8039\/revisions"}],"up":[{"embeddable":true,"href":"https:\/\/wsisme.com\/fr\/wp-json\/wp\/v2\/pages\/8046"}],"wp:attachment":[{"href":"https:\/\/wsisme.com\/fr\/wp-json\/wp\/v2\/media?parent=8039"}],"curies":[{"name":"wp","href":"https:\/\/api.w.org\/{rel}","templated":true}]}}