{"id":8044,"date":"2020-02-07T18:18:22","date_gmt":"2020-02-07T18:18:22","guid":{"rendered":"http:\/\/wsisme.com\/?page_id=8044"},"modified":"2021-11-16T20:06:47","modified_gmt":"2021-11-16T20:06:47","slug":"plan-du-site","status":"publish","type":"page","link":"https:\/\/wsisme.com\/fr\/plan-du-site\/","title":{"rendered":"Plan du site"},"content":{"rendered":"<div class=\"wsp-container\"><h2 class=\"wsp-pages-title\">Pages<\/h2>\n<ul class=\"wsp-pages-list\">\n<li class=\"page_item page-item-7702 page_item_has_children\"><a href=\"https:\/\/wsisme.com\/fr\/a-propos\/\">\u00c0 propos<\/a>\n<ul class='children'>\n\t<li class=\"page_item page-item-12208\"><a href=\"https:\/\/wsisme.com\/fr\/a-propos\/engagement-communautaire\/\">Engagement communautaire<\/a><\/li>\n\t<li class=\"page_item page-item-8014\"><a href=\"https:\/\/wsisme.com\/fr\/a-propos\/pourquoi-wsi\/\">Pourquoi WSI<\/a><\/li>\n\t<li class=\"page_item page-item-8015\"><a href=\"https:\/\/wsisme.com\/fr\/a-propos\/histoire-de-wsi\/\">L&rsquo;histoire de WSI<\/a><\/li>\n\t<li class=\"page_item page-item-7701\"><a href=\"https:\/\/wsisme.com\/fr\/a-propos\/prix\/\">Prix<\/a><\/li>\n\t<li class=\"page_item page-item-7695\"><a href=\"https:\/\/wsisme.com\/fr\/a-propos\/temoignages\/\">Commentaires<\/a><\/li>\n<\/ul>\n<\/li>\n<li class=\"page_item page-item-8046 page_item_has_children\"><a href=\"https:\/\/wsisme.com\/fr\/services-de-marketing-numerique\/\">Services<\/a>\n<ul class='children'>\n\t<li class=\"page_item page-item-12465\"><a href=\"https:\/\/wsisme.com\/fr\/services-de-marketing-numerique\/agence-referencement-ia-montreal\/\">Agence de r\u00e9f\u00e9rencement pour l\u2019IA \u00e0 Montr\u00e9al pour la visibilit\u00e9 dans l\u2019IA<\/a><\/li>\n\t<li class=\"page_item page-item-8715\"><a href=\"https:\/\/wsisme.com\/fr\/services-de-marketing-numerique\/amelioration-de-site-web\/\">Am\u00e9lioration de site web<\/a><\/li>\n\t<li class=\"page_item page-item-8016\"><a href=\"https:\/\/wsisme.com\/fr\/services-de-marketing-numerique\/prospects-et-ventes\/\">Prospects et ventes<\/a><\/li>\n\t<li class=\"page_item page-item-8018\"><a href=\"https:\/\/wsisme.com\/fr\/services-de-marketing-numerique\/reputation-en-ligne\/\">R\u00e9putation en ligne<\/a><\/li>\n\t<li class=\"page_item page-item-8019\"><a href=\"https:\/\/wsisme.com\/fr\/services-de-marketing-numerique\/notoriete-de-marque\/\">Notori\u00e9t\u00e9 de marque<\/a><\/li>\n\t<li class=\"page_item page-item-8068\"><a href=\"https:\/\/wsisme.com\/fr\/services-de-marketing-numerique\/referencement-naturel-seo\/\">R\u00e9f\u00e9rencement naturel \u00e0 Montr\u00e9al<\/a><\/li>\n\t<li class=\"page_item page-item-8028\"><a href=\"https:\/\/wsisme.com\/fr\/services-de-marketing-numerique\/referencement-local\/\">R\u00e9f\u00e9rencement Local<\/a><\/li>\n\t<li class=\"page_item page-item-8654\"><a href=\"https:\/\/wsisme.com\/fr\/services-de-marketing-numerique\/referencement-payant\/\">R\u00e9f\u00e9rencement payant<\/a><\/li>\n\t<li class=\"page_item page-item-8030\"><a href=\"https:\/\/wsisme.com\/fr\/services-de-marketing-numerique\/marketing-des-medias-sociaux\/\">Marketing de m\u00e9dias sociaux<\/a><\/li>\n\t<li class=\"page_item page-item-11145\"><a href=\"https:\/\/wsisme.com\/fr\/services-de-marketing-numerique\/experts-en-marketing-numerique-ouest-de-lile\/\">Experts en marketing num\u00e9rique Ouest-de-l\u2019\u00cele<\/a><\/li>\n\t<li class=\"page_item page-item-8031\"><a href=\"https:\/\/wsisme.com\/fr\/services-de-marketing-numerique\/marketing-de-contenu\/\">Marketing de contenu<\/a><\/li>\n\t<li class=\"page_item page-item-8038\"><a href=\"https:\/\/wsisme.com\/fr\/services-de-marketing-numerique\/definition-de-vos-profils-acheteur\/\">D\u00e9veloppement de profil-client<\/a><\/li>\n\t<li class=\"page_item page-item-8217\"><a href=\"https:\/\/wsisme.com\/fr\/services-de-marketing-numerique\/analyse-concurrentielle\/\">Analyse Concurrentielle<\/a><\/li>\n\t<li class=\"page_item page-item-8583\"><a href=\"https:\/\/wsisme.com\/fr\/services-de-marketing-numerique\/marketing-manufacturier\/\">Agence de marketing pour manufacturiers \u00e0 Montr\u00e9al<\/a><\/li>\n\t<li class=\"page_item page-item-8024\"><a href=\"https:\/\/wsisme.com\/fr\/services-de-marketing-numerique\/conception-et-developpement-de-sites-web\/\">Conception et d\u00e9veloppement de site Web<\/a><\/li>\n\t<li class=\"page_item page-item-8069\"><a href=\"https:\/\/wsisme.com\/fr\/services-de-marketing-numerique\/developpement-et-entretien-wordpress\/\">Conception et soutien WordPress<\/a><\/li>\n\t<li class=\"page_item page-item-8034\"><a href=\"https:\/\/wsisme.com\/fr\/services-de-marketing-numerique\/optimisation-des-pages-de-destination\/\">Optimisation de la page de renvoi<\/a><\/li>\n\t<li class=\"page_item page-item-8023\"><a href=\"https:\/\/wsisme.com\/fr\/services-de-marketing-numerique\/inbound-marketing\/\">Inbound Marketing<\/a><\/li>\n\t<li class=\"page_item page-item-8039\"><a href=\"https:\/\/wsisme.com\/fr\/services-de-marketing-numerique\/analyses-et-rapports\/\">Analyses et rapports<\/a><\/li>\n\t<li class=\"page_item page-item-8035\"><a href=\"https:\/\/wsisme.com\/fr\/services-de-marketing-numerique\/marketing-mobile\/\">Marketing Mobile<\/a><\/li>\n\t<li class=\"page_item page-item-8032\"><a href=\"https:\/\/wsisme.com\/fr\/services-de-marketing-numerique\/marketing-par-courriel\/\">Marketing par courriel<\/a><\/li>\n\t<li class=\"page_item page-item-11107\"><a href=\"https:\/\/wsisme.com\/fr\/services-de-marketing-numerique\/marketing-par-courriel-avec-constant-contact\/\">Marketing par courriel avec Constant Contact<\/a><\/li>\n<\/ul>\n<\/li>\n<li class=\"page_item page-item-8026 page_item_has_children\"><a href=\"https:\/\/wsisme.com\/fr\/realisations\/\">R\u00e9alisations<\/a>\n<ul class='children'>\n\t<li class=\"page_item page-item-8072\"><a href=\"https:\/\/wsisme.com\/fr\/realisations\/access-protection\/\">Access Protection<\/a><\/li>\n\t<li class=\"page_item page-item-12870\"><a href=\"https:\/\/wsisme.com\/fr\/realisations\/beaconsfield-construction\/\">Beaconsfield Construction<\/a><\/li>\n\t<li class=\"page_item page-item-11819\"><a href=\"https:\/\/wsisme.com\/fr\/realisations\/cancer-colorectal-canada\/\">Cancer colorectal Canada<\/a><\/li>\n\t<li class=\"page_item page-item-8074\"><a href=\"https:\/\/wsisme.com\/fr\/realisations\/centre-dentaire-pierrefonds\/\">Centre Dentaire Pierrefonds<\/a><\/li>\n\t<li class=\"page_item page-item-8075\"><a href=\"https:\/\/wsisme.com\/fr\/realisations\/conteneurs-conterm\/\">Conteneurs Conterm<\/a><\/li>\n\t<li class=\"page_item page-item-10392\"><a href=\"https:\/\/wsisme.com\/fr\/realisations\/dorfin\/\">Dorfin<\/a><\/li>\n\t<li class=\"page_item page-item-8749\"><a href=\"https:\/\/wsisme.com\/fr\/realisations\/exceleris\/\">Exceleris<\/a><\/li>\n\t<li class=\"page_item page-item-12815\"><a href=\"https:\/\/wsisme.com\/fr\/realisations\/kreadar-enterprises\/\">Kreadar Enterprises<\/a><\/li>\n\t<li class=\"page_item page-item-8082\"><a href=\"https:\/\/wsisme.com\/fr\/realisations\/la-chambre-de-commerce-de-louest-de-lile-de-montreal\/\">La Chambre de commerce de l\u2019Ouest-de-l\u2019\u00cele de Montr\u00e9al<\/a><\/li>\n\t<li class=\"page_item page-item-8077\"><a href=\"https:\/\/wsisme.com\/fr\/realisations\/micom\/\">Laboratoires Micom<\/a><\/li>\n\t<li class=\"page_item page-item-9005\"><a href=\"https:\/\/wsisme.com\/fr\/realisations\/st-georges-group\/\">Le Groupe St-Georges<\/a><\/li>\n\t<li class=\"page_item page-item-10451\"><a href=\"https:\/\/wsisme.com\/fr\/realisations\/equipements-marshall-ltee\/\">Les \u00c9quipements Marshall lt\u00e9e<\/a><\/li>\n\t<li class=\"page_item page-item-8428\"><a href=\"https:\/\/wsisme.com\/fr\/realisations\/norgas-controls\/\">Norgas Controls<\/a><\/li>\n\t<li class=\"page_item page-item-8078\"><a href=\"https:\/\/wsisme.com\/fr\/realisations\/paquette-associes-avocats\/\">Paquette &#038; Associ\u00e9s Avocats<\/a><\/li>\n\t<li class=\"page_item page-item-8181\"><a href=\"https:\/\/wsisme.com\/fr\/realisations\/planit-canada\/\">Planit Canada<\/a><\/li>\n\t<li class=\"page_item page-item-10438\"><a href=\"https:\/\/wsisme.com\/fr\/realisations\/plomberie-mchenry-inc\/\">Plomberie McHenry Inc.<\/a><\/li>\n\t<li class=\"page_item page-item-8079\"><a href=\"https:\/\/wsisme.com\/fr\/realisations\/pneus-gordons\/\">Pneus Gordons<\/a><\/li>\n\t<li class=\"page_item page-item-8076\"><a href=\"https:\/\/wsisme.com\/fr\/realisations\/pourvoirie-des-camps-mistassini\/\">Pourvoirie des camps Mistassini<\/a><\/li>\n\t<li class=\"page_item page-item-11832\"><a href=\"https:\/\/wsisme.com\/fr\/realisations\/precikam\/\">PreciKam<\/a><\/li>\n\t<li class=\"page_item page-item-8081\"><a href=\"https:\/\/wsisme.com\/fr\/realisations\/steri-mobile\/\">Steri Mobile<\/a><\/li>\n\t<li class=\"page_item page-item-8423\"><a href=\"https:\/\/wsisme.com\/fr\/realisations\/viable-power\/\">Viable Power Conversion Technologies Inc<\/a><\/li>\n<\/ul>\n<\/li>\n<li class=\"page_item page-item-7628 page_item_has_children\"><a href=\"https:\/\/wsisme.com\/fr\/nous-joindre\/\">Nous joindre<\/a>\n<ul class='children'>\n\t<li class=\"page_item page-item-6557 page_item_has_children\"><a href=\"https:\/\/wsisme.com\/fr\/nous-joindre\/carrieres\/\">Carri\u00e8res<\/a>\n\t<ul class='children'>\n\t\t<li class=\"page_item page-item-12214\"><a href=\"https:\/\/wsisme.com\/fr\/nous-joindre\/carrieres\/offre-demploi-etudiant-ete-2026\/\">Offre d&#8217;emploi \u00e9tudiant \u2013 \u00e9t\u00e9 2026<\/a><\/li>\n\t<\/ul>\n<\/li>\n<\/ul>\n<\/li>\n<li class=\"page_item page-item-7607\"><a href=\"https:\/\/wsisme.com\/fr\/blogue\/\">Blogue<\/a><\/li>\n<li class=\"page_item page-item-8042\"><a href=\"https:\/\/wsisme.com\/fr\/parlez-nous\/\">Parlez-nous<\/a><\/li>\n<li class=\"page_item page-item-8007\"><a href=\"https:\/\/wsisme.com\/fr\/confidentialite\/\">Confidentialit\u00e9<\/a><\/li>\n<li class=\"page_item page-item-8044\"><a href=\"https:\/\/wsisme.com\/fr\/plan-du-site\/\">Plan du site<\/a><\/li>\n<li class=\"page_item page-item-9392\"><a href=\"https:\/\/wsisme.com\/fr\/ressources-numerique\/\">Ressources<\/a><\/li>\n<\/ul>\n<\/div>","protected":false},"excerpt":{"rendered":"Pages \u00c0 propos Engagement communautaire Pourquoi WSI L&rsquo;histoire de WSI Prix Commentaires Services Agence de r\u00e9f\u00e9rencement pour l\u2019IA \u00e0 Montr\u00e9al pour la visibilit\u00e9 dans l\u2019IA Am\u00e9lioration de site web Prospects et ventes R\u00e9putation en ligne Notori\u00e9t\u00e9 de marque R\u00e9f\u00e9rencement naturel&hellip;","protected":false},"author":2,"featured_media":0,"parent":0,"menu_order":32,"comment_status":"closed","ping_status":"closed","template":"","meta":{"_acf_changed":false,"footnotes":""},"class_list":["post-8044","page","type-page","status-publish","hentry","entry","no-media"],"acf":[],"_links":{"self":[{"href":"https:\/\/wsisme.com\/fr\/wp-json\/wp\/v2\/pages\/8044","targetHints":{"allow":["GET"]}}],"collection":[{"href":"https:\/\/wsisme.com\/fr\/wp-json\/wp\/v2\/pages"}],"about":[{"href":"https:\/\/wsisme.com\/fr\/wp-json\/wp\/v2\/types\/page"}],"author":[{"embeddable":true,"href":"https:\/\/wsisme.com\/fr\/wp-json\/wp\/v2\/users\/2"}],"replies":[{"embeddable":true,"href":"https:\/\/wsisme.com\/fr\/wp-json\/wp\/v2\/comments?post=8044"}],"version-history":[{"count":0,"href":"https:\/\/wsisme.com\/fr\/wp-json\/wp\/v2\/pages\/8044\/revisions"}],"wp:attachment":[{"href":"https:\/\/wsisme.com\/fr\/wp-json\/wp\/v2\/media?parent=8044"}],"curies":[{"name":"wp","href":"https:\/\/api.w.org\/{rel}","templated":true}]}}