{"id":8046,"date":"2020-02-07T18:27:30","date_gmt":"2020-02-07T18:27:30","guid":{"rendered":"http:\/\/wsisme.com\/?page_id=8046"},"modified":"2025-10-27T15:37:59","modified_gmt":"2025-10-27T15:37:59","slug":"services-de-marketing-numerique","status":"publish","type":"page","link":"https:\/\/wsisme.com\/fr\/services-de-marketing-numerique\/","title":{"rendered":"Services"},"content":{"rendered":"<div class=\"wpb-content-wrapper\">[vc_row][vc_column][vc_column_text]\r\n<h1 style=\"text-align: center;\">Services de marketing num\u00e9rique \u00e0 Montr\u00e9al<\/h1>\r\n<p class=\"w60pad\" style=\"text-align: center;\">Le marketing num\u00e9rique est un r\u00e9seau complexe d\u2019outils et de services. <strong>Nous prenons le temps de comprendre votre organisation et vos clients, et construisons ensuite une strat\u00e9gie num\u00e9rique capable d\u2019obtenir des r\u00e9sultats remarquables.<\/strong> Plus de deux d\u00e9cennies d\u2019exp\u00e9rience nous ont appris \u00e0 cr\u00e9er la strat\u00e9gie de marketing num\u00e9rique parfaite pour n\u2019importe quelle organisation.<\/p>\r\n[\/vc_column_text][\/vc_column][\/vc_row][vc_row full_width=\u00a0\u00bbstretch_row_content_no_spaces\u00a0\u00bb][vc_column css=\u00a0\u00bb.vc_custom_1567782940739{margin-bottom: 0px !important;}\u00a0\u00bb][vc_raw_html]JTNDZGl2JTIwY2xhc3MlM0QlMjJoYmljLWltYWdlJTIwbm8tYmFja2dyb3VuZCUyMHNsYW50ZWQtc2VjdGlvbiUyMHNsYW50ZWQtbWlkZGxlJTIyJTIwc3R5bGUlM0QlMjJwYWRkaW5nLWJvdHRvbSUzQTBweCUzQiUyMiUzRSUwQSUyMCUyMCUyMCUyMCUzQ2RpdiUyMGNsYXNzJTNEJTIyd3NpLXNpdGUtd3JhcHBlciUyMGxheWVyMiUyMiUzRSUwQSUyMCUyMCUyMCUyMCUyMCUyMCUzQ2RpdiUyMGNsYXNzJTNEJTIyd3NpLWNvbnRlbnQtd3JhcHBlciUyMHRleHQtY2VudGVyJTIyJTNFJTBBJTIwJTIwJTIwJTIwJTIwJTIwJTIwJTIwJTIwJTIwJTNDaW1nJTIwc3JjJTNEJTIyJTJGd3AtY29udGVudCUyRnVwbG9hZHMlMkYyMDIwJTJGMTElMkZkaWdpdGFsLW1hcmtldGluZy1zZXJ2aWNlcy1tb250cmVhbC0xLnBuZyUyMiUyMGFsdCUzRCUyMkRpZ2l0YWwlMjBNYXJrZXRpbmclMjBTZXJ2aWNlcyUyME1vbnRyZWFsJTIyJTNFJTBBJTIwJTIwJTIwJTIwJTIwJTIwJTNDJTJGZGl2JTNFJTBBJTIwJTIwJTIwJTIwJTNDJTJGZGl2JTNFJTBBJTIwJTIwJTIwJTIwJTBBJTIwJTIwJTIwJTIwJTNDZGl2JTIwY2xhc3MlM0QlMjJzbGFudGVkLWVsZW1lbnQlMjBsYXllcjElMjIlM0UlMEElMjAlMjAlMjAlMjAlMjAlMjAlM0NzdmclMjB2ZXJzaW9uJTNEJTIyMS4yJTIyJTIwcHJlc2VydmVBc3BlY3RSYXRpbyUzRCUyMm5vbmUlMjIlMjB2aWV3Qm94JTNEJTIyMCUyMDAlMjA1NiUyMDU2JTIyJTNFJTBBJTIwJTIwJTIwJTIwJTIwJTIwJTIwJTIwJTNDcG9seWdvbiUyMGNsYXNzJTNEJTIyZmlsbC1jb2xvcjQlMjIlMjBwb2ludHMlM0QlMjIwJTJDNTYlMjA1NiUyQzAlMjA1NiUyQzU2JTIyJTNFJTNDJTJGcG9seWdvbiUzRSUwQSUyMCUyMCUyMCUyMCUyMCUyMCUzQyUyRnN2ZyUzRSUwQSUyMCUyMCUyMCUyMCUzQyUyRmRpdiUzRSUwQSUyMCUyMCUyMCUyMCUzQ2RpdiUyMGNsYXNzJTNEJTIyc2xhbnRlZC1maWxsLWJvdHRvbSUyMGJnLWNvbG9yNCUyMiUzRSUzQyUyRmRpdiUzRSUwQSUyMCUyMCUyMCUyMCUwQSUyMCUyMCUzQyUyRmRpdiUzRQ==[\/vc_raw_html][\/vc_column][\/vc_row][vc_row full_width=\u00a0\u00bbstretch_row\u00a0\u00bb css=\u00a0\u00bb.vc_custom_1560950265302{margin-top: -40px !important;background-color: #f2f2f2 !important;}\u00a0\u00bb][vc_column][vc_column_text css=\u00a0\u00bb.vc_custom_1605127242306{padding-bottom: 20px !important;background-color: #f2f2f2 !important;}\u00a0\u00bb el_class=\u00a0\u00bbmtop60&Prime;]\r\n<h2 style=\"text-align: center;\">Services de marketing num\u00e9rique WSI<\/h2>\r\n<h3 style=\"text-align: center;\">Des solutions \u00e0 vos probl\u00e8mes de marketing sp\u00e9cifiques<\/h3>\r\n<p style=\"text-align: center;\">Nous ne croyons pas en l\u2019approche \u00ab\u2009universelle\u2009\u00bb du marketing num\u00e9rique. Au lieu de cela, nous prenons le temps de conna\u00eetre votre organisation et vos clients afin que nous puissions vous recommander une strat\u00e9gie en fonction de vos besoins individuels en affaires. Lorsque vous investissez dans l\u2019une des solutions de marketing num\u00e9rique de WSI, vous aurez certains des meilleurs esprits dans l\u2019industrie contribuant \u00e0 vos objectifs et \u00e0 votre vision.<\/p>\r\n[\/vc_column_text][vc_row_inner equal_height=\u00a0\u00bbyes\u00a0\u00bb css=\u00a0\u00bb.vc_custom_1561637540703{margin-top: 20px !important;}\u00a0\u00bb][vc_column_inner width=\u00a0\u00bb1\/2&Prime; css=\u00a0\u00bb.vc_custom_1561554324219{margin-bottom: 0px !important;}\u00a0\u00bb][vc_column_text el_class=\u00a0\u00bbic2-card\u00a0\u00bb]\r\n<div class=\"ic2-card col6 tab4 mob4 text-center border-radius transition shadow-hover ahover\">\r\n<div class=\"ic2c-wrapper width4 halign-center\">\r\n<div class=\"ic2c-top\">\r\n\r\n<img decoding=\"async\" class=\"ic2c-icon aligncenter\" src=\"http:\/\/wsisme.com\/wp-content\/uploads\/2019\/06\/aquire-more.jpg\" alt=\"lead-gen-v2\" height=\"55\" title=\"\">\r\n<h4 class=\"ic2c-title\" style=\"text-align: center;\">Gagnez plus de prospects et d\u00e9veloppez vos ventes<\/h4>\r\n<p class=\"ic2c-summary medium-text\" style=\"text-align: center;\">G\u00e9n\u00e9rez des prospects de qualit\u00e9 que vous pourrez transformer en clients.<\/p>\r\n\r\n<\/div>\r\n<div class=\"ic2c-bottom\">\r\n<p style=\"text-align: center;\"><a class=\"ic2-link wsi-button border-green medium-button\" href=\"http:\/\/wsisme.com\/fr\/services-de-marketing-numerique\/prospects-et-ventes\/\">GAGNEZ PLUS DE PROSPECTS<\/a><\/p>\r\n\r\n<\/div>\r\n<\/div>\r\n<\/div>\r\n[\/vc_column_text][\/vc_column_inner][vc_column_inner width=\u00a0\u00bb1\/2&Prime; css=\u00a0\u00bb.vc_custom_1561554331456{margin-bottom: 0px !important;}\u00a0\u00bb][vc_column_text el_class=\u00a0\u00bbic2-card\u00a0\u00bb]\r\n<div class=\"ic2-card col6 tab4 mob4 text-center border-radius transition shadow-hover ahover\">\r\n<div class=\"ic2c-wrapper width4 halign-center\">\r\n<div class=\"ic2c-top\">\r\n\r\n<img decoding=\"async\" class=\"ic2c-icon aligncenter\" src=\"\/wp-content\/uploads\/2019\/06\/build-brand-awarness.jpg\" alt=\"lead-gen-v2\" height=\"55\" title=\"\">\r\n<h4 class=\"ic2c-title\" style=\"text-align: center;\">D\u00e9veloppez la notori\u00e9t\u00e9 de votre marque<\/h4>\r\n<p class=\"ic2c-summary medium-text\" style=\"text-align: center;\">Soyez visible et valorisez vos services.<\/p>\r\n\r\n<\/div>\r\n<div class=\"ic2c-bottom\">\r\n<p style=\"text-align: center;\"><a class=\"ic2-link wsi-button border-green medium-button\" href=\"http:\/\/wsisme.com\/fr\/services-de-marketing-numerique\/notoriete-de-marque\/\">AUGMENTEZ VOTRE VISIBILIT\u00c9<\/a><\/p>\r\n\r\n<\/div>\r\n<\/div>\r\n<\/div>\r\n[\/vc_column_text][\/vc_column_inner][\/vc_row_inner][vc_row_inner equal_height=\u00a0\u00bbyes\u00a0\u00bb css=\u00a0\u00bb.vc_custom_1561637547238{margin-bottom: 40px !important;}\u00a0\u00bb][vc_column_inner width=\u00a0\u00bb1\/2&Prime; css=\u00a0\u00bb.vc_custom_1561554338816{margin-bottom: 0px !important;}\u00a0\u00bb][vc_column_text el_class=\u00a0\u00bbic2-card\u00a0\u00bb]\r\n<div class=\"ic2-card col6 tab4 mob4 text-center border-radius transition shadow-hover ahover\">\r\n<div class=\"ic2c-wrapper width4 halign-center\">\r\n<div class=\"ic2c-top\">\r\n\r\n<img decoding=\"async\" class=\"ic2c-icon aligncenter\" src=\"\/wp-content\/uploads\/2019\/06\/grow-your-online-reputation.jpg\" alt=\"lead-gen-v2\" height=\"55\" title=\"\">\r\n<h4 class=\"ic2c-title\" style=\"text-align: center;\">D\u00e9veloppez votre r\u00e9putation en ligne<\/h4>\r\n<p class=\"ic2c-summary medium-text\" style=\"text-align: center;\">Transformez vos clients en fid\u00e8les ambassadeurs de votre marque.<\/p>\r\n\r\n<\/div>\r\n<div class=\"ic2c-bottom\">\r\n<p style=\"text-align: center;\"><a class=\"ic2-link wsi-button border-green medium-button\" href=\"http:\/\/wsisme.com\/fr\/services-de-marketing-numerique\/reputation-en-ligne\/\">AUGMENTEZ VOTRE BASE DE FANS<\/a><\/p>\r\n\r\n<\/div>\r\n<\/div>\r\n<\/div>\r\n[\/vc_column_text][\/vc_column_inner][vc_column_inner width=\u00a0\u00bb1\/2&Prime; css=\u00a0\u00bb.vc_custom_1561554345896{margin-bottom: 0px !important;}\u00a0\u00bb][vc_column_text el_class=\u00a0\u00bbic2-card\u00a0\u00bb]\r\n<div class=\"ic2-card col6 tab4 mob4 text-center border-radius transition shadow-hover ahover\">\r\n<div class=\"ic2c-wrapper width4 halign-center\">\r\n<div class=\"ic2c-top\">\r\n\r\n<img decoding=\"async\" class=\"ic2c-icon aligncenter\" src=\"\/wp-content\/uploads\/2019\/06\/improve.jpg\" alt=\"lead-gen-v2\" height=\"55\" title=\"\">\r\n<h4 class=\"ic2c-title\" style=\"text-align: center;\">Am\u00e9liorez l\u2019efficacit\u00e9 de votre site internet<\/h4>\r\n<p class=\"ic2c-summary medium-text\" style=\"text-align: center;\">Transformez votre site internet en une machine \u00e0 g\u00e9n\u00e9rer des prospects.<\/p>\r\n\r\n<\/div>\r\n<div class=\"ic2c-bottom\">\r\n<p style=\"text-align: center;\"><a class=\"ic2-link wsi-button border-green medium-button\" href=\"https:\/\/wsisme.com\/fr\/services-de-marketing-numerique\/amelioration-de-site-web\/\">FAITES VIVRE VOTRE SITE<\/a><\/p>\r\n\r\n<\/div>\r\n<\/div>\r\n<\/div>\r\n[\/vc_column_text][\/vc_column_inner][\/vc_row_inner][vc_raw_html css=\u00a0\u00bb.vc_custom_1567783838775{padding-bottom: 30px !important;}\u00a0\u00bb]JTNDZGl2JTIwY2xhc3MlM0QlMjJ3c2ktc2l0ZS13cmFwcGVyJTIyJTNFJTBBJTIwJTIwJTIwJTIwJTNDZGl2JTIwY2xhc3MlM0QlMjJ3c2ktY29udGVudC13cmFwcGVyJTIwdGV4dC1hbGlnbi1jZW50ZXIxJTIyJTNFJTBBJTIwJTIwJTIwJTIwJTIwJTIwJTNDYSUyMGNsYXNzJTNEJTIyc2Etc2Nyb2xsJTIwdHJhbnNpdGlvbiUyMiUyMGhyZWYlM0QlMjIlMjNjdGElMjIlM0UlMEElMjAlMjAlMjAlMjAlMjAlMjAlM0NpJTIwY2xhc3MlM0QlMjJmYSUyMGZhLWNoZXZyb24tZG93biUyMGZnLWNvbG9yMiUyMiUzRSUzQyUyRmklM0UlMEElMjAlMjAlMjAlMjAlMjAlMjAlM0MlMkZhJTNFJTBBJTIwJTIwJTIwJTIwJTNDJTJGZGl2JTNFJTBBJTIwJTIwJTNDJTJGZGl2JTNF[\/vc_raw_html][\/vc_column][\/vc_row][vc_row][vc_column][vc_column_text]\r\n<div class=\"wsi-module shoutbox-cta bg-color4\">\r\n<div class=\"split-bg bg-color5\"><\/div>\r\n<div class=\"wsi-site-wrapper h-padding\">\r\n<div class=\"wsi-content-wrapper\">\r\n<div class=\"sbcta-wrapper col12 tab8 mob4 halign-center shadow border-radius flex flex-wrap flex-center space-between bg-color5\">\r\n<div class=\"sbcta-text col8 tab5 mob4\">\r\n<h3>Prenez contact et d\u00e9couvrez comment WSI peut aider votre entreprise.<\/h3>\r\n<\/div>\r\n<div class=\"sbcta-button col4 tab3 mob4 text-right\">\r\n\r\n<span id=\"hs-cta-wrapper-5232abdf-93a8-4de9-b6db-e65a0340d753\" class=\"hs-cta-wrapper\"><span id=\"hs-cta-5232abdf-93a8-4de9-b6db-e65a0340d753\" class=\"hs-cta-node hs-cta-5232abdf-93a8-4de9-b6db-e65a0340d753\" style=\"visibility: visible;\" data-hs-drop=\"true\"><a id=\"cta_button_434177_b29aaa79-2f7e-4cdf-b541-a125c172c0d0\" class=\"cta_button solid-green large-button\" title=\"LET'S GET STARTED\" href=\"https:\/\/wsisme.com\/fr\/parlez-nous\/\">PARLER \u00c0 UN EXPERT<\/a><\/span><\/span>\r\n\r\n<\/div>\r\n<\/div>\r\n<\/div>\r\n<\/div>\r\n<\/div>\r\n[\/vc_column_text][\/vc_column][\/vc_row][vc_row][vc_column][vc_raw_html]JTNDZGl2JTIwY2xhc3MlM0QlMjJ3c2ktc2l0ZS13cmFwcGVyJTIwaC1wYWRkaW5nJTIyJTNFJTBBJTIwJTIwJTIwJTIwJTNDZGl2JTIwY2xhc3MlM0QlMjJ3c2ktY29udGVudC13cmFwcGVyJTIyJTNFJTBBJTIwJTIwJTIwJTIwJTIwJTIwJTNDZGl2JTIwY2xhc3MlM0QlMjJ0YjEtdGV4dC13cmFwcGVyJTIwd2lkdGgxMCUyMGhhbGlnbi1jZW50ZXIlMjB0ZXh0LWNlbnRlciUyMiUzRSUwQSUyMCUyMCUyMCUyMCUyMCUyMCUyMCUyMCUzQ2RpdiUyMGNsYXNzJTNEJTIydGIxLXRleHQlMjBtZWRpdW0tdGV4dCUyMHRleHQtY29sLTElMjIlM0UlM0NoMiUzRURlcyUyMHNlcnZpY2VzJTIwcG91ciUyMGNoYXF1ZSUyMG9iamVjdGlmJTIwZGUlMjBtYXJrZXRpbmclM0MlMkZoMiUzRSUwQSUzQ3AlM0VMZXMlMjBzZXJ2aWNlcyUyMGRlJTIwbWFya2V0aW5nJTIwbnVtJUMzJUE5cmlxdWUlMjBkZSUyMFdTSSUyMHNvbnQlMjBjYXBhYmxlcyUyMGQlRTIlODAlOTlhdHRlaW5kcmUlMjBuJUUyJTgwJTk5aW1wb3J0ZSUyMHF1ZWwlMjBvYmplY3RpZiUyMGRlJTIwbWFya2V0aW5nLiUyMExhJTIwY2wlQzMlQTklMjBlc3QlMjBkZSUyMGQlQzMlQTl2ZWxvcHBlciUyMGxhJTIwc3RyYXQlQzMlQTlnaWUlMjBkZSUyMG1hcmtldGluZyUyMG51bSVDMyVBOXJpcXVlJTIwcGFyZmFpdGUlMjBhdmVjJTIwbGVzJTIwYm9ubmVzJTIwdGFjdGlxdWVzJTIwZXQlMjB1biUyMGJ1ZGdldCUyMHF1aSUyMGxhaXNzZSUyMGJlYXVjb3VwJTIwZGUlMjBwbGFjZSUyMGF1JTIwcHJvZml0LiUyMCUzQ3N0cm9uZyUzRU5vdHJlJTIwZXhwJUMzJUE5cmllbmNlJTIwZW4lMjBtYXJrZXRpbmclMjBudW0lQzMlQTlyaXF1ZSUyMG5vdXMlMjBvZmZyZSUyMGxhJTIwY2FwYWNpdCVDMyVBOSUyMGQlRTIlODAlOTlhcHBsaXF1ZXIlMjBub3MlMjBzZXJ2aWNlcyUyMHBvdXIlMjBhdHRlaW5kcmUlMjBuJUUyJTgwJTk5aW1wb3J0ZSUyMHF1ZWwlMjBvYmplY3RpZiUyMGRlJTIwbWFya2V0aW5nLiUzQyUyRnN0cm9uZyUzRSUzQyUyRnAlM0UlM0MlMkZkaXYlM0UlMEElMjAlMjAlMjAlMjAlMjAlMjAlMjAlMjAlMEElMjAlMjAlMjAlMjAlMjAlMjAlM0MlMkZkaXYlM0UlMEElMjAlMjAlMjAlMjAlM0MlMkZkaXYlM0UlMEElMjAlMjAlM0MlMkZkaXYlM0U=[\/vc_raw_html][vc_raw_html css=\u00a0\u00bb.vc_custom_1761579476817{padding-top: 30px !important;}\u00a0\u00bb]JTNDc2VjdGlvbiUyMGlkJTNEJTIyNDk4NzU0NCUyMiUyMGNsYXNzJTNEJTIyd3NpLW1vZHVsZSUyMGxpbmstbGlzdC0yJTIyJTIwc3R5bGUlM0QlMjIlMjIlM0UlMEElMjAlMjAlM0NkaXYlMjBjbGFzcyUzRCUyMndzaS1zaXRlLXdyYXBwZXIlMjIlM0UlMEElMjAlMjAlMjAlMjAlM0NkaXYlMjBjbGFzcyUzRCUyMndzaS1jb250ZW50LXdyYXBwZXIlMjIlM0UlMEElMjAlMjAlMjAlMjAlMjAlMjAlM0NkaXYlMjBjbGFzcyUzRCUyMmxsMi13cmFwcGVyJTIwY29sMTAlMjB0YWI4JTIwbW9iNCUyMGhhbGlnbi1jZW50ZXIlMjIlM0UlMEElMjAlMjAlMjAlMjAlMjAlMjAlMjAlMjAlM0N1bCUyMGNsYXNzJTNEJTIybGwyLWxpc3QlMjBmbGV4JTIwZmxleC13cmFwJTIwZmxleC1zdHJldGNoJTIwc3BhY2UtYmV0d2VlbiUyMiUzRSUwQSUwOSUwOSUwQSUwOSUwOSUzQ2xpJTIwY2xhc3MlM0QlMjJsbDItaXRlbSUyMGNvbDYlMjB0YWI0JTIwbW9iNCUyMG1lZGl1bS10ZXh0JTIyJTNFJTNDYSUyMGNsYXNzJTNEJTIybGwyLWxpbmslMjB0cmFuc2l0aW9uJTIyJTIwaHJlZiUzRCUyMmh0dHBzJTNBJTJGJTJGd3Npc21lLmNvbSUyRmZyJTJGc2VydmljZXMtZGUtbWFya2V0aW5nLW51bWVyaXF1ZSUyRnJlZmVyZW5jZW1lbnQtbmF0dXJlbC1zZW8lMkYlMjIlM0VSJUMzJUE5ZiVDMyVBOXJlbmNlbWVudCUyMG5hdHVyZWwlMjAlMjhTRU8lMjklM0MlMkZhJTNFJTNDJTJGbGklM0UlMEElMjAlMjAlMjAlMjAlMjAlMEElMjAlMjAlMjAlMjAlMjAlMjAlMjAlMjAlMjAlMjAlM0NsaSUyMGNsYXNzJTNEJTIybGwyLWl0ZW0lMjBjb2w2JTIwdGFiNCUyMG1vYjQlMjBtZWRpdW0tdGV4dCUyMiUzRSUzQ2ElMjBjbGFzcyUzRCUyMmxsMi1saW5rJTIwdHJhbnNpdGlvbiUyMiUyMGhyZWYlM0QlMjJodHRwcyUzQSUyRiUyRndzaXNtZS5jb20lMkZmciUyRnNlcnZpY2VzLWRlLW1hcmtldGluZy1udW1lcmlxdWUlMkZjb25jZXB0aW9uLWV0LWRldmVsb3BwZW1lbnQtZGUtc2l0ZXMtd2ViJTJGJTIyJTNFQ29uY2VwdGlvbiUyMGV0JTIwZCVDMyVBOXZlbG9wcGVtZW50JTIwV2ViJTNDJTJGYSUzRSUzQyUyRmxpJTNFJTBBJTIwJTIwJTIwJTIwJTIwJTIwJTIwJTIwJTBBJTA5JTA5JTIwJTIwJTIwJTIwJTIwJTIwJTIwJTIwJTIwJTIwJTNDbGklMjBjbGFzcyUzRCUyMmxsMi1pdGVtJTIwY29sNiUyMHRhYjQlMjBtb2I0JTIwbWVkaXVtLXRleHQlMjIlM0UlM0NhJTIwY2xhc3MlM0QlMjJsbDItbGluayUyMHRyYW5zaXRpb24lMjIlMjBocmVmJTNEJTIyaHR0cHMlM0ElMkYlMkZ3c2lzbWUuY29tJTJGZnIlMkZzZXJ2aWNlcy1kZS1tYXJrZXRpbmctbnVtZXJpcXVlJTJGcmVmZXJlbmNlbWVudC1sb2NhbCUyRiUyMiUzRVIlQzMlQTlmJUMzJUE5cmVuY2VtZW50JTIwbG9jYWwlM0MlMkZhJTNFJTNDJTJGbGklM0UlMEElMDklMDklMDklMDklMjAlMjAlMEElMDklMDklMDklMjAlMjAlMjAlMjAlMjAlMjAlMjAlMjAlM0NsaSUyMGNsYXNzJTNEJTIybGwyLWl0ZW0lMjBjb2w2JTIwdGFiNCUyMG1vYjQlMjBtZWRpdW0tdGV4dCUyMiUzRSUzQ2ElMjBjbGFzcyUzRCUyMmxsMi1saW5rJTIwdHJhbnNpdGlvbiUyMiUyMGhyZWYlM0QlMjJodHRwcyUzQSUyRiUyRndzaXNtZS5jb20lMkZmciUyRnNlcnZpY2VzLWRlLW1hcmtldGluZy1udW1lcmlxdWUlMkZkZXZlbG9wcGVtZW50LWV0LWVudHJldGllbi13b3JkcHJlc3MlMkYlMjIlM0VEJUMzJUE5dmVsb3BwZW1lbnQlMjBldCUyMHNvdXRpZW4lMjBkZSUyMFdvcmRQcmVzcyUzQyUyRmElM0UlM0MlMkZsaSUzRSUwQSUwOSUwOSUwOSUwOSUwOSUwQSUwOSUwOSUwOSUwOSUwOSUyMCUyMCUyMCUyMCUyMCUyMCUyMCUzQ2xpJTIwY2xhc3MlM0QlMjJsbDItaXRlbSUyMGNvbDYlMjB0YWI0JTIwbW9iNCUyMG1lZGl1bS10ZXh0JTIyJTNFJTNDYSUyMGNsYXNzJTNEJTIybGwyLWxpbmslMjB0cmFuc2l0aW9uJTIyJTIwaHJlZiUzRCUyMmh0dHBzJTNBJTJGJTJGd3Npc21lLmNvbSUyRmZyJTJGc2VydmljZXMtZGUtbWFya2V0aW5nLW51bWVyaXF1ZSUyRnJlZmVyZW5jZW1lbnQtcGF5YW50ZSUyRiUyMiUzRVIlQzMlQTlmJUMzJUE5cmVuY2VtZW50JTIwcGF5YW50JTNDJTJGYSUzRSUzQyUyRmxpJTNFJTBBJTIwJTIwJTIwJTIwJTIwJTIwJTIwJTIwJTBBJTIwJTIwJTIwJTIwJTIwJTIwJTIwJTIwJTIwJTIwJTNDbGklMjBjbGFzcyUzRCUyMmxsMi1pdGVtJTIwY29sNiUyMHRhYjQlMjBtb2I0JTIwbWVkaXVtLXRleHQlMjIlM0UlM0NhJTIwY2xhc3MlM0QlMjJsbDItbGluayUyMHRyYW5zaXRpb24lMjIlMjBocmVmJTNEJTIyaHR0cHMlM0ElMkYlMkZ3c2lzbWUuY29tJTJGZnIlMkZzZXJ2aWNlcy1kZS1tYXJrZXRpbmctbnVtZXJpcXVlJTJGb3B0aW1pc2F0aW9uLWRlcy1wYWdlcy1kZS1kZXN0aW5hdGlvbiUyRiUyMiUzRU9wdGltaXNhdGlvbiUyMGRlcyUyMHBhZ2VzJTIwZGUlMjBkZXN0aW5hdGlvbiUzQyUyRmElM0UlM0MlMkZsaSUzRSUwQSUwOSUwOSUyMCUyMCUwQSUwOSUwOSUyMCUyMCUyMCUyMCUyMCUyMCUyMCUyMCUyMCUyMCUyMCUyMCUzQ2xpJTIwY2xhc3MlM0QlMjJsbDItaXRlbSUyMGNvbDYlMjB0YWI0JTIwbW9iNCUyMG1lZGl1bS10ZXh0JTIyJTNFJTNDYSUyMGNsYXNzJTNEJTIybGwyLWxpbmslMjB0cmFuc2l0aW9uJTIyJTIwaHJlZiUzRCUyMmh0dHBzJTNBJTJGJTJGd3Npc21lLmNvbSUyRmZyJTJGc2VydmljZXMtZGUtbWFya2V0aW5nLW51bWVyaXF1ZSUyRm1hcmtldGluZy1kZXMtbWVkaWFzLXNvY2lhdXglMkYlMjIlM0VNYXJrZXRpbmclMjBkZXMlMjBtJUMzJUE5ZGlhcyUyMHNvY2lhdXglM0MlMkZhJTNFJTNDJTJGbGklM0UlMEElMDklMDklMDklMDklMDklMEElMDklMDklMDklMDklMDklMjAlMjAlMjAlMjAlMjAlMjAlMjAlMjAlMjAlMjAlMjAlMjAlMjAlM0NsaSUyMGNsYXNzJTNEJTIybGwyLWl0ZW0lMjBjb2w2JTIwdGFiNCUyMG1vYjQlMjBtZWRpdW0tdGV4dCUyMiUzRSUzQ2ElMjBjbGFzcyUzRCUyMmxsMi1saW5rJTIwdHJhbnNpdGlvbiUyMiUyMGhyZWYlM0QlMjJodHRwcyUzQSUyRiUyRndzaXNtZS5jb20lMkZmciUyRnNlcnZpY2VzLWRlLW1hcmtldGluZy1udW1lcmlxdWUlMkZpbmJvdW5kLW1hcmtldGluZyUyRiUyMiUzRUluYm91bmQlMjBNYXJrZXRpbmclM0MlMkZhJTNFJTNDJTJGbGklM0UlMEElMjAlMjAlMjAlMjAlMjAlMjAlMjAlMjAlMEElMjAlMjAlMjAlMjAlMjAlMjAlMjAlMjAlMjAlMjAlM0NsaSUyMGNsYXNzJTNEJTIybGwyLWl0ZW0lMjBjb2w2JTIwdGFiNCUyMG1vYjQlMjBtZWRpdW0tdGV4dCUyMiUzRSUzQ2ElMjBjbGFzcyUzRCUyMmxsMi1saW5rJTIwdHJhbnNpdGlvbiUyMiUyMGhyZWYlM0QlMjJodHRwcyUzQSUyRiUyRndzaXNtZS5jb20lMkZmciUyRnNlcnZpY2VzLWRlLW1hcmtldGluZy1udW1lcmlxdWUlMkZtYXJrZXRpbmctZGUtY29udGVudSUyRiUyMiUzRU1hcmtldGluZyUyMGRlJTIwY29udGVudSUzQyUyRmElM0UlM0MlMkZsaSUzRSUwQSUwOSUwOSUyMCUyMCUwQSUwOSUwOSUyMCUyMCUyMCUyMCUyMCUyMCUyMCUyMCUyMCUyMCUyMCUyMCUzQ2xpJTIwY2xhc3MlM0QlMjJsbDItaXRlbSUyMGNvbDYlMjB0YWI0JTIwbW9iNCUyMG1lZGl1bS10ZXh0JTIyJTNFJTNDYSUyMGNsYXNzJTNEJTIybGwyLWxpbmslMjB0cmFuc2l0aW9uJTIyJTIwaHJlZiUzRCUyMmh0dHBzJTNBJTJGJTJGd3Npc21lLmNvbSUyRmZyJTJGc2VydmljZXMtZGUtbWFya2V0aW5nLW51bWVyaXF1ZSUyRmFuYWx5c2VzLWV0LXJhcHBvcnRzJTJGJTIyJTNFQW5hbHlzZSUyMGV0JTIwcmFwcG9ydHMlM0MlMkZhJTNFJTNDJTJGbGklM0UlMEElMDklMDklMDklMDklMDklMEElMDklMDklMDklMDklMDklMDklMDklMjAlMjAlM0NsaSUyMGNsYXNzJTNEJTIybGwyLWl0ZW0lMjBjb2w2JTIwdGFiNCUyMG1vYjQlMjBtZWRpdW0tdGV4dCUyMiUzRSUzQ2ElMjBjbGFzcyUzRCUyMmxsMi1saW5rJTIwdHJhbnNpdGlvbiUyMiUyMGhyZWYlM0QlMjJodHRwcyUzQSUyRiUyRndzaXNtZS5jb20lMkZmciUyRnNlcnZpY2VzLWRlLW1hcmtldGluZy1udW1lcmlxdWUlMkZkZWZpbml0aW9uLWRlLXZvcy1wcm9maWxzLWFjaGV0ZXVyJTJGJTIyJTNFRCVDMyVBOWZpbml0aW9uJTIwZGUlMjB2b3MlMjBwcm9maWxzJTIwZCVFMiU4MCU5OWFjaGV0ZXVycyUzQyUyRmElM0UlM0MlMkZsaSUzRSUwQSUwOSUwOSUwOSUwOSUwOSUwOSUwOSUyMCUyMCUwQSUwOSUwOSUwOSUwOSUwOSUwOSUwOSUyMCUyMCUyMCUyMCUyMCUyMCUyMCUyMCUyMCUyMCUyMCUyMCUzQ2xpJTIwY2xhc3MlM0QlMjJsbDItaXRlbSUyMGNvbDYlMjB0YWI0JTIwbW9iNCUyMG1lZGl1bS10ZXh0JTIyJTNFJTNDYSUyMGNsYXNzJTNEJTIybGwyLWxpbmslMjB0cmFuc2l0aW9uJTIyJTIwaHJlZiUzRCUyMmh0dHBzJTNBJTJGJTJGd3Npc21lLmNvbSUyRmZyJTJGc2VydmljZXMtZGUtbWFya2V0aW5nLW51bWVyaXF1ZSUyRm1hcmtldGluZy1tb2JpbGUlMkYlMjIlM0VNYXJrZXRpbmclMjBtb2JpbGUlM0MlMkZhJTNFJTNDJTJGbGklM0UlMEElMEElMDklMDklMjAlMjAlMjAlMjAlMjAlMjAlMjAlMjAlMjAlMjAlMjAlMjAlM0NsaSUyMGNsYXNzJTNEJTIybGwyLWl0ZW0lMjBjb2w2JTIwdGFiNCUyMG1vYjQlMjBtZWRpdW0tdGV4dCUyMiUzRSUzQ2ElMjBjbGFzcyUzRCUyMmxsMi1saW5rJTIwdHJhbnNpdGlvbiUyMiUyMGhyZWYlM0QlMjJodHRwcyUzQSUyRiUyRndzaXNtZS5jb20lMkZmciUyRnNlcnZpY2VzLWRlLW1hcmtldGluZy1udW1lcmlxdWUlMkZhbmFseXNlLWNvbmN1cnJlbnRpZWxsZSUyRiUyMiUzRUFuYWx5c2UlMjBjb25jdXJyZW50aWVsbGUlMEElM0MlMkZhJTNFJTNDJTJGbGklM0UlMEElMjAlMjAlMjAlMjAlMjAlMjAlMjAlMjAlMjAlMjAlMjAlMjAlMjAlMjAlMjAlMEElMjAlMjAlMjAlMjAlMjAlMjAlMjAlMjAlMjAlMjAlM0NsaSUyMGNsYXNzJTNEJTIybGwyLWl0ZW0lMjBjb2w2JTIwdGFiNCUyMG1vYjQlMjBtZWRpdW0tdGV4dCUyMiUzRSUzQ2ElMjBjbGFzcyUzRCUyMmxsMi1saW5rJTIwdHJhbnNpdGlvbiUyMiUyMGhyZWYlM0QlMjJodHRwcyUzQSUyRiUyRndzaXNtZS5jb20lMkZmciUyRnNlcnZpY2VzLWRlLW1hcmtldGluZy1udW1lcmlxdWUlMkZtYXJrZXRpbmctcGFyLWNvdXJyaWVsJTJGJTIyJTNFTWFya2V0aW5nJTIwcGFyJTIwY291cnJpZWwlM0MlMkZhJTNFJTNDJTJGbGklM0UlMjAlMjAlMjAlMjAlMjAlMEElMEElMDklMDklMjAlMjAlM0NsaSUyMGNsYXNzJTNEJTIybGwyLWl0ZW0lMjBjb2w2JTIwdGFiNCUyMG1vYjQlMjBtZWRpdW0tdGV4dCUyMiUzRSUzQ2ElMjBjbGFzcyUzRCUyMmxsMi1saW5rJTIwdHJhbnNpdGlvbiUyMiUyMGhyZWYlM0QlMjJodHRwcyUzQSUyRiUyRndzaXNtZS5jb20lMkZmciUyRnNlcnZpY2VzLWRlLW1hcmtldGluZy1udW1lcmlxdWUlMkZtYXJrZXRpbmctbWFudWZhY3R1cmllciUyRiUyMiUzRU1hcmtldGluZyUyMG1hbnVmYWN0dXJpZXIlM0MlMkZhJTNFJTNDJTJGbGklM0UlMjAlMjAlMjAlMjAlMjAlMjAlMjAlMjAlMEElMDklMDklMjAlMjAlMEElMDklMDklMjAlMjAlM0NsaSUyMGNsYXNzJTNEJTIybGwyLWl0ZW0lMjBjb2w2JTIwdGFiNCUyMG1vYjQlMjBtZWRpdW0tdGV4dCUyMiUzRSUzQ2ElMjBjbGFzcyUzRCUyMmxsMi1saW5rJTIwdHJhbnNpdGlvbiUyMiUyMGhyZWYlM0QlMjJodHRwcyUzQSUyRiUyRndzaXNtZS5jb20lMkZmciUyRnNlcnZpY2VzLWRlLW1hcmtldGluZy1udW1lcmlxdWUlMkZleHBlcnRzLWVuLW1hcmtldGluZy1udW1lcmlxdWUtb3Vlc3QtZGUtbGlsZSUyRiUyMiUzRUV4cGVydHMlMjBlbiUyMG1hcmtldGluZyUyMG51bSVDMyVBOXJpcXVlJTIwT3Vlc3QtZGUtbCVFMiU4MCU5OSVDMyU4RWxlJTNDJTJGYSUzRSUzQyUyRmxpJTNFJTIwJTIwJTIwJTIwJTIwJTIwJTIwJTIwJTBBJTA5JTA5JTIwJTIwJTIwJTNDbGklMjBjbGFzcyUzRCUyMmxsMi1pdGVtJTIwY29sNiUyMHRhYjQlMjBtb2I0JTIwbWVkaXVtLXRleHQlMjIlM0UlM0NhJTIwY2xhc3MlM0QlMjJsbDItbGluayUyMHRyYW5zaXRpb24lMjIlMjBocmVmJTNEJTIyaHR0cHMlM0ElMkYlMkZ3c2lzbWUuY29tJTJGZnIlMkZzZXJ2aWNlcy1kZS1tYXJrZXRpbmctbnVtZXJpcXVlJTJGYWdlbmNlLXJlZmVyZW5jZW1lbnQtaWEtbW9udHJlYWwlMkYlMjIlM0VSJUMzJUE5ZiVDMyVBOXJlbmNlbWVudCUyMElBJTIwJTI4U0VPJTIwSUElMjklM0MlMkZhJTNFJTNDJTJGbGklM0UlMjAlMjAlMjAlMjAlMjAlMjAlMjAlMjAlMEElMjAlMjAlMjAlMjAlMjAlMjAlMjAlMjAlMjAlMjAlM0MlMkZ1bCUzRSUwQSUyMCUyMCUyMCUyMCUyMCUyMCUzQyUyRmRpdiUzRSUwQSUyMCUyMCUyMCUyMCUzQyUyRmRpdiUzRSUwQSUyMCUyMCUzQyUyRmRpdiUzRSUwQSUzQyUyRnNlY3Rpb24lM0U=[\/vc_raw_html][\/vc_column][\/vc_row]<\/div>","protected":false},"excerpt":{"rendered":"[vc_row][vc_column][vc_column_text] Services de marketing num\u00e9rique \u00e0 Montr\u00e9al Le marketing num\u00e9rique est un r\u00e9seau complexe d\u2019outils et de services. Nous prenons le temps de comprendre votre organisation et vos clients, et construisons ensuite une strat\u00e9gie num\u00e9rique capable d\u2019obtenir des r\u00e9sultats remarquables.&hellip;","protected":false},"author":2,"featured_media":0,"parent":0,"menu_order":11,"comment_status":"closed","ping_status":"closed","template":"","meta":{"_acf_changed":false,"footnotes":""},"class_list":["post-8046","page","type-page","status-publish","hentry","entry","no-media"],"acf":[],"_links":{"self":[{"href":"https:\/\/wsisme.com\/fr\/wp-json\/wp\/v2\/pages\/8046","targetHints":{"allow":["GET"]}}],"collection":[{"href":"https:\/\/wsisme.com\/fr\/wp-json\/wp\/v2\/pages"}],"about":[{"href":"https:\/\/wsisme.com\/fr\/wp-json\/wp\/v2\/types\/page"}],"author":[{"embeddable":true,"href":"https:\/\/wsisme.com\/fr\/wp-json\/wp\/v2\/users\/2"}],"replies":[{"embeddable":true,"href":"https:\/\/wsisme.com\/fr\/wp-json\/wp\/v2\/comments?post=8046"}],"version-history":[{"count":10,"href":"https:\/\/wsisme.com\/fr\/wp-json\/wp\/v2\/pages\/8046\/revisions"}],"predecessor-version":[{"id":12480,"href":"https:\/\/wsisme.com\/fr\/wp-json\/wp\/v2\/pages\/8046\/revisions\/12480"}],"wp:attachment":[{"href":"https:\/\/wsisme.com\/fr\/wp-json\/wp\/v2\/media?parent=8046"}],"curies":[{"name":"wp","href":"https:\/\/api.w.org\/{rel}","templated":true}]}}