{"id":8068,"date":"2020-02-27T16:17:40","date_gmt":"2020-02-27T16:17:40","guid":{"rendered":"http:\/\/wsisme.com\/?page_id=8068"},"modified":"2024-01-03T21:21:08","modified_gmt":"2024-01-03T21:21:08","slug":"referencement-naturel-seo","status":"publish","type":"page","link":"https:\/\/wsisme.com\/fr\/services-de-marketing-numerique\/referencement-naturel-seo\/","title":{"rendered":"R\u00e9f\u00e9rencement naturel \u00e0 Montr\u00e9al"},"content":{"rendered":"<div class=\"wpb-content-wrapper\">[vc_row full_width=\u00a0\u00bbstretch_row\u00a0\u00bb content_placement=\u00a0\u00bbmiddle\u00a0\u00bb css=\u00a0\u00bb.vc_custom_1571768210025{margin-bottom: 40px !important;}\u00a0\u00bb][vc_column css=\u00a0\u00bb.vc_custom_1576875326799{margin-bottom: 0px !important;}\u00a0\u00bb][vc_column_text]\r\n<h1 style=\"text-align: center;\">Agence de r\u00e9f\u00e9rencement naturel Montr\u00e9al<\/h1>\r\n[\/vc_column_text][\/vc_column][\/vc_row][vc_row full_width=\u00a0\u00bbstretch_row\u00a0\u00bb content_placement=\u00a0\u00bbmiddle\u00a0\u00bb css=\u00a0\u00bb.vc_custom_1571768210025{margin-bottom: 40px !important;}\u00a0\u00bb][vc_column width=\u00a0\u00bb1\/2&Prime;][vc_single_image image=\u00a0\u00bb7820&Prime; alignment=\u00a0\u00bbright\u00a0\u00bb][\/vc_column][vc_column width=\u00a0\u00bb1\/2&Prime;][vc_column_text]\r\n<h3 style=\"text-align: left;\">Agence de r\u00e9f\u00e9rencement naturel \u00e0 Montr\u00e9al avec des r\u00e9sultats prouv\u00e9s<\/h3>\r\nEn tant qu\u2019agence de SEO de Montr\u00e9al, WSI poss\u00e8de des d\u00e9cennies d\u2019exp\u00e9rience dans la recherche et l\u2019optimisation en plusieurs langues, nous int\u00e9grons les habitudes de recherche uniques des Montr\u00e9alais bilingues dans notre processus de SEO. Demandez-nous comment nos services de <a href=\"https:\/\/wsisme.com\/fr\/services-de-marketing-numerique\/referencement-local\/\">r\u00e9f\u00e9rencement local<\/a>\u00a0peuvent vous aider \u00e0 surclasser vos concurrents afin d\u2019obtenir une meilleure visibilit\u00e9 sur les moteurs de recherche.\r\n\r\nLe r\u00e9ferencement est en constante \u00e9volution, car les consommateurs sont \u00e0 la recherche d\u2019informations de plus de fa\u00e7ons, sur plus d\u2019appareils et dans plus d\u2019endroits. Google met fr\u00e9quemment \u00e0 jour son algorithme en s\u2019adaptant au comportement des utilisateurs et en modifiant les r\u00e9sultats de recherche pour am\u00e9liorer l\u2019exp\u00e9rience utilisateur. Notre m\u00e9thodologie SEO adaptative permet \u00e0 vos classements de recherche d\u2019\u00e9voluer et de cro\u00eetre au fil du temps, en veillant \u00e0 ce que votre entreprise soit trouv\u00e9e par vos clients cibles, aujourd\u2019hui et demain.[\/vc_column_text][\/vc_column][\/vc_row][vc_row full_width=\u00a0\u00bbstretch_row\u00a0\u00bb css=\u00a0\u00bb.vc_custom_1576874280257{margin-top: -5px !important;}\u00a0\u00bb][vc_column][vc_row_inner content_placement=\u00a0\u00bbmiddle\u00a0\u00bb][vc_column_inner width=\u00a0\u00bb1\/2&Prime;][vc_column_text]\r\n<h3 style=\"text-align: left;\">Le r\u00e9f\u00e9rencement naturel prend du temps<\/h3>\r\n<p style=\"text-align: left;\">Si une agence de marketing vous promet des r\u00e9sultats de classement imm\u00e9diats, ils ne sont pas l\u00e9gitimes. Le r\u00e9el SEO est une strat\u00e9gie compl\u00e8te n\u00e9e de la recherche sur les concurrents et les mots cl\u00e9s pour \u00e9tablir les fondations et ensuite un d\u00e9veloppement sur le long terme. Le SEO n\u2019est pas magique, c\u2019est comprendre ce que les moteurs de recherche veulent d\u2019un point de vue technique, d\u2019une exp\u00e9rience d\u2019utilisateur sur site et des facteurs hors site.\u00a0 Le r\u00e9f\u00e9rencement web (SEO) est \u00e0 la base de toutes les activit\u00e9s de marketing num\u00e9rique\u2009; il s\u2019agit d\u2019un investissement \u00e0 long terme qui portera constamment ses fruits avec la bonne strat\u00e9gie.<\/p>\r\n[\/vc_column_text][\/vc_column_inner][vc_column_inner width=\u00a0\u00bb1\/2&Prime;][vc_single_image image=\u00a0\u00bb8341&Prime;][\/vc_column_inner][\/vc_row_inner][\/vc_column][\/vc_row][vc_row full_width=\u00a0\u00bbstretch_row\u00a0\u00bb content_placement=\u00a0\u00bbmiddle\u00a0\u00bb css=\u00a0\u00bb.vc_custom_1634754255196{margin-bottom: 40px !important;background-image: url(http:\/\/wsisme.com\/wp-content\/uploads\/2021\/10\/Good-News-For-Good-Content.jpg?id=8625) !important;}\u00a0\u00bb el_class=\u00a0\u00bbh500&Prime; visibility=\u00a0\u00bbvisible-desktop-large\u00a0\u00bb][vc_column width=\u00a0\u00bb1\/2&Prime;][\/vc_column][vc_column width=\u00a0\u00bb1\/2&Prime;][vc_column_text]\r\n<h3 class=\"white\" style=\"text-align: left;\">Bonne nouvelle pour le bon contenu<\/h3>\r\n<p class=\"white\" style=\"text-align: left;\">La bonne nouvelle, c\u2019est que vos clients et les moteurs de recherche veulent la m\u00eame chose, un contenu qui est bon, de valeur et pertinent pour r\u00e9pondre \u00e0 leurs besoins et \u00e0 leurs questions.<\/p>\r\n<p class=\"white\" style=\"text-align: left;\">Fini le temps de bourrer des mots cl\u00e9s dans le contenu afin d\u2019atteindre un rang \u00e9lev\u00e9 sur les moteurs de recherche. Plus que simplement faire correspondre les mots cl\u00e9s et les phrases, nous nous assurons que le contenu de votre site Web r\u00e9pond aux questions que pose votre public cible et consid\u00e9rons \u00e0 la fois la recherche de bureau et la recherche vocale.<\/p>\r\n[\/vc_column_text][\/vc_column][\/vc_row][vc_row full_width=\u00a0\u00bbstretch_row\u00a0\u00bb visibility=\u00a0\u00bbhidden-desktop-large\u00a0\u00bb][vc_column width=\u00a0\u00bb1\/2&Prime;][vc_single_image image=\u00a0\u00bb8627&Prime;][\/vc_column][vc_column width=\u00a0\u00bb1\/2&Prime;][vc_column_text]\r\n<h3 class=\"\" style=\"text-align: left;\">Bonne nouvelle pour le bon contenu<\/h3>\r\n<p class=\"\" style=\"text-align: left;\">La bonne nouvelle, c\u2019est que vos clients et les moteurs de recherche veulent la m\u00eame chose, un contenu qui est bon, de valeur et pertinent pour r\u00e9pondre \u00e0 leurs besoins et \u00e0 leurs questions.<\/p>\r\n<p class=\"\" style=\"text-align: left;\">Fini le temps de bourrer des mots cl\u00e9s dans le contenu afin d\u2019atteindre un rang \u00e9lev\u00e9 sur les moteurs de recherche. Plus que simplement faire correspondre les mots cl\u00e9s et les phrases, nous nous assurons que le contenu de votre site Web r\u00e9pond aux questions que pose votre public cible et consid\u00e9rons \u00e0 la fois la recherche de bureau et la recherche vocale.<\/p>\r\n[\/vc_column_text][\/vc_column][\/vc_row][vc_row full_width=\u00a0\u00bbstretch_row\u00a0\u00bb css=\u00a0\u00bb.vc_custom_1576874280257{margin-top: -5px !important;}\u00a0\u00bb][vc_column][vc_row_inner equal_height=\u00a0\u00bbyes\u00a0\u00bb content_placement=\u00a0\u00bbmiddle\u00a0\u00bb css=\u00a0\u00bb.vc_custom_1634755343285{margin-top: 20px !important;}\u00a0\u00bb][vc_column_inner width=\u00a0\u00bb1\/2&Prime; css=\u00a0\u00bb.vc_custom_1561554324219{margin-bottom: 0px !important;}\u00a0\u00bb][vc_column_text css=\u00a0\u00bb.vc_custom_1634590328119{margin-top: 80px !important;}\u00a0\u00bb]\r\n<h3>L\u2019autorit\u00e9, l\u2019expertise et la fiabilit\u00e9 sont essentielles<\/h3>\r\nVous avez d\u00e9j\u00e0 ces qualit\u00e9s avec vos clients. Maintenant, vous devez aussi les d\u00e9velopper avec des moteurs de recherche.\u00a0 Notre \u00e9quipe de <a href=\"http:\/\/wsisme.com\/fr\/services-de-marketing-numerique\/marketing-de-contenu\/\">marketing de contenu<\/a> \u00e0 Montr\u00e9al vous aidera \u00e0 cr\u00e9er des pi\u00e8ces de contenu informatives, engageantes et optimis\u00e9es, telles que des articles de blog, du contenu optimis\u00e9 pour le r\u00e9f\u00e9rencement, des infographies, des livres \u00e9lectroniques, entre autres, qui prouvent que vous \u00eates des experts dans votre domaine.[\/vc_column_text][\/vc_column_inner][vc_column_inner width=\u00a0\u00bb1\/2&Prime; css=\u00a0\u00bb.vc_custom_1561554331456{margin-bottom: 0px !important;}\u00a0\u00bb][vc_single_image image=\u00a0\u00bb8349&Prime;][\/vc_column_inner][\/vc_row_inner][vc_column_text]\r\n<p style=\"text-align: center;\"><a class=\"sa-scroll transition\" href=\"#cta\">\r\n<i class=\"fa fa-chevron-down fg-color2\"><\/i>\r\n<\/a><\/p>\r\n[\/vc_column_text][\/vc_column][\/vc_row][vc_row full_width=\u00a0\u00bbstretch_row\u00a0\u00bb css=\u00a0\u00bb.vc_custom_1566573583282{padding-top: 30px !important;background-color: #052148 !important;}\u00a0\u00bb el_id=\u00a0\u00bbcta\u00a0\u00bb][vc_column]<h2 class=\"vcex-module vcex-heading vcex-heading-plain\" style=\"color:#ffffff;text-align:center;\"><span class=\"vcex-heading-inner clr\">Le saviez-vous\u2009?<\/span><\/h2>[vc_column_text color=\u00a0\u00bb#ffffff\u00a0\u00bb]\r\n<p style=\"text-align: center;\">Presque toutes les entreprises ayant une pr\u00e9sence en ligne comptent sur les moteurs de recherche Google pour attirer de nouveaux clients. Voici pourquoi vous devez rester \u00e0 jour avec cette tendance marketing :<\/p>\r\n[\/vc_column_text][vc_row_inner][vc_column_inner width=\u00a0\u00bb1\/4&Prime;][vc_raw_html]JTNDZGl2JTIwY2xhc3MlM0QlMjJmbmItZmFjdC1pdGVtJTIwdGV4dC1jZW50ZXIlMjB3aWR0aDMlMjIlM0UlMEElMjAlMjAlMjAlMjAlMjAlMjAlMjAlMjAlMjAlMjAlM0NkaXYlMjBjbGFzcyUzRCUyMmZuYi1mYWN0LXdyYXBwZXIlMjBmbGV4JTIwZmxleC13cmFwJTIyJTNFJTBBJTIwJTIwJTIwJTIwJTIwJTIwJTIwJTIwJTIwJTIwJTIwJTIwJTNDZGl2JTIwY2xhc3MlM0QlMjJmbmItdG9wJTIyJTNFJTBBJTIwJTIwJTIwJTIwJTIwJTIwJTIwJTIwJTIwJTIwJTIwJTIwJTIwJTIwJTBBJTIwJTIwJTIwJTIwJTIwJTIwJTIwJTIwJTIwJTIwJTIwJTIwJTIwJTIwJTNDZGl2JTIwY2xhc3MlM0QlMjJmbmItaWNvbiUyMGhhbGlnbi1jZW50ZXIlMjIlMjBzdHlsZSUzRCUyMndpZHRoJTNBNDBweCUzQmhlaWdodCUzQTQwcHglM0JsaW5lLWhlaWdodCUzQTQwcHglM0IlMjIlM0UlMEElMjAlMjAlMjAlMjAlMjAlMjAlMjAlMjAlMjAlMjAlMjAlMjAlMjAlMjAlMjAlMjAlMEElMjAlMjAlMjAlMjAlMjAlMjAlMjAlMjAlMjAlMjAlMjAlMjAlMjAlMjAlMjAlMjAlM0NzdmclMjB2ZXJzaW9uJTNEJTIyMS4wJTIyJTIweG1sbnMlM0QlMjJodHRwJTNBJTJGJTJGd3d3LnczLm9yZyUyRjIwMDAlMkZzdmclMjIlMjB2aWV3Qm94JTNEJTIyMCUyMDAlMjA1MTIlMjA1MTIlMjIlM0UlM0NnJTIwaWQlM0QlMjJsYXllcjElMjIlM0UlM0NwYXRoJTIwZCUzRCUyMk01MDUlMjA0NDIuN0w0MDUuMyUyMDM0M2MtNC41LTQuNS0xMC42LTctMTctN0gzNzJjMjcuNi0zNS4zJTIwNDQtNzkuNyUyMDQ0LTEyOEM0MTYlMjA5My4xJTIwMzIyLjklMjAwJTIwMjA4JTIwMFMwJTIwOTMuMSUyMDAlMjAyMDhzOTMuMSUyMDIwOCUyMDIwOCUyMDIwOGM0OC4zJTIwMCUyMDkyLjctMTYuNCUyMDEyOC00NHYxNi4zYzAlMjA2LjQlMjAyLjUlMjAxMi41JTIwNyUyMDE3bDk5LjclMjA5OS43YzkuNCUyMDkuNCUyMDI0LjYlMjA5LjQlMjAzMy45JTIwMGwyOC4zLTI4LjNjOS40LTkuNCUyMDkuNC0yNC42LjEtMzR6TTIwOCUyMDMzNmMtNzAuNyUyMDAtMTI4LTU3LjItMTI4LTEyOCUyMDAtNzAuNyUyMDU3LjItMTI4JTIwMTI4LTEyOCUyMDcwLjclMjAwJTIwMTI4JTIwNTcuMiUyMDEyOCUyMDEyOCUyMDAlMjA3MC43LTU3LjIlMjAxMjgtMTI4JTIwMTI4eiUyMiUzRSUzQyUyRnBhdGglM0UlM0MlMkZnJTNFJTNDJTJGc3ZnJTNFJTBBJTIwJTIwJTIwJTIwJTIwJTIwJTIwJTIwJTIwJTIwJTIwJTIwJTIwJTIwJTIwJTIwJTBBJTIwJTIwJTIwJTIwJTIwJTIwJTIwJTIwJTIwJTIwJTIwJTIwJTIwJTIwJTNDJTJGZGl2JTNFJTBBJTIwJTIwJTIwJTIwJTIwJTIwJTIwJTIwJTIwJTIwJTIwJTIwJTIwJTIwJTBBJTIwJTIwJTIwJTIwJTIwJTIwJTIwJTIwJTIwJTIwJTIwJTIwJTIwJTIwJTNDZGl2JTIwY2xhc3MlM0QlMjJmbmItbnVtYmVyJTIwc2Vjb25kYXJ5LWZvbnQlMjBib2xkJTIyJTNFOTMlMjAlMjUlM0MlMkZkaXYlM0UlMEElMjAlMjAlMjAlMjAlMjAlMjAlMjAlMjAlMjAlMjAlMjAlMjAlMjAlMjAlMEElMjAlMjAlMjAlMjAlMjAlMjAlMjAlMjAlMjAlMjAlMjAlMjAlMjAlMjAlM0NkaXYlMjBjbGFzcyUzRCUyMmZuYi1zdW1tYXJ5JTIwc21hbGwtdGV4dCUyMiUzRTkzJTIwJTI1JTIwZGUlMjB0b3V0JTIwbGUlMjB0cmFmaWMlMjB3ZWIlMjBlc3QlMjBhbGltZW50JUMzJUE5JTIwcGFyJTIwbGVzJTIwbW90ZXVycyUyMGRlJTIwcmVjaGVyY2hlJTNDJTJGZGl2JTNFJTBBJTIwJTIwJTIwJTIwJTIwJTIwJTIwJTIwJTIwJTIwJTIwJTIwJTNDJTJGZGl2JTNFJTBBJTIwJTIwJTIwJTIwJTIwJTIwJTIwJTIwJTIwJTIwJTIwJTIwJTBBJTIwJTIwJTIwJTIwJTIwJTIwJTIwJTIwJTIwJTIwJTNDJTJGZGl2JTNFJTBBJTIwJTIwJTIwJTIwJTIwJTIwJTIwJTIwJTNDJTJGZGl2JTNF[\/vc_raw_html][\/vc_column_inner][vc_column_inner width=\u00a0\u00bb1\/4&Prime;][vc_raw_html]JTNDZGl2JTIwY2xhc3MlM0QlMjJmbmItZmFjdC1pdGVtJTIwdGV4dC1jZW50ZXIlMjB3aWR0aDMlMjIlM0UlMEElMjAlMjAlMjAlMjAlMjAlMjAlMjAlMjAlMjAlMjAlM0NkaXYlMjBjbGFzcyUzRCUyMmZuYi1mYWN0LXdyYXBwZXIlMjBmbGV4JTIwZmxleC13cmFwJTIyJTNFJTBBJTIwJTIwJTIwJTIwJTIwJTIwJTIwJTIwJTIwJTIwJTIwJTIwJTNDZGl2JTIwY2xhc3MlM0QlMjJmbmItdG9wJTIyJTNFJTBBJTIwJTIwJTIwJTIwJTIwJTIwJTIwJTIwJTIwJTIwJTIwJTIwJTIwJTIwJTBBJTIwJTIwJTIwJTIwJTIwJTIwJTIwJTIwJTIwJTIwJTIwJTIwJTIwJTIwJTNDZGl2JTIwY2xhc3MlM0QlMjJmbmItaWNvbiUyMGhhbGlnbi1jZW50ZXIlMjIlMjBzdHlsZSUzRCUyMndpZHRoJTNBNDBweCUzQmhlaWdodCUzQTQwcHglM0JsaW5lLWhlaWdodCUzQTQwcHglM0IlMjIlM0UlMEElMjAlMjAlMjAlMjAlMjAlMjAlMjAlMjAlMjAlMjAlMjAlMjAlMjAlMjAlMjAlMjAlMEElMjAlMjAlMjAlMjAlMjAlMjAlMjAlMjAlMjAlMjAlMjAlMjAlMjAlMjAlMjAlMjAlM0NzdmclMjB2ZXJzaW9uJTNEJTIyMS4wJTIyJTIweG1sbnMlM0QlMjJodHRwJTNBJTJGJTJGd3d3LnczLm9yZyUyRjIwMDAlMkZzdmclMjIlMjB2aWV3Qm94JTNEJTIyMCUyMDAlMjA1MTIlMjA1MTIlMjIlM0UlM0NnJTIwaWQlM0QlMjJsYXllcjElMjIlM0UlM0NwYXRoJTIwZCUzRCUyMk00NjQlMjA2NEg0OEMyMS40OSUyMDY0JTIwMCUyMDg1LjQ5JTIwMCUyMDExMnYyODhjMCUyMDI2LjUxJTIwMjEuNDklMjA0OCUyMDQ4JTIwNDhoNDE2YzI2LjUxJTIwMCUyMDQ4LTIxLjQ5JTIwNDgtNDhWMTEyYzAtMjYuNTEtMjEuNDktNDgtNDgtNDh6bS0yODglMjA4MGMzOC42NiUyMDAlMjA3MCUyMDMxLjM0JTIwNzAlMjA3MHMtMzEuMzQlMjA3MC03MCUyMDcwLTcwLTMxLjM0LTcwLTcwJTIwMzEuMzQtNzAlMjA3MC03MHptMTEyJTIwMjAzYzAlMjAxMS41OTgtOS40MDIlMjAyMS0yMSUyMDIxSDg1Yy0xMS41OTglMjAwLTIxLTkuNDAyLTIxLTIxdi0xNi4yMDdjMC0xOS4yNzIlMjAxMy4xMTYtMzYuMDcyJTIwMzEuODEzLTQwLjc0NmwzMS4yLTcuOGMyNS40NjQlMjAxOC4zMTYlMjA2NS4xOTUlMjAyMy41NzclMjA5Ny45NzQlMjAwbDMxLjIlMjA3LjhDMjc0Ljg4NCUyMDI5NC43MjElMjAyODglMjAzMTEuNTIlMjAyODglMjAzMzAuNzkzVjM0N3ptMTYwLTM5YzAlMjA2LjYyNy01LjM3MyUyMDEyLTEyJTIwMTJIMzMyYy02LjYyNyUyMDAtMTItNS4zNzMtMTItMTJ2LThjMC02LjYyNyUyMDUuMzczLTEyJTIwMTItMTJoMTA0YzYuNjI3JTIwMCUyMDEyJTIwNS4zNzMlMjAxMiUyMDEydjh6bTAtNjRjMCUyMDYuNjI3LTUuMzczJTIwMTItMTIlMjAxMkgzMzJjLTYuNjI3JTIwMC0xMi01LjM3My0xMi0xMnYtOGMwLTYuNjI3JTIwNS4zNzMtMTIlMjAxMi0xMmgxMDRjNi42MjclMjAwJTIwMTIlMjA1LjM3MyUyMDEyJTIwMTJ2OHptMC02NGMwJTIwNi42MjctNS4zNzMlMjAxMi0xMiUyMDEySDMzMmMtNi42MjclMjAwLTEyLTUuMzczLTEyLTEydi04YzAtNi42MjclMjA1LjM3My0xMiUyMDEyLTEyaDEwNGM2LjYyNyUyMDAlMjAxMiUyMDUuMzczJTIwMTIlMjAxMnY4eiUyMiUzRSUzQyUyRnBhdGglM0UlM0MlMkZnJTNFJTNDJTJGc3ZnJTNFJTBBJTIwJTIwJTIwJTIwJTIwJTIwJTIwJTIwJTIwJTIwJTIwJTIwJTIwJTIwJTIwJTIwJTBBJTIwJTIwJTIwJTIwJTIwJTIwJTIwJTIwJTIwJTIwJTIwJTIwJTIwJTIwJTNDJTJGZGl2JTNFJTBBJTIwJTIwJTIwJTIwJTIwJTIwJTIwJTIwJTIwJTIwJTIwJTIwJTIwJTIwJTBBJTIwJTIwJTIwJTIwJTIwJTIwJTIwJTIwJTIwJTIwJTIwJTIwJTIwJTIwJTNDZGl2JTIwY2xhc3MlM0QlMjJmbmItbnVtYmVyJTIwc2Vjb25kYXJ5LWZvbnQlMjBib2xkJTIyJTNFNzAtODAlMjAlMjUlM0MlMkZkaXYlM0UlMEElMjAlMjAlMjAlMjAlMjAlMjAlMjAlMjAlMjAlMjAlMjAlMjAlMjAlMjAlMEElMjAlMjAlMjAlMjAlMjAlMjAlMjAlMjAlMjAlMjAlMjAlMjAlMjAlMjAlM0NkaXYlMjBjbGFzcyUzRCUyMmZuYi1zdW1tYXJ5JTIwc21hbGwtdGV4dCUyMiUzRUVudHJlJTIwNzAlMjAlMjUlMjBldCUyMDgwJTIwJTI1JTIwZGVzJTIwdXRpbGlzYXRldXJzJTIwaWdub3JlbnQlMjBsZXMlMjBhbm5vbmNlcyUyMHBheWFudGVzJTIwZXQlMjB1dGlsaXNlbnQlMjBkZXMlMjByJUMzJUE5c3VsdGF0cyUyMGRlJTIwcmVjaGVyY2hlJTIwb3JnYW5pcXVlcyUzQyUyRmRpdiUzRSUwQSUyMCUyMCUyMCUyMCUyMCUyMCUyMCUyMCUyMCUyMCUyMCUyMCUzQyUyRmRpdiUzRSUwQSUyMCUyMCUyMCUyMCUyMCUyMCUyMCUyMCUyMCUyMCUyMCUyMCUwQSUyMCUyMCUyMCUyMCUyMCUyMCUyMCUyMCUyMCUyMCUzQyUyRmRpdiUzRSUwQSUyMCUyMCUyMCUyMCUyMCUyMCUyMCUyMCUzQyUyRmRpdiUzRQ==[\/vc_raw_html][\/vc_column_inner][vc_column_inner width=\u00a0\u00bb1\/4&Prime;][vc_raw_html]JTNDZGl2JTIwY2xhc3MlM0QlMjJmbmItZmFjdC1pdGVtJTIwdGV4dC1jZW50ZXIlMjB3aWR0aDMlMjIlM0UlMEElMjAlMjAlMjAlMjAlMjAlMjAlMjAlMjAlMjAlMjAlM0NkaXYlMjBjbGFzcyUzRCUyMmZuYi1mYWN0LXdyYXBwZXIlMjBmbGV4JTIwZmxleC13cmFwJTIyJTNFJTBBJTIwJTIwJTIwJTIwJTIwJTIwJTIwJTIwJTIwJTIwJTIwJTIwJTNDZGl2JTIwY2xhc3MlM0QlMjJmbmItdG9wJTIyJTNFJTBBJTIwJTIwJTIwJTIwJTIwJTIwJTIwJTIwJTIwJTIwJTIwJTIwJTIwJTIwJTBBJTIwJTIwJTIwJTIwJTIwJTIwJTIwJTIwJTIwJTIwJTIwJTIwJTIwJTIwJTNDZGl2JTIwY2xhc3MlM0QlMjJmbmItaWNvbiUyMGhhbGlnbi1jZW50ZXIlMjIlMjBzdHlsZSUzRCUyMndpZHRoJTNBNDBweCUzQmhlaWdodCUzQTQwcHglM0JsaW5lLWhlaWdodCUzQTQwcHglM0IlMjIlM0UlMEElMjAlMjAlMjAlMjAlMjAlMjAlMjAlMjAlMjAlMjAlMjAlMjAlMjAlMjAlMjAlMjAlMEElMjAlMjAlMjAlMjAlMjAlMjAlMjAlMjAlMjAlMjAlMjAlMjAlMjAlMjAlMjAlMjAlM0NzdmclMjB2ZXJzaW9uJTNEJTIyMS4wJTIyJTIweG1sbnMlM0QlMjJodHRwJTNBJTJGJTJGd3d3LnczLm9yZyUyRjIwMDAlMkZzdmclMjIlMjB2aWV3Qm94JTNEJTIyMCUyMDAlMjA1MTIlMjA1MTIlMjIlM0UlM0NnJTIwaWQlM0QlMjJsYXllcjElMjIlM0UlM0NwYXRoJTIwZCUzRCUyMk0zMjYuNjEyJTIwMTg1LjM5MWM1OS43NDclMjA1OS44MDklMjA1OC45MjclMjAxNTUuNjk4LjM2JTIwMjE0LjU5LS4xMS4xMi0uMjQuMjUtLjM2LjM3bC02Ny4yJTIwNjcuMmMtNTkuMjclMjA1OS4yNy0xNTUuNjk5JTIwNTkuMjYyLTIxNC45NiUyMDAtNTkuMjctNTkuMjYtNTkuMjctMTU1LjclMjAwLTIxNC45NmwzNy4xMDYtMzcuMTA2YzkuODQtOS44NCUyMDI2Ljc4Ni0zLjMlMjAyNy4yOTQlMjAxMC42MDYuNjQ4JTIwMTcuNzIyJTIwMy44MjYlMjAzNS41MjclMjA5LjY5JTIwNTIuNzIxJTIwMS45ODYlMjA1LjgyMi41NjclMjAxMi4yNjItMy43ODMlMjAxNi42MTJsLTEzLjA4NyUyMDEzLjA4N2MtMjguMDI2JTIwMjguMDI2LTI4LjkwNSUyMDczLjY2LTEuMTU1JTIwMTAxLjk2JTIwMjguMDI0JTIwMjguNTc5JTIwNzQuMDg2JTIwMjguNzQ5JTIwMTAyLjMyNS41MWw2Ny4yLTY3LjE5YzI4LjE5MS0yOC4xOTElMjAyOC4wNzMtNzMuNzU3JTIwMC0xMDEuODMtMy43MDEtMy42OTQtNy40MjktNi41NjQtMTAuMzQxLTguNTY5YTE2LjAzNyUyMDE2LjAzNyUyMDAlMjAwJTIwMS02Ljk0Ny0xMi42MDZjLS4zOTYtMTAuNTY3JTIwMy4zNDgtMjEuNDU2JTIwMTEuNjk4LTI5LjgwNmwyMS4wNTQtMjEuMDU1YzUuNTIxLTUuNTIxJTIwMTQuMTgyLTYuMTk5JTIwMjAuNTg0LTEuNzMxYTE1Mi40ODIlMjAxNTIuNDgyJTIwMCUyMDAlMjAxJTIwMjAuNTIyJTIwMTcuMTk3ek00NjcuNTQ3JTIwNDQuNDQ5Yy01OS4yNjEtNTkuMjYyLTE1NS42OS01OS4yNy0yMTQuOTYlMjAwbC02Ny4yJTIwNjcuMmMtLjEyLjEyLS4yNS4yNS0uMzYuMzctNTguNTY2JTIwNTguODkyLTU5LjM4NyUyMDE1NC43ODEuMzYlMjAyMTQuNTlhMTUyLjQ1NCUyMDE1Mi40NTQlMjAwJTIwMCUyMDAlMjAyMC41MjElMjAxNy4xOTZjNi40MDIlMjA0LjQ2OCUyMDE1LjA2NCUyMDMuNzg5JTIwMjAuNTg0LTEuNzMxbDIxLjA1NC0yMS4wNTVjOC4zNS04LjM1JTIwMTIuMDk0LTE5LjIzOSUyMDExLjY5OC0yOS44MDZhMTYuMDM3JTIwMTYuMDM3JTIwMCUyMDAlMjAwLTYuOTQ3LTEyLjYwNmMtMi45MTItMi4wMDUtNi42NC00Ljg3NS0xMC4zNDEtOC41NjktMjguMDczLTI4LjA3My0yOC4xOTEtNzMuNjM5JTIwMC0xMDEuODNsNjcuMi02Ny4xOWMyOC4yMzktMjguMjM5JTIwNzQuMy0yOC4wNjklMjAxMDIuMzI1LjUxJTIwMjcuNzUlMjAyOC4zJTIwMjYuODcyJTIwNzMuOTM0LTEuMTU1JTIwMTAxLjk2bC0xMy4wODclMjAxMy4wODdjLTQuMzUlMjA0LjM1LTUuNzY5JTIwMTAuNzktMy43ODMlMjAxNi42MTIlMjA1Ljg2NCUyMDE3LjE5NCUyMDkuMDQyJTIwMzQuOTk5JTIwOS42OSUyMDUyLjcyMS41MDklMjAxMy45MDYlMjAxNy40NTQlMjAyMC40NDYlMjAyNy4yOTQlMjAxMC42MDZsMzcuMTA2LTM3LjEwNmM1OS4yNzEtNTkuMjU5JTIwNTkuMjcxLTE1NS42OTkuMDAxLTIxNC45NTl6JTIyJTNFJTNDJTJGcGF0aCUzRSUzQyUyRmclM0UlM0MlMkZzdmclM0UlMEElMjAlMjAlMjAlMjAlMjAlMjAlMjAlMjAlMjAlMjAlMjAlMjAlMjAlMjAlMjAlMjAlMEElMjAlMjAlMjAlMjAlMjAlMjAlMjAlMjAlMjAlMjAlMjAlMjAlMjAlMjAlM0MlMkZkaXYlM0UlMEElMjAlMjAlMjAlMjAlMjAlMjAlMjAlMjAlMjAlMjAlMjAlMjAlMjAlMjAlMEElMjAlMjAlMjAlMjAlMjAlMjAlMjAlMjAlMjAlMjAlMjAlMjAlMjAlMjAlM0NkaXYlMjBjbGFzcyUzRCUyMmZuYi1udW1iZXIlMjBzZWNvbmRhcnktZm9udCUyMGJvbGQlMjIlM0U3NSUyMCUyNSUzQyUyRmRpdiUzRSUwQSUyMCUyMCUyMCUyMCUyMCUyMCUyMCUyMCUyMCUyMCUyMCUyMCUyMCUyMCUwQSUyMCUyMCUyMCUyMCUyMCUyMCUyMCUyMCUyMCUyMCUyMCUyMCUyMCUyMCUzQ2RpdiUyMGNsYXNzJTNEJTIyZm5iLXN1bW1hcnklMjBzbWFsbC10ZXh0JTIyJTNFNzUlMjAlMjUlMjBkdSUyMFNFTyUyMGVzdCUyMGVuJTIwZmFpdCUyMGhvcnMlMjBwYWdlJTJDJTIwcGFyJTIwbGUlMjBiaWFpcyUyMGRlJTIwbGllbnMlMjBkZSUyMHJldG91ciUyQyUyMGRlJTIwbSVDMyVBOWRpYXMlMjBzb2NpYXV4JTJDJTIwZGUlMjBzaWduYXV4JTIwc29jaWF1eCUyQyUyMGRlJTIwciVDMyVBOXBlcnRvaXJlcyUyMGV0JTIwZCVFMiU4MCU5OWF1dHJlcyUyMHByYXRpcXVlcyUzQyUyRmRpdiUzRSUwQSUyMCUyMCUyMCUyMCUyMCUyMCUyMCUyMCUyMCUyMCUyMCUyMCUzQyUyRmRpdiUzRSUwQSUyMCUyMCUyMCUyMCUyMCUyMCUyMCUyMCUyMCUyMCUyMCUyMCUwQSUyMCUyMCUyMCUyMCUyMCUyMCUyMCUyMCUyMCUyMCUzQyUyRmRpdiUzRSUwQSUyMCUyMCUyMCUyMCUyMCUyMCUyMCUyMCUzQyUyRmRpdiUzRQ==[\/vc_raw_html][\/vc_column_inner][vc_column_inner width=\u00a0\u00bb1\/4&Prime;][vc_raw_html]JTNDZGl2JTIwY2xhc3MlM0QlMjJmbmItZmFjdC1pdGVtJTIwdGV4dC1jZW50ZXIlMjB3aWR0aDMlMjIlM0UlMEElMjAlMjAlMjAlMjAlMjAlMjAlMjAlMjAlMjAlMjAlM0NkaXYlMjBjbGFzcyUzRCUyMmZuYi1mYWN0LXdyYXBwZXIlMjBmbGV4JTIwZmxleC13cmFwJTIyJTNFJTBBJTIwJTIwJTIwJTIwJTIwJTIwJTIwJTIwJTIwJTIwJTIwJTIwJTNDZGl2JTIwY2xhc3MlM0QlMjJmbmItdG9wJTIyJTNFJTBBJTIwJTIwJTIwJTIwJTIwJTIwJTIwJTIwJTIwJTIwJTIwJTIwJTIwJTIwJTBBJTIwJTIwJTIwJTIwJTIwJTIwJTIwJTIwJTIwJTIwJTIwJTIwJTIwJTIwJTNDZGl2JTIwY2xhc3MlM0QlMjJmbmItaWNvbiUyMGhhbGlnbi1jZW50ZXIlMjIlMjBzdHlsZSUzRCUyMndpZHRoJTNBNDBweCUzQmhlaWdodCUzQTQwcHglM0JsaW5lLWhlaWdodCUzQTQwcHglM0IlMjIlM0UlMEElMjAlMjAlMjAlMjAlMjAlMjAlMjAlMjAlMjAlMjAlMjAlMjAlMjAlMjAlMjAlMjAlMEElMjAlMjAlMjAlMjAlMjAlMjAlMjAlMjAlMjAlMjAlMjAlMjAlMjAlMjAlMjAlMjAlM0NzdmclMjB2ZXJzaW9uJTNEJTIyMS4wJTIyJTIweG1sbnMlM0QlMjJodHRwJTNBJTJGJTJGd3d3LnczLm9yZyUyRjIwMDAlMkZzdmclMjIlMjB2aWV3Qm94JTNEJTIyMCUyMDAlMjA1MTIlMjA1MTIlMjIlM0UlM0NnJTIwaWQlM0QlMjJsYXllcjElMjIlM0UlM0NwYXRoJTIwZCUzRCUyMk00NDMuNjgzJTIwNC41MjlMMjcuODE4JTIwMTk2LjQxOEMtMTguNzAyJTIwMjE3Ljg4OS0zLjM5JTIwMjg4JTIwNDcuOTMzJTIwMjg4SDIyNHYxNzUuOTkzYzAlMjA1MS43MjclMjA3MC4xNjElMjA2Ni41MjYlMjA5MS41ODIlMjAyMC4xMTVMNTA3LjM4JTIwNjguMjI1YzE4LjkwNS00MC45NjEtMjMuNzUyLTgyLjEzMy02My42OTctNjMuNjk2eiUyMiUzRSUzQyUyRnBhdGglM0UlM0MlMkZnJTNFJTNDJTJGc3ZnJTNFJTBBJTIwJTIwJTIwJTIwJTIwJTIwJTIwJTIwJTIwJTIwJTIwJTIwJTIwJTIwJTIwJTIwJTBBJTIwJTIwJTIwJTIwJTIwJTIwJTIwJTIwJTIwJTIwJTIwJTIwJTIwJTIwJTNDJTJGZGl2JTNFJTBBJTIwJTIwJTIwJTIwJTIwJTIwJTIwJTIwJTIwJTIwJTIwJTIwJTIwJTIwJTBBJTIwJTIwJTIwJTIwJTIwJTIwJTIwJTIwJTIwJTIwJTIwJTIwJTIwJTIwJTNDZGl2JTIwY2xhc3MlM0QlMjJmbmItbnVtYmVyJTIwc2Vjb25kYXJ5LWZvbnQlMjBib2xkJTIyJTNFMTQlMkM2JTIwJTI1JTNDJTJGZGl2JTNFJTBBJTIwJTIwJTIwJTIwJTIwJTIwJTIwJTIwJTIwJTIwJTIwJTIwJTIwJTIwJTBBJTIwJTIwJTIwJTIwJTIwJTIwJTIwJTIwJTIwJTIwJTIwJTIwJTIwJTIwJTNDZGl2JTIwY2xhc3MlM0QlMjJmbmItc3VtbWFyeSUyMHNtYWxsLXRleHQlMjIlM0VMZXMlMjBwcm9zcGVjdHMlMjBkZSUyMHIlQzMlQTlmJUMzJUE5cmVuY2VtZW50JTIwb250JTIwdW4lMjB0YXV4JTIwZGUlMjB2ZW50ZSUyMGRlJTIwMTQlMkM2JTIwJTI1JTJDJTIwY29tcGFyYXRpdmVtZW50JTIwJUMzJUEwJTIwMSUyQzclMjAlMjUlMjBwb3VyJTIwbGVzJTIwcHJvc3BlY3RzJTIwc29ydGFudHMlM0MlMkZkaXYlM0UlMEElMjAlMjAlMjAlMjAlMjAlMjAlMjAlMjAlMjAlMjAlMjAlMjAlM0MlMkZkaXYlM0UlMEElMjAlMjAlMjAlMjAlMjAlMjAlMjAlMjAlMjAlMjAlMjAlMjAlMEElMjAlMjAlMjAlMjAlMjAlMjAlMjAlMjAlMjAlMjAlM0MlMkZkaXYlM0UlMEElMjAlMjAlMjAlMjAlMjAlMjAlMjAlMjAlM0MlMkZkaXYlM0U=[\/vc_raw_html][\/vc_column_inner][\/vc_row_inner][\/vc_column][\/vc_row][vc_row css=\u00a0\u00bb.vc_custom_1570814119713{padding-top: 30px !important;}\u00a0\u00bb][vc_column width=\u00a0\u00bb1\/6&Prime;][\/vc_column][vc_column width=\u00a0\u00bb2\/3&Prime;][vc_column_text]\r\n<h2 style=\"text-align: center;\">Nous sommes plus qu\u2019une agence de r\u00e9f\u00e9rencement naturel montr\u00e9alaise\u2009!<\/h2>\r\n<p class=\"w60pad\" style=\"text-align: center;\">Avoir un plan de SEO efficace est essentiel, mais juste un \u00e9l\u00e9ment d\u2019une strat\u00e9gie compl\u00e8te de marketing num\u00e9rique. Vous n\u2019essaieriez pas de monter une tente avec un seul m\u00e2t\u2009; il en va de m\u00eame pour le marketing num\u00e9rique. Nous offrons une approche \u00e9volutive et r\u00e9aliste d\u2019un plan de marketing num\u00e9rique holistique.<\/p>\r\n[\/vc_column_text][\/vc_column][vc_column width=\u00a0\u00bb1\/6&Prime;][\/vc_column][\/vc_row][vc_row][vc_column width=\u00a0\u00bb1\/6&Prime;][\/vc_column][vc_column width=\u00a0\u00bb2\/3&Prime;][vc_column_text]\r\n<h2 style=\"text-align: center;\">Parlez avec un expert WSI aujourd\u2019hui<\/h2>\r\n<p class=\"w60pad\" style=\"text-align: center;\">Laissez-nous vos coordonn\u00e9es et nous ferons un suivi et organiserons un moment qui vous convient le mieux afin d\u2019avoir une discussion rapide.<\/p>\r\n\r\n<div class=\"tb1-cta\" style=\"text-align: center;\"><a class=\"wsi-button solid-blue large-button\" href=\"\/fr\/parlez-nous\/\">Au plaisir de discuter avec vous !\r\n<\/a><\/div>\r\n[\/vc_column_text][\/vc_column][vc_column width=\u00a0\u00bb1\/6&Prime;][\/vc_column][\/vc_row]<\/div>","protected":false},"excerpt":{"rendered":"[vc_row full_width=\u00a0\u00bbstretch_row\u00a0\u00bb content_placement=\u00a0\u00bbmiddle\u00a0\u00bb css=\u00a0\u00bb.vc_custom_1571768210025{margin-bottom: 40px !important;}\u00a0\u00bb][vc_column css=\u00a0\u00bb.vc_custom_1576875326799{margin-bottom: 0px !important;}\u00a0\u00bb][vc_column_text] Agence de r\u00e9f\u00e9rencement naturel Montr\u00e9al [\/vc_column_text][\/vc_column][\/vc_row][vc_row full_width=\u00a0\u00bbstretch_row\u00a0\u00bb content_placement=\u00a0\u00bbmiddle\u00a0\u00bb css=\u00a0\u00bb.vc_custom_1571768210025{margin-bottom: 40px !important;}\u00a0\u00bb][vc_column width=\u00a0\u00bb1\/2&Prime;][vc_single_image image=\u00a0\u00bb7820&Prime; alignment=\u00a0\u00bbright\u00a0\u00bb][\/vc_column][vc_column width=\u00a0\u00bb1\/2&Prime;][vc_column_text] Agence de r\u00e9f\u00e9rencement naturel \u00e0 Montr\u00e9al avec des r\u00e9sultats prouv\u00e9s En tant qu\u2019agence de SEO de&hellip;","protected":false},"author":2,"featured_media":0,"parent":8046,"menu_order":12,"comment_status":"closed","ping_status":"closed","template":"","meta":{"_acf_changed":false,"footnotes":""},"class_list":["post-8068","page","type-page","status-publish","hentry","entry","no-media"],"acf":[],"_links":{"self":[{"href":"https:\/\/wsisme.com\/fr\/wp-json\/wp\/v2\/pages\/8068","targetHints":{"allow":["GET"]}}],"collection":[{"href":"https:\/\/wsisme.com\/fr\/wp-json\/wp\/v2\/pages"}],"about":[{"href":"https:\/\/wsisme.com\/fr\/wp-json\/wp\/v2\/types\/page"}],"author":[{"embeddable":true,"href":"https:\/\/wsisme.com\/fr\/wp-json\/wp\/v2\/users\/2"}],"replies":[{"embeddable":true,"href":"https:\/\/wsisme.com\/fr\/wp-json\/wp\/v2\/comments?post=8068"}],"version-history":[{"count":2,"href":"https:\/\/wsisme.com\/fr\/wp-json\/wp\/v2\/pages\/8068\/revisions"}],"predecessor-version":[{"id":9180,"href":"https:\/\/wsisme.com\/fr\/wp-json\/wp\/v2\/pages\/8068\/revisions\/9180"}],"up":[{"embeddable":true,"href":"https:\/\/wsisme.com\/fr\/wp-json\/wp\/v2\/pages\/8046"}],"wp:attachment":[{"href":"https:\/\/wsisme.com\/fr\/wp-json\/wp\/v2\/media?parent=8068"}],"curies":[{"name":"wp","href":"https:\/\/api.w.org\/{rel}","templated":true}]}}