{"id":8069,"date":"2020-02-27T16:17:51","date_gmt":"2020-02-27T16:17:51","guid":{"rendered":"http:\/\/wsisme.com\/?page_id=8069"},"modified":"2022-04-29T13:50:17","modified_gmt":"2022-04-29T13:50:17","slug":"developpement-et-entretien-wordpress","status":"publish","type":"page","link":"https:\/\/wsisme.com\/fr\/services-de-marketing-numerique\/developpement-et-entretien-wordpress\/","title":{"rendered":"Conception et soutien WordPress"},"content":{"rendered":"<div class=\"wpb-content-wrapper\">[vc_row css=\u00a0\u00bb.vc_custom_1560800023633{margin-bottom: 0px !important;}\u00a0\u00bb][vc_column width=\u00a0\u00bb1\/2&Prime; css=\u00a0\u00bb.vc_custom_1560800064203{margin-bottom: 0px !important;}\u00a0\u00bb][vc_column_text css=\u00a0\u00bb.vc_custom_1651240215394{border-bottom-width: 80px !important;}\u00a0\u00bb]\r\n<h1>Expert en conception et soutien WordPress \u00e0 Montr\u00e9al<\/h1>\r\n<strong>WordPress est l\u2019un des outils SGC les plus populaires disponibles qui est facile \u00e0 g\u00e9rer pour les clients, \u00e9volutif et est adapt\u00e9 pour le SEO, ce qui en fait un outil puissant pour aider \u00e0 d\u00e9velopper votre entreprise.<\/strong>\r\n\r\nQuand il s\u2019agit de choisir une plateforme de site Web pour construire une solution de marketing puissante, il existe une tonne d\u2019options. La plateforme de choix de notre <a href=\"https:\/\/wsisme.com\/fr\/services-de-marketing-numerique\/referencement-naturel-seo\/\">agence de SEO de Montr\u00e9al<\/a> est WordPress, qui est le syst\u00e8me de gestion de contenu (SGC) le plus populaire au monde. C\u2019est le premier choix parmi les utilisateurs de SGC, et il alimente maintenant <a href=\"https:\/\/wordpress.org\/about\/features\/\" target=\"_blank\" rel=\"noopener noreferrer\">plus de 35\u00a0%<\/a> de l\u2019Internet. Ce n\u2019est pas un hasard\u2009; WordPress jouit d\u2019une popularit\u00e9 massive aujourd\u2019hui parce que c\u2019est une plateforme intuitive qui est \u00e0 la fois puissante et facile \u00e0 utiliser.[\/vc_column_text][\/vc_column][vc_column width=\u00a0\u00bb1\/2&Prime; css=\u00a0\u00bb.vc_custom_1560800068379{margin-bottom: 0px !important;}\u00a0\u00bb][vc_single_image image=\u00a0\u00bb6658&Prime;][\/vc_column][\/vc_row][vc_row full_width=\u00a0\u00bbstretch_row_content\u00a0\u00bb css=\u00a0\u00bb.vc_custom_1566573804761{margin-top: -100px !important;}\u00a0\u00bb el_class=\u00a0\u00bbz-index-minus\u00a0\u00bb][vc_column][vc_raw_html]JTNDZGl2JTIwY2xhc3MlM0QlMjJzbGFudGVkLWVsZW1lbnQlMjBsYXllcjMlMjIlM0UlMEElMjAlMjAlMjAlMjAlM0NzdmclMjB2ZXJzaW9uJTNEJTIyMS4yJTIyJTIwcHJlc2VydmVBc3BlY3RSYXRpbyUzRCUyMm5vbmUlMjIlMjB2aWV3Qm94JTNEJTIyMCUyMDAlMjA1NiUyMDU2JTIyJTNFJTBBJTIwJTIwJTIwJTIwJTIwJTIwJTNDcG9seWdvbiUyMGNsYXNzJTNEJTIyZmlsbC1jb2xvcjQlMjIlMjBwb2ludHMlM0QlMjIwJTJDNTYlMjA1NiUyQzAlMjA1NiUyQzU2JTIyJTNFJTNDJTJGcG9seWdvbiUzRSUwQSUyMCUyMCUyMCUyMCUzQyUyRnN2ZyUzRSUwQSUyMCUyMCUzQyUyRmRpdiUzRQ==[\/vc_raw_html][\/vc_column][\/vc_row][vc_row full_width=\u00a0\u00bbstretch_row\u00a0\u00bb css=\u00a0\u00bb.vc_custom_1560950265302{margin-top: -40px !important;background-color: #f2f2f2 !important;}\u00a0\u00bb][vc_column][vc_row_inner][vc_column_inner width=\u00a0\u00bb2\/3&Prime;][vc_column_text css=\u00a0\u00bb.vc_custom_1582903069037{background-color: #f2f2f2 !important;}\u00a0\u00bb]\r\n<h2 style=\"text-align: left;\">Avantages de WordPress<\/h2>\r\n[\/vc_column_text][\/vc_column_inner][vc_column_inner width=\u00a0\u00bb1\/3&Prime;][\/vc_column_inner][\/vc_row_inner][vc_row_inner equal_height=\u00a0\u00bbyes\u00a0\u00bb css=\u00a0\u00bb.vc_custom_1561637540703{margin-top: 20px !important;}\u00a0\u00bb][vc_column_inner width=\u00a0\u00bb1\/3&Prime; css=\u00a0\u00bb.vc_custom_1561554324219{margin-bottom: 0px !important;}\u00a0\u00bb][vc_column_text]\r\n<h4>Facile \u00e0 g\u00e9rer<\/h4>\r\nWordPress est une plateforme intuitive qui vous permet de facilement mettre \u00e0 jour le contenu, les images ou les documents avec des \u00e9diteurs de page qui facilite le formatage et la mise en page. [\/vc_column_text][\/vc_column_inner][vc_column_inner width=\u00a0\u00bb1\/3&Prime;][vc_column_text]\r\n<h4>Conception Web r\u00e9active<\/h4>\r\nUn site r\u00e9actif n\u2019est plus qu\u2019une option, mais un incontournable. \u00c0 partir de 2019, Google indexe le mobile d\u2019abord. Il examinera la version mobile d\u2019un site pour indexer ses pages. Si vous voulez bien vous classer, WordPress am\u00e9liorera vos chances.[\/vc_column_text][\/vc_column_inner][vc_column_inner width=\u00a0\u00bb1\/3&Prime;][vc_column_text]\r\n<h4>Pas d\u2019\u00e9dition HTML requise<\/h4>\r\nVous pouvez facilement cr\u00e9er une nouvelle publication de blog, ajouter de nouvelles pages, int\u00e9grer du nouveau contenu, ajouter des images, int\u00e9grer des vid\u00e9os, t\u00e9l\u00e9charger des documents et modifier les mises en page sur le vif sans aucune connaissance de codage.[\/vc_column_text][\/vc_column_inner][\/vc_row_inner][vc_row_inner equal_height=\u00a0\u00bbyes\u00a0\u00bb][vc_column_inner width=\u00a0\u00bb1\/3&Prime; css=\u00a0\u00bb.vc_custom_1561554324219{margin-bottom: 0px !important;}\u00a0\u00bb][vc_column_text]\r\n<h4>Am\u00e9liorer les capacit\u00e9s du site<\/h4>\r\nVous voulez facilement ajouter un calendrier d\u2019\u00e9v\u00e9nements, un localisateur de revendeurs, une galerie de photos ou un mur de m\u00e9dias sociaux en int\u00e9grant facilement des plugins WordPress de bonne r\u00e9putation.[\/vc_column_text][\/vc_column_inner][vc_column_inner width=\u00a0\u00bb1\/3&Prime; css=\u00a0\u00bb.vc_custom_1561554331456{margin-bottom: 0px !important;}\u00a0\u00bb][vc_column_text]\r\n<h4>Plateforme SEO adapt\u00e9e<\/h4>\r\nGoogle aime WordPress en raison de sa hi\u00e9rarchie de page bien structur\u00e9e et ses URL personnalisables pour inclure des mots cl\u00e9s pertinents.[\/vc_column_text][\/vc_column_inner][vc_column_inner width=\u00a0\u00bb1\/3&Prime;][vc_column_text]\r\n<h4>Enti\u00e8rement \u00e9volutif<\/h4>\r\nUn site WordPress se d\u00e9veloppera au fur et \u00e0 mesure de la croissance de votre entreprise. Ajoutez facilement de nouvelles pages ou de nouvelles publications au besoin. Capacit\u00e9 \u00e0 cr\u00e9er du contenu ax\u00e9 sur le SEO sur une base r\u00e9guli\u00e8re.[\/vc_column_text][\/vc_column_inner][\/vc_row_inner][vc_row_inner equal_height=\u00a0\u00bbyes\u00a0\u00bb css=\u00a0\u00bb.vc_custom_1561637540703{margin-top: 20px !important;}\u00a0\u00bb][vc_column_inner css=\u00a0\u00bb.vc_custom_1561554324219{margin-bottom: 0px !important;}\u00a0\u00bb][vc_column_text]\r\n<h4>Pourquoi WordPress est notre plateforme de choix\u2009?<\/h4>\r\nWordPress permet aux entreprises de partager du contenu nouveau et r\u00e9gulier sur leur site Web. Google aime le contenu original et vous r\u00e9compensera avec des classements plus \u00e9lev\u00e9s sur les moteurs de recherche.\r\n\r\n<strong>Autres raisons pour lesquelles Google aime WordPress :<\/strong>[\/vc_column_text][vc_column_text css=\u00a0\u00bb.vc_custom_1582903196342{padding-top: 20px !important;padding-left: 30px !important;}\u00a0\u00bb]\r\n<ul>\r\n \t<li>L\u2019architecture logique des URL de site Web, qui peut \u00eatre personnalis\u00e9e avec des mots cl\u00e9s pertinents.<\/li>\r\n \t<li>Google aime les sites Web mobiles &#8211; WordPress peut \u00eatre construit comme enti\u00e8rement r\u00e9actif pour toutes les tailles d\u2019\u00e9cran.<\/li>\r\n \t<li>Construit \u00e0 l\u2019origine comme une plateforme de blog &#8211; maintenant utilis\u00e9 en tant qu\u2019outil de publication puissant pour le contenu original.<\/li>\r\n \t<li>La disponibilit\u00e9 de plusieurs plugins SEO de t\u00eate de l\u2019industrie pour am\u00e9liorer la qualit\u00e9 de votre contenu, le m\u00e9tacontenu et les microdonn\u00e9es pour Google \u00e0 indexer dans le but d\u2019am\u00e9liorer votre classement des moteurs de recherche.<\/li>\r\n<\/ul>\r\n[\/vc_column_text][\/vc_column_inner][\/vc_row_inner][\/vc_column][\/vc_row][vc_row full_width=\u00a0\u00bbstretch_row\u00a0\u00bb css=\u00a0\u00bb.vc_custom_1566573583282{padding-top: 30px !important;background-color: #052148 !important;}\u00a0\u00bb][vc_column]<h2 class=\"vcex-module vcex-heading vcex-heading-plain\" style=\"color:#ffffff;text-align:center;\"><span class=\"vcex-heading-inner clr\">Formation WordPress<\/span><\/h2>[vc_column_text color=\u00a0\u00bb#ffffff\u00a0\u00bb css=\u00a0\u00bb.vc_custom_1582903217494{margin-bottom: 20px !important;border-top-width: 40px !important;}\u00a0\u00bb]\r\n<p style=\"text-align: center;\">En tant que partie standard de nos offres, nous vous formons sur l\u2019\u00e9dition de contenu de page, la cr\u00e9ation de nouvelles pages, l\u2019insertion de nouvelles images ou des publications de blog, la saisie de nouveaux \u00e9v\u00e9nements et la fa\u00e7on d\u2019utiliser les outils ou les plugins qui ont \u00e9t\u00e9 mis en \u0153uvre sur le site. Le but premier d\u2019avoir un SGC est que vous puissiez faire des r\u00e9visions avec facilit\u00e9 et participer activement \u00e0 garder votre site original, et Google aime le contenu original et vous r\u00e9compensera avec un classement plus \u00e9lev\u00e9.<\/p>\r\n[\/vc_column_text][\/vc_column][\/vc_row][vc_row css=\u00a0\u00bb.vc_custom_1566565905359{margin-top: 40px !important;}\u00a0\u00bb][vc_column][vc_row_inner][vc_column_inner][vc_raw_html]JTNDZGl2JTIwY2xhc3MlM0QlMjJ0YjEtdGV4dC13cmFwcGVyJTIwd2lkdGgxMiUyMGhhbGlnbi1jZW50ZXIlMjB0ZXh0LWNlbnRlciUyMiUzRSUwQSUyMCUyMCUyMCUyMCUyMCUyMCUyMCUyMCUzQ2RpdiUyMGNsYXNzJTNEJTIydGIxLXRleHQlMjByZWd1bGFyLXRleHQlMjB0ZXh0LWNvbC0xJTIyJTNFJTNDaDIlM0VTZXJ2aWNlcyUyMGQlRTIlODAlOTllbnRyZXRpZW4lMjBldCUyMGRlJTIwc3VwcG9ydCUyMFdvcmRQcmVzcyUzQyUyRmgyJTNFJTNDJTJGZGl2JTNFJTIwJTIwJTIwJTIwJTIwJTIwJTIwJTIwJTBBJTIwJTIwJTIwJTIwJTIwJTIwJTNDJTJGZGl2JTNF[\/vc_raw_html][vc_column_text css=\u00a0\u00bb.vc_custom_1582903493929{margin-top: 20px !important;}\u00a0\u00bb]<strong>En tant qu\u2019\u00e9quipe de d\u00e9veloppement chevronn\u00e9e de WordPress \u00e0 Montr\u00e9al, nous comprenons la complexit\u00e9 du syst\u00e8me et savons que la s\u00e9curit\u00e9 est une pr\u00e9occupation constante et que la rapidit\u00e9 peut \u00eatre difficile \u00e0 g\u00e9rer. <\/strong>\r\n\r\nNotre <a href=\"http:\/\/wsisme.com\/fr\/services-de-marketing-numerique\/\">\u00e9quipe de marketing num\u00e9rique de Montr\u00e9al<\/a> est ax\u00e9e sur la s\u00e9curit\u00e9 de vos sites Web WordPress une fois lanc\u00e9 en ligne. Pour minimiser le potentiel de piratage du site, dont ils sont enclins, il est essentiel que le site soit maintenu sur une base r\u00e9guli\u00e8re. Nos services de maintenance WordPress comprennent la mise \u00e0 jour r\u00e9guli\u00e8re de la version WordPress, le th\u00e8me ainsi que tous les plugins sur une base continue pour minimiser les risques. <a href=\"http:\/\/wsisme.com\/fr\/blogue\/lentretien-et-la-securite-wordpress-pourquoi-est-ce-si-important\/\">D\u00e9couvrez plus sur l\u2019importance des services de maintenance WordPress.<\/a>\r\n\r\nNous surveillons une liste de vuln\u00e9rabilit\u00e9s et d\u2019exploitations de plugin qui sont sujettes aux injections de logiciels malveillants et notre \u00e9quipe s\u2019occupe des mises \u00e0 jour imm\u00e9diatement quand le correctif est disponible.\r\n\r\nEn bref, nous sommes l\u00e0 pour prendre en charge la s\u00e9curit\u00e9 et la fonctionnalit\u00e9 de cette puissante plateforme de marketing bien au-del\u00e0 du lancement d\u2019un site Web, afin que vous puissiez vous concentrer sur l\u2019exploitation de votre entreprise sans vous soucier des vuln\u00e9rabilit\u00e9s de votre site.[\/vc_column_text][\/vc_column_inner][\/vc_row_inner][\/vc_column][\/vc_row][vc_row css=\u00a0\u00bb.vc_custom_1566565894399{margin-top: 0px !important;}\u00a0\u00bb][vc_column][vc_column_text]\r\n<div class=\"wsi-module shoutbox-cta bg-color4\">\r\n<div class=\"split-bg bg-color5\"><\/div>\r\n<div class=\"wsi-site-wrapper h-padding\">\r\n<div class=\"wsi-content-wrapper\">\r\n<div class=\"sbcta-wrapper col12 tab8 mob4 halign-center shadow border-radius flex flex-wrap flex-center space-between bg-color5\">\r\n<div class=\"sbcta-button col12 tab8 mob8 text-center\">\r\n\r\n<span id=\"hs-cta-wrapper-5232abdf-93a8-4de9-b6db-e65a0340d753\" class=\"hs-cta-wrapper\"><span id=\"hs-cta-5232abdf-93a8-4de9-b6db-e65a0340d753\" class=\"hs-cta-node hs-cta-5232abdf-93a8-4de9-b6db-e65a0340d753\" style=\"visibility: visible;\" data-hs-drop=\"true\"><a id=\"cta_button_434177_b29aaa79-2f7e-4cdf-b541-a125c172c0d0\" class=\"cta_button solid-green large-button\" title=\"Demandez-nous \u00e0 propos de nos services de conception et de soutien WordPress.\" href=\"\/fr\/parlez-nous\/\">Demandez-nous \u00e0 propos de nos services de conception et de soutien WordPress.<\/a><\/span><\/span>\r\n\r\n<\/div>\r\n<\/div>\r\n<\/div>\r\n<\/div>\r\n<\/div>\r\n[\/vc_column_text][\/vc_column][\/vc_row]<\/div>","protected":false},"excerpt":{"rendered":"[vc_row css=\u00a0\u00bb.vc_custom_1560800023633{margin-bottom: 0px !important;}\u00a0\u00bb][vc_column width=\u00a0\u00bb1\/2&Prime; css=\u00a0\u00bb.vc_custom_1560800064203{margin-bottom: 0px !important;}\u00a0\u00bb][vc_column_text css=\u00a0\u00bb.vc_custom_1651240215394{border-bottom-width: 80px !important;}\u00a0\u00bb] Expert en conception et soutien WordPress \u00e0 Montr\u00e9al WordPress est l\u2019un des outils SGC les plus populaires disponibles qui est facile \u00e0 g\u00e9rer pour les clients, \u00e9volutif et est&hellip;","protected":false},"author":2,"featured_media":0,"parent":8046,"menu_order":21,"comment_status":"closed","ping_status":"closed","template":"","meta":{"_acf_changed":false,"footnotes":""},"class_list":["post-8069","page","type-page","status-publish","hentry","entry","no-media"],"acf":[],"_links":{"self":[{"href":"https:\/\/wsisme.com\/fr\/wp-json\/wp\/v2\/pages\/8069","targetHints":{"allow":["GET"]}}],"collection":[{"href":"https:\/\/wsisme.com\/fr\/wp-json\/wp\/v2\/pages"}],"about":[{"href":"https:\/\/wsisme.com\/fr\/wp-json\/wp\/v2\/types\/page"}],"author":[{"embeddable":true,"href":"https:\/\/wsisme.com\/fr\/wp-json\/wp\/v2\/users\/2"}],"replies":[{"embeddable":true,"href":"https:\/\/wsisme.com\/fr\/wp-json\/wp\/v2\/comments?post=8069"}],"version-history":[{"count":1,"href":"https:\/\/wsisme.com\/fr\/wp-json\/wp\/v2\/pages\/8069\/revisions"}],"predecessor-version":[{"id":9184,"href":"https:\/\/wsisme.com\/fr\/wp-json\/wp\/v2\/pages\/8069\/revisions\/9184"}],"up":[{"embeddable":true,"href":"https:\/\/wsisme.com\/fr\/wp-json\/wp\/v2\/pages\/8046"}],"wp:attachment":[{"href":"https:\/\/wsisme.com\/fr\/wp-json\/wp\/v2\/media?parent=8069"}],"curies":[{"name":"wp","href":"https:\/\/api.w.org\/{rel}","templated":true}]}}