{"id":8076,"date":"2020-02-27T16:19:07","date_gmt":"2020-02-27T16:19:07","guid":{"rendered":"http:\/\/wsisme.com\/?page_id=8076"},"modified":"2026-03-24T17:22:15","modified_gmt":"2026-03-24T17:22:15","slug":"pourvoirie-des-camps-mistassini","status":"publish","type":"page","link":"https:\/\/wsisme.com\/fr\/realisations\/pourvoirie-des-camps-mistassini\/","title":{"rendered":"Pourvoirie des camps Mistassini"},"content":{"rendered":"<div class=\"wpb-content-wrapper\">[vc_row full_width=\u00a0\u00bbstretch_row\u00a0\u00bb css=\u00a0\u00bb.vc_custom_1574887905100{padding-top: 50px !important;padding-bottom: 100px !important;}\u00a0\u00bb][vc_column width=\u00a0\u00bb1\/2&Prime; css=\u00a0\u00bb.vc_custom_1574891451760{padding-right: 30px !important;}\u00a0\u00bb]<h2 class=\"vcex-module vcex-heading vcex-heading-plain portfolio\" style=\"text-align:left;\"><span class=\"vcex-heading-inner clr\">Pourvoirie des camps Mistassini | Portefolio de WSI Montr\u00e9al<\/span><\/h2>[vc_column_text css=\u00a0\u00bb.vc_custom_1774372929272{margin-top: 40px !important;}\u00a0\u00bb el_class=\u00a0\u00bbmore\u00a0\u00bb]La Pourvoirie des camps Mistassini offre des excursions de p\u00eache guid\u00e9e \u00e0 partir de deux camps sur le plus grand lac d\u2019eau douce du Qu\u00e9bec.\r\n\r\nC\u2019est une exp\u00e9rience vraiment unique, dans ce territoire autochtone, de p\u00eacher quatre esp\u00e8ces diff\u00e9rentes \u00e0 partir de camps de \u00ab\u2009classe mondiale\u2009\u00bb. Les camps sont la propri\u00e9t\u00e9 et l\u2019exploitation de la nation crie de Mistassini.\r\n\r\nLa nation crie de Mistassini voulait un nouveau site Web pour mettre en valeur leurs camps exceptionnels, pour d\u00e9montrer la beaut\u00e9 naturelle de la r\u00e9gion et pour fournir des d\u00e9tails sur l\u2019excursion. WSI a men\u00e9 une r\u00e9union de d\u00e9couverte et de conception cr\u00e9ative avec l\u2019\u00e9quipe pour en apprendre davantage sur l\u2019op\u00e9ration et les objectifs du site Web. Nous avons con\u00e7u et cod\u00e9 un site Web de contenu g\u00e9r\u00e9 par WordPress pour atteindre les objectifs de l\u2019organisation. Le projet a r\u00e9cemment remport\u00e9 un prix <a href=\"https:\/\/wsisme.com\/digital-marketing\/2019-web-award-for-outstanding-achievement\/\">Web Marketing Award (WMA) pour Site Web exceptionnel.<\/a>[\/vc_column_text][vc_column_text css=\u00a0\u00bb.vc_custom_1587044733373{margin-top: 40px !important;}\u00a0\u00bb]<a class=\"ic2-link wsi-button border-green medium-button\" href=\"https:\/\/mistassinilake.com\/fr\/\" target=\"_blank\" rel=\"noopener noreferrer\">VOIR SITE<\/a>[\/vc_column_text][\/vc_column][vc_column width=\u00a0\u00bb1\/2&Prime; css=\u00a0\u00bb.vc_custom_1574889544288{padding-left: 20px !important;}\u00a0\u00bb][vc_column_text]<strong class=\"green\">Services au client :<\/strong>\r\n<ul class=\"portfolio\">\r\n \t<li><i class=\"fas fa-long-arrow-alt-right\"><\/i>Strat\u00e9gie de site Web<\/li>\r\n \t<li><i class=\"fas fa-long-arrow-alt-right\"><\/i>Conception de site Web<\/li>\r\n \t<li><i class=\"fas fa-long-arrow-alt-right\"><\/i>D\u00e9veloppement WordPress<\/li>\r\n<\/ul>\r\n[\/vc_column_text][vc_single_image image=\u00a0\u00bb7993&Prime; alignment=\u00a0\u00bbcenter\u00a0\u00bb css=\u00a0\u00bb.vc_custom_1579022919296{margin-top: 50px !important;}\u00a0\u00bb][\/vc_column][\/vc_row][vc_row full_width=\u00a0\u00bbstretch_row_content\u00a0\u00bb][vc_column css=\u00a0\u00bb.vc_custom_1574967200882{margin-bottom: 0px !important;}\u00a0\u00bb el_class=\u00a0\u00bbnomob\u00a0\u00bb][vc_raw_html]JTNDZGl2JTIwY2xhc3MlM0QlMjJzbGFudGVkLWVsZW1lbnQlMjBsYXllcjMlMjIlM0UlMEElMjAlMjAlMjAlMjAlM0NzdmclMjB2ZXJzaW9uJTNEJTIyMS4yJTIyJTIwcHJlc2VydmVBc3BlY3RSYXRpbyUzRCUyMm5vbmUlMjIlMjB2aWV3Qm94JTNEJTIyMCUyMDAlMjA1NiUyMDU2JTIyJTNFJTBBJTIwJTIwJTIwJTIwJTIwJTIwJTNDcG9seWdvbiUyMGNsYXNzJTNEJTIyZmlsbC1jb2xvcjQlMjIlMjBwb2ludHMlM0QlMjIwJTJDNTYlMjA1NiUyQzAlMjA1NiUyQzU2JTIyJTNFJTNDJTJGcG9seWdvbiUzRSUwQSUyMCUyMCUyMCUyMCUzQyUyRnN2ZyUzRSUwQSUyMCUyMCUzQyUyRmRpdiUzRQ==[\/vc_raw_html][\/vc_column][\/vc_row][vc_row full_width=\u00a0\u00bbstretch_row\u00a0\u00bb css=\u00a0\u00bb.vc_custom_1574888035316{margin-top: -1px !important;background-color: #f2f2f2 !important;}\u00a0\u00bb][vc_column css=\u00a0\u00bb.vc_custom_1574888689097{padding-top: 50px !important;padding-bottom: 50px !important;}\u00a0\u00bb]<h2 class=\"vcex-module vcex-heading vcex-heading-plain portfolio w640\" style=\"text-align:center;\"><span class=\"vcex-heading-inner clr\">Actifs de marketing num\u00e9rique<\/span><\/h2>[vc_single_image image=\u00a0\u00bb8193&Prime; alignment=\u00a0\u00bbcenter\u00a0\u00bb css=\u00a0\u00bb.vc_custom_1587044795041{padding-top: 50px !important;padding-bottom: 50px !important;}\u00a0\u00bb][\/vc_column][\/vc_row][vc_row disable_element=\u00a0\u00bbyes\u00a0\u00bb][vc_column css=\u00a0\u00bb.vc_custom_1574888697912{padding-top: 50px !important;padding-bottom: 50px !important;}\u00a0\u00bb]<h2 class=\"vcex-module vcex-heading vcex-heading-plain portfolio\" style=\"text-align:center;\"><span class=\"vcex-heading-inner clr\">Tangible Results<\/span><\/h2>[vc_single_image image=\u00a0\u00bb7922&Prime; css=\u00a0\u00bb.vc_custom_1578334421398{padding-top: 50px !important;}\u00a0\u00bb][\/vc_column][\/vc_row][vc_row full_width=\u00a0\u00bbstretch_row_content\u00a0\u00bb disable_element=\u00a0\u00bbyes\u00a0\u00bb css=\u00a0\u00bb.vc_custom_1579021753661{margin-top: 80px !important;}\u00a0\u00bb][vc_column css=\u00a0\u00bb.vc_custom_1574967204025{margin-bottom: 0px !important;}\u00a0\u00bb el_class=\u00a0\u00bbnomob\u00a0\u00bb][vc_raw_html]JTNDZGl2JTIwY2xhc3MlM0QlMjJzbGFudGVkLWVsZW1lbnQlMjBsYXllcjMlMjIlM0UlMEElMjAlMjAlMjAlMjAlM0NzdmclMjB2ZXJzaW9uJTNEJTIyMS4yJTIyJTIwcHJlc2VydmVBc3BlY3RSYXRpbyUzRCUyMm5vbmUlMjIlMjB2aWV3Qm94JTNEJTIyMCUyMDAlMjA1NiUyMDU2JTIyJTNFJTBBJTIwJTIwJTIwJTIwJTIwJTIwJTNDcG9seWdvbiUyMGNsYXNzJTNEJTIyZmlsbC1jb2xvcjQlMjIlMjBwb2ludHMlM0QlMjIwJTJDNTYlMjA1NiUyQzAlMjA1NiUyQzU2JTIyJTNFJTNDJTJGcG9seWdvbiUzRSUwQSUyMCUyMCUyMCUyMCUzQyUyRnN2ZyUzRSUwQSUyMCUyMCUzQyUyRmRpdiUzRQ==[\/vc_raw_html][\/vc_column][\/vc_row][vc_row full_width=\u00a0\u00bbstretch_row\u00a0\u00bb disable_element=\u00a0\u00bbyes\u00a0\u00bb css=\u00a0\u00bb.vc_custom_1579021760731{margin-top: -1px !important;padding-bottom: 50px !important;background-color: #f2f2f2 !important;}\u00a0\u00bb][vc_column][vc_single_image image=\u00a0\u00bb7787&Prime; el_class=\u00a0\u00bbquoteup posrelative\u00a0\u00bb]<h2 class=\"vcex-module vcex-heading vcex-heading-plain portfolio w640\" style=\"text-align:center;\"><span class=\"vcex-heading-inner clr\">Thank god for WSI.<\/span><\/h2>[vc_column_text css=\u00a0\u00bb.vc_custom_1578496726043{margin-top: 40px !important;}\u00a0\u00bb]\r\n<p style=\"text-align: center;\">We were nowhere regarding our website, google ratings and Facebook. With Laurie&rsquo;s help we re-designed our website and our digital marketing. The results have been amazing. Since Oct 1 (when we launched our re-vamped website) we are averaging 2 requests for quote a week. AND a number of clients have said our website best reflects the work we do vs any of our competition.\r\nThank You WSI !!<\/p>\r\n<p style=\"text-align: center;\"><strong>Bob Mironowicz \u2502 Owner, Steri-Mobile <\/strong><\/p>\r\n[\/vc_column_text][vc_separator color=\u00a0\u00bbcustom\u00a0\u00bb border_width=\u00a0\u00bb4&Prime; el_width=\u00a0\u00bb10&Prime; css=\u00a0\u00bb.vc_custom_1574888908783{margin-top: 40px !important;}\u00a0\u00bb accent_color=\u00a0\u00bb#65a5be\u00a0\u00bb][\/vc_column][\/vc_row][vc_row][vc_column][vc_column_text]\r\n<div class=\"wsi-module shoutbox-cta bg-color4\">\r\n<div class=\"split-bg bg-color5\"><\/div>\r\n<div class=\"wsi-site-wrapper h-padding\">\r\n<div class=\"wsi-content-wrapper\">\r\n<div class=\"sbcta-wrapper col12 tab8 mob4 halign-center shadow border-radius flex flex-wrap flex-center space-between bg-color5\">\r\n<div class=\"sbcta-text col8 tab5 mob4\">\r\n<h3 class=\"title-3\">Vous avez une vision. Nous vous aidons \u00e0 la concr\u00e9tiser.<\/h3>\r\n<\/div>\r\n<div class=\"sbcta-button col4 tab3 mob4 text-right\">\r\n\r\n<span id=\"hs-cta-wrapper-5232abdf-93a8-4de9-b6db-e65a0340d753\" class=\"hs-cta-wrapper\"><span id=\"hs-cta-5232abdf-93a8-4de9-b6db-e65a0340d753\" class=\"hs-cta-node hs-cta-5232abdf-93a8-4de9-b6db-e65a0340d753\" style=\"visibility: visible;\" data-hs-drop=\"true\"><a id=\"cta_button_434177_b29aaa79-2f7e-4cdf-b541-a125c172c0d0\" class=\"cta_button solid-green large-button\" title=\"LET'S GET STARTED\" href=\"\/fr\/parlez-nous\/\">COMMEN\u00c7ONS<\/a><\/span><\/span>\r\n\r\n<\/div>\r\n<\/div>\r\n<\/div>\r\n<\/div>\r\n<\/div>\r\n[\/vc_column_text][\/vc_column][\/vc_row]<\/div>","protected":false},"excerpt":{"rendered":"[vc_row full_width=\u00a0\u00bbstretch_row\u00a0\u00bb css=\u00a0\u00bb.vc_custom_1574887905100{padding-top: 50px !important;padding-bottom: 100px !important;}\u00a0\u00bb][vc_column width=\u00a0\u00bb1\/2&Prime; css=\u00a0\u00bb.vc_custom_1574891451760{padding-right: 30px !important;}\u00a0\u00bb][vc_column_text css=\u00a0\u00bb.vc_custom_1774372929272{margin-top: 40px !important;}\u00a0\u00bb el_class=\u00a0\u00bbmore\u00a0\u00bb]La Pourvoirie des camps Mistassini offre des excursions de p\u00eache guid\u00e9e \u00e0 partir de deux camps sur le plus grand lac d\u2019eau douce du Qu\u00e9bec. C\u2019est&hellip;","protected":false},"author":2,"featured_media":0,"parent":8026,"menu_order":0,"comment_status":"closed","ping_status":"closed","template":"","meta":{"_acf_changed":false,"footnotes":""},"class_list":["post-8076","page","type-page","status-publish","hentry","entry","no-media"],"acf":[],"_links":{"self":[{"href":"https:\/\/wsisme.com\/fr\/wp-json\/wp\/v2\/pages\/8076","targetHints":{"allow":["GET"]}}],"collection":[{"href":"https:\/\/wsisme.com\/fr\/wp-json\/wp\/v2\/pages"}],"about":[{"href":"https:\/\/wsisme.com\/fr\/wp-json\/wp\/v2\/types\/page"}],"author":[{"embeddable":true,"href":"https:\/\/wsisme.com\/fr\/wp-json\/wp\/v2\/users\/2"}],"replies":[{"embeddable":true,"href":"https:\/\/wsisme.com\/fr\/wp-json\/wp\/v2\/comments?post=8076"}],"version-history":[{"count":3,"href":"https:\/\/wsisme.com\/fr\/wp-json\/wp\/v2\/pages\/8076\/revisions"}],"predecessor-version":[{"id":12865,"href":"https:\/\/wsisme.com\/fr\/wp-json\/wp\/v2\/pages\/8076\/revisions\/12865"}],"up":[{"embeddable":true,"href":"https:\/\/wsisme.com\/fr\/wp-json\/wp\/v2\/pages\/8026"}],"wp:attachment":[{"href":"https:\/\/wsisme.com\/fr\/wp-json\/wp\/v2\/media?parent=8076"}],"curies":[{"name":"wp","href":"https:\/\/api.w.org\/{rel}","templated":true}]}}