{"id":8077,"date":"2020-02-27T16:19:00","date_gmt":"2020-02-27T16:19:00","guid":{"rendered":"http:\/\/wsisme.com\/?page_id=8077"},"modified":"2026-03-26T15:09:14","modified_gmt":"2026-03-26T15:09:14","slug":"micom","status":"publish","type":"page","link":"https:\/\/wsisme.com\/fr\/realisations\/micom\/","title":{"rendered":"Laboratoires Micom"},"content":{"rendered":"<div class=\"wpb-content-wrapper\">[vc_row full_width=\u00a0\u00bbstretch_row\u00a0\u00bb css=\u00a0\u00bb.vc_custom_1574887905100{padding-top: 50px !important;padding-bottom: 100px !important;}\u00a0\u00bb][vc_column width=\u00a0\u00bb1\/2&Prime; css=\u00a0\u00bb.vc_custom_1574891451760{padding-right: 30px !important;}\u00a0\u00bb]<h1 class=\"vcex-module vcex-heading vcex-heading-plain portfolio\" style=\"font-size:35px;text-align:left;\"><span class=\"vcex-heading-inner clr\">Laboratoires Micom | Portefolio de WSI Montr\u00e9al<\/span><\/h1>[vc_column_text css=\u00a0\u00bb.vc_custom_1717165825751{margin-top: 40px !important;}\u00a0\u00bb]Laboratoires Micom Inc. est un <a href=\"https:\/\/www.micomlab.com\/fr\/\" target=\"_blank\" rel=\"noopener\">laboratoire d\u2019essais<\/a> de mat\u00e9riaux offrant des services d\u2019essai de mat\u00e9riaux pour de nombreux secteurs d\u2019activit\u00e9, incluant les industries du meuble, des produits pharmaceutiques, de l\u2019automobile et de la d\u00e9fense. Micom teste divers produits, mat\u00e9riaux et assemblages complexes \u00e0 travers une gamme compl\u00e8te de normes de l\u2019industrie passant par des <a href=\"https:\/\/www.micomlab.com\/fr\/micom-test-categories\/essais-uv\/\" target=\"_blank\" rel=\"noopener\">essais UV<\/a>, les essais de corrosion, et les essais sur ameublement \u00e0 l\u2019emballage.\r\n\r\nAu cours des 6 derni\u00e8res ann\u00e9es, nous avons travaill\u00e9 en \u00e9troite collaboration avec les Laboratoires Micom afin d\u2019accro\u00eetre le trafic organique et total ainsi que pour accro\u00eetre les prospects g\u00e9n\u00e9raux du site Web provenant des march\u00e9s canadiens, am\u00e9ricains et internationaux.[\/vc_column_text][vc_column_text css=\u00a0\u00bb.vc_custom_1635872424312{margin-top: 40px !important;}\u00a0\u00bb]<a class=\"ic2-link wsi-button border-green medium-button\" href=\"https:\/\/micomlab.com\/fr\/\" target=\"_blank\" rel=\"noopener noreferrer\">voir site<\/a>[\/vc_column_text][\/vc_column][vc_column width=\u00a0\u00bb1\/2&Prime; css=\u00a0\u00bb.vc_custom_1574889544288{padding-left: 20px !important;}\u00a0\u00bb][vc_column_text]<strong class=\"green\">Notre travail pour Les Laboratoires Micom Inc. <\/strong>\r\n<strong class=\"green\">comprend plusieurs strat\u00e9gies de marketing num\u00e9rique cl\u00e9s :<\/strong>\r\n<ul class=\"portfolio\">\r\n \t<li><i class=\"fas fa-long-arrow-alt-right\"><\/i>Strat\u00e9gie de marketing de moteur de recherche<\/li>\r\n \t<li><i class=\"fas fa-long-arrow-alt-right\"><\/i>R\u00e9f\u00e9rencement naturel (SEO)<\/li>\r\n \t<li><i class=\"fas fa-long-arrow-alt-right\"><\/i>Marketing de contenu<\/li>\r\n \t<li><i class=\"fas fa-long-arrow-alt-right\"><\/i>Optimisation des taux de conversion<\/li>\r\n<\/ul>\r\n[\/vc_column_text][vc_single_image image=\u00a0\u00bb8153&Prime; alignment=\u00a0\u00bbcenter\u00a0\u00bb css=\u00a0\u00bb.vc_custom_1586440817003{margin-top: 50px !important;}\u00a0\u00bb][\/vc_column][\/vc_row][vc_row full_width=\u00a0\u00bbstretch_row_content\u00a0\u00bb][vc_column css=\u00a0\u00bb.vc_custom_1574967200882{margin-bottom: 0px !important;}\u00a0\u00bb el_class=\u00a0\u00bbnomob\u00a0\u00bb][vc_raw_html]JTNDZGl2JTIwY2xhc3MlM0QlMjJzbGFudGVkLWVsZW1lbnQlMjBsYXllcjMlMjIlM0UlMEElMjAlMjAlMjAlMjAlM0NzdmclMjB2ZXJzaW9uJTNEJTIyMS4yJTIyJTIwcHJlc2VydmVBc3BlY3RSYXRpbyUzRCUyMm5vbmUlMjIlMjB2aWV3Qm94JTNEJTIyMCUyMDAlMjA1NiUyMDU2JTIyJTNFJTBBJTIwJTIwJTIwJTIwJTIwJTIwJTNDcG9seWdvbiUyMGNsYXNzJTNEJTIyZmlsbC1jb2xvcjQlMjIlMjBwb2ludHMlM0QlMjIwJTJDNTYlMjA1NiUyQzAlMjA1NiUyQzU2JTIyJTNFJTNDJTJGcG9seWdvbiUzRSUwQSUyMCUyMCUyMCUyMCUzQyUyRnN2ZyUzRSUwQSUyMCUyMCUzQyUyRmRpdiUzRQ==[\/vc_raw_html][\/vc_column][\/vc_row][vc_row full_width=\u00a0\u00bbstretch_row\u00a0\u00bb css=\u00a0\u00bb.vc_custom_1574888035316{margin-top: -1px !important;background-color: #f2f2f2 !important;}\u00a0\u00bb][vc_column css=\u00a0\u00bb.vc_custom_1574888689097{padding-top: 50px !important;padding-bottom: 50px !important;}\u00a0\u00bb]<h2 class=\"vcex-module vcex-heading vcex-heading-plain portfolio w640\" style=\"text-align:center;\"><span class=\"vcex-heading-inner clr\">En plus de notre travail continu, nous avons collabor\u00e9 avec le client pour produire un livre \u00e9lectronique sur les essais UV.<\/span><\/h2>[vc_single_image image=\u00a0\u00bb7783&Prime; alignment=\u00a0\u00bbcenter\u00a0\u00bb css=\u00a0\u00bb.vc_custom_1574888833599{padding-top: 50px !important;padding-bottom: 50px !important;}\u00a0\u00bb][\/vc_column][\/vc_row][vc_row][vc_column css=\u00a0\u00bb.vc_custom_1574888697912{padding-top: 50px !important;padding-bottom: 50px !important;}\u00a0\u00bb]<h2 class=\"vcex-module vcex-heading vcex-heading-plain portfolio\" style=\"text-align:center;\"><span class=\"vcex-heading-inner clr\">Actifs num\u00e9riques cr\u00e9\u00e9s<\/span><\/h2>[vc_single_image image=\u00a0\u00bb8266&Prime; alignment=\u00a0\u00bbcenter\u00a0\u00bb][\/vc_column][\/vc_row][vc_row][vc_column css=\u00a0\u00bb.vc_custom_1574888697912{padding-top: 50px !important;padding-bottom: 50px !important;}\u00a0\u00bb]<h2 class=\"vcex-module vcex-heading vcex-heading-plain portfolio\" style=\"text-align:center;\"><span class=\"vcex-heading-inner clr\">R\u00e9sultats tangibles<\/span><\/h2>[vc_single_image image=\u00a0\u00bb8157&Prime; css=\u00a0\u00bb.vc_custom_1586441728355{padding-top: 50px !important;}\u00a0\u00bb][\/vc_column][\/vc_row][vc_row full_width=\u00a0\u00bbstretch_row\u00a0\u00bb css=\u00a0\u00bb.vc_custom_1774537742340{margin-top: -1px !important;padding-top: 40px !important;padding-bottom: 50px !important;background-color: #f2f2f2 !important;}\u00a0\u00bb][vc_column][vc_single_image image=\u00a0\u00bb7787&Prime; el_class=\u00a0\u00bbquoteup posrelative\u00a0\u00bb]<h2 class=\"vcex-module vcex-heading vcex-heading-plain portfolio w640\" style=\"text-align:center;\"><span class=\"vcex-heading-inner clr\">C\u2019\u00e9tait un plaisir de travailler avec l\u2019\u00e9quipe WSI, rendant un processus compliqu\u00e9 facile \u00e0 g\u00e9rer pour nous.<\/span><\/h2>[vc_column_text css=\u00a0\u00bb.vc_custom_1586441764551{margin-top: 40px !important;}\u00a0\u00bb]\r\n<p style=\"text-align: center;\">Chris et son \u00e9quipe sont des professionnels de premier ordre dans leur domaine. Nous les avons embauch\u00e9s pour notre nouveau site Web \u00e0 forte teneur en contenu et nous ne pouvions pas \u00eatre plus satisfaits du processus et des r\u00e9sultats. Nos clients adorent le nouveau site. Nous estimons qu\u2019il repr\u00e9sente extr\u00eamement bien notre \u00e9quipe, notre offre, nos partenaires et notre communaut\u00e9 d\u2019affaires de l\u2019Ouest-de-l\u2019\u00cele. En raison de la fa\u00e7on dont WSI l\u2019a organis\u00e9 pour nous, nous sommes convaincus que le site continuera d\u2019\u00eatre une voie de communication dynamique pour les ann\u00e9es \u00e0 venir. C\u2019\u00e9tait un plaisir de travailler avec l\u2019\u00e9quipe WSI, rendant un processus compliqu\u00e9 facile \u00e0 g\u00e9rer pour nous, et nous avons maintenu avec joie une relation avec eux. Chris est devenu une ressource inestimable, pour sa connaissance approfondie du Web, sa compr\u00e9hension du marketing, sa capacit\u00e9 d\u2019\u00e9coute de ses clients, son efficacit\u00e9 remarquable et sa fiabilit\u00e9 compl\u00e8te. Fortement recommand\u00e9s\u2009!\u2009\u00bb Michel Comptois &#8211; Pr\u00e9sident, Laboratoires Micom Inc.<\/p>\r\n<p style=\"text-align: center;\"><strong>Michel Comtois M.Sc. \u2502 President, Micom Laboratory Inc.<\/strong><\/p>\r\n[\/vc_column_text][vc_separator color=\u00a0\u00bbcustom\u00a0\u00bb border_width=\u00a0\u00bb4&Prime; el_width=\u00a0\u00bb10&Prime; css=\u00a0\u00bb.vc_custom_1574888908783{margin-top: 40px !important;}\u00a0\u00bb accent_color=\u00a0\u00bb#65a5be\u00a0\u00bb][\/vc_column][\/vc_row][vc_row][vc_column][vc_column_text]\r\n<div class=\"wsi-module shoutbox-cta bg-color4\">\r\n<div class=\"split-bg bg-color5\"><\/div>\r\n<div class=\"wsi-site-wrapper h-padding\">\r\n<div class=\"wsi-content-wrapper\">\r\n<div class=\"sbcta-wrapper col12 tab8 mob4 halign-center shadow border-radius flex flex-wrap flex-center space-between bg-color5\">\r\n<div class=\"sbcta-text col8 tab5 mob4\">\r\n<h3 class=\"title-3\">Vous avez une vision. Nous vous aidons \u00e0 la concr\u00e9tiser.<\/h3>\r\n<\/div>\r\n<div class=\"sbcta-button col4 tab3 mob4 text-right\">\r\n\r\n<span id=\"hs-cta-wrapper-5232abdf-93a8-4de9-b6db-e65a0340d753\" class=\"hs-cta-wrapper\"><span id=\"hs-cta-5232abdf-93a8-4de9-b6db-e65a0340d753\" class=\"hs-cta-node hs-cta-5232abdf-93a8-4de9-b6db-e65a0340d753\" style=\"visibility: visible;\" data-hs-drop=\"true\"><a id=\"cta_button_434177_b29aaa79-2f7e-4cdf-b541-a125c172c0d0\" class=\"cta_button solid-green large-button\" title=\"LET'S GET STARTED\" href=\"\/fr\/parlez-nous\/\">COMMEN\u00c7ONS<\/a><\/span><\/span>\r\n\r\n<\/div>\r\n<\/div>\r\n<\/div>\r\n<\/div>\r\n<\/div>\r\n[\/vc_column_text][\/vc_column][\/vc_row]<\/div>","protected":false},"excerpt":{"rendered":"[vc_row full_width=\u00a0\u00bbstretch_row\u00a0\u00bb css=\u00a0\u00bb.vc_custom_1574887905100{padding-top: 50px !important;padding-bottom: 100px !important;}\u00a0\u00bb][vc_column width=\u00a0\u00bb1\/2&Prime; css=\u00a0\u00bb.vc_custom_1574891451760{padding-right: 30px !important;}\u00a0\u00bb][vc_column_text css=\u00a0\u00bb.vc_custom_1717165825751{margin-top: 40px !important;}\u00a0\u00bb]Laboratoires Micom Inc. est un laboratoire d\u2019essais de mat\u00e9riaux offrant des services d\u2019essai de mat\u00e9riaux pour de nombreux secteurs d\u2019activit\u00e9, incluant les industries du meuble, des produits&hellip;","protected":false},"author":2,"featured_media":0,"parent":8026,"menu_order":0,"comment_status":"closed","ping_status":"closed","template":"templates\/no-sidebar.php","meta":{"_acf_changed":false,"footnotes":""},"class_list":["post-8077","page","type-page","status-publish","hentry","entry","no-media"],"acf":[],"_links":{"self":[{"href":"https:\/\/wsisme.com\/fr\/wp-json\/wp\/v2\/pages\/8077","targetHints":{"allow":["GET"]}}],"collection":[{"href":"https:\/\/wsisme.com\/fr\/wp-json\/wp\/v2\/pages"}],"about":[{"href":"https:\/\/wsisme.com\/fr\/wp-json\/wp\/v2\/types\/page"}],"author":[{"embeddable":true,"href":"https:\/\/wsisme.com\/fr\/wp-json\/wp\/v2\/users\/2"}],"replies":[{"embeddable":true,"href":"https:\/\/wsisme.com\/fr\/wp-json\/wp\/v2\/comments?post=8077"}],"version-history":[{"count":3,"href":"https:\/\/wsisme.com\/fr\/wp-json\/wp\/v2\/pages\/8077\/revisions"}],"predecessor-version":[{"id":12943,"href":"https:\/\/wsisme.com\/fr\/wp-json\/wp\/v2\/pages\/8077\/revisions\/12943"}],"up":[{"embeddable":true,"href":"https:\/\/wsisme.com\/fr\/wp-json\/wp\/v2\/pages\/8026"}],"wp:attachment":[{"href":"https:\/\/wsisme.com\/fr\/wp-json\/wp\/v2\/media?parent=8077"}],"curies":[{"name":"wp","href":"https:\/\/api.w.org\/{rel}","templated":true}]}}