{"id":8078,"date":"2020-02-27T16:19:14","date_gmt":"2020-02-27T16:19:14","guid":{"rendered":"http:\/\/wsisme.com\/?page_id=8078"},"modified":"2026-03-25T19:18:08","modified_gmt":"2026-03-25T19:18:08","slug":"paquette-associes-avocats","status":"publish","type":"page","link":"https:\/\/wsisme.com\/fr\/realisations\/paquette-associes-avocats\/","title":{"rendered":"Paquette &#038; Associ\u00e9s Avocats"},"content":{"rendered":"<div class=\"wpb-content-wrapper\">[vc_row full_width=\u00a0\u00bbstretch_row\u00a0\u00bb css=\u00a0\u00bb.vc_custom_1574887905100{padding-top: 50px !important;padding-bottom: 100px !important;}\u00a0\u00bb][vc_column width=\u00a0\u00bb1\/2&Prime; css=\u00a0\u00bb.vc_custom_1574891451760{padding-right: 30px !important;}\u00a0\u00bb]<h2 class=\"vcex-module vcex-heading vcex-heading-plain portfolio\" style=\"text-align:left;\"><span class=\"vcex-heading-inner clr\">Paquette Avocats: une refonte num\u00e9rique pour un partenaire juridique de confiance<\/span><\/h2>[vc_column_text css=\u00a0\u00bb.vc_custom_1764176608621{margin-top: 40px !important;}\u00a0\u00bb el_class=\u00a0\u00bbmore\u00a0\u00bb]Nous avons eu l\u2019honneur de collaborer une fois de plus avec Paquette Avocats, un <a href=\"https:\/\/paquette.legal\/\" target=\"_blank\" rel=\"noopener\">cabinet d\u2019avocats d\u2019affaires distingu\u00e9<\/a> au service de la communaut\u00e9 de l\u2019Ouest-de-l\u2019\u00cele, afin de redynamiser leur pr\u00e9sence num\u00e9rique. En tant que client de longue date, Paquette Avocats a b\u00e2ti une solide r\u00e9putation en se sp\u00e9cialisant en droit commercial, <a href=\"https:\/\/paquette.legal\/expertise-juridique\/droit-fusions-acquisitions\/\" target=\"_blank\" rel=\"noopener\">fusions et acquisitions<\/a>, ainsi qu\u2019en droit fiscal \u2014 et leur site web devait refl\u00e9ter cette expertise tout en r\u00e9pondant aux attentes modernes des utilisateurs.\r\n\r\nNotre \u00e9quipe a entrepris une refonte compl\u00e8te du site web visant \u00e0 mettre en valeur l\u2019ensemble des services offerts par Paquette Avocats. Nous avons \u00e9largi l\u2019architecture du site pour mettre en lumi\u00e8re leur diversit\u00e9 de services juridiques, garantissant que les clients potentiels puissent facilement d\u00e9couvrir comment l\u2019expertise du cabinet correspond \u00e0 leurs besoins. Conscients des profondes racines et de l\u2019implication active de Paquette Avocats dans la communaut\u00e9 de l\u2019Ouest-de-l\u2019\u00cele, nous avons accord\u00e9 une attention particuli\u00e8re \u00e0 raconter leur histoire \u2014 en mettant en avant les personnes derri\u00e8re le cabinet et leur engagement envers les clients et les quartiers qu\u2019ils servent.\r\n\r\nLa navigation a \u00e9t\u00e9 une priorit\u00e9 cl\u00e9. Nous avons repens\u00e9 l\u2019exp\u00e9rience utilisateur avec des parcours intuitifs guidant les visiteurs de mani\u00e8re fluide \u00e0 travers le site, qu\u2019ils recherchent des services juridiques, souhaitent en savoir plus sur l\u2019\u00e9quipe, ou cherchent une assistance imm\u00e9diate. Le r\u00e9sultat est une interface propre et professionnelle qui r\u00e9duit les obstacles et favorise l\u2019engagement.\r\n\r\nLa <a href=\"https:\/\/paquette.legal\/blogue\/\" target=\"_blank\" rel=\"noopener\">nouvelle plateforme de blogue<\/a> permet \u00e0 Paquette Avocats de publier r\u00e9guli\u00e8rement du contenu pertinent, d\u00e9montrant leur leadership intellectuel dans les domaines du droit commercial, des fusions et acquisitions et du droit fiscal. En partageant des perspectives juridiques pr\u00e9cieuses et des conseils pratiques, ils se positionnent non seulement comme des conseillers de confiance, mais offrent \u00e9galement une r\u00e9elle valeur aux particuliers et aux entreprises naviguant dans des environnements juridiques complexes.\r\n\r\nCette refonte repr\u00e9sente bien plus qu\u2019une mise \u00e0 jour esth\u00e9tique \u2014 il s\u2019agit d\u2019une \u00e9volution strat\u00e9gique qui positionne Paquette Avocats pour une croissance continue tout en honorant leur h\u00e9ritage d\u2019excellence en tant que <a href=\"https:\/\/paquette.legal\/cabinet-avocats-droit-commercial\/\" target=\"_blank\" rel=\"noopener\">cabinet d\u2019avocats en droit commercial<\/a> au sein de la communaut\u00e9 juridique de l\u2019Ouest-de-l\u2019\u00cele.[\/vc_column_text][vc_column_text css=\u00a0\u00bb.vc_custom_1764160070421{margin-top: 40px !important;}\u00a0\u00bb]<a class=\"ic2-link wsi-button border-green medium-button\" href=\"https:\/\/paquette.legal\/\" target=\"_blank\" rel=\"noopener\">VOIR LE SITE<\/a>[\/vc_column_text][\/vc_column][vc_column width=\u00a0\u00bb1\/2&Prime; css=\u00a0\u00bb.vc_custom_1574889544288{padding-left: 20px !important;}\u00a0\u00bb][vc_column_text css=\u00a0\u00bb\u00a0\u00bb]<strong class=\"green\">Notre travail pour Paquette et Associ\u00e9s Avocats Inc. comprend plusieurs strat\u00e9gies cl\u00e9s de marketing num\u00e9rique, notamment :<\/strong>\r\n<ul class=\"portfolio\">\r\n \t<li><i class=\"fas fa-long-arrow-alt-right\"><\/i>D\u00e9veloppement web<\/li>\r\n \t<li><i class=\"fas fa-long-arrow-alt-right\"><\/i>AISEO<\/li>\r\n \t<li><i class=\"fas fa-long-arrow-alt-right\"><\/i>Marketing de contenu<\/li>\r\n<\/ul>\r\n[\/vc_column_text][\/vc_column][\/vc_row][vc_row full_width=\u00a0\u00bbstretch_row\u00a0\u00bb css=\u00a0\u00bb.vc_custom_1774466274366{margin-top: -1px !important;}\u00a0\u00bb][vc_column css=\u00a0\u00bb.vc_custom_1574888689097{padding-top: 50px !important;padding-bottom: 50px !important;}\u00a0\u00bb]<h2 class=\"vcex-module vcex-heading vcex-heading-plain portfolio w680\" style=\"text-align:center;\"><span class=\"vcex-heading-inner clr\">En plus de notre travail continu, nous avons\r\ncon\u00e7u et d\u00e9velopp\u00e9 un tout nouveau site web.<\/span><\/h2>[vc_single_image image=\u00a0\u00bb12692&Prime; alignment=\u00a0\u00bbcenter\u00a0\u00bb css=\u00a0\u00bb.vc_custom_1764160197950{padding-top: 50px !important;padding-bottom: 50px !important;}\u00a0\u00bb][\/vc_column][\/vc_row][vc_row full_width=\u00a0\u00bbstretch_row\u00a0\u00bb css=\u00a0\u00bb.vc_custom_1774363574166{margin-top: -1px !important;padding-top: 40px !important;padding-bottom: 50px !important;background-color: #f2f2f2 !important;}\u00a0\u00bb][vc_column][vc_single_image image=\u00a0\u00bb7787&Prime; el_class=\u00a0\u00bbquoteup posrelative\u00a0\u00bb]<h2 class=\"vcex-module vcex-heading vcex-heading-plain portfolio w640\" style=\"text-align:center;\"><span class=\"vcex-heading-inner clr\">Ce que nos clients disent<\/span><\/h2>[vc_column_text css=\u00a0\u00bb.vc_custom_1774466158417{margin-top: 40px !important;}\u00a0\u00bb]\r\n<p style=\"text-align: center;\">\u00ab Travailler avec WSI pour le nouveau site web de Paquette Avocats a \u00e9t\u00e9 une exp\u00e9rience des plus agr\u00e9ables. J&rsquo;ai v\u00e9ritablement appr\u00e9ci\u00e9 nos \u00e9changes collaboratifs sur les strat\u00e9gies de r\u00e9f\u00e9rencement (SEO) ainsi que l&rsquo;ouverture de l&rsquo;\u00e9quipe face \u00e0 la direction artistique tout au long du projet. Leur grande r\u00e9activit\u00e9 lors de situations urgentes a \u00e9galement \u00e9t\u00e9 exemplaire.<\/p>\r\n<p style=\"text-align: center;\">L&rsquo;\u00e9quipe de WSI a fait preuve d&rsquo;un grand professionnalisme et continue de nous offrir un accompagnement de premier plan pour tous nos projets de contenu. Je suis convaincu qu&rsquo;en collaborant avec WSI, nous avons r\u00e9ussi une refonte d&rsquo;image de marque tr\u00e8s efficace pour notre cabinet. Notre site web est maintenant d&rsquo;une qualit\u00e9 comparable \u00e0 celle des grands cabinets renomm\u00e9s du centre-ville. Et ce qu&rsquo;il y a de mieux \u2014 ce qui confirme d&rsquo;ailleurs leurs pr\u00e9visions \u2014 c&rsquo;est qu&rsquo;il g\u00e9n\u00e8re du trafic et des prospects de qualit\u00e9 ! \u00bb<\/p>\r\n<p style=\"text-align: center;\"><strong>Jean-Ren\u00e9 Paquette &#8211; associ\u00e9 fondateur, Paquette &amp; Associ\u00e9s Avocats<\/strong><\/p>\r\n[\/vc_column_text][vc_separator color=\u00a0\u00bbcustom\u00a0\u00bb border_width=\u00a0\u00bb4&Prime; el_width=\u00a0\u00bb10&Prime; css=\u00a0\u00bb.vc_custom_1574888908783{margin-top: 40px !important;}\u00a0\u00bb accent_color=\u00a0\u00bb#65a5be\u00a0\u00bb][\/vc_column][\/vc_row][vc_row][vc_column][vc_column_text css=\u00a0\u00bb\u00a0\u00bb]\r\n<div class=\"wsi-module shoutbox-cta bg-color4\">\r\n<div class=\"split-bg bg-color5\"><\/div>\r\n<div class=\"wsi-site-wrapper h-padding\">\r\n<div class=\"wsi-content-wrapper\">\r\n<div class=\"sbcta-wrapper col12 tab8 mob4 halign-center shadow border-radius flex flex-wrap flex-center space-between bg-color5\">\r\n<div class=\"sbcta-text col8 tab5 mob4\">\r\n<h3 class=\"title-3\">Vous avez une vision. Nous vous aidons \u00e0 la concr\u00e9tiser.<\/h3>\r\n<\/div>\r\n<div class=\"sbcta-button col4 tab3 mob4 text-right\">\r\n\r\n<span id=\"hs-cta-wrapper-5232abdf-93a8-4de9-b6db-e65a0340d753\" class=\"hs-cta-wrapper\"><span id=\"hs-cta-5232abdf-93a8-4de9-b6db-e65a0340d753\" class=\"hs-cta-node hs-cta-5232abdf-93a8-4de9-b6db-e65a0340d753\" data-hs-drop=\"true\"><a id=\"cta_button_434177_b29aaa79-2f7e-4cdf-b541-a125c172c0d0\" class=\"cta_button solid-green large-button\" title=\"LET&#039;S GET STARTED\" href=\"https:\/\/wsisme.com\/fr\/parlez-nous\/\">COMMEN\u00c7ONS<\/a><\/span><\/span>\r\n\r\n<\/div>\r\n<\/div>\r\n<\/div>\r\n<\/div>\r\n<\/div>\r\n[\/vc_column_text][\/vc_column][\/vc_row]<\/div>","protected":false},"excerpt":{"rendered":"[vc_row full_width=\u00a0\u00bbstretch_row\u00a0\u00bb css=\u00a0\u00bb.vc_custom_1574887905100{padding-top: 50px !important;padding-bottom: 100px !important;}\u00a0\u00bb][vc_column width=\u00a0\u00bb1\/2&Prime; css=\u00a0\u00bb.vc_custom_1574891451760{padding-right: 30px !important;}\u00a0\u00bb][vc_column_text css=\u00a0\u00bb.vc_custom_1764176608621{margin-top: 40px !important;}\u00a0\u00bb el_class=\u00a0\u00bbmore\u00a0\u00bb]Nous avons eu l\u2019honneur de collaborer une fois de plus avec Paquette Avocats, un cabinet d\u2019avocats d\u2019affaires distingu\u00e9 au service de la communaut\u00e9 de l\u2019Ouest-de-l\u2019\u00cele, afin&hellip;","protected":false},"author":2,"featured_media":0,"parent":8026,"menu_order":0,"comment_status":"closed","ping_status":"closed","template":"templates\/no-sidebar.php","meta":{"_acf_changed":false,"footnotes":""},"class_list":["post-8078","page","type-page","status-publish","hentry","entry","no-media"],"acf":[],"_links":{"self":[{"href":"https:\/\/wsisme.com\/fr\/wp-json\/wp\/v2\/pages\/8078","targetHints":{"allow":["GET"]}}],"collection":[{"href":"https:\/\/wsisme.com\/fr\/wp-json\/wp\/v2\/pages"}],"about":[{"href":"https:\/\/wsisme.com\/fr\/wp-json\/wp\/v2\/types\/page"}],"author":[{"embeddable":true,"href":"https:\/\/wsisme.com\/fr\/wp-json\/wp\/v2\/users\/2"}],"replies":[{"embeddable":true,"href":"https:\/\/wsisme.com\/fr\/wp-json\/wp\/v2\/comments?post=8078"}],"version-history":[{"count":7,"href":"https:\/\/wsisme.com\/fr\/wp-json\/wp\/v2\/pages\/8078\/revisions"}],"predecessor-version":[{"id":12927,"href":"https:\/\/wsisme.com\/fr\/wp-json\/wp\/v2\/pages\/8078\/revisions\/12927"}],"up":[{"embeddable":true,"href":"https:\/\/wsisme.com\/fr\/wp-json\/wp\/v2\/pages\/8026"}],"wp:attachment":[{"href":"https:\/\/wsisme.com\/fr\/wp-json\/wp\/v2\/media?parent=8078"}],"curies":[{"name":"wp","href":"https:\/\/api.w.org\/{rel}","templated":true}]}}