{"id":8079,"date":"2020-02-27T16:19:20","date_gmt":"2020-02-27T16:19:20","guid":{"rendered":"http:\/\/wsisme.com\/?page_id=8079"},"modified":"2026-03-24T17:21:02","modified_gmt":"2026-03-24T17:21:02","slug":"pneus-gordons","status":"publish","type":"page","link":"https:\/\/wsisme.com\/fr\/realisations\/pneus-gordons\/","title":{"rendered":"Pneus Gordons"},"content":{"rendered":"<div class=\"wpb-content-wrapper\">[vc_row full_width=\u00a0\u00bbstretch_row\u00a0\u00bb css=\u00a0\u00bb.vc_custom_1574887905100{padding-top: 50px !important;padding-bottom: 100px !important;}\u00a0\u00bb][vc_column width=\u00a0\u00bb1\/2&Prime; css=\u00a0\u00bb.vc_custom_1574891451760{padding-right: 30px !important;}\u00a0\u00bb]<h1 class=\"vcex-module vcex-heading vcex-heading-plain portfolio\" style=\"font-size:35px;text-align:left;\"><span class=\"vcex-heading-inner clr\">Pneus Gordons | Portefolio de WSI Montr\u00e9al<\/span><\/h1>[vc_column_text css=\u00a0\u00bb.vc_custom_1774372856394{margin-top: 40px !important;}\u00a0\u00bb el_class=\u00a0\u00bbmore\u00a0\u00bb]Pneus Gordons, un garage de service automobile et un magasin de pneus, a \u00e9volu\u00e9 au cours des derni\u00e8res ann\u00e9es, mais une chose qui ne change jamais est leur service \u00e0 la client\u00e8le exceptionnel et leur site impeccable.\r\n\r\nGordons se sp\u00e9cialise dans les pneus, les changements de pneus et les travaux m\u00e9caniques g\u00e9n\u00e9raux tels que les changements d\u2019huile, les freins, la suspension et les alignements.\r\n\r\nIl y a quelques ann\u00e9es, l\u2019\u00e9quipe de Gordons a compris que le paysage publicitaire traditionnel \u00e9tait en train de changer et qu\u2019il \u00e9tait essentiel d\u2019\u00eatre en ligne pour maintenir et ensuite gagner des parts de march\u00e9. WSI travaille avec Gordons depuis de nombreuses ann\u00e9es sur un certain nombre d\u2019activit\u00e9s de marketing num\u00e9rique coordonn\u00e9es avec beaucoup de succ\u00e8s. R\u00e9cemment, nous avons lanc\u00e9 un nouveau site Web qui a re\u00e7u un <a href=\"http:\/\/wsisme.com\/blog\/wsi-montreal-wins-another-wma-award\/\">WMA pour la Norme d\u2019excellence automobile.<\/a>[\/vc_column_text][vc_column_text css=\u00a0\u00bb.vc_custom_1587051443188{margin-top: 40px !important;}\u00a0\u00bb]<a class=\"ic2-link wsi-button border-green medium-button\" href=\"https:\/\/pneusgordons.ca\/\" target=\"_blank\" rel=\"noopener noreferrer\">VOIR SITE<\/a>[\/vc_column_text][\/vc_column][vc_column width=\u00a0\u00bb1\/2&Prime; css=\u00a0\u00bb.vc_custom_1574889544288{padding-left: 20px !important;}\u00a0\u00bb][vc_column_text]<strong class=\"green\">Notre travail pour Pneus Gordons comprend plusieurs strat\u00e9gies de marketing num\u00e9rique cl\u00e9s :<\/strong>\r\n<ul class=\"portfolio\">\r\n \t<li><i class=\"fas fa-long-arrow-alt-right\"><\/i>Strat\u00e9gie de marketing de moteur de recherche<\/li>\r\n \t<li><i class=\"fas fa-long-arrow-alt-right\"><\/i>R\u00e9f\u00e9rencement naturel (SEO)<\/li>\r\n \t<li><i class=\"fas fa-long-arrow-alt-right\"><\/i>R\u00e9f\u00e9rencement local<\/li>\r\n \t<li><i class=\"fas fa-long-arrow-alt-right\"><\/i>Marketing des m\u00e9dias sociaux<\/li>\r\n \t<li><i class=\"fas fa-long-arrow-alt-right\"><\/i>Marketing par courriel<\/li>\r\n \t<li><i class=\"fas fa-long-arrow-alt-right\"><\/i>Conception et cr\u00e9ation de site Web<\/li>\r\n<\/ul>\r\n[\/vc_column_text][vc_single_image image=\u00a0\u00bb7999&Prime; alignment=\u00a0\u00bbcenter\u00a0\u00bb css=\u00a0\u00bb.vc_custom_1579025374124{margin-top: 50px !important;}\u00a0\u00bb][\/vc_column][\/vc_row][vc_row full_width=\u00a0\u00bbstretch_row_content\u00a0\u00bb][vc_column css=\u00a0\u00bb.vc_custom_1574967200882{margin-bottom: 0px !important;}\u00a0\u00bb el_class=\u00a0\u00bbnomob\u00a0\u00bb][vc_raw_html]JTNDZGl2JTIwY2xhc3MlM0QlMjJzbGFudGVkLWVsZW1lbnQlMjBsYXllcjMlMjIlM0UlMEElMjAlMjAlMjAlMjAlM0NzdmclMjB2ZXJzaW9uJTNEJTIyMS4yJTIyJTIwcHJlc2VydmVBc3BlY3RSYXRpbyUzRCUyMm5vbmUlMjIlMjB2aWV3Qm94JTNEJTIyMCUyMDAlMjA1NiUyMDU2JTIyJTNFJTBBJTIwJTIwJTIwJTIwJTIwJTIwJTNDcG9seWdvbiUyMGNsYXNzJTNEJTIyZmlsbC1jb2xvcjQlMjIlMjBwb2ludHMlM0QlMjIwJTJDNTYlMjA1NiUyQzAlMjA1NiUyQzU2JTIyJTNFJTNDJTJGcG9seWdvbiUzRSUwQSUyMCUyMCUyMCUyMCUzQyUyRnN2ZyUzRSUwQSUyMCUyMCUzQyUyRmRpdiUzRQ==[\/vc_raw_html][\/vc_column][\/vc_row][vc_row full_width=\u00a0\u00bbstretch_row\u00a0\u00bb css=\u00a0\u00bb.vc_custom_1574888035316{margin-top: -1px !important;background-color: #f2f2f2 !important;}\u00a0\u00bb][vc_column css=\u00a0\u00bb.vc_custom_1574888689097{padding-top: 50px !important;padding-bottom: 50px !important;}\u00a0\u00bb]<h2 class=\"vcex-module vcex-heading vcex-heading-plain portfolio w640\" style=\"text-align:center;\"><span class=\"vcex-heading-inner clr\">Actifs de marketing num\u00e9rique<\/span><\/h2>[vc_single_image image=\u00a0\u00bb8204&Prime; css=\u00a0\u00bb.vc_custom_1587051541433{padding-top: 50px !important;}\u00a0\u00bb][\/vc_column][\/vc_row][vc_row][vc_column css=\u00a0\u00bb.vc_custom_1574888697912{padding-top: 50px !important;padding-bottom: 50px !important;}\u00a0\u00bb]<h2 class=\"vcex-module vcex-heading vcex-heading-plain portfolio\" style=\"text-align:center;\"><span class=\"vcex-heading-inner clr\">R\u00e9sultats tangibles<\/span><\/h2>[vc_single_image image=\u00a0\u00bb8206&Prime; css=\u00a0\u00bb.vc_custom_1587051697334{padding-top: 50px !important;}\u00a0\u00bb][\/vc_column][\/vc_row][vc_row full_width=\u00a0\u00bbstretch_row_content\u00a0\u00bb disable_element=\u00a0\u00bbyes\u00a0\u00bb css=\u00a0\u00bb.vc_custom_1579021753661{margin-top: 80px !important;}\u00a0\u00bb][vc_column css=\u00a0\u00bb.vc_custom_1574967204025{margin-bottom: 0px !important;}\u00a0\u00bb el_class=\u00a0\u00bbnomob\u00a0\u00bb][vc_raw_html]JTNDZGl2JTIwY2xhc3MlM0QlMjJzbGFudGVkLWVsZW1lbnQlMjBsYXllcjMlMjIlM0UlMEElMjAlMjAlMjAlMjAlM0NzdmclMjB2ZXJzaW9uJTNEJTIyMS4yJTIyJTIwcHJlc2VydmVBc3BlY3RSYXRpbyUzRCUyMm5vbmUlMjIlMjB2aWV3Qm94JTNEJTIyMCUyMDAlMjA1NiUyMDU2JTIyJTNFJTBBJTIwJTIwJTIwJTIwJTIwJTIwJTNDcG9seWdvbiUyMGNsYXNzJTNEJTIyZmlsbC1jb2xvcjQlMjIlMjBwb2ludHMlM0QlMjIwJTJDNTYlMjA1NiUyQzAlMjA1NiUyQzU2JTIyJTNFJTNDJTJGcG9seWdvbiUzRSUwQSUyMCUyMCUyMCUyMCUzQyUyRnN2ZyUzRSUwQSUyMCUyMCUzQyUyRmRpdiUzRQ==[\/vc_raw_html][\/vc_column][\/vc_row][vc_row full_width=\u00a0\u00bbstretch_row\u00a0\u00bb disable_element=\u00a0\u00bbyes\u00a0\u00bb css=\u00a0\u00bb.vc_custom_1579021760731{margin-top: -1px !important;padding-bottom: 50px !important;background-color: #f2f2f2 !important;}\u00a0\u00bb][vc_column][vc_single_image image=\u00a0\u00bb7787&Prime; el_class=\u00a0\u00bbquoteup posrelative\u00a0\u00bb]<h2 class=\"vcex-module vcex-heading vcex-heading-plain portfolio w640\" style=\"text-align:center;\"><span class=\"vcex-heading-inner clr\">Thank god for WSI.<\/span><\/h2>[vc_column_text css=\u00a0\u00bb.vc_custom_1578496726043{margin-top: 40px !important;}\u00a0\u00bb]\r\n<p style=\"text-align: center;\">We were nowhere regarding our website, google ratings and Facebook. With Laurie&rsquo;s help we re-designed our website and our digital marketing. The results have been amazing. Since Oct 1 (when we launched our re-vamped website) we are averaging 2 requests for quote a week. AND a number of clients have said our website best reflects the work we do vs any of our competition.\r\nThank You WSI !!<\/p>\r\n<p style=\"text-align: center;\"><strong>Bob Mironowicz \u2502 Owner, Steri-Mobile <\/strong><\/p>\r\n[\/vc_column_text][vc_separator color=\u00a0\u00bbcustom\u00a0\u00bb border_width=\u00a0\u00bb4&Prime; el_width=\u00a0\u00bb10&Prime; css=\u00a0\u00bb.vc_custom_1574888908783{margin-top: 40px !important;}\u00a0\u00bb accent_color=\u00a0\u00bb#65a5be\u00a0\u00bb][\/vc_column][\/vc_row][vc_row][vc_column][vc_column_text]\r\n<div class=\"wsi-module shoutbox-cta bg-color4\">\r\n<div class=\"split-bg bg-color5\"><\/div>\r\n<div class=\"wsi-site-wrapper h-padding\">\r\n<div class=\"wsi-content-wrapper\">\r\n<div class=\"sbcta-wrapper col12 tab8 mob4 halign-center shadow border-radius flex flex-wrap flex-center space-between bg-color5\">\r\n<div class=\"sbcta-text col8 tab5 mob4\">\r\n<h3 class=\"title-3\">Vous avez une vision. Nous vous aidons \u00e0 la concr\u00e9tiser.<\/h3>\r\n<\/div>\r\n<div class=\"sbcta-button col4 tab3 mob4 text-right\">\r\n\r\n<span id=\"hs-cta-wrapper-5232abdf-93a8-4de9-b6db-e65a0340d753\" class=\"hs-cta-wrapper\"><span id=\"hs-cta-5232abdf-93a8-4de9-b6db-e65a0340d753\" class=\"hs-cta-node hs-cta-5232abdf-93a8-4de9-b6db-e65a0340d753\" style=\"visibility: visible;\" data-hs-drop=\"true\"><a id=\"cta_button_434177_b29aaa79-2f7e-4cdf-b541-a125c172c0d0\" class=\"cta_button solid-green large-button\" title=\"LET'S GET STARTED\" href=\"\/fr\/parlez-nous\/\">COMMEN\u00c7ONS<\/a><\/span><\/span>\r\n\r\n<\/div>\r\n<\/div>\r\n<\/div>\r\n<\/div>\r\n<\/div>\r\n[\/vc_column_text][\/vc_column][\/vc_row]<\/div>","protected":false},"excerpt":{"rendered":"[vc_row full_width=\u00a0\u00bbstretch_row\u00a0\u00bb css=\u00a0\u00bb.vc_custom_1574887905100{padding-top: 50px !important;padding-bottom: 100px !important;}\u00a0\u00bb][vc_column width=\u00a0\u00bb1\/2&Prime; css=\u00a0\u00bb.vc_custom_1574891451760{padding-right: 30px !important;}\u00a0\u00bb][vc_column_text css=\u00a0\u00bb.vc_custom_1774372856394{margin-top: 40px !important;}\u00a0\u00bb el_class=\u00a0\u00bbmore\u00a0\u00bb]Pneus Gordons, un garage de service automobile et un magasin de pneus, a \u00e9volu\u00e9 au cours des derni\u00e8res ann\u00e9es, mais une chose qui ne change jamais&hellip;","protected":false},"author":2,"featured_media":0,"parent":8026,"menu_order":0,"comment_status":"closed","ping_status":"closed","template":"","meta":{"_acf_changed":false,"footnotes":""},"class_list":["post-8079","page","type-page","status-publish","hentry","entry","no-media"],"acf":[],"_links":{"self":[{"href":"https:\/\/wsisme.com\/fr\/wp-json\/wp\/v2\/pages\/8079","targetHints":{"allow":["GET"]}}],"collection":[{"href":"https:\/\/wsisme.com\/fr\/wp-json\/wp\/v2\/pages"}],"about":[{"href":"https:\/\/wsisme.com\/fr\/wp-json\/wp\/v2\/types\/page"}],"author":[{"embeddable":true,"href":"https:\/\/wsisme.com\/fr\/wp-json\/wp\/v2\/users\/2"}],"replies":[{"embeddable":true,"href":"https:\/\/wsisme.com\/fr\/wp-json\/wp\/v2\/comments?post=8079"}],"version-history":[{"count":3,"href":"https:\/\/wsisme.com\/fr\/wp-json\/wp\/v2\/pages\/8079\/revisions"}],"predecessor-version":[{"id":12862,"href":"https:\/\/wsisme.com\/fr\/wp-json\/wp\/v2\/pages\/8079\/revisions\/12862"}],"up":[{"embeddable":true,"href":"https:\/\/wsisme.com\/fr\/wp-json\/wp\/v2\/pages\/8026"}],"wp:attachment":[{"href":"https:\/\/wsisme.com\/fr\/wp-json\/wp\/v2\/media?parent=8079"}],"curies":[{"name":"wp","href":"https:\/\/api.w.org\/{rel}","templated":true}]}}