{"id":8081,"date":"2020-02-27T16:19:32","date_gmt":"2020-02-27T16:19:32","guid":{"rendered":"http:\/\/wsisme.com\/?page_id=8081"},"modified":"2026-03-26T15:15:16","modified_gmt":"2026-03-26T15:15:16","slug":"steri-mobile","status":"publish","type":"page","link":"https:\/\/wsisme.com\/fr\/realisations\/steri-mobile\/","title":{"rendered":"Steri Mobile"},"content":{"rendered":"<div class=\"wpb-content-wrapper\">[vc_row full_width=\u00a0\u00bbstretch_row\u00a0\u00bb css=\u00a0\u00bb.vc_custom_1574887905100{padding-top: 50px !important;padding-bottom: 100px !important;}\u00a0\u00bb][vc_column width=\u00a0\u00bb1\/2&Prime; css=\u00a0\u00bb.vc_custom_1574891451760{padding-right: 30px !important;}\u00a0\u00bb]<h1 class=\"vcex-module vcex-heading vcex-heading-plain portfolio\" style=\"font-size:35px;text-align:left;\"><span class=\"vcex-heading-inner clr\">Steri Mobile | Portefolio de WSI Montr\u00e9al<\/span><\/h1>[vc_column_text css=\u00a0\u00bb.vc_custom_1774372961974{margin-top: 40px !important;}\u00a0\u00bb el_class=\u00a0\u00bbmore\u00a0\u00bb]Steri Mobile fournit un moyen de loin sup\u00e9rieur pour \u00e9liminer les moisissures et les odeurs nocives des maisons et des b\u00e2timents.\r\n\r\nLeur approche est non invasive, rentable et efficace. Ils vous aident \u00e9galement \u00e0 r\u00e9soudre le probl\u00e8me quant \u00e0 pourquoi la moisissure s\u2019est d\u00e9velopp\u00e9e en premier lieu, de sorte que cela ne se reproduise pas. Une entreprise locale honn\u00eate et d\u00e9vou\u00e9e qui aide les propri\u00e9taires \u00e0 retourner \u00e0 un milieu de vie sain.\r\n\r\nSteri Mobile avait un site Web qui ne fonctionnait tout simplement pas pour eux. Il ne repr\u00e9sentait pas leur entreprise et n\u2019apportait aucun prospect. WSI s\u2019est assis avec le propri\u00e9taire et a discut\u00e9 de son entreprise, de son processus, de ses clients et de ses concurrents. Apr\u00e8s avoir men\u00e9 des recherches sur les concurrents, WSI a sugg\u00e9r\u00e9 d\u2019importantes am\u00e9liorations au site Web pour se recentrer sur ses services de base, pour am\u00e9liorer le contenu afin de mieux expliquer leur offre, pour am\u00e9liorer leur cr\u00e9dibilit\u00e9 en ligne et pour \u00e9tablir des appels \u00e0 l\u2019action et des points de conversion clairs.[\/vc_column_text][vc_column_text css=\u00a0\u00bb.vc_custom_1587045593825{margin-top: 40px !important;}\u00a0\u00bb]<a class=\"ic2-link wsi-button border-green medium-button\" href=\"https:\/\/sterimobile.net\/fr\/\" target=\"_blank\" rel=\"noopener noreferrer\">VOIR SITE<\/a>[\/vc_column_text][\/vc_column][vc_column width=\u00a0\u00bb1\/2&Prime; css=\u00a0\u00bb.vc_custom_1574889544288{padding-left: 20px !important;}\u00a0\u00bb][vc_column_text]<strong class=\"green\">Notre travail pour Steri Mobile comprend plusieurs strat\u00e9gies de marketing num\u00e9rique cl\u00e9s :<\/strong>\r\n<ul class=\"portfolio\">\r\n \t<li><i class=\"fas fa-long-arrow-alt-right\"><\/i>Strat\u00e9gie de site Web et de marketing num\u00e9rique<\/li>\r\n \t<li><i class=\"fas fa-long-arrow-alt-right\"><\/i>Am\u00e9lioration du site Web<\/li>\r\n \t<li><i class=\"fas fa-long-arrow-alt-right\"><\/i>Optimisation de la conversion<\/li>\r\n \t<li><i class=\"fas fa-long-arrow-alt-right\"><\/i>R\u00e9f\u00e9rencement local<\/li>\r\n \t<li><i class=\"fas fa-long-arrow-alt-right\"><\/i>Marketing de contenu<\/li>\r\n<\/ul>\r\n[\/vc_column_text][\/vc_column][\/vc_row][vc_row full_width=\u00a0\u00bbstretch_row_content\u00a0\u00bb][vc_column css=\u00a0\u00bb.vc_custom_1574967200882{margin-bottom: 0px !important;}\u00a0\u00bb el_class=\u00a0\u00bbnomob\u00a0\u00bb][vc_raw_html]JTNDZGl2JTIwY2xhc3MlM0QlMjJzbGFudGVkLWVsZW1lbnQlMjBsYXllcjMlMjIlM0UlMEElMjAlMjAlMjAlMjAlM0NzdmclMjB2ZXJzaW9uJTNEJTIyMS4yJTIyJTIwcHJlc2VydmVBc3BlY3RSYXRpbyUzRCUyMm5vbmUlMjIlMjB2aWV3Qm94JTNEJTIyMCUyMDAlMjA1NiUyMDU2JTIyJTNFJTBBJTIwJTIwJTIwJTIwJTIwJTIwJTNDcG9seWdvbiUyMGNsYXNzJTNEJTIyZmlsbC1jb2xvcjQlMjIlMjBwb2ludHMlM0QlMjIwJTJDNTYlMjA1NiUyQzAlMjA1NiUyQzU2JTIyJTNFJTNDJTJGcG9seWdvbiUzRSUwQSUyMCUyMCUyMCUyMCUzQyUyRnN2ZyUzRSUwQSUyMCUyMCUzQyUyRmRpdiUzRQ==[\/vc_raw_html][\/vc_column][\/vc_row][vc_row full_width=\u00a0\u00bbstretch_row\u00a0\u00bb css=\u00a0\u00bb.vc_custom_1574888035316{margin-top: -1px !important;background-color: #f2f2f2 !important;}\u00a0\u00bb][vc_column css=\u00a0\u00bb.vc_custom_1574888689097{padding-top: 50px !important;padding-bottom: 50px !important;}\u00a0\u00bb]<h2 class=\"vcex-module vcex-heading vcex-heading-plain portfolio w640\" style=\"text-align:center;\"><span class=\"vcex-heading-inner clr\">Actifs num\u00e9riques cr\u00e9\u00e9s<\/span><\/h2>[vc_single_image image=\u00a0\u00bb8209&Prime; alignment=\u00a0\u00bbcenter\u00a0\u00bb css=\u00a0\u00bb.vc_custom_1587057553865{padding-top: 50px !important;padding-bottom: 50px !important;}\u00a0\u00bb][\/vc_column][\/vc_row][vc_row][vc_column css=\u00a0\u00bb.vc_custom_1574888697912{padding-top: 50px !important;padding-bottom: 50px !important;}\u00a0\u00bb]<h2 class=\"vcex-module vcex-heading vcex-heading-plain portfolio\" style=\"text-align:center;\"><span class=\"vcex-heading-inner clr\">R\u00e9sultats tangibles<\/span><\/h2>[vc_single_image image=\u00a0\u00bb8201&Prime; css=\u00a0\u00bb.vc_custom_1587045691579{padding-top: 50px !important;}\u00a0\u00bb][\/vc_column][\/vc_row][vc_row full_width=\u00a0\u00bbstretch_row\u00a0\u00bb css=\u00a0\u00bb.vc_custom_1774538105389{margin-top: -1px !important;padding-top: 40px !important;padding-bottom: 50px !important;background-color: #f2f2f2 !important;}\u00a0\u00bb][vc_column][vc_single_image image=\u00a0\u00bb7787&Prime; el_class=\u00a0\u00bbquoteup posrelative\u00a0\u00bb]<h2 class=\"vcex-module vcex-heading vcex-heading-plain portfolio w640\" style=\"text-align:center;\"><span class=\"vcex-heading-inner clr\">Dieu merci pour WSI.<\/span><\/h2>[vc_column_text css=\u00a0\u00bb.vc_custom_1587045717979{margin-top: 40px !important;}\u00a0\u00bb]\r\n<p style=\"text-align: center;\">Nous n\u2019\u00e9tions nulle part en ce qui concerne notre site Web, nos \u00e9valuations Google et Facebook. Avec l\u2019aide de Laurie, nous avons repens\u00e9 notre site Web et notre marketing num\u00e9rique. Les r\u00e9sultats ont \u00e9t\u00e9 \u00e9tonnants. Depuis le 1er octobre (lorsque nous avons lanc\u00e9 notre site Web r\u00e9vis\u00e9) nous moyennons 2 demandes de devis par semaine. ET un certain nombre de clients ont dit que notre site Web refl\u00e8te mieux le travail que nous faisons versus l\u2019un de nos concurrents.\r\nMerci WSI !!<\/p>\r\n<p style=\"text-align: center;\"><strong>Bob Mironowicz \u2502Propri\u00e9taire, Steri Mobile <\/strong><\/p>\r\n[\/vc_column_text][vc_separator color=\u00a0\u00bbcustom\u00a0\u00bb border_width=\u00a0\u00bb4&Prime; el_width=\u00a0\u00bb10&Prime; css=\u00a0\u00bb.vc_custom_1574888908783{margin-top: 40px !important;}\u00a0\u00bb accent_color=\u00a0\u00bb#65a5be\u00a0\u00bb][\/vc_column][\/vc_row][vc_row][vc_column][vc_column_text]\r\n<div class=\"wsi-module shoutbox-cta bg-color4\">\r\n<div class=\"split-bg bg-color5\"><\/div>\r\n<div class=\"wsi-site-wrapper h-padding\">\r\n<div class=\"wsi-content-wrapper\">\r\n<div class=\"sbcta-wrapper col12 tab8 mob4 halign-center shadow border-radius flex flex-wrap flex-center space-between bg-color5\">\r\n<div class=\"sbcta-text col8 tab5 mob4\">\r\n<h3 class=\"title-3\">Vous avez une vision. Nous vous aidons \u00e0 la concr\u00e9tiser.<\/h3>\r\n<\/div>\r\n<div class=\"sbcta-button col4 tab3 mob4 text-right\">\r\n\r\n<span id=\"hs-cta-wrapper-5232abdf-93a8-4de9-b6db-e65a0340d753\" class=\"hs-cta-wrapper\"><span id=\"hs-cta-5232abdf-93a8-4de9-b6db-e65a0340d753\" class=\"hs-cta-node hs-cta-5232abdf-93a8-4de9-b6db-e65a0340d753\" style=\"visibility: visible;\" data-hs-drop=\"true\"><a id=\"cta_button_434177_b29aaa79-2f7e-4cdf-b541-a125c172c0d0\" class=\"cta_button solid-green large-button\" title=\"LET'S GET STARTED\" href=\"\/fr\/parlez-nous\/\">COMMEN\u00c7ONS<\/a><\/span><\/span>\r\n\r\n<\/div>\r\n<\/div>\r\n<\/div>\r\n<\/div>\r\n<\/div>\r\n[\/vc_column_text][\/vc_column][\/vc_row]<\/div>","protected":false},"excerpt":{"rendered":"[vc_row full_width=\u00a0\u00bbstretch_row\u00a0\u00bb css=\u00a0\u00bb.vc_custom_1574887905100{padding-top: 50px !important;padding-bottom: 100px !important;}\u00a0\u00bb][vc_column width=\u00a0\u00bb1\/2&Prime; css=\u00a0\u00bb.vc_custom_1574891451760{padding-right: 30px !important;}\u00a0\u00bb][vc_column_text css=\u00a0\u00bb.vc_custom_1774372961974{margin-top: 40px !important;}\u00a0\u00bb el_class=\u00a0\u00bbmore\u00a0\u00bb]Steri Mobile fournit un moyen de loin sup\u00e9rieur pour \u00e9liminer les moisissures et les odeurs nocives des maisons et des b\u00e2timents. Leur approche est non invasive,&hellip;","protected":false},"author":2,"featured_media":0,"parent":8026,"menu_order":0,"comment_status":"closed","ping_status":"closed","template":"","meta":{"_acf_changed":false,"footnotes":""},"class_list":["post-8081","page","type-page","status-publish","hentry","entry","no-media"],"acf":[],"_links":{"self":[{"href":"https:\/\/wsisme.com\/fr\/wp-json\/wp\/v2\/pages\/8081","targetHints":{"allow":["GET"]}}],"collection":[{"href":"https:\/\/wsisme.com\/fr\/wp-json\/wp\/v2\/pages"}],"about":[{"href":"https:\/\/wsisme.com\/fr\/wp-json\/wp\/v2\/types\/page"}],"author":[{"embeddable":true,"href":"https:\/\/wsisme.com\/fr\/wp-json\/wp\/v2\/users\/2"}],"replies":[{"embeddable":true,"href":"https:\/\/wsisme.com\/fr\/wp-json\/wp\/v2\/comments?post=8081"}],"version-history":[{"count":4,"href":"https:\/\/wsisme.com\/fr\/wp-json\/wp\/v2\/pages\/8081\/revisions"}],"predecessor-version":[{"id":12951,"href":"https:\/\/wsisme.com\/fr\/wp-json\/wp\/v2\/pages\/8081\/revisions\/12951"}],"up":[{"embeddable":true,"href":"https:\/\/wsisme.com\/fr\/wp-json\/wp\/v2\/pages\/8026"}],"wp:attachment":[{"href":"https:\/\/wsisme.com\/fr\/wp-json\/wp\/v2\/media?parent=8081"}],"curies":[{"name":"wp","href":"https:\/\/api.w.org\/{rel}","templated":true}]}}