{"id":8082,"date":"2020-01-03T13:44:10","date_gmt":"2020-01-03T13:44:10","guid":{"rendered":"http:\/\/wsisme.com\/?page_id=8082"},"modified":"2026-03-26T14:59:32","modified_gmt":"2026-03-26T14:59:32","slug":"la-chambre-de-commerce-de-louest-de-lile-de-montreal","status":"publish","type":"page","link":"https:\/\/wsisme.com\/fr\/realisations\/la-chambre-de-commerce-de-louest-de-lile-de-montreal\/","title":{"rendered":"La Chambre de commerce de l\u2019Ouest-de-l\u2019\u00cele de Montr\u00e9al"},"content":{"rendered":"<div class=\"wpb-content-wrapper\">[vc_row full_width=\u00a0\u00bbstretch_row\u00a0\u00bb css=\u00a0\u00bb.vc_custom_1574887905100{padding-top: 50px !important;padding-bottom: 100px !important;}\u00a0\u00bb][vc_column width=\u00a0\u00bb1\/2&Prime; css=\u00a0\u00bb.vc_custom_1574891451760{padding-right: 30px !important;}\u00a0\u00bb]<h1 class=\"vcex-module vcex-heading vcex-heading-plain portfolio\" style=\"font-size:35px;text-align:left;\"><span class=\"vcex-heading-inner clr\">Chambre de commerce de l\u2019Ouest-de-l\u2019\u00cele | WSI Montr\u00e9al<\/span><\/h1>[vc_column_text css=\u00a0\u00bb.vc_custom_1774372946464{margin-top: 40px !important;}\u00a0\u00bb el_class=\u00a0\u00bbmore\u00a0\u00bb]La Chambre de commerce de l\u2019Ouest-de-l\u2019\u00cele de Montr\u00e9al est le c\u0153ur et l\u2019\u00e2me du milieu des affaires de l\u2019Ouest-de-l\u2019\u00cele. Il s\u2019agit d\u2019une organisation d\u2019affaires dynamique qui offre des \u00e9v\u00e9nements de r\u00e9seautage int\u00e9ressants, des s\u00e9minaires d\u2019apprentissage et des d\u00eeners pour l\u2019ensemble du milieu des affaires.\r\n\r\nLa Chambre de commerce de l\u2019Ouest-de-l\u2019\u00cele de Montr\u00e9al a contact\u00e9 WSI pour l\u2019aider \u00e0 b\u00e2tir une meilleure plateforme pour projeter sa vision, promouvoir ses partenaires, faire preuve de valeur aupr\u00e8s de ses membres et pr\u00e9senter leurs activit\u00e9s et leurs \u00e9v\u00e9nements. WSI Digital Marketing et la Chambre ont eu plusieurs r\u00e9unions pour \u00e9valuer leurs besoins et examiner les avantages et les inconv\u00e9nients de diverses technologies. Nous nous sommes ensuite rencontr\u00e9s pour discuter des diff\u00e9rents acteurs et utilisateurs du site et de l\u2019information qui leur importe. Avec toutes les informations en main, WSI a ensuite cr\u00e9\u00e9 une strat\u00e9gie de site Web comprenant une maquette fonctionnelle, un plan de site d\u00e9taill\u00e9s et une analyse technologique d\u00e9taill\u00e9e. Une fois le plan confirm\u00e9, nous avons con\u00e7u, cod\u00e9 et lanc\u00e9 un nouveau site Web WordPress dans les d\u00e9lais pr\u00e9vus pour l\u2019\u00e9v\u00e9nement annuel des Accolades.[\/vc_column_text][vc_column_text css=\u00a0\u00bb.vc_custom_1587042871565{margin-top: 40px !important;}\u00a0\u00bb]<a class=\"ic2-link wsi-button border-green medium-button\" href=\"https:\/\/www.ccoim.ca\/\" target=\"_blank\" rel=\"noopener noreferrer\">VOIR SITE<\/a>[\/vc_column_text][\/vc_column][vc_column width=\u00a0\u00bb1\/2&Prime; css=\u00a0\u00bb.vc_custom_1574889544288{padding-left: 20px !important;}\u00a0\u00bb][vc_column_text]<strong class=\"green\">Notre travail pour la Chambre de commerce de l\u2019Ouest-de-l\u2019\u00cele de Montr\u00e9al comprend : <\/strong>\r\n<ul class=\"portfolio\">\r\n \t<li><i class=\"fas fa-long-arrow-alt-right\"><\/i>Strat\u00e9gie de site Web<\/li>\r\n \t<li><i class=\"fas fa-long-arrow-alt-right\"><\/i>D\u00e9veloppement de WordPress adaptatif<\/li>\r\n \t<li><i class=\"fas fa-long-arrow-alt-right\"><\/i>Consultation et \u00e9valuation des options de GRC<\/li>\r\n<\/ul>\r\n[\/vc_column_text][\/vc_column][\/vc_row][vc_row full_width=\u00a0\u00bbstretch_row_content\u00a0\u00bb][vc_column css=\u00a0\u00bb.vc_custom_1574967200882{margin-bottom: 0px !important;}\u00a0\u00bb el_class=\u00a0\u00bbnomob\u00a0\u00bb][vc_raw_html]JTNDZGl2JTIwY2xhc3MlM0QlMjJzbGFudGVkLWVsZW1lbnQlMjBsYXllcjMlMjIlM0UlMEElMjAlMjAlMjAlMjAlM0NzdmclMjB2ZXJzaW9uJTNEJTIyMS4yJTIyJTIwcHJlc2VydmVBc3BlY3RSYXRpbyUzRCUyMm5vbmUlMjIlMjB2aWV3Qm94JTNEJTIyMCUyMDAlMjA1NiUyMDU2JTIyJTNFJTBBJTIwJTIwJTIwJTIwJTIwJTIwJTNDcG9seWdvbiUyMGNsYXNzJTNEJTIyZmlsbC1jb2xvcjQlMjIlMjBwb2ludHMlM0QlMjIwJTJDNTYlMjA1NiUyQzAlMjA1NiUyQzU2JTIyJTNFJTNDJTJGcG9seWdvbiUzRSUwQSUyMCUyMCUyMCUyMCUzQyUyRnN2ZyUzRSUwQSUyMCUyMCUzQyUyRmRpdiUzRQ==[\/vc_raw_html][\/vc_column][\/vc_row][vc_row full_width=\u00a0\u00bbstretch_row\u00a0\u00bb css=\u00a0\u00bb.vc_custom_1574888035316{margin-top: -1px !important;background-color: #f2f2f2 !important;}\u00a0\u00bb][vc_column css=\u00a0\u00bb.vc_custom_1574888689097{padding-top: 50px !important;padding-bottom: 50px !important;}\u00a0\u00bb]<h2 class=\"vcex-module vcex-heading vcex-heading-plain portfolio w640\" style=\"text-align:center;\"><span class=\"vcex-heading-inner clr\">Conception de site Web adaptatif<\/span><\/h2>[vc_single_image image=\u00a0\u00bb8174&Prime; alignment=\u00a0\u00bbcenter\u00a0\u00bb css=\u00a0\u00bb.vc_custom_1587042961138{padding-top: 50px !important;padding-bottom: 50px !important;}\u00a0\u00bb][\/vc_column][\/vc_row][vc_row full_width=\u00a0\u00bbstretch_row_content\u00a0\u00bb disable_element=\u00a0\u00bbyes\u00a0\u00bb css=\u00a0\u00bb.vc_custom_1577733886274{margin-top: 80px !important;}\u00a0\u00bb][vc_column css=\u00a0\u00bb.vc_custom_1574967204025{margin-bottom: 0px !important;}\u00a0\u00bb el_class=\u00a0\u00bbnomob\u00a0\u00bb][vc_raw_html]JTNDZGl2JTIwY2xhc3MlM0QlMjJzbGFudGVkLWVsZW1lbnQlMjBsYXllcjMlMjIlM0UlMEElMjAlMjAlMjAlMjAlM0NzdmclMjB2ZXJzaW9uJTNEJTIyMS4yJTIyJTIwcHJlc2VydmVBc3BlY3RSYXRpbyUzRCUyMm5vbmUlMjIlMjB2aWV3Qm94JTNEJTIyMCUyMDAlMjA1NiUyMDU2JTIyJTNFJTBBJTIwJTIwJTIwJTIwJTIwJTIwJTNDcG9seWdvbiUyMGNsYXNzJTNEJTIyZmlsbC1jb2xvcjQlMjIlMjBwb2ludHMlM0QlMjIwJTJDNTYlMjA1NiUyQzAlMjA1NiUyQzU2JTIyJTNFJTNDJTJGcG9seWdvbiUzRSUwQSUyMCUyMCUyMCUyMCUzQyUyRnN2ZyUzRSUwQSUyMCUyMCUzQyUyRmRpdiUzRQ==[\/vc_raw_html][\/vc_column][\/vc_row][vc_row full_width=\u00a0\u00bbstretch_row\u00a0\u00bb disable_element=\u00a0\u00bbyes\u00a0\u00bb css=\u00a0\u00bb.vc_custom_1577733890625{margin-top: -1px !important;padding-bottom: 50px !important;background-color: #f2f2f2 !important;}\u00a0\u00bb][vc_column][vc_single_image image=\u00a0\u00bb7787&Prime; el_class=\u00a0\u00bbquoteup posrelative\u00a0\u00bb]<h2 class=\"vcex-module vcex-heading vcex-heading-plain portfolio w640\" style=\"text-align:center;\"><span class=\"vcex-heading-inner clr\">The WSI team was a charm to work with, making a complicated process manageable for us.<\/span><\/h2>[vc_column_text css=\u00a0\u00bb.vc_custom_1574967808301{margin-top: 40px !important;}\u00a0\u00bb]\r\n<p style=\"text-align: center;\">I found Chris easy to work with, thorough in his work and in answering the many questions I had for him. The overall process was smooth and seamless. At each step of the project I felt we were working as a real team and I have been very pleased with entire team\u2019s level of expertise. Best of all; our website is generating a lot of sales for us!<\/p>\r\n<p style=\"text-align: center;\"><strong>Michel Comtois M.Sc. \u2502 President, Micom Laboratory Inc.<\/strong><\/p>\r\n[\/vc_column_text][vc_separator color=\u00a0\u00bbcustom\u00a0\u00bb border_width=\u00a0\u00bb4&Prime; el_width=\u00a0\u00bb10&Prime; css=\u00a0\u00bb.vc_custom_1574888908783{margin-top: 40px !important;}\u00a0\u00bb accent_color=\u00a0\u00bb#65a5be\u00a0\u00bb][\/vc_column][\/vc_row][vc_row css=\u00a0\u00bb.vc_custom_1578059664721{margin-top: 90px !important;margin-bottom: 30px !important;}\u00a0\u00bb][vc_column][vc_column_text]\r\n<div class=\"wsi-module shoutbox-cta bg-color4\">\r\n<div class=\"split-bg bg-color5\"><\/div>\r\n<div class=\"wsi-site-wrapper h-padding\">\r\n<div class=\"wsi-content-wrapper\">\r\n<div class=\"sbcta-wrapper col12 tab8 mob4 halign-center shadow border-radius flex flex-wrap flex-center space-between bg-color5\">\r\n<div class=\"sbcta-text col8 tab5 mob4\">\r\n<h3 class=\"title-3\">Vous avez une vision. Nous vous aidons \u00e0 la concr\u00e9tiser.<\/h3>\r\n<\/div>\r\n<div class=\"sbcta-button col4 tab3 mob4 text-right\">\r\n\r\n<span id=\"hs-cta-wrapper-5232abdf-93a8-4de9-b6db-e65a0340d753\" class=\"hs-cta-wrapper\"><span id=\"hs-cta-5232abdf-93a8-4de9-b6db-e65a0340d753\" class=\"hs-cta-node hs-cta-5232abdf-93a8-4de9-b6db-e65a0340d753\" style=\"visibility: visible;\" data-hs-drop=\"true\"><a id=\"cta_button_434177_b29aaa79-2f7e-4cdf-b541-a125c172c0d0\" class=\"cta_button solid-green large-button\" title=\"LET'S GET STARTED\" href=\"\/fr\/parlez-nous\/\">COMMEN\u00c7ONS<\/a><\/span><\/span>\r\n\r\n<\/div>\r\n<\/div>\r\n<\/div>\r\n<\/div>\r\n<\/div>\r\n[\/vc_column_text][\/vc_column][\/vc_row]<\/div>","protected":false},"excerpt":{"rendered":"[vc_row full_width=\u00a0\u00bbstretch_row\u00a0\u00bb css=\u00a0\u00bb.vc_custom_1574887905100{padding-top: 50px !important;padding-bottom: 100px !important;}\u00a0\u00bb][vc_column width=\u00a0\u00bb1\/2&Prime; css=\u00a0\u00bb.vc_custom_1574891451760{padding-right: 30px !important;}\u00a0\u00bb][vc_column_text css=\u00a0\u00bb.vc_custom_1774372946464{margin-top: 40px !important;}\u00a0\u00bb el_class=\u00a0\u00bbmore\u00a0\u00bb]La Chambre de commerce de l\u2019Ouest-de-l\u2019\u00cele de Montr\u00e9al est le c\u0153ur et l\u2019\u00e2me du milieu des affaires de l\u2019Ouest-de-l\u2019\u00cele. Il s\u2019agit d\u2019une organisation d\u2019affaires dynamique qui&hellip;","protected":false},"author":2,"featured_media":0,"parent":8026,"menu_order":0,"comment_status":"closed","ping_status":"closed","template":"templates\/no-sidebar.php","meta":{"_acf_changed":false,"footnotes":""},"class_list":["post-8082","page","type-page","status-publish","hentry","entry","no-media"],"acf":[],"_links":{"self":[{"href":"https:\/\/wsisme.com\/fr\/wp-json\/wp\/v2\/pages\/8082","targetHints":{"allow":["GET"]}}],"collection":[{"href":"https:\/\/wsisme.com\/fr\/wp-json\/wp\/v2\/pages"}],"about":[{"href":"https:\/\/wsisme.com\/fr\/wp-json\/wp\/v2\/types\/page"}],"author":[{"embeddable":true,"href":"https:\/\/wsisme.com\/fr\/wp-json\/wp\/v2\/users\/2"}],"replies":[{"embeddable":true,"href":"https:\/\/wsisme.com\/fr\/wp-json\/wp\/v2\/comments?post=8082"}],"version-history":[{"count":3,"href":"https:\/\/wsisme.com\/fr\/wp-json\/wp\/v2\/pages\/8082\/revisions"}],"predecessor-version":[{"id":12867,"href":"https:\/\/wsisme.com\/fr\/wp-json\/wp\/v2\/pages\/8082\/revisions\/12867"}],"up":[{"embeddable":true,"href":"https:\/\/wsisme.com\/fr\/wp-json\/wp\/v2\/pages\/8026"}],"wp:attachment":[{"href":"https:\/\/wsisme.com\/fr\/wp-json\/wp\/v2\/media?parent=8082"}],"curies":[{"name":"wp","href":"https:\/\/api.w.org\/{rel}","templated":true}]}}