{"id":8181,"date":"2020-04-16T13:22:57","date_gmt":"2020-04-16T13:22:57","guid":{"rendered":"http:\/\/wsisme.com\/realisations\/planit-canada\/"},"modified":"2026-03-24T17:20:53","modified_gmt":"2026-03-24T17:20:53","slug":"planit-canada","status":"publish","type":"page","link":"https:\/\/wsisme.com\/fr\/realisations\/planit-canada\/","title":{"rendered":"Planit Canada"},"content":{"rendered":"<div class=\"wpb-content-wrapper\">[vc_row full_width=\u00a0\u00bbstretch_row\u00a0\u00bb css=\u00a0\u00bb.vc_custom_1574887905100{padding-top: 50px !important;padding-bottom: 100px !important;}\u00a0\u00bb][vc_column width=\u00a0\u00bb1\/2&Prime; css=\u00a0\u00bb.vc_custom_1574891451760{padding-right: 30px !important;}\u00a0\u00bb]<h1 class=\"vcex-module vcex-heading vcex-heading-plain portfolio\" style=\"font-size:35px;text-align:left;\"><span class=\"vcex-heading-inner clr\">Planit Canada | Portefolio de WSI Montr\u00e9al<\/span><\/h1>[vc_column_text css=\u00a0\u00bb.vc_custom_1774372848419{margin-top: 40px !important;}\u00a0\u00bb el_class=\u00a0\u00bbmore\u00a0\u00bb]Planit Canada est l\u2019un des principaux distributeurs de solutions logicielles pour l\u2019industrie de l\u2019\u00e9b\u00e9nisterie au Canada.\r\n\r\nIls sont d\u00e9vou\u00e9s \u00e0 la prosp\u00e9rit\u00e9 et \u00e0 la croissance de leurs clients en fournissant une gamme de logiciels pour mener tous les aspects de leur fonctionnement et am\u00e9liorer l\u2019efficacit\u00e9.\r\n\r\nPlanit Canada avait un site Web plus ancien qui ne repr\u00e9sentait pas sa marque \u00ab\u2009Soyez g\u00e9nial\u2009\u00bb ni ne fournissait un moyen efficace de pr\u00e9senter ses solutions compl\u00e8tes. WSI est intervenu et a men\u00e9 une session de d\u00e9couverte de processus d\u2019affaires et de direction cr\u00e9ative pour en apprendre davantage sur les d\u00e9fis de l\u2019ancien site Web, leur ensemble de produits, leurs partenaires et les clients finaux.\r\n\r\nSur la base des informations recueillies, WSI a ensuite cr\u00e9\u00e9 une maquette fonctionnelle et un plan de site d\u00e9taillant la strat\u00e9gie du site Web. Apr\u00e8s l\u2019approbation de la strat\u00e9gie, nous avons con\u00e7u un look et un aspect unique pour mettre en \u00e9vidence la marque, les solutions logicielles et l\u2019offre de services. Apr\u00e8s examen et ajustements finaux, le projet a \u00e9t\u00e9 cod\u00e9 \u00e0 l\u2019aide de WordPress, une plate-forme de gestion de contenu conviviale.[\/vc_column_text][vc_column_text css=\u00a0\u00bb.vc_custom_1587043797177{margin-top: 40px !important;}\u00a0\u00bb]<a class=\"ic2-link wsi-button border-green medium-button\" href=\"https:\/\/planitcanada.ca\/fr\/\" target=\"_blank\" rel=\"noopener noreferrer\">VOIR SITE<\/a>[\/vc_column_text][\/vc_column][vc_column width=\u00a0\u00bb1\/2&Prime; css=\u00a0\u00bb.vc_custom_1574889544288{padding-left: 20px !important;}\u00a0\u00bb][vc_column_text]<strong class=\"green\">Services au client :<\/strong>\r\n<ul class=\"portfolio\">\r\n \t<li><i class=\"fas fa-long-arrow-alt-right\"><\/i>Strat\u00e9gie de site Web<\/li>\r\n \t<li><i class=\"fas fa-long-arrow-alt-right\"><\/i>Conception et cr\u00e9ation de site Web<\/li>\r\n \t<li><i class=\"fas fa-long-arrow-alt-right\"><\/i>D\u00e9veloppement de contenu<\/li>\r\n<\/ul>\r\n[\/vc_column_text][\/vc_column][\/vc_row][vc_row full_width=\u00a0\u00bbstretch_row_content\u00a0\u00bb][vc_column css=\u00a0\u00bb.vc_custom_1574967200882{margin-bottom: 0px !important;}\u00a0\u00bb el_class=\u00a0\u00bbnomob\u00a0\u00bb][vc_raw_html]JTNDZGl2JTIwY2xhc3MlM0QlMjJzbGFudGVkLWVsZW1lbnQlMjBsYXllcjMlMjIlM0UlMEElMjAlMjAlMjAlMjAlM0NzdmclMjB2ZXJzaW9uJTNEJTIyMS4yJTIyJTIwcHJlc2VydmVBc3BlY3RSYXRpbyUzRCUyMm5vbmUlMjIlMjB2aWV3Qm94JTNEJTIyMCUyMDAlMjA1NiUyMDU2JTIyJTNFJTBBJTIwJTIwJTIwJTIwJTIwJTIwJTNDcG9seWdvbiUyMGNsYXNzJTNEJTIyZmlsbC1jb2xvcjQlMjIlMjBwb2ludHMlM0QlMjIwJTJDNTYlMjA1NiUyQzAlMjA1NiUyQzU2JTIyJTNFJTNDJTJGcG9seWdvbiUzRSUwQSUyMCUyMCUyMCUyMCUzQyUyRnN2ZyUzRSUwQSUyMCUyMCUzQyUyRmRpdiUzRQ==[\/vc_raw_html][\/vc_column][\/vc_row][vc_row full_width=\u00a0\u00bbstretch_row\u00a0\u00bb css=\u00a0\u00bb.vc_custom_1574888035316{margin-top: -1px !important;background-color: #f2f2f2 !important;}\u00a0\u00bb][vc_column css=\u00a0\u00bb.vc_custom_1574888689097{padding-top: 50px !important;padding-bottom: 50px !important;}\u00a0\u00bb]<h2 class=\"vcex-module vcex-heading vcex-heading-plain portfolio w640\" style=\"text-align:center;\"><span class=\"vcex-heading-inner clr\">Actifs de marketing num\u00e9rique<\/span><\/h2>[vc_single_image image=\u00a0\u00bb8183&Prime; alignment=\u00a0\u00bbcenter\u00a0\u00bb css=\u00a0\u00bb.vc_custom_1587043864928{padding-top: 50px !important;padding-bottom: 50px !important;}\u00a0\u00bb][\/vc_column][\/vc_row][vc_row full_width=\u00a0\u00bbstretch_row_content\u00a0\u00bb disable_element=\u00a0\u00bbyes\u00a0\u00bb css=\u00a0\u00bb.vc_custom_1587043660976{margin-top: 80px !important;}\u00a0\u00bb][vc_column css=\u00a0\u00bb.vc_custom_1574967204025{margin-bottom: 0px !important;}\u00a0\u00bb el_class=\u00a0\u00bbnomob\u00a0\u00bb][vc_raw_html]JTNDZGl2JTIwY2xhc3MlM0QlMjJzbGFudGVkLWVsZW1lbnQlMjBsYXllcjMlMjIlM0UlMEElMjAlMjAlMjAlMjAlM0NzdmclMjB2ZXJzaW9uJTNEJTIyMS4yJTIyJTIwcHJlc2VydmVBc3BlY3RSYXRpbyUzRCUyMm5vbmUlMjIlMjB2aWV3Qm94JTNEJTIyMCUyMDAlMjA1NiUyMDU2JTIyJTNFJTBBJTIwJTIwJTIwJTIwJTIwJTIwJTNDcG9seWdvbiUyMGNsYXNzJTNEJTIyZmlsbC1jb2xvcjQlMjIlMjBwb2ludHMlM0QlMjIwJTJDNTYlMjA1NiUyQzAlMjA1NiUyQzU2JTIyJTNFJTNDJTJGcG9seWdvbiUzRSUwQSUyMCUyMCUyMCUyMCUzQyUyRnN2ZyUzRSUwQSUyMCUyMCUzQyUyRmRpdiUzRQ==[\/vc_raw_html][\/vc_column][\/vc_row][vc_row full_width=\u00a0\u00bbstretch_row\u00a0\u00bb css=\u00a0\u00bb.vc_custom_1587043549450{margin-top: -1px !important;padding-bottom: 50px !important;background-color: #f2f2f2 !important;}\u00a0\u00bb][vc_column][vc_single_image image=\u00a0\u00bb7787&Prime; el_class=\u00a0\u00bbquoteup posrelative\u00a0\u00bb]<h2 class=\"vcex-module vcex-heading vcex-heading-plain portfolio w640\" style=\"text-align:center;\"><span class=\"vcex-heading-inner clr\">Nous avons d\u00e9cid\u00e9 d\u2019aller avec WSI Ouest-De-L\u2019\u00cele en raison de la touche humaine qu\u2019ils ont apport\u00e9e au processus d\u00e8s le d\u00e9but.<\/span><\/h2>[vc_column_text css=\u00a0\u00bb.vc_custom_1587043892454{margin-top: 40px !important;}\u00a0\u00bb]\r\n<p style=\"text-align: center;\">Nous avons vraiment senti que nous n\u2019\u00e9tions pas \u00ab\u2009juste un autre projet\u2009\u00bb, mais qu\u2019ils \u00e9taient excit\u00e9s d\u2019apprendre \u00e0 nous conna\u00eetre et de construire quelque chose de beau et fonctionnel pour nous aider \u00e0 atteindre nos objectifs. Et c\u2019est ce qu\u2019ils ont fait. Apr\u00e8s un processus de d\u00e9couverte amusant et approfondi, ils nous ont aid\u00e9s \u00e0 mieux organiser nos informations, \u00e0 identifier notre style, \u00e0 d\u00e9finir nos objectifs et \u00e0 cr\u00e9er d\u2019excellents messages. Ils ont compris notre voix et nos attentes sans h\u00e9siter \u00e0 en apprendre plus \u00e0 propos de notre gamme complexe de produits logiciels. Le r\u00e9sultat est un site Web avec un retour sur investissement prouv\u00e9; des prospects hautement qualifi\u00e9s venant \u00e0 un rythme r\u00e9gulier. Les commentaires des clients et de notre \u00e9quipe sont les m\u00eames : ils peuvent enfin trouver ce qu\u2019ils recherchent sur le site ! Nous avons \u00e9galement \u00e9t\u00e9 satisfaits de la qualit\u00e9 du soutien apr\u00e8s le site Web compl\u00e9t\u00e9, ainsi que de la formation que nous avons re\u00e7ue. Je recommande vivement WSI Ouest-De-L\u2019\u00cele \u00e0 tous ceux qui cherchent \u00e0 moderniser leur site.<\/p>\r\n<p style=\"text-align: center;\"><strong>Amanda Gay &#8211; Directrice marketing et produit, Planit Canada<\/strong><\/p>\r\n[\/vc_column_text][vc_separator color=\u00a0\u00bbcustom\u00a0\u00bb border_width=\u00a0\u00bb4&Prime; el_width=\u00a0\u00bb10&Prime; css=\u00a0\u00bb.vc_custom_1574888908783{margin-top: 40px !important;}\u00a0\u00bb accent_color=\u00a0\u00bb#65a5be\u00a0\u00bb][\/vc_column][\/vc_row][vc_row css=\u00a0\u00bb.vc_custom_1578059664721{margin-top: 90px !important;margin-bottom: 30px !important;}\u00a0\u00bb][vc_column][vc_column_text]\r\n<div class=\"wsi-module shoutbox-cta bg-color4\">\r\n<div class=\"split-bg bg-color5\"><\/div>\r\n<div class=\"wsi-site-wrapper h-padding\">\r\n<div class=\"wsi-content-wrapper\">\r\n<div class=\"sbcta-wrapper col12 tab8 mob4 halign-center shadow border-radius flex flex-wrap flex-center space-between bg-color5\">\r\n<div class=\"sbcta-text col8 tab5 mob4\">\r\n<h3 class=\"title-3\">Vous avez une vision. Nous vous aidons \u00e0 la concr\u00e9tiser.<\/h3>\r\n<\/div>\r\n<div class=\"sbcta-button col4 tab3 mob4 text-right\">\r\n\r\n<span id=\"hs-cta-wrapper-5232abdf-93a8-4de9-b6db-e65a0340d753\" class=\"hs-cta-wrapper\"><span id=\"hs-cta-5232abdf-93a8-4de9-b6db-e65a0340d753\" class=\"hs-cta-node hs-cta-5232abdf-93a8-4de9-b6db-e65a0340d753\" style=\"visibility: visible;\" data-hs-drop=\"true\"><a id=\"cta_button_434177_b29aaa79-2f7e-4cdf-b541-a125c172c0d0\" class=\"cta_button solid-green large-button\" title=\"LET'S GET STARTED\" href=\"\/fr\/parlez-nous\/\">COMMEN\u00c7ONS<\/a><\/span><\/span>\r\n\r\n<\/div>\r\n<\/div>\r\n<\/div>\r\n<\/div>\r\n<\/div>\r\n[\/vc_column_text][\/vc_column][\/vc_row]<\/div>","protected":false},"excerpt":{"rendered":"[vc_row full_width=\u00a0\u00bbstretch_row\u00a0\u00bb css=\u00a0\u00bb.vc_custom_1574887905100{padding-top: 50px !important;padding-bottom: 100px !important;}\u00a0\u00bb][vc_column width=\u00a0\u00bb1\/2&Prime; css=\u00a0\u00bb.vc_custom_1574891451760{padding-right: 30px !important;}\u00a0\u00bb][vc_column_text css=\u00a0\u00bb.vc_custom_1774372848419{margin-top: 40px !important;}\u00a0\u00bb el_class=\u00a0\u00bbmore\u00a0\u00bb]Planit Canada est l\u2019un des principaux distributeurs de solutions logicielles pour l\u2019industrie de l\u2019\u00e9b\u00e9nisterie au Canada. Ils sont d\u00e9vou\u00e9s \u00e0 la prosp\u00e9rit\u00e9 et \u00e0 la croissance&hellip;","protected":false},"author":2,"featured_media":0,"parent":8026,"menu_order":0,"comment_status":"closed","ping_status":"closed","template":"templates\/no-sidebar.php","meta":{"_acf_changed":false,"footnotes":""},"class_list":["post-8181","page","type-page","status-publish","hentry","entry","no-media"],"acf":[],"_links":{"self":[{"href":"https:\/\/wsisme.com\/fr\/wp-json\/wp\/v2\/pages\/8181","targetHints":{"allow":["GET"]}}],"collection":[{"href":"https:\/\/wsisme.com\/fr\/wp-json\/wp\/v2\/pages"}],"about":[{"href":"https:\/\/wsisme.com\/fr\/wp-json\/wp\/v2\/types\/page"}],"author":[{"embeddable":true,"href":"https:\/\/wsisme.com\/fr\/wp-json\/wp\/v2\/users\/2"}],"replies":[{"embeddable":true,"href":"https:\/\/wsisme.com\/fr\/wp-json\/wp\/v2\/comments?post=8181"}],"version-history":[{"count":4,"href":"https:\/\/wsisme.com\/fr\/wp-json\/wp\/v2\/pages\/8181\/revisions"}],"predecessor-version":[{"id":12861,"href":"https:\/\/wsisme.com\/fr\/wp-json\/wp\/v2\/pages\/8181\/revisions\/12861"}],"up":[{"embeddable":true,"href":"https:\/\/wsisme.com\/fr\/wp-json\/wp\/v2\/pages\/8026"}],"wp:attachment":[{"href":"https:\/\/wsisme.com\/fr\/wp-json\/wp\/v2\/media?parent=8181"}],"curies":[{"name":"wp","href":"https:\/\/api.w.org\/{rel}","templated":true}]}}