{"id":8217,"date":"2019-08-14T16:54:15","date_gmt":"2019-08-14T16:54:15","guid":{"rendered":"http:\/\/wsisme.com\/services-de-marketing-numerique\/competitive-analysis\/"},"modified":"2021-11-16T20:02:50","modified_gmt":"2021-11-16T20:02:50","slug":"analyse-concurrentielle","status":"publish","type":"page","link":"https:\/\/wsisme.com\/fr\/services-de-marketing-numerique\/analyse-concurrentielle\/","title":{"rendered":"Analyse Concurrentielle"},"content":{"rendered":"<div class=\"wpb-content-wrapper\">[vc_row full_width=\u00a0\u00bbstretch_row\u00a0\u00bb content_placement=\u00a0\u00bbmiddle\u00a0\u00bb css=\u00a0\u00bb.vc_custom_1571768210025{margin-bottom: 40px !important;}\u00a0\u00bb][vc_column css=\u00a0\u00bb.vc_custom_1576875326799{margin-bottom: 0px !important;}\u00a0\u00bb][vc_column_text]\r\n<h1 style=\"text-align: center;\">Analyse concurrentielle<\/h1>\r\n[\/vc_column_text][\/vc_column][\/vc_row][vc_row full_width=\u00a0\u00bbstretch_row\u00a0\u00bb content_placement=\u00a0\u00bbmiddle\u00a0\u00bb][vc_column][vc_column_text]\r\n<p style=\"text-align: center;\">Savoir qui sont vos concurrents, c\u2019est vous mettre sur un pied d&rsquo;\u00e9galit\u00e9 avec eux. Gr\u00e2ce \u00e0 une analyse\r\nconcurrentielle efficace, vous conna\u00eetrez leurs forces et leurs faiblesses. Nous pouvons vous aider \u00e0 stimuler\r\nvotre entreprise en \u00e9valuant le march\u00e9 et \u00e0 trouver votre avantage concurrentiel.<\/p>\r\n[\/vc_column_text][\/vc_column][\/vc_row][vc_row full_width=\u00a0\u00bbstretch_row\u00a0\u00bb content_placement=\u00a0\u00bbmiddle\u00a0\u00bb][vc_column][vc_column_text]\r\n<div id=\"hs_cos_wrapper_widget_1554986507176\" class=\"hs_cos_wrapper hs_cos_wrapper_widget hs_cos_wrapper_type_module\" data-hs-cos-general-type=\"widget\" data-hs-cos-type=\"module\">\r\n<div class=\"wsi-module wsi-divider-module\">\r\n<div class=\"wsi-site-wrapper\">\r\n<div class=\"wsi-divider black-divider\"><\/div>\r\n<\/div>\r\n<\/div>\r\n<\/div>\r\n[\/vc_column_text][\/vc_column][\/vc_row][vc_row full_width=\u00a0\u00bbstretch_row\u00a0\u00bb content_placement=\u00a0\u00bbmiddle\u00a0\u00bb css=\u00a0\u00bb.vc_custom_1571768210025{margin-bottom: 40px !important;}\u00a0\u00bb][vc_column width=\u00a0\u00bb1\/2&Prime;][vc_single_image image=\u00a0\u00bb7948&Prime; alignment=\u00a0\u00bbright\u00a0\u00bb][\/vc_column][vc_column width=\u00a0\u00bb1\/2&Prime;][vc_column_text]\r\n<h3 style=\"text-align: left; color: #016e31;\">Identifiez vos dix concurrents principaux<\/h3>\r\nSavez-vous \u00e0 qui ou \u00e0 quoi vous devez vous confronter ? \u00c0 l&rsquo;\u00e9chelle locale, nationale ou internationale, vos concurrents sont l\u00e0. Plus vous en saurez sur eux, mieux vous comprendrez ce que vous devez faire pour les d\u00e9passer.\r\n\r\n[\/vc_column_text][\/vc_column][\/vc_row][vc_row full_width=\u00a0\u00bbstretch_row\u00a0\u00bb css=\u00a0\u00bb.vc_custom_1576874280257{margin-top: -5px !important;}\u00a0\u00bb][vc_column][vc_row_inner content_placement=\u00a0\u00bbmiddle\u00a0\u00bb][vc_column_inner width=\u00a0\u00bb1\/2&Prime;][vc_column_text]\r\n<h3 style=\"text-align: left; color: #016e31;\">D\u00e9chiffrez les strat\u00e9gies de vos concurrents<\/h3>\r\nEn \u00e9tudiant le marketing de contenu, la pr\u00e9sence sociale et la strat\u00e9gie de r\u00e9f\u00e9rencement d&rsquo;un concurrent vous ouvrirez les yeux sur votre propre paysage marketing. C\u2019est un moyen efficace de mettre en \u00e9vidence les lacunes que vous devriez combler dans votre strat\u00e9gie digitale.[\/vc_column_text][\/vc_column_inner][vc_column_inner width=\u00a0\u00bb1\/2&Prime;][vc_single_image image=\u00a0\u00bb7950&Prime;][\/vc_column_inner][\/vc_row_inner][\/vc_column][\/vc_row][vc_row content_placement=\u00a0\u00bbmiddle\u00a0\u00bb][vc_column width=\u00a0\u00bb1\/2&Prime;][vc_single_image image=\u00a0\u00bb7952&Prime;][\/vc_column][vc_column width=\u00a0\u00bb1\/2&Prime;][vc_column_text]\r\n<h3 style=\"color: #016e31;\">Trouvez des pistes d&rsquo;am\u00e9lioration<\/h3>\r\nM\u00eame votre concurrent le plus coriace peut vous donner l&rsquo;occasion d&rsquo;apprendre ! Lorsque vous consid\u00e9rez que votre entreprise marche tr\u00e8s bien, tournez-vous vers vos concurrents pour chercher s&rsquo;il existe un moyen de vous am\u00e9liorer et d\u2019acqu\u00e9rir ce qui vous manque.\r\n\r\n[\/vc_column_text][\/vc_column][\/vc_row][vc_row][vc_column][vc_raw_html]JTNDcCUyMHN0eWxlJTNEJTIydGV4dC1hbGlnbiUzQSUyMGNlbnRlciUzQiUyMiUzRSUzQ2ElMjBjbGFzcyUzRCUyMnNhLXNjcm9sbCUyMHRyYW5zaXRpb24lMjIlMjBocmVmJTNEJTIyJTIzY3RhJTIyJTNFJTBBJTNDaSUyMGNsYXNzJTNEJTIyZmElMjBmYS1jaGV2cm9uLWRvd24lMjBmZy1jb2xvcjIlMjIlM0UlM0MlMkZpJTNFJTBBJTNDJTJGYSUzRSUzQyUyRnAlM0U=[\/vc_raw_html][\/vc_column][\/vc_row][vc_row full_width=\u00a0\u00bbstretch_row\u00a0\u00bb css=\u00a0\u00bb.vc_custom_1566573583282{padding-top: 30px !important;background-color: #052148 !important;}\u00a0\u00bb el_id=\u00a0\u00bbcta\u00a0\u00bb][vc_column]<h2 class=\"vcex-module vcex-heading vcex-heading-plain\" style=\"color:#ffffff;text-align:center;\"><span class=\"vcex-heading-inner clr\">Le saviez-vous ?<\/span><\/h2>[vc_column_text color=\u00a0\u00bb#ffffff\u00a0\u00bb]\r\n<p style=\"text-align: center;\">Les r\u00e9sultats d&rsquo;une analyse de la concurrence peuvent vous aider \u00e0 \u00e9laborer un plan pour vaincre vos concurrents. Voici des statistiques sur la valeur d&rsquo;une analyse concurrentielle :<\/p>\r\n[\/vc_column_text][vc_row_inner][vc_column_inner width=\u00a0\u00bb1\/4&Prime;][vc_raw_html]JTNDZGl2JTIwY2xhc3MlM0QlMjJmbmItZmFjdC1pdGVtJTIwdGV4dC1jZW50ZXIlMjB3aWR0aDMlMjIlM0UlMEElMjAlMjAlMjAlMjAlMjAlMjAlMjAlMjAlMjAlMjAlM0NkaXYlMjBjbGFzcyUzRCUyMmZuYi1mYWN0LXdyYXBwZXIlMjBmbGV4JTIwZmxleC13cmFwJTIyJTNFJTBBJTIwJTIwJTIwJTIwJTIwJTIwJTIwJTIwJTIwJTIwJTIwJTIwJTNDZGl2JTIwY2xhc3MlM0QlMjJmbmItdG9wJTIyJTNFJTBBJTIwJTIwJTIwJTIwJTIwJTIwJTIwJTIwJTIwJTIwJTIwJTIwJTIwJTIwJTBBJTIwJTIwJTIwJTIwJTIwJTIwJTIwJTIwJTIwJTIwJTIwJTIwJTIwJTIwJTNDZGl2JTIwY2xhc3MlM0QlMjJmbmItaWNvbiUyMGhhbGlnbi1jZW50ZXIlMjIlMjBzdHlsZSUzRCUyMndpZHRoJTNBNDBweCUzQmhlaWdodCUzQTQwcHglM0JsaW5lLWhlaWdodCUzQTQwcHglM0IlMjIlM0UlMEElMjAlMjAlMjAlMjAlMjAlMjAlMjAlMjAlMjAlMjAlMjAlMjAlMjAlMjAlMjAlMjAlMEElMjAlMjAlMjAlMjAlMjAlMjAlMjAlMjAlMjAlMjAlMjAlMjAlMjAlMjAlMjAlMjAlM0NzdmclMjB2ZXJzaW9uJTNEJTIyMS4wJTIyJTIweG1sbnMlM0QlMjJodHRwJTNBJTJGJTJGd3d3LnczLm9yZyUyRjIwMDAlMkZzdmclMjIlMjB2aWV3Qm94JTNEJTIyMCUyMDAlMjA1MTIlMjA1MTIlMjIlM0UlM0NnJTIwaWQlM0QlMjJsYXllcjElMjIlM0UlM0NwYXRoJTIwZCUzRCUyMk00NjYuNTE1JTIwNjYuOTI4QzQ4Ny43MzElMjA1Ny4wNzQlMjA1MTIlMjA3Mi41NTElMjA1MTIlMjA5NS45NDR2MjQzLjFjMCUyMDEwLjUyNi01LjE2MSUyMDIwLjQwNy0xMy44NDMlMjAyNi4zNTgtMzUuODM3JTIwMjQuNTY0LTc0LjMzNSUyMDQwLjg1OC0xMjIuNTA1JTIwNDAuODU4LTY3LjM3MyUyMDAtMTExLjYzLTM0Ljc4My0xNjUuMjE3LTM0Ljc4My01MC44NTMlMjAwLTg2LjEyNCUyMDEwLjA1OC0xMTQuNDM1JTIwMjIuMTIyVjQ4OGMwJTIwMTMuMjU1LTEwLjc0NSUyMDI0LTI0JTIwMjRINTZjLTEzLjI1NSUyMDAtMjQtMTAuNzQ1LTI0LTI0VjEwMS45NDVDMTcuNDk3JTIwOTEuODI1JTIwOCUyMDc1LjAyNiUyMDglMjA1NiUyMDglMjAyNC4yOTYlMjAzNC4zNDUtMS4yNTQlMjA2Ni4zMzguMDQ4YzI4LjQ2OCUyMDEuMTU4JTIwNTEuNzc5JTIwMjMuOTY4JTIwNTMuNTUxJTIwNTIuNDA0LjUyJTIwOC4zNDItLjgxJTIwMTYuMzEtMy41ODYlMjAyMy41NjJDMTM3LjAzOSUyMDY4LjM4NCUyMDE1OS4zOTMlMjA2NCUyMDE4NC4zNDglMjA2NGM2Ny4zNzMlMjAwJTIwMTExLjYzJTIwMzQuNzgzJTIwMTY1LjIxNyUyMDM0Ljc4MyUyMDQwLjQ5NiUyMDAlMjA4Mi42MTItMTUuOTA2JTIwMTE2Ljk1LTMxLjg1NXpNOTYlMjAxMzQuNjN2NzAuNDljMjktMTAuNjclMjA1MS4xOC0xNy44MyUyMDczLjYtMjAuOTF2LTcxLjU3Yy0yMy41JTIwMi4xNy00MC40NCUyMDkuNzktNzMuNiUyMDIxLjk5em0yMjAuOCUyMDkuMTljLTI2LjQxNy00LjY3Mi00OS44ODYtMTMuOTc5LTczLjYtMjEuMzR2NjcuNDJjMjQuMTc1JTIwNi43MDYlMjA0Ny41NjYlMjAxNi40NDQlMjA3My42JTIwMjIuMzF2LTY4LjM5em0tMTQ3LjIlMjA0MC4zOXY3MC4wNGMzMi43OTYtMi45NzglMjA1My45MS0uNjM1JTIwNzMuNiUyMDMuOFYxODkuOWMtMjUuMjQ3LTcuMDM1LTQ2LjU4MS05LjQyMy03My42LTUuNjl6bTczLjYlMjAxNDIuMjNjMjYuMzM4JTIwNC42NTIlMjA0OS43MzIlMjAxMy45MjclMjA3My42JTIwMjEuMzR2LTY3LjQxYy0yNC4yNzctNi43NDYtNDcuNTQtMTYuNDUtNzMuNi0yMi4zMnY2OC4zOXpNOTYlMjAzNDIuMWMyMy42Mi04LjM5JTIwNDcuNzktMTMuODQlMjA3My42LTE2LjU2di03MS4yOWMtMjYuMTElMjAyLjM1LTQ3LjM2JTIwOC4wNC03My42JTIwMTcuMzZ2NzAuNDl6bTM2OC0yMjEuNmMtMjEuMyUyMDguODUtNDYuNTklMjAxNy42NC03My42JTIwMjIuNDd2NzEuOTFjMjcuMzEtNC4zNiUyMDUwLjAzLTE0LjElMjA3My42LTIzLjg5VjEyMC41em0wJTIwMjA5Ljk2di03MC40OWMtMjIuMTklMjAxNC4yLTQ4Ljc4JTIwMjIuNjEtNzMuNiUyMDI2LjAydjcxLjU4YzI1LjA3LTIuMzglMjA0OC40OS0xMS4wNCUyMDczLjYtMjcuMTF6TTMxNi44JTIwMjEyLjIxdjY4LjE2YzI1LjY2NCUyMDcuMTM0JTIwNDYuNjE2JTIwOS4zNDIlMjA3My42JTIwNS42MnYtNzEuMTFjLTI1Ljk5OSUyMDQuMTg3LTQ5Ljk0MyUyMDIuNjc2LTczLjYtMi42N3olMjIlM0UlM0MlMkZwYXRoJTNFJTNDJTJGZyUzRSUzQyUyRnN2ZyUzRSUwQSUyMCUyMCUyMCUyMCUyMCUyMCUyMCUyMCUyMCUyMCUyMCUyMCUyMCUyMCUyMCUyMCUwQSUyMCUyMCUyMCUyMCUyMCUyMCUyMCUyMCUyMCUyMCUyMCUyMCUyMCUyMCUzQyUyRmRpdiUzRSUwQSUyMCUyMCUyMCUyMCUyMCUyMCUyMCUyMCUyMCUyMCUyMCUyMCUyMCUyMCUwQSUyMCUyMCUyMCUyMCUyMCUyMCUyMCUyMCUyMCUyMCUyMCUyMCUyMCUyMCUzQ2RpdiUyMGNsYXNzJTNEJTIyZm5iLW51bWJlciUyMHNlY29uZGFyeS1mb250JTIwYm9sZCUyMiUzRTg3JTI1JTNDJTJGZGl2JTNFJTBBJTIwJTIwJTIwJTIwJTIwJTIwJTIwJTIwJTIwJTIwJTIwJTIwJTIwJTIwJTBBJTIwJTIwJTIwJTIwJTIwJTIwJTIwJTIwJTIwJTIwJTIwJTIwJTIwJTIwJTNDZGl2JTIwY2xhc3MlM0QlMjJmbmItc3VtbWFyeSUyMHNtYWxsLXRleHQlMjIlM0U4NyUyNSUyMGRlcyUyMGVudHJlcHJpc2VzJTIwZCVDMyVBOWNsYXJlbnQlMjBxdWUlMjBsZXVycyUyMG1hcmNoJUMzJUE5cyUyMHNvbnQlMjBkZXZlbnVzJTIwcGx1cyUyMGNvbXAlQzMlQTl0aXRpZnMlMjBhdSUyMGNvdXJzJTIwZGVzJTIwdHJvaXMlMjBkZXJuaSVDMyVBOHJlcyUyMGFubiVDMyVBOWVzJTNDJTJGZGl2JTNFJTBBJTIwJTIwJTIwJTIwJTIwJTIwJTIwJTIwJTIwJTIwJTIwJTIwJTNDJTJGZGl2JTNFJTBBJTIwJTIwJTIwJTIwJTIwJTIwJTIwJTIwJTIwJTIwJTIwJTIwJTBBJTIwJTIwJTIwJTIwJTIwJTIwJTIwJTIwJTIwJTIwJTNDJTJGZGl2JTNFJTBBJTIwJTIwJTIwJTIwJTIwJTIwJTIwJTIwJTNDJTJGZGl2JTNF[\/vc_raw_html][\/vc_column_inner][vc_column_inner width=\u00a0\u00bb1\/4&Prime;][vc_raw_html]JTNDZGl2JTIwY2xhc3MlM0QlMjJmbmItZmFjdC1pdGVtJTIwdGV4dC1jZW50ZXIlMjB3aWR0aDMlMjIlM0UlMEElMjAlMjAlMjAlMjAlMjAlMjAlMjAlMjAlMjAlMjAlM0NkaXYlMjBjbGFzcyUzRCUyMmZuYi1mYWN0LXdyYXBwZXIlMjBmbGV4JTIwZmxleC13cmFwJTIyJTNFJTBBJTIwJTIwJTIwJTIwJTIwJTIwJTIwJTIwJTIwJTIwJTIwJTIwJTNDZGl2JTIwY2xhc3MlM0QlMjJmbmItdG9wJTIyJTNFJTBBJTIwJTIwJTIwJTIwJTIwJTIwJTIwJTIwJTIwJTIwJTIwJTIwJTIwJTIwJTBBJTIwJTIwJTIwJTIwJTIwJTIwJTIwJTIwJTIwJTIwJTIwJTIwJTIwJTIwJTNDZGl2JTIwY2xhc3MlM0QlMjJmbmItaWNvbiUyMGhhbGlnbi1jZW50ZXIlMjIlMjBzdHlsZSUzRCUyMndpZHRoJTNBNDBweCUzQmhlaWdodCUzQTQwcHglM0JsaW5lLWhlaWdodCUzQTQwcHglM0IlMjIlM0UlMEElMjAlMjAlMjAlMjAlMjAlMjAlMjAlMjAlMjAlMjAlMjAlMjAlMjAlMjAlMjAlMjAlMEElMjAlMjAlMjAlMjAlMjAlMjAlMjAlMjAlMjAlMjAlMjAlMjAlMjAlMjAlMjAlMjAlM0NzdmclMjB2ZXJzaW9uJTNEJTIyMS4wJTIyJTIweG1sbnMlM0QlMjJodHRwJTNBJTJGJTJGd3d3LnczLm9yZyUyRjIwMDAlMkZzdmclMjIlMjB2aWV3Qm94JTNEJTIyMCUyMDAlMjAzMjAlMjA1MTIlMjIlM0UlM0NnJTIwaWQlM0QlMjJsYXllcjElMjIlM0UlM0NwYXRoJTIwZCUzRCUyMk0yOTUuOTczJTIwMTYwSDE4MC41NzJMMjE1LjE5JTIwMzAuMTg0QzIxOS4yNSUyMDE0Ljk1NiUyMDIwNy43NTYlMjAwJTIwMTkyJTIwMEg1NkM0My45NzElMjAwJTIwMzMuOCUyMDguOTA1JTIwMzIuMjExJTIwMjAuODI4bC0zMS45OTYlMjAyNDBDLTEuNzA0JTIwMjc1LjIxNyUyMDkuNTA0JTIwMjg4JTIwMjQuMDA0JTIwMjg4aDExOC43MDFMOTYuNjQ2JTIwNDgyLjQ2NkM5My4wNSUyMDQ5Ny42NDklMjAxMDQuNjU5JTIwNTEyJTIwMTE5Ljk5MiUyMDUxMmM4LjM1JTIwMCUyMDE2LjM3Ni00LjM3NCUyMDIwLjc3OC0xMS45NzhsMTc1Ljk3My0zMDMuOTk3YzkuMjQ0LTE1Ljk2Ny0yLjI4OC0zNi4wMjUtMjAuNzctMzYuMDI1eiUyMiUzRSUzQyUyRnBhdGglM0UlM0MlMkZnJTNFJTNDJTJGc3ZnJTNFJTBBJTIwJTIwJTIwJTIwJTIwJTIwJTIwJTIwJTIwJTIwJTIwJTIwJTIwJTIwJTIwJTIwJTBBJTIwJTIwJTIwJTIwJTIwJTIwJTIwJTIwJTIwJTIwJTIwJTIwJTIwJTIwJTNDJTJGZGl2JTNFJTBBJTIwJTIwJTIwJTIwJTIwJTIwJTIwJTIwJTIwJTIwJTIwJTIwJTIwJTIwJTBBJTIwJTIwJTIwJTIwJTIwJTIwJTIwJTIwJTIwJTIwJTIwJTIwJTIwJTIwJTNDZGl2JTIwY2xhc3MlM0QlMjJmbmItbnVtYmVyJTIwc2Vjb25kYXJ5LWZvbnQlMjBib2xkJTIyJTNFMjUlM0MlMkZkaXYlM0UlMEElMjAlMjAlMjAlMjAlMjAlMjAlMjAlMjAlMjAlMjAlMjAlMjAlMjAlMjAlMEElMjAlMjAlMjAlMjAlMjAlMjAlMjAlMjAlMjAlMjAlMjAlMjAlMjAlMjAlM0NkaXYlMjBjbGFzcyUzRCUyMmZuYi1zdW1tYXJ5JTIwc21hbGwtdGV4dCUyMiUzRUVuJTIwbW95ZW5uZSUyQyUyMGxhJTIwcGx1cGFydCUyMGRlcyUyMGVudHJlcHJpc2VzJTIwb250JTIwMjUlMjBjb25jdXJyZW50cyUzQyUyRmRpdiUzRSUwQSUyMCUyMCUyMCUyMCUyMCUyMCUyMCUyMCUyMCUyMCUyMCUyMCUzQyUyRmRpdiUzRSUwQSUyMCUyMCUyMCUyMCUyMCUyMCUyMCUyMCUyMCUyMCUyMCUyMCUwQSUyMCUyMCUyMCUyMCUyMCUyMCUyMCUyMCUyMCUyMCUzQyUyRmRpdiUzRSUwQSUyMCUyMCUyMCUyMCUyMCUyMCUyMCUyMCUzQyUyRmRpdiUzRQ==[\/vc_raw_html][\/vc_column_inner][vc_column_inner width=\u00a0\u00bb1\/4&Prime;][vc_raw_html]JTNDZGl2JTIwY2xhc3MlM0QlMjJmbmItZmFjdC1pdGVtJTIwdGV4dC1jZW50ZXIlMjB3aWR0aDMlMjIlM0UlMEElMjAlMjAlMjAlMjAlMjAlMjAlMjAlMjAlMjAlMjAlM0NkaXYlMjBjbGFzcyUzRCUyMmZuYi1mYWN0LXdyYXBwZXIlMjBmbGV4JTIwZmxleC13cmFwJTIyJTNFJTBBJTIwJTIwJTIwJTIwJTIwJTIwJTIwJTIwJTIwJTIwJTIwJTIwJTNDZGl2JTIwY2xhc3MlM0QlMjJmbmItdG9wJTIyJTNFJTBBJTIwJTIwJTIwJTIwJTIwJTIwJTIwJTIwJTIwJTIwJTIwJTIwJTIwJTIwJTBBJTIwJTIwJTIwJTIwJTIwJTIwJTIwJTIwJTIwJTIwJTIwJTIwJTIwJTIwJTNDZGl2JTIwY2xhc3MlM0QlMjJmbmItaWNvbiUyMGhhbGlnbi1jZW50ZXIlMjIlMjBzdHlsZSUzRCUyMndpZHRoJTNBNDBweCUzQmhlaWdodCUzQTQwcHglM0JsaW5lLWhlaWdodCUzQTQwcHglM0IlMjIlM0UlMEElMjAlMjAlMjAlMjAlMjAlMjAlMjAlMjAlMjAlMjAlMjAlMjAlMjAlMjAlMjAlMjAlMEElMjAlMjAlMjAlMjAlMjAlMjAlMjAlMjAlMjAlMjAlMjAlMjAlMjAlMjAlMjAlMjAlM0NzdmclMjB2ZXJzaW9uJTNEJTIyMS4wJTIyJTIweG1sbnMlM0QlMjJodHRwJTNBJTJGJTJGd3d3LnczLm9yZyUyRjIwMDAlMkZzdmclMjIlMjB2aWV3Qm94JTNEJTIyMCUyMDAlMjA1MTIlMjA1MTIlMjIlM0UlM0NnJTIwaWQlM0QlMjJsYXllcjElMjIlM0UlM0NwYXRoJTIwZCUzRCUyMk00NjQlMjA2NEg0OEMyMS40OSUyMDY0JTIwMCUyMDg1LjQ5JTIwMCUyMDExMnYyODhjMCUyMDI2LjUxJTIwMjEuNDklMjA0OCUyMDQ4JTIwNDhoNDE2YzI2LjUxJTIwMCUyMDQ4LTIxLjQ5JTIwNDgtNDhWMTEyYzAtMjYuNTEtMjEuNDktNDgtNDgtNDh6bS0yODglMjA4MGMzOC42NiUyMDAlMjA3MCUyMDMxLjM0JTIwNzAlMjA3MHMtMzEuMzQlMjA3MC03MCUyMDcwLTcwLTMxLjM0LTcwLTcwJTIwMzEuMzQtNzAlMjA3MC03MHptMTEyJTIwMjAzYzAlMjAxMS41OTgtOS40MDIlMjAyMS0yMSUyMDIxSDg1Yy0xMS41OTglMjAwLTIxLTkuNDAyLTIxLTIxdi0xNi4yMDdjMC0xOS4yNzIlMjAxMy4xMTYtMzYuMDcyJTIwMzEuODEzLTQwLjc0NmwzMS4yLTcuOGMyNS40NjQlMjAxOC4zMTYlMjA2NS4xOTUlMjAyMy41NzclMjA5Ny45NzQlMjAwbDMxLjIlMjA3LjhDMjc0Ljg4NCUyMDI5NC43MjElMjAyODglMjAzMTEuNTIlMjAyODglMjAzMzAuNzkzVjM0N3ptMTYwLTM5YzAlMjA2LjYyNy01LjM3MyUyMDEyLTEyJTIwMTJIMzMyYy02LjYyNyUyMDAtMTItNS4zNzMtMTItMTJ2LThjMC02LjYyNyUyMDUuMzczLTEyJTIwMTItMTJoMTA0YzYuNjI3JTIwMCUyMDEyJTIwNS4zNzMlMjAxMiUyMDEydjh6bTAtNjRjMCUyMDYuNjI3LTUuMzczJTIwMTItMTIlMjAxMkgzMzJjLTYuNjI3JTIwMC0xMi01LjM3My0xMi0xMnYtOGMwLTYuNjI3JTIwNS4zNzMtMTIlMjAxMi0xMmgxMDRjNi42MjclMjAwJTIwMTIlMjA1LjM3MyUyMDEyJTIwMTJ2OHptMC02NGMwJTIwNi42MjctNS4zNzMlMjAxMi0xMiUyMDEySDMzMmMtNi42MjclMjAwLTEyLTUuMzczLTEyLTEydi04YzAtNi42MjclMjA1LjM3My0xMiUyMDEyLTEyaDEwNGM2LjYyNyUyMDAlMjAxMiUyMDUuMzczJTIwMTIlMjAxMnY4eiUyMiUzRSUzQyUyRnBhdGglM0UlM0MlMkZnJTNFJTNDJTJGc3ZnJTNFJTBBJTIwJTIwJTIwJTIwJTIwJTIwJTIwJTIwJTIwJTIwJTIwJTIwJTIwJTIwJTIwJTIwJTBBJTIwJTIwJTIwJTIwJTIwJTIwJTIwJTIwJTIwJTIwJTIwJTIwJTIwJTIwJTNDJTJGZGl2JTNFJTBBJTIwJTIwJTIwJTIwJTIwJTIwJTIwJTIwJTIwJTIwJTIwJTIwJTIwJTIwJTBBJTIwJTIwJTIwJTIwJTIwJTIwJTIwJTIwJTIwJTIwJTIwJTIwJTIwJTIwJTNDZGl2JTIwY2xhc3MlM0QlMjJmbmItbnVtYmVyJTIwc2Vjb25kYXJ5LWZvbnQlMjBib2xkJTIyJTNFODAlMjUlM0MlMkZkaXYlM0UlMEElMjAlMjAlMjAlMjAlMjAlMjAlMjAlMjAlMjAlMjAlMjAlMjAlMjAlMjAlMEElMjAlMjAlMjAlMjAlMjAlMjAlMjAlMjAlMjAlMjAlMjAlMjAlMjAlMjAlM0NkaXYlMjBjbGFzcyUzRCUyMmZuYi1zdW1tYXJ5JTIwc21hbGwtdGV4dCUyMiUzRTgwJTI1JTIwZGVzJTIwZW50cmVwcmlzZXMlMjBvbnQlMjBhdSUyMG1vaW5zJTIwdW4lMjBlbXBsb3klQzMlQTklMjAlQzMlQTAlMjB0ZW1wcyUyMHBhcnRpZWwlMjBxdWklMjB0cmF2YWlsbGUlMjBzdXIlMjBsYSUyMHZlaWxsZSUyMGNvbmN1cnJlbnRpZWxsZSUzQyUyRmRpdiUzRSUwQSUyMCUyMCUyMCUyMCUyMCUyMCUyMCUyMCUyMCUyMCUyMCUyMCUzQyUyRmRpdiUzRSUwQSUyMCUyMCUyMCUyMCUyMCUyMCUyMCUyMCUyMCUyMCUyMCUyMCUwQSUyMCUyMCUyMCUyMCUyMCUyMCUyMCUyMCUyMCUyMCUzQyUyRmRpdiUzRSUwQSUyMCUyMCUyMCUyMCUyMCUyMCUyMCUyMCUzQyUyRmRpdiUzRQ==[\/vc_raw_html][\/vc_column_inner][vc_column_inner width=\u00a0\u00bb1\/4&Prime;][vc_raw_html]JTNDZGl2JTIwY2xhc3MlM0QlMjJmbmItZmFjdC1pdGVtJTIwdGV4dC1jZW50ZXIlMjB3aWR0aDMlMjIlM0UlMEElMjAlMjAlMjAlMjAlMjAlMjAlMjAlMjAlMjAlMjAlM0NkaXYlMjBjbGFzcyUzRCUyMmZuYi1mYWN0LXdyYXBwZXIlMjBmbGV4JTIwZmxleC13cmFwJTIyJTNFJTBBJTIwJTIwJTIwJTIwJTIwJTIwJTIwJTIwJTIwJTIwJTIwJTIwJTNDZGl2JTIwY2xhc3MlM0QlMjJmbmItdG9wJTIyJTNFJTBBJTIwJTIwJTIwJTIwJTIwJTIwJTIwJTIwJTIwJTIwJTIwJTIwJTIwJTIwJTBBJTIwJTIwJTIwJTIwJTIwJTIwJTIwJTIwJTIwJTIwJTIwJTIwJTIwJTIwJTNDZGl2JTIwY2xhc3MlM0QlMjJmbmItaWNvbiUyMGhhbGlnbi1jZW50ZXIlMjIlMjBzdHlsZSUzRCUyMndpZHRoJTNBNDBweCUzQmhlaWdodCUzQTQwcHglM0JsaW5lLWhlaWdodCUzQTQwcHglM0IlMjIlM0UlMEElMjAlMjAlMjAlMjAlMjAlMjAlMjAlMjAlMjAlMjAlMjAlMjAlMjAlMjAlMjAlMjAlMEElMjAlMjAlMjAlMjAlMjAlMjAlMjAlMjAlMjAlMjAlMjAlMjAlMjAlMjAlMjAlMjAlM0NzdmclMjB2ZXJzaW9uJTNEJTIyMS4wJTIyJTIweG1sbnMlM0QlMjJodHRwJTNBJTJGJTJGd3d3LnczLm9yZyUyRjIwMDAlMkZzdmclMjIlMjB2aWV3Qm94JTNEJTIyMCUyMDAlMjA1MTIlMjA1MTIlMjIlM0UlM0NnJTIwaWQlM0QlMjJsYXllcjElMjIlM0UlM0NwYXRoJTIwZCUzRCUyMk01MDAlMjAzODRjNi42JTIwMCUyMDEyJTIwNS40JTIwMTIlMjAxMnY0MGMwJTIwNi42LTUuNCUyMDEyLTEyJTIwMTJIMTJjLTYuNiUyMDAtMTItNS40LTEyLTEyVjc2YzAtNi42JTIwNS40LTEyJTIwMTItMTJoNDBjNi42JTIwMCUyMDEyJTIwNS40JTIwMTIlMjAxMnYzMDhoNDM2em0tMzA4LTQ0di03MmMwLTYuNi01LjQtMTItMTItMTJoLTQwYy02LjYlMjAwLTEyJTIwNS40LTEyJTIwMTJ2NzJjMCUyMDYuNiUyMDUuNCUyMDEyJTIwMTIlMjAxMmg0MGM2LjYlMjAwJTIwMTItNS40JTIwMTItMTJ6bTE5MiUyMDBWMjA0YzAtNi42LTUuNC0xMi0xMi0xMmgtNDBjLTYuNiUyMDAtMTIlMjA1LjQtMTIlMjAxMnYxMzZjMCUyMDYuNiUyMDUuNCUyMDEyJTIwMTIlMjAxMmg0MGM2LjYlMjAwJTIwMTItNS40JTIwMTItMTJ6bS05NiUyMDBWMTQwYzAtNi42LTUuNC0xMi0xMi0xMmgtNDBjLTYuNiUyMDAtMTIlMjA1LjQtMTIlMjAxMnYyMDBjMCUyMDYuNiUyMDUuNCUyMDEyJTIwMTIlMjAxMmg0MGM2LjYlMjAwJTIwMTItNS40JTIwMTItMTJ6bTE5MiUyMDBWMTA4YzAtNi42LTUuNC0xMi0xMi0xMmgtNDBjLTYuNiUyMDAtMTIlMjA1LjQtMTIlMjAxMnYyMzJjMCUyMDYuNiUyMDUuNCUyMDEyJTIwMTIlMjAxMmg0MGM2LjYlMjAwJTIwMTItNS40JTIwMTItMTJ6JTIyJTNFJTNDJTJGcGF0aCUzRSUzQyUyRmclM0UlM0MlMkZzdmclM0UlMEElMjAlMjAlMjAlMjAlMjAlMjAlMjAlMjAlMjAlMjAlMjAlMjAlMjAlMjAlMjAlMjAlMEElMjAlMjAlMjAlMjAlMjAlMjAlMjAlMjAlMjAlMjAlMjAlMjAlMjAlMjAlM0MlMkZkaXYlM0UlMEElMjAlMjAlMjAlMjAlMjAlMjAlMjAlMjAlMjAlMjAlMjAlMjAlMjAlMjAlMEElMjAlMjAlMjAlMjAlMjAlMjAlMjAlMjAlMjAlMjAlMjAlMjAlMjAlMjAlM0NkaXYlMjBjbGFzcyUzRCUyMmZuYi1udW1iZXIlMjBzZWNvbmRhcnktZm9udCUyMGJvbGQlMjIlM0U5MSUyNSUzQyUyRmRpdiUzRSUwQSUyMCUyMCUyMCUyMCUyMCUyMCUyMCUyMCUyMCUyMCUyMCUyMCUyMCUyMCUwQSUyMCUyMCUyMCUyMCUyMCUyMCUyMCUyMCUyMCUyMCUyMCUyMCUyMCUyMCUzQ2RpdiUyMGNsYXNzJTNEJTIyZm5iLXN1bW1hcnklMjBzbWFsbC10ZXh0JTIyJTNFOTElMjUlMjBkZXMlMjBlbnRyZXByaXNlcyUyMHZvaWVudCUyMGxlcyUyMHIlQzMlQTlzdWx0YXRzJTIwcXVhbnRpdGF0aWZzJTIwZGUlMjBsZXVycyUyMGVmZm9ydHMlMjBkJTI3YW5hbHlzZSUyMGNvbmN1cnJlbnRpZWxsZSUzQyUyRmRpdiUzRSUwQSUyMCUyMCUyMCUyMCUyMCUyMCUyMCUyMCUyMCUyMCUyMCUyMCUzQyUyRmRpdiUzRSUwQSUyMCUyMCUyMCUyMCUyMCUyMCUyMCUyMCUyMCUyMCUyMCUyMCUwQSUyMCUyMCUyMCUyMCUyMCUyMCUyMCUyMCUyMCUyMCUzQyUyRmRpdiUzRSUwQSUyMCUyMCUyMCUyMCUyMCUyMCUyMCUyMCUzQyUyRmRpdiUzRQ==[\/vc_raw_html][\/vc_column_inner][\/vc_row_inner][\/vc_column][\/vc_row][vc_row full_width=\u00a0\u00bbstretch_row\u00a0\u00bb css=\u00a0\u00bb.vc_custom_1560950265302{margin-top: -40px !important;background-color: #f2f2f2 !important;}\u00a0\u00bb][vc_column][vc_column_text css=\u00a0\u00bb.vc_custom_1588690275361{padding-bottom: 20px !important;background-color: #f2f2f2 !important;}\u00a0\u00bb]\r\n<h2 style=\"text-align: center;\">Nous faisons plus que de simples analyses concurrentielles<\/h2>\r\n<p style=\"text-align: center;\">La cr\u00e9ation d&rsquo;une analyse informative de la concurrence est un excellent point de d\u00e9part, mais vous devez \u00eatre en mesure de tirer parti concr\u00e8tement des r\u00e9sultats de vos recherches. Si vous voulez renforcer votre avantage concurrentiel, vous devez r\u00e9fl\u00e9chir aux diverses tactiques de marketing digital \u00e0 mettre en place.<\/p>\r\n[\/vc_column_text][vc_raw_html]JTNDZGl2JTIwY2xhc3MlM0QlMjJ0YjEtY3RhJTIyJTIwc3R5bGUlM0QlMjJ0ZXh0LWFsaWduJTNBY2VudGVyJTNCJTIyJTNFJTBBJTIwJTIwJTIwJTIwJTIwJTIwJTIwJTIwJTIwJTIwJTNDYSUyMGNsYXNzJTNEJTIyd3NpLXRleHQtYnV0dG9uJTIwdGV4dC1ncmVlbiUyMiUyMGhyZWYlM0QlMjIlMkZmciUyRnNlcnZpY2VzLWRlLW1hcmtldGluZy1udW1lcmlxdWUlMkYlMjIlM0VEJUMzJTg5Q09VVlJFWiUyME5PVFJFJTIwR0FNTUUlMjBDT01QTCVDMyU4OFRFJTIwREUlMjBTRVJWSUNFUyUyMERFJTIwTUFSS0VUSU5HJTIwRElHSVRBTCUzQyUyRmElM0UlMEElMjAlMjAlMjAlMjAlMjAlMjAlMjAlMjAlM0MlMkZkaXYlM0U=[\/vc_raw_html][\/vc_column][\/vc_row]<\/div>","protected":false},"excerpt":{"rendered":"[vc_row full_width=\u00a0\u00bbstretch_row\u00a0\u00bb content_placement=\u00a0\u00bbmiddle\u00a0\u00bb css=\u00a0\u00bb.vc_custom_1571768210025{margin-bottom: 40px !important;}\u00a0\u00bb][vc_column css=\u00a0\u00bb.vc_custom_1576875326799{margin-bottom: 0px !important;}\u00a0\u00bb][vc_column_text] Analyse concurrentielle [\/vc_column_text][\/vc_column][\/vc_row][vc_row full_width=\u00a0\u00bbstretch_row\u00a0\u00bb content_placement=\u00a0\u00bbmiddle\u00a0\u00bb][vc_column][vc_column_text] Savoir qui sont vos concurrents, c\u2019est vous mettre sur un pied d&rsquo;\u00e9galit\u00e9 avec eux. Gr\u00e2ce \u00e0 une analyse concurrentielle efficace, vous conna\u00eetrez leurs forces et leurs&hellip;","protected":false},"author":2,"featured_media":0,"parent":8046,"menu_order":18,"comment_status":"closed","ping_status":"closed","template":"","meta":{"_acf_changed":false,"footnotes":""},"class_list":["post-8217","page","type-page","status-publish","hentry","entry","no-media"],"acf":[],"_links":{"self":[{"href":"https:\/\/wsisme.com\/fr\/wp-json\/wp\/v2\/pages\/8217","targetHints":{"allow":["GET"]}}],"collection":[{"href":"https:\/\/wsisme.com\/fr\/wp-json\/wp\/v2\/pages"}],"about":[{"href":"https:\/\/wsisme.com\/fr\/wp-json\/wp\/v2\/types\/page"}],"author":[{"embeddable":true,"href":"https:\/\/wsisme.com\/fr\/wp-json\/wp\/v2\/users\/2"}],"replies":[{"embeddable":true,"href":"https:\/\/wsisme.com\/fr\/wp-json\/wp\/v2\/comments?post=8217"}],"version-history":[{"count":0,"href":"https:\/\/wsisme.com\/fr\/wp-json\/wp\/v2\/pages\/8217\/revisions"}],"up":[{"embeddable":true,"href":"https:\/\/wsisme.com\/fr\/wp-json\/wp\/v2\/pages\/8046"}],"wp:attachment":[{"href":"https:\/\/wsisme.com\/fr\/wp-json\/wp\/v2\/media?parent=8217"}],"curies":[{"name":"wp","href":"https:\/\/api.w.org\/{rel}","templated":true}]}}