{"id":8423,"date":"2021-05-11T13:30:28","date_gmt":"2021-05-11T13:30:28","guid":{"rendered":"http:\/\/wsisme.com\/realisations\/viable-power\/"},"modified":"2024-07-25T14:30:16","modified_gmt":"2024-07-25T14:30:16","slug":"viable-power","status":"publish","type":"page","link":"https:\/\/wsisme.com\/fr\/realisations\/viable-power\/","title":{"rendered":"Viable Power Conversion Technologies Inc"},"content":{"rendered":"<div class=\"wpb-content-wrapper\">[vc_row full_width=\u00a0\u00bbstretch_row\u00a0\u00bb css=\u00a0\u00bb.vc_custom_1574887905100{padding-top: 50px !important;padding-bottom: 100px !important;}\u00a0\u00bb][vc_column width=\u00a0\u00bb1\/2&Prime; css=\u00a0\u00bb.vc_custom_1574891451760{padding-right: 30px !important;}\u00a0\u00bb]<h1 class=\"vcex-module vcex-heading vcex-heading-plain portfolio\" style=\"font-size:35px;text-align:left;\"><span class=\"vcex-heading-inner clr\">Viable Power Conversion Technologies Inc | WSI Montr\u00e9al<\/span><\/h1>[vc_column_text css=\u00a0\u00bb.vc_custom_1721917787187{margin-top: 40px !important;}\u00a0\u00bb]Un fournisseur canadien de confiance en solutions de conversion d\u2019\u00e9nergie con\u00e7ues sur mesure\r\n\r\nDepuis plus de 25\u00a0ans, Viable Power Conversion Technologies inc. (Viable Power), un fabricant d\u2019alimentation sur mesure, se sp\u00e9cialise dans les unit\u00e9s d\u2019alimentation AC-CC et les unit\u00e9s d\u2019alimentation CC-CC pour les secteurs militaires, a\u00e9rospatiaux, de la d\u00e9fense, navals et industriels.\r\n\r\nApr\u00e8s avoir reconnu la n\u00e9cessit\u00e9 de mettre \u00e0 niveau leur pr\u00e9sence en ligne, Viable Power nous a contact\u00e9s pour les aider dans leur strat\u00e9gie de marketing num\u00e9rique, d\u00e9butant par la refonte compl\u00e8te de leur site Web et comprenant \u00e9galement un mandat de r\u00e9f\u00e9rencement.[\/vc_column_text][vc_column_text css=\u00a0\u00bb.vc_custom_1620740565492{margin-top: 40px !important;}\u00a0\u00bb]<a class=\"ic2-link wsi-button border-green medium-button\" href=\"https:\/\/viablepower.com\/\" target=\"_blank\" rel=\"noopener noreferrer\">VOIR SITE<\/a>[\/vc_column_text][\/vc_column][vc_column width=\u00a0\u00bb1\/2&Prime; css=\u00a0\u00bb.vc_custom_1574889544288{padding-left: 20px !important;}\u00a0\u00bb][vc_column_text]<strong class=\"green\">Notre travail pour Viable Power comprend\r\nplusieurs strat\u00e9gies cl\u00e9s de marketing num\u00e9rique :<\/strong>\r\n<ul class=\"portfolio\">\r\n \t<li><i class=\"fas fa-long-arrow-alt-right\"><\/i> Strat\u00e9gie marketing<\/li>\r\n \t<li><i class=\"fas fa-long-arrow-alt-right\"><\/i> R\u00e9f\u00e9rencement naturel (SEO)<\/li>\r\n \t<li><i class=\"fas fa-long-arrow-alt-right\"><\/i> R\u00e9f\u00e9rencement local<\/li>\r\n<\/ul>\r\n[\/vc_column_text][\/vc_column][\/vc_row][vc_row full_width=\u00a0\u00bbstretch_row_content\u00a0\u00bb][vc_column css=\u00a0\u00bb.vc_custom_1574967114395{margin-bottom: 0px !important;}\u00a0\u00bb el_class=\u00a0\u00bbnomob\u00a0\u00bb][vc_raw_html]JTNDZGl2JTIwY2xhc3MlM0QlMjJzbGFudGVkLWVsZW1lbnQlMjBsYXllcjMlMjIlM0UlMEElMjAlMjAlMjAlMjAlM0NzdmclMjB2ZXJzaW9uJTNEJTIyMS4yJTIyJTIwcHJlc2VydmVBc3BlY3RSYXRpbyUzRCUyMm5vbmUlMjIlMjB2aWV3Qm94JTNEJTIyMCUyMDAlMjA1NiUyMDU2JTIyJTNFJTBBJTIwJTIwJTIwJTIwJTIwJTIwJTNDcG9seWdvbiUyMGNsYXNzJTNEJTIyZmlsbC1jb2xvcjQlMjIlMjBwb2ludHMlM0QlMjIwJTJDNTYlMjA1NiUyQzAlMjA1NiUyQzU2JTIyJTNFJTNDJTJGcG9seWdvbiUzRSUwQSUyMCUyMCUyMCUyMCUzQyUyRnN2ZyUzRSUwQSUyMCUyMCUzQyUyRmRpdiUzRQ==[\/vc_raw_html][\/vc_column][\/vc_row][vc_row full_width=\u00a0\u00bbstretch_row\u00a0\u00bb css=\u00a0\u00bb.vc_custom_1574888035316{margin-top: -1px !important;background-color: #f2f2f2 !important;}\u00a0\u00bb][vc_column css=\u00a0\u00bb.vc_custom_1574888689097{padding-top: 50px !important;padding-bottom: 50px !important;}\u00a0\u00bb]<h2 class=\"vcex-module vcex-heading vcex-heading-plain portfolio w640\" style=\"text-align:center;\"><span class=\"vcex-heading-inner clr\">Nous offrons maintenant \u00e0 Viable Power une gamme compl\u00e8te de services de marketing num\u00e9rique qui ont commenc\u00e9 par une refonte compl\u00e8te de leur site Web.<\/span><\/h2>[vc_single_image image=\u00a0\u00bb8425&Prime; alignment=\u00a0\u00bbcenter\u00a0\u00bb css=\u00a0\u00bb.vc_custom_1620740760415{padding-top: 50px !important;padding-bottom: 50px !important;}\u00a0\u00bb][\/vc_column][\/vc_row][vc_row full_width=\u00a0\u00bbstretch_row\u00a0\u00bb disable_element=\u00a0\u00bbyes\u00a0\u00bb css=\u00a0\u00bb.vc_custom_1620740177382{margin-top: -1px !important;padding-bottom: 50px !important;background-color: #f2f2f2 !important;}\u00a0\u00bb][vc_column][vc_single_image image=\u00a0\u00bb7787&Prime; el_class=\u00a0\u00bbquoteup posrelative\u00a0\u00bb]<h2 class=\"vcex-module vcex-heading vcex-heading-plain portfolio w640\" style=\"text-align:center;\"><span class=\"vcex-heading-inner clr\">They took the time to get to know us, and evaluate our needs.<\/span><\/h2>[vc_column_text css=\u00a0\u00bb.vc_custom_1577985116868{margin-top: 40px !important;}\u00a0\u00bb]\r\n<p style=\"text-align: center;\">WSI Digital Marketing has proven to be a powerful marketing partner for our firm and I can confidently say that they are \u00ab\u00a0the real deal\u00a0\u00bb. We&rsquo;ve worked with other SEO people previously that did not deliver as compared to the results that we are now getting. We&rsquo;ve worked with Chris and the WSI team for close to 2 years now and over that time, we&rsquo;ve evolved the approach by adding tactics, such as Local Optimization and content marketing to increase our leads. WSI has delivered a consistent stream of leads and phone calls and my team closes the deals resulting in a substantial increase on our bottom line. Thank you WSI for making such a positive impact on our business and always being there when we reach out. We&rsquo;re looking forward to what the next year will bring.<\/p>\r\n<p style=\"text-align: center;\"><strong>Robert Brideau \/ Owner, Access Protection <\/strong><\/p>\r\n[\/vc_column_text][vc_separator color=\u00a0\u00bbcustom\u00a0\u00bb border_width=\u00a0\u00bb4&Prime; el_width=\u00a0\u00bb10&Prime; accent_color=\u00a0\u00bb#65a5be\u00a0\u00bb css=\u00a0\u00bb.vc_custom_1574888908783{margin-top: 40px !important;}\u00a0\u00bb][\/vc_column][\/vc_row][vc_row][vc_column][vc_column_text]\r\n<div class=\"wsi-module shoutbox-cta bg-color4\">\r\n<div class=\"split-bg bg-color5\"><\/div>\r\n<div class=\"wsi-site-wrapper h-padding\">\r\n<div class=\"wsi-content-wrapper\">\r\n<div class=\"sbcta-wrapper col12 tab8 mob4 halign-center shadow border-radius flex flex-wrap flex-center space-between bg-color5\">\r\n<div class=\"sbcta-text col8 tab5 mob4\">\r\n<h3 class=\"title-3\">Ready to achieve your online marketing goals?<\/h3>\r\n<\/div>\r\n<div class=\"sbcta-button col4 tab3 mob4 text-right\">\r\n\r\n<span id=\"hs-cta-wrapper-5232abdf-93a8-4de9-b6db-e65a0340d753\" class=\"hs-cta-wrapper\"><span id=\"hs-cta-5232abdf-93a8-4de9-b6db-e65a0340d753\" class=\"hs-cta-node hs-cta-5232abdf-93a8-4de9-b6db-e65a0340d753\" style=\"visibility: visible;\" data-hs-drop=\"true\"><a id=\"cta_button_434177_b29aaa79-2f7e-4cdf-b541-a125c172c0d0\" class=\"cta_button solid-green large-button\" title=\"LET'S GET STARTED\" href=\"\/talk-to-us\/\">LET&rsquo;S GET STARTED<\/a><\/span><\/span>\r\n\r\n<\/div>\r\n<\/div>\r\n<\/div>\r\n<\/div>\r\n<\/div>\r\n[\/vc_column_text][\/vc_column][\/vc_row]<\/div>","protected":false},"excerpt":{"rendered":"[vc_row full_width=\u00a0\u00bbstretch_row\u00a0\u00bb css=\u00a0\u00bb.vc_custom_1574887905100{padding-top: 50px !important;padding-bottom: 100px !important;}\u00a0\u00bb][vc_column width=\u00a0\u00bb1\/2&Prime; css=\u00a0\u00bb.vc_custom_1574891451760{padding-right: 30px !important;}\u00a0\u00bb][vc_column_text css=\u00a0\u00bb.vc_custom_1721917787187{margin-top: 40px !important;}\u00a0\u00bb]Un fournisseur canadien de confiance en solutions de conversion d\u2019\u00e9nergie con\u00e7ues sur mesure Depuis plus de 25\u00a0ans, Viable Power Conversion Technologies inc. (Viable Power), un fabricant d\u2019alimentation&hellip;","protected":false},"author":2,"featured_media":0,"parent":8026,"menu_order":0,"comment_status":"closed","ping_status":"closed","template":"templates\/no-sidebar.php","meta":{"_acf_changed":false,"footnotes":""},"class_list":["post-8423","page","type-page","status-publish","hentry","entry","no-media"],"acf":[],"_links":{"self":[{"href":"https:\/\/wsisme.com\/fr\/wp-json\/wp\/v2\/pages\/8423","targetHints":{"allow":["GET"]}}],"collection":[{"href":"https:\/\/wsisme.com\/fr\/wp-json\/wp\/v2\/pages"}],"about":[{"href":"https:\/\/wsisme.com\/fr\/wp-json\/wp\/v2\/types\/page"}],"author":[{"embeddable":true,"href":"https:\/\/wsisme.com\/fr\/wp-json\/wp\/v2\/users\/2"}],"replies":[{"embeddable":true,"href":"https:\/\/wsisme.com\/fr\/wp-json\/wp\/v2\/comments?post=8423"}],"version-history":[{"count":2,"href":"https:\/\/wsisme.com\/fr\/wp-json\/wp\/v2\/pages\/8423\/revisions"}],"predecessor-version":[{"id":12081,"href":"https:\/\/wsisme.com\/fr\/wp-json\/wp\/v2\/pages\/8423\/revisions\/12081"}],"up":[{"embeddable":true,"href":"https:\/\/wsisme.com\/fr\/wp-json\/wp\/v2\/pages\/8026"}],"wp:attachment":[{"href":"https:\/\/wsisme.com\/fr\/wp-json\/wp\/v2\/media?parent=8423"}],"curies":[{"name":"wp","href":"https:\/\/api.w.org\/{rel}","templated":true}]}}