{"id":8583,"date":"2021-08-25T20:14:52","date_gmt":"2021-08-25T20:14:52","guid":{"rendered":"http:\/\/wsisme.com\/services-de-marketing-numerique\/marketing-for-manufacturers\/"},"modified":"2022-09-22T14:47:03","modified_gmt":"2022-09-22T14:47:03","slug":"marketing-manufacturier","status":"publish","type":"page","link":"https:\/\/wsisme.com\/fr\/services-de-marketing-numerique\/marketing-manufacturier\/","title":{"rendered":"Agence de marketing pour manufacturiers \u00e0 Montr\u00e9al"},"content":{"rendered":"<div class=\"wpb-content-wrapper\">[vc_row visibility=\u00a0\u00bbvisible-desktop\u00a0\u00bb css=\u00a0\u00bb.vc_custom_1630009067198{margin-bottom: 28px !important;}\u00a0\u00bb][vc_column width=\u00a0\u00bb1\/2&Prime; css=\u00a0\u00bb.vc_custom_1560800064203{margin-bottom: 0px !important;}\u00a0\u00bb][vc_column_text]\r\n<h1>Agence de marketing pour manufacturiers \u00e0 Montr\u00e9al<\/h1>\r\nWSI Digital Marketing se sp\u00e9cialise dans le marketing pour la fabrication B2B en fournissant des solutions de marketing strat\u00e9giques pour le secteur industriel. Nous comprenons les d\u00e9fis auxquels une entreprise de fabrication typique est confront\u00e9e : des cycles de vente plus longs, des publics cibles uniques, la cr\u00e9ation de sites Web visuellement agr\u00e9ables et des visuels pour des produits qui ne sont pas toujours faciles \u00e0 repr\u00e9senter en ligne.\r\n\r\n<strong>Nous pouvons vous aider \u00e0 cr\u00e9er un site Web adaptatif hautement performant !<\/strong>[\/vc_column_text][\/vc_column][vc_column width=\u00a0\u00bb1\/2&Prime; css=\u00a0\u00bb.vc_custom_1560800068379{margin-bottom: 0px !important;}\u00a0\u00bb][vc_raw_html]JTNDaW1nJTIwc3JjJTNEJTIyaHR0cCUzQSUyRiUyRndzaXNtZS5jb20lMkZ3cC1jb250ZW50JTJGdXBsb2FkcyUyRjIwMjElMkYwOCUyRk1hbnVmYWN0dXJpbmctbW9uaXRvci5wbmclMjIlMjBhbHQlM0QlMjJNYW51ZmFjdHVyaW5nJTIwTWFya2V0aW5nJTIwQWdlbmN5JTIwaW4lMjBNb250cmVhbCUyMCUyMiUzRQ==[\/vc_raw_html][\/vc_column][\/vc_row][vc_row visibility=\u00a0\u00bbhidden-desktop\u00a0\u00bb][vc_column css=\u00a0\u00bb.vc_custom_1560800064203{margin-bottom: 0px !important;}\u00a0\u00bb][vc_raw_html]JTNDaW1nJTIwc3JjJTNEJTIyaHR0cCUzQSUyRiUyRndzaXNtZS5jb20lMkZ3cC1jb250ZW50JTJGdXBsb2FkcyUyRjIwMjElMkYwOCUyRk1hbnVmYWN0dXJpbmctbW9uaXRvci5wbmclMjIlMjBhbHQlM0QlMjJNYW51ZmFjdHVyaW5nJTIwTWFya2V0aW5nJTIwQWdlbmN5JTIwaW4lMjBNb250cmVhbCUyMCUyMiUzRQ==[\/vc_raw_html][vc_column_text css=\u00a0\u00bb.vc_custom_1663857717713{margin-top: 20px !important;}\u00a0\u00bb]\r\n<h1>Agence de marketing pour manufacturiers \u00e0 Montr\u00e9al<\/h1>\r\nWSI Digital Marketing se sp\u00e9cialise dans le marketing pour la fabrication B2B en fournissant des solutions de marketing strat\u00e9giques pour le secteur industriel. Nous comprenons les d\u00e9fis auxquels une entreprise de fabrication typique est confront\u00e9e : des cycles de vente plus longs, des publics cibles uniques, la cr\u00e9ation de sites Web visuellement agr\u00e9ables et des visuels pour des produits qui ne sont pas toujours faciles \u00e0 repr\u00e9senter en ligne.\r\n\r\n<strong>Nous pouvons vous aider \u00e0 cr\u00e9er un site Web adaptatif hautement performant !<\/strong>[\/vc_column_text][\/vc_column][\/vc_row][vc_row full_width=\u00a0\u00bbstretch_row_content\u00a0\u00bb el_class=\u00a0\u00bbz-index-minus\u00a0\u00bb visibility=\u00a0\u00bbvisible-desktop\u00a0\u00bb][vc_column][vc_raw_html]JTNDZGl2JTIwY2xhc3MlM0QlMjJzbGFudGVkLWVsZW1lbnQlMjBsYXllcjMlMjIlM0UlMEElMjAlMjAlMjAlMjAlM0NzdmclMjB2ZXJzaW9uJTNEJTIyMS4yJTIyJTIwcHJlc2VydmVBc3BlY3RSYXRpbyUzRCUyMm5vbmUlMjIlMjB2aWV3Qm94JTNEJTIyMCUyMDAlMjA1NiUyMDU2JTIyJTNFJTBBJTIwJTIwJTIwJTIwJTIwJTIwJTNDcG9seWdvbiUyMGNsYXNzJTNEJTIyZmlsbC1jb2xvcjQlMjIlMjBwb2ludHMlM0QlMjIwJTJDNTYlMjA1NiUyQzAlMjA1NiUyQzU2JTIyJTNFJTNDJTJGcG9seWdvbiUzRSUwQSUyMCUyMCUyMCUyMCUzQyUyRnN2ZyUzRSUwQSUyMCUyMCUzQyUyRmRpdiUzRQ==[\/vc_raw_html][\/vc_column][\/vc_row][vc_row full_width=\u00a0\u00bbstretch_row\u00a0\u00bb css=\u00a0\u00bb.vc_custom_1629990084952{margin-top: -40px !important;padding-bottom: 40px !important;background-color: #f2f2f2 !important;}\u00a0\u00bb visibility=\u00a0\u00bbvisible-desktop\u00a0\u00bb][vc_column css=\u00a0\u00bb.vc_custom_1610547492151{padding-top: 40px !important;}\u00a0\u00bb][vc_column_text]\r\n<h2>Marketing manufacturier pour la croissance des entreprises<\/h2>\r\nNotre <a href=\"\/fr\/\">agence de marketing num\u00e9rique de Montr\u00e9al<\/a> sait que chaque entreprise manufacturi\u00e8re est diff\u00e9rente. Nous prenons le temps d\u2019en apprendre davantage sur votre offre de produits et vos avantages par rapport \u00e0 ceux de vos concurrents. Nous en apprendrons \u00e9galement davantage sur votre profil cible afin de cr\u00e9er une strat\u00e9gie de marketing qui construira une base solide en mati\u00e8re de vente et de marketing.[\/vc_column_text][\/vc_column][\/vc_row][vc_row full_width=\u00a0\u00bbstretch_row\u00a0\u00bb visibility=\u00a0\u00bbhidden-desktop\u00a0\u00bb][vc_column css=\u00a0\u00bb.vc_custom_1610547492151{padding-top: 40px !important;}\u00a0\u00bb][vc_column_text]\r\n<h2>Marketing manufacturier pour la croissance des entreprises<\/h2>\r\nNotre <a href=\"\/fr\/\">agence de marketing num\u00e9rique de Montr\u00e9al<\/a> sait que chaque entreprise manufacturi\u00e8re est diff\u00e9rente. Nous prenons le temps d\u2019en apprendre davantage sur votre offre de produits et vos avantages par rapport \u00e0 ceux de vos concurrents. Nous en apprendrons \u00e9galement davantage sur votre profil cible afin de cr\u00e9er une strat\u00e9gie de marketing qui construira une base solide en mati\u00e8re de vente et de marketing.[\/vc_column_text][\/vc_column][\/vc_row][vc_row full_width=\u00a0\u00bbstretch_row\u00a0\u00bb css=\u00a0\u00bb.vc_custom_1629925496959{background-image: url(http:\/\/wsisme.com\/wp-content\/uploads\/2021\/08\/Manufacturing-panel-1-background.jpg?id=8554) !important;background-position: 0 0 !important;background-repeat: no-repeat !important;}\u00a0\u00bb visibility=\u00a0\u00bbvisible-desktop\u00a0\u00bb][vc_column width=\u00a0\u00bb5\/6&Prime;][vc_column_text css=\u00a0\u00bb.vc_custom_1630003084989{padding-top: 40px !important;}\u00a0\u00bb]\r\n<h2>Nous avons travaill\u00e9 avec des entreprises comme la v\u00f4tre. Nous savons quelles strat\u00e9gies fonctionnent le mieux pour vous aider \u00e0 atteindre vos objectifs.<\/h2>\r\n<p style=\"margin-top: 40px;\">Nous comprenons que vous aurez besoin des outils de vente pour guider votre client tout au long de son processus d\u2019achat afin de l\u2019aider \u00e0 se sentir plus confiant dans sa d\u00e9cision, ce qui l\u2019aidera \u00e0 passer plus rapidement \u00e0 la phase d\u2019achat. Nous pouvons vous aider \u00e0 cr\u00e9er des actifs num\u00e9riques pour vous aider \u00e0 pr\u00e9senter les avantages de vos produits tels que :<\/p>\r\n[\/vc_column_text][vc_row_inner css=\u00a0\u00bb.vc_custom_1629925333798{margin-top: 40px !important;}\u00a0\u00bb][vc_column_inner width=\u00a0\u00bb1\/2&Prime; css=\u00a0\u00bb.vc_custom_1630004121443{margin-bottom: 0px !important;}\u00a0\u00bb][vc_column_text]\r\n<ul class=\"portfolio\">\r\n \t<li><i class=\"fas fa-long-arrow-alt-right\"><\/i>Bases de donn\u00e9es et catalogues de produits<\/li>\r\n \t<li><i class=\"fas fa-long-arrow-alt-right\"><\/i>Fiches techniques t\u00e9l\u00e9chargeables de produits<\/li>\r\n \t<li><i class=\"fas fa-long-arrow-alt-right\"><\/i>Infographie<\/li>\r\n \t<li><i class=\"fas fa-long-arrow-alt-right\"><\/i>\u00c9tudes de cas<\/li>\r\n<\/ul>\r\n[\/vc_column_text][\/vc_column_inner][vc_column_inner width=\u00a0\u00bb1\/2&Prime; css=\u00a0\u00bb.vc_custom_1630004126546{margin-bottom: 0px !important;}\u00a0\u00bb][vc_column_text]\r\n<ul class=\"portfolio\">\r\n \t<li><i class=\"fas fa-long-arrow-alt-right\"><\/i>Photographie professionnelle<\/li>\r\n \t<li><i class=\"fas fa-long-arrow-alt-right\"><\/i>Infolettres de marketing par courriel<\/li>\r\n \t<li><i class=\"fas fa-long-arrow-alt-right\"><\/i>Tableaux de comparaison<\/li>\r\n \t<li><i class=\"fas fa-long-arrow-alt-right\"><\/i>Diaporamas cr\u00e9atifs pour les pr\u00e9sentations commerciales<\/li>\r\n<\/ul>\r\n[\/vc_column_text][\/vc_column_inner][\/vc_row_inner][\/vc_column][vc_column width=\u00a0\u00bb1\/6&Prime;][\/vc_column][\/vc_row][vc_row visibility=\u00a0\u00bbhidden-desktop\u00a0\u00bb css=\u00a0\u00bb.vc_custom_1629990972506{margin-bottom: 0px !important;}\u00a0\u00bb][vc_column][vc_column_text]\r\n<h2>Nous avons travaill\u00e9 avec des entreprises comme la v\u00f4tre. Nous savons quelles strat\u00e9gies fonctionnent le mieux pour vous aider \u00e0 atteindre vos objectifs.<\/h2>\r\n<p style=\"margin-top: 40px;\">Nous comprenons que vous aurez besoin des outils de vente pour guider votre client tout au long de son processus d\u2019achat afin de l\u2019aider \u00e0 se sentir plus confiant dans sa d\u00e9cision, ce qui l\u2019aidera \u00e0 passer plus rapidement \u00e0 la phase d\u2019achat. Nous pouvons vous aider \u00e0 cr\u00e9er des actifs num\u00e9riques pour vous aider \u00e0 pr\u00e9senter les avantages de vos produits tels que :<\/p>\r\n[\/vc_column_text][vc_row_inner css=\u00a0\u00bb.vc_custom_1629990968240{margin-top: 40px !important;margin-bottom: 0px !important;}\u00a0\u00bb][vc_column_inner css=\u00a0\u00bb.vc_custom_1629990964319{margin-bottom: 0px !important;}\u00a0\u00bb][vc_column_text]\r\n<ul class=\"portfolio\">\r\n \t<li><i class=\"fas fa-long-arrow-alt-right\"><\/i>Bases de donn\u00e9es et catalogues de produits<\/li>\r\n \t<li><i class=\"fas fa-long-arrow-alt-right\"><\/i>Fiches techniques t\u00e9l\u00e9chargeables de produits<\/li>\r\n \t<li><i class=\"fas fa-long-arrow-alt-right\"><\/i>Infographie<\/li>\r\n \t<li><i class=\"fas fa-long-arrow-alt-right\"><\/i>\u00c9tudes de cas<\/li>\r\n \t<li><i class=\"fas fa-long-arrow-alt-right\"><\/i>Photographie professionnelle<\/li>\r\n \t<li><i class=\"fas fa-long-arrow-alt-right\"><\/i>Infolettres de marketing par courriel<\/li>\r\n \t<li><i class=\"fas fa-long-arrow-alt-right\"><\/i>Tableaux de comparaison<\/li>\r\n \t<li><i class=\"fas fa-long-arrow-alt-right\"><\/i>Diaporamas cr\u00e9atifs pour les pr\u00e9sentations commerciales<\/li>\r\n<\/ul>\r\n[\/vc_column_text][\/vc_column_inner][\/vc_row_inner][\/vc_column][\/vc_row][vc_row full_width=\u00a0\u00bbstretch_row\u00a0\u00bb content_placement=\u00a0\u00bbmiddle\u00a0\u00bb css=\u00a0\u00bb.vc_custom_1636034010369{background-image: url(http:\/\/wsisme.com\/wp-content\/uploads\/2021\/08\/Manufacturing-panel-2-background.jpg?id=8556) !important;background-position: center !important;background-repeat: no-repeat !important;background-size: cover !important;}\u00a0\u00bb visibility=\u00a0\u00bbvisible-desktop\u00a0\u00bb el_class=\u00a0\u00bbh500 positonfix\u00a0\u00bb][vc_column width=\u00a0\u00bb1\/2&Prime;][\/vc_column][vc_column width=\u00a0\u00bb1\/2&Prime;][vc_column_text css=\u00a0\u00bb.vc_custom_1630003208261{padding-top: 40px !important;}\u00a0\u00bb el_class=\u00a0\u00bbwhite\u00a0\u00bb]\r\n<h2 class=\"white\" style=\"text-align: right;\">Sites Web de haute performance<\/h2>\r\n<p class=\"white\" style=\"text-align: right;\">Nous pouvons vous aider \u00e0 am\u00e9liorer les domaines cl\u00e9s de votre site Web actuel &#8211; ou vous aider \u00e0 en cr\u00e9er un nouveau \u00e0 partir de z\u00e9ro pour g\u00e9n\u00e9rer plus de trafic, convertir plus de prospects et entretenir les acheteurs potentiels pour les faire avancer plus rapidement dans le cycle de vente.<\/p>\r\n[\/vc_column_text][\/vc_column][\/vc_row][vc_row full_width=\u00a0\u00bbstretch_row\u00a0\u00bb content_placement=\u00a0\u00bbmiddle\u00a0\u00bb css=\u00a0\u00bb.vc_custom_1629990320465{background-position: 0 0 !important;background-repeat: no-repeat !important;}\u00a0\u00bb visibility=\u00a0\u00bbhidden-desktop\u00a0\u00bb][vc_column][vc_column_text]\r\n<h2 style=\"text-align: left;\">Sites Web de haute performance<\/h2>\r\n<p style=\"text-align: left;\">Nous pouvons vous aider \u00e0 am\u00e9liorer les domaines cl\u00e9s de votre site Web actuel &#8211; ou vous aider \u00e0 en cr\u00e9er un nouveau \u00e0 partir de z\u00e9ro pour g\u00e9n\u00e9rer plus de trafic, convertir plus de prospects et entretenir les acheteurs potentiels pour les faire avancer plus rapidement dans le cycle de vente.<\/p>\r\n[\/vc_column_text][\/vc_column][\/vc_row][vc_row css=\u00a0\u00bb.vc_custom_1629985597575{margin-top: 40px !important;}\u00a0\u00bb][vc_column][vc_column_text]\r\n<h2 style=\"text-align: center;\">Comment nos services de marketing num\u00e9rique peuvent-ils vous aider \u00e0 accro\u00eetre votre visibilit\u00e9 ?<\/h2>\r\n[\/vc_column_text][vc_row_inner css=\u00a0\u00bb.vc_custom_1629985816550{margin-top: 60px !important;}\u00a0\u00bb][vc_column_inner width=\u00a0\u00bb1\/3&Prime;][vc_single_image image=\u00a0\u00bb8559&Prime; alignment=\u00a0\u00bbcenter\u00a0\u00bb][vc_column_text css=\u00a0\u00bb.vc_custom_1635994764168{margin-top: 40px !important;}\u00a0\u00bb]\r\n<h2 style=\"text-align: center;\">SEO<\/h2>\r\n&nbsp;\r\n<p style=\"text-align: center;\">Nos experts en <a href=\"http:\/\/wsisme.com\/fr\/services-de-marketing-numerique\/referencement-naturel-seo\/\">r\u00e9f\u00e9rencement naturel \u00e0 Montr\u00e9al<\/a> ont les connaissances pour am\u00e9liorer le classement des moteurs de recherche pour les mots-cl\u00e9s que vos clients\u00a0 recherchent. Un investissement dans le r\u00e9f\u00e9rencement est une sage d\u00e9cision qui sera rentable \u00e0 long terme.<\/p>\r\n[\/vc_column_text][\/vc_column_inner][vc_column_inner width=\u00a0\u00bb1\/3&Prime;][vc_single_image image=\u00a0\u00bb8579&Prime; alignment=\u00a0\u00bbcenter\u00a0\u00bb][vc_column_text css=\u00a0\u00bb.vc_custom_1630003294237{margin-top: 40px !important;}\u00a0\u00bb]\r\n<h2 style=\"text-align: center;\">Marketing payant<\/h2>\r\n&nbsp;\r\n<p style=\"text-align: center;\">Nos campagnes Google Adwords peuvent positionner vos produits en haut des pages de recherche pertinentes, ce qui permet aux visiteurs de facilement trouver vos produits ou vos services. Il s\u2019agit d\u2019une forme de marketing tr\u00e8s cibl\u00e9e qui offre des r\u00e9sultats rapides.<\/p>\r\n[\/vc_column_text][\/vc_column_inner][vc_column_inner width=\u00a0\u00bb1\/3&Prime;][vc_single_image image=\u00a0\u00bb8559&Prime; alignment=\u00a0\u00bbcenter\u00a0\u00bb][vc_column_text css=\u00a0\u00bb.vc_custom_1630003321966{margin-top: 40px !important;}\u00a0\u00bb]\r\n<h2 style=\"text-align: center;\">Marketing de contenu<\/h2>\r\n&nbsp;\r\n<p style=\"text-align: center;\">Notre <a href=\"http:\/\/wsisme.com\/fr\/services-de-marketing-numerique\/marketing-de-contenu\/\">\u00e9quipe de marketing de contenu \u00e0 Montr\u00e9al<\/a> peut cr\u00e9er du contenu bilingue pour cibler vos clients potentiels, les informant des caract\u00e9ristiques et des avantages de vos produits, leur permettant de comparer pourquoi vos produits surpassent ceux de vos concurrents.<\/p>\r\n[\/vc_column_text][\/vc_column_inner][\/vc_row_inner][\/vc_column][\/vc_row][vc_row][vc_column][vc_column_text]\r\n<h2 style=\"text-align: center;\">Nous sommes fiers de travailler avec les fabricants suivants :<\/h2>\r\n[\/vc_column_text][vc_row_inner content_placement=\u00a0\u00bbmiddle\u00a0\u00bb css=\u00a0\u00bb.vc_custom_1629985772870{margin-top: 60px !important;}\u00a0\u00bb][vc_column_inner width=\u00a0\u00bb1\/4&Prime;][vc_single_image image=\u00a0\u00bb8563&Prime; alignment=\u00a0\u00bbcenter\u00a0\u00bb onclick=\u00a0\u00bbcustom_link\u00a0\u00bb img_link_target=\u00a0\u00bb_blank\u00a0\u00bb link=\u00a0\u00bbhttps:\/\/www.viablepower.com\u00a0\u00bb][\/vc_column_inner][vc_column_inner width=\u00a0\u00bb1\/4&Prime;][vc_single_image image=\u00a0\u00bb8565&Prime; alignment=\u00a0\u00bbcenter\u00a0\u00bb onclick=\u00a0\u00bbcustom_link\u00a0\u00bb img_link_target=\u00a0\u00bb_blank\u00a0\u00bb link=\u00a0\u00bbhttps:\/\/www.ddrgtca.ca\/fr\u00a0\u00bb][\/vc_column_inner][vc_column_inner width=\u00a0\u00bb1\/4&Prime;][vc_single_image image=\u00a0\u00bb8567&Prime; alignment=\u00a0\u00bbcenter\u00a0\u00bb onclick=\u00a0\u00bbcustom_link\u00a0\u00bb img_link_target=\u00a0\u00bb_blank\u00a0\u00bb link=\u00a0\u00bbhttps:\/\/terragon.net\/fr\u00a0\u00bb][\/vc_column_inner][vc_column_inner width=\u00a0\u00bb1\/4&Prime;][vc_single_image image=\u00a0\u00bb8569&Prime; alignment=\u00a0\u00bbcenter\u00a0\u00bb onclick=\u00a0\u00bbcustom_link\u00a0\u00bb img_link_target=\u00a0\u00bb_blank\u00a0\u00bb link=\u00a0\u00bbhttps:\/\/norgascontrols.com\/fr\/\u00a0\u00bb][\/vc_column_inner][\/vc_row_inner][vc_row_inner content_placement=\u00a0\u00bbmiddle\u00a0\u00bb css=\u00a0\u00bb.vc_custom_1629985777046{margin-top: 60px !important;}\u00a0\u00bb][vc_column_inner width=\u00a0\u00bb1\/3&Prime;][vc_single_image image=\u00a0\u00bb8571&Prime; alignment=\u00a0\u00bbcenter\u00a0\u00bb onclick=\u00a0\u00bbcustom_link\u00a0\u00bb img_link_target=\u00a0\u00bb_blank\u00a0\u00bb link=\u00a0\u00bbhttps:\/\/www.micomlab.com\/fr\u00a0\u00bb][\/vc_column_inner][vc_column_inner width=\u00a0\u00bb1\/3&Prime;][vc_single_image image=\u00a0\u00bb8573&Prime; alignment=\u00a0\u00bbcenter\u00a0\u00bb onclick=\u00a0\u00bbcustom_link\u00a0\u00bb img_link_target=\u00a0\u00bb_blank\u00a0\u00bb link=\u00a0\u00bbhttps:\/\/www.idgroup.ca\u00a0\u00bb][\/vc_column_inner][vc_column_inner width=\u00a0\u00bb1\/3&Prime;][vc_single_image image=\u00a0\u00bb8575&Prime; alignment=\u00a0\u00bbcenter\u00a0\u00bb onclick=\u00a0\u00bbcustom_link\u00a0\u00bb img_link_target=\u00a0\u00bb_blank\u00a0\u00bb link=\u00a0\u00bbhttps:\/\/www.qedwire.com\/fr\/a-propos-de-qed\/\u00a0\u00bb][\/vc_column_inner][\/vc_row_inner][\/vc_column][\/vc_row][vc_row full_width=\u00a0\u00bbstretch_row\u00a0\u00bb content_placement=\u00a0\u00bbmiddle\u00a0\u00bb css=\u00a0\u00bb.vc_custom_1629987659143{margin-top: 0px !important;margin-bottom: 0px !important;padding-top: 30px !important;background-image: url(http:\/\/wsisme.com\/wp-content\/uploads\/2021\/08\/Manufacturing-panel-3-background.jpg?id=8576) !important;background-position: 0 0 !important;background-repeat: no-repeat !important;}\u00a0\u00bb el_class=\u00a0\u00bblist-sty h530&Prime;][vc_column width=\u00a0\u00bb2\/3&Prime;][vc_column_text el_class=\u00a0\u00bbwhite\u00a0\u00bb]\r\n<h3 class=\"white\"><strong><a class=\"hovercolorfree\" style=\"color: #ffffff; text-decoration: none;\" href=\"http:\/\/wsisme.com\/fr\/nous-joindre\/\">Contactez<\/a><\/strong> notre \u00e9quipe sp\u00e9cialis\u00e9e en marketing manufacturier \u00e0 Montr\u00e9al et laissez-nous trouver une strat\u00e9gie pour vous d\u00e9marquer de vos concurrents.<\/h3>\r\n<p class=\"white\" style=\"margin-top: 20px;\">Nous offrons une CONSULTATION GRATUITE pour voir s\u2019il y a une bonne affinit\u00e9 entre nous.<\/p>\r\n[\/vc_column_text][vc_single_image image=\u00a0\u00bb8586&Prime; css=\u00a0\u00bb.vc_custom_1630007102696{margin-top: 40px !important;}\u00a0\u00bb][\/vc_column][vc_column width=\u00a0\u00bb1\/3&Prime;][\/vc_column][\/vc_row][vc_row full_width=\u00a0\u00bbstretch_row_content\u00a0\u00bb css=\u00a0\u00bb.vc_custom_1574888709427{margin-top: 80px !important;}\u00a0\u00bb][vc_column css=\u00a0\u00bb.vc_custom_1574967204025{margin-bottom: 0px !important;}\u00a0\u00bb el_class=\u00a0\u00bbnomob\u00a0\u00bb][vc_raw_html]JTNDZGl2JTIwY2xhc3MlM0QlMjJzbGFudGVkLWVsZW1lbnQlMjBsYXllcjMlMjIlM0UlMEElMjAlMjAlMjAlMjAlM0NzdmclMjB2ZXJzaW9uJTNEJTIyMS4yJTIyJTIwcHJlc2VydmVBc3BlY3RSYXRpbyUzRCUyMm5vbmUlMjIlMjB2aWV3Qm94JTNEJTIyMCUyMDAlMjA1NiUyMDU2JTIyJTNFJTBBJTIwJTIwJTIwJTIwJTIwJTIwJTNDcG9seWdvbiUyMGNsYXNzJTNEJTIyZmlsbC1jb2xvcjQlMjIlMjBwb2ludHMlM0QlMjIwJTJDNTYlMjA1NiUyQzAlMjA1NiUyQzU2JTIyJTNFJTNDJTJGcG9seWdvbiUzRSUwQSUyMCUyMCUyMCUyMCUzQyUyRnN2ZyUzRSUwQSUyMCUyMCUzQyUyRmRpdiUzRQ==[\/vc_raw_html][\/vc_column][\/vc_row][vc_row full_width=\u00a0\u00bbstretch_row\u00a0\u00bb css=\u00a0\u00bb.vc_custom_1574889163340{margin-top: -1px !important;padding-bottom: 50px !important;background-color: #f2f2f2 !important;}\u00a0\u00bb][vc_column][vc_single_image image=\u00a0\u00bb7787&Prime; el_class=\u00a0\u00bbquoteup posrelative\u00a0\u00bb]<h2 class=\"vcex-module vcex-heading vcex-heading-plain portfolio w640\" style=\"text-align:center;\"><span class=\"vcex-heading-inner clr\">C\u2019\u00e9tait un plaisir de travailler avec l\u2019\u00e9quipe WSI, rendant un processus compliqu\u00e9 facile \u00e0 g\u00e9rer pour nous.<\/span><\/h2>[vc_column_text css=\u00a0\u00bb.vc_custom_1630003611923{margin-top: 40px !important;}\u00a0\u00bb]\r\n<p style=\"text-align: center;\">Chris et son \u00e9quipe sont des professionnels de premier ordre dans leur domaine. Nous les avons embauch\u00e9s pour notre nouveau site Web \u00e0 forte teneur en contenu et nous ne pouvions pas \u00eatre plus satisfaits du processus et des r\u00e9sultats. Nos clients adorent le nouveau site. Nous estimons qu\u2019il repr\u00e9sente extr\u00eamement bien notre \u00e9quipe, notre offre, nos partenaires et notre communaut\u00e9 d\u2019affaires de l\u2019Ouest-de-l\u2019\u00cele. En raison de la fa\u00e7on dont WSI l\u2019a organis\u00e9 pour nous, nous sommes convaincus que le site continuera d\u2019\u00eatre une voie de communication dynamique pour les ann\u00e9es \u00e0 venir. C\u2019\u00e9tait un plaisir de travailler avec l\u2019\u00e9quipe WSI, rendant un processus compliqu\u00e9 facile \u00e0 g\u00e9rer pour nous, et nous avons maintenu avec joie une relation avec eux. Chris est devenu une ressource inestimable, pour sa connaissance approfondie du Web, sa compr\u00e9hension du marketing, sa capacit\u00e9 d\u2019\u00e9coute de ses clients, son efficacit\u00e9 remarquable et sa fiabilit\u00e9 compl\u00e8te. Fortement recommand\u00e9s\u2009!<\/p>\r\n<p style=\"text-align: center;\"><strong>Michel Comtois M.Sc. \u2502 President, Micom Laboratory Inc.<\/strong><\/p>\r\n[\/vc_column_text][vc_separator color=\u00a0\u00bbcustom\u00a0\u00bb border_width=\u00a0\u00bb4&Prime; el_width=\u00a0\u00bb10&Prime; accent_color=\u00a0\u00bb#65a5be\u00a0\u00bb css=\u00a0\u00bb.vc_custom_1574888908783{margin-top: 40px !important;}\u00a0\u00bb][\/vc_column][\/vc_row][vc_row][vc_column][vc_column_text]\r\n<div class=\"wsi-module shoutbox-cta bg-color4\">\r\n<div class=\"split-bg bg-color5\"><\/div>\r\n<div class=\"wsi-site-wrapper h-padding\">\r\n<div class=\"wsi-content-wrapper\">\r\n<div class=\"sbcta-wrapper col12 tab8 mob4 halign-center shadow border-radius flex flex-wrap flex-center space-between bg-color5\">\r\n<div class=\"sbcta-text col8 tab5 mob4\">\r\n<h3 class=\"title-3\">Vous avez une vision. Nous vous aidons \u00e0 la concr\u00e9tiser.<\/h3>\r\n<\/div>\r\n<div class=\"sbcta-button col4 tab3 mob4 text-right\">\r\n\r\n<span id=\"hs-cta-wrapper-5232abdf-93a8-4de9-b6db-e65a0340d753\" class=\"hs-cta-wrapper\"><span id=\"hs-cta-5232abdf-93a8-4de9-b6db-e65a0340d753\" class=\"hs-cta-node hs-cta-5232abdf-93a8-4de9-b6db-e65a0340d753\" style=\"visibility: visible;\" data-hs-drop=\"true\"><a id=\"cta_button_434177_b29aaa79-2f7e-4cdf-b541-a125c172c0d0\" class=\"cta_button solid-green large-button\" title=\"LET'S GET STARTED\" href=\"http:\/\/wsisme.com\/fr\/parlez-nous\/\">COMMEN\u00c7ONS<\/a><\/span><\/span>\r\n\r\n<\/div>\r\n<\/div>\r\n<\/div>\r\n<\/div>\r\n<\/div>\r\n[\/vc_column_text][\/vc_column][\/vc_row]<\/div>","protected":false},"excerpt":{"rendered":"[vc_row visibility=\u00a0\u00bbvisible-desktop\u00a0\u00bb css=\u00a0\u00bb.vc_custom_1630009067198{margin-bottom: 28px !important;}\u00a0\u00bb][vc_column width=\u00a0\u00bb1\/2&Prime; css=\u00a0\u00bb.vc_custom_1560800064203{margin-bottom: 0px !important;}\u00a0\u00bb][vc_column_text] Agence de marketing pour manufacturiers \u00e0 Montr\u00e9al WSI Digital Marketing se sp\u00e9cialise dans le marketing pour la fabrication B2B en fournissant des solutions de marketing strat\u00e9giques pour le secteur industriel. Nous&hellip;","protected":false},"author":2,"featured_media":0,"parent":8046,"menu_order":19,"comment_status":"closed","ping_status":"closed","template":"","meta":{"_acf_changed":false,"footnotes":""},"class_list":["post-8583","page","type-page","status-publish","hentry","entry","no-media"],"acf":[],"_links":{"self":[{"href":"https:\/\/wsisme.com\/fr\/wp-json\/wp\/v2\/pages\/8583","targetHints":{"allow":["GET"]}}],"collection":[{"href":"https:\/\/wsisme.com\/fr\/wp-json\/wp\/v2\/pages"}],"about":[{"href":"https:\/\/wsisme.com\/fr\/wp-json\/wp\/v2\/types\/page"}],"author":[{"embeddable":true,"href":"https:\/\/wsisme.com\/fr\/wp-json\/wp\/v2\/users\/2"}],"replies":[{"embeddable":true,"href":"https:\/\/wsisme.com\/fr\/wp-json\/wp\/v2\/comments?post=8583"}],"version-history":[{"count":6,"href":"https:\/\/wsisme.com\/fr\/wp-json\/wp\/v2\/pages\/8583\/revisions"}],"predecessor-version":[{"id":9407,"href":"https:\/\/wsisme.com\/fr\/wp-json\/wp\/v2\/pages\/8583\/revisions\/9407"}],"up":[{"embeddable":true,"href":"https:\/\/wsisme.com\/fr\/wp-json\/wp\/v2\/pages\/8046"}],"wp:attachment":[{"href":"https:\/\/wsisme.com\/fr\/wp-json\/wp\/v2\/media?parent=8583"}],"curies":[{"name":"wp","href":"https:\/\/api.w.org\/{rel}","templated":true}]}}