{"id":8654,"date":"2021-10-22T10:36:23","date_gmt":"2021-10-22T10:36:23","guid":{"rendered":"http:\/\/wsisme.com\/services-de-marketing-numerique\/paid-marketing\/"},"modified":"2024-01-04T16:30:00","modified_gmt":"2024-01-04T16:30:00","slug":"referencement-payant","status":"publish","type":"page","link":"https:\/\/wsisme.com\/fr\/services-de-marketing-numerique\/referencement-payant\/","title":{"rendered":"R\u00e9f\u00e9rencement payant"},"content":{"rendered":"<div class=\"wpb-content-wrapper\">[vc_row css=\u00a0\u00bb.vc_custom_1610546751228{margin-bottom: 0px !important;}\u00a0\u00bb visibility=\u00a0\u00bbvisible-desktop\u00a0\u00bb][vc_column width=\u00a0\u00bb1\/2&Prime; css=\u00a0\u00bb.vc_custom_1560800064203{margin-bottom: 0px !important;}\u00a0\u00bb][vc_column_text]\r\n<h1>R\u00e9f\u00e9rencement payant<\/h1>\r\n<h2>G\u00e9n\u00e9rer plus de prospects et de ventes qualifi\u00e9s sur votre site Web avec le PPC<\/h2>\r\nLa publicit\u00e9 PPC (Pay-per-Click) est une tactique de marketing dans laquelle votre annonce sera affich\u00e9e \u00e0 votre public cible qui recherche des mots-cl\u00e9s sp\u00e9cifiques. L\u2019ex\u00e9cution d\u2019une campagne PPC, en particulier dans le cadre d\u2019une strat\u00e9gie de marketing de recherche plus large, peut \u00eatre un moyen tr\u00e8s efficace de g\u00e9n\u00e9rer rapidement des prospects et des ventes qualifi\u00e9s.[\/vc_column_text][\/vc_column][vc_column width=\u00a0\u00bb1\/2&Prime; css=\u00a0\u00bb.vc_custom_1560800068379{margin-bottom: 0px !important;}\u00a0\u00bb][vc_raw_html]JTNDaW1nJTIwc3JjJTNEJTIyaHR0cCUzQSUyRiUyRndzaXNtZS5jb20lMkZ3cC1jb250ZW50JTJGdXBsb2FkcyUyRjIwMjElMkYxMCUyRk1vbml0b3ItRlItMS5wbmclMjIlMjBhbHQlM0QlMjJQYWlkJTIwTWFya2V0aW5nJTIwQWdlbmN5JTIwaW4lMjBNb250cmVhbCUyMCUyMiUzRQ==[\/vc_raw_html][\/vc_column][\/vc_row][vc_row visibility=\u00a0\u00bbhidden-desktop\u00a0\u00bb][vc_column css=\u00a0\u00bb.vc_custom_1560800064203{margin-bottom: 0px !important;}\u00a0\u00bb][vc_raw_html]JTNDaW1nJTIwc3JjJTNEJTIyaHR0cCUzQSUyRiUyRndzaXNtZS5jb20lMkZ3cC1jb250ZW50JTJGdXBsb2FkcyUyRjIwMjElMkYxMCUyRk1vbml0b3ItRlItMS5wbmclMjIlMjBhbHQlM0QlMjJQYWlkJTIwTWFya2V0aW5nJTIwQWdlbmN5JTIwaW4lMjBNb250cmVhbCUyMCUyMiUzRQ==[\/vc_raw_html][vc_column_text css=\u00a0\u00bb.vc_custom_1664474951372{margin-top: 20px !important;}\u00a0\u00bb]\r\n<h1>R\u00e9f\u00e9rencement payant<\/h1>\r\n<h5>G\u00e9n\u00e9rer plus de prospects et de ventes qualifi\u00e9s sur votre site Web avec le PPC<\/h5>\r\nLa publicit\u00e9 PPC (Pay-per-Click) est une tactique de marketing dans laquelle votre annonce sera affich\u00e9e \u00e0 votre public cible qui recherche des mots-cl\u00e9s sp\u00e9cifiques. L\u2019ex\u00e9cution d\u2019une campagne PPC, en particulier dans le cadre d\u2019une strat\u00e9gie de marketing de recherche plus large, peut \u00eatre un moyen tr\u00e8s efficace de g\u00e9n\u00e9rer rapidement des prospects et des ventes qualifi\u00e9s.[\/vc_column_text][\/vc_column][\/vc_row][vc_row full_width=\u00a0\u00bbstretch_row_content\u00a0\u00bb css=\u00a0\u00bb.vc_custom_1635353575712{margin-top: 100px !important;}\u00a0\u00bb el_class=\u00a0\u00bbz-index-minus\u00a0\u00bb visibility=\u00a0\u00bbvisible-desktop\u00a0\u00bb][vc_column][vc_raw_html]JTNDZGl2JTIwY2xhc3MlM0QlMjJzbGFudGVkLWVsZW1lbnQlMjBsYXllcjMlMjIlM0UlMEElMjAlMjAlMjAlMjAlM0NzdmclMjB2ZXJzaW9uJTNEJTIyMS4yJTIyJTIwcHJlc2VydmVBc3BlY3RSYXRpbyUzRCUyMm5vbmUlMjIlMjB2aWV3Qm94JTNEJTIyMCUyMDAlMjA1NiUyMDU2JTIyJTNFJTBBJTIwJTIwJTIwJTIwJTIwJTIwJTNDcG9seWdvbiUyMGNsYXNzJTNEJTIyZmlsbC1jb2xvcjQlMjIlMjBwb2ludHMlM0QlMjIwJTJDNTYlMjA1NiUyQzAlMjA1NiUyQzU2JTIyJTNFJTNDJTJGcG9seWdvbiUzRSUwQSUyMCUyMCUyMCUyMCUzQyUyRnN2ZyUzRSUwQSUyMCUyMCUzQyUyRmRpdiUzRQ==[\/vc_raw_html][\/vc_column][\/vc_row][vc_row full_width=\u00a0\u00bbstretch_row\u00a0\u00bb css=\u00a0\u00bb.vc_custom_1629990084952{margin-top: -40px !important;padding-bottom: 40px !important;background-color: #f2f2f2 !important;}\u00a0\u00bb visibility=\u00a0\u00bbvisible-desktop\u00a0\u00bb][vc_column css=\u00a0\u00bb.vc_custom_1610547492151{padding-top: 40px !important;}\u00a0\u00bb][vc_column_text]\r\n<h2>La recherche et l\u2019intention des mots-cl\u00e9s sont essentielles<\/h2>\r\nLa cl\u00e9 du succ\u00e8s d\u2019une campagne PPC r\u00e9side dans la recherche et la s\u00e9lection des mots-cl\u00e9s ou des termes de recherche les plus pertinents afin d\u2019\u00eatre les plus visibles pour votre march\u00e9 cible et de cr\u00e9er le taux de conversion le plus \u00e9lev\u00e9. Cela implique \u00e9galement une analyse de la concurrence et de l\u2019industrie, ainsi qu\u2019une analyse des tendances de recherche. [\/vc_column_text][\/vc_column][\/vc_row][vc_row full_width=\u00a0\u00bbstretch_row\u00a0\u00bb visibility=\u00a0\u00bbhidden-desktop\u00a0\u00bb][vc_column css=\u00a0\u00bb.vc_custom_1610547492151{padding-top: 40px !important;}\u00a0\u00bb][vc_column_text]\r\n<h2>La recherche et l\u2019intention des mots-cl\u00e9s sont essentielles<\/h2>\r\nLa cl\u00e9 du succ\u00e8s d\u2019une campagne PPC r\u00e9side dans la recherche et la s\u00e9lection des mots-cl\u00e9s ou des termes de recherche les plus pertinents afin d\u2019\u00eatre les plus visibles pour votre march\u00e9 cible et de cr\u00e9er le taux de conversion le plus \u00e9lev\u00e9. Cela implique \u00e9galement une analyse de la concurrence et de l\u2019industrie, ainsi qu\u2019une analyse des tendances de recherche. [\/vc_column_text][\/vc_column][\/vc_row][vc_row full_width=\u00a0\u00bbstretch_row\u00a0\u00bb css=\u00a0\u00bb.vc_custom_1634901158899{background-image: url(http:\/\/wsisme.com\/wp-content\/uploads\/2021\/10\/PPC-panel-1.jpg?id=8636) !important;background-position: center !important;background-repeat: no-repeat !important;background-size: cover !important;}\u00a0\u00bb visibility=\u00a0\u00bbvisible-desktop\u00a0\u00bb wpex_bg_position=\u00a0\u00bbcenter center\u00a0\u00bb][vc_column width=\u00a0\u00bb1\/2&Prime;][vc_column_text css=\u00a0\u00bb.vc_custom_1664475112536{padding-top: 40px !important;}\u00a0\u00bb color=\u00a0\u00bb#ffffff\u00a0\u00bb]\r\n<h2>Le PPC est un outil tr\u00e8s efficace et rentable de marketing<\/h2>\r\n<p style=\"margin-top: 40px;\">Le PPC peut \u00eatre un outil de marketing tr\u00e8s efficace et rentable, s\u2019il est configur\u00e9 correctement. La cl\u00e9 du succ\u00e8s dans le r\u00e9f\u00e9rencement payant est de comprendre quels mots-cl\u00e9s les clients utilisent lorsqu\u2019ils sont int\u00e9ress\u00e9s par l\u2019achat tout en \u00e9vitant les mots-cl\u00e9s qui sont souvent utilis\u00e9s uniquement pour la recherche d\u2019information. Travailler avec une agence de publicit\u00e9 PPC de confiance qui offre des services de gestion PPC vous assurera de trouver les bons mots-cl\u00e9s au meilleur prix.<\/p>\r\n[\/vc_column_text][\/vc_column][vc_column width=\u00a0\u00bb1\/2&Prime;][\/vc_column][\/vc_row][vc_row visibility=\u00a0\u00bbhidden-desktop\u00a0\u00bb css=\u00a0\u00bb.vc_custom_1634901049082{margin-bottom: 0px !important;background-image: url(http:\/\/wsisme.com\/wp-content\/uploads\/2021\/10\/PPC-panel-1.jpg?id=8636) !important;}\u00a0\u00bb][vc_column css=\u00a0\u00bb.vc_custom_1634918780288{padding-top: 40px !important;padding-bottom: 40px !important;}\u00a0\u00bb][vc_column_text color=\u00a0\u00bb#ffffff\u00a0\u00bb]\r\n<h2 style=\"margin-bottom: 20px;\">Le PPC est un outil tr\u00e8s efficace et rentable de marketing<\/h2>\r\nLe PPC peut \u00eatre un outil de marketing tr\u00e8s efficace et rentable, s\u2019il est configur\u00e9 correctement. La cl\u00e9 du succ\u00e8s dans le r\u00e9f\u00e9rencement payant est de comprendre quels mots-cl\u00e9s les clients utilisent lorsqu\u2019ils sont int\u00e9ress\u00e9s par l\u2019achat tout en \u00e9vitant les mots-cl\u00e9s qui sont souvent utilis\u00e9s uniquement pour la recherche d\u2019information. Travailler avec une agence de publicit\u00e9 PPC de confiance qui offre des services de gestion PPC vous assurera de trouver les bons mots-cl\u00e9s au meilleur prix.[\/vc_column_text][\/vc_column][\/vc_row][vc_row full_width=\u00a0\u00bbstretch_row\u00a0\u00bb content_placement=\u00a0\u00bbmiddle\u00a0\u00bb css=\u00a0\u00bb.vc_custom_1634911874702{background-position: 0 0 !important;background-repeat: no-repeat !important;}\u00a0\u00bb visibility=\u00a0\u00bbvisible-desktop\u00a0\u00bb][vc_column width=\u00a0\u00bb1\/2&Prime;][vc_single_image image=\u00a0\u00bb8639&Prime;][\/vc_column][vc_column width=\u00a0\u00bb1\/2&Prime;][vc_column_text css=\u00a0\u00bb.vc_custom_1664475776939{padding-top: 40px !important;}\u00a0\u00bb el_class=\u00a0\u00bbwhite\u00a0\u00bb]\r\n<h2 style=\"text-align: left;\">Maximiser votre retour sur investissement<\/h2>\r\n<p style=\"text-align: left;\">Le co\u00fbt par clic est d\u00e9cid\u00e9 par des facteurs du march\u00e9, tels que la popularit\u00e9 du mot-cl\u00e9 choisi, la fr\u00e9quence \u00e0 laquelle il a \u00e9t\u00e9 cliqu\u00e9 historiquement et le nombre de clics \u00e9valu\u00e9s dans le pass\u00e9. Cela signifie que les termes de recherche Google plus populaires co\u00fbteront plus cher. L\u2019essentiel est de trouver le plus de valeur tout en maximisant les clics des personnes qui sont votre march\u00e9 cible.<\/p>\r\n<p style=\"text-align: left;\">Si vous offrez un produit ou un service plus populaire, pour lequel il existe plusieurs centaines ou plusieurs milliers de recherches quotidiennes, la recherche et l\u2019analyse de votre entreprise et de sa position dans votre \u00e9conomie g\u00e9ographique, nous permettrons d\u2019identifier les perles rares de mots-cl\u00e9s qui sont plus sp\u00e9cifiques \u00e0 ce que vous faites exactement. Cela permettra \u00e0 ceux qui effectuent une recherche de vous trouver facilement, tout en vous donnant un bon rapport qualit\u00e9-prix en ce qui concerne le prix pay\u00e9 pour votre campagne PPC.<\/p>\r\n[\/vc_column_text][\/vc_column][\/vc_row][vc_row full_width=\u00a0\u00bbstretch_row\u00a0\u00bb content_placement=\u00a0\u00bbmiddle\u00a0\u00bb css=\u00a0\u00bb.vc_custom_1634902052993{background-position: 0 0 !important;background-repeat: no-repeat !important;}\u00a0\u00bb visibility=\u00a0\u00bbhidden-desktop\u00a0\u00bb][vc_column][vc_single_image image=\u00a0\u00bb8639&Prime;][vc_column_text]\r\n<h2 style=\"text-align: left;\">Maximiser votre retour sur investissement<\/h2>\r\n<p style=\"text-align: left;\">Le co\u00fbt par clic est d\u00e9cid\u00e9 par des facteurs du march\u00e9, tels que la popularit\u00e9 du mot-cl\u00e9 choisi, la fr\u00e9quence \u00e0 laquelle il a \u00e9t\u00e9 cliqu\u00e9 historiquement et le nombre de clics \u00e9valu\u00e9s dans le pass\u00e9. Cela signifie que les termes de recherche Google plus populaires co\u00fbteront plus cher. L\u2019essentiel est de trouver le plus de valeur tout en maximisant les clics des personnes qui sont votre march\u00e9 cible.<\/p>\r\nSi vous offrez un produit ou un service plus populaire, pour lequel il existe plusieurs centaines ou plusieurs milliers de recherches quotidiennes, la recherche et l\u2019analyse de votre entreprise et de sa position dans votre \u00e9conomie g\u00e9ographique, nous permettrons d\u2019identifier les perles rares de mots-cl\u00e9s qui sont plus sp\u00e9cifiques \u00e0 ce que vous faites exactement. Cela permettra \u00e0 ceux qui effectuent une recherche de vous trouver facilement, tout en vous donnant un bon rapport qualit\u00e9-prix en ce qui concerne le prix pay\u00e9 pour votre campagne PPC.[\/vc_column_text][\/vc_column][\/vc_row][vc_row css=\u00a0\u00bb.vc_custom_1629985597575{margin-top: 40px !important;}\u00a0\u00bb][vc_column][vc_column_text]\r\n<h2 style=\"text-align: center;\">Avantages du r\u00e9f\u00e9rencement payant<\/h2>\r\n<p style=\"text-align: center;\">L\u2019ex\u00e9cution d\u2019une campagne PPC autonome, ou int\u00e9gr\u00e9e dans le cadre d\u2019une strat\u00e9gie de marketing de recherche plus large, peut offrir de nombreux avantages \u00e0 votre entreprise.<\/p>\r\n[\/vc_column_text][vc_row_inner css=\u00a0\u00bb.vc_custom_1629985816550{margin-top: 60px !important;}\u00a0\u00bb][vc_column_inner width=\u00a0\u00bb1\/12&Prime;][\/vc_column_inner][vc_column_inner width=\u00a0\u00bb5\/12&Prime;][vc_single_image image=\u00a0\u00bb8647&Prime; alignment=\u00a0\u00bbcenter\u00a0\u00bb][vc_column_text css=\u00a0\u00bb.vc_custom_1664475272308{margin-top: 40px !important;}\u00a0\u00bb]\r\n<h3 style=\"text-align: center;\">Vitesse<\/h3>\r\n<p style=\"text-align: center;\">Les campagnes publicitaires PPC peuvent \u00eatre lanc\u00e9es rapidement. Contrairement au r\u00e9f\u00e9rencement organique, qui peut prendre du temps \u00e0 prendre effet, le PPC peut apporter des prospects qualifi\u00e9s sur votre site en quelques jours.<\/p>\r\n[\/vc_column_text][\/vc_column_inner][vc_column_inner width=\u00a0\u00bb5\/12&Prime;][vc_single_image image=\u00a0\u00bb8641&Prime; alignment=\u00a0\u00bbcenter\u00a0\u00bb][vc_column_text css=\u00a0\u00bb.vc_custom_1634933593509{margin-top: 40px !important;}\u00a0\u00bb]\r\n<h3 style=\"text-align: center;\">Trafic cibl\u00e9 de qualit\u00e9<\/h3>\r\n<p style=\"text-align: center;\">Ex\u00e9cutez plusieurs campagnes, r\u00e9digez des annonces pour des mots-cl\u00e9s sp\u00e9cifiques et des groupes d\u00e9mographiques cibles. Ces annonces sont diffus\u00e9es selon un horaire qui co\u00efncide avec les p\u00e9riodes de vente et les r\u00e9gions g\u00e9ographiques id\u00e9ales, ce qui peut augmenter la qualit\u00e9 globale du trafic vers votre site.<\/p>\r\n[\/vc_column_text][\/vc_column_inner][vc_column_inner width=\u00a0\u00bb1\/12&Prime;][\/vc_column_inner][\/vc_row_inner][vc_row_inner css=\u00a0\u00bb.vc_custom_1629985816550{margin-top: 60px !important;}\u00a0\u00bb][vc_column_inner width=\u00a0\u00bb1\/12&Prime;][\/vc_column_inner][vc_column_inner width=\u00a0\u00bb5\/12&Prime;][vc_single_image image=\u00a0\u00bb8643&Prime; alignment=\u00a0\u00bbcenter\u00a0\u00bb][vc_column_text css=\u00a0\u00bb.vc_custom_1634933616492{margin-top: 40px !important;}\u00a0\u00bb]\r\n<h3 style=\"text-align: center;\">Tests<\/h3>\r\n<p style=\"text-align: center;\">Le PPC offre un excellent moyen de tester les mots-cl\u00e9s et leur efficacit\u00e9 pour vos besoins sp\u00e9cifiques. Ceci est \u00e9galement utile pour d\u00e9cider quels mots-cl\u00e9s utiliser pour la strat\u00e9gie de r\u00e9f\u00e9rencement. Le PPC vous permet \u00e9galement d\u2019effectuer des tests A\/B en utilisant deux annonces diff\u00e9rentes avec deux pages de destination diff\u00e9rentes, afin de d\u00e9terminer quels mots-cl\u00e9s convertissent \u00e0 un taux plus \u00e9lev\u00e9.<\/p>\r\n[\/vc_column_text][\/vc_column_inner][vc_column_inner width=\u00a0\u00bb5\/12&Prime;][vc_single_image image=\u00a0\u00bb8645&Prime; alignment=\u00a0\u00bbcenter\u00a0\u00bb][vc_column_text css=\u00a0\u00bb.vc_custom_1664476448870{margin-top: 40px !important;}\u00a0\u00bb]\r\n<h3 style=\"text-align: center;\">Maximisation du ROI marketing<\/h3>\r\n<p style=\"text-align: center;\">Vous ne payez pour le PPC que lorsque quelqu\u2019un clique sur l\u2019une de vos annonces. Pour cette raison, il est facile de g\u00e9rer vos d\u00e9penses, de suivre les conversions de votre campagne et de d\u00e9terminer le retour sur investissement (ROI). En tant que tel, vous pouvez suivre vos r\u00e9sultats PPC et votre ratio de co\u00fbt par conversion, ainsi que son retour sur investissement.<\/p>\r\n[\/vc_column_text][\/vc_column_inner][vc_column_inner width=\u00a0\u00bb1\/12&Prime;][\/vc_column_inner][\/vc_row_inner][\/vc_column][\/vc_row][vc_row full_width=\u00a0\u00bbstretch_row\u00a0\u00bb content_placement=\u00a0\u00bbmiddle\u00a0\u00bb css=\u00a0\u00bb.vc_custom_1634911508317{margin-top: 0px !important;margin-bottom: 0px !important;padding-top: 30px !important;background-image: url(http:\/\/wsisme.com\/wp-content\/uploads\/2021\/10\/Learn-More-Panel.jpg?id=8648) !important;background-position: center !important;background-repeat: no-repeat !important;background-size: cover !important;}\u00a0\u00bb el_class=\u00a0\u00bblist-sty h530&Prime; wpex_bg_position=\u00a0\u00bbcenter center\u00a0\u00bb][vc_column width=\u00a0\u00bb2\/3&Prime;][vc_column_text el_class=\u00a0\u00bbwhite\u00a0\u00bb]\r\n<h3 class=\"white\">Apprenez-en plus sur nos services de r\u00e9f\u00e9rencement payant ainsi que sur nos services de <a class=\"hovercolorfree\" style=\"color: #ffffff; text-decoration: none;\" href=\"https:\/\/wsisme.com\/fr\/services-de-marketing-numerique\/referencement-naturel-seo\/\"><strong>r\u00e9f\u00e9rencement naturel SEO<\/strong><\/a> et de <a class=\"hovercolorfree\" style=\"color: #ffffff; text-decoration: none;\" href=\"https:\/\/wsisme.com\/fr\/services-de-marketing-numerique\/referencement-local\/\"><strong>r\u00e9ferencement local<\/strong><\/a>, contactez l\u2019un de nos experts en r\u00e9f\u00e9rencement payant d\u00e8s aujourd\u2019hui.<\/h3>\r\n[\/vc_column_text][vc_single_image image=\u00a0\u00bb8656&Prime; onclick=\u00a0\u00bbcustom_link\u00a0\u00bb css=\u00a0\u00bb.vc_custom_1634933957086{margin-top: 40px !important;}\u00a0\u00bb link=\u00a0\u00bbtel:5149639339&Prime;][\/vc_column][vc_column width=\u00a0\u00bb1\/3&Prime;][\/vc_column][\/vc_row][vc_row full_width=\u00a0\u00bbstretch_row_content\u00a0\u00bb css=\u00a0\u00bb.vc_custom_1634922426493{margin-top: 120px !important;}\u00a0\u00bb][vc_column css=\u00a0\u00bb.vc_custom_1574967204025{margin-bottom: 0px !important;}\u00a0\u00bb el_class=\u00a0\u00bbnomob\u00a0\u00bb][vc_raw_html]JTNDZGl2JTIwY2xhc3MlM0QlMjJzbGFudGVkLWVsZW1lbnQlMjBsYXllcjMlMjIlM0UlMEElMjAlMjAlMjAlMjAlM0NzdmclMjB2ZXJzaW9uJTNEJTIyMS4yJTIyJTIwcHJlc2VydmVBc3BlY3RSYXRpbyUzRCUyMm5vbmUlMjIlMjB2aWV3Qm94JTNEJTIyMCUyMDAlMjA1NiUyMDU2JTIyJTNFJTBBJTIwJTIwJTIwJTIwJTIwJTIwJTNDcG9seWdvbiUyMGNsYXNzJTNEJTIyZmlsbC1jb2xvcjQlMjIlMjBwb2ludHMlM0QlMjIwJTJDNTYlMjA1NiUyQzAlMjA1NiUyQzU2JTIyJTNFJTNDJTJGcG9seWdvbiUzRSUwQSUyMCUyMCUyMCUyMCUzQyUyRnN2ZyUzRSUwQSUyMCUyMCUzQyUyRmRpdiUzRQ==[\/vc_raw_html][\/vc_column][\/vc_row][vc_row full_width=\u00a0\u00bbstretch_row\u00a0\u00bb css=\u00a0\u00bb.vc_custom_1574889163340{margin-top: -1px !important;padding-bottom: 50px !important;background-color: #f2f2f2 !important;}\u00a0\u00bb][vc_column][vc_single_image image=\u00a0\u00bb7787&Prime; el_class=\u00a0\u00bbquoteup posrelative\u00a0\u00bb]<h2 class=\"vcex-module vcex-heading vcex-heading-plain portfolio w640\" style=\"text-align:center;\"><span class=\"vcex-heading-inner clr\">Chris et son \u00e9quipe ont r\u00e9pondu \u00e0 tous nos besoins avec un grand professionnalisme, nous guidant tout au long du processus pour maximiser la performance du site Web.<\/span><\/h2>[vc_column_text css=\u00a0\u00bb.vc_custom_1634933844436{margin-top: 40px !important;}\u00a0\u00bb]\r\n<p style=\"text-align: center;\">Nous (Viable Power Conversion Technologies) avons confi\u00e9 \u00e0 WSI Montr\u00e9al la t\u00e2che de mettre \u00e0 jour le site Web de notre entreprise. Nous recherchions une apparence et une convivialit\u00e9 plus professionnelles et \u00e0 augmenter le nombre de demandes de renseignements pour nos capacit\u00e9s de conception d\u2019alimentation personnalis\u00e9e. Chris et son \u00e9quipe ont r\u00e9pondu \u00e0 tous nos besoins avec un grand professionnalisme, nous guidant tout au long du processus pour maximiser la performance du site Web. De la recherche de mots-cl\u00e9s et conception graphique \u00e0 la s\u00e9lection d\u2019images et cr\u00e9ation de contenu, l\u2019expertise de WSI a men\u00e9 \u00e0 un site Web tr\u00e8s professionnel. Le site Web occupe un rang \u00e9lev\u00e9 pour nos mots-cl\u00e9s choisis (plusieurs au 1er rang), ce qui a entra\u00een\u00e9 une augmentation significative des demandes de renseignements commerciaux. Le travail en cours avec WSI concernant le r\u00e9f\u00e9rencement vise \u00e0 nous maintenir dans un classement \u00e9lev\u00e9. Je vous recommande fortement WSI Montr\u00e9al.<\/p>\r\n<p style=\"text-align: center;\"><strong>Simone Harte &#8211; Viable Power Conversion Technologies<\/strong><\/p>\r\n[\/vc_column_text][vc_separator color=\u00a0\u00bbcustom\u00a0\u00bb border_width=\u00a0\u00bb4&Prime; el_width=\u00a0\u00bb10&Prime; accent_color=\u00a0\u00bb#65a5be\u00a0\u00bb css=\u00a0\u00bb.vc_custom_1574888908783{margin-top: 40px !important;}\u00a0\u00bb][\/vc_column][\/vc_row][vc_row][vc_column][vc_column_text]\r\n<div class=\"wsi-module shoutbox-cta bg-color4\">\r\n<div class=\"split-bg bg-color5\"><\/div>\r\n<div class=\"wsi-site-wrapper h-padding\">\r\n<div class=\"wsi-content-wrapper\">\r\n<div class=\"sbcta-wrapper col12 tab8 mob4 halign-center shadow border-radius flex flex-wrap flex-center space-between bg-color5\">\r\n<div class=\"sbcta-text col8 tab5 mob4\">\r\n<h3 class=\"title-3\">Vous avez une vision. Nous vous aidons \u00e0 la concr\u00e9tiser.<\/h3>\r\n<\/div>\r\n<div class=\"sbcta-button col4 tab3 mob4 text-right\">\r\n\r\n<span id=\"hs-cta-wrapper-5232abdf-93a8-4de9-b6db-e65a0340d753\" class=\"hs-cta-wrapper\"><span id=\"hs-cta-5232abdf-93a8-4de9-b6db-e65a0340d753\" class=\"hs-cta-node hs-cta-5232abdf-93a8-4de9-b6db-e65a0340d753\" style=\"visibility: visible;\" data-hs-drop=\"true\"><a id=\"cta_button_434177_b29aaa79-2f7e-4cdf-b541-a125c172c0d0\" class=\"cta_button solid-green large-button\" title=\"COMMEN\u00c7ONS\" href=\"http:\/\/wsisme.com\/fr\/parlez-nous\/\">COMMEN\u00c7ONS<\/a><\/span><\/span>\r\n\r\n<\/div>\r\n<\/div>\r\n<\/div>\r\n<\/div>\r\n<\/div>\r\n[\/vc_column_text][\/vc_column][\/vc_row]<\/div>","protected":false},"excerpt":{"rendered":"[vc_row css=\u00a0\u00bb.vc_custom_1610546751228{margin-bottom: 0px !important;}\u00a0\u00bb visibility=\u00a0\u00bbvisible-desktop\u00a0\u00bb][vc_column width=\u00a0\u00bb1\/2&Prime; css=\u00a0\u00bb.vc_custom_1560800064203{margin-bottom: 0px !important;}\u00a0\u00bb][vc_column_text] R\u00e9f\u00e9rencement payant G\u00e9n\u00e9rer plus de prospects et de ventes qualifi\u00e9s sur votre site Web avec le PPC La publicit\u00e9 PPC (Pay-per-Click) est une tactique de marketing dans laquelle votre annonce sera&hellip;","protected":false},"author":2,"featured_media":0,"parent":8046,"menu_order":14,"comment_status":"closed","ping_status":"closed","template":"","meta":{"_acf_changed":false,"footnotes":""},"class_list":["post-8654","page","type-page","status-publish","hentry","entry","no-media"],"acf":[],"_links":{"self":[{"href":"https:\/\/wsisme.com\/fr\/wp-json\/wp\/v2\/pages\/8654","targetHints":{"allow":["GET"]}}],"collection":[{"href":"https:\/\/wsisme.com\/fr\/wp-json\/wp\/v2\/pages"}],"about":[{"href":"https:\/\/wsisme.com\/fr\/wp-json\/wp\/v2\/types\/page"}],"author":[{"embeddable":true,"href":"https:\/\/wsisme.com\/fr\/wp-json\/wp\/v2\/users\/2"}],"replies":[{"embeddable":true,"href":"https:\/\/wsisme.com\/fr\/wp-json\/wp\/v2\/comments?post=8654"}],"version-history":[{"count":10,"href":"https:\/\/wsisme.com\/fr\/wp-json\/wp\/v2\/pages\/8654\/revisions"}],"predecessor-version":[{"id":9446,"href":"https:\/\/wsisme.com\/fr\/wp-json\/wp\/v2\/pages\/8654\/revisions\/9446"}],"up":[{"embeddable":true,"href":"https:\/\/wsisme.com\/fr\/wp-json\/wp\/v2\/pages\/8046"}],"wp:attachment":[{"href":"https:\/\/wsisme.com\/fr\/wp-json\/wp\/v2\/media?parent=8654"}],"curies":[{"name":"wp","href":"https:\/\/api.w.org\/{rel}","templated":true}]}}