{"id":8734,"date":"2021-11-12T20:36:58","date_gmt":"2021-11-12T20:36:58","guid":{"rendered":"http:\/\/wsisme.com\/?page_id=8734"},"modified":"2023-11-07T19:08:38","modified_gmt":"2023-11-07T19:08:38","slug":"carrieres-merci","status":"publish","type":"page","link":"https:\/\/wsisme.com\/fr\/nous-joindre\/carrieres-merci\/","title":{"rendered":"Carri\u00e8res &#8211; Merci"},"content":{"rendered":"<div class=\"wpb-content-wrapper\">[vc_row][vc_column]<h1 class=\"vcex-module vcex-heading vcex-heading-plain\" style=\"text-align:left;\"><span class=\"vcex-heading-inner clr\">Nous avons bien re\u00e7u votre curriculum vitae.<\/span><\/h1>[vc_column_text css=\u00a0\u00bb.vc_custom_1637187100242{margin-top: 40px !important;margin-bottom: 40px !important;}\u00a0\u00bb]Nous vous remercions de l&rsquo;int\u00e9r\u00eat que vous portez \u00e0 WSI Montr\u00e9al en soumettant votre CV. Veuillez noter que nous ne communiquerons qu&rsquo;avec les candidats consid\u00e9r\u00e9s pour l&rsquo;\u00e9tape de l&rsquo;entrevue t\u00e9l\u00e9phonique.\r\n\r\nRestez en contact avec nous en nous suivant sur <a href=\"https:\/\/www.linkedin.com\/company\/wsi---we-simplify-the-internet-in-montreal\/\" target=\"_blank\" rel=\"noopener\">LinkedIn<\/a> ou en vous abonnant \u00e0 notre <a href=\"http:\/\/wsisme.com\/fr\/inscrivez-vous-maintenant\/\">infolettre<\/a>.[\/vc_column_text][\/vc_column][\/vc_row]<\/div>","protected":false},"excerpt":{"rendered":"[vc_row][vc_column][vc_column_text css=\u00a0\u00bb.vc_custom_1637187100242{margin-top: 40px !important;margin-bottom: 40px !important;}\u00a0\u00bb]Nous vous remercions de l&rsquo;int\u00e9r\u00eat que vous portez \u00e0 WSI Montr\u00e9al en soumettant votre CV. Veuillez noter que nous ne communiquerons qu&rsquo;avec les candidats consid\u00e9r\u00e9s pour l&rsquo;\u00e9tape de l&rsquo;entrevue t\u00e9l\u00e9phonique. Restez en contact avec nous&hellip;","protected":false},"author":2,"featured_media":0,"parent":7628,"menu_order":0,"comment_status":"closed","ping_status":"closed","template":"","meta":{"_acf_changed":false,"footnotes":""},"class_list":["post-8734","page","type-page","status-publish","hentry","entry","no-media"],"acf":[],"_links":{"self":[{"href":"https:\/\/wsisme.com\/fr\/wp-json\/wp\/v2\/pages\/8734","targetHints":{"allow":["GET"]}}],"collection":[{"href":"https:\/\/wsisme.com\/fr\/wp-json\/wp\/v2\/pages"}],"about":[{"href":"https:\/\/wsisme.com\/fr\/wp-json\/wp\/v2\/types\/page"}],"author":[{"embeddable":true,"href":"https:\/\/wsisme.com\/fr\/wp-json\/wp\/v2\/users\/2"}],"replies":[{"embeddable":true,"href":"https:\/\/wsisme.com\/fr\/wp-json\/wp\/v2\/comments?post=8734"}],"version-history":[{"count":1,"href":"https:\/\/wsisme.com\/fr\/wp-json\/wp\/v2\/pages\/8734\/revisions"}],"predecessor-version":[{"id":10529,"href":"https:\/\/wsisme.com\/fr\/wp-json\/wp\/v2\/pages\/8734\/revisions\/10529"}],"up":[{"embeddable":true,"href":"https:\/\/wsisme.com\/fr\/wp-json\/wp\/v2\/pages\/7628"}],"wp:attachment":[{"href":"https:\/\/wsisme.com\/fr\/wp-json\/wp\/v2\/media?parent=8734"}],"curies":[{"name":"wp","href":"https:\/\/api.w.org\/{rel}","templated":true}]}}