{"id":8749,"date":"2021-11-15T20:36:52","date_gmt":"2021-11-15T20:36:52","guid":{"rendered":"http:\/\/wsisme.com\/realisations\/exceleris\/"},"modified":"2026-03-26T15:12:16","modified_gmt":"2026-03-26T15:12:16","slug":"exceleris","status":"publish","type":"page","link":"https:\/\/wsisme.com\/fr\/realisations\/exceleris\/","title":{"rendered":"Exceleris"},"content":{"rendered":"<div class=\"wpb-content-wrapper\">[vc_row full_width=\u00a0\u00bbstretch_row\u00a0\u00bb css=\u00a0\u00bb.vc_custom_1574887905100{padding-top: 50px !important;padding-bottom: 100px !important;}\u00a0\u00bb][vc_column width=\u00a0\u00bb1\/2&Prime; css=\u00a0\u00bb.vc_custom_1574891451760{padding-right: 30px !important;}\u00a0\u00bb]<h1 class=\"vcex-module vcex-heading vcex-heading-plain portfolio\" style=\"font-size:35px;text-align:left;\"><span class=\"vcex-heading-inner clr\">Exceleris | Portefolio de WSI Montr\u00e9al<\/span><\/h1>[vc_column_text css=\u00a0\u00bb.vc_custom_1774372777322{margin-top: 40px !important;}\u00a0\u00bb el_class=\u00a0\u00bbmore\u00a0\u00bb]Depuis 2004, Exceleris se forge une r\u00e9putation de cabinet de recrutement en comptabilit\u00e9 de premier plan, aidant les meilleures entreprises de Montr\u00e9al \u00e0 pourvoir leurs postes en finances, en comptabilit\u00e9 et en fiscalit\u00e9.\r\n\r\nWSI travaille avec Exceleris depuis de nombreuses ann\u00e9es, alors quand il \u00e9tait temps de mettre \u00e0 jour leur site Web, c\u2019est \u00e0 notre \u00e9quipe de design hautement qualifi\u00e9e qu\u2019ils ont confi\u00e9 d\u2019actualiser leur site Web.\r\n\r\nPour faire passer leur marketing au niveau sup\u00e9rieur, nous avons int\u00e9gr\u00e9 la gestion des m\u00e9dias sociaux et le marketing des moteurs de recherche et du contenu \u00e0 la formule. Nos efforts contribuent \u00e0 g\u00e9n\u00e9rer des prospects sans cesse croissants.[\/vc_column_text][vc_column_text css=\u00a0\u00bb.vc_custom_1637011775706{margin-top: 40px !important;}\u00a0\u00bb]<a class=\"ic2-link wsi-button border-green medium-button\" href=\"https:\/\/exceleris.com\/\" target=\"_blank\" rel=\"noopener noreferrer\">VOIR SITE<\/a>[\/vc_column_text][\/vc_column][vc_column width=\u00a0\u00bb1\/2&Prime; css=\u00a0\u00bb.vc_custom_1574889544288{padding-left: 20px !important;}\u00a0\u00bb][vc_column_text]<strong class=\"green\">Notre travail pour Exceleris comprend plusieurs strat\u00e9gies cl\u00e9s de marketing num\u00e9rique :<\/strong>\r\n<ul class=\"portfolio\">\r\n \t<li><i class=\"fas fa-long-arrow-alt-right\"><\/i>Conception de site Web<\/li>\r\n \t<li><i class=\"fas fa-long-arrow-alt-right\"><\/i>Gestion des m\u00e9dias sociaux<\/li>\r\n \t<li><i class=\"fas fa-long-arrow-alt-right\"><\/i>R\u00e9f\u00e9rencement naturel (SEO)<\/li>\r\n \t<li><i class=\"fas fa-long-arrow-alt-right\"><\/i>Marketing de contenu<\/li>\r\n<\/ul>\r\n[\/vc_column_text][\/vc_column][\/vc_row][vc_row full_width=\u00a0\u00bbstretch_row_content\u00a0\u00bb][vc_column css=\u00a0\u00bb.vc_custom_1574967200882{margin-bottom: 0px !important;}\u00a0\u00bb el_class=\u00a0\u00bbnomob\u00a0\u00bb][vc_raw_html]JTNDZGl2JTIwY2xhc3MlM0QlMjJzbGFudGVkLWVsZW1lbnQlMjBsYXllcjMlMjIlM0UlMEElMjAlMjAlMjAlMjAlM0NzdmclMjB2ZXJzaW9uJTNEJTIyMS4yJTIyJTIwcHJlc2VydmVBc3BlY3RSYXRpbyUzRCUyMm5vbmUlMjIlMjB2aWV3Qm94JTNEJTIyMCUyMDAlMjA1NiUyMDU2JTIyJTNFJTBBJTIwJTIwJTIwJTIwJTIwJTIwJTNDcG9seWdvbiUyMGNsYXNzJTNEJTIyZmlsbC1jb2xvcjQlMjIlMjBwb2ludHMlM0QlMjIwJTJDNTYlMjA1NiUyQzAlMjA1NiUyQzU2JTIyJTNFJTNDJTJGcG9seWdvbiUzRSUwQSUyMCUyMCUyMCUyMCUzQyUyRnN2ZyUzRSUwQSUyMCUyMCUzQyUyRmRpdiUzRQ==[\/vc_raw_html][\/vc_column][\/vc_row][vc_row full_width=\u00a0\u00bbstretch_row\u00a0\u00bb css=\u00a0\u00bb.vc_custom_1574888035316{margin-top: -1px !important;background-color: #f2f2f2 !important;}\u00a0\u00bb][vc_column css=\u00a0\u00bb.vc_custom_1574888689097{padding-top: 50px !important;padding-bottom: 50px !important;}\u00a0\u00bb]<h2 class=\"vcex-module vcex-heading vcex-heading-plain portfolio w640\" style=\"text-align:center;\"><span class=\"vcex-heading-inner clr\">En plus de notre travail en cours, nous avons r\u00e9cemment lanc\u00e9 un site Web enti\u00e8rement remodel\u00e9<\/span><\/h2>[vc_single_image image=\u00a0\u00bb8744&Prime; alignment=\u00a0\u00bbcenter\u00a0\u00bb css=\u00a0\u00bb.vc_custom_1637009197236{padding-top: 50px !important;padding-bottom: 50px !important;}\u00a0\u00bb][\/vc_column][\/vc_row][vc_row][vc_column css=\u00a0\u00bb.vc_custom_1574888697912{padding-top: 50px !important;padding-bottom: 50px !important;}\u00a0\u00bb]<h2 class=\"vcex-module vcex-heading vcex-heading-plain portfolio\" style=\"text-align:center;\"><span class=\"vcex-heading-inner clr\">Marketing des m\u00e9dias sociaux<\/span><\/h2>[vc_single_image image=\u00a0\u00bb8742&Prime; css=\u00a0\u00bb.vc_custom_1637009206972{padding-top: 50px !important;}\u00a0\u00bb][\/vc_column][\/vc_row][vc_row full_width=\u00a0\u00bbstretch_row\u00a0\u00bb css=\u00a0\u00bb.vc_custom_1774537931138{margin-top: -1px !important;padding-top: 40px !important;padding-bottom: 50px !important;background-color: #f2f2f2 !important;}\u00a0\u00bb][vc_column][vc_single_image image=\u00a0\u00bb7787&Prime; el_class=\u00a0\u00bbquoteup posrelative\u00a0\u00bb]<h2 class=\"vcex-module vcex-heading vcex-heading-plain portfolio w640\" style=\"text-align:center;\"><span class=\"vcex-heading-inner clr\">Ils sont fantastiques et nous les recommandons fortement<\/span><\/h2>[vc_column_text css=\u00a0\u00bb.vc_custom_1637011845145{margin-top: 40px !important;}\u00a0\u00bb]\r\n<p style=\"text-align: center;\">Allons droit au but, l\u2019\u00e9quipe WSI est organis\u00e9e, proactive et flexible. Nous avons commenc\u00e9 nos projets de site Web et de m\u00e9dias sociaux avec WSI au d\u00e9but de 2021 et depuis, WSI fait partie de notre \u00e9quipe. Robyn, qui con\u00e7oit et dirige nos campagnes sur les r\u00e9seaux sociaux, a \u00e9t\u00e9 proactive, imaginative, rapide et toujours disponible. Les commentaires des clients et de notre r\u00e9seau g\u00e9n\u00e9ral ont \u00e9t\u00e9 excellents, et nous ressentons d\u00e9j\u00e0 l\u2019impact de cet effort. Ils sont fantastiques et nous les recommandons fortement.<\/p>\r\n<p style=\"text-align: center;\"><strong>Dejan Ristic &#8211; propri\u00e9taire, Exceleris<\/strong><\/p>\r\n[\/vc_column_text][vc_separator color=\u00a0\u00bbcustom\u00a0\u00bb border_width=\u00a0\u00bb4&Prime; el_width=\u00a0\u00bb10&Prime; css=\u00a0\u00bb.vc_custom_1574888908783{margin-top: 40px !important;}\u00a0\u00bb accent_color=\u00a0\u00bb#65a5be\u00a0\u00bb][\/vc_column][\/vc_row][vc_row][vc_column][vc_column_text]\r\n<div class=\"wsi-module shoutbox-cta bg-color4\">\r\n<div class=\"split-bg bg-color5\"><\/div>\r\n<div class=\"wsi-site-wrapper h-padding\">\r\n<div class=\"wsi-content-wrapper\">\r\n<div class=\"sbcta-wrapper col12 tab8 mob4 halign-center shadow border-radius flex flex-wrap flex-center space-between bg-color5\">\r\n<div class=\"sbcta-text col8 tab5 mob4\">\r\n<h3 class=\"title-3\">Vous avez une vision. Nous vous aidons \u00e0 la concr\u00e9tiser.<\/h3>\r\n<\/div>\r\n<div class=\"sbcta-button col4 tab3 mob4 text-right\">\r\n\r\n<span id=\"hs-cta-wrapper-5232abdf-93a8-4de9-b6db-e65a0340d753\" class=\"hs-cta-wrapper\"><span id=\"hs-cta-5232abdf-93a8-4de9-b6db-e65a0340d753\" class=\"hs-cta-node hs-cta-5232abdf-93a8-4de9-b6db-e65a0340d753\" style=\"visibility: visible;\" data-hs-drop=\"true\"><a id=\"cta_button_434177_b29aaa79-2f7e-4cdf-b541-a125c172c0d0\" class=\"cta_button solid-green large-button\" title=\"LET'S GET STARTED\" href=\"\/fr\/parlez-nous\/\">COMMEN\u00c7ONS<\/a><\/span><\/span>\r\n\r\n<\/div>\r\n<\/div>\r\n<\/div>\r\n<\/div>\r\n<\/div>\r\n[\/vc_column_text][\/vc_column][\/vc_row]<\/div>","protected":false},"excerpt":{"rendered":"[vc_row full_width=\u00a0\u00bbstretch_row\u00a0\u00bb css=\u00a0\u00bb.vc_custom_1574887905100{padding-top: 50px !important;padding-bottom: 100px !important;}\u00a0\u00bb][vc_column width=\u00a0\u00bb1\/2&Prime; css=\u00a0\u00bb.vc_custom_1574891451760{padding-right: 30px !important;}\u00a0\u00bb][vc_column_text css=\u00a0\u00bb.vc_custom_1774372777322{margin-top: 40px !important;}\u00a0\u00bb el_class=\u00a0\u00bbmore\u00a0\u00bb]Depuis 2004, Exceleris se forge une r\u00e9putation de cabinet de recrutement en comptabilit\u00e9 de premier plan, aidant les meilleures entreprises de Montr\u00e9al \u00e0 pourvoir leurs postes&hellip;","protected":false},"author":2,"featured_media":0,"parent":8026,"menu_order":0,"comment_status":"closed","ping_status":"closed","template":"","meta":{"_acf_changed":false,"footnotes":""},"class_list":["post-8749","page","type-page","status-publish","hentry","entry","no-media"],"acf":[],"_links":{"self":[{"href":"https:\/\/wsisme.com\/fr\/wp-json\/wp\/v2\/pages\/8749","targetHints":{"allow":["GET"]}}],"collection":[{"href":"https:\/\/wsisme.com\/fr\/wp-json\/wp\/v2\/pages"}],"about":[{"href":"https:\/\/wsisme.com\/fr\/wp-json\/wp\/v2\/types\/page"}],"author":[{"embeddable":true,"href":"https:\/\/wsisme.com\/fr\/wp-json\/wp\/v2\/users\/2"}],"replies":[{"embeddable":true,"href":"https:\/\/wsisme.com\/fr\/wp-json\/wp\/v2\/comments?post=8749"}],"version-history":[{"count":6,"href":"https:\/\/wsisme.com\/fr\/wp-json\/wp\/v2\/pages\/8749\/revisions"}],"predecessor-version":[{"id":12948,"href":"https:\/\/wsisme.com\/fr\/wp-json\/wp\/v2\/pages\/8749\/revisions\/12948"}],"up":[{"embeddable":true,"href":"https:\/\/wsisme.com\/fr\/wp-json\/wp\/v2\/pages\/8026"}],"wp:attachment":[{"href":"https:\/\/wsisme.com\/fr\/wp-json\/wp\/v2\/media?parent=8749"}],"curies":[{"name":"wp","href":"https:\/\/api.w.org\/{rel}","templated":true}]}}