{"id":9005,"date":"2022-04-07T19:02:24","date_gmt":"2022-04-07T19:02:24","guid":{"rendered":"https:\/\/wsisme.com\/realisations\/the-st-georges-group\/"},"modified":"2026-03-26T15:07:52","modified_gmt":"2026-03-26T15:07:52","slug":"st-georges-group","status":"publish","type":"page","link":"https:\/\/wsisme.com\/fr\/realisations\/st-georges-group\/","title":{"rendered":"Le Groupe St-Georges"},"content":{"rendered":"<div class=\"wpb-content-wrapper\">[vc_row full_width=\u00a0\u00bbstretch_row\u00a0\u00bb css=\u00a0\u00bb.vc_custom_1649358680077{padding-top: 50px !important;}\u00a0\u00bb][vc_column width=\u00a0\u00bb1\/2&Prime; css=\u00a0\u00bb.vc_custom_1574891451760{padding-right: 30px !important;}\u00a0\u00bb]<h1 class=\"vcex-module vcex-heading vcex-heading-plain portfolio\" style=\"font-size:35px;text-align:left;\"><span class=\"vcex-heading-inner clr\">Le Groupe St-Georges | Portefolio de WSI Montr\u00e9al<\/span><\/h1>[vc_column_text css=\u00a0\u00bb.vc_custom_1650464655225{margin-top: 40px !important;}\u00a0\u00bb]Le Groupe St-Georges, <a href=\"https:\/\/thestgeorgesgroup.ca\/fr\/cabinet-gestion-de-patrimoine-assante\/\" target=\"_blank\" rel=\"noopener\">cabinet en gestion de patrimoine<\/a>, aide ses clients \u00e0 avoir l&rsquo;esprit tranquille et \u00e0 r\u00e9aliser leurs r\u00eaves. Qu&rsquo;il s&rsquo;agisse d&rsquo;une retraite sans souci, d&rsquo;\u00e9pargner pour l&rsquo;\u00e9ducation de leurs enfants, de r\u00e9aliser l&rsquo;ambition de toute une vie, de diriger une entreprise prosp\u00e8re ou de laisser un h\u00e9ritage \u00e0 des \u00eatres chers ou \u00e0 une cause qui leur tient \u00e0 c\u0153ur, ils peuvent les aider.\r\n\r\nCe groupe de confiance en <a href=\"https:\/\/thestgeorgesgroup.ca\/fr\/\" target=\"_blank\" rel=\"noopener\">gestion en patrimoine \u00e0 Montr\u00e9al<\/a> a fait appel \u00e0 notre \u00e9quipe dans le but de cr\u00e9er un site Web WordPress personnalis\u00e9, enti\u00e8rement r\u00e9actif et repr\u00e9sentatif de leur marque. Avec notre \u00e9quipe de cr\u00e9ateurs de contenu, nous les avons aid\u00e9s \u00e0 \u00e9laborer leur contenu pour transmettre leur message principal et d\u00e9tailler les services financiers qu&rsquo;ils offrent \u00e0 leur march\u00e9 cible.[\/vc_column_text][vc_column_text css=\u00a0\u00bb.vc_custom_1650464667615{margin-top: 40px !important;}\u00a0\u00bb]<a class=\"ic2-link wsi-button border-green medium-button\" href=\"https:\/\/thestgeorgesgroup.ca\/fr\/\" target=\"_blank\" rel=\"noopener noreferrer\">VOIR SITE<\/a>[\/vc_column_text][\/vc_column][vc_column width=\u00a0\u00bb1\/2&Prime; css=\u00a0\u00bb.vc_custom_1574889544288{padding-left: 20px !important;}\u00a0\u00bb][vc_column_text]<strong class=\"green\">Notre travail pour le Groupe St-Georges\r\ncomprend cinq strat\u00e9gies cl\u00e9s de marketing num\u00e9rique :<\/strong>\r\n<ul class=\"portfolio\">\r\n \t<li><i class=\"fas fa-long-arrow-alt-right\"><\/i>D\u00e9veloppement du site Web<\/li>\r\n \t<li><i class=\"fas fa-long-arrow-alt-right\"><\/i>R\u00e9daction de page web<\/li>\r\n \t<li><i class=\"fas fa-long-arrow-alt-right\"><\/i>R\u00e9f\u00e9rencement naturel (SEO)<\/li>\r\n \t<li><i class=\"fas fa-long-arrow-alt-right\"><\/i>Marketing de contenu<\/li>\r\n<\/ul>\r\n[\/vc_column_text][\/vc_column][\/vc_row][vc_row full_width=\u00a0\u00bbstretch_row\u00a0\u00bb][vc_column css=\u00a0\u00bb.vc_custom_1574888689097{padding-top: 50px !important;padding-bottom: 50px !important;}\u00a0\u00bb]<h2 class=\"vcex-module vcex-heading vcex-heading-plain portfolio w640\" style=\"text-align:center;\"><span class=\"vcex-heading-inner clr\">Conception de site web r\u00e9actif<\/span><\/h2>[vc_single_image image=\u00a0\u00bb9001&Prime; alignment=\u00a0\u00bbcenter\u00a0\u00bb css=\u00a0\u00bb.vc_custom_1649358594460{padding-top: 50px !important;padding-bottom: 50px !important;}\u00a0\u00bb][\/vc_column][\/vc_row][vc_row full_width=\u00a0\u00bbstretch_row\u00a0\u00bb css=\u00a0\u00bb.vc_custom_1774537665280{margin-top: -1px !important;padding-top: 40px !important;padding-bottom: 50px !important;background-color: #f2f2f2 !important;}\u00a0\u00bb][vc_column][vc_single_image image=\u00a0\u00bb7787&Prime; el_class=\u00a0\u00bbquoteup posrelative\u00a0\u00bb]<h2 class=\"vcex-module vcex-heading vcex-heading-plain portfolio w640\" style=\"text-align:center;\"><span class=\"vcex-heading-inner clr\">They took the time to get to know us, and evaluate our needs.<\/span><\/h2>[vc_column_text css=\u00a0\u00bb.vc_custom_1650899833431{margin-top: 40px !important;}\u00a0\u00bb]\r\n<p style=\"text-align: center;\">Par o\u00f9 commencer ? Je suis convaincu que j&rsquo;\u00e9tais la personne la plus difficile pour qui on ait jamais d\u00e9velopp\u00e9 un site Web, mais toute l&rsquo;\u00e9quipe de WSI m&rsquo;a accompagn\u00e9 de mani\u00e8re si comp\u00e9tente tout au long du processus, avec tant de compr\u00e9hension et de patience. Je suis tr\u00e8s satisfait du r\u00e9sultat final et j&rsquo;ai le sentiment d&rsquo;avoir beaucoup appris tout au long du processus. J&rsquo;ai maintenant un formidable site Web et un peu plus de connaissances + toutes sortes d&rsquo;autres choses int\u00e9ressantes qui se passent dans les coulisses et qui apportent de la valeur \u00e0 mon entreprise. 5 \u00e9toiles sur toute la ligne.<\/p>\r\n<p style=\"text-align: center;\"><strong>Darren St-Georges &#8211; Conseiller en gestion de patrimoine<\/strong><\/p>\r\n[\/vc_column_text][vc_separator color=\u00a0\u00bbcustom\u00a0\u00bb border_width=\u00a0\u00bb4&Prime; el_width=\u00a0\u00bb10&Prime; css=\u00a0\u00bb.vc_custom_1574888908783{margin-top: 40px !important;}\u00a0\u00bb accent_color=\u00a0\u00bb#65a5be\u00a0\u00bb][\/vc_column][\/vc_row][vc_row][vc_column][vc_column_text]\r\n<div class=\"wsi-module shoutbox-cta bg-color4\">\r\n<div class=\"split-bg bg-color5\"><\/div>\r\n<div class=\"wsi-site-wrapper h-padding\">\r\n<div class=\"wsi-content-wrapper\">\r\n<div class=\"sbcta-wrapper col12 tab8 mob4 halign-center shadow border-radius flex flex-wrap flex-center space-between bg-color5\">\r\n<div class=\"sbcta-text col8 tab5 mob4\">\r\n<h3 class=\"title-3\">Vous avez une vision. Nous vous aidons \u00e0 la concr\u00e9tiser.<\/h3>\r\n<\/div>\r\n<div class=\"sbcta-button col4 tab3 mob4 text-right\">\r\n\r\n<span id=\"hs-cta-wrapper-5232abdf-93a8-4de9-b6db-e65a0340d753\" class=\"hs-cta-wrapper\"><span id=\"hs-cta-5232abdf-93a8-4de9-b6db-e65a0340d753\" class=\"hs-cta-node hs-cta-5232abdf-93a8-4de9-b6db-e65a0340d753\" style=\"visibility: visible;\" data-hs-drop=\"true\"><a id=\"cta_button_434177_b29aaa79-2f7e-4cdf-b541-a125c172c0d0\" class=\"cta_button solid-green large-button\" title=\"LET'S GET STARTED\" href=\"\/fr\/parlez-nous\/\">COMMEN\u00c7ONS<\/a><\/span><\/span>\r\n\r\n<\/div>\r\n<\/div>\r\n<\/div>\r\n<\/div>\r\n<\/div>\r\n[\/vc_column_text][\/vc_column][\/vc_row]<\/div>","protected":false},"excerpt":{"rendered":"[vc_row full_width=\u00a0\u00bbstretch_row\u00a0\u00bb css=\u00a0\u00bb.vc_custom_1649358680077{padding-top: 50px !important;}\u00a0\u00bb][vc_column width=\u00a0\u00bb1\/2&Prime; css=\u00a0\u00bb.vc_custom_1574891451760{padding-right: 30px !important;}\u00a0\u00bb][vc_column_text css=\u00a0\u00bb.vc_custom_1650464655225{margin-top: 40px !important;}\u00a0\u00bb]Le Groupe St-Georges, cabinet en gestion de patrimoine, aide ses clients \u00e0 avoir l&rsquo;esprit tranquille et \u00e0 r\u00e9aliser leurs r\u00eaves. Qu&rsquo;il s&rsquo;agisse d&rsquo;une retraite sans souci, d&rsquo;\u00e9pargner pour l&rsquo;\u00e9ducation&hellip;","protected":false},"author":2,"featured_media":0,"parent":8026,"menu_order":0,"comment_status":"closed","ping_status":"closed","template":"templates\/no-sidebar.php","meta":{"_acf_changed":false,"footnotes":""},"class_list":["post-9005","page","type-page","status-publish","hentry","entry","no-media"],"acf":[],"_links":{"self":[{"href":"https:\/\/wsisme.com\/fr\/wp-json\/wp\/v2\/pages\/9005","targetHints":{"allow":["GET"]}}],"collection":[{"href":"https:\/\/wsisme.com\/fr\/wp-json\/wp\/v2\/pages"}],"about":[{"href":"https:\/\/wsisme.com\/fr\/wp-json\/wp\/v2\/types\/page"}],"author":[{"embeddable":true,"href":"https:\/\/wsisme.com\/fr\/wp-json\/wp\/v2\/users\/2"}],"replies":[{"embeddable":true,"href":"https:\/\/wsisme.com\/fr\/wp-json\/wp\/v2\/comments?post=9005"}],"version-history":[{"count":11,"href":"https:\/\/wsisme.com\/fr\/wp-json\/wp\/v2\/pages\/9005\/revisions"}],"predecessor-version":[{"id":12941,"href":"https:\/\/wsisme.com\/fr\/wp-json\/wp\/v2\/pages\/9005\/revisions\/12941"}],"up":[{"embeddable":true,"href":"https:\/\/wsisme.com\/fr\/wp-json\/wp\/v2\/pages\/8026"}],"wp:attachment":[{"href":"https:\/\/wsisme.com\/fr\/wp-json\/wp\/v2\/media?parent=9005"}],"curies":[{"name":"wp","href":"https:\/\/api.w.org\/{rel}","templated":true}]}}