{"id":9392,"date":"2022-09-21T17:51:35","date_gmt":"2022-09-21T17:51:35","guid":{"rendered":"https:\/\/wsisme.com\/digital-resources\/"},"modified":"2024-06-19T19:34:48","modified_gmt":"2024-06-19T19:34:48","slug":"ressources-numerique","status":"publish","type":"page","link":"https:\/\/wsisme.com\/fr\/ressources-numerique\/","title":{"rendered":"Ressources"},"content":{"rendered":"<div class=\"wpb-content-wrapper\">[vc_row full_width=\u00a0\u00bbstretch_row\u00a0\u00bb css=\u00a0\u00bb.vc_custom_1717680256451{margin-top: -40px !important;border-top-width: 40px !important;background-color: #f2f2f2 !important;}\u00a0\u00bb][vc_column]<h1 class=\"vcex-module vcex-heading vcex-heading-plain\" style=\"text-align:center;\"><span class=\"vcex-heading-inner clr\">Ressources de marketing num\u00e9rique<\/span><\/h1>[vc_column_text text_align=\u00a0\u00bbcenter\u00a0\u00bb]Des livres \u00e9lectroniques, des manuels, des mod\u00e8les et des ressources suppl\u00e9mentaires pour soutenir l&rsquo;expansion de votre entreprise.[\/vc_column_text][\/vc_column][\/vc_row][vc_row full_width=\u00a0\u00bbstretch_row\u00a0\u00bb el_id=\u00a0\u00bbcustom-doc-design\u00a0\u00bb visibility=\u00a0\u00bbvisible-desktop\u00a0\u00bb][vc_column width=\u00a0\u00bb1\/4&Prime; css=\u00a0\u00bb.vc_custom_1717592868759{margin-top: 40px !important;padding-top: 20px !important;padding-right: 20px !important;padding-bottom: 20px !important;padding-left: 20px !important;background-color: #ffffff !important;border-radius: 5px !important;}\u00a0\u00bb el_id=\u00a0\u00bbcustom-sidebar\u00a0\u00bb]<h4 class=\"vcex-module vcex-heading vcex-heading-plain vc_custom_1717677910478\" style=\"color:#024772;font-size:25px;font-weight:400;\"><span class=\"vcex-heading-inner clr\">Biblioth\u00e8que de ressources<\/span><\/h4><h5 class=\"vcex-module vcex-heading vcex-heading-plain vc_custom_1717677877316\" style=\"color:#016e31;font-size:17px;font-weight:600;\"><span class=\"vcex-heading-inner clr\">TOPICS<\/span><\/h5>[vc_raw_html]JTVCZmFjZXR3cCUyMGZhY2V0JTNEJTIyY2F0ZWdvcmllcyUyMiU1RA==[\/vc_raw_html]<h5 class=\"vcex-module vcex-heading vcex-heading-plain vc_custom_1717677891195\" style=\"color:#016e31;font-size:17px;font-weight:600;\"><span class=\"vcex-heading-inner clr\">TYPE DE CONTENU<\/span><\/h5>[vc_raw_html]JTVCZmFjZXR3cCUyMGZhY2V0JTNEJTIydGFncyUyMiU1RA==[\/vc_raw_html]<h5 class=\"vcex-module vcex-heading vcex-heading-plain vc_custom_1718213622942\" style=\"color:#016e31;font-size:17px;font-weight:600;\"><span class=\"vcex-heading-inner clr\">Liens externes<\/span><\/h5>[vc_column_text el_class=\u00a0\u00bbcustom-link-v2&Prime; font_size=\u00a0\u00bb15px\u00a0\u00bb]<a href=\"https:\/\/www.quebec.ca\/gouvernement\/ministeres-et-organismes\/institutions-democratique-acces-information-laicite\/acces-documents-protection-renseignements-personnels\/pl64-modernisation-de-la-protection-des-renseignements-personnels\" target=\"_blank\" rel=\"noopener\">La Loi 25<\/a>\r\n<a href=\"https:\/\/docs.google.com\/document\/d\/1kj-qTabBv9RPuVR4rHVep5MnHyM2yeIY8eMRzHrgQ5k\/edit?usp=sharing\" target=\"_blank\" rel=\"noopener\">Mod\u00e8le pour la politique de confidentialit\u00e9 sugg\u00e9r\u00e9 (FR\/EN)<\/a>\r\n<a href=\"https:\/\/www.cai.gouv.qc.ca\/entreprises\/\" target=\"_blank\" rel=\"noopener\">Commission d\u2019acc\u00e8s \u00e0 l\u2019information du Qu\u00e9bec<\/a>\r\n<a href=\"https:\/\/www.legisquebec.gouv.qc.ca\/fr\/document\/lc\/P-39.1\" target=\"_blank\" rel=\"noopener\">Loi sur la protection des renseignements personnels dans le secteur priv\u00e9 au Qu\u00e9bec<\/a>\r\n<a href=\"https:\/\/www.priv.gc.ca\/fr\/sujets-lies-a-la-protection-de-la-vie-privee\/lois-sur-la-protection-des-renseignements-personnels-au-canada\/la-loi-sur-la-protection-des-renseignements-personnels-et-les-documents-electroniques-lprpde\/\" target=\"_blank\" rel=\"noopener\">La Loi sur la protection des renseignements personnels et les documents \u00e9lectroniques au Canada (LPRPDE)<\/a>[\/vc_column_text][\/vc_column][vc_column width=\u00a0\u00bb3\/4&Prime; css=\u00a0\u00bb.vc_custom_1717593800839{margin-left: 20px !important;}\u00a0\u00bb][vc_raw_html]JTVCZmFjZXR3cCUyMHRlbXBsYXRlJTNEJTIyZGxwX2RvY3VtZW50cyUyMiU1RA==[\/vc_raw_html][\/vc_column][\/vc_row][vc_row full_width=\u00a0\u00bbstretch_row\u00a0\u00bb css=\u00a0\u00bb.vc_custom_1717678184411{margin-top: -40px !important;}\u00a0\u00bb visibility=\u00a0\u00bbhidden-desktop\u00a0\u00bb el_id=\u00a0\u00bbcustom-doc-design\u00a0\u00bb][vc_column width=\u00a0\u00bb1\/4&Prime; css=\u00a0\u00bb.vc_custom_1717592868759{margin-top: 40px !important;padding-top: 20px !important;padding-right: 20px !important;padding-bottom: 20px !important;padding-left: 20px !important;background-color: #ffffff !important;border-radius: 5px !important;}\u00a0\u00bb]<h4 class=\"vcex-module vcex-heading vcex-heading-plain vc_custom_1717677916072\" style=\"color:#024772;font-size:25px;font-weight:400;\"><span class=\"vcex-heading-inner clr\">Biblioth\u00e8que de ressources<\/span><\/h4><h5 class=\"vcex-module vcex-heading vcex-heading-plain vc_custom_1717435406195\" style=\"color:#016e31;font-size:17px;font-weight:600;\"><span class=\"vcex-heading-inner clr\">TOPICS<\/span><\/h5>[vc_raw_html]JTVCZmFjZXR3cCUyMGZhY2V0JTNEJTIyY2F0ZWdvcmllcyUyMiU1RA==[\/vc_raw_html]<h5 class=\"vcex-module vcex-heading vcex-heading-plain vc_custom_1717677902156\" style=\"color:#016e31;font-size:17px;font-weight:600;\"><span class=\"vcex-heading-inner clr\">TYPE DE CONTENU<\/span><\/h5>[vc_raw_html]JTVCZmFjZXR3cCUyMGZhY2V0JTNEJTIydGFncyUyMiU1RA==[\/vc_raw_html]<h5 class=\"vcex-module vcex-heading vcex-heading-plain vc_custom_1718213622942\" style=\"color:#016e31;font-size:17px;font-weight:600;\"><span class=\"vcex-heading-inner clr\">Liens externes<\/span><\/h5>[vc_column_text el_class=\u00a0\u00bbcustom-link-v2&Prime; font_size=\u00a0\u00bb15px\u00a0\u00bb]<a href=\"https:\/\/www.quebec.ca\/gouvernement\/ministeres-et-organismes\/institutions-democratique-acces-information-laicite\/acces-documents-protection-renseignements-personnels\/pl64-modernisation-de-la-protection-des-renseignements-personnels\" target=\"_blank\" rel=\"noopener\">La Loi 25<\/a>\r\n<a href=\"https:\/\/docs.google.com\/document\/d\/1kj-qTabBv9RPuVR4rHVep5MnHyM2yeIY8eMRzHrgQ5k\/edit?usp=sharing\" target=\"_blank\" rel=\"noopener\">Mod\u00e8le pour la politique de confidentialit\u00e9 sugg\u00e9r\u00e9 (FR\/EN)<\/a>\r\n<a href=\"https:\/\/www.cai.gouv.qc.ca\/entreprises\/\" target=\"_blank\" rel=\"noopener\">Commission d\u2019acc\u00e8s \u00e0 l\u2019information du Qu\u00e9bec<\/a>\r\n<a href=\"https:\/\/www.legisquebec.gouv.qc.ca\/fr\/document\/lc\/P-39.1\" target=\"_blank\" rel=\"noopener\">Loi sur la protection des renseignements personnels dans le secteur priv\u00e9 au Qu\u00e9bec<\/a>\r\n<a href=\"https:\/\/www.priv.gc.ca\/fr\/sujets-lies-a-la-protection-de-la-vie-privee\/lois-sur-la-protection-des-renseignements-personnels-au-canada\/la-loi-sur-la-protection-des-renseignements-personnels-et-les-documents-electroniques-lprpde\/\" target=\"_blank\" rel=\"noopener\">La Loi sur la protection des renseignements personnels et les documents \u00e9lectroniques au Canada (LPRPDE)<\/a>[\/vc_column_text][\/vc_column][vc_column width=\u00a0\u00bb3\/4&Prime;][vc_raw_html]JTVCZmFjZXR3cCUyMHRlbXBsYXRlJTNEJTIyZGxwX2RvY3VtZW50cyUyMiU1RA==[\/vc_raw_html][\/vc_column][\/vc_row]<\/div>","protected":false},"excerpt":{"rendered":"[vc_row full_width=\u00a0\u00bbstretch_row\u00a0\u00bb css=\u00a0\u00bb.vc_custom_1717680256451{margin-top: -40px !important;border-top-width: 40px !important;background-color: #f2f2f2 !important;}\u00a0\u00bb][vc_column][vc_column_text text_align=\u00a0\u00bbcenter\u00a0\u00bb]Des livres \u00e9lectroniques, des manuels, des mod\u00e8les et des ressources suppl\u00e9mentaires pour soutenir l&rsquo;expansion de votre entreprise.[\/vc_column_text][\/vc_column][\/vc_row][vc_row full_width=\u00a0\u00bbstretch_row\u00a0\u00bb el_id=\u00a0\u00bbcustom-doc-design\u00a0\u00bb visibility=\u00a0\u00bbvisible-desktop\u00a0\u00bb][vc_column width=\u00a0\u00bb1\/4&Prime; css=\u00a0\u00bb.vc_custom_1717592868759{margin-top: 40px !important;padding-top: 20px !important;padding-right: 20px !important;padding-bottom: 20px !important;padding-left: 20px&hellip;","protected":false},"author":2,"featured_media":0,"parent":0,"menu_order":99,"comment_status":"closed","ping_status":"closed","template":"","meta":{"_acf_changed":false,"footnotes":""},"class_list":["post-9392","page","type-page","status-publish","hentry","entry","no-media"],"acf":[],"_links":{"self":[{"href":"https:\/\/wsisme.com\/fr\/wp-json\/wp\/v2\/pages\/9392","targetHints":{"allow":["GET"]}}],"collection":[{"href":"https:\/\/wsisme.com\/fr\/wp-json\/wp\/v2\/pages"}],"about":[{"href":"https:\/\/wsisme.com\/fr\/wp-json\/wp\/v2\/types\/page"}],"author":[{"embeddable":true,"href":"https:\/\/wsisme.com\/fr\/wp-json\/wp\/v2\/users\/2"}],"replies":[{"embeddable":true,"href":"https:\/\/wsisme.com\/fr\/wp-json\/wp\/v2\/comments?post=9392"}],"version-history":[{"count":22,"href":"https:\/\/wsisme.com\/fr\/wp-json\/wp\/v2\/pages\/9392\/revisions"}],"predecessor-version":[{"id":11953,"href":"https:\/\/wsisme.com\/fr\/wp-json\/wp\/v2\/pages\/9392\/revisions\/11953"}],"wp:attachment":[{"href":"https:\/\/wsisme.com\/fr\/wp-json\/wp\/v2\/media?parent=9392"}],"curies":[{"name":"wp","href":"https:\/\/api.w.org\/{rel}","templated":true}]}}